{"id":68,"date":"2024-02-23T09:45:21","date_gmt":"2024-02-23T09:45:21","guid":{"rendered":"https:\/\/www.abf.se\/skelleftea\/?page_id=68"},"modified":"2025-02-26T10:51:05","modified_gmt":"2025-02-26T09:51:05","slug":"facklig-verksamhet","status":"publish","type":"page","link":"https:\/\/www.abf.se\/skelleftea\/verksamhet\/facklig-verksamhet\/","title":{"rendered":"Facklig verksamhet"},"content":{"rendered":"<div\n    class=\"acf-hero-block container-lg no-padding mb-12 js-geolocation\"\n    data-block=\"hero-block\"\n    data-index=\"0\"\n>\n    <div class=\"h-[548px]  relative rounded-[32px] overflow-hidden flex bg-gray-light\">\n        <div class=\"relative z-10 mt-auto h-auto w-full md:h-full\">\n            <div class=\"flex w-full h-full flex-col flex-wrap justify-end w-full md:w-7\/12 lg:w-1\/2 md:justify-center\">\n                <div class=\"flex flex-col gap-3 md:gap-[18px] md:transparent pt-16 pb-36 md:py-8 px-4 w-full md:max-w-[620px] mx-auto px-8\">\n\n                    <h1 class=\"hero-heading hero-heading--red-text\"><span>V\u00e5r fackliga verksamhet<\/span><\/h1>\n\n                                            <p class=\"mt-4 max-w-[48ch] text-white\">\n                            Mer information om v\u00e5r fackliga verksamhet\n                        <\/p>\n                    \n                                    <\/div>\n            <\/div>\n        <\/div>\n\n                    <picture class=\"as-background-image mix-blend-multiply bg-black\/40\"><img decoding=\"async\" src=\"https:\/\/www.abf.se\/skelleftea\/resized\/?url=https%3A%2F%2Fwww.abf.se%2Fwp-content%2Fuploads%2Fsites%2F43%2F2024%2F02%2Ffackligt.jpg&#038;fit=crop&#038;w=1440&#038;s=11ec516c150af3fa3c267e429bc09e01\" srcset=\"https:\/\/www.abf.se\/skelleftea\/resized\/?url=https%3A%2F%2Fwww.abf.se%2Fwp-content%2Fuploads%2Fsites%2F43%2F2024%2F02%2Ffackligt.jpg&#038;fit=crop&#038;w=375&#038;h=540&#038;s=48d822c37f996a62ed8993f5f4db4912 375w, https:\/\/www.abf.se\/skelleftea\/resized\/?url=https%3A%2F%2Fwww.abf.se%2Fwp-content%2Fuploads%2Fsites%2F43%2F2024%2F02%2Ffackligt.jpg&#038;fit=crop&#038;w=447&#038;h=540&#038;s=1eafae633087906b08472eeea14ea7d2 447w, https:\/\/www.abf.se\/skelleftea\/resized\/?url=https%3A%2F%2Fwww.abf.se%2Fwp-content%2Fuploads%2Fsites%2F43%2F2024%2F02%2Ffackligt.jpg&#038;fit=crop&#038;w=519&#038;h=540&#038;s=ab788ba9e7f82621138f66f95c4ebd3d 519w, https:\/\/www.abf.se\/skelleftea\/resized\/?url=https%3A%2F%2Fwww.abf.se%2Fwp-content%2Fuploads%2Fsites%2F43%2F2024%2F02%2Ffackligt.jpg&#038;fit=crop&#038;w=591&#038;h=540&#038;s=2c68eee6a8312978c6ac2189cb601186 591w, https:\/\/www.abf.se\/skelleftea\/resized\/?url=https%3A%2F%2Fwww.abf.se%2Fwp-content%2Fuploads%2Fsites%2F43%2F2024%2F02%2Ffackligt.jpg&#038;fit=crop&#038;w=663&#038;h=540&#038;s=cc394efa75d1b43023eafadbb9b865b3 663w, https:\/\/www.abf.se\/skelleftea\/resized\/?url=https%3A%2F%2Fwww.abf.se%2Fwp-content%2Fuploads%2Fsites%2F43%2F2024%2F02%2Ffackligt.jpg&#038;fit=crop&#038;w=750&#038;h=540&#038;s=f57cc3d78ba154d71449ca2675096ac3 750w, https:\/\/www.abf.se\/skelleftea\/resized\/?url=https%3A%2F%2Fwww.abf.se%2Fwp-content%2Fuploads%2Fsites%2F43%2F2024%2F02%2Ffackligt.jpg&#038;fit=crop&#038;w=894&#038;h=540&#038;s=5bfdf0eed3e08369d443dce7e45676a7 894w, https:\/\/www.abf.se\/skelleftea\/resized\/?url=https%3A%2F%2Fwww.abf.se%2Fwp-content%2Fuploads%2Fsites%2F43%2F2024%2F02%2Ffackligt.jpg&#038;fit=crop&#038;w=1038&#038;h=540&#038;s=e321cd237e74948b0967c64ff450006c 1038w, https:\/\/www.abf.se\/skelleftea\/resized\/?url=https%3A%2F%2Fwww.abf.se%2Fwp-content%2Fuploads%2Fsites%2F43%2F2024%2F02%2Ffackligt.jpg&#038;fit=crop&#038;w=1182&#038;h=540&#038;s=0a702930f0e262975dfbc85650c6a386 1182w, https:\/\/www.abf.se\/skelleftea\/resized\/?url=https%3A%2F%2Fwww.abf.se%2Fwp-content%2Fuploads%2Fsites%2F43%2F2024%2F02%2Ffackligt.jpg&#038;fit=crop&#038;w=1326&#038;h=540&#038;s=944640ac7c34e56108ee9a9355126963 1326w, https:\/\/www.abf.se\/skelleftea\/resized\/?url=https%3A%2F%2Fwww.abf.se%2Fwp-content%2Fuploads%2Fsites%2F43%2F2024%2F02%2Ffackligt.jpg&#038;fit=crop&#038;w=1440&#038;h=540&#038;s=f7da611216b98abaecd7727bd56666a1 1440w\" alt=\"\" height=\"540\" width=\"1440\" sizes=\"(max-width: 1440px) calc(100vw - 32px), 1440px\" loading=\"eager\" fetchpriority=\"high\" aria-hidden=\"true\" role=\"presentation\" \/><\/picture>\n        \n\n            <\/div>\n\n    <\/div>\n\n<div\n    class=\"acf-article-text-block article-container my-12\"\n    data-block=\"article-text-block\"\n>\n    <div class=\"wysiwyg\">\n        <p>ABF genomf\u00f6r tv\u00e4rfackliga utbildningar tillsammans med LO och anslutna Fackf\u00f6rbund. F\u00f6r fr\u00e5gor och anm\u00e4lan s\u00e5 kontakta i f\u00f6rsta hand Studieansvarig p\u00e5 din arbetsplats eller ditt Fackf\u00f6rbund men vi p\u00e5 ABF kan ocks\u00e5 svara p\u00e5 fr\u00e5gor om du har s\u00e5dana, eller h\u00e4nvisa dig till r\u00e4tt person p\u00e5 ditt Fackf\u00f6rbund.<\/p>\n<p><strong>Har du funderingar \u00e4r du v\u00e4lkommen att h\u00f6ra av dig till:<\/strong><br \/>\nMagnus Nilsson<br \/>\n<a href=\"mailto:magnus.nilsson@abf.se\">magnus.nilsson@abf.se<\/a><br \/>\n070-691 86 21<\/p>\n\n    <\/div>\n<\/div>\n","protected":false},"excerpt":{"rendered":"","protected":false},"author":41,"featured_media":0,"parent":51,"menu_order":0,"comment_status":"closed","ping_status":"closed","template":"","meta":{"_acf_changed":false,"footnotes":""},"class_list":["post-68","page","type-page","status-publish","hentry"],"acf":[],"yoast_head":"<!-- This site is optimized with the Yoast SEO plugin v27.0 - https:\/\/yoast.com\/product\/yoast-seo-wordpress\/ -->\n<title>Facklig verksamhet - Skellefte\u00e5<\/title>\n<meta name=\"robots\" content=\"index, follow, max-snippet:-1, max-image-preview:large, max-video-preview:-1\" \/>\n<link rel=\"canonical\" href=\"https:\/\/www.abf.se\/skelleftea\/verksamhet\/facklig-verksamhet\/\" \/>\n<meta property=\"og:locale\" content=\"sv_SE\" \/>\n<meta property=\"og:type\" content=\"article\" \/>\n<meta property=\"og:title\" content=\"Facklig verksamhet - Skellefte\u00e5\" \/>\n<meta property=\"og:url\" content=\"https:\/\/www.abf.se\/skelleftea\/verksamhet\/facklig-verksamhet\/\" \/>\n<meta property=\"og:site_name\" content=\"Skellefte\u00e5\" \/>\n<meta property=\"article:modified_time\" content=\"2025-02-26T09:51:05+00:00\" \/>\n<meta property=\"og:image\" content=\"https:\/\/www.abf.se\/wp-content\/uploads\/sites\/43\/2024\/04\/Nyckeln-liggande-scaled.jpg\" \/>\n\t<meta property=\"og:image:width\" content=\"2560\" \/>\n\t<meta property=\"og:image:height\" content=\"1440\" \/>\n\t<meta property=\"og:image:type\" content=\"image\/jpeg\" \/>\n<meta name=\"twitter:card\" content=\"summary_large_image\" \/>\n<script type=\"application\/ld+json\" class=\"yoast-schema-graph\">{\"@context\":\"https:\/\/schema.org\",\"@graph\":[{\"@type\":\"WebPage\",\"@id\":\"https:\/\/www.abf.se\/skelleftea\/verksamhet\/facklig-verksamhet\/\",\"url\":\"https:\/\/www.abf.se\/skelleftea\/verksamhet\/facklig-verksamhet\/\",\"name\":\"Facklig verksamhet - Skellefte\u00e5\",\"isPartOf\":{\"@id\":\"https:\/\/www.abf.se\/skelleftea\/#website\"},\"datePublished\":\"2024-02-23T09:45:21+00:00\",\"dateModified\":\"2025-02-26T09:51:05+00:00\",\"breadcrumb\":{\"@id\":\"https:\/\/www.abf.se\/skelleftea\/verksamhet\/facklig-verksamhet\/#breadcrumb\"},\"inLanguage\":\"sv-SE\",\"potentialAction\":[{\"@type\":\"ReadAction\",\"target\":[\"https:\/\/www.abf.se\/skelleftea\/verksamhet\/facklig-verksamhet\/\"]}]},{\"@type\":\"BreadcrumbList\",\"@id\":\"https:\/\/www.abf.se\/skelleftea\/verksamhet\/facklig-verksamhet\/#breadcrumb\",\"itemListElement\":[{\"@type\":\"ListItem\",\"position\":1,\"name\":\"Home\",\"item\":\"https:\/\/www.abf.se\/skelleftea\/\"},{\"@type\":\"ListItem\",\"position\":2,\"name\":\"V\u00e5ra verksamheter\",\"item\":\"https:\/\/www.abf.se\/skelleftea\/verksamhet\/\"},{\"@type\":\"ListItem\",\"position\":3,\"name\":\"Facklig verksamhet\"}]},{\"@type\":\"WebSite\",\"@id\":\"https:\/\/www.abf.se\/skelleftea\/#website\",\"url\":\"https:\/\/www.abf.se\/skelleftea\/\",\"name\":\"Skellefte\u00e5\",\"description\":\"\",\"potentialAction\":[{\"@type\":\"SearchAction\",\"target\":{\"@type\":\"EntryPoint\",\"urlTemplate\":\"https:\/\/www.abf.se\/skelleftea\/?s={search_term_string}\"},\"query-input\":{\"@type\":\"PropertyValueSpecification\",\"valueRequired\":true,\"valueName\":\"search_term_string\"}}],\"inLanguage\":\"sv-SE\"}]}<\/script>\n<!-- \/ Yoast SEO plugin. -->","yoast_head_json":{"title":"Facklig verksamhet - Skellefte\u00e5","robots":{"index":"index","follow":"follow","max-snippet":"max-snippet:-1","max-image-preview":"max-image-preview:large","max-video-preview":"max-video-preview:-1"},"canonical":"https:\/\/www.abf.se\/skelleftea\/verksamhet\/facklig-verksamhet\/","og_locale":"sv_SE","og_type":"article","og_title":"Facklig verksamhet - Skellefte\u00e5","og_url":"https:\/\/www.abf.se\/skelleftea\/verksamhet\/facklig-verksamhet\/","og_site_name":"Skellefte\u00e5","article_modified_time":"2025-02-26T09:51:05+00:00","og_image":[{"width":2560,"height":1440,"url":"https:\/\/www.abf.se\/wp-content\/uploads\/sites\/43\/2024\/04\/Nyckeln-liggande-scaled.jpg","type":"image\/jpeg"}],"twitter_card":"summary_large_image","schema":{"@context":"https:\/\/schema.org","@graph":[{"@type":"WebPage","@id":"https:\/\/www.abf.se\/skelleftea\/verksamhet\/facklig-verksamhet\/","url":"https:\/\/www.abf.se\/skelleftea\/verksamhet\/facklig-verksamhet\/","name":"Facklig verksamhet - Skellefte\u00e5","isPartOf":{"@id":"https:\/\/www.abf.se\/skelleftea\/#website"},"datePublished":"2024-02-23T09:45:21+00:00","dateModified":"2025-02-26T09:51:05+00:00","breadcrumb":{"@id":"https:\/\/www.abf.se\/skelleftea\/verksamhet\/facklig-verksamhet\/#breadcrumb"},"inLanguage":"sv-SE","potentialAction":[{"@type":"ReadAction","target":["https:\/\/www.abf.se\/skelleftea\/verksamhet\/facklig-verksamhet\/"]}]},{"@type":"BreadcrumbList","@id":"https:\/\/www.abf.se\/skelleftea\/verksamhet\/facklig-verksamhet\/#breadcrumb","itemListElement":[{"@type":"ListItem","position":1,"name":"Home","item":"https:\/\/www.abf.se\/skelleftea\/"},{"@type":"ListItem","position":2,"name":"V\u00e5ra verksamheter","item":"https:\/\/www.abf.se\/skelleftea\/verksamhet\/"},{"@type":"ListItem","position":3,"name":"Facklig verksamhet"}]},{"@type":"WebSite","@id":"https:\/\/www.abf.se\/skelleftea\/#website","url":"https:\/\/www.abf.se\/skelleftea\/","name":"Skellefte\u00e5","description":"","potentialAction":[{"@type":"SearchAction","target":{"@type":"EntryPoint","urlTemplate":"https:\/\/www.abf.se\/skelleftea\/?s={search_term_string}"},"query-input":{"@type":"PropertyValueSpecification","valueRequired":true,"valueName":"search_term_string"}}],"inLanguage":"sv-SE"}]}},"_links":{"self":[{"href":"https:\/\/www.abf.se\/skelleftea\/wp-json\/wp\/v2\/pages\/68","targetHints":{"allow":["GET"]}}],"collection":[{"href":"https:\/\/www.abf.se\/skelleftea\/wp-json\/wp\/v2\/pages"}],"about":[{"href":"https:\/\/www.abf.se\/skelleftea\/wp-json\/wp\/v2\/types\/page"}],"author":[{"embeddable":true,"href":"https:\/\/www.abf.se\/skelleftea\/wp-json\/wp\/v2\/users\/41"}],"replies":[{"embeddable":true,"href":"https:\/\/www.abf.se\/skelleftea\/wp-json\/wp\/v2\/comments?post=68"}],"version-history":[{"count":3,"href":"https:\/\/www.abf.se\/skelleftea\/wp-json\/wp\/v2\/pages\/68\/revisions"}],"predecessor-version":[{"id":475,"href":"https:\/\/www.abf.se\/skelleftea\/wp-json\/wp\/v2\/pages\/68\/revisions\/475"}],"up":[{"embeddable":true,"href":"https:\/\/www.abf.se\/skelleftea\/wp-json\/wp\/v2\/pages\/51"}],"wp:attachment":[{"href":"https:\/\/www.abf.se\/skelleftea\/wp-json\/wp\/v2\/media?parent=68"}],"curies":[{"name":"wp","href":"https:\/\/api.w.org\/{rel}","templated":true}]}}