{"id":99,"date":"2024-05-03T07:59:40","date_gmt":"2024-05-03T05:59:40","guid":{"rendered":"https:\/\/www.abf.se\/skelleftea\/?page_id=99"},"modified":"2025-03-13T10:19:24","modified_gmt":"2025-03-13T09:19:24","slug":"hantverk","status":"publish","type":"page","link":"https:\/\/www.abf.se\/skelleftea\/verksamhet\/hantverk\/","title":{"rendered":"Hantverk"},"content":{"rendered":"<div\n    class=\"acf-hero-block container-lg no-padding mb-12 js-geolocation\"\n    data-block=\"hero-block\"\n    data-index=\"0\"\n>\n    <div class=\"h-[548px]  relative rounded-[32px] overflow-hidden flex bg-gray-light\">\n        <div class=\"relative z-10 mt-auto h-auto w-full md:h-full\">\n            <div class=\"flex w-full h-full flex-col flex-wrap justify-end w-full md:w-7\/12 lg:w-1\/2 md:justify-center\">\n                <div class=\"flex flex-col gap-3 md:gap-[18px] md:transparent pt-16 pb-36 md:py-8 px-4 w-full md:max-w-[620px] mx-auto px-8\">\n\n                    <h1 class=\"hero-heading hero-heading--red-text\"><span>V\u00e5r hantverksverksamhet<\/span><\/h1>\n\n                    \n                                    <\/div>\n            <\/div>\n        <\/div>\n\n                    <picture class=\"as-background-image mix-blend-multiply bg-black\/40\"><img decoding=\"async\" src=\"https:\/\/www.abf.se\/skelleftea\/resized\/?url=https%3A%2F%2Fwww.abf.se%2Fwp-content%2Fuploads%2Fsites%2F43%2F2025%2F03%2F7823da5d-13f9-4f99-8594-e6b73d313ba3.jpg&#038;fit=crop&#038;w=1440&#038;s=d063290fa70e340cada038cd76095774\" srcset=\"https:\/\/www.abf.se\/skelleftea\/resized\/?url=https%3A%2F%2Fwww.abf.se%2Fwp-content%2Fuploads%2Fsites%2F43%2F2025%2F03%2F7823da5d-13f9-4f99-8594-e6b73d313ba3.jpg&#038;fit=crop&#038;w=375&#038;h=540&#038;s=e6ab7fbc5638dde4e8a89224cb814c6e 375w, https:\/\/www.abf.se\/skelleftea\/resized\/?url=https%3A%2F%2Fwww.abf.se%2Fwp-content%2Fuploads%2Fsites%2F43%2F2025%2F03%2F7823da5d-13f9-4f99-8594-e6b73d313ba3.jpg&#038;fit=crop&#038;w=447&#038;h=540&#038;s=4acab5310f66f415350c00a50b5282e7 447w, https:\/\/www.abf.se\/skelleftea\/resized\/?url=https%3A%2F%2Fwww.abf.se%2Fwp-content%2Fuploads%2Fsites%2F43%2F2025%2F03%2F7823da5d-13f9-4f99-8594-e6b73d313ba3.jpg&#038;fit=crop&#038;w=519&#038;h=540&#038;s=54b1765bbbe0b7386a5c037912eb406f 519w, https:\/\/www.abf.se\/skelleftea\/resized\/?url=https%3A%2F%2Fwww.abf.se%2Fwp-content%2Fuploads%2Fsites%2F43%2F2025%2F03%2F7823da5d-13f9-4f99-8594-e6b73d313ba3.jpg&#038;fit=crop&#038;w=591&#038;h=540&#038;s=5fd966b8a48ecc24a767207e56b39c3b 591w, https:\/\/www.abf.se\/skelleftea\/resized\/?url=https%3A%2F%2Fwww.abf.se%2Fwp-content%2Fuploads%2Fsites%2F43%2F2025%2F03%2F7823da5d-13f9-4f99-8594-e6b73d313ba3.jpg&#038;fit=crop&#038;w=663&#038;h=540&#038;s=56266fa887fa096c32270a5fd562fcd6 663w, https:\/\/www.abf.se\/skelleftea\/resized\/?url=https%3A%2F%2Fwww.abf.se%2Fwp-content%2Fuploads%2Fsites%2F43%2F2025%2F03%2F7823da5d-13f9-4f99-8594-e6b73d313ba3.jpg&#038;fit=crop&#038;w=750&#038;h=540&#038;s=63cf73ec2ab3d791dfc620a7f50004f7 750w, https:\/\/www.abf.se\/skelleftea\/resized\/?url=https%3A%2F%2Fwww.abf.se%2Fwp-content%2Fuploads%2Fsites%2F43%2F2025%2F03%2F7823da5d-13f9-4f99-8594-e6b73d313ba3.jpg&#038;fit=crop&#038;w=894&#038;h=540&#038;s=530309e5bca17c36661a529fb3b0cfd2 894w, https:\/\/www.abf.se\/skelleftea\/resized\/?url=https%3A%2F%2Fwww.abf.se%2Fwp-content%2Fuploads%2Fsites%2F43%2F2025%2F03%2F7823da5d-13f9-4f99-8594-e6b73d313ba3.jpg&#038;fit=crop&#038;w=1038&#038;h=540&#038;s=03c2e079aed10368bc0f248c989885bd 1038w, https:\/\/www.abf.se\/skelleftea\/resized\/?url=https%3A%2F%2Fwww.abf.se%2Fwp-content%2Fuploads%2Fsites%2F43%2F2025%2F03%2F7823da5d-13f9-4f99-8594-e6b73d313ba3.jpg&#038;fit=crop&#038;w=1182&#038;h=540&#038;s=5e2907b1d6bf17bc75f7009260ff6317 1182w, https:\/\/www.abf.se\/skelleftea\/resized\/?url=https%3A%2F%2Fwww.abf.se%2Fwp-content%2Fuploads%2Fsites%2F43%2F2025%2F03%2F7823da5d-13f9-4f99-8594-e6b73d313ba3.jpg&#038;fit=crop&#038;w=1326&#038;h=540&#038;s=8cc0c130000755cb6f8da2c99f816b2c 1326w, https:\/\/www.abf.se\/skelleftea\/resized\/?url=https%3A%2F%2Fwww.abf.se%2Fwp-content%2Fuploads%2Fsites%2F43%2F2025%2F03%2F7823da5d-13f9-4f99-8594-e6b73d313ba3.jpg&#038;fit=crop&#038;w=1440&#038;h=540&#038;s=371fe028242e30315cba3e8d2b42bf05 1440w\" alt=\"\" height=\"540\" width=\"1440\" sizes=\"(max-width: 1440px) calc(100vw - 32px), 1440px\" loading=\"eager\" fetchpriority=\"high\" aria-hidden=\"true\" role=\"presentation\" \/><\/picture>\n        \n\n            <\/div>\n\n    <\/div>\n\n<div\n    class=\"acf-article-text-block article-container my-12\"\n    data-block=\"article-text-block\"\n>\n    <div class=\"wysiwyg\">\n        <p><strong>Hos oss p\u00e5 ABF finns det utrymme f\u00f6r skapargl\u00e4dje.<\/strong><\/p>\n<p>Vi har n\u00e5got som vi kallar \u00d6ppna torget och de studiecirklarna \u00e4r \u00f6ppen till anm\u00e4lan f\u00f6r allm\u00e4nheten. Aktuella studiecirklar hittar du p\u00e5 v\u00e5r hemsida. V\u00e5ra cirkelledare har en bred erfarenhet och \u00e4r kunniga inom sitt omr\u00e5de. Vi hyr lokaler av Medlefors Folkh\u00f6gskola kv\u00e4llar och helgen men har \u00e4ven en egen lokal d\u00e4r vi kan vara \u00e4ven p\u00e5 dagtid.<\/p>\n<p>Vi har under \u00e5ren haft ett brett utbud av studiecirklar allt fr\u00e5n olika m\u00e5larcirklar, tenntr\u00e5dsarmband, g\u00f6ra keramikkrukor p\u00e5 forntida vis, amigurumi, sidenbandsbroderi, s\u00f6mnad, stickning, silverlera, fluidart, encaustic art, tr\u00e4snide och mycket mera.<\/p>\n<p>Har du egna id\u00e9er om vad du skulle vilja g\u00e5 f\u00f6r studiecirkel inom hantverk eller kanske du sj\u00e4lv \u00e4r kunnig inom n\u00e5got omr\u00e5de och skulle kunna t\u00e4nka dig bli v\u00e5r cirkelledare inom detta omr\u00e5de \u00e4r du v\u00e4lkommen att h\u00f6ra av dig till oss p\u00e5 ABF.<\/p>\n<p>Ett annat omr\u00e5de inom Hantverk \u00e4r kreativa inslag. D\u00e4r man tr\u00e4ffas n\u00e5gra personer vid ett tillf\u00e4lle och f\u00e5r prova p\u00e5 ett, f\u00f6r dem, ett hantverk man ej k\u00e4nner till. Brukar vara popul\u00e4rt i olika f\u00f6reningar eller bland kompisg\u00e4ng.<\/p>\n<p><strong>Har du funderingar \u00e4r du v\u00e4lkommen att h\u00f6ra av dig till:<\/strong><br \/>\nUlrika Olofsson<br \/>\n<a href=\"mailto:ulrika.olofsson@abf.se\">ulrika.olofsson@abf.se<\/a><br \/>\n073-069 36 16<\/p>\n\n    <\/div>\n<\/div>\n","protected":false},"excerpt":{"rendered":"","protected":false},"author":41,"featured_media":0,"parent":51,"menu_order":0,"comment_status":"closed","ping_status":"closed","template":"","meta":{"_acf_changed":false,"footnotes":""},"class_list":["post-99","page","type-page","status-publish","hentry"],"acf":[],"yoast_head":"<!-- This site is optimized with the Yoast SEO plugin v27.0 - https:\/\/yoast.com\/product\/yoast-seo-wordpress\/ -->\n<title>Hantverk - Skellefte\u00e5<\/title>\n<meta name=\"robots\" content=\"index, follow, max-snippet:-1, max-image-preview:large, max-video-preview:-1\" \/>\n<link rel=\"canonical\" href=\"https:\/\/www.abf.se\/skelleftea\/verksamhet\/hantverk\/\" \/>\n<meta property=\"og:locale\" content=\"sv_SE\" \/>\n<meta property=\"og:type\" content=\"article\" \/>\n<meta property=\"og:title\" content=\"Hantverk - Skellefte\u00e5\" \/>\n<meta property=\"og:url\" content=\"https:\/\/www.abf.se\/skelleftea\/verksamhet\/hantverk\/\" \/>\n<meta property=\"og:site_name\" content=\"Skellefte\u00e5\" \/>\n<meta property=\"article:modified_time\" content=\"2025-03-13T09:19:24+00:00\" \/>\n<meta property=\"og:image\" content=\"https:\/\/www.abf.se\/wp-content\/uploads\/sites\/43\/2024\/04\/Nyckeln-liggande-scaled.jpg\" \/>\n\t<meta property=\"og:image:width\" content=\"2560\" \/>\n\t<meta property=\"og:image:height\" content=\"1440\" \/>\n\t<meta property=\"og:image:type\" content=\"image\/jpeg\" \/>\n<meta name=\"twitter:card\" content=\"summary_large_image\" \/>\n<script type=\"application\/ld+json\" class=\"yoast-schema-graph\">{\"@context\":\"https:\/\/schema.org\",\"@graph\":[{\"@type\":\"WebPage\",\"@id\":\"https:\/\/www.abf.se\/skelleftea\/verksamhet\/hantverk\/\",\"url\":\"https:\/\/www.abf.se\/skelleftea\/verksamhet\/hantverk\/\",\"name\":\"Hantverk - Skellefte\u00e5\",\"isPartOf\":{\"@id\":\"https:\/\/www.abf.se\/skelleftea\/#website\"},\"datePublished\":\"2024-05-03T05:59:40+00:00\",\"dateModified\":\"2025-03-13T09:19:24+00:00\",\"breadcrumb\":{\"@id\":\"https:\/\/www.abf.se\/skelleftea\/verksamhet\/hantverk\/#breadcrumb\"},\"inLanguage\":\"sv-SE\",\"potentialAction\":[{\"@type\":\"ReadAction\",\"target\":[\"https:\/\/www.abf.se\/skelleftea\/verksamhet\/hantverk\/\"]}]},{\"@type\":\"BreadcrumbList\",\"@id\":\"https:\/\/www.abf.se\/skelleftea\/verksamhet\/hantverk\/#breadcrumb\",\"itemListElement\":[{\"@type\":\"ListItem\",\"position\":1,\"name\":\"Home\",\"item\":\"https:\/\/www.abf.se\/skelleftea\/\"},{\"@type\":\"ListItem\",\"position\":2,\"name\":\"V\u00e5ra verksamheter\",\"item\":\"https:\/\/www.abf.se\/skelleftea\/verksamhet\/\"},{\"@type\":\"ListItem\",\"position\":3,\"name\":\"Hantverk\"}]},{\"@type\":\"WebSite\",\"@id\":\"https:\/\/www.abf.se\/skelleftea\/#website\",\"url\":\"https:\/\/www.abf.se\/skelleftea\/\",\"name\":\"Skellefte\u00e5\",\"description\":\"\",\"potentialAction\":[{\"@type\":\"SearchAction\",\"target\":{\"@type\":\"EntryPoint\",\"urlTemplate\":\"https:\/\/www.abf.se\/skelleftea\/?s={search_term_string}\"},\"query-input\":{\"@type\":\"PropertyValueSpecification\",\"valueRequired\":true,\"valueName\":\"search_term_string\"}}],\"inLanguage\":\"sv-SE\"}]}<\/script>\n<!-- \/ Yoast SEO plugin. -->","yoast_head_json":{"title":"Hantverk - Skellefte\u00e5","robots":{"index":"index","follow":"follow","max-snippet":"max-snippet:-1","max-image-preview":"max-image-preview:large","max-video-preview":"max-video-preview:-1"},"canonical":"https:\/\/www.abf.se\/skelleftea\/verksamhet\/hantverk\/","og_locale":"sv_SE","og_type":"article","og_title":"Hantverk - Skellefte\u00e5","og_url":"https:\/\/www.abf.se\/skelleftea\/verksamhet\/hantverk\/","og_site_name":"Skellefte\u00e5","article_modified_time":"2025-03-13T09:19:24+00:00","og_image":[{"width":2560,"height":1440,"url":"https:\/\/www.abf.se\/wp-content\/uploads\/sites\/43\/2024\/04\/Nyckeln-liggande-scaled.jpg","type":"image\/jpeg"}],"twitter_card":"summary_large_image","schema":{"@context":"https:\/\/schema.org","@graph":[{"@type":"WebPage","@id":"https:\/\/www.abf.se\/skelleftea\/verksamhet\/hantverk\/","url":"https:\/\/www.abf.se\/skelleftea\/verksamhet\/hantverk\/","name":"Hantverk - Skellefte\u00e5","isPartOf":{"@id":"https:\/\/www.abf.se\/skelleftea\/#website"},"datePublished":"2024-05-03T05:59:40+00:00","dateModified":"2025-03-13T09:19:24+00:00","breadcrumb":{"@id":"https:\/\/www.abf.se\/skelleftea\/verksamhet\/hantverk\/#breadcrumb"},"inLanguage":"sv-SE","potentialAction":[{"@type":"ReadAction","target":["https:\/\/www.abf.se\/skelleftea\/verksamhet\/hantverk\/"]}]},{"@type":"BreadcrumbList","@id":"https:\/\/www.abf.se\/skelleftea\/verksamhet\/hantverk\/#breadcrumb","itemListElement":[{"@type":"ListItem","position":1,"name":"Home","item":"https:\/\/www.abf.se\/skelleftea\/"},{"@type":"ListItem","position":2,"name":"V\u00e5ra verksamheter","item":"https:\/\/www.abf.se\/skelleftea\/verksamhet\/"},{"@type":"ListItem","position":3,"name":"Hantverk"}]},{"@type":"WebSite","@id":"https:\/\/www.abf.se\/skelleftea\/#website","url":"https:\/\/www.abf.se\/skelleftea\/","name":"Skellefte\u00e5","description":"","potentialAction":[{"@type":"SearchAction","target":{"@type":"EntryPoint","urlTemplate":"https:\/\/www.abf.se\/skelleftea\/?s={search_term_string}"},"query-input":{"@type":"PropertyValueSpecification","valueRequired":true,"valueName":"search_term_string"}}],"inLanguage":"sv-SE"}]}},"_links":{"self":[{"href":"https:\/\/www.abf.se\/skelleftea\/wp-json\/wp\/v2\/pages\/99","targetHints":{"allow":["GET"]}}],"collection":[{"href":"https:\/\/www.abf.se\/skelleftea\/wp-json\/wp\/v2\/pages"}],"about":[{"href":"https:\/\/www.abf.se\/skelleftea\/wp-json\/wp\/v2\/types\/page"}],"author":[{"embeddable":true,"href":"https:\/\/www.abf.se\/skelleftea\/wp-json\/wp\/v2\/users\/41"}],"replies":[{"embeddable":true,"href":"https:\/\/www.abf.se\/skelleftea\/wp-json\/wp\/v2\/comments?post=99"}],"version-history":[{"count":6,"href":"https:\/\/www.abf.se\/skelleftea\/wp-json\/wp\/v2\/pages\/99\/revisions"}],"predecessor-version":[{"id":513,"href":"https:\/\/www.abf.se\/skelleftea\/wp-json\/wp\/v2\/pages\/99\/revisions\/513"}],"up":[{"embeddable":true,"href":"https:\/\/www.abf.se\/skelleftea\/wp-json\/wp\/v2\/pages\/51"}],"wp:attachment":[{"href":"https:\/\/www.abf.se\/skelleftea\/wp-json\/wp\/v2\/media?parent=99"}],"curies":[{"name":"wp","href":"https:\/\/api.w.org\/{rel}","templated":true}]}}