{"id":155,"date":"2024-02-29T15:49:45","date_gmt":"2024-02-29T14:49:45","guid":{"rendered":"https:\/\/www.abf.se\/jonkopings-lan\/?page_id=155"},"modified":"2026-03-19T13:29:12","modified_gmt":"2026-03-19T12:29:12","slug":"kulturkatalog-jonkopings-lan","status":"publish","type":"page","link":"https:\/\/www.abf.se\/smalands-inland\/kulturkatalog-jonkopings-lan\/","title":{"rendered":"Kulturkatalog J\u00f6nk\u00f6pings l\u00e4n"},"content":{"rendered":"<div\n    class=\"acf-hero-block container-lg no-padding mb-12 js-geolocation\"\n    data-block=\"hero-block\"\n    data-index=\"0\"\n>\n    <div class=\"h-[548px]  relative rounded-[32px] overflow-hidden flex bg-gray-light\">\n        <div class=\"relative z-10 mt-auto h-auto w-full md:h-full\">\n            <div class=\"flex w-full h-full flex-col flex-wrap justify-end w-full md:w-7\/12 lg:w-1\/2 md:justify-center\">\n                <div class=\"flex flex-col gap-3 md:gap-[18px] md:transparent pt-16 pb-36 md:py-8 px-4 w-full md:max-w-[620px] mx-auto px-8\">\n\n                    <h1 class=\"hero-heading\"><span>Kulturkatalog J\u00f6nk\u00f6pings l\u00e4n<\/span><\/h1>\n\n                    \n                                    <\/div>\n            <\/div>\n        <\/div>\n\n                    <picture class=\"as-background-image mix-blend-multiply bg-black\/40\"><img decoding=\"async\" src=\"https:\/\/www.abf.se\/smalands-inland\/resized\/?url=https%3A%2F%2Fwww.abf.se%2Fwp-content%2Fuploads%2F2023%2F11%2FKreativitet-liggande_IMGP.jpg&#038;fit=crop&#038;w=1440&#038;s=8305f3a8f83aae27d765e51fd1213eef\" srcset=\"https:\/\/www.abf.se\/smalands-inland\/resized\/?url=https%3A%2F%2Fwww.abf.se%2Fwp-content%2Fuploads%2F2023%2F11%2FKreativitet-liggande_IMGP.jpg&#038;fit=crop&#038;w=375&#038;h=540&#038;s=bc1501d0d85851e7fcba9334ca3d5f2d 375w, https:\/\/www.abf.se\/smalands-inland\/resized\/?url=https%3A%2F%2Fwww.abf.se%2Fwp-content%2Fuploads%2F2023%2F11%2FKreativitet-liggande_IMGP.jpg&#038;fit=crop&#038;w=447&#038;h=540&#038;s=06433099a5d74dcdb37dec30a7061d81 447w, https:\/\/www.abf.se\/smalands-inland\/resized\/?url=https%3A%2F%2Fwww.abf.se%2Fwp-content%2Fuploads%2F2023%2F11%2FKreativitet-liggande_IMGP.jpg&#038;fit=crop&#038;w=519&#038;h=540&#038;s=e26ec6568431106617ec42f51972498e 519w, https:\/\/www.abf.se\/smalands-inland\/resized\/?url=https%3A%2F%2Fwww.abf.se%2Fwp-content%2Fuploads%2F2023%2F11%2FKreativitet-liggande_IMGP.jpg&#038;fit=crop&#038;w=591&#038;h=540&#038;s=67905d8e6887da85e9ecc38a39ad0cc5 591w, https:\/\/www.abf.se\/smalands-inland\/resized\/?url=https%3A%2F%2Fwww.abf.se%2Fwp-content%2Fuploads%2F2023%2F11%2FKreativitet-liggande_IMGP.jpg&#038;fit=crop&#038;w=663&#038;h=540&#038;s=ccf4a6e8c27a1cb0d7667fe132d2d886 663w, https:\/\/www.abf.se\/smalands-inland\/resized\/?url=https%3A%2F%2Fwww.abf.se%2Fwp-content%2Fuploads%2F2023%2F11%2FKreativitet-liggande_IMGP.jpg&#038;fit=crop&#038;w=750&#038;h=540&#038;s=d44428e9eaccea48c7d0a07b8fc04bda 750w, https:\/\/www.abf.se\/smalands-inland\/resized\/?url=https%3A%2F%2Fwww.abf.se%2Fwp-content%2Fuploads%2F2023%2F11%2FKreativitet-liggande_IMGP.jpg&#038;fit=crop&#038;w=894&#038;h=540&#038;s=8f55165d7b671e1113a748678855bd46 894w, https:\/\/www.abf.se\/smalands-inland\/resized\/?url=https%3A%2F%2Fwww.abf.se%2Fwp-content%2Fuploads%2F2023%2F11%2FKreativitet-liggande_IMGP.jpg&#038;fit=crop&#038;w=1038&#038;h=540&#038;s=224bf539788db9cb6fd277eaf6925046 1038w, https:\/\/www.abf.se\/smalands-inland\/resized\/?url=https%3A%2F%2Fwww.abf.se%2Fwp-content%2Fuploads%2F2023%2F11%2FKreativitet-liggande_IMGP.jpg&#038;fit=crop&#038;w=1182&#038;h=540&#038;s=575555a97d5b455a9721a1eac8019c39 1182w, https:\/\/www.abf.se\/smalands-inland\/resized\/?url=https%3A%2F%2Fwww.abf.se%2Fwp-content%2Fuploads%2F2023%2F11%2FKreativitet-liggande_IMGP.jpg&#038;fit=crop&#038;w=1326&#038;h=540&#038;s=c49185cc4b36c97832832e3c08f7a165 1326w, https:\/\/www.abf.se\/smalands-inland\/resized\/?url=https%3A%2F%2Fwww.abf.se%2Fwp-content%2Fuploads%2F2023%2F11%2FKreativitet-liggande_IMGP.jpg&#038;fit=crop&#038;w=1440&#038;h=540&#038;s=f4c0d4a6d6790019a60b4d0dda0dea6f 1440w\" alt=\"\" height=\"540\" width=\"1440\" sizes=\"(max-width: 1440px) calc(100vw - 32px), 1440px\" loading=\"eager\" fetchpriority=\"high\" aria-hidden=\"true\" role=\"presentation\" \/><\/picture>\n        \n\n                    <figure class=\"absolute bottom-0  md:w-1\/2 transform right-0 translate-x-10 md:translate-x-32\">\n                <img decoding=\"async\"\n                    alt=\"\"\n                    aria-hidden=\"true\"\n                    class=\"h-auto w-full\"\n                    role=\"presentation\"\n                    src=\"\/assets\/images\/two_circles_bottom.svg\"\n                >\n            <\/figure>\n            <\/div>\n\n    <\/div>\n\n<blockquote\n    class=\"acf-article-quote-block quote-container article-container-lg\"\n    data-block=\"article-quote-block\"\n>\n\n    <div\n        class=\"quote-content quote-content-with-image\"\n    >\n            <figure class=\"quote-image-container\">\n            <picture><img decoding=\"async\" src=\"https:\/\/www.abf.se\/smalands-inland\/resized\/?url=https%3A%2F%2Fwww.abf.se%2Fwp-content%2Fuploads%2Fsites%2F31%2F2024%2F02%2FAlec-Bjoredal-scaled.jpg&#038;fit=crop&#038;w=190&#038;s=81dac9a622147ed6db5ab5d312bf63b2\" srcset=\"https:\/\/www.abf.se\/smalands-inland\/resized\/?url=https%3A%2F%2Fwww.abf.se%2Fwp-content%2Fuploads%2Fsites%2F31%2F2024%2F02%2FAlec-Bjoredal-scaled.jpg&#038;fit=crop&#038;w=120&#038;h=240&#038;s=e5b23eddd9c9ca5c06012ac17f8ccfbe 120w, https:\/\/www.abf.se\/smalands-inland\/resized\/?url=https%3A%2F%2Fwww.abf.se%2Fwp-content%2Fuploads%2Fsites%2F31%2F2024%2F02%2FAlec-Bjoredal-scaled.jpg&#038;fit=crop&#038;w=152&#038;h=240&#038;s=e61559cd798b8d482fa5069b51f53a13 152w, https:\/\/www.abf.se\/smalands-inland\/resized\/?url=https%3A%2F%2Fwww.abf.se%2Fwp-content%2Fuploads%2Fsites%2F31%2F2024%2F02%2FAlec-Bjoredal-scaled.jpg&#038;fit=crop&#038;w=184&#038;h=240&#038;s=703985f0624b406b711ad4ed3f4b576e 184w, https:\/\/www.abf.se\/smalands-inland\/resized\/?url=https%3A%2F%2Fwww.abf.se%2Fwp-content%2Fuploads%2Fsites%2F31%2F2024%2F02%2FAlec-Bjoredal-scaled.jpg&#038;fit=crop&#038;w=190&#038;h=240&#038;s=c654895073dc68b797da4b18421ad624 190w, https:\/\/www.abf.se\/smalands-inland\/resized\/?url=https%3A%2F%2Fwww.abf.se%2Fwp-content%2Fuploads%2Fsites%2F31%2F2024%2F02%2FAlec-Bjoredal-scaled.jpg&#038;fit=crop&#038;w=240&#038;h=240&#038;s=5eeb424dff9f21bf363f1a4165718cb4 240w, https:\/\/www.abf.se\/smalands-inland\/resized\/?url=https%3A%2F%2Fwww.abf.se%2Fwp-content%2Fuploads%2Fsites%2F31%2F2024%2F02%2FAlec-Bjoredal-scaled.jpg&#038;fit=crop&#038;w=304&#038;h=240&#038;s=70717b6d224cd683525133f0aa727872 304w, https:\/\/www.abf.se\/smalands-inland\/resized\/?url=https%3A%2F%2Fwww.abf.se%2Fwp-content%2Fuploads%2Fsites%2F31%2F2024%2F02%2FAlec-Bjoredal-scaled.jpg&#038;fit=crop&#038;w=368&#038;h=240&#038;s=3f806cd533f5e7a201b3c14c2ef713ec 368w\" alt=\"\" height=\"240\" width=\"190\" sizes=\"auto, (max-width: 788px) 33vw, 190px\" loading=\"lazy\" fetchpriority=\"low\" \/><\/picture>\n        <\/figure>\n    \n    <div class=\"quote-text-container\">\n        <div class=\"quote-text-subgrid\">\n        <p class=\"quote-text\">\n            &#8221;Jag spelar musik f\u00f6r alla \u00e5rstider, fr\u00e5n julmusik till sommars\u00e5nger, och ser till att varje framtr\u00e4dande pr\u00e4glas av igenk\u00e4nnande gemenskap och en trevlig musikstund.&#8221;\n        <\/p>\n                <footer>\n                        <p class=\"quote-name\">\n                Alec Bj\u00f6redal\n            <\/p>\n                                    <p class=\"quote-title\">\n                Musiker, Kulturarbetare ABF\n            <\/p>\n                    <\/footer>\n\n                <\/div>\n    <\/div>\n\n    <\/div>\n\n<\/blockquote>\n\n<div\n    class=\"acf-text-image-block container bg-gray-light py-12 md:py-15\"\n    data-block=\"text-image-block\"\n>\n    <div\n    class=\"flex flex-col items-center md:flex-row gap-8 md:gap-0 justify-between\">\n                        <div class=\"w-full md:w-1\/2 md:order-2\">\n            <picture><img decoding=\"async\" src=\"https:\/\/www.abf.se\/smalands-inland\/resized\/?url=https%3A%2F%2Fwww.abf.se%2Fwp-content%2Fuploads%2Fsites%2F31%2F2025%2F02%2FKulturkatalog-framsida-scaled.jpg&#038;fit=crop&#038;w=578&#038;s=8e338a8cab6cfca8035e5127cb6d9625\" srcset=\"https:\/\/www.abf.se\/smalands-inland\/resized\/?url=https%3A%2F%2Fwww.abf.se%2Fwp-content%2Fuploads%2Fsites%2F31%2F2025%2F02%2FKulturkatalog-framsida-scaled.jpg&#038;fit=crop&#038;w=144&#038;h=126&#038;s=e6caf7c1736a037488f6db2bd6ed2e82 144w, https:\/\/www.abf.se\/smalands-inland\/resized\/?url=https%3A%2F%2Fwww.abf.se%2Fwp-content%2Fuploads%2Fsites%2F31%2F2025%2F02%2FKulturkatalog-framsida-scaled.jpg&#038;fit=crop&#038;w=240&#038;h=211&#038;s=df4d351996fc35f416811f645959e871 240w, https:\/\/www.abf.se\/smalands-inland\/resized\/?url=https%3A%2F%2Fwww.abf.se%2Fwp-content%2Fuploads%2Fsites%2F31%2F2025%2F02%2FKulturkatalog-framsida-scaled.jpg&#038;fit=crop&#038;w=288&#038;h=253&#038;s=aeae2847911092cb8827254c4b0a2a83 288w, https:\/\/www.abf.se\/smalands-inland\/resized\/?url=https%3A%2F%2Fwww.abf.se%2Fwp-content%2Fuploads%2Fsites%2F31%2F2025%2F02%2FKulturkatalog-framsida-scaled.jpg&#038;fit=crop&#038;w=336&#038;h=295&#038;s=23b7da50587f44d2943c3769d1bd9b7e 336w, https:\/\/www.abf.se\/smalands-inland\/resized\/?url=https%3A%2F%2Fwww.abf.se%2Fwp-content%2Fuploads%2Fsites%2F31%2F2025%2F02%2FKulturkatalog-framsida-scaled.jpg&#038;fit=crop&#038;w=432&#038;h=380&#038;s=9a31896195aca545a2451169619b2088 432w, https:\/\/www.abf.se\/smalands-inland\/resized\/?url=https%3A%2F%2Fwww.abf.se%2Fwp-content%2Fuploads%2Fsites%2F31%2F2025%2F02%2FKulturkatalog-framsida-scaled.jpg&#038;fit=crop&#038;w=480&#038;h=422&#038;s=b6afac551ab713f28bcccfc161fb25d6 480w, https:\/\/www.abf.se\/smalands-inland\/resized\/?url=https%3A%2F%2Fwww.abf.se%2Fwp-content%2Fuploads%2Fsites%2F31%2F2025%2F02%2FKulturkatalog-framsida-scaled.jpg&#038;fit=crop&#038;w=528&#038;h=464&#038;s=9f596229e653313419b3ab0237688710 528w, https:\/\/www.abf.se\/smalands-inland\/resized\/?url=https%3A%2F%2Fwww.abf.se%2Fwp-content%2Fuploads%2Fsites%2F31%2F2025%2F02%2FKulturkatalog-framsida-scaled.jpg&#038;fit=crop&#038;w=578&#038;h=509&#038;s=3143a571cd6db7e6b7a59c7cb00dbc37 578w, https:\/\/www.abf.se\/smalands-inland\/resized\/?url=https%3A%2F%2Fwww.abf.se%2Fwp-content%2Fuploads%2Fsites%2F31%2F2025%2F02%2FKulturkatalog-framsida-scaled.jpg&#038;fit=crop&#038;w=672&#038;h=591&#038;s=2cdbc8aed74165eb8b75aa826f6a142f 672w, https:\/\/www.abf.se\/smalands-inland\/resized\/?url=https%3A%2F%2Fwww.abf.se%2Fwp-content%2Fuploads%2Fsites%2F31%2F2025%2F02%2FKulturkatalog-framsida-scaled.jpg&#038;fit=crop&#038;w=864&#038;h=760&#038;s=0d46a174d94fea8881175179e034e231 864w, https:\/\/www.abf.se\/smalands-inland\/resized\/?url=https%3A%2F%2Fwww.abf.se%2Fwp-content%2Fuploads%2Fsites%2F31%2F2025%2F02%2FKulturkatalog-framsida-scaled.jpg&#038;fit=crop&#038;w=1056&#038;h=929&#038;s=aa42b0e05393aa67f980616ab3c25780 1056w\" alt=\"Man som spelar gitarr\" height=\"509\" width=\"578\" sizes=\"auto, (max-width: 768px) 100vw,\n                (max-width: 1280px) 50vw, 578px\" loading=\"lazy\" fetchpriority=\"low\" \/><\/picture>\n\n        <\/div>\n        \n        <div class=\"w-full md:w-1\/2 md:order-1\">\n        <div class=\"mx-auto md:max-w-[368px]\">\n            <h2 class=\"heading-lg\">Kulturkatalog<\/h2>\n            <div class=\"mb-6 mt-4 wysiwyg\">\n                <p>Kultur ger kunskap och perspektiv som i sin tur ger makt att p\u00e5verka. Men kultur kan ocks\u00e5 vara f\u00f6r n\u00f6je och avkoppling, individuellt eller gemensamt med andra. Kultur ska erbjuda en frizon f\u00f6r m\u00f6te och \u00f6ppenhet. I denna katalog hittar du m\u00e5nga olika sorters kultur.<\/p>\n\n            <\/div>\n                                            <a href='https:\/\/www.abf.se\/wp-content\/uploads\/sites\/31\/2026\/03\/Kulturkatalog-Jonkopings-lan-20260319.pdf' class=\"default-button\" target=\"_blank\">L\u00e4s och ladda ner<\/a>\n                    <\/div>\n        <\/div>\n    <\/div>\n<\/div><blockquote\n    class=\"acf-article-quote-block quote-container article-container-lg\"\n    data-block=\"article-quote-block\"\n>\n\n    <div\n        class=\"quote-content quote-content-with-image\"\n    >\n            <figure class=\"quote-image-container\">\n            <picture><img decoding=\"async\" src=\"https:\/\/www.abf.se\/smalands-inland\/resized\/?url=https%3A%2F%2Fwww.abf.se%2Fwp-content%2Fuploads%2Fsites%2F31%2F2024%2F06%2FMaja-musikstund-1-liten-scaled.jpg&#038;fit=crop&#038;w=190&#038;s=96577e7bba4adbc42573dc620a999b68\" srcset=\"https:\/\/www.abf.se\/smalands-inland\/resized\/?url=https%3A%2F%2Fwww.abf.se%2Fwp-content%2Fuploads%2Fsites%2F31%2F2024%2F06%2FMaja-musikstund-1-liten-scaled.jpg&#038;fit=crop&#038;w=120&#038;h=240&#038;s=3237f23b29fb5c818c8e80bc9a82b1ce 120w, https:\/\/www.abf.se\/smalands-inland\/resized\/?url=https%3A%2F%2Fwww.abf.se%2Fwp-content%2Fuploads%2Fsites%2F31%2F2024%2F06%2FMaja-musikstund-1-liten-scaled.jpg&#038;fit=crop&#038;w=152&#038;h=240&#038;s=42e969bac34a8ed40e7dc1549fd5c8d6 152w, https:\/\/www.abf.se\/smalands-inland\/resized\/?url=https%3A%2F%2Fwww.abf.se%2Fwp-content%2Fuploads%2Fsites%2F31%2F2024%2F06%2FMaja-musikstund-1-liten-scaled.jpg&#038;fit=crop&#038;w=184&#038;h=240&#038;s=85c61991f8c7a7cd7d5854a1dea861aa 184w, https:\/\/www.abf.se\/smalands-inland\/resized\/?url=https%3A%2F%2Fwww.abf.se%2Fwp-content%2Fuploads%2Fsites%2F31%2F2024%2F06%2FMaja-musikstund-1-liten-scaled.jpg&#038;fit=crop&#038;w=190&#038;h=240&#038;s=86a9d4189c81aa58d071b89b3cd530c9 190w, https:\/\/www.abf.se\/smalands-inland\/resized\/?url=https%3A%2F%2Fwww.abf.se%2Fwp-content%2Fuploads%2Fsites%2F31%2F2024%2F06%2FMaja-musikstund-1-liten-scaled.jpg&#038;fit=crop&#038;w=240&#038;h=240&#038;s=3bcbad26dd5ecad7f6fbd50f65ed6a66 240w, https:\/\/www.abf.se\/smalands-inland\/resized\/?url=https%3A%2F%2Fwww.abf.se%2Fwp-content%2Fuploads%2Fsites%2F31%2F2024%2F06%2FMaja-musikstund-1-liten-scaled.jpg&#038;fit=crop&#038;w=304&#038;h=240&#038;s=c7bd33168f1af9cf8ad4425b956b20ad 304w, https:\/\/www.abf.se\/smalands-inland\/resized\/?url=https%3A%2F%2Fwww.abf.se%2Fwp-content%2Fuploads%2Fsites%2F31%2F2024%2F06%2FMaja-musikstund-1-liten-scaled.jpg&#038;fit=crop&#038;w=368&#038;h=240&#038;s=79caf7422fd5288eef9b902116841ee7 368w\" alt=\"\" height=\"240\" width=\"190\" sizes=\"auto, (max-width: 788px) 33vw, 190px\" loading=\"lazy\" fetchpriority=\"low\" \/><\/picture>\n        <\/figure>\n    \n    <div class=\"quote-text-container\">\n        <div class=\"quote-text-subgrid\">\n        <p class=\"quote-text\">\n            &#8221;Ur en blandad repertoar med schlager, filmmusik, mm. sjunger vi tillsammans. Det \u00e4r inte sv\u00e5rare \u00e4n s\u00e5.&#8221;\n        <\/p>\n                <footer>\n                        <p class=\"quote-name\">\n                Maja Linusson\n            <\/p>\n                                    <p class=\"quote-title\">\n                Musiker, Kulturarbetare ABF\n            <\/p>\n                    <\/footer>\n\n                <\/div>\n    <\/div>\n\n    <\/div>\n\n<\/blockquote>\n\n","protected":false},"excerpt":{"rendered":"","protected":false},"author":68,"featured_media":0,"parent":0,"menu_order":0,"comment_status":"closed","ping_status":"closed","template":"","meta":{"_acf_changed":false,"footnotes":""},"class_list":["post-155","page","type-page","status-publish","hentry"],"acf":[],"yoast_head":"<!-- This site is optimized with the Yoast SEO plugin v27.0 - https:\/\/yoast.com\/product\/yoast-seo-wordpress\/ -->\n<title>Kulturkatalog J\u00f6nk\u00f6pings l\u00e4n - Sm\u00e5lands Inland<\/title>\n<meta name=\"robots\" content=\"index, follow, max-snippet:-1, max-image-preview:large, max-video-preview:-1\" \/>\n<link rel=\"canonical\" href=\"https:\/\/www.abf.se\/smalands-inland\/kulturkatalog-jonkopings-lan\/\" \/>\n<meta property=\"og:locale\" content=\"sv_SE\" \/>\n<meta property=\"og:type\" content=\"article\" \/>\n<meta property=\"og:title\" content=\"Kulturkatalog J\u00f6nk\u00f6pings l\u00e4n - Sm\u00e5lands Inland\" \/>\n<meta property=\"og:url\" content=\"https:\/\/www.abf.se\/smalands-inland\/kulturkatalog-jonkopings-lan\/\" \/>\n<meta property=\"og:site_name\" content=\"Sm\u00e5lands Inland\" \/>\n<meta property=\"article:modified_time\" content=\"2026-03-19T12:29:12+00:00\" \/>\n<meta property=\"og:image\" content=\"https:\/\/www.abf.se\/wp-content\/uploads\/sites\/31\/2024\/04\/Nyckeln-liggande-scaled.jpg\" \/>\n\t<meta property=\"og:image:width\" content=\"2560\" \/>\n\t<meta property=\"og:image:height\" content=\"1440\" \/>\n\t<meta property=\"og:image:type\" content=\"image\/jpeg\" \/>\n<meta name=\"twitter:card\" content=\"summary_large_image\" \/>\n<script type=\"application\/ld+json\" class=\"yoast-schema-graph\">{\"@context\":\"https:\/\/schema.org\",\"@graph\":[{\"@type\":\"WebPage\",\"@id\":\"https:\/\/www.abf.se\/smalands-inland\/kulturkatalog-jonkopings-lan\/\",\"url\":\"https:\/\/www.abf.se\/smalands-inland\/kulturkatalog-jonkopings-lan\/\",\"name\":\"Kulturkatalog J\u00f6nk\u00f6pings l\u00e4n - Sm\u00e5lands Inland\",\"isPartOf\":{\"@id\":\"https:\/\/www.abf.se\/smalands-inland\/#website\"},\"datePublished\":\"2024-02-29T14:49:45+00:00\",\"dateModified\":\"2026-03-19T12:29:12+00:00\",\"breadcrumb\":{\"@id\":\"https:\/\/www.abf.se\/smalands-inland\/kulturkatalog-jonkopings-lan\/#breadcrumb\"},\"inLanguage\":\"sv-SE\",\"potentialAction\":[{\"@type\":\"ReadAction\",\"target\":[\"https:\/\/www.abf.se\/smalands-inland\/kulturkatalog-jonkopings-lan\/\"]}]},{\"@type\":\"BreadcrumbList\",\"@id\":\"https:\/\/www.abf.se\/smalands-inland\/kulturkatalog-jonkopings-lan\/#breadcrumb\",\"itemListElement\":[{\"@type\":\"ListItem\",\"position\":1,\"name\":\"Home\",\"item\":\"https:\/\/www.abf.se\/smalands-inland\/\"},{\"@type\":\"ListItem\",\"position\":2,\"name\":\"Kulturkatalog J\u00f6nk\u00f6pings l\u00e4n\"}]},{\"@type\":\"WebSite\",\"@id\":\"https:\/\/www.abf.se\/smalands-inland\/#website\",\"url\":\"https:\/\/www.abf.se\/smalands-inland\/\",\"name\":\"Sm\u00e5lands Inland\",\"description\":\"\",\"potentialAction\":[{\"@type\":\"SearchAction\",\"target\":{\"@type\":\"EntryPoint\",\"urlTemplate\":\"https:\/\/www.abf.se\/smalands-inland\/?s={search_term_string}\"},\"query-input\":{\"@type\":\"PropertyValueSpecification\",\"valueRequired\":true,\"valueName\":\"search_term_string\"}}],\"inLanguage\":\"sv-SE\"}]}<\/script>\n<!-- \/ Yoast SEO plugin. -->","yoast_head_json":{"title":"Kulturkatalog J\u00f6nk\u00f6pings l\u00e4n - Sm\u00e5lands Inland","robots":{"index":"index","follow":"follow","max-snippet":"max-snippet:-1","max-image-preview":"max-image-preview:large","max-video-preview":"max-video-preview:-1"},"canonical":"https:\/\/www.abf.se\/smalands-inland\/kulturkatalog-jonkopings-lan\/","og_locale":"sv_SE","og_type":"article","og_title":"Kulturkatalog J\u00f6nk\u00f6pings l\u00e4n - Sm\u00e5lands Inland","og_url":"https:\/\/www.abf.se\/smalands-inland\/kulturkatalog-jonkopings-lan\/","og_site_name":"Sm\u00e5lands Inland","article_modified_time":"2026-03-19T12:29:12+00:00","og_image":[{"width":2560,"height":1440,"url":"https:\/\/www.abf.se\/wp-content\/uploads\/sites\/31\/2024\/04\/Nyckeln-liggande-scaled.jpg","type":"image\/jpeg"}],"twitter_card":"summary_large_image","schema":{"@context":"https:\/\/schema.org","@graph":[{"@type":"WebPage","@id":"https:\/\/www.abf.se\/smalands-inland\/kulturkatalog-jonkopings-lan\/","url":"https:\/\/www.abf.se\/smalands-inland\/kulturkatalog-jonkopings-lan\/","name":"Kulturkatalog J\u00f6nk\u00f6pings l\u00e4n - Sm\u00e5lands Inland","isPartOf":{"@id":"https:\/\/www.abf.se\/smalands-inland\/#website"},"datePublished":"2024-02-29T14:49:45+00:00","dateModified":"2026-03-19T12:29:12+00:00","breadcrumb":{"@id":"https:\/\/www.abf.se\/smalands-inland\/kulturkatalog-jonkopings-lan\/#breadcrumb"},"inLanguage":"sv-SE","potentialAction":[{"@type":"ReadAction","target":["https:\/\/www.abf.se\/smalands-inland\/kulturkatalog-jonkopings-lan\/"]}]},{"@type":"BreadcrumbList","@id":"https:\/\/www.abf.se\/smalands-inland\/kulturkatalog-jonkopings-lan\/#breadcrumb","itemListElement":[{"@type":"ListItem","position":1,"name":"Home","item":"https:\/\/www.abf.se\/smalands-inland\/"},{"@type":"ListItem","position":2,"name":"Kulturkatalog J\u00f6nk\u00f6pings l\u00e4n"}]},{"@type":"WebSite","@id":"https:\/\/www.abf.se\/smalands-inland\/#website","url":"https:\/\/www.abf.se\/smalands-inland\/","name":"Sm\u00e5lands Inland","description":"","potentialAction":[{"@type":"SearchAction","target":{"@type":"EntryPoint","urlTemplate":"https:\/\/www.abf.se\/smalands-inland\/?s={search_term_string}"},"query-input":{"@type":"PropertyValueSpecification","valueRequired":true,"valueName":"search_term_string"}}],"inLanguage":"sv-SE"}]}},"_links":{"self":[{"href":"https:\/\/www.abf.se\/smalands-inland\/wp-json\/wp\/v2\/pages\/155","targetHints":{"allow":["GET"]}}],"collection":[{"href":"https:\/\/www.abf.se\/smalands-inland\/wp-json\/wp\/v2\/pages"}],"about":[{"href":"https:\/\/www.abf.se\/smalands-inland\/wp-json\/wp\/v2\/types\/page"}],"author":[{"embeddable":true,"href":"https:\/\/www.abf.se\/smalands-inland\/wp-json\/wp\/v2\/users\/68"}],"replies":[{"embeddable":true,"href":"https:\/\/www.abf.se\/smalands-inland\/wp-json\/wp\/v2\/comments?post=155"}],"version-history":[{"count":24,"href":"https:\/\/www.abf.se\/smalands-inland\/wp-json\/wp\/v2\/pages\/155\/revisions"}],"predecessor-version":[{"id":697,"href":"https:\/\/www.abf.se\/smalands-inland\/wp-json\/wp\/v2\/pages\/155\/revisions\/697"}],"wp:attachment":[{"href":"https:\/\/www.abf.se\/smalands-inland\/wp-json\/wp\/v2\/media?parent=155"}],"curies":[{"name":"wp","href":"https:\/\/api.w.org\/{rel}","templated":true}]}}