{"id":1836,"date":"2024-09-05T10:25:02","date_gmt":"2024-09-05T08:25:02","guid":{"rendered":"https:\/\/www.abf.se\/sodertalje-nykvarn\/?page_id=1836"},"modified":"2024-09-05T11:10:06","modified_gmt":"2024-09-05T09:10:06","slug":"guide-till-narvarorapportering","status":"publish","type":"page","link":"https:\/\/www.abf.se\/sodertalje-nykvarn\/guide-till-narvarorapportering\/","title":{"rendered":"Guide till n\u00e4rvarorapportering"},"content":{"rendered":"<div\n    class=\"acf-hero-block container-lg no-padding mb-12 js-geolocation\"\n    data-block=\"hero-block\"\n    data-index=\"0\"\n>\n    <div class=\"h-[548px]  relative rounded-[32px] overflow-hidden flex bg-gray-light\">\n        <div class=\"relative z-10 mt-auto h-auto w-full md:h-full\">\n            <div class=\"flex w-full h-full flex-col flex-wrap justify-end w-full md:w-7\/12 lg:w-1\/2 md:justify-center\">\n                <div class=\"flex flex-col gap-3 md:gap-[18px] md:transparent pt-16 pb-36 md:py-8 px-4 w-full md:max-w-[620px] mx-auto px-8\">\n\n                    <h1 class=\"hero-heading hero-heading--red-text\"><span>Guide till n\u00e4rvarorapportering<\/span><\/h1>\n\n                    \n                                    <\/div>\n            <\/div>\n        <\/div>\n\n                    <picture class=\"as-background-image mix-blend-multiply bg-black\/40\"><img decoding=\"async\" src=\"https:\/\/www.abf.se\/sodertalje-nykvarn\/resized\/?url=https%3A%2F%2Fwww.abf.se%2Fwp-content%2Fuploads%2F2024%2F04%2FData-IT-Mobil-05.jpg&#038;fit=crop&#038;w=1440&#038;s=8530e56a15e321b2adad5291572e7e5b\" srcset=\"https:\/\/www.abf.se\/sodertalje-nykvarn\/resized\/?url=https%3A%2F%2Fwww.abf.se%2Fwp-content%2Fuploads%2F2024%2F04%2FData-IT-Mobil-05.jpg&#038;fit=crop&#038;w=375&#038;h=540&#038;s=ee4c8e8482a5954beeb3a3c157e7069e 375w, https:\/\/www.abf.se\/sodertalje-nykvarn\/resized\/?url=https%3A%2F%2Fwww.abf.se%2Fwp-content%2Fuploads%2F2024%2F04%2FData-IT-Mobil-05.jpg&#038;fit=crop&#038;w=447&#038;h=540&#038;s=32bf36ba1206993aeb60062ca2169a30 447w, https:\/\/www.abf.se\/sodertalje-nykvarn\/resized\/?url=https%3A%2F%2Fwww.abf.se%2Fwp-content%2Fuploads%2F2024%2F04%2FData-IT-Mobil-05.jpg&#038;fit=crop&#038;w=519&#038;h=540&#038;s=9aec795d387bc758ef9bfd2c7b822966 519w, https:\/\/www.abf.se\/sodertalje-nykvarn\/resized\/?url=https%3A%2F%2Fwww.abf.se%2Fwp-content%2Fuploads%2F2024%2F04%2FData-IT-Mobil-05.jpg&#038;fit=crop&#038;w=591&#038;h=540&#038;s=ade40ce466529fac21479ed72cad2365 591w, https:\/\/www.abf.se\/sodertalje-nykvarn\/resized\/?url=https%3A%2F%2Fwww.abf.se%2Fwp-content%2Fuploads%2F2024%2F04%2FData-IT-Mobil-05.jpg&#038;fit=crop&#038;w=663&#038;h=540&#038;s=8eaf67165c2545b8009d9525fa45590a 663w, https:\/\/www.abf.se\/sodertalje-nykvarn\/resized\/?url=https%3A%2F%2Fwww.abf.se%2Fwp-content%2Fuploads%2F2024%2F04%2FData-IT-Mobil-05.jpg&#038;fit=crop&#038;w=750&#038;h=540&#038;s=a8157b2393c92a528a520734c4e767e3 750w, https:\/\/www.abf.se\/sodertalje-nykvarn\/resized\/?url=https%3A%2F%2Fwww.abf.se%2Fwp-content%2Fuploads%2F2024%2F04%2FData-IT-Mobil-05.jpg&#038;fit=crop&#038;w=894&#038;h=540&#038;s=bbffec76a930afbc6a76d7e436c16ee8 894w, https:\/\/www.abf.se\/sodertalje-nykvarn\/resized\/?url=https%3A%2F%2Fwww.abf.se%2Fwp-content%2Fuploads%2F2024%2F04%2FData-IT-Mobil-05.jpg&#038;fit=crop&#038;w=1038&#038;h=540&#038;s=6278ef77fcc17526cf8956b900afc344 1038w, https:\/\/www.abf.se\/sodertalje-nykvarn\/resized\/?url=https%3A%2F%2Fwww.abf.se%2Fwp-content%2Fuploads%2F2024%2F04%2FData-IT-Mobil-05.jpg&#038;fit=crop&#038;w=1182&#038;h=540&#038;s=0f7dcd625a2a0faf2c1e3917c6bd72ed 1182w, https:\/\/www.abf.se\/sodertalje-nykvarn\/resized\/?url=https%3A%2F%2Fwww.abf.se%2Fwp-content%2Fuploads%2F2024%2F04%2FData-IT-Mobil-05.jpg&#038;fit=crop&#038;w=1326&#038;h=540&#038;s=1be679f7682c772557f932c026e33f45 1326w, https:\/\/www.abf.se\/sodertalje-nykvarn\/resized\/?url=https%3A%2F%2Fwww.abf.se%2Fwp-content%2Fuploads%2F2024%2F04%2FData-IT-Mobil-05.jpg&#038;fit=crop&#038;w=1440&#038;h=540&#038;s=b3d2c054091a7dbb7c89115078c1b94c 1440w\" alt=\"\" height=\"540\" width=\"1440\" sizes=\"(max-width: 1440px) calc(100vw - 32px), 1440px\" loading=\"eager\" fetchpriority=\"high\" aria-hidden=\"true\" role=\"presentation\" \/><\/picture>\n        \n\n            <\/div>\n\n    <\/div>\n\n<div\n    class=\"acf-article-text-block article-container my-12\"\n    data-block=\"article-text-block\"\n>\n    <div class=\"wysiwyg\">\n        <p>S\u00e5h\u00e4r rapporterar du n\u00e4rvaro:<br \/>\nOm det \u00e4r f\u00f6rsta g\u00e5ngen du anv\u00e4nder e-tj\u00e4nsten f\u00e5r du ett mail med inloggningsuppgifter i samband med att ABF registrerat ditt arrangemang.<\/p>\n<p>Ditt anv\u00e4ndarnamn \u00e4r alltid ditt personnummer. Det automatiska l\u00f6senordet kan du byta n\u00e4r du loggat in genom att klicka p\u00e5 din profil i \u00f6vre h\u00f6gra h\u00f6rnet.<\/p>\n<p>Den digitala n\u00e4rvarolistan, s\u00e5 kallade e-listan, har du enkelt med dig i din mobiltelefon, dator eller surfplatta. Bifogat i n\u00e4rvarolistan finns \u00e4ven arbetsplanen som du fyller i tillsammans med cirkeldeltagarna, g\u00e4rna i b\u00f6rjan av studiecirkeln.<\/p>\n<p>S\u00e5 h\u00e4r g\u00f6r du:<br \/>\nDu g\u00e5r in p\u00e5 din digitala n\u00e4rvarolista vid varje kurstillf\u00e4lle.<br \/>\nF\u00f6rsta g\u00e5ngen du \u00f6ppnar ett arrangemang f\u00e5r du upp ett f\u00f6nster med villkor som ska godk\u00e4nnas.<br \/>\nP\u00e5 den digitala n\u00e4rvarolistan markerar du deltagarnas n\u00e4rvaro samt tillf\u00e4llets antal studietimmar ( 1 studietimme=45 minuter).<br \/>\nFyll i arbetsplanen, g\u00e4rna i b\u00f6rjan av cirkeln.<br \/>\nEfter avslutad cirkel signerar du n\u00e4rvarolistan.<br \/>\nF\u00e5r du l\u00f6n fr\u00e5n ABF f\u00f6r att du leder cirkeln f\u00e5r du ocks\u00e5 upp dina anst\u00e4llningsvillkor.<br \/>\nOm du beh\u00f6ver en <a href=\"https:\/\/www.abf.se\/wp-content\/uploads\/2024\/03\/abfs-e-tjanst-kort-lathund.pdf\">manual finns den tillg\u00e4nglig h\u00e4r<\/a>! (PDF).<\/p>\n\n    <\/div>\n<\/div>\n","protected":false},"excerpt":{"rendered":"","protected":false},"author":54,"featured_media":0,"parent":0,"menu_order":0,"comment_status":"closed","ping_status":"closed","template":"","meta":{"_acf_changed":false,"footnotes":""},"class_list":["post-1836","page","type-page","status-publish","hentry"],"acf":[],"yoast_head":"<!-- This site is optimized with the Yoast SEO plugin v27.0 - https:\/\/yoast.com\/product\/yoast-seo-wordpress\/ -->\n<title>Guide till n\u00e4rvarorapportering - S\u00f6dert\u00e4lje-Nykvarn<\/title>\n<meta name=\"robots\" content=\"index, follow, max-snippet:-1, max-image-preview:large, max-video-preview:-1\" \/>\n<link rel=\"canonical\" href=\"https:\/\/www.abf.se\/sodertalje-nykvarn\/guide-till-narvarorapportering\/\" \/>\n<meta property=\"og:locale\" content=\"sv_SE\" \/>\n<meta property=\"og:type\" content=\"article\" \/>\n<meta property=\"og:title\" content=\"Guide till n\u00e4rvarorapportering - S\u00f6dert\u00e4lje-Nykvarn\" \/>\n<meta property=\"og:url\" content=\"https:\/\/www.abf.se\/sodertalje-nykvarn\/guide-till-narvarorapportering\/\" \/>\n<meta property=\"og:site_name\" content=\"S\u00f6dert\u00e4lje-Nykvarn\" \/>\n<meta property=\"article:modified_time\" content=\"2024-09-05T09:10:06+00:00\" \/>\n<meta property=\"og:image\" content=\"https:\/\/www.abf.se\/wp-content\/uploads\/sites\/48\/2024\/04\/Nyckeln-liggande-scaled.jpg\" \/>\n\t<meta property=\"og:image:width\" content=\"2560\" \/>\n\t<meta property=\"og:image:height\" content=\"1440\" \/>\n\t<meta property=\"og:image:type\" content=\"image\/jpeg\" \/>\n<meta name=\"twitter:card\" content=\"summary_large_image\" \/>\n<script type=\"application\/ld+json\" class=\"yoast-schema-graph\">{\"@context\":\"https:\/\/schema.org\",\"@graph\":[{\"@type\":\"WebPage\",\"@id\":\"https:\/\/www.abf.se\/sodertalje-nykvarn\/guide-till-narvarorapportering\/\",\"url\":\"https:\/\/www.abf.se\/sodertalje-nykvarn\/guide-till-narvarorapportering\/\",\"name\":\"Guide till n\u00e4rvarorapportering - S\u00f6dert\u00e4lje-Nykvarn\",\"isPartOf\":{\"@id\":\"https:\/\/www.abf.se\/sodertalje-nykvarn\/#website\"},\"datePublished\":\"2024-09-05T08:25:02+00:00\",\"dateModified\":\"2024-09-05T09:10:06+00:00\",\"breadcrumb\":{\"@id\":\"https:\/\/www.abf.se\/sodertalje-nykvarn\/guide-till-narvarorapportering\/#breadcrumb\"},\"inLanguage\":\"sv-SE\",\"potentialAction\":[{\"@type\":\"ReadAction\",\"target\":[\"https:\/\/www.abf.se\/sodertalje-nykvarn\/guide-till-narvarorapportering\/\"]}]},{\"@type\":\"BreadcrumbList\",\"@id\":\"https:\/\/www.abf.se\/sodertalje-nykvarn\/guide-till-narvarorapportering\/#breadcrumb\",\"itemListElement\":[{\"@type\":\"ListItem\",\"position\":1,\"name\":\"Home\",\"item\":\"https:\/\/www.abf.se\/sodertalje-nykvarn\/\"},{\"@type\":\"ListItem\",\"position\":2,\"name\":\"Guide till n\u00e4rvarorapportering\"}]},{\"@type\":\"WebSite\",\"@id\":\"https:\/\/www.abf.se\/sodertalje-nykvarn\/#website\",\"url\":\"https:\/\/www.abf.se\/sodertalje-nykvarn\/\",\"name\":\"S\u00f6dert\u00e4lje-Nykvarn\",\"description\":\"\",\"potentialAction\":[{\"@type\":\"SearchAction\",\"target\":{\"@type\":\"EntryPoint\",\"urlTemplate\":\"https:\/\/www.abf.se\/sodertalje-nykvarn\/?s={search_term_string}\"},\"query-input\":{\"@type\":\"PropertyValueSpecification\",\"valueRequired\":true,\"valueName\":\"search_term_string\"}}],\"inLanguage\":\"sv-SE\"}]}<\/script>\n<!-- \/ Yoast SEO plugin. -->","yoast_head_json":{"title":"Guide till n\u00e4rvarorapportering - S\u00f6dert\u00e4lje-Nykvarn","robots":{"index":"index","follow":"follow","max-snippet":"max-snippet:-1","max-image-preview":"max-image-preview:large","max-video-preview":"max-video-preview:-1"},"canonical":"https:\/\/www.abf.se\/sodertalje-nykvarn\/guide-till-narvarorapportering\/","og_locale":"sv_SE","og_type":"article","og_title":"Guide till n\u00e4rvarorapportering - S\u00f6dert\u00e4lje-Nykvarn","og_url":"https:\/\/www.abf.se\/sodertalje-nykvarn\/guide-till-narvarorapportering\/","og_site_name":"S\u00f6dert\u00e4lje-Nykvarn","article_modified_time":"2024-09-05T09:10:06+00:00","og_image":[{"width":2560,"height":1440,"url":"https:\/\/www.abf.se\/wp-content\/uploads\/sites\/48\/2024\/04\/Nyckeln-liggande-scaled.jpg","type":"image\/jpeg"}],"twitter_card":"summary_large_image","schema":{"@context":"https:\/\/schema.org","@graph":[{"@type":"WebPage","@id":"https:\/\/www.abf.se\/sodertalje-nykvarn\/guide-till-narvarorapportering\/","url":"https:\/\/www.abf.se\/sodertalje-nykvarn\/guide-till-narvarorapportering\/","name":"Guide till n\u00e4rvarorapportering - S\u00f6dert\u00e4lje-Nykvarn","isPartOf":{"@id":"https:\/\/www.abf.se\/sodertalje-nykvarn\/#website"},"datePublished":"2024-09-05T08:25:02+00:00","dateModified":"2024-09-05T09:10:06+00:00","breadcrumb":{"@id":"https:\/\/www.abf.se\/sodertalje-nykvarn\/guide-till-narvarorapportering\/#breadcrumb"},"inLanguage":"sv-SE","potentialAction":[{"@type":"ReadAction","target":["https:\/\/www.abf.se\/sodertalje-nykvarn\/guide-till-narvarorapportering\/"]}]},{"@type":"BreadcrumbList","@id":"https:\/\/www.abf.se\/sodertalje-nykvarn\/guide-till-narvarorapportering\/#breadcrumb","itemListElement":[{"@type":"ListItem","position":1,"name":"Home","item":"https:\/\/www.abf.se\/sodertalje-nykvarn\/"},{"@type":"ListItem","position":2,"name":"Guide till n\u00e4rvarorapportering"}]},{"@type":"WebSite","@id":"https:\/\/www.abf.se\/sodertalje-nykvarn\/#website","url":"https:\/\/www.abf.se\/sodertalje-nykvarn\/","name":"S\u00f6dert\u00e4lje-Nykvarn","description":"","potentialAction":[{"@type":"SearchAction","target":{"@type":"EntryPoint","urlTemplate":"https:\/\/www.abf.se\/sodertalje-nykvarn\/?s={search_term_string}"},"query-input":{"@type":"PropertyValueSpecification","valueRequired":true,"valueName":"search_term_string"}}],"inLanguage":"sv-SE"}]}},"_links":{"self":[{"href":"https:\/\/www.abf.se\/sodertalje-nykvarn\/wp-json\/wp\/v2\/pages\/1836","targetHints":{"allow":["GET"]}}],"collection":[{"href":"https:\/\/www.abf.se\/sodertalje-nykvarn\/wp-json\/wp\/v2\/pages"}],"about":[{"href":"https:\/\/www.abf.se\/sodertalje-nykvarn\/wp-json\/wp\/v2\/types\/page"}],"author":[{"embeddable":true,"href":"https:\/\/www.abf.se\/sodertalje-nykvarn\/wp-json\/wp\/v2\/users\/54"}],"replies":[{"embeddable":true,"href":"https:\/\/www.abf.se\/sodertalje-nykvarn\/wp-json\/wp\/v2\/comments?post=1836"}],"version-history":[{"count":3,"href":"https:\/\/www.abf.se\/sodertalje-nykvarn\/wp-json\/wp\/v2\/pages\/1836\/revisions"}],"predecessor-version":[{"id":1853,"href":"https:\/\/www.abf.se\/sodertalje-nykvarn\/wp-json\/wp\/v2\/pages\/1836\/revisions\/1853"}],"wp:attachment":[{"href":"https:\/\/www.abf.se\/sodertalje-nykvarn\/wp-json\/wp\/v2\/media?parent=1836"}],"curies":[{"name":"wp","href":"https:\/\/api.w.org\/{rel}","templated":true}]}}