{"id":1849,"date":"2024-09-05T10:48:47","date_gmt":"2024-09-05T08:48:47","guid":{"rendered":"https:\/\/www.abf.se\/sodertalje-nykvarn\/?page_id=1849"},"modified":"2024-09-05T10:48:47","modified_gmt":"2024-09-05T08:48:47","slug":"cirkelledarutbildning","status":"publish","type":"page","link":"https:\/\/www.abf.se\/sodertalje-nykvarn\/cirkelledarutbildning\/","title":{"rendered":"Cirkelledarutbildning"},"content":{"rendered":"<div\n    class=\"acf-hero-block container-lg no-padding mb-12 js-geolocation\"\n    data-block=\"hero-block\"\n    data-index=\"0\"\n>\n    <div class=\"h-[548px]  relative rounded-[32px] overflow-hidden flex bg-gray-light\">\n        <div class=\"relative z-10 mt-auto h-auto w-full md:h-full\">\n            <div class=\"flex w-full h-full flex-col flex-wrap justify-end w-full md:w-7\/12 lg:w-1\/2 md:justify-center\">\n                <div class=\"flex flex-col gap-3 md:gap-[18px] md:transparent pt-16 pb-36 md:py-8 px-4 w-full md:max-w-[620px] mx-auto px-8\">\n\n                    <h1 class=\"hero-heading hero-heading--red-text\"><span>Cirkelledarutbildning<\/span><\/h1>\n\n                    \n                                    <\/div>\n            <\/div>\n        <\/div>\n\n                    <picture class=\"as-background-image mix-blend-multiply bg-black\/40\"><img decoding=\"async\" src=\"https:\/\/www.abf.se\/sodertalje-nykvarn\/resized\/?url=https%3A%2F%2Fwww.abf.se%2Fwp-content%2Fuploads%2F2024%2F04%2FUnga-kvinnor-med-mobil-Foto-Shingi-Rice_unsplash-scaled.jpg&#038;fit=crop&#038;w=1440&#038;s=bf89e1a59fe6d9485837bd2e144eddf0\" srcset=\"https:\/\/www.abf.se\/sodertalje-nykvarn\/resized\/?url=https%3A%2F%2Fwww.abf.se%2Fwp-content%2Fuploads%2F2024%2F04%2FUnga-kvinnor-med-mobil-Foto-Shingi-Rice_unsplash-scaled.jpg&#038;fit=crop&#038;w=375&#038;h=540&#038;s=0f7a36b2745ca016a30e1333b06917c3 375w, https:\/\/www.abf.se\/sodertalje-nykvarn\/resized\/?url=https%3A%2F%2Fwww.abf.se%2Fwp-content%2Fuploads%2F2024%2F04%2FUnga-kvinnor-med-mobil-Foto-Shingi-Rice_unsplash-scaled.jpg&#038;fit=crop&#038;w=447&#038;h=540&#038;s=0bcf3821084da306a2039f6ea909c445 447w, https:\/\/www.abf.se\/sodertalje-nykvarn\/resized\/?url=https%3A%2F%2Fwww.abf.se%2Fwp-content%2Fuploads%2F2024%2F04%2FUnga-kvinnor-med-mobil-Foto-Shingi-Rice_unsplash-scaled.jpg&#038;fit=crop&#038;w=519&#038;h=540&#038;s=1e1d34cfb7d639f23d8602135c018623 519w, https:\/\/www.abf.se\/sodertalje-nykvarn\/resized\/?url=https%3A%2F%2Fwww.abf.se%2Fwp-content%2Fuploads%2F2024%2F04%2FUnga-kvinnor-med-mobil-Foto-Shingi-Rice_unsplash-scaled.jpg&#038;fit=crop&#038;w=591&#038;h=540&#038;s=18f4ef7e65fae7e18825e37265c2c7a5 591w, https:\/\/www.abf.se\/sodertalje-nykvarn\/resized\/?url=https%3A%2F%2Fwww.abf.se%2Fwp-content%2Fuploads%2F2024%2F04%2FUnga-kvinnor-med-mobil-Foto-Shingi-Rice_unsplash-scaled.jpg&#038;fit=crop&#038;w=663&#038;h=540&#038;s=4bbdd506f2fe53b16b07a851b5b41fc6 663w, https:\/\/www.abf.se\/sodertalje-nykvarn\/resized\/?url=https%3A%2F%2Fwww.abf.se%2Fwp-content%2Fuploads%2F2024%2F04%2FUnga-kvinnor-med-mobil-Foto-Shingi-Rice_unsplash-scaled.jpg&#038;fit=crop&#038;w=750&#038;h=540&#038;s=c8d3c7553694e89e8ca815c59d35345c 750w, https:\/\/www.abf.se\/sodertalje-nykvarn\/resized\/?url=https%3A%2F%2Fwww.abf.se%2Fwp-content%2Fuploads%2F2024%2F04%2FUnga-kvinnor-med-mobil-Foto-Shingi-Rice_unsplash-scaled.jpg&#038;fit=crop&#038;w=894&#038;h=540&#038;s=038d915ad373fe90e85fd5dab2d96d11 894w, https:\/\/www.abf.se\/sodertalje-nykvarn\/resized\/?url=https%3A%2F%2Fwww.abf.se%2Fwp-content%2Fuploads%2F2024%2F04%2FUnga-kvinnor-med-mobil-Foto-Shingi-Rice_unsplash-scaled.jpg&#038;fit=crop&#038;w=1038&#038;h=540&#038;s=9432356be08792601dd9bee4a68fd0d7 1038w, https:\/\/www.abf.se\/sodertalje-nykvarn\/resized\/?url=https%3A%2F%2Fwww.abf.se%2Fwp-content%2Fuploads%2F2024%2F04%2FUnga-kvinnor-med-mobil-Foto-Shingi-Rice_unsplash-scaled.jpg&#038;fit=crop&#038;w=1182&#038;h=540&#038;s=9a1212345910837ca6db7efde2e7fafc 1182w, https:\/\/www.abf.se\/sodertalje-nykvarn\/resized\/?url=https%3A%2F%2Fwww.abf.se%2Fwp-content%2Fuploads%2F2024%2F04%2FUnga-kvinnor-med-mobil-Foto-Shingi-Rice_unsplash-scaled.jpg&#038;fit=crop&#038;w=1326&#038;h=540&#038;s=083017eba403b79dc2a0321bdc130227 1326w, https:\/\/www.abf.se\/sodertalje-nykvarn\/resized\/?url=https%3A%2F%2Fwww.abf.se%2Fwp-content%2Fuploads%2F2024%2F04%2FUnga-kvinnor-med-mobil-Foto-Shingi-Rice_unsplash-scaled.jpg&#038;fit=crop&#038;w=1440&#038;h=540&#038;s=fa528af8b30df44bbeed5d9400aadc06 1440w\" alt=\"\" height=\"540\" width=\"1440\" sizes=\"(max-width: 1440px) calc(100vw - 32px), 1440px\" loading=\"eager\" fetchpriority=\"high\" aria-hidden=\"true\" role=\"presentation\" \/><\/picture>\n        \n\n            <\/div>\n\n    <\/div>\n\n<div\n    class=\"acf-article-text-block article-container my-12\"\n    data-block=\"article-text-block\"\n>\n    <div class=\"wysiwyg\">\n        <p><strong>Cirkelledarutbildning<\/strong><br \/>\nSom cirkelledare \u00e4r du en ambassad\u00f6r f\u00f6r ABF och vi tycker att det \u00e4r viktigt att du har m\u00f6jlighet att forts\u00e4tta utvecklas som ledare.<\/p>\n<p>Du kommer att bjudas in till ABFs cirkelledarutbildning GRUND som \u00e4r f\u00f6rsta steget i v\u00e5r utbildningstrappa. Vi vill med utbildningen skapa ett intresse och en f\u00f6rst\u00e5else f\u00f6r vad ABF och folkbildning egentligen \u00e4r. H\u00e4r f\u00e5r du mer kunskap om folkbildning, studiecirkelpedagogik med mera.<\/p>\n<p>GRUND \u00e4r bara b\u00f6rjan och n\u00e4r du har g\u00e5tt den finns flera forts\u00e4ttnings och f\u00f6rdjupningsutbildningar som du kan delta i. H\u00e4r diskuteras sp\u00e4nnande \u00e4mnen som ledarskap, gruppdynamik, folkbildningshistoria, distanspedagogik, teknik f\u00f6r studiecirkeln m.m.<\/p>\n<p>Vill du veta mer?<\/p>\n<p><strong>Kontakta oss: 08-554 424 30 eller info.sodertalje-nykvarn@abf.se<\/strong><\/p>\n\n    <\/div>\n<\/div>\n","protected":false},"excerpt":{"rendered":"","protected":false},"author":54,"featured_media":0,"parent":0,"menu_order":0,"comment_status":"closed","ping_status":"closed","template":"","meta":{"_acf_changed":false,"footnotes":""},"class_list":["post-1849","page","type-page","status-publish","hentry"],"acf":[],"yoast_head":"<!-- This site is optimized with the Yoast SEO plugin v27.0 - https:\/\/yoast.com\/product\/yoast-seo-wordpress\/ -->\n<title>Cirkelledarutbildning - S\u00f6dert\u00e4lje-Nykvarn<\/title>\n<meta name=\"robots\" content=\"index, follow, max-snippet:-1, max-image-preview:large, max-video-preview:-1\" \/>\n<link rel=\"canonical\" href=\"https:\/\/www.abf.se\/sodertalje-nykvarn\/cirkelledarutbildning\/\" \/>\n<meta property=\"og:locale\" content=\"sv_SE\" \/>\n<meta property=\"og:type\" content=\"article\" \/>\n<meta property=\"og:title\" content=\"Cirkelledarutbildning - S\u00f6dert\u00e4lje-Nykvarn\" \/>\n<meta property=\"og:url\" content=\"https:\/\/www.abf.se\/sodertalje-nykvarn\/cirkelledarutbildning\/\" \/>\n<meta property=\"og:site_name\" content=\"S\u00f6dert\u00e4lje-Nykvarn\" \/>\n<meta property=\"og:image\" content=\"https:\/\/www.abf.se\/wp-content\/uploads\/sites\/48\/2024\/04\/Nyckeln-liggande-scaled.jpg\" \/>\n\t<meta property=\"og:image:width\" content=\"2560\" \/>\n\t<meta property=\"og:image:height\" content=\"1440\" \/>\n\t<meta property=\"og:image:type\" content=\"image\/jpeg\" \/>\n<meta name=\"twitter:card\" content=\"summary_large_image\" \/>\n<script type=\"application\/ld+json\" class=\"yoast-schema-graph\">{\"@context\":\"https:\/\/schema.org\",\"@graph\":[{\"@type\":\"WebPage\",\"@id\":\"https:\/\/www.abf.se\/sodertalje-nykvarn\/cirkelledarutbildning\/\",\"url\":\"https:\/\/www.abf.se\/sodertalje-nykvarn\/cirkelledarutbildning\/\",\"name\":\"Cirkelledarutbildning - S\u00f6dert\u00e4lje-Nykvarn\",\"isPartOf\":{\"@id\":\"https:\/\/www.abf.se\/sodertalje-nykvarn\/#website\"},\"datePublished\":\"2024-09-05T08:48:47+00:00\",\"breadcrumb\":{\"@id\":\"https:\/\/www.abf.se\/sodertalje-nykvarn\/cirkelledarutbildning\/#breadcrumb\"},\"inLanguage\":\"sv-SE\",\"potentialAction\":[{\"@type\":\"ReadAction\",\"target\":[\"https:\/\/www.abf.se\/sodertalje-nykvarn\/cirkelledarutbildning\/\"]}]},{\"@type\":\"BreadcrumbList\",\"@id\":\"https:\/\/www.abf.se\/sodertalje-nykvarn\/cirkelledarutbildning\/#breadcrumb\",\"itemListElement\":[{\"@type\":\"ListItem\",\"position\":1,\"name\":\"Home\",\"item\":\"https:\/\/www.abf.se\/sodertalje-nykvarn\/\"},{\"@type\":\"ListItem\",\"position\":2,\"name\":\"Cirkelledarutbildning\"}]},{\"@type\":\"WebSite\",\"@id\":\"https:\/\/www.abf.se\/sodertalje-nykvarn\/#website\",\"url\":\"https:\/\/www.abf.se\/sodertalje-nykvarn\/\",\"name\":\"S\u00f6dert\u00e4lje-Nykvarn\",\"description\":\"\",\"potentialAction\":[{\"@type\":\"SearchAction\",\"target\":{\"@type\":\"EntryPoint\",\"urlTemplate\":\"https:\/\/www.abf.se\/sodertalje-nykvarn\/?s={search_term_string}\"},\"query-input\":{\"@type\":\"PropertyValueSpecification\",\"valueRequired\":true,\"valueName\":\"search_term_string\"}}],\"inLanguage\":\"sv-SE\"}]}<\/script>\n<!-- \/ Yoast SEO plugin. -->","yoast_head_json":{"title":"Cirkelledarutbildning - S\u00f6dert\u00e4lje-Nykvarn","robots":{"index":"index","follow":"follow","max-snippet":"max-snippet:-1","max-image-preview":"max-image-preview:large","max-video-preview":"max-video-preview:-1"},"canonical":"https:\/\/www.abf.se\/sodertalje-nykvarn\/cirkelledarutbildning\/","og_locale":"sv_SE","og_type":"article","og_title":"Cirkelledarutbildning - S\u00f6dert\u00e4lje-Nykvarn","og_url":"https:\/\/www.abf.se\/sodertalje-nykvarn\/cirkelledarutbildning\/","og_site_name":"S\u00f6dert\u00e4lje-Nykvarn","og_image":[{"width":2560,"height":1440,"url":"https:\/\/www.abf.se\/wp-content\/uploads\/sites\/48\/2024\/04\/Nyckeln-liggande-scaled.jpg","type":"image\/jpeg"}],"twitter_card":"summary_large_image","schema":{"@context":"https:\/\/schema.org","@graph":[{"@type":"WebPage","@id":"https:\/\/www.abf.se\/sodertalje-nykvarn\/cirkelledarutbildning\/","url":"https:\/\/www.abf.se\/sodertalje-nykvarn\/cirkelledarutbildning\/","name":"Cirkelledarutbildning - S\u00f6dert\u00e4lje-Nykvarn","isPartOf":{"@id":"https:\/\/www.abf.se\/sodertalje-nykvarn\/#website"},"datePublished":"2024-09-05T08:48:47+00:00","breadcrumb":{"@id":"https:\/\/www.abf.se\/sodertalje-nykvarn\/cirkelledarutbildning\/#breadcrumb"},"inLanguage":"sv-SE","potentialAction":[{"@type":"ReadAction","target":["https:\/\/www.abf.se\/sodertalje-nykvarn\/cirkelledarutbildning\/"]}]},{"@type":"BreadcrumbList","@id":"https:\/\/www.abf.se\/sodertalje-nykvarn\/cirkelledarutbildning\/#breadcrumb","itemListElement":[{"@type":"ListItem","position":1,"name":"Home","item":"https:\/\/www.abf.se\/sodertalje-nykvarn\/"},{"@type":"ListItem","position":2,"name":"Cirkelledarutbildning"}]},{"@type":"WebSite","@id":"https:\/\/www.abf.se\/sodertalje-nykvarn\/#website","url":"https:\/\/www.abf.se\/sodertalje-nykvarn\/","name":"S\u00f6dert\u00e4lje-Nykvarn","description":"","potentialAction":[{"@type":"SearchAction","target":{"@type":"EntryPoint","urlTemplate":"https:\/\/www.abf.se\/sodertalje-nykvarn\/?s={search_term_string}"},"query-input":{"@type":"PropertyValueSpecification","valueRequired":true,"valueName":"search_term_string"}}],"inLanguage":"sv-SE"}]}},"_links":{"self":[{"href":"https:\/\/www.abf.se\/sodertalje-nykvarn\/wp-json\/wp\/v2\/pages\/1849","targetHints":{"allow":["GET"]}}],"collection":[{"href":"https:\/\/www.abf.se\/sodertalje-nykvarn\/wp-json\/wp\/v2\/pages"}],"about":[{"href":"https:\/\/www.abf.se\/sodertalje-nykvarn\/wp-json\/wp\/v2\/types\/page"}],"author":[{"embeddable":true,"href":"https:\/\/www.abf.se\/sodertalje-nykvarn\/wp-json\/wp\/v2\/users\/54"}],"replies":[{"embeddable":true,"href":"https:\/\/www.abf.se\/sodertalje-nykvarn\/wp-json\/wp\/v2\/comments?post=1849"}],"version-history":[{"count":1,"href":"https:\/\/www.abf.se\/sodertalje-nykvarn\/wp-json\/wp\/v2\/pages\/1849\/revisions"}],"predecessor-version":[{"id":1850,"href":"https:\/\/www.abf.se\/sodertalje-nykvarn\/wp-json\/wp\/v2\/pages\/1849\/revisions\/1850"}],"wp:attachment":[{"href":"https:\/\/www.abf.se\/sodertalje-nykvarn\/wp-json\/wp\/v2\/media?parent=1849"}],"curies":[{"name":"wp","href":"https:\/\/api.w.org\/{rel}","templated":true}]}}