{"id":2601,"date":"2024-12-16T10:17:51","date_gmt":"2024-12-16T09:17:51","guid":{"rendered":"https:\/\/www.abf.se\/sodertalje-nykvarn\/?page_id=2601"},"modified":"2026-02-23T15:34:18","modified_gmt":"2026-02-23T14:34:18","slug":"sprak","status":"publish","type":"page","link":"https:\/\/www.abf.se\/sodertalje-nykvarn\/sprak\/","title":{"rendered":"Skriva- sociala medier och spr\u00e5kkurser"},"content":{"rendered":"<div\n    class=\"acf-hero-block container-lg no-padding mb-12 js-geolocation\"\n    data-block=\"hero-block\"\n    data-index=\"0\"\n>\n    <div class=\"h-[548px]  relative rounded-[32px] overflow-hidden flex bg-gray-light\">\n        <div class=\"relative z-10 mt-auto h-auto w-full md:h-full\">\n            <div class=\"flex w-full h-full flex-col flex-wrap justify-end w-full md:w-7\/12 lg:w-1\/2 md:justify-center\">\n                <div class=\"flex flex-col gap-3 md:gap-[18px] md:transparent pt-16 pb-36 md:py-8 px-4 w-full md:max-w-[620px] mx-auto px-8\">\n\n                    <h1 class=\"hero-heading hero-heading--red-text\"><span>Skriva Spr\u00e5kkurser<\/span><\/h1>\n\n                    \n                                    <\/div>\n            <\/div>\n        <\/div>\n\n                    <picture class=\"as-background-image mix-blend-multiply bg-black\/40\"><img decoding=\"async\" src=\"https:\/\/www.abf.se\/sodertalje-nykvarn\/resized\/?url=https%3A%2F%2Fwww.abf.se%2Fwp-content%2Fuploads%2Fsites%2F48%2F2024%2F12%2FSprak.jpg&#038;fit=crop&#038;w=1440&#038;s=41a23f58f08b84f98b1f9ec874a9184f\" srcset=\"https:\/\/www.abf.se\/sodertalje-nykvarn\/resized\/?url=https%3A%2F%2Fwww.abf.se%2Fwp-content%2Fuploads%2Fsites%2F48%2F2024%2F12%2FSprak.jpg&#038;fit=crop&#038;w=375&#038;h=540&#038;s=76a108f83297ada2697f8ef0bd6d20bc 375w, https:\/\/www.abf.se\/sodertalje-nykvarn\/resized\/?url=https%3A%2F%2Fwww.abf.se%2Fwp-content%2Fuploads%2Fsites%2F48%2F2024%2F12%2FSprak.jpg&#038;fit=crop&#038;w=447&#038;h=540&#038;s=161effbcfaf1a77aa8dee9b4375c9376 447w, https:\/\/www.abf.se\/sodertalje-nykvarn\/resized\/?url=https%3A%2F%2Fwww.abf.se%2Fwp-content%2Fuploads%2Fsites%2F48%2F2024%2F12%2FSprak.jpg&#038;fit=crop&#038;w=519&#038;h=540&#038;s=964511725e8c17d0f87c6a98cb5807dc 519w, https:\/\/www.abf.se\/sodertalje-nykvarn\/resized\/?url=https%3A%2F%2Fwww.abf.se%2Fwp-content%2Fuploads%2Fsites%2F48%2F2024%2F12%2FSprak.jpg&#038;fit=crop&#038;w=591&#038;h=540&#038;s=e5d819d9e7a81b449c7c7933636f61cb 591w, https:\/\/www.abf.se\/sodertalje-nykvarn\/resized\/?url=https%3A%2F%2Fwww.abf.se%2Fwp-content%2Fuploads%2Fsites%2F48%2F2024%2F12%2FSprak.jpg&#038;fit=crop&#038;w=663&#038;h=540&#038;s=bd997d9e9b006adb7a49fffef2bf505c 663w, https:\/\/www.abf.se\/sodertalje-nykvarn\/resized\/?url=https%3A%2F%2Fwww.abf.se%2Fwp-content%2Fuploads%2Fsites%2F48%2F2024%2F12%2FSprak.jpg&#038;fit=crop&#038;w=750&#038;h=540&#038;s=1ceffabb9840c4fbee311977854dccfd 750w, https:\/\/www.abf.se\/sodertalje-nykvarn\/resized\/?url=https%3A%2F%2Fwww.abf.se%2Fwp-content%2Fuploads%2Fsites%2F48%2F2024%2F12%2FSprak.jpg&#038;fit=crop&#038;w=894&#038;h=540&#038;s=5b8823d194810ae290ae7c2f0b66c126 894w, https:\/\/www.abf.se\/sodertalje-nykvarn\/resized\/?url=https%3A%2F%2Fwww.abf.se%2Fwp-content%2Fuploads%2Fsites%2F48%2F2024%2F12%2FSprak.jpg&#038;fit=crop&#038;w=1038&#038;h=540&#038;s=8c10eb1aec1ee309c6aa893e4d947c94 1038w, https:\/\/www.abf.se\/sodertalje-nykvarn\/resized\/?url=https%3A%2F%2Fwww.abf.se%2Fwp-content%2Fuploads%2Fsites%2F48%2F2024%2F12%2FSprak.jpg&#038;fit=crop&#038;w=1182&#038;h=540&#038;s=822f4ebfd80a98c611c8a4e19915b0f1 1182w, https:\/\/www.abf.se\/sodertalje-nykvarn\/resized\/?url=https%3A%2F%2Fwww.abf.se%2Fwp-content%2Fuploads%2Fsites%2F48%2F2024%2F12%2FSprak.jpg&#038;fit=crop&#038;w=1326&#038;h=540&#038;s=c9c291693bca37b6547db622bd604354 1326w, https:\/\/www.abf.se\/sodertalje-nykvarn\/resized\/?url=https%3A%2F%2Fwww.abf.se%2Fwp-content%2Fuploads%2Fsites%2F48%2F2024%2F12%2FSprak.jpg&#038;fit=crop&#038;w=1440&#038;h=540&#038;s=0a536f20524bbe8f55a536012064898a 1440w\" alt=\"\" height=\"540\" width=\"1440\" sizes=\"(max-width: 1440px) calc(100vw - 32px), 1440px\" loading=\"eager\" fetchpriority=\"high\" aria-hidden=\"true\" role=\"presentation\" \/><\/picture>\n        \n\n            <\/div>\n\n    <\/div>\n\n<div\n    class=\"acf-section-breaker-text my-8 container-lg\"\n    data-block=\"section-breaker-text\"\n>\n    <div class=\"round-corners-lg overflow-hidden pt-36 pb-8 px-5 md:p-16 relative grid grid-cols-1 md:grid-cols-2 lg:grid-cols-5 grid-flow-col-dense\">\n\n            <picture class=\"as-background-image\"><img decoding=\"async\" src=\"https:\/\/www.abf.se\/sodertalje-nykvarn\/resized\/?url=https%3A%2F%2Fwww.abf.se%2Fwp-content%2Fuploads%2Fsites%2F48%2F2025%2F05%2FBild-Italiensk-flagga-250508-scaled.jpg&#038;fit=crop&#038;w=1440&#038;s=89fd9b96463044b97787c730e39b7387\" srcset=\"https:\/\/www.abf.se\/sodertalje-nykvarn\/resized\/?url=https%3A%2F%2Fwww.abf.se%2Fwp-content%2Fuploads%2Fsites%2F48%2F2025%2F05%2FBild-Italiensk-flagga-250508-scaled.jpg&#038;fit=crop&#038;w=375&#038;h=540&#038;s=20954252135db5509ee0069a7ea86874 375w, https:\/\/www.abf.se\/sodertalje-nykvarn\/resized\/?url=https%3A%2F%2Fwww.abf.se%2Fwp-content%2Fuploads%2Fsites%2F48%2F2025%2F05%2FBild-Italiensk-flagga-250508-scaled.jpg&#038;fit=crop&#038;w=499&#038;h=540&#038;s=e1e3cad8c7b040adb4b9d4fdc03899ba 499w, https:\/\/www.abf.se\/sodertalje-nykvarn\/resized\/?url=https%3A%2F%2Fwww.abf.se%2Fwp-content%2Fuploads%2Fsites%2F48%2F2025%2F05%2FBild-Italiensk-flagga-250508-scaled.jpg&#038;fit=crop&#038;w=623&#038;h=540&#038;s=290c6858ac1752a1ee34145b1264e458 623w, https:\/\/www.abf.se\/sodertalje-nykvarn\/resized\/?url=https%3A%2F%2Fwww.abf.se%2Fwp-content%2Fuploads%2Fsites%2F48%2F2025%2F05%2FBild-Italiensk-flagga-250508-scaled.jpg&#038;fit=crop&#038;w=747&#038;h=540&#038;s=680bf15125bfb1c7b552d406b7476e2a 747w, https:\/\/www.abf.se\/sodertalje-nykvarn\/resized\/?url=https%3A%2F%2Fwww.abf.se%2Fwp-content%2Fuploads%2Fsites%2F48%2F2025%2F05%2FBild-Italiensk-flagga-250508-scaled.jpg&#038;fit=crop&#038;w=750&#038;h=540&#038;s=21e2e0b11765c5f2458531aef3276130 750w, https:\/\/www.abf.se\/sodertalje-nykvarn\/resized\/?url=https%3A%2F%2Fwww.abf.se%2Fwp-content%2Fuploads%2Fsites%2F48%2F2025%2F05%2FBild-Italiensk-flagga-250508-scaled.jpg&#038;fit=crop&#038;w=871&#038;h=540&#038;s=23a6d48d7cc13276a137c2f572946359 871w, https:\/\/www.abf.se\/sodertalje-nykvarn\/resized\/?url=https%3A%2F%2Fwww.abf.se%2Fwp-content%2Fuploads%2Fsites%2F48%2F2025%2F05%2FBild-Italiensk-flagga-250508-scaled.jpg&#038;fit=crop&#038;w=995&#038;h=540&#038;s=163c1a7e68e578a6ac22b40e243ffa2b 995w, https:\/\/www.abf.se\/sodertalje-nykvarn\/resized\/?url=https%3A%2F%2Fwww.abf.se%2Fwp-content%2Fuploads%2Fsites%2F48%2F2025%2F05%2FBild-Italiensk-flagga-250508-scaled.jpg&#038;fit=crop&#038;w=998&#038;h=540&#038;s=625dab3f847c2b5e172ec5194ea07473 998w, https:\/\/www.abf.se\/sodertalje-nykvarn\/resized\/?url=https%3A%2F%2Fwww.abf.se%2Fwp-content%2Fuploads%2Fsites%2F48%2F2025%2F05%2FBild-Italiensk-flagga-250508-scaled.jpg&#038;fit=crop&#038;w=1119&#038;h=540&#038;s=d2f867b1ecfc6a1d3a1a89af5ff3c984 1119w, https:\/\/www.abf.se\/sodertalje-nykvarn\/resized\/?url=https%3A%2F%2Fwww.abf.se%2Fwp-content%2Fuploads%2Fsites%2F48%2F2025%2F05%2FBild-Italiensk-flagga-250508-scaled.jpg&#038;fit=crop&#038;w=1243&#038;h=540&#038;s=3259e06811bcb8cc5025e42c54c8a916 1243w, https:\/\/www.abf.se\/sodertalje-nykvarn\/resized\/?url=https%3A%2F%2Fwww.abf.se%2Fwp-content%2Fuploads%2Fsites%2F48%2F2025%2F05%2FBild-Italiensk-flagga-250508-scaled.jpg&#038;fit=crop&#038;w=1246&#038;h=540&#038;s=806a8357a41dda9cb9464c70e3a2fddf 1246w, https:\/\/www.abf.se\/sodertalje-nykvarn\/resized\/?url=https%3A%2F%2Fwww.abf.se%2Fwp-content%2Fuploads%2Fsites%2F48%2F2025%2F05%2FBild-Italiensk-flagga-250508-scaled.jpg&#038;fit=crop&#038;w=1367&#038;h=540&#038;s=58f579fe25f6195285de3664d9291b41 1367w, https:\/\/www.abf.se\/sodertalje-nykvarn\/resized\/?url=https%3A%2F%2Fwww.abf.se%2Fwp-content%2Fuploads%2Fsites%2F48%2F2025%2F05%2FBild-Italiensk-flagga-250508-scaled.jpg&#038;fit=crop&#038;w=1440&#038;h=540&#038;s=769700bba6a210571df21d1d306dc69c 1440w, https:\/\/www.abf.se\/sodertalje-nykvarn\/resized\/?url=https%3A%2F%2Fwww.abf.se%2Fwp-content%2Fuploads%2Fsites%2F48%2F2025%2F05%2FBild-Italiensk-flagga-250508-scaled.jpg&#038;fit=crop&#038;w=1494&#038;h=540&#038;s=fa86803363da8ee9813e6dff934aec5b 1494w, https:\/\/www.abf.se\/sodertalje-nykvarn\/resized\/?url=https%3A%2F%2Fwww.abf.se%2Fwp-content%2Fuploads%2Fsites%2F48%2F2025%2F05%2FBild-Italiensk-flagga-250508-scaled.jpg&#038;fit=crop&#038;w=1742&#038;h=540&#038;s=fe1d3b5e5a82d414e0458b5c90ad36cc 1742w, https:\/\/www.abf.se\/sodertalje-nykvarn\/resized\/?url=https%3A%2F%2Fwww.abf.se%2Fwp-content%2Fuploads%2Fsites%2F48%2F2025%2F05%2FBild-Italiensk-flagga-250508-scaled.jpg&#038;fit=crop&#038;w=1990&#038;h=540&#038;s=826bb0b12af017c527370e7b76162b65 1990w, https:\/\/www.abf.se\/sodertalje-nykvarn\/resized\/?url=https%3A%2F%2Fwww.abf.se%2Fwp-content%2Fuploads%2Fsites%2F48%2F2025%2F05%2FBild-Italiensk-flagga-250508-scaled.jpg&#038;fit=crop&#038;w=2238&#038;h=540&#038;s=efffa843ad877c9319c8a9cd332a11de 2238w, https:\/\/www.abf.se\/sodertalje-nykvarn\/resized\/?url=https%3A%2F%2Fwww.abf.se%2Fwp-content%2Fuploads%2Fsites%2F48%2F2025%2F05%2FBild-Italiensk-flagga-250508-scaled.jpg&#038;fit=crop&#038;w=2486&#038;h=540&#038;s=48f53f9af2c0b213c0811db18a73dd2a 2486w, https:\/\/www.abf.se\/sodertalje-nykvarn\/resized\/?url=https%3A%2F%2Fwww.abf.se%2Fwp-content%2Fuploads%2Fsites%2F48%2F2025%2F05%2FBild-Italiensk-flagga-250508-scaled.jpg&#038;fit=crop&#038;w=2734&#038;h=540&#038;s=0c401a8c847811ca0ad53f43796ee209 2734w\" alt=\"\" height=\"540\" width=\"1440\" sizes=\"auto, \n            (max-width: 1440px) calc(100vw - 32px), 1440px\" loading=\"lazy\" fetchpriority=\"low\" aria-hidden=\"true\" role=\"presentation\" \/><\/picture>\n                <div class=\"bg-white round-corners-sm px-10 py-11 col-span-1  relative z-10 col-start-4 col-end-[-1]\">\n            <h2 class=\"heading-lg mb-4\">Italienska f\u00f6r nyb\u00f6rjare!<\/h2>\n            <div style=\"font-size: 1.25rem; color: black;\" class=\"body-xl wysiwyg\"><p>Start 11 mars, 9 tr\u00e4ffar!<\/p>\n<\/div>\n                                            <a href='https:\/\/www.abf.se\/sodertalje-nykvarn\/kurs\/italienska-for-nyborjare-3887089\/' class=\"default-button mt-8\" target=\"\">L\u00e4s mer!<\/a>\n                    \n        <\/div>\n    <\/div>\n<\/div>\n","protected":false},"excerpt":{"rendered":"","protected":false},"author":50,"featured_media":0,"parent":0,"menu_order":0,"comment_status":"closed","ping_status":"closed","template":"","meta":{"_acf_changed":false,"footnotes":""},"class_list":["post-2601","page","type-page","status-publish","hentry"],"acf":[],"yoast_head":"<!-- This site is optimized with the Yoast SEO plugin v27.0 - https:\/\/yoast.com\/product\/yoast-seo-wordpress\/ -->\n<title>Skriva- sociala medier och spr\u00e5kkurser - S\u00f6dert\u00e4lje-Nykvarn<\/title>\n<meta name=\"robots\" content=\"index, follow, max-snippet:-1, max-image-preview:large, max-video-preview:-1\" \/>\n<link rel=\"canonical\" href=\"https:\/\/www.abf.se\/sodertalje-nykvarn\/sprak\/\" \/>\n<meta property=\"og:locale\" content=\"sv_SE\" \/>\n<meta property=\"og:type\" content=\"article\" \/>\n<meta property=\"og:title\" content=\"Skriva- sociala medier och spr\u00e5kkurser - S\u00f6dert\u00e4lje-Nykvarn\" \/>\n<meta property=\"og:url\" content=\"https:\/\/www.abf.se\/sodertalje-nykvarn\/sprak\/\" \/>\n<meta property=\"og:site_name\" content=\"S\u00f6dert\u00e4lje-Nykvarn\" \/>\n<meta property=\"article:modified_time\" content=\"2026-02-23T14:34:18+00:00\" \/>\n<meta property=\"og:image\" content=\"https:\/\/www.abf.se\/wp-content\/uploads\/sites\/48\/2024\/04\/Nyckeln-liggande-scaled.jpg\" \/>\n\t<meta property=\"og:image:width\" content=\"2560\" \/>\n\t<meta property=\"og:image:height\" content=\"1440\" \/>\n\t<meta property=\"og:image:type\" content=\"image\/jpeg\" \/>\n<meta name=\"twitter:card\" content=\"summary_large_image\" \/>\n<script type=\"application\/ld+json\" class=\"yoast-schema-graph\">{\"@context\":\"https:\/\/schema.org\",\"@graph\":[{\"@type\":\"WebPage\",\"@id\":\"https:\/\/www.abf.se\/sodertalje-nykvarn\/sprak\/\",\"url\":\"https:\/\/www.abf.se\/sodertalje-nykvarn\/sprak\/\",\"name\":\"Skriva- sociala medier och spr\u00e5kkurser - S\u00f6dert\u00e4lje-Nykvarn\",\"isPartOf\":{\"@id\":\"https:\/\/www.abf.se\/sodertalje-nykvarn\/#website\"},\"datePublished\":\"2024-12-16T09:17:51+00:00\",\"dateModified\":\"2026-02-23T14:34:18+00:00\",\"breadcrumb\":{\"@id\":\"https:\/\/www.abf.se\/sodertalje-nykvarn\/sprak\/#breadcrumb\"},\"inLanguage\":\"sv-SE\",\"potentialAction\":[{\"@type\":\"ReadAction\",\"target\":[\"https:\/\/www.abf.se\/sodertalje-nykvarn\/sprak\/\"]}]},{\"@type\":\"BreadcrumbList\",\"@id\":\"https:\/\/www.abf.se\/sodertalje-nykvarn\/sprak\/#breadcrumb\",\"itemListElement\":[{\"@type\":\"ListItem\",\"position\":1,\"name\":\"Home\",\"item\":\"https:\/\/www.abf.se\/sodertalje-nykvarn\/\"},{\"@type\":\"ListItem\",\"position\":2,\"name\":\"Skriva- sociala medier och spr\u00e5kkurser\"}]},{\"@type\":\"WebSite\",\"@id\":\"https:\/\/www.abf.se\/sodertalje-nykvarn\/#website\",\"url\":\"https:\/\/www.abf.se\/sodertalje-nykvarn\/\",\"name\":\"S\u00f6dert\u00e4lje-Nykvarn\",\"description\":\"\",\"potentialAction\":[{\"@type\":\"SearchAction\",\"target\":{\"@type\":\"EntryPoint\",\"urlTemplate\":\"https:\/\/www.abf.se\/sodertalje-nykvarn\/?s={search_term_string}\"},\"query-input\":{\"@type\":\"PropertyValueSpecification\",\"valueRequired\":true,\"valueName\":\"search_term_string\"}}],\"inLanguage\":\"sv-SE\"}]}<\/script>\n<!-- \/ Yoast SEO plugin. -->","yoast_head_json":{"title":"Skriva- sociala medier och spr\u00e5kkurser - S\u00f6dert\u00e4lje-Nykvarn","robots":{"index":"index","follow":"follow","max-snippet":"max-snippet:-1","max-image-preview":"max-image-preview:large","max-video-preview":"max-video-preview:-1"},"canonical":"https:\/\/www.abf.se\/sodertalje-nykvarn\/sprak\/","og_locale":"sv_SE","og_type":"article","og_title":"Skriva- sociala medier och spr\u00e5kkurser - S\u00f6dert\u00e4lje-Nykvarn","og_url":"https:\/\/www.abf.se\/sodertalje-nykvarn\/sprak\/","og_site_name":"S\u00f6dert\u00e4lje-Nykvarn","article_modified_time":"2026-02-23T14:34:18+00:00","og_image":[{"width":2560,"height":1440,"url":"https:\/\/www.abf.se\/wp-content\/uploads\/sites\/48\/2024\/04\/Nyckeln-liggande-scaled.jpg","type":"image\/jpeg"}],"twitter_card":"summary_large_image","schema":{"@context":"https:\/\/schema.org","@graph":[{"@type":"WebPage","@id":"https:\/\/www.abf.se\/sodertalje-nykvarn\/sprak\/","url":"https:\/\/www.abf.se\/sodertalje-nykvarn\/sprak\/","name":"Skriva- sociala medier och spr\u00e5kkurser - S\u00f6dert\u00e4lje-Nykvarn","isPartOf":{"@id":"https:\/\/www.abf.se\/sodertalje-nykvarn\/#website"},"datePublished":"2024-12-16T09:17:51+00:00","dateModified":"2026-02-23T14:34:18+00:00","breadcrumb":{"@id":"https:\/\/www.abf.se\/sodertalje-nykvarn\/sprak\/#breadcrumb"},"inLanguage":"sv-SE","potentialAction":[{"@type":"ReadAction","target":["https:\/\/www.abf.se\/sodertalje-nykvarn\/sprak\/"]}]},{"@type":"BreadcrumbList","@id":"https:\/\/www.abf.se\/sodertalje-nykvarn\/sprak\/#breadcrumb","itemListElement":[{"@type":"ListItem","position":1,"name":"Home","item":"https:\/\/www.abf.se\/sodertalje-nykvarn\/"},{"@type":"ListItem","position":2,"name":"Skriva- sociala medier och spr\u00e5kkurser"}]},{"@type":"WebSite","@id":"https:\/\/www.abf.se\/sodertalje-nykvarn\/#website","url":"https:\/\/www.abf.se\/sodertalje-nykvarn\/","name":"S\u00f6dert\u00e4lje-Nykvarn","description":"","potentialAction":[{"@type":"SearchAction","target":{"@type":"EntryPoint","urlTemplate":"https:\/\/www.abf.se\/sodertalje-nykvarn\/?s={search_term_string}"},"query-input":{"@type":"PropertyValueSpecification","valueRequired":true,"valueName":"search_term_string"}}],"inLanguage":"sv-SE"}]}},"_links":{"self":[{"href":"https:\/\/www.abf.se\/sodertalje-nykvarn\/wp-json\/wp\/v2\/pages\/2601","targetHints":{"allow":["GET"]}}],"collection":[{"href":"https:\/\/www.abf.se\/sodertalje-nykvarn\/wp-json\/wp\/v2\/pages"}],"about":[{"href":"https:\/\/www.abf.se\/sodertalje-nykvarn\/wp-json\/wp\/v2\/types\/page"}],"author":[{"embeddable":true,"href":"https:\/\/www.abf.se\/sodertalje-nykvarn\/wp-json\/wp\/v2\/users\/50"}],"replies":[{"embeddable":true,"href":"https:\/\/www.abf.se\/sodertalje-nykvarn\/wp-json\/wp\/v2\/comments?post=2601"}],"version-history":[{"count":25,"href":"https:\/\/www.abf.se\/sodertalje-nykvarn\/wp-json\/wp\/v2\/pages\/2601\/revisions"}],"predecessor-version":[{"id":5137,"href":"https:\/\/www.abf.se\/sodertalje-nykvarn\/wp-json\/wp\/v2\/pages\/2601\/revisions\/5137"}],"wp:attachment":[{"href":"https:\/\/www.abf.se\/sodertalje-nykvarn\/wp-json\/wp\/v2\/media?parent=2601"}],"curies":[{"name":"wp","href":"https:\/\/api.w.org\/{rel}","templated":true}]}}