{"id":2604,"date":"2024-12-16T10:22:38","date_gmt":"2024-12-16T09:22:38","guid":{"rendered":"https:\/\/www.abf.se\/sodertalje-nykvarn\/?page_id=2604"},"modified":"2025-11-25T17:15:45","modified_gmt":"2025-11-25T16:15:45","slug":"musik","status":"publish","type":"page","link":"https:\/\/www.abf.se\/sodertalje-nykvarn\/musik\/","title":{"rendered":"Musik \u00d6ppna programmet"},"content":{"rendered":"<div\n    class=\"acf-hero-block container-lg no-padding mb-12 js-geolocation\"\n    data-block=\"hero-block\"\n    data-index=\"0\"\n>\n    <div class=\"h-[548px]  relative rounded-[32px] overflow-hidden flex bg-gray-light\">\n        <div class=\"relative z-10 mt-auto h-auto w-full md:h-full\">\n            <div class=\"flex w-full h-full flex-col flex-wrap justify-end w-full md:w-7\/12 lg:w-1\/2 md:justify-center\">\n                <div class=\"flex flex-col gap-3 md:gap-[18px] md:transparent pt-16 pb-36 md:py-8 px-4 w-full md:max-w-[620px] mx-auto px-8\">\n\n                    <h1 class=\"hero-heading hero-heading--red-text\"><span>Musik<\/span><\/h1>\n\n                    \n                                    <\/div>\n            <\/div>\n        <\/div>\n\n                    <picture class=\"as-background-image mix-blend-multiply bg-black\/40\"><img decoding=\"async\" src=\"https:\/\/www.abf.se\/sodertalje-nykvarn\/resized\/?url=https%3A%2F%2Fwww.abf.se%2Fwp-content%2Fuploads%2Fsites%2F48%2F2024%2F12%2Fmusik-e1734341169235.jpg&#038;fit=crop&#038;w=1440&#038;s=178f91bf773226c95432ab9a0952ed71\" srcset=\"https:\/\/www.abf.se\/sodertalje-nykvarn\/resized\/?url=https%3A%2F%2Fwww.abf.se%2Fwp-content%2Fuploads%2Fsites%2F48%2F2024%2F12%2Fmusik-e1734341169235.jpg&#038;fit=crop&#038;w=375&#038;h=540&#038;s=892b5cdce50312fe27adadb051223aba 375w, https:\/\/www.abf.se\/sodertalje-nykvarn\/resized\/?url=https%3A%2F%2Fwww.abf.se%2Fwp-content%2Fuploads%2Fsites%2F48%2F2024%2F12%2Fmusik-e1734341169235.jpg&#038;fit=crop&#038;w=447&#038;h=540&#038;s=7975f2c2965c77c017616dcaaabfd1df 447w, https:\/\/www.abf.se\/sodertalje-nykvarn\/resized\/?url=https%3A%2F%2Fwww.abf.se%2Fwp-content%2Fuploads%2Fsites%2F48%2F2024%2F12%2Fmusik-e1734341169235.jpg&#038;fit=crop&#038;w=519&#038;h=540&#038;s=978eaa72e96961169246b93a89594996 519w, https:\/\/www.abf.se\/sodertalje-nykvarn\/resized\/?url=https%3A%2F%2Fwww.abf.se%2Fwp-content%2Fuploads%2Fsites%2F48%2F2024%2F12%2Fmusik-e1734341169235.jpg&#038;fit=crop&#038;w=591&#038;h=540&#038;s=6a3c4f74db0e5d72eecd2dd543db23a1 591w, https:\/\/www.abf.se\/sodertalje-nykvarn\/resized\/?url=https%3A%2F%2Fwww.abf.se%2Fwp-content%2Fuploads%2Fsites%2F48%2F2024%2F12%2Fmusik-e1734341169235.jpg&#038;fit=crop&#038;w=663&#038;h=540&#038;s=acb6c4a50b2d38e0d21d3a88de13f45d 663w, https:\/\/www.abf.se\/sodertalje-nykvarn\/resized\/?url=https%3A%2F%2Fwww.abf.se%2Fwp-content%2Fuploads%2Fsites%2F48%2F2024%2F12%2Fmusik-e1734341169235.jpg&#038;fit=crop&#038;w=750&#038;h=540&#038;s=065034a76020c4033a5a379253ce1343 750w, https:\/\/www.abf.se\/sodertalje-nykvarn\/resized\/?url=https%3A%2F%2Fwww.abf.se%2Fwp-content%2Fuploads%2Fsites%2F48%2F2024%2F12%2Fmusik-e1734341169235.jpg&#038;fit=crop&#038;w=894&#038;h=540&#038;s=f283ff0bae768091deb10910caca448a 894w, https:\/\/www.abf.se\/sodertalje-nykvarn\/resized\/?url=https%3A%2F%2Fwww.abf.se%2Fwp-content%2Fuploads%2Fsites%2F48%2F2024%2F12%2Fmusik-e1734341169235.jpg&#038;fit=crop&#038;w=1038&#038;h=540&#038;s=39abd244f1007f50e3a85b1457f973fc 1038w, https:\/\/www.abf.se\/sodertalje-nykvarn\/resized\/?url=https%3A%2F%2Fwww.abf.se%2Fwp-content%2Fuploads%2Fsites%2F48%2F2024%2F12%2Fmusik-e1734341169235.jpg&#038;fit=crop&#038;w=1182&#038;h=540&#038;s=297ca2ee37f1ea942f9b90c78a2264b8 1182w, https:\/\/www.abf.se\/sodertalje-nykvarn\/resized\/?url=https%3A%2F%2Fwww.abf.se%2Fwp-content%2Fuploads%2Fsites%2F48%2F2024%2F12%2Fmusik-e1734341169235.jpg&#038;fit=crop&#038;w=1326&#038;h=540&#038;s=d82cde01755e2e293eaf5fc55e911edd 1326w, https:\/\/www.abf.se\/sodertalje-nykvarn\/resized\/?url=https%3A%2F%2Fwww.abf.se%2Fwp-content%2Fuploads%2Fsites%2F48%2F2024%2F12%2Fmusik-e1734341169235.jpg&#038;fit=crop&#038;w=1440&#038;h=540&#038;s=f5fd8b38a500af66caf6772be2c6bd72 1440w\" alt=\"\" height=\"540\" width=\"1440\" sizes=\"(max-width: 1440px) calc(100vw - 32px), 1440px\" loading=\"eager\" fetchpriority=\"high\" aria-hidden=\"true\" role=\"presentation\" \/><\/picture>\n        \n\n            <\/div>\n\n    <\/div>\n\n<div\n    class=\"acf-section-breaker-text my-8 container-lg\"\n    data-block=\"section-breaker-text\"\n>\n    <div class=\"round-corners-lg overflow-hidden pt-36 pb-8 px-5 md:p-16 relative grid grid-cols-1 md:grid-cols-2 lg:grid-cols-5 grid-flow-col-dense\">\n\n            <picture class=\"as-background-image\"><img decoding=\"async\" src=\"https:\/\/www.abf.se\/sodertalje-nykvarn\/resized\/?url=https%3A%2F%2Fwww.abf.se%2Fwp-content%2Fuploads%2Fsites%2F48%2F2024%2F05%2Fguitar-869217_1280.jpg&#038;fit=crop&#038;w=1440&#038;s=fad7cc57c9d0b0d6e229828ee02ffd4f\" srcset=\"https:\/\/www.abf.se\/sodertalje-nykvarn\/resized\/?url=https%3A%2F%2Fwww.abf.se%2Fwp-content%2Fuploads%2Fsites%2F48%2F2024%2F05%2Fguitar-869217_1280.jpg&#038;fit=crop&#038;w=375&#038;h=540&#038;s=6f92befa319b64aa7a04efbb3f9918bd 375w, https:\/\/www.abf.se\/sodertalje-nykvarn\/resized\/?url=https%3A%2F%2Fwww.abf.se%2Fwp-content%2Fuploads%2Fsites%2F48%2F2024%2F05%2Fguitar-869217_1280.jpg&#038;fit=crop&#038;w=499&#038;h=540&#038;s=b48198132ba536e98e15e44dc01cd5aa 499w, https:\/\/www.abf.se\/sodertalje-nykvarn\/resized\/?url=https%3A%2F%2Fwww.abf.se%2Fwp-content%2Fuploads%2Fsites%2F48%2F2024%2F05%2Fguitar-869217_1280.jpg&#038;fit=crop&#038;w=623&#038;h=540&#038;s=f83121e04ad729813c8132fbe0308dda 623w, https:\/\/www.abf.se\/sodertalje-nykvarn\/resized\/?url=https%3A%2F%2Fwww.abf.se%2Fwp-content%2Fuploads%2Fsites%2F48%2F2024%2F05%2Fguitar-869217_1280.jpg&#038;fit=crop&#038;w=747&#038;h=540&#038;s=584a1f45ed8334c3dcb478407ab5ec2b 747w, https:\/\/www.abf.se\/sodertalje-nykvarn\/resized\/?url=https%3A%2F%2Fwww.abf.se%2Fwp-content%2Fuploads%2Fsites%2F48%2F2024%2F05%2Fguitar-869217_1280.jpg&#038;fit=crop&#038;w=750&#038;h=540&#038;s=9a80caee8726086404ed4407aef411ad 750w, https:\/\/www.abf.se\/sodertalje-nykvarn\/resized\/?url=https%3A%2F%2Fwww.abf.se%2Fwp-content%2Fuploads%2Fsites%2F48%2F2024%2F05%2Fguitar-869217_1280.jpg&#038;fit=crop&#038;w=871&#038;h=540&#038;s=390520547439f85f4abb2373587adbb7 871w, https:\/\/www.abf.se\/sodertalje-nykvarn\/resized\/?url=https%3A%2F%2Fwww.abf.se%2Fwp-content%2Fuploads%2Fsites%2F48%2F2024%2F05%2Fguitar-869217_1280.jpg&#038;fit=crop&#038;w=995&#038;h=540&#038;s=463465e3d361f6ab312507dc9cf72834 995w, https:\/\/www.abf.se\/sodertalje-nykvarn\/resized\/?url=https%3A%2F%2Fwww.abf.se%2Fwp-content%2Fuploads%2Fsites%2F48%2F2024%2F05%2Fguitar-869217_1280.jpg&#038;fit=crop&#038;w=998&#038;h=540&#038;s=557d2081714ca52d673d8068bbbc7bd1 998w, https:\/\/www.abf.se\/sodertalje-nykvarn\/resized\/?url=https%3A%2F%2Fwww.abf.se%2Fwp-content%2Fuploads%2Fsites%2F48%2F2024%2F05%2Fguitar-869217_1280.jpg&#038;fit=crop&#038;w=1119&#038;h=540&#038;s=36af27899457f5fc63182b7dc765d79e 1119w, https:\/\/www.abf.se\/sodertalje-nykvarn\/resized\/?url=https%3A%2F%2Fwww.abf.se%2Fwp-content%2Fuploads%2Fsites%2F48%2F2024%2F05%2Fguitar-869217_1280.jpg&#038;fit=crop&#038;w=1243&#038;h=540&#038;s=545881dd2a97562afb97b2414a4cfee6 1243w, https:\/\/www.abf.se\/sodertalje-nykvarn\/resized\/?url=https%3A%2F%2Fwww.abf.se%2Fwp-content%2Fuploads%2Fsites%2F48%2F2024%2F05%2Fguitar-869217_1280.jpg&#038;fit=crop&#038;w=1246&#038;h=540&#038;s=98a91cd3605c29c9fcad790fdd3287f9 1246w, https:\/\/www.abf.se\/sodertalje-nykvarn\/resized\/?url=https%3A%2F%2Fwww.abf.se%2Fwp-content%2Fuploads%2Fsites%2F48%2F2024%2F05%2Fguitar-869217_1280.jpg&#038;fit=crop&#038;w=1367&#038;h=540&#038;s=30b3c8fc33fb51f8b29b040b26384f12 1367w, https:\/\/www.abf.se\/sodertalje-nykvarn\/resized\/?url=https%3A%2F%2Fwww.abf.se%2Fwp-content%2Fuploads%2Fsites%2F48%2F2024%2F05%2Fguitar-869217_1280.jpg&#038;fit=crop&#038;w=1440&#038;h=540&#038;s=30c4ffacc6a75eed75febfa09b622ead 1440w, https:\/\/www.abf.se\/sodertalje-nykvarn\/resized\/?url=https%3A%2F%2Fwww.abf.se%2Fwp-content%2Fuploads%2Fsites%2F48%2F2024%2F05%2Fguitar-869217_1280.jpg&#038;fit=crop&#038;w=1494&#038;h=540&#038;s=46a3354ea6bb8e7248574aae21aa0ff2 1494w, https:\/\/www.abf.se\/sodertalje-nykvarn\/resized\/?url=https%3A%2F%2Fwww.abf.se%2Fwp-content%2Fuploads%2Fsites%2F48%2F2024%2F05%2Fguitar-869217_1280.jpg&#038;fit=crop&#038;w=1742&#038;h=540&#038;s=10a2f91d23672247b3e9b299b57215c8 1742w, https:\/\/www.abf.se\/sodertalje-nykvarn\/resized\/?url=https%3A%2F%2Fwww.abf.se%2Fwp-content%2Fuploads%2Fsites%2F48%2F2024%2F05%2Fguitar-869217_1280.jpg&#038;fit=crop&#038;w=1990&#038;h=540&#038;s=ee49cd2a73dd90aa8d320b6199448775 1990w, https:\/\/www.abf.se\/sodertalje-nykvarn\/resized\/?url=https%3A%2F%2Fwww.abf.se%2Fwp-content%2Fuploads%2Fsites%2F48%2F2024%2F05%2Fguitar-869217_1280.jpg&#038;fit=crop&#038;w=2238&#038;h=540&#038;s=b32b0c0acaa87268032d33e0d8ed1afd 2238w, https:\/\/www.abf.se\/sodertalje-nykvarn\/resized\/?url=https%3A%2F%2Fwww.abf.se%2Fwp-content%2Fuploads%2Fsites%2F48%2F2024%2F05%2Fguitar-869217_1280.jpg&#038;fit=crop&#038;w=2486&#038;h=540&#038;s=36a9d48905240a1784fcb4483c254f5c 2486w, https:\/\/www.abf.se\/sodertalje-nykvarn\/resized\/?url=https%3A%2F%2Fwww.abf.se%2Fwp-content%2Fuploads%2Fsites%2F48%2F2024%2F05%2Fguitar-869217_1280.jpg&#038;fit=crop&#038;w=2734&#038;h=540&#038;s=6c5c765b10f3e4d95a97e8088881197a 2734w\" alt=\"\" height=\"540\" width=\"1440\" sizes=\"auto, \n            (max-width: 1440px) calc(100vw - 32px), 1440px\" loading=\"lazy\" fetchpriority=\"low\" aria-hidden=\"true\" role=\"presentation\" \/><\/picture>\n                <div class=\"bg-white round-corners-sm px-10 py-11 col-span-1  relative z-10 col-start-4 col-end-[-1]\">\n            <h2 class=\"heading-lg mb-4\">L\u00e4r dig kompa p\u00e5 akustisk gitarr<\/h2>\n            <div style=\"font-size: 1.25rem; color: black;\" class=\"body-xl wysiwyg\"><p>Start 28 jan, 8 tr\u00e4ffar!<\/p>\n<\/div>\n                                            <a href='https:\/\/www.abf.se\/sodertalje-nykvarn\/kurs\/lar-dig-kompa-pa-akustisk-gitarr-dagtid-fortsattning-i-sodertalje-3889756\/' class=\"default-button mt-8\" target=\"\">L\u00e4s mer!<\/a>\n                    \n        <\/div>\n    <\/div>\n<\/div>\n","protected":false},"excerpt":{"rendered":"","protected":false},"author":50,"featured_media":0,"parent":0,"menu_order":0,"comment_status":"closed","ping_status":"closed","template":"","meta":{"_acf_changed":false,"footnotes":""},"class_list":["post-2604","page","type-page","status-publish","hentry"],"acf":[],"yoast_head":"<!-- This site is optimized with the Yoast SEO plugin v27.0 - https:\/\/yoast.com\/product\/yoast-seo-wordpress\/ -->\n<title>Musik \u00d6ppna programmet - S\u00f6dert\u00e4lje-Nykvarn<\/title>\n<meta name=\"robots\" content=\"index, follow, max-snippet:-1, max-image-preview:large, max-video-preview:-1\" \/>\n<link rel=\"canonical\" href=\"https:\/\/www.abf.se\/sodertalje-nykvarn\/musik\/\" \/>\n<meta property=\"og:locale\" content=\"sv_SE\" \/>\n<meta property=\"og:type\" content=\"article\" \/>\n<meta property=\"og:title\" content=\"Musik \u00d6ppna programmet - S\u00f6dert\u00e4lje-Nykvarn\" \/>\n<meta property=\"og:url\" content=\"https:\/\/www.abf.se\/sodertalje-nykvarn\/musik\/\" \/>\n<meta property=\"og:site_name\" content=\"S\u00f6dert\u00e4lje-Nykvarn\" \/>\n<meta property=\"article:modified_time\" content=\"2025-11-25T16:15:45+00:00\" \/>\n<meta property=\"og:image\" content=\"https:\/\/www.abf.se\/wp-content\/uploads\/sites\/48\/2024\/04\/Nyckeln-liggande-scaled.jpg\" \/>\n\t<meta property=\"og:image:width\" content=\"2560\" \/>\n\t<meta property=\"og:image:height\" content=\"1440\" \/>\n\t<meta property=\"og:image:type\" content=\"image\/jpeg\" \/>\n<meta name=\"twitter:card\" content=\"summary_large_image\" \/>\n<script type=\"application\/ld+json\" class=\"yoast-schema-graph\">{\"@context\":\"https:\/\/schema.org\",\"@graph\":[{\"@type\":\"WebPage\",\"@id\":\"https:\/\/www.abf.se\/sodertalje-nykvarn\/musik\/\",\"url\":\"https:\/\/www.abf.se\/sodertalje-nykvarn\/musik\/\",\"name\":\"Musik \u00d6ppna programmet - S\u00f6dert\u00e4lje-Nykvarn\",\"isPartOf\":{\"@id\":\"https:\/\/www.abf.se\/sodertalje-nykvarn\/#website\"},\"datePublished\":\"2024-12-16T09:22:38+00:00\",\"dateModified\":\"2025-11-25T16:15:45+00:00\",\"breadcrumb\":{\"@id\":\"https:\/\/www.abf.se\/sodertalje-nykvarn\/musik\/#breadcrumb\"},\"inLanguage\":\"sv-SE\",\"potentialAction\":[{\"@type\":\"ReadAction\",\"target\":[\"https:\/\/www.abf.se\/sodertalje-nykvarn\/musik\/\"]}]},{\"@type\":\"BreadcrumbList\",\"@id\":\"https:\/\/www.abf.se\/sodertalje-nykvarn\/musik\/#breadcrumb\",\"itemListElement\":[{\"@type\":\"ListItem\",\"position\":1,\"name\":\"Home\",\"item\":\"https:\/\/www.abf.se\/sodertalje-nykvarn\/\"},{\"@type\":\"ListItem\",\"position\":2,\"name\":\"Musik \u00d6ppna programmet\"}]},{\"@type\":\"WebSite\",\"@id\":\"https:\/\/www.abf.se\/sodertalje-nykvarn\/#website\",\"url\":\"https:\/\/www.abf.se\/sodertalje-nykvarn\/\",\"name\":\"S\u00f6dert\u00e4lje-Nykvarn\",\"description\":\"\",\"potentialAction\":[{\"@type\":\"SearchAction\",\"target\":{\"@type\":\"EntryPoint\",\"urlTemplate\":\"https:\/\/www.abf.se\/sodertalje-nykvarn\/?s={search_term_string}\"},\"query-input\":{\"@type\":\"PropertyValueSpecification\",\"valueRequired\":true,\"valueName\":\"search_term_string\"}}],\"inLanguage\":\"sv-SE\"}]}<\/script>\n<!-- \/ Yoast SEO plugin. -->","yoast_head_json":{"title":"Musik \u00d6ppna programmet - S\u00f6dert\u00e4lje-Nykvarn","robots":{"index":"index","follow":"follow","max-snippet":"max-snippet:-1","max-image-preview":"max-image-preview:large","max-video-preview":"max-video-preview:-1"},"canonical":"https:\/\/www.abf.se\/sodertalje-nykvarn\/musik\/","og_locale":"sv_SE","og_type":"article","og_title":"Musik \u00d6ppna programmet - S\u00f6dert\u00e4lje-Nykvarn","og_url":"https:\/\/www.abf.se\/sodertalje-nykvarn\/musik\/","og_site_name":"S\u00f6dert\u00e4lje-Nykvarn","article_modified_time":"2025-11-25T16:15:45+00:00","og_image":[{"width":2560,"height":1440,"url":"https:\/\/www.abf.se\/wp-content\/uploads\/sites\/48\/2024\/04\/Nyckeln-liggande-scaled.jpg","type":"image\/jpeg"}],"twitter_card":"summary_large_image","schema":{"@context":"https:\/\/schema.org","@graph":[{"@type":"WebPage","@id":"https:\/\/www.abf.se\/sodertalje-nykvarn\/musik\/","url":"https:\/\/www.abf.se\/sodertalje-nykvarn\/musik\/","name":"Musik \u00d6ppna programmet - S\u00f6dert\u00e4lje-Nykvarn","isPartOf":{"@id":"https:\/\/www.abf.se\/sodertalje-nykvarn\/#website"},"datePublished":"2024-12-16T09:22:38+00:00","dateModified":"2025-11-25T16:15:45+00:00","breadcrumb":{"@id":"https:\/\/www.abf.se\/sodertalje-nykvarn\/musik\/#breadcrumb"},"inLanguage":"sv-SE","potentialAction":[{"@type":"ReadAction","target":["https:\/\/www.abf.se\/sodertalje-nykvarn\/musik\/"]}]},{"@type":"BreadcrumbList","@id":"https:\/\/www.abf.se\/sodertalje-nykvarn\/musik\/#breadcrumb","itemListElement":[{"@type":"ListItem","position":1,"name":"Home","item":"https:\/\/www.abf.se\/sodertalje-nykvarn\/"},{"@type":"ListItem","position":2,"name":"Musik \u00d6ppna programmet"}]},{"@type":"WebSite","@id":"https:\/\/www.abf.se\/sodertalje-nykvarn\/#website","url":"https:\/\/www.abf.se\/sodertalje-nykvarn\/","name":"S\u00f6dert\u00e4lje-Nykvarn","description":"","potentialAction":[{"@type":"SearchAction","target":{"@type":"EntryPoint","urlTemplate":"https:\/\/www.abf.se\/sodertalje-nykvarn\/?s={search_term_string}"},"query-input":{"@type":"PropertyValueSpecification","valueRequired":true,"valueName":"search_term_string"}}],"inLanguage":"sv-SE"}]}},"_links":{"self":[{"href":"https:\/\/www.abf.se\/sodertalje-nykvarn\/wp-json\/wp\/v2\/pages\/2604","targetHints":{"allow":["GET"]}}],"collection":[{"href":"https:\/\/www.abf.se\/sodertalje-nykvarn\/wp-json\/wp\/v2\/pages"}],"about":[{"href":"https:\/\/www.abf.se\/sodertalje-nykvarn\/wp-json\/wp\/v2\/types\/page"}],"author":[{"embeddable":true,"href":"https:\/\/www.abf.se\/sodertalje-nykvarn\/wp-json\/wp\/v2\/users\/50"}],"replies":[{"embeddable":true,"href":"https:\/\/www.abf.se\/sodertalje-nykvarn\/wp-json\/wp\/v2\/comments?post=2604"}],"version-history":[{"count":4,"href":"https:\/\/www.abf.se\/sodertalje-nykvarn\/wp-json\/wp\/v2\/pages\/2604\/revisions"}],"predecessor-version":[{"id":4655,"href":"https:\/\/www.abf.se\/sodertalje-nykvarn\/wp-json\/wp\/v2\/pages\/2604\/revisions\/4655"}],"wp:attachment":[{"href":"https:\/\/www.abf.se\/sodertalje-nykvarn\/wp-json\/wp\/v2\/media?parent=2604"}],"curies":[{"name":"wp","href":"https:\/\/api.w.org\/{rel}","templated":true}]}}