{"id":3364,"date":"2025-04-07T10:05:09","date_gmt":"2025-04-07T08:05:09","guid":{"rendered":"https:\/\/www.abf.se\/sodertalje-nykvarn\/?page_id=3364"},"modified":"2025-04-07T11:25:48","modified_gmt":"2025-04-07T09:25:48","slug":"jam-museum","status":"publish","type":"page","link":"https:\/\/www.abf.se\/sodertalje-nykvarn\/jam-museum\/","title":{"rendered":"JAM MUSEUM"},"content":{"rendered":"<div\n    class=\"acf-hero-block container-lg no-padding mb-12 js-geolocation\"\n    data-block=\"hero-block\"\n    data-index=\"0\"\n>\n    <div class=\"h-[548px]  relative rounded-[32px] overflow-hidden flex bg-gray-light\">\n        <div class=\"relative z-10 mt-auto h-auto w-full md:h-full\">\n            <div class=\"flex w-full h-full flex-col flex-wrap justify-end w-full md:w-7\/12 lg:w-1\/2 md:justify-center\">\n                <div class=\"flex flex-col gap-3 md:gap-[18px] md:transparent pt-16 pb-36 md:py-8 px-4 w-full md:max-w-[620px] mx-auto px-8\">\n\n                    <h1 class=\"hero-heading hero-heading--red-text\"><span>JAM Museum<\/span><\/h1>\n\n                    \n                                    <\/div>\n            <\/div>\n        <\/div>\n\n                    <picture class=\"as-background-image mix-blend-multiply bg-black\/40\"><img decoding=\"async\" src=\"https:\/\/www.abf.se\/sodertalje-nykvarn\/resized\/?url=https%3A%2F%2Fwww.abf.se%2Fwp-content%2Fuploads%2Fsites%2F48%2F2025%2F04%2FNamnlos-design-1.jpg&#038;fit=crop&#038;w=1440&#038;s=0d53a047aca8c8c3d6d13ccc3ddcd749\" srcset=\"https:\/\/www.abf.se\/sodertalje-nykvarn\/resized\/?url=https%3A%2F%2Fwww.abf.se%2Fwp-content%2Fuploads%2Fsites%2F48%2F2025%2F04%2FNamnlos-design-1.jpg&#038;fit=crop&#038;w=375&#038;h=540&#038;s=36f9893a35d746de853287d1edc08447 375w, https:\/\/www.abf.se\/sodertalje-nykvarn\/resized\/?url=https%3A%2F%2Fwww.abf.se%2Fwp-content%2Fuploads%2Fsites%2F48%2F2025%2F04%2FNamnlos-design-1.jpg&#038;fit=crop&#038;w=447&#038;h=540&#038;s=56e0ae80a8fbdd74025fccaaeb9b2ab0 447w, https:\/\/www.abf.se\/sodertalje-nykvarn\/resized\/?url=https%3A%2F%2Fwww.abf.se%2Fwp-content%2Fuploads%2Fsites%2F48%2F2025%2F04%2FNamnlos-design-1.jpg&#038;fit=crop&#038;w=519&#038;h=540&#038;s=c5c3aa667eb6aac1f30bab896e918552 519w, https:\/\/www.abf.se\/sodertalje-nykvarn\/resized\/?url=https%3A%2F%2Fwww.abf.se%2Fwp-content%2Fuploads%2Fsites%2F48%2F2025%2F04%2FNamnlos-design-1.jpg&#038;fit=crop&#038;w=591&#038;h=540&#038;s=e6e1c750408622dd299b57ee268022dd 591w, https:\/\/www.abf.se\/sodertalje-nykvarn\/resized\/?url=https%3A%2F%2Fwww.abf.se%2Fwp-content%2Fuploads%2Fsites%2F48%2F2025%2F04%2FNamnlos-design-1.jpg&#038;fit=crop&#038;w=663&#038;h=540&#038;s=1ab8de43285fc38f62a66e22cd9b78c2 663w, https:\/\/www.abf.se\/sodertalje-nykvarn\/resized\/?url=https%3A%2F%2Fwww.abf.se%2Fwp-content%2Fuploads%2Fsites%2F48%2F2025%2F04%2FNamnlos-design-1.jpg&#038;fit=crop&#038;w=750&#038;h=540&#038;s=919158d67961a42d4b07195394f1f09f 750w, https:\/\/www.abf.se\/sodertalje-nykvarn\/resized\/?url=https%3A%2F%2Fwww.abf.se%2Fwp-content%2Fuploads%2Fsites%2F48%2F2025%2F04%2FNamnlos-design-1.jpg&#038;fit=crop&#038;w=894&#038;h=540&#038;s=05b76194f0d152ab434d8769bbe3c51c 894w, https:\/\/www.abf.se\/sodertalje-nykvarn\/resized\/?url=https%3A%2F%2Fwww.abf.se%2Fwp-content%2Fuploads%2Fsites%2F48%2F2025%2F04%2FNamnlos-design-1.jpg&#038;fit=crop&#038;w=1038&#038;h=540&#038;s=19b25009fc6bb1d893b2bdaa17386286 1038w, https:\/\/www.abf.se\/sodertalje-nykvarn\/resized\/?url=https%3A%2F%2Fwww.abf.se%2Fwp-content%2Fuploads%2Fsites%2F48%2F2025%2F04%2FNamnlos-design-1.jpg&#038;fit=crop&#038;w=1182&#038;h=540&#038;s=58324837e55f1a8fd4a266c6517f43b3 1182w, https:\/\/www.abf.se\/sodertalje-nykvarn\/resized\/?url=https%3A%2F%2Fwww.abf.se%2Fwp-content%2Fuploads%2Fsites%2F48%2F2025%2F04%2FNamnlos-design-1.jpg&#038;fit=crop&#038;w=1326&#038;h=540&#038;s=8992147c4c7159ed43317a7c6b51d74a 1326w, https:\/\/www.abf.se\/sodertalje-nykvarn\/resized\/?url=https%3A%2F%2Fwww.abf.se%2Fwp-content%2Fuploads%2Fsites%2F48%2F2025%2F04%2FNamnlos-design-1.jpg&#038;fit=crop&#038;w=1440&#038;h=540&#038;s=b447a0c9dfeb5ab72296e31f30568b52 1440w\" alt=\"\" height=\"540\" width=\"1440\" sizes=\"(max-width: 1440px) calc(100vw - 32px), 1440px\" loading=\"eager\" fetchpriority=\"high\" aria-hidden=\"true\" role=\"presentation\" \/><\/picture>\n        \n\n            <\/div>\n\n    <\/div>\n\n<div\n    class=\"acf-text-image-block container my-12 md:my-15\"\n    data-block=\"text-image-block\"\n>\n    <div\n    class=\"flex flex-col items-center md:flex-row gap-8 md:gap-0 justify-between\">\n                        <div class=\"w-full md:w-1\/2 md:order-2\">\n            <picture><img decoding=\"async\" src=\"https:\/\/www.abf.se\/sodertalje-nykvarn\/resized\/?url=https%3A%2F%2Fwww.abf.se%2Fwp-content%2Fuploads%2Fsites%2F48%2F2025%2F04%2FJAM-Museum-scaled.jpg&#038;fit=crop&#038;w=578&#038;s=ab63a2e7a01f86f4649acfba09084917\" srcset=\"https:\/\/www.abf.se\/sodertalje-nykvarn\/resized\/?url=https%3A%2F%2Fwww.abf.se%2Fwp-content%2Fuploads%2Fsites%2F48%2F2025%2F04%2FJAM-Museum-scaled.jpg&#038;fit=crop&#038;w=144&#038;h=126&#038;s=bcf3059bde7e548b31899adec8f5ecc5 144w, https:\/\/www.abf.se\/sodertalje-nykvarn\/resized\/?url=https%3A%2F%2Fwww.abf.se%2Fwp-content%2Fuploads%2Fsites%2F48%2F2025%2F04%2FJAM-Museum-scaled.jpg&#038;fit=crop&#038;w=240&#038;h=211&#038;s=85274a4ab4a9eacd6755db723cff7acc 240w, https:\/\/www.abf.se\/sodertalje-nykvarn\/resized\/?url=https%3A%2F%2Fwww.abf.se%2Fwp-content%2Fuploads%2Fsites%2F48%2F2025%2F04%2FJAM-Museum-scaled.jpg&#038;fit=crop&#038;w=288&#038;h=253&#038;s=53db9d50a6c008798d1389dcd63187fc 288w, https:\/\/www.abf.se\/sodertalje-nykvarn\/resized\/?url=https%3A%2F%2Fwww.abf.se%2Fwp-content%2Fuploads%2Fsites%2F48%2F2025%2F04%2FJAM-Museum-scaled.jpg&#038;fit=crop&#038;w=336&#038;h=295&#038;s=6fdbe3b91e8ca9e02c5c88f0326413d1 336w, https:\/\/www.abf.se\/sodertalje-nykvarn\/resized\/?url=https%3A%2F%2Fwww.abf.se%2Fwp-content%2Fuploads%2Fsites%2F48%2F2025%2F04%2FJAM-Museum-scaled.jpg&#038;fit=crop&#038;w=432&#038;h=380&#038;s=31cbcf02e7c5d2f7adf408f5112f93d8 432w, https:\/\/www.abf.se\/sodertalje-nykvarn\/resized\/?url=https%3A%2F%2Fwww.abf.se%2Fwp-content%2Fuploads%2Fsites%2F48%2F2025%2F04%2FJAM-Museum-scaled.jpg&#038;fit=crop&#038;w=480&#038;h=422&#038;s=344ad9faaf8be6a6c912497034145db1 480w, https:\/\/www.abf.se\/sodertalje-nykvarn\/resized\/?url=https%3A%2F%2Fwww.abf.se%2Fwp-content%2Fuploads%2Fsites%2F48%2F2025%2F04%2FJAM-Museum-scaled.jpg&#038;fit=crop&#038;w=528&#038;h=464&#038;s=d42dfc8a2d1c543f8c2ad3906af535dd 528w, https:\/\/www.abf.se\/sodertalje-nykvarn\/resized\/?url=https%3A%2F%2Fwww.abf.se%2Fwp-content%2Fuploads%2Fsites%2F48%2F2025%2F04%2FJAM-Museum-scaled.jpg&#038;fit=crop&#038;w=578&#038;h=509&#038;s=f133689ba23d1e75bf48f7bfef21536a 578w, https:\/\/www.abf.se\/sodertalje-nykvarn\/resized\/?url=https%3A%2F%2Fwww.abf.se%2Fwp-content%2Fuploads%2Fsites%2F48%2F2025%2F04%2FJAM-Museum-scaled.jpg&#038;fit=crop&#038;w=672&#038;h=591&#038;s=f9f339a57b087199bbe7eb35b5f5b6e8 672w, https:\/\/www.abf.se\/sodertalje-nykvarn\/resized\/?url=https%3A%2F%2Fwww.abf.se%2Fwp-content%2Fuploads%2Fsites%2F48%2F2025%2F04%2FJAM-Museum-scaled.jpg&#038;fit=crop&#038;w=864&#038;h=760&#038;s=d5f8bea144c8108a18f6c980e72c24a3 864w, https:\/\/www.abf.se\/sodertalje-nykvarn\/resized\/?url=https%3A%2F%2Fwww.abf.se%2Fwp-content%2Fuploads%2Fsites%2F48%2F2025%2F04%2FJAM-Museum-scaled.jpg&#038;fit=crop&#038;w=1056&#038;h=929&#038;s=a54837a586313c749102063cfeb01267 1056w\" alt=\"\" height=\"509\" width=\"578\" sizes=\"auto, (max-width: 768px) 100vw,\n                (max-width: 1280px) 50vw, 578px\" loading=\"lazy\" fetchpriority=\"low\" \/><\/picture>\n\n        <\/div>\n        \n        <div class=\"w-full md:w-1\/2 md:order-1\">\n        <div class=\"mx-auto md:max-w-[368px]\">\n            <h2 class=\"heading-lg\">JAM Museum<\/h2>\n            <div class=\"mb-6 mt-4 wysiwyg\">\n                <p>Det finns ett museum som inte liknar n\u00e5got annat i v\u00e4rlden, ett st\u00e4lle som b\u00e5de fascinerade och f\u00f6rundrade av alla bes\u00f6kare som kliver in genom dess d\u00f6rrar. Det kallas JAM Museum. H\u00e4r \u00e4r inget statiskt eller stilla varje f\u00f6rem\u00e5l, varje utst\u00e4llning, \u00e4r i st\u00e4ndig r\u00f6relse. Museet \u00e4r inte som andra. N\u00e4r bes\u00f6kare kommer in, ser de inte bara gamla f\u00f6rem\u00e5l inramade bakom glas. Nej, h\u00e4r kan en gammal rustning pl\u00f6tsligt resa sig upp och b\u00f6rja g\u00e5, en tavla kan b\u00f6rja m\u00e5las om och en bok kan \u00f6ppna sig och b\u00f6rja ber\u00e4tta sina egna historier. Ingen vetenskaplig f\u00f6rklaring kan ge ett svar p\u00e5 hur detta g\u00e5r till men de bes\u00f6kare som kommer hit kommer f\u00e5 uppleva en annan, n\u00e4stan magisk, sida av museets alla samlingar.<\/p>\n\n            <\/div>\n                                            <a href='https:\/\/www.ticketmaster.se\/artist\/jam-dansstudio-biljetter\/1011556' class=\"default-button\" target=\"\">Biljetter!<\/a>\n                    <\/div>\n        <\/div>\n    <\/div>\n<\/div><div\n    class=\"acf-article-facts-block article-container  my-8 \"\n    data-block=\"article-facts-block\"\n>\n<div class=\"bg-teal-light border border-teal p-8 rounded-corners-sm\">\n<header>\n        <h2 class=\"heading-md text-teal-dark mb-3\">\n            O.B.S.  Alla f\u00f6rest\u00e4llningar \u00e4r olika med olika grupper. Se program p\u00e5 Ticketmaster f\u00f6r r\u00e4tt f\u00f6rest\u00e4llning.\n        <\/h2>\n    <\/header>\n    <div class=\"wysiwyg\">\n        \n    <\/div>\n<\/div>\n\n<\/div>\n<div\n    class=\"acf-section-breaker-text my-8 container-lg\"\n    data-block=\"section-breaker-text\"\n>\n    <div class=\"round-corners-lg overflow-hidden pt-36 pb-8 px-5 md:p-16 relative grid grid-cols-1 md:grid-cols-2 lg:grid-cols-5 grid-flow-col-dense\">\n\n            <picture class=\"as-background-image\"><img decoding=\"async\" src=\"https:\/\/www.abf.se\/sodertalje-nykvarn\/resized\/?url=https%3A%2F%2Fwww.abf.se%2Fwp-content%2Fuploads%2Fsites%2F48%2F2025%2F04%2FJAM-dansstudio-scaled.jpg&#038;fit=crop&#038;w=1440&#038;s=5e2f9362d438caa8a08c00c14e1009d1\" srcset=\"https:\/\/www.abf.se\/sodertalje-nykvarn\/resized\/?url=https%3A%2F%2Fwww.abf.se%2Fwp-content%2Fuploads%2Fsites%2F48%2F2025%2F04%2FJAM-dansstudio-scaled.jpg&#038;fit=crop&#038;w=375&#038;h=540&#038;s=838bc0ae9cdaa3d90d4a637e9a170a4c 375w, https:\/\/www.abf.se\/sodertalje-nykvarn\/resized\/?url=https%3A%2F%2Fwww.abf.se%2Fwp-content%2Fuploads%2Fsites%2F48%2F2025%2F04%2FJAM-dansstudio-scaled.jpg&#038;fit=crop&#038;w=499&#038;h=540&#038;s=ab3a84426166e4e001dbb80cf3749d9b 499w, https:\/\/www.abf.se\/sodertalje-nykvarn\/resized\/?url=https%3A%2F%2Fwww.abf.se%2Fwp-content%2Fuploads%2Fsites%2F48%2F2025%2F04%2FJAM-dansstudio-scaled.jpg&#038;fit=crop&#038;w=623&#038;h=540&#038;s=c5c191a5ed2a1a59d114ffa3b3874cbc 623w, https:\/\/www.abf.se\/sodertalje-nykvarn\/resized\/?url=https%3A%2F%2Fwww.abf.se%2Fwp-content%2Fuploads%2Fsites%2F48%2F2025%2F04%2FJAM-dansstudio-scaled.jpg&#038;fit=crop&#038;w=747&#038;h=540&#038;s=57787fbffb268b40bf01250f141e8e15 747w, https:\/\/www.abf.se\/sodertalje-nykvarn\/resized\/?url=https%3A%2F%2Fwww.abf.se%2Fwp-content%2Fuploads%2Fsites%2F48%2F2025%2F04%2FJAM-dansstudio-scaled.jpg&#038;fit=crop&#038;w=750&#038;h=540&#038;s=754681579e30ab0120a5c1500f65025f 750w, https:\/\/www.abf.se\/sodertalje-nykvarn\/resized\/?url=https%3A%2F%2Fwww.abf.se%2Fwp-content%2Fuploads%2Fsites%2F48%2F2025%2F04%2FJAM-dansstudio-scaled.jpg&#038;fit=crop&#038;w=871&#038;h=540&#038;s=8170a02f227dcac1ff83a6f8158d197a 871w, https:\/\/www.abf.se\/sodertalje-nykvarn\/resized\/?url=https%3A%2F%2Fwww.abf.se%2Fwp-content%2Fuploads%2Fsites%2F48%2F2025%2F04%2FJAM-dansstudio-scaled.jpg&#038;fit=crop&#038;w=995&#038;h=540&#038;s=257b28baf40fa52885c6f1c1482c7417 995w, https:\/\/www.abf.se\/sodertalje-nykvarn\/resized\/?url=https%3A%2F%2Fwww.abf.se%2Fwp-content%2Fuploads%2Fsites%2F48%2F2025%2F04%2FJAM-dansstudio-scaled.jpg&#038;fit=crop&#038;w=998&#038;h=540&#038;s=b0cbeb7f5be78eebf3233a0c2cf27637 998w, https:\/\/www.abf.se\/sodertalje-nykvarn\/resized\/?url=https%3A%2F%2Fwww.abf.se%2Fwp-content%2Fuploads%2Fsites%2F48%2F2025%2F04%2FJAM-dansstudio-scaled.jpg&#038;fit=crop&#038;w=1119&#038;h=540&#038;s=769ba0c441110265246c4d4330fca8a3 1119w, https:\/\/www.abf.se\/sodertalje-nykvarn\/resized\/?url=https%3A%2F%2Fwww.abf.se%2Fwp-content%2Fuploads%2Fsites%2F48%2F2025%2F04%2FJAM-dansstudio-scaled.jpg&#038;fit=crop&#038;w=1243&#038;h=540&#038;s=8ce7b169336b3cfef36e587d783fffaf 1243w, https:\/\/www.abf.se\/sodertalje-nykvarn\/resized\/?url=https%3A%2F%2Fwww.abf.se%2Fwp-content%2Fuploads%2Fsites%2F48%2F2025%2F04%2FJAM-dansstudio-scaled.jpg&#038;fit=crop&#038;w=1246&#038;h=540&#038;s=bd80581afaa254ae958091ef683ef81f 1246w, https:\/\/www.abf.se\/sodertalje-nykvarn\/resized\/?url=https%3A%2F%2Fwww.abf.se%2Fwp-content%2Fuploads%2Fsites%2F48%2F2025%2F04%2FJAM-dansstudio-scaled.jpg&#038;fit=crop&#038;w=1367&#038;h=540&#038;s=572a3fb2acdd7245c1357b97393329f0 1367w, https:\/\/www.abf.se\/sodertalje-nykvarn\/resized\/?url=https%3A%2F%2Fwww.abf.se%2Fwp-content%2Fuploads%2Fsites%2F48%2F2025%2F04%2FJAM-dansstudio-scaled.jpg&#038;fit=crop&#038;w=1440&#038;h=540&#038;s=dc98c854cca97a25462d69745bd5e7fb 1440w, https:\/\/www.abf.se\/sodertalje-nykvarn\/resized\/?url=https%3A%2F%2Fwww.abf.se%2Fwp-content%2Fuploads%2Fsites%2F48%2F2025%2F04%2FJAM-dansstudio-scaled.jpg&#038;fit=crop&#038;w=1494&#038;h=540&#038;s=1cce7775e03db393654fd21b9388e51f 1494w, https:\/\/www.abf.se\/sodertalje-nykvarn\/resized\/?url=https%3A%2F%2Fwww.abf.se%2Fwp-content%2Fuploads%2Fsites%2F48%2F2025%2F04%2FJAM-dansstudio-scaled.jpg&#038;fit=crop&#038;w=1742&#038;h=540&#038;s=9db24f27c2a7f0c8fab90e459db8d423 1742w, https:\/\/www.abf.se\/sodertalje-nykvarn\/resized\/?url=https%3A%2F%2Fwww.abf.se%2Fwp-content%2Fuploads%2Fsites%2F48%2F2025%2F04%2FJAM-dansstudio-scaled.jpg&#038;fit=crop&#038;w=1990&#038;h=540&#038;s=f74bb012c40a9182ba00ce67e630af96 1990w, https:\/\/www.abf.se\/sodertalje-nykvarn\/resized\/?url=https%3A%2F%2Fwww.abf.se%2Fwp-content%2Fuploads%2Fsites%2F48%2F2025%2F04%2FJAM-dansstudio-scaled.jpg&#038;fit=crop&#038;w=2238&#038;h=540&#038;s=d57ece3daa507d28eb1e8383231826c4 2238w, https:\/\/www.abf.se\/sodertalje-nykvarn\/resized\/?url=https%3A%2F%2Fwww.abf.se%2Fwp-content%2Fuploads%2Fsites%2F48%2F2025%2F04%2FJAM-dansstudio-scaled.jpg&#038;fit=crop&#038;w=2486&#038;h=540&#038;s=59f3bd2552e6e811c75861e8a4192cfd 2486w, https:\/\/www.abf.se\/sodertalje-nykvarn\/resized\/?url=https%3A%2F%2Fwww.abf.se%2Fwp-content%2Fuploads%2Fsites%2F48%2F2025%2F04%2FJAM-dansstudio-scaled.jpg&#038;fit=crop&#038;w=2734&#038;h=540&#038;s=fb023c77196aad3804f03f20537c1335 2734w\" alt=\"\" height=\"540\" width=\"1440\" sizes=\"auto, \n            (max-width: 1440px) calc(100vw - 32px), 1440px\" loading=\"lazy\" fetchpriority=\"low\" aria-hidden=\"true\" role=\"presentation\" \/><\/picture>\n                <div class=\"bg-white round-corners-sm px-10 py-11 col-span-1  relative z-10 col-start-4 col-end-[-1]\">\n            <h2 class=\"heading-lg mb-4\">Ljud- och ljusrep dansare!<\/h2>\n            <div style=\"font-size: 1.25rem; color: black;\" class=\"body-xl wysiwyg\"><p>H\u00e4r finns \u00e4ven program.<\/p>\n<\/div>\n                                            <a href='https:\/\/www.abf.se\/sodertalje-nykvarn\/program-och-ljud-och-ljusrep\/' class=\"default-button mt-8\" target=\"\">L\u00e4s mer!<\/a>\n                    \n        <\/div>\n    <\/div>\n<\/div>\n","protected":false},"excerpt":{"rendered":"","protected":false},"author":50,"featured_media":0,"parent":0,"menu_order":0,"comment_status":"closed","ping_status":"closed","template":"","meta":{"_acf_changed":false,"footnotes":""},"class_list":["post-3364","page","type-page","status-publish","hentry"],"acf":[],"yoast_head":"<!-- This site is optimized with the Yoast SEO plugin v27.0 - https:\/\/yoast.com\/product\/yoast-seo-wordpress\/ -->\n<title>JAM MUSEUM - S\u00f6dert\u00e4lje-Nykvarn<\/title>\n<meta name=\"robots\" content=\"index, follow, max-snippet:-1, max-image-preview:large, max-video-preview:-1\" \/>\n<link rel=\"canonical\" href=\"https:\/\/www.abf.se\/sodertalje-nykvarn\/jam-museum\/\" \/>\n<meta property=\"og:locale\" content=\"sv_SE\" \/>\n<meta property=\"og:type\" content=\"article\" \/>\n<meta property=\"og:title\" content=\"JAM MUSEUM - S\u00f6dert\u00e4lje-Nykvarn\" \/>\n<meta property=\"og:url\" content=\"https:\/\/www.abf.se\/sodertalje-nykvarn\/jam-museum\/\" \/>\n<meta property=\"og:site_name\" content=\"S\u00f6dert\u00e4lje-Nykvarn\" \/>\n<meta property=\"article:modified_time\" content=\"2025-04-07T09:25:48+00:00\" \/>\n<meta property=\"og:image\" content=\"https:\/\/www.abf.se\/wp-content\/uploads\/sites\/48\/2024\/04\/Nyckeln-liggande-scaled.jpg\" \/>\n\t<meta property=\"og:image:width\" content=\"2560\" \/>\n\t<meta property=\"og:image:height\" content=\"1440\" \/>\n\t<meta property=\"og:image:type\" content=\"image\/jpeg\" \/>\n<meta name=\"twitter:card\" content=\"summary_large_image\" \/>\n<script type=\"application\/ld+json\" class=\"yoast-schema-graph\">{\"@context\":\"https:\/\/schema.org\",\"@graph\":[{\"@type\":\"WebPage\",\"@id\":\"https:\/\/www.abf.se\/sodertalje-nykvarn\/jam-museum\/\",\"url\":\"https:\/\/www.abf.se\/sodertalje-nykvarn\/jam-museum\/\",\"name\":\"JAM MUSEUM - S\u00f6dert\u00e4lje-Nykvarn\",\"isPartOf\":{\"@id\":\"https:\/\/www.abf.se\/sodertalje-nykvarn\/#website\"},\"datePublished\":\"2025-04-07T08:05:09+00:00\",\"dateModified\":\"2025-04-07T09:25:48+00:00\",\"breadcrumb\":{\"@id\":\"https:\/\/www.abf.se\/sodertalje-nykvarn\/jam-museum\/#breadcrumb\"},\"inLanguage\":\"sv-SE\",\"potentialAction\":[{\"@type\":\"ReadAction\",\"target\":[\"https:\/\/www.abf.se\/sodertalje-nykvarn\/jam-museum\/\"]}]},{\"@type\":\"BreadcrumbList\",\"@id\":\"https:\/\/www.abf.se\/sodertalje-nykvarn\/jam-museum\/#breadcrumb\",\"itemListElement\":[{\"@type\":\"ListItem\",\"position\":1,\"name\":\"Home\",\"item\":\"https:\/\/www.abf.se\/sodertalje-nykvarn\/\"},{\"@type\":\"ListItem\",\"position\":2,\"name\":\"JAM MUSEUM\"}]},{\"@type\":\"WebSite\",\"@id\":\"https:\/\/www.abf.se\/sodertalje-nykvarn\/#website\",\"url\":\"https:\/\/www.abf.se\/sodertalje-nykvarn\/\",\"name\":\"S\u00f6dert\u00e4lje-Nykvarn\",\"description\":\"\",\"potentialAction\":[{\"@type\":\"SearchAction\",\"target\":{\"@type\":\"EntryPoint\",\"urlTemplate\":\"https:\/\/www.abf.se\/sodertalje-nykvarn\/?s={search_term_string}\"},\"query-input\":{\"@type\":\"PropertyValueSpecification\",\"valueRequired\":true,\"valueName\":\"search_term_string\"}}],\"inLanguage\":\"sv-SE\"}]}<\/script>\n<!-- \/ Yoast SEO plugin. -->","yoast_head_json":{"title":"JAM MUSEUM - S\u00f6dert\u00e4lje-Nykvarn","robots":{"index":"index","follow":"follow","max-snippet":"max-snippet:-1","max-image-preview":"max-image-preview:large","max-video-preview":"max-video-preview:-1"},"canonical":"https:\/\/www.abf.se\/sodertalje-nykvarn\/jam-museum\/","og_locale":"sv_SE","og_type":"article","og_title":"JAM MUSEUM - S\u00f6dert\u00e4lje-Nykvarn","og_url":"https:\/\/www.abf.se\/sodertalje-nykvarn\/jam-museum\/","og_site_name":"S\u00f6dert\u00e4lje-Nykvarn","article_modified_time":"2025-04-07T09:25:48+00:00","og_image":[{"width":2560,"height":1440,"url":"https:\/\/www.abf.se\/wp-content\/uploads\/sites\/48\/2024\/04\/Nyckeln-liggande-scaled.jpg","type":"image\/jpeg"}],"twitter_card":"summary_large_image","schema":{"@context":"https:\/\/schema.org","@graph":[{"@type":"WebPage","@id":"https:\/\/www.abf.se\/sodertalje-nykvarn\/jam-museum\/","url":"https:\/\/www.abf.se\/sodertalje-nykvarn\/jam-museum\/","name":"JAM MUSEUM - S\u00f6dert\u00e4lje-Nykvarn","isPartOf":{"@id":"https:\/\/www.abf.se\/sodertalje-nykvarn\/#website"},"datePublished":"2025-04-07T08:05:09+00:00","dateModified":"2025-04-07T09:25:48+00:00","breadcrumb":{"@id":"https:\/\/www.abf.se\/sodertalje-nykvarn\/jam-museum\/#breadcrumb"},"inLanguage":"sv-SE","potentialAction":[{"@type":"ReadAction","target":["https:\/\/www.abf.se\/sodertalje-nykvarn\/jam-museum\/"]}]},{"@type":"BreadcrumbList","@id":"https:\/\/www.abf.se\/sodertalje-nykvarn\/jam-museum\/#breadcrumb","itemListElement":[{"@type":"ListItem","position":1,"name":"Home","item":"https:\/\/www.abf.se\/sodertalje-nykvarn\/"},{"@type":"ListItem","position":2,"name":"JAM MUSEUM"}]},{"@type":"WebSite","@id":"https:\/\/www.abf.se\/sodertalje-nykvarn\/#website","url":"https:\/\/www.abf.se\/sodertalje-nykvarn\/","name":"S\u00f6dert\u00e4lje-Nykvarn","description":"","potentialAction":[{"@type":"SearchAction","target":{"@type":"EntryPoint","urlTemplate":"https:\/\/www.abf.se\/sodertalje-nykvarn\/?s={search_term_string}"},"query-input":{"@type":"PropertyValueSpecification","valueRequired":true,"valueName":"search_term_string"}}],"inLanguage":"sv-SE"}]}},"_links":{"self":[{"href":"https:\/\/www.abf.se\/sodertalje-nykvarn\/wp-json\/wp\/v2\/pages\/3364","targetHints":{"allow":["GET"]}}],"collection":[{"href":"https:\/\/www.abf.se\/sodertalje-nykvarn\/wp-json\/wp\/v2\/pages"}],"about":[{"href":"https:\/\/www.abf.se\/sodertalje-nykvarn\/wp-json\/wp\/v2\/types\/page"}],"author":[{"embeddable":true,"href":"https:\/\/www.abf.se\/sodertalje-nykvarn\/wp-json\/wp\/v2\/users\/50"}],"replies":[{"embeddable":true,"href":"https:\/\/www.abf.se\/sodertalje-nykvarn\/wp-json\/wp\/v2\/comments?post=3364"}],"version-history":[{"count":11,"href":"https:\/\/www.abf.se\/sodertalje-nykvarn\/wp-json\/wp\/v2\/pages\/3364\/revisions"}],"predecessor-version":[{"id":3413,"href":"https:\/\/www.abf.se\/sodertalje-nykvarn\/wp-json\/wp\/v2\/pages\/3364\/revisions\/3413"}],"wp:attachment":[{"href":"https:\/\/www.abf.se\/sodertalje-nykvarn\/wp-json\/wp\/v2\/media?parent=3364"}],"curies":[{"name":"wp","href":"https:\/\/api.w.org\/{rel}","templated":true}]}}