{"id":3378,"date":"2025-04-07T10:38:19","date_gmt":"2025-04-07T08:38:19","guid":{"rendered":"https:\/\/www.abf.se\/sodertalje-nykvarn\/?page_id=3378"},"modified":"2025-04-07T11:18:53","modified_gmt":"2025-04-07T09:18:53","slug":"program-och-ljud-och-ljusrep","status":"publish","type":"page","link":"https:\/\/www.abf.se\/sodertalje-nykvarn\/program-och-ljud-och-ljusrep\/","title":{"rendered":"Program och Ljud och ljusrep"},"content":{"rendered":"<div\n    class=\"acf-hero-block container-lg no-padding mb-12 js-geolocation\"\n    data-block=\"hero-block\"\n    data-index=\"0\"\n>\n    <div class=\"h-[548px]  relative rounded-[32px] overflow-hidden flex bg-gray-light\">\n        <div class=\"relative z-10 mt-auto h-auto w-full md:h-full\">\n            <div class=\"flex w-full h-full flex-col flex-wrap justify-end w-full md:w-7\/12 lg:w-1\/2 md:justify-center\">\n                <div class=\"flex flex-col gap-3 md:gap-[18px] md:transparent pt-16 pb-36 md:py-8 px-4 w-full md:max-w-[620px] mx-auto px-8\">\n\n                    <h1 class=\"hero-heading hero-heading--red-text\"><span>Ljud- &amp; Ljusrep<\/span><\/h1>\n\n                    \n                                    <\/div>\n            <\/div>\n        <\/div>\n\n                    <picture class=\"as-background-image mix-blend-multiply bg-black\/40\"><img decoding=\"async\" src=\"https:\/\/www.abf.se\/sodertalje-nykvarn\/resized\/?url=https%3A%2F%2Fwww.abf.se%2Fwp-content%2Fuploads%2Fsites%2F48%2F2025%2F04%2FJAM-dansstudio-scaled.jpg&#038;fit=crop&#038;w=1440&#038;s=5e2f9362d438caa8a08c00c14e1009d1\" srcset=\"https:\/\/www.abf.se\/sodertalje-nykvarn\/resized\/?url=https%3A%2F%2Fwww.abf.se%2Fwp-content%2Fuploads%2Fsites%2F48%2F2025%2F04%2FJAM-dansstudio-scaled.jpg&#038;fit=crop&#038;w=375&#038;h=540&#038;s=838bc0ae9cdaa3d90d4a637e9a170a4c 375w, https:\/\/www.abf.se\/sodertalje-nykvarn\/resized\/?url=https%3A%2F%2Fwww.abf.se%2Fwp-content%2Fuploads%2Fsites%2F48%2F2025%2F04%2FJAM-dansstudio-scaled.jpg&#038;fit=crop&#038;w=447&#038;h=540&#038;s=f43e453353548f194efc03d3d11a1364 447w, https:\/\/www.abf.se\/sodertalje-nykvarn\/resized\/?url=https%3A%2F%2Fwww.abf.se%2Fwp-content%2Fuploads%2Fsites%2F48%2F2025%2F04%2FJAM-dansstudio-scaled.jpg&#038;fit=crop&#038;w=519&#038;h=540&#038;s=81f6aa7e8d68fddcd1c8c6d96365adf5 519w, https:\/\/www.abf.se\/sodertalje-nykvarn\/resized\/?url=https%3A%2F%2Fwww.abf.se%2Fwp-content%2Fuploads%2Fsites%2F48%2F2025%2F04%2FJAM-dansstudio-scaled.jpg&#038;fit=crop&#038;w=591&#038;h=540&#038;s=0a10d689be27605b0a068de7f339285d 591w, https:\/\/www.abf.se\/sodertalje-nykvarn\/resized\/?url=https%3A%2F%2Fwww.abf.se%2Fwp-content%2Fuploads%2Fsites%2F48%2F2025%2F04%2FJAM-dansstudio-scaled.jpg&#038;fit=crop&#038;w=663&#038;h=540&#038;s=825a04002443def8d14ef3eef5167bbd 663w, https:\/\/www.abf.se\/sodertalje-nykvarn\/resized\/?url=https%3A%2F%2Fwww.abf.se%2Fwp-content%2Fuploads%2Fsites%2F48%2F2025%2F04%2FJAM-dansstudio-scaled.jpg&#038;fit=crop&#038;w=750&#038;h=540&#038;s=754681579e30ab0120a5c1500f65025f 750w, https:\/\/www.abf.se\/sodertalje-nykvarn\/resized\/?url=https%3A%2F%2Fwww.abf.se%2Fwp-content%2Fuploads%2Fsites%2F48%2F2025%2F04%2FJAM-dansstudio-scaled.jpg&#038;fit=crop&#038;w=894&#038;h=540&#038;s=79b1af2587d9f0753c00d8bd7142d4d6 894w, https:\/\/www.abf.se\/sodertalje-nykvarn\/resized\/?url=https%3A%2F%2Fwww.abf.se%2Fwp-content%2Fuploads%2Fsites%2F48%2F2025%2F04%2FJAM-dansstudio-scaled.jpg&#038;fit=crop&#038;w=1038&#038;h=540&#038;s=af9740f4555d6e2bd865e8feb4d04a71 1038w, https:\/\/www.abf.se\/sodertalje-nykvarn\/resized\/?url=https%3A%2F%2Fwww.abf.se%2Fwp-content%2Fuploads%2Fsites%2F48%2F2025%2F04%2FJAM-dansstudio-scaled.jpg&#038;fit=crop&#038;w=1182&#038;h=540&#038;s=dba9b49b4161eba4eb22d3cde5fdb86d 1182w, https:\/\/www.abf.se\/sodertalje-nykvarn\/resized\/?url=https%3A%2F%2Fwww.abf.se%2Fwp-content%2Fuploads%2Fsites%2F48%2F2025%2F04%2FJAM-dansstudio-scaled.jpg&#038;fit=crop&#038;w=1326&#038;h=540&#038;s=f176b47f6c723695cceead9a05576384 1326w, https:\/\/www.abf.se\/sodertalje-nykvarn\/resized\/?url=https%3A%2F%2Fwww.abf.se%2Fwp-content%2Fuploads%2Fsites%2F48%2F2025%2F04%2FJAM-dansstudio-scaled.jpg&#038;fit=crop&#038;w=1440&#038;h=540&#038;s=dc98c854cca97a25462d69745bd5e7fb 1440w\" alt=\"\" height=\"540\" width=\"1440\" sizes=\"(max-width: 1440px) calc(100vw - 32px), 1440px\" loading=\"eager\" fetchpriority=\"high\" aria-hidden=\"true\" role=\"presentation\" \/><\/picture>\n        \n\n            <\/div>\n\n    <\/div>\n\n<div\n    class=\"acf-article-text-block article-container my-12\"\n    data-block=\"article-text-block\"\n>\n    <div class=\"wysiwyg\">\n        <p><strong>Ljud- &amp; ljusrep Fredag 16 maj<\/strong><\/p>\n<p>16:00 Teater<br \/>\n17.30-17.40 Dreamers Dance Crew \/ Iwanka<br \/>\n17.40-17.50 Hearts Dance Crew \/ Elin<br \/>\n17.50-18.00 Dreamers Dance Crew \/ Elin<br \/>\n18.00-18.10 Hearts Dance Crew \/ Iwanka<br \/>\n18.10-18.20 Dreamers &amp; Dance Crew \/ Carl<br \/>\n18.20-18.30 Hearts Dance Crew \/ Carl<br \/>\n18.30-18.40 Movers Dance Crew 9-11 \u00e5r \/ Lisa<br \/>\nO.B.S. R\u00e4kna med att tiderna inte \u00e4r exakta och kan ta l\u00e4ngre tid.<\/p>\n<p>&nbsp;<\/p>\n<p><strong>Ljud- &amp; ljusrep L\u00f6rdag 17 maj<\/strong><\/p>\n<p>08.20-08.30 Streetkillar nyb 10-12 \u00e5r \/ Elin 13:00<br \/>\n08.30-08.40 Streetdance fort 13 \u00e5r + \/ Elin 13:00<br \/>\n08.40-08-50<br \/>\n08-50-09.00 Streetdance nyb 10-12 \u00e5r \/ Sarah &#8211; 13:00 (s\u00f6ndagsgruppen)<br \/>\n09.00-09.10 Streetdance 6-7 \u00e5r \/ Sarah &#8211; 13:00 (s\u00f6ndagsgruppen)<br \/>\n09.10-09.20 Streetdance fort 7-9 \u00e5r \/ Sarah &#8211; 13:00 (s\u00f6ndagsgruppen)<br \/>\n09.20-09.30 Streetdance nyb 10-12 \u00e5r \/ Sarah &#8211; 17:00 (m\u00e5ndagsgruppen)<br \/>\n09.30-09.40<br \/>\n09.40-09-50 Jazz fort 10-12 \u00e5r \/ Rebecca 13:00<br \/>\n09-50-10.00 Power Dance Crew \/ Rebecca 13:00<br \/>\n10.00-11.00 Genrep<br \/>\n11.10-11.20 Streetdance nyb 7-9 \u00e5r \/ Sarah &#8211; 17:00 (m\u00e5ndagsgruppen)<br \/>\n11.20-11.30 Streetdance nyb 13 \u00e5r + \/ Sarah &#8211; 17:00 (m\u00e5ndagsgruppen)<br \/>\n11.30-11.40 Balett nyb 12 \u00e5r + \/ Iwanka 17:00<br \/>\n11.40-11.50 Jazz mellan 18 \u00e5r + \/ Iwanka 17:00<br \/>\n11.50.12.00 Minifunk 5-6 \u00e5r \/ Amanda &#8211; J\u00e4rna 13:00<br \/>\n12.00-12.10 Minikids 4-5 \u00e5r \/ Amanda &#8211; J\u00e4rna 13:00<br \/>\n12.10-12.20 Minibalett 4-5 \u00e5r \/ Amanda &#8211; S\u00f6dert\u00e4lje 13:00<\/p>\n<p><strong>Eftermiddag<\/strong><br \/>\n15:10-15:30 Modernt 10-12 \u00e5r &amp; Modernt nyb\/fort 13 \u00e5r + \/ Unni 17:00<br \/>\n15:30-15:40 Streetdance nyb 7-9 \u00e5r \/ Stina 17:00<\/p>\n<p>&nbsp;<\/p>\n<p><strong>Ljud- &amp; ljusrep S\u00f6ndag 18 maj<\/strong><\/p>\n<p>08.50-09.00 Jazz nyb 10-12 \u00e5r \/ Lisa 13:00<br \/>\n09.00-09.10 Jazz nyb 7-9 \u00e5r \/ Lisa 13:00<br \/>\n09.10-09.20 Rosenborg \u00e5k 8 &amp; 9 \/ Louise 13:00<br \/>\n09.20-09.30 JOY Dance Crew 70+ \/ Louise 13:00<br \/>\n09.30-09.40 Jazzfunk fort 7-9 \u00e5r \/ Amanda &#8211; J\u00e4rna 13:00<br \/>\n09.40-09.50 Balett nyb\/fort 8-11 \u00e5r \/ Iwanka 13:00<br \/>\n09.50-10.00 Balett 6-7 \u00e5r \/ Iwanka 13:00<br \/>\n10.00-11.00 Genrep<br \/>\n11.00-11.30 PAUS<br \/>\n11.30-11.40 Minikids 3-4 \u00e5r \/ Amanda &#8211; S\u00f6dert\u00e4lje 13:00<br \/>\n11.40-11.50 Minikids 3-4 \u00e5r \/ Stina &#8211; Nykvarn 13:00<br \/>\n11.50.12.00 Minikids 4-5 \u00e5r \/ Amanda S\u00f6dert\u00e4lje 13:00<br \/>\n12.00-12.10 Minifunk 5-6 \u00e5r \/ Amanda 13:00<br \/>\n12:10-12.20 Minifunk 5-6 \u00e5r \/ Stina &#8211; Nykvarn 13.00<\/p>\n<p><strong>Eftermiddag<\/strong><br \/>\n15.00-15.10 Balett fort fr\u00e5n 12 \u00e5r \/ Iwanka 17:00<br \/>\n15.10-15.20 Jazzfunk nyb 7-9 \u00e5r \/ Amanda &#8211; J\u00e4rna 17:00<br \/>\n15.20-15.30 Jazzfunk fort 11-13 \u00e5r \/ Amanda &#8211; J\u00e4rna 17:00<br \/>\n15.30-15.40 Jazz fort 13 \u00e5r + \/ Unni 17:00<br \/>\n15.40-15.50 Streetdance nyb fr\u00e5n 20 \u00e5r \/ Elin 17:00<br \/>\n15.50-16.00 Jazzfunk nyb 10-12 \u00e5r \/ Amanda &#8211; J\u00e4rna 17:00<\/p>\n<p>&nbsp;<\/p>\n<p><a href=\"https:\/\/www.ticketmaster.se\/artist\/jam-dansstudio-biljetter\/1011556\">Biljetter Ticketmaster<\/a><\/p>\n\n    <\/div>\n<\/div>\n<div\n    class=\"acf-article-image-block mb-12 article-container-lg\"\n    data-block=\"article-image-block\"\n>\n<div class=\"\">\n\n        <figure>\n        \n            <picture class=\"round-corners-lg w-full\"><img decoding=\"async\" src=\"https:\/\/www.abf.se\/sodertalje-nykvarn\/resized\/?url=https%3A%2F%2Fwww.abf.se%2Fwp-content%2Fuploads%2Fsites%2F48%2F2025%2F04%2FPROGRAM.jpg&#038;fit=contain&#038;w=788&#038;s=e7af32a34ced43ed5d4dfcb2b6ccc1ed\" srcset=\"https:\/\/www.abf.se\/sodertalje-nykvarn\/resized\/?url=https%3A%2F%2Fwww.abf.se%2Fwp-content%2Fuploads%2Fsites%2F48%2F2025%2F04%2FPROGRAM.jpg&#038;fit=contain&#038;w=375&#038;h=122&#038;s=4b665da46b08423ec71082f4ded64e4e 375w, https:\/\/www.abf.se\/sodertalje-nykvarn\/resized\/?url=https%3A%2F%2Fwww.abf.se%2Fwp-content%2Fuploads%2Fsites%2F48%2F2025%2F04%2FPROGRAM.jpg&#038;fit=contain&#038;w=447&#038;h=146&#038;s=1d0898357e498f29e77e9f2320e3d77e 447w, https:\/\/www.abf.se\/sodertalje-nykvarn\/resized\/?url=https%3A%2F%2Fwww.abf.se%2Fwp-content%2Fuploads%2Fsites%2F48%2F2025%2F04%2FPROGRAM.jpg&#038;fit=contain&#038;w=519&#038;h=169&#038;s=15ed8207e6dd0a99644fd2c712e192f7 519w, https:\/\/www.abf.se\/sodertalje-nykvarn\/resized\/?url=https%3A%2F%2Fwww.abf.se%2Fwp-content%2Fuploads%2Fsites%2F48%2F2025%2F04%2FPROGRAM.jpg&#038;fit=contain&#038;w=591&#038;h=193&#038;s=544e7675c64c5050f3754f5dec8484bb 591w, https:\/\/www.abf.se\/sodertalje-nykvarn\/resized\/?url=https%3A%2F%2Fwww.abf.se%2Fwp-content%2Fuploads%2Fsites%2F48%2F2025%2F04%2FPROGRAM.jpg&#038;fit=contain&#038;w=663&#038;h=217&#038;s=afd724a109abc75ba5e3b2468ddb3fd6 663w, https:\/\/www.abf.se\/sodertalje-nykvarn\/resized\/?url=https%3A%2F%2Fwww.abf.se%2Fwp-content%2Fuploads%2Fsites%2F48%2F2025%2F04%2FPROGRAM.jpg&#038;fit=contain&#038;w=735&#038;h=240&#038;s=c852a3f0b19cb32fc9e239878acf932e 735w, https:\/\/www.abf.se\/sodertalje-nykvarn\/resized\/?url=https%3A%2F%2Fwww.abf.se%2Fwp-content%2Fuploads%2Fsites%2F48%2F2025%2F04%2FPROGRAM.jpg&#038;fit=contain&#038;w=750&#038;h=245&#038;s=040a71b7def7720221ac91cad2d5db2b 750w, https:\/\/www.abf.se\/sodertalje-nykvarn\/resized\/?url=https%3A%2F%2Fwww.abf.se%2Fwp-content%2Fuploads%2Fsites%2F48%2F2025%2F04%2FPROGRAM.jpg&#038;fit=contain&#038;w=788&#038;s=e7af32a34ced43ed5d4dfcb2b6ccc1ed 788w, https:\/\/www.abf.se\/sodertalje-nykvarn\/resized\/?url=https%3A%2F%2Fwww.abf.se%2Fwp-content%2Fuploads%2Fsites%2F48%2F2025%2F04%2FPROGRAM.jpg&#038;fit=contain&#038;w=894&#038;h=292&#038;s=589cbd095d8d5999f6c1e3eb924d395e 894w, https:\/\/www.abf.se\/sodertalje-nykvarn\/resized\/?url=https%3A%2F%2Fwww.abf.se%2Fwp-content%2Fuploads%2Fsites%2F48%2F2025%2F04%2FPROGRAM.jpg&#038;fit=contain&#038;w=1038&#038;h=339&#038;s=7e20b7d486a06679f50ee9160c283968 1038w, https:\/\/www.abf.se\/sodertalje-nykvarn\/resized\/?url=https%3A%2F%2Fwww.abf.se%2Fwp-content%2Fuploads%2Fsites%2F48%2F2025%2F04%2FPROGRAM.jpg&#038;fit=contain&#038;w=1182&#038;h=387&#038;s=652609b1180e698530648115e383293b 1182w, https:\/\/www.abf.se\/sodertalje-nykvarn\/resized\/?url=https%3A%2F%2Fwww.abf.se%2Fwp-content%2Fuploads%2Fsites%2F48%2F2025%2F04%2FPROGRAM.jpg&#038;fit=contain&#038;w=1326&#038;h=434&#038;s=8d39600e9e2c9ad13b089aa64459d9fa 1326w, https:\/\/www.abf.se\/sodertalje-nykvarn\/resized\/?url=https%3A%2F%2Fwww.abf.se%2Fwp-content%2Fuploads%2Fsites%2F48%2F2025%2F04%2FPROGRAM.jpg&#038;fit=contain&#038;w=1470&#038;h=481&#038;s=b5630627a9e7c40a7b7fa916ade9e3f6 1470w\" alt=\"\" height=\"258\" width=\"788\" sizes=\"auto, (max-width: 768px) calc(100vw - 40px), 788px\" loading=\"lazy\" fetchpriority=\"low\" class=\"round-corners-lg w-full\" \/><\/picture>\n                        <\/figure>\n        <\/div>\n\n<\/div>\n<div\n    class=\"acf-article-text-block article-container my-12\"\n    data-block=\"article-text-block\"\n>\n    <div class=\"wysiwyg\">\n        <p><strong>L\u00f6rdag 17 maj \u00a013:00<\/strong><\/p>\n<p>1. Minikids 4-5 \u00e5r \/ Amanda &#8211; J\u00e4rna<br \/>\n2. Streetdance 6-7 \u00e5r \/ Sarah &#8211; S\u00f6n<br \/>\n3. Hearts Dance Crew \/ Elin<br \/>\n4. Dreamers Dance Crew \/ Iwanka<br \/>\n5. Minifunk 5-6 \u00e5r \/ Amanda &#8211; J\u00e4rna<br \/>\n6. Streetdance fort 7-9 \u00e5r \/ Sarah &#8211; S\u00f6n<br \/>\n7. Minibalett 4-5 \u00e5r \/ Amanda &#8211; S\u00f6dert\u00e4lje<br \/>\n8. Hearts Dance Crew \/ Carl<br \/>\n<strong>PAUS<\/strong><br \/>\n9. Dreamers Dance Crew \/ Elin<br \/>\n10. Streetdance nyb 10-12 \u00e5r \/ Sarah &#8211; S\u00f6n<br \/>\n11. Power Dance Crew \/ Rebecca<br \/>\n12. Streetkillar nyb 10-12 \u00e5r \/ Elin<br \/>\n13. Movers Dance Crew 9-11 \u00e5r \/ Lisa<br \/>\n14. Hearts Dance Crew \/ Iwanka<br \/>\n15. Streetdance fort 13 \u00e5r + \/ Elin<br \/>\n16. Jazz fort 10-12 \u00e5r \/ Rebecca<br \/>\n17. Dreamers Dance Crew \/ Carl<br \/>\nFinal<\/p>\n<p>&nbsp;<\/p>\n<p><strong>L\u00f6rdag 17 maj 17:00<\/strong><br \/>\n1. Streetdance nyb 10-12 \u00e5r \/ Sarah &#8211; M\u00e5n<br \/>\n2. Streetdance nyb 7-9 \u00e5r \/ Sarah &#8211; M\u00e5n<br \/>\n3. Modernt nyb\/fort 13 \u00e5r + &amp; Modernt 10-12 \u00e5r \/ Unni<br \/>\n4. Hearts Dance Crew \/ Elin<br \/>\n5. Dreamers Dance Crew \/ Iwanka<br \/>\n6. Balett nyb 12 \u00e5r + \/ Iwanka<br \/>\n7. Jazz mellan 18 \u00e5r + \/ Iwanka<br \/>\n8. Hearts Dance Crew \/ Carl<br \/>\n<strong>PAUS<\/strong><br \/>\n9. Dreamers Dance Crew \/ Elin<br \/>\n10. Streetdance nyb 7-9 \u00e5r \/Stina<br \/>\n11. Movers Dance Crew 9-11 \u00e5r \/ Lisa<br \/>\n12. Hearts Dance Crew \/ Iwanka<br \/>\n13. Streetdance nyb 13 \u00e5r + \/ Sarah &#8211; M\u00e5n<br \/>\n14. Dreamers Dance Crew \/ Carl<br \/>\nFinal<\/p>\n<p>&nbsp;<\/p>\n<p><strong>S\u00f6ndag 18 maj 13:00<\/strong><br \/>\n1. Minifunk 5-6 \u00e5r \/ Stina &#8211; Nykvarn<br \/>\n2. Minikids 3-4 \u00e5r \/ Amanda &#8211; S\u00f6dert\u00e4lje<br \/>\n3. Minikids 3-4 \u00e5r \/ Stina &#8211; Nykvarn<br \/>\n4. Balett nyb\/fort 8-11 \u00e5r \/ Iwanka<br \/>\n5. Rosenborg \u00e5k 8 &amp; 9 \/ Louise<br \/>\n6. Minikids 4-5 \u00e5r \/ Amanda S\u00f6dert\u00e4lje<br \/>\n7. Hearts Dance Crew \/ Elin<br \/>\n8. Dreamers Dance Crew \/ Iwanka<br \/>\n9. JOY Dance Crew 70+ \/ Louise<br \/>\n10. Jazzfunk fort 7-9 \u00e5r \/ Amanda &#8211; J\u00e4rna<br \/>\n11. Hearts Dance Crew \/ Carl<br \/>\n<strong>PAUS<\/strong><br \/>\n12. Dreamers Dance Crew \/ Elin<br \/>\n13. Jazz nyb 7-9 \u00e5r \/ Lisa<br \/>\n14. Minifunk 5-6 \u00e5r \/ Amanda<br \/>\n15. Balett 6-7 \u00e5r \/ Iwanka<br \/>\n16. Movers Dance Crew 9-11 \u00e5r \/ Lisa<br \/>\n17. Hearts Dance Crew \/ Iwanka<br \/>\n18. Jazz nyb 10-12 \u00e5r \/ Lisa<br \/>\n19. Dreamers Dance Crew \/ Carl<br \/>\nFinal<\/p>\n<p>&nbsp;<\/p>\n<p><strong>S\u00f6ndag 18 maj 17:00<\/strong><br \/>\n1. Jazzfunk nyb 7-9 \u00e5r \/ Amanda &#8211; J\u00e4rna<br \/>\n2. Jazz fort 13 \u00e5r + \/ Unni<br \/>\n3. Hearts Dance Crew \/ Elin<br \/>\n4. Dreamers Dance Crew \/ Iwanka<br \/>\n5. Streetdance nyb fr\u00e5n 20 \u00e5r \/ Elin<br \/>\n6. Hearts Dance Crew \/ Carl<br \/>\n<strong>PAUS<\/strong><br \/>\n7. Dreamers Dance Crew \/ Elin<br \/>\n8. Jazzfunk nyb 10-12 \u00e5r \/ Amanda &#8211; J\u00e4rna<br \/>\n9. Balett fort fr\u00e5n 12 \u00e5r \/ Iwanka<br \/>\n10. Movers Dance Crew 9-11 \u00e5r \/ Lisa<br \/>\n11. Hearts Dance Crew \/ Iwanka<br \/>\n12. Jazzfunk fort 11-13 \u00e5r \/ Amanda &#8211; J\u00e4rna<br \/>\n13. Dreamers Dance Crew \/ Carl<br \/>\nFinal<\/p>\n<p>&nbsp;<\/p>\n<p>&nbsp;<\/p>\n\n    <\/div>\n<\/div>\n","protected":false},"excerpt":{"rendered":"","protected":false},"author":50,"featured_media":0,"parent":0,"menu_order":0,"comment_status":"closed","ping_status":"closed","template":"","meta":{"_acf_changed":false,"footnotes":""},"class_list":["post-3378","page","type-page","status-publish","hentry"],"acf":[],"yoast_head":"<!-- This site is optimized with the Yoast SEO plugin v27.0 - https:\/\/yoast.com\/product\/yoast-seo-wordpress\/ -->\n<title>Program och Ljud och ljusrep - S\u00f6dert\u00e4lje-Nykvarn<\/title>\n<meta name=\"robots\" content=\"index, follow, max-snippet:-1, max-image-preview:large, max-video-preview:-1\" \/>\n<link rel=\"canonical\" href=\"https:\/\/www.abf.se\/sodertalje-nykvarn\/program-och-ljud-och-ljusrep\/\" \/>\n<meta property=\"og:locale\" content=\"sv_SE\" \/>\n<meta property=\"og:type\" content=\"article\" \/>\n<meta property=\"og:title\" content=\"Program och Ljud och ljusrep - S\u00f6dert\u00e4lje-Nykvarn\" \/>\n<meta property=\"og:url\" content=\"https:\/\/www.abf.se\/sodertalje-nykvarn\/program-och-ljud-och-ljusrep\/\" \/>\n<meta property=\"og:site_name\" content=\"S\u00f6dert\u00e4lje-Nykvarn\" \/>\n<meta property=\"article:modified_time\" content=\"2025-04-07T09:18:53+00:00\" \/>\n<meta property=\"og:image\" content=\"https:\/\/www.abf.se\/wp-content\/uploads\/sites\/48\/2024\/04\/Nyckeln-liggande-scaled.jpg\" \/>\n\t<meta property=\"og:image:width\" content=\"2560\" \/>\n\t<meta property=\"og:image:height\" content=\"1440\" \/>\n\t<meta property=\"og:image:type\" content=\"image\/jpeg\" \/>\n<meta name=\"twitter:card\" content=\"summary_large_image\" \/>\n<script type=\"application\/ld+json\" class=\"yoast-schema-graph\">{\"@context\":\"https:\/\/schema.org\",\"@graph\":[{\"@type\":\"WebPage\",\"@id\":\"https:\/\/www.abf.se\/sodertalje-nykvarn\/program-och-ljud-och-ljusrep\/\",\"url\":\"https:\/\/www.abf.se\/sodertalje-nykvarn\/program-och-ljud-och-ljusrep\/\",\"name\":\"Program och Ljud och ljusrep - S\u00f6dert\u00e4lje-Nykvarn\",\"isPartOf\":{\"@id\":\"https:\/\/www.abf.se\/sodertalje-nykvarn\/#website\"},\"datePublished\":\"2025-04-07T08:38:19+00:00\",\"dateModified\":\"2025-04-07T09:18:53+00:00\",\"breadcrumb\":{\"@id\":\"https:\/\/www.abf.se\/sodertalje-nykvarn\/program-och-ljud-och-ljusrep\/#breadcrumb\"},\"inLanguage\":\"sv-SE\",\"potentialAction\":[{\"@type\":\"ReadAction\",\"target\":[\"https:\/\/www.abf.se\/sodertalje-nykvarn\/program-och-ljud-och-ljusrep\/\"]}]},{\"@type\":\"BreadcrumbList\",\"@id\":\"https:\/\/www.abf.se\/sodertalje-nykvarn\/program-och-ljud-och-ljusrep\/#breadcrumb\",\"itemListElement\":[{\"@type\":\"ListItem\",\"position\":1,\"name\":\"Home\",\"item\":\"https:\/\/www.abf.se\/sodertalje-nykvarn\/\"},{\"@type\":\"ListItem\",\"position\":2,\"name\":\"Program och Ljud och ljusrep\"}]},{\"@type\":\"WebSite\",\"@id\":\"https:\/\/www.abf.se\/sodertalje-nykvarn\/#website\",\"url\":\"https:\/\/www.abf.se\/sodertalje-nykvarn\/\",\"name\":\"S\u00f6dert\u00e4lje-Nykvarn\",\"description\":\"\",\"potentialAction\":[{\"@type\":\"SearchAction\",\"target\":{\"@type\":\"EntryPoint\",\"urlTemplate\":\"https:\/\/www.abf.se\/sodertalje-nykvarn\/?s={search_term_string}\"},\"query-input\":{\"@type\":\"PropertyValueSpecification\",\"valueRequired\":true,\"valueName\":\"search_term_string\"}}],\"inLanguage\":\"sv-SE\"}]}<\/script>\n<!-- \/ Yoast SEO plugin. -->","yoast_head_json":{"title":"Program och Ljud och ljusrep - S\u00f6dert\u00e4lje-Nykvarn","robots":{"index":"index","follow":"follow","max-snippet":"max-snippet:-1","max-image-preview":"max-image-preview:large","max-video-preview":"max-video-preview:-1"},"canonical":"https:\/\/www.abf.se\/sodertalje-nykvarn\/program-och-ljud-och-ljusrep\/","og_locale":"sv_SE","og_type":"article","og_title":"Program och Ljud och ljusrep - S\u00f6dert\u00e4lje-Nykvarn","og_url":"https:\/\/www.abf.se\/sodertalje-nykvarn\/program-och-ljud-och-ljusrep\/","og_site_name":"S\u00f6dert\u00e4lje-Nykvarn","article_modified_time":"2025-04-07T09:18:53+00:00","og_image":[{"width":2560,"height":1440,"url":"https:\/\/www.abf.se\/wp-content\/uploads\/sites\/48\/2024\/04\/Nyckeln-liggande-scaled.jpg","type":"image\/jpeg"}],"twitter_card":"summary_large_image","schema":{"@context":"https:\/\/schema.org","@graph":[{"@type":"WebPage","@id":"https:\/\/www.abf.se\/sodertalje-nykvarn\/program-och-ljud-och-ljusrep\/","url":"https:\/\/www.abf.se\/sodertalje-nykvarn\/program-och-ljud-och-ljusrep\/","name":"Program och Ljud och ljusrep - S\u00f6dert\u00e4lje-Nykvarn","isPartOf":{"@id":"https:\/\/www.abf.se\/sodertalje-nykvarn\/#website"},"datePublished":"2025-04-07T08:38:19+00:00","dateModified":"2025-04-07T09:18:53+00:00","breadcrumb":{"@id":"https:\/\/www.abf.se\/sodertalje-nykvarn\/program-och-ljud-och-ljusrep\/#breadcrumb"},"inLanguage":"sv-SE","potentialAction":[{"@type":"ReadAction","target":["https:\/\/www.abf.se\/sodertalje-nykvarn\/program-och-ljud-och-ljusrep\/"]}]},{"@type":"BreadcrumbList","@id":"https:\/\/www.abf.se\/sodertalje-nykvarn\/program-och-ljud-och-ljusrep\/#breadcrumb","itemListElement":[{"@type":"ListItem","position":1,"name":"Home","item":"https:\/\/www.abf.se\/sodertalje-nykvarn\/"},{"@type":"ListItem","position":2,"name":"Program och Ljud och ljusrep"}]},{"@type":"WebSite","@id":"https:\/\/www.abf.se\/sodertalje-nykvarn\/#website","url":"https:\/\/www.abf.se\/sodertalje-nykvarn\/","name":"S\u00f6dert\u00e4lje-Nykvarn","description":"","potentialAction":[{"@type":"SearchAction","target":{"@type":"EntryPoint","urlTemplate":"https:\/\/www.abf.se\/sodertalje-nykvarn\/?s={search_term_string}"},"query-input":{"@type":"PropertyValueSpecification","valueRequired":true,"valueName":"search_term_string"}}],"inLanguage":"sv-SE"}]}},"_links":{"self":[{"href":"https:\/\/www.abf.se\/sodertalje-nykvarn\/wp-json\/wp\/v2\/pages\/3378","targetHints":{"allow":["GET"]}}],"collection":[{"href":"https:\/\/www.abf.se\/sodertalje-nykvarn\/wp-json\/wp\/v2\/pages"}],"about":[{"href":"https:\/\/www.abf.se\/sodertalje-nykvarn\/wp-json\/wp\/v2\/types\/page"}],"author":[{"embeddable":true,"href":"https:\/\/www.abf.se\/sodertalje-nykvarn\/wp-json\/wp\/v2\/users\/50"}],"replies":[{"embeddable":true,"href":"https:\/\/www.abf.se\/sodertalje-nykvarn\/wp-json\/wp\/v2\/comments?post=3378"}],"version-history":[{"count":19,"href":"https:\/\/www.abf.se\/sodertalje-nykvarn\/wp-json\/wp\/v2\/pages\/3378\/revisions"}],"predecessor-version":[{"id":3408,"href":"https:\/\/www.abf.se\/sodertalje-nykvarn\/wp-json\/wp\/v2\/pages\/3378\/revisions\/3408"}],"wp:attachment":[{"href":"https:\/\/www.abf.se\/sodertalje-nykvarn\/wp-json\/wp\/v2\/media?parent=3378"}],"curies":[{"name":"wp","href":"https:\/\/api.w.org\/{rel}","templated":true}]}}