{"id":3688,"date":"2025-04-28T11:35:39","date_gmt":"2025-04-28T09:35:39","guid":{"rendered":"https:\/\/www.abf.se\/sodertalje-nykvarn\/?page_id=3688"},"modified":"2025-04-28T11:46:11","modified_gmt":"2025-04-28T09:46:11","slug":"arets-folkbildare","status":"publish","type":"page","link":"https:\/\/www.abf.se\/sodertalje-nykvarn\/arets-folkbildare\/","title":{"rendered":"\u00c5rets folkbildare"},"content":{"rendered":"<div\n    class=\"acf-hero-block container-lg no-padding mb-12 js-geolocation\"\n    data-block=\"hero-block\"\n    data-index=\"0\"\n>\n    <div class=\"h-[548px]  relative rounded-[32px] overflow-hidden flex bg-gray-light\">\n        <div class=\"relative z-10 mt-auto h-auto w-full md:h-full\">\n            <div class=\"flex w-full h-full flex-col flex-wrap justify-end w-full md:w-7\/12 lg:w-1\/2 md:justify-center\">\n                <div class=\"flex flex-col gap-3 md:gap-[18px] md:transparent pt-16 pb-36 md:py-8 px-4 w-full md:max-w-[620px] mx-auto px-8\">\n\n                    <h1 class=\"hero-heading hero-heading--red-text\"><span>\u00c5rets kultur och folkbildningspris 2025!<\/span><\/h1>\n\n                    \n                                    <\/div>\n            <\/div>\n        <\/div>\n\n                    <picture class=\"as-background-image mix-blend-multiply bg-black\/40\"><img decoding=\"async\" src=\"https:\/\/www.abf.se\/sodertalje-nykvarn\/resized\/?url=https%3A%2F%2Fwww.abf.se%2Fwp-content%2Fuploads%2Fsites%2F48%2F2025%2F04%2FNamnlost-1-3.jpg&#038;fit=crop&#038;w=1440&#038;s=5bfcbdebf179207405a62cd56b5689b1\" srcset=\"https:\/\/www.abf.se\/sodertalje-nykvarn\/resized\/?url=https%3A%2F%2Fwww.abf.se%2Fwp-content%2Fuploads%2Fsites%2F48%2F2025%2F04%2FNamnlost-1-3.jpg&#038;fit=crop&#038;w=375&#038;h=540&#038;s=42cc7a8012ffa4f6ced66ef6edbb2e5b 375w, https:\/\/www.abf.se\/sodertalje-nykvarn\/resized\/?url=https%3A%2F%2Fwww.abf.se%2Fwp-content%2Fuploads%2Fsites%2F48%2F2025%2F04%2FNamnlost-1-3.jpg&#038;fit=crop&#038;w=447&#038;h=540&#038;s=3469e0ca179e403fb844458f70b97f44 447w, https:\/\/www.abf.se\/sodertalje-nykvarn\/resized\/?url=https%3A%2F%2Fwww.abf.se%2Fwp-content%2Fuploads%2Fsites%2F48%2F2025%2F04%2FNamnlost-1-3.jpg&#038;fit=crop&#038;w=519&#038;h=540&#038;s=c77bb19e2f5ef831d4c592b93d34acc3 519w, https:\/\/www.abf.se\/sodertalje-nykvarn\/resized\/?url=https%3A%2F%2Fwww.abf.se%2Fwp-content%2Fuploads%2Fsites%2F48%2F2025%2F04%2FNamnlost-1-3.jpg&#038;fit=crop&#038;w=591&#038;h=540&#038;s=85f7fd3bc61c441aad5c1a9c6f2838bb 591w, https:\/\/www.abf.se\/sodertalje-nykvarn\/resized\/?url=https%3A%2F%2Fwww.abf.se%2Fwp-content%2Fuploads%2Fsites%2F48%2F2025%2F04%2FNamnlost-1-3.jpg&#038;fit=crop&#038;w=663&#038;h=540&#038;s=caf6f3a80be4caf3be98846ea5c83a87 663w, https:\/\/www.abf.se\/sodertalje-nykvarn\/resized\/?url=https%3A%2F%2Fwww.abf.se%2Fwp-content%2Fuploads%2Fsites%2F48%2F2025%2F04%2FNamnlost-1-3.jpg&#038;fit=crop&#038;w=750&#038;h=540&#038;s=618a85972ec55f645ea410db6fde0a32 750w, https:\/\/www.abf.se\/sodertalje-nykvarn\/resized\/?url=https%3A%2F%2Fwww.abf.se%2Fwp-content%2Fuploads%2Fsites%2F48%2F2025%2F04%2FNamnlost-1-3.jpg&#038;fit=crop&#038;w=894&#038;h=540&#038;s=3f90d4c84ab24f025bc587ca13755c46 894w, https:\/\/www.abf.se\/sodertalje-nykvarn\/resized\/?url=https%3A%2F%2Fwww.abf.se%2Fwp-content%2Fuploads%2Fsites%2F48%2F2025%2F04%2FNamnlost-1-3.jpg&#038;fit=crop&#038;w=1038&#038;h=540&#038;s=450c5d523b21aa46e5aeb9e1ade2c625 1038w, https:\/\/www.abf.se\/sodertalje-nykvarn\/resized\/?url=https%3A%2F%2Fwww.abf.se%2Fwp-content%2Fuploads%2Fsites%2F48%2F2025%2F04%2FNamnlost-1-3.jpg&#038;fit=crop&#038;w=1182&#038;h=540&#038;s=ef809e3d5af4e02142046d07be21736b 1182w, https:\/\/www.abf.se\/sodertalje-nykvarn\/resized\/?url=https%3A%2F%2Fwww.abf.se%2Fwp-content%2Fuploads%2Fsites%2F48%2F2025%2F04%2FNamnlost-1-3.jpg&#038;fit=crop&#038;w=1326&#038;h=540&#038;s=0543685b115dd4e313e326061e564bf6 1326w, https:\/\/www.abf.se\/sodertalje-nykvarn\/resized\/?url=https%3A%2F%2Fwww.abf.se%2Fwp-content%2Fuploads%2Fsites%2F48%2F2025%2F04%2FNamnlost-1-3.jpg&#038;fit=crop&#038;w=1440&#038;h=540&#038;s=d42e8282e2134538840e51d20a9e19e6 1440w\" alt=\"\" height=\"540\" width=\"1440\" sizes=\"(max-width: 1440px) calc(100vw - 32px), 1440px\" loading=\"eager\" fetchpriority=\"high\" aria-hidden=\"true\" role=\"presentation\" \/><\/picture>\n        \n\n            <\/div>\n\n    <\/div>\n\n<div\n    class=\"acf-article-image-block mb-12 article-container-lg\"\n    data-block=\"article-image-block\"\n>\n<div class=\"\">\n\n        <figure>\n        \n            <picture class=\"round-corners-lg w-full\"><img decoding=\"async\" src=\"https:\/\/www.abf.se\/sodertalje-nykvarn\/resized\/?url=https%3A%2F%2Fwww.abf.se%2Fwp-content%2Fuploads%2Fsites%2F48%2F2025%2F04%2FUTF-820250424_191110.jpg&#038;fit=contain&#038;w=788&#038;s=8e9fda8a09b9662afef4caa36ce43da2\" srcset=\"https:\/\/www.abf.se\/sodertalje-nykvarn\/resized\/?url=https%3A%2F%2Fwww.abf.se%2Fwp-content%2Fuploads%2Fsites%2F48%2F2025%2F04%2FUTF-820250424_191110.jpg&#038;fit=contain&#038;w=375&#038;h=168&#038;s=aea9dce903fdf545e041dd70163ea3e7 375w, https:\/\/www.abf.se\/sodertalje-nykvarn\/resized\/?url=https%3A%2F%2Fwww.abf.se%2Fwp-content%2Fuploads%2Fsites%2F48%2F2025%2F04%2FUTF-820250424_191110.jpg&#038;fit=contain&#038;w=447&#038;h=200&#038;s=66a77a06423ee257b69111fc4257153a 447w, https:\/\/www.abf.se\/sodertalje-nykvarn\/resized\/?url=https%3A%2F%2Fwww.abf.se%2Fwp-content%2Fuploads%2Fsites%2F48%2F2025%2F04%2FUTF-820250424_191110.jpg&#038;fit=contain&#038;w=519&#038;h=233&#038;s=59c810fe7f4e1bd111f66e015d134af1 519w, https:\/\/www.abf.se\/sodertalje-nykvarn\/resized\/?url=https%3A%2F%2Fwww.abf.se%2Fwp-content%2Fuploads%2Fsites%2F48%2F2025%2F04%2FUTF-820250424_191110.jpg&#038;fit=contain&#038;w=591&#038;h=265&#038;s=021a9ee50248917a7a7cd041d6a49822 591w, https:\/\/www.abf.se\/sodertalje-nykvarn\/resized\/?url=https%3A%2F%2Fwww.abf.se%2Fwp-content%2Fuploads%2Fsites%2F48%2F2025%2F04%2FUTF-820250424_191110.jpg&#038;fit=contain&#038;w=663&#038;h=297&#038;s=8192838f0f2c0269df4680a8d7f4e40c 663w, https:\/\/www.abf.se\/sodertalje-nykvarn\/resized\/?url=https%3A%2F%2Fwww.abf.se%2Fwp-content%2Fuploads%2Fsites%2F48%2F2025%2F04%2FUTF-820250424_191110.jpg&#038;fit=contain&#038;w=735&#038;h=330&#038;s=a7d54f3843ffb372b857796fda0d3ce6 735w, https:\/\/www.abf.se\/sodertalje-nykvarn\/resized\/?url=https%3A%2F%2Fwww.abf.se%2Fwp-content%2Fuploads%2Fsites%2F48%2F2025%2F04%2FUTF-820250424_191110.jpg&#038;fit=contain&#038;w=750&#038;h=336&#038;s=25ae9658cb2957b321377ce878862365 750w, https:\/\/www.abf.se\/sodertalje-nykvarn\/resized\/?url=https%3A%2F%2Fwww.abf.se%2Fwp-content%2Fuploads%2Fsites%2F48%2F2025%2F04%2FUTF-820250424_191110.jpg&#038;fit=contain&#038;w=788&#038;s=8e9fda8a09b9662afef4caa36ce43da2 788w, https:\/\/www.abf.se\/sodertalje-nykvarn\/resized\/?url=https%3A%2F%2Fwww.abf.se%2Fwp-content%2Fuploads%2Fsites%2F48%2F2025%2F04%2FUTF-820250424_191110.jpg&#038;fit=contain&#038;w=894&#038;h=401&#038;s=41b01b6c22a8108dba681f591a64456b 894w, https:\/\/www.abf.se\/sodertalje-nykvarn\/resized\/?url=https%3A%2F%2Fwww.abf.se%2Fwp-content%2Fuploads%2Fsites%2F48%2F2025%2F04%2FUTF-820250424_191110.jpg&#038;fit=contain&#038;w=1038&#038;h=466&#038;s=848cbe431429c651d4a97f3e564c4cc6 1038w, https:\/\/www.abf.se\/sodertalje-nykvarn\/resized\/?url=https%3A%2F%2Fwww.abf.se%2Fwp-content%2Fuploads%2Fsites%2F48%2F2025%2F04%2FUTF-820250424_191110.jpg&#038;fit=contain&#038;w=1182&#038;h=531&#038;s=69c8bec7c91d0388dec59d45e347a074 1182w, https:\/\/www.abf.se\/sodertalje-nykvarn\/resized\/?url=https%3A%2F%2Fwww.abf.se%2Fwp-content%2Fuploads%2Fsites%2F48%2F2025%2F04%2FUTF-820250424_191110.jpg&#038;fit=contain&#038;w=1326&#038;h=595&#038;s=7f4294efe0a3b7a03b324844ce479db5 1326w, https:\/\/www.abf.se\/sodertalje-nykvarn\/resized\/?url=https%3A%2F%2Fwww.abf.se%2Fwp-content%2Fuploads%2Fsites%2F48%2F2025%2F04%2FUTF-820250424_191110.jpg&#038;fit=contain&#038;w=1470&#038;h=660&#038;s=2d84ae38d7ddb9d19f51cd3b2b59634e 1470w\" alt=\"\" height=\"354\" width=\"788\" sizes=\"auto, (max-width: 768px) calc(100vw - 40px), 788px\" loading=\"lazy\" fetchpriority=\"low\" class=\"round-corners-lg w-full\" \/><\/picture>\n                        <\/figure>\n        <\/div>\n\n<\/div>\n<div\n    class=\"acf-article-facts-block article-container  my-8 \"\n    data-block=\"article-facts-block\"\n>\n<div class=\"bg-teal-light border border-teal p-8 rounded-corners-sm\">\n<header>\n        <h2 class=\"heading-md text-teal-dark mb-3\">\n            \n        <\/h2>\n    <\/header>\n    <div class=\"wysiwyg\">\n        <p style=\"text-align: center\"><strong>\u00c5rets kultur och folkbildningspris 2025 delades ut p\u00e5 ABF S\u00f6dert\u00e4lje-Nykvarns \u00e5rsm\u00f6te. Glada blev de, Mezzopotelge fick kulturpriset och Tina Westerlund folkbildningspriset. <\/strong><\/p>\n<p style=\"text-align: center\"><strong>V\u00e4rdiga pristagare.\u00a0<\/strong><\/p>\n\n    <\/div>\n<\/div>\n\n<\/div>\n<div\n    class=\"acf-article-image-block mb-12 container\"\n    data-block=\"article-image-block\"\n>\n<div class=\"grid md:grid-cols-2 gap-4\">\n\n        <figure>\n        \n            <picture class=\"round-corners-lg w-full\"><img decoding=\"async\" src=\"https:\/\/www.abf.se\/sodertalje-nykvarn\/resized\/?url=https%3A%2F%2Fwww.abf.se%2Fwp-content%2Fuploads%2Fsites%2F48%2F2025%2F04%2F20250424_190703.jpg&#038;fit=contain&#038;w=578&#038;s=1b7662819e6b4b645a0bfdec3f3a5d40\" srcset=\"https:\/\/www.abf.se\/sodertalje-nykvarn\/resized\/?url=https%3A%2F%2Fwww.abf.se%2Fwp-content%2Fuploads%2Fsites%2F48%2F2025%2F04%2F20250424_190703.jpg&#038;fit=contain&#038;w=375&#038;h=568&#038;s=cc033dff81561a39478fccbfa62be110 375w, https:\/\/www.abf.se\/sodertalje-nykvarn\/resized\/?url=https%3A%2F%2Fwww.abf.se%2Fwp-content%2Fuploads%2Fsites%2F48%2F2025%2F04%2F20250424_190703.jpg&#038;fit=contain&#038;w=423&#038;h=641&#038;s=380a9bfbc5952576405bd11bfc3a61f0 423w, https:\/\/www.abf.se\/sodertalje-nykvarn\/resized\/?url=https%3A%2F%2Fwww.abf.se%2Fwp-content%2Fuploads%2Fsites%2F48%2F2025%2F04%2F20250424_190703.jpg&#038;fit=contain&#038;w=471&#038;h=713&#038;s=590e5614369f1d9a929d63e696367b0f 471w, https:\/\/www.abf.se\/sodertalje-nykvarn\/resized\/?url=https%3A%2F%2Fwww.abf.se%2Fwp-content%2Fuploads%2Fsites%2F48%2F2025%2F04%2F20250424_190703.jpg&#038;fit=contain&#038;w=519&#038;h=786&#038;s=302d2ea9de54c4f6fc6e0d511f1697e4 519w, https:\/\/www.abf.se\/sodertalje-nykvarn\/resized\/?url=https%3A%2F%2Fwww.abf.se%2Fwp-content%2Fuploads%2Fsites%2F48%2F2025%2F04%2F20250424_190703.jpg&#038;fit=contain&#038;w=567&#038;h=859&#038;s=9b35aac7f867862e4cbb4729efa72a5e 567w, https:\/\/www.abf.se\/sodertalje-nykvarn\/resized\/?url=https%3A%2F%2Fwww.abf.se%2Fwp-content%2Fuploads%2Fsites%2F48%2F2025%2F04%2F20250424_190703.jpg&#038;fit=contain&#038;w=578&#038;s=1b7662819e6b4b645a0bfdec3f3a5d40 578w, https:\/\/www.abf.se\/sodertalje-nykvarn\/resized\/?url=https%3A%2F%2Fwww.abf.se%2Fwp-content%2Fuploads%2Fsites%2F48%2F2025%2F04%2F20250424_190703.jpg&#038;fit=contain&#038;w=750&#038;h=1136&#038;s=a59792b2a2e51733176f663daadd42a7 750w, https:\/\/www.abf.se\/sodertalje-nykvarn\/resized\/?url=https%3A%2F%2Fwww.abf.se%2Fwp-content%2Fuploads%2Fsites%2F48%2F2025%2F04%2F20250424_190703.jpg&#038;fit=contain&#038;w=846&#038;h=1282&#038;s=42563db2fbf79ab105b0be76f982b38c 846w, https:\/\/www.abf.se\/sodertalje-nykvarn\/resized\/?url=https%3A%2F%2Fwww.abf.se%2Fwp-content%2Fuploads%2Fsites%2F48%2F2025%2F04%2F20250424_190703.jpg&#038;fit=contain&#038;w=942&#038;h=1427&#038;s=086ec5f73daf30acadc7c48d346b26a2 942w, https:\/\/www.abf.se\/sodertalje-nykvarn\/resized\/?url=https%3A%2F%2Fwww.abf.se%2Fwp-content%2Fuploads%2Fsites%2F48%2F2025%2F04%2F20250424_190703.jpg&#038;fit=contain&#038;w=1038&#038;h=1573&#038;s=574e706c10da451ad44286ba7cc9a4d9 1038w, https:\/\/www.abf.se\/sodertalje-nykvarn\/resized\/?url=https%3A%2F%2Fwww.abf.se%2Fwp-content%2Fuploads%2Fsites%2F48%2F2025%2F04%2F20250424_190703.jpg&#038;fit=contain&#038;w=1134&#038;h=1718&#038;s=f9e1ef5b78cc5397f0054b0ebba90275 1134w\" alt=\"\" height=\"876\" width=\"578\" sizes=\"auto, (max-width: 768px) calc(100vw - 40px), (min-width: 768px) and (max-width: 1156px) calc(50vw - 56px), calc((1156px \/ 2) - 16px)\" loading=\"lazy\" fetchpriority=\"low\" class=\"round-corners-lg w-full\" \/><\/picture>\n                        <\/figure>\n        <figure>\n        \n            <picture class=\"round-corners-lg w-full\"><img decoding=\"async\" src=\"https:\/\/www.abf.se\/sodertalje-nykvarn\/resized\/?url=https%3A%2F%2Fwww.abf.se%2Fwp-content%2Fuploads%2Fsites%2F48%2F2025%2F04%2F20250424_190804.jpg&#038;fit=contain&#038;w=578&#038;s=b3cc2daa3c1c93d408c66ba927858863\" srcset=\"https:\/\/www.abf.se\/sodertalje-nykvarn\/resized\/?url=https%3A%2F%2Fwww.abf.se%2Fwp-content%2Fuploads%2Fsites%2F48%2F2025%2F04%2F20250424_190804.jpg&#038;fit=contain&#038;w=375&#038;h=552&#038;s=57ea87afa120e1972fad2f3faf8f0868 375w, https:\/\/www.abf.se\/sodertalje-nykvarn\/resized\/?url=https%3A%2F%2Fwww.abf.se%2Fwp-content%2Fuploads%2Fsites%2F48%2F2025%2F04%2F20250424_190804.jpg&#038;fit=contain&#038;w=423&#038;h=623&#038;s=da8b361fc0acb26f7ed100b677be0358 423w, https:\/\/www.abf.se\/sodertalje-nykvarn\/resized\/?url=https%3A%2F%2Fwww.abf.se%2Fwp-content%2Fuploads%2Fsites%2F48%2F2025%2F04%2F20250424_190804.jpg&#038;fit=contain&#038;w=471&#038;h=694&#038;s=b9f75041e8baf4f2818f5bd8c0baae31 471w, https:\/\/www.abf.se\/sodertalje-nykvarn\/resized\/?url=https%3A%2F%2Fwww.abf.se%2Fwp-content%2Fuploads%2Fsites%2F48%2F2025%2F04%2F20250424_190804.jpg&#038;fit=contain&#038;w=519&#038;h=765&#038;s=5ddb471272db0ed1f634d2972b97264d 519w, https:\/\/www.abf.se\/sodertalje-nykvarn\/resized\/?url=https%3A%2F%2Fwww.abf.se%2Fwp-content%2Fuploads%2Fsites%2F48%2F2025%2F04%2F20250424_190804.jpg&#038;fit=contain&#038;w=567&#038;h=835&#038;s=5ceab958ac1fc3c942736774a2f8063a 567w, https:\/\/www.abf.se\/sodertalje-nykvarn\/resized\/?url=https%3A%2F%2Fwww.abf.se%2Fwp-content%2Fuploads%2Fsites%2F48%2F2025%2F04%2F20250424_190804.jpg&#038;fit=contain&#038;w=578&#038;s=b3cc2daa3c1c93d408c66ba927858863 578w, https:\/\/www.abf.se\/sodertalje-nykvarn\/resized\/?url=https%3A%2F%2Fwww.abf.se%2Fwp-content%2Fuploads%2Fsites%2F48%2F2025%2F04%2F20250424_190804.jpg&#038;fit=contain&#038;w=750&#038;h=1105&#038;s=24fc3c6e404196bc455abeae7d44993d 750w, https:\/\/www.abf.se\/sodertalje-nykvarn\/resized\/?url=https%3A%2F%2Fwww.abf.se%2Fwp-content%2Fuploads%2Fsites%2F48%2F2025%2F04%2F20250424_190804.jpg&#038;fit=contain&#038;w=846&#038;h=1247&#038;s=52be0e0bcd50c09dcb46fba8f29ab942 846w, https:\/\/www.abf.se\/sodertalje-nykvarn\/resized\/?url=https%3A%2F%2Fwww.abf.se%2Fwp-content%2Fuploads%2Fsites%2F48%2F2025%2F04%2F20250424_190804.jpg&#038;fit=contain&#038;w=942&#038;h=1388&#038;s=f0110670497b07efbac73ecd64fadee2 942w, https:\/\/www.abf.se\/sodertalje-nykvarn\/resized\/?url=https%3A%2F%2Fwww.abf.se%2Fwp-content%2Fuploads%2Fsites%2F48%2F2025%2F04%2F20250424_190804.jpg&#038;fit=contain&#038;w=1038&#038;h=1530&#038;s=d2c47c6f7e68a709d6b71cd22dd3b9cf 1038w, https:\/\/www.abf.se\/sodertalje-nykvarn\/resized\/?url=https%3A%2F%2Fwww.abf.se%2Fwp-content%2Fuploads%2Fsites%2F48%2F2025%2F04%2F20250424_190804.jpg&#038;fit=contain&#038;w=1134&#038;h=1671&#038;s=f2c5f82f9f2d4cbd05c8b6c1cbd8fb0b 1134w\" alt=\"\" height=\"852\" width=\"578\" sizes=\"auto, (max-width: 768px) calc(100vw - 40px), (min-width: 768px) and (max-width: 1156px) calc(50vw - 56px), calc((1156px \/ 2) - 16px)\" loading=\"lazy\" fetchpriority=\"low\" class=\"round-corners-lg w-full\" \/><\/picture>\n                        <\/figure>\n        <\/div>\n\n<\/div>\n","protected":false},"excerpt":{"rendered":"","protected":false},"author":50,"featured_media":0,"parent":0,"menu_order":0,"comment_status":"closed","ping_status":"closed","template":"","meta":{"_acf_changed":false,"footnotes":""},"class_list":["post-3688","page","type-page","status-publish","hentry"],"acf":[],"yoast_head":"<!-- This site is optimized with the Yoast SEO plugin v27.0 - https:\/\/yoast.com\/product\/yoast-seo-wordpress\/ -->\n<title>\u00c5rets folkbildare - S\u00f6dert\u00e4lje-Nykvarn<\/title>\n<meta name=\"robots\" content=\"index, follow, max-snippet:-1, max-image-preview:large, max-video-preview:-1\" \/>\n<link rel=\"canonical\" href=\"https:\/\/www.abf.se\/sodertalje-nykvarn\/arets-folkbildare\/\" \/>\n<meta property=\"og:locale\" content=\"sv_SE\" \/>\n<meta property=\"og:type\" content=\"article\" \/>\n<meta property=\"og:title\" content=\"\u00c5rets folkbildare - S\u00f6dert\u00e4lje-Nykvarn\" \/>\n<meta property=\"og:url\" content=\"https:\/\/www.abf.se\/sodertalje-nykvarn\/arets-folkbildare\/\" \/>\n<meta property=\"og:site_name\" content=\"S\u00f6dert\u00e4lje-Nykvarn\" \/>\n<meta property=\"article:modified_time\" content=\"2025-04-28T09:46:11+00:00\" \/>\n<meta property=\"og:image\" content=\"https:\/\/www.abf.se\/wp-content\/uploads\/sites\/48\/2024\/04\/Nyckeln-liggande-scaled.jpg\" \/>\n\t<meta property=\"og:image:width\" content=\"2560\" \/>\n\t<meta property=\"og:image:height\" content=\"1440\" \/>\n\t<meta property=\"og:image:type\" content=\"image\/jpeg\" \/>\n<meta name=\"twitter:card\" content=\"summary_large_image\" \/>\n<script type=\"application\/ld+json\" class=\"yoast-schema-graph\">{\"@context\":\"https:\/\/schema.org\",\"@graph\":[{\"@type\":\"WebPage\",\"@id\":\"https:\/\/www.abf.se\/sodertalje-nykvarn\/arets-folkbildare\/\",\"url\":\"https:\/\/www.abf.se\/sodertalje-nykvarn\/arets-folkbildare\/\",\"name\":\"\u00c5rets folkbildare - S\u00f6dert\u00e4lje-Nykvarn\",\"isPartOf\":{\"@id\":\"https:\/\/www.abf.se\/sodertalje-nykvarn\/#website\"},\"datePublished\":\"2025-04-28T09:35:39+00:00\",\"dateModified\":\"2025-04-28T09:46:11+00:00\",\"breadcrumb\":{\"@id\":\"https:\/\/www.abf.se\/sodertalje-nykvarn\/arets-folkbildare\/#breadcrumb\"},\"inLanguage\":\"sv-SE\",\"potentialAction\":[{\"@type\":\"ReadAction\",\"target\":[\"https:\/\/www.abf.se\/sodertalje-nykvarn\/arets-folkbildare\/\"]}]},{\"@type\":\"BreadcrumbList\",\"@id\":\"https:\/\/www.abf.se\/sodertalje-nykvarn\/arets-folkbildare\/#breadcrumb\",\"itemListElement\":[{\"@type\":\"ListItem\",\"position\":1,\"name\":\"Home\",\"item\":\"https:\/\/www.abf.se\/sodertalje-nykvarn\/\"},{\"@type\":\"ListItem\",\"position\":2,\"name\":\"\u00c5rets folkbildare\"}]},{\"@type\":\"WebSite\",\"@id\":\"https:\/\/www.abf.se\/sodertalje-nykvarn\/#website\",\"url\":\"https:\/\/www.abf.se\/sodertalje-nykvarn\/\",\"name\":\"S\u00f6dert\u00e4lje-Nykvarn\",\"description\":\"\",\"potentialAction\":[{\"@type\":\"SearchAction\",\"target\":{\"@type\":\"EntryPoint\",\"urlTemplate\":\"https:\/\/www.abf.se\/sodertalje-nykvarn\/?s={search_term_string}\"},\"query-input\":{\"@type\":\"PropertyValueSpecification\",\"valueRequired\":true,\"valueName\":\"search_term_string\"}}],\"inLanguage\":\"sv-SE\"}]}<\/script>\n<!-- \/ Yoast SEO plugin. -->","yoast_head_json":{"title":"\u00c5rets folkbildare - S\u00f6dert\u00e4lje-Nykvarn","robots":{"index":"index","follow":"follow","max-snippet":"max-snippet:-1","max-image-preview":"max-image-preview:large","max-video-preview":"max-video-preview:-1"},"canonical":"https:\/\/www.abf.se\/sodertalje-nykvarn\/arets-folkbildare\/","og_locale":"sv_SE","og_type":"article","og_title":"\u00c5rets folkbildare - S\u00f6dert\u00e4lje-Nykvarn","og_url":"https:\/\/www.abf.se\/sodertalje-nykvarn\/arets-folkbildare\/","og_site_name":"S\u00f6dert\u00e4lje-Nykvarn","article_modified_time":"2025-04-28T09:46:11+00:00","og_image":[{"width":2560,"height":1440,"url":"https:\/\/www.abf.se\/wp-content\/uploads\/sites\/48\/2024\/04\/Nyckeln-liggande-scaled.jpg","type":"image\/jpeg"}],"twitter_card":"summary_large_image","schema":{"@context":"https:\/\/schema.org","@graph":[{"@type":"WebPage","@id":"https:\/\/www.abf.se\/sodertalje-nykvarn\/arets-folkbildare\/","url":"https:\/\/www.abf.se\/sodertalje-nykvarn\/arets-folkbildare\/","name":"\u00c5rets folkbildare - S\u00f6dert\u00e4lje-Nykvarn","isPartOf":{"@id":"https:\/\/www.abf.se\/sodertalje-nykvarn\/#website"},"datePublished":"2025-04-28T09:35:39+00:00","dateModified":"2025-04-28T09:46:11+00:00","breadcrumb":{"@id":"https:\/\/www.abf.se\/sodertalje-nykvarn\/arets-folkbildare\/#breadcrumb"},"inLanguage":"sv-SE","potentialAction":[{"@type":"ReadAction","target":["https:\/\/www.abf.se\/sodertalje-nykvarn\/arets-folkbildare\/"]}]},{"@type":"BreadcrumbList","@id":"https:\/\/www.abf.se\/sodertalje-nykvarn\/arets-folkbildare\/#breadcrumb","itemListElement":[{"@type":"ListItem","position":1,"name":"Home","item":"https:\/\/www.abf.se\/sodertalje-nykvarn\/"},{"@type":"ListItem","position":2,"name":"\u00c5rets folkbildare"}]},{"@type":"WebSite","@id":"https:\/\/www.abf.se\/sodertalje-nykvarn\/#website","url":"https:\/\/www.abf.se\/sodertalje-nykvarn\/","name":"S\u00f6dert\u00e4lje-Nykvarn","description":"","potentialAction":[{"@type":"SearchAction","target":{"@type":"EntryPoint","urlTemplate":"https:\/\/www.abf.se\/sodertalje-nykvarn\/?s={search_term_string}"},"query-input":{"@type":"PropertyValueSpecification","valueRequired":true,"valueName":"search_term_string"}}],"inLanguage":"sv-SE"}]}},"_links":{"self":[{"href":"https:\/\/www.abf.se\/sodertalje-nykvarn\/wp-json\/wp\/v2\/pages\/3688","targetHints":{"allow":["GET"]}}],"collection":[{"href":"https:\/\/www.abf.se\/sodertalje-nykvarn\/wp-json\/wp\/v2\/pages"}],"about":[{"href":"https:\/\/www.abf.se\/sodertalje-nykvarn\/wp-json\/wp\/v2\/types\/page"}],"author":[{"embeddable":true,"href":"https:\/\/www.abf.se\/sodertalje-nykvarn\/wp-json\/wp\/v2\/users\/50"}],"replies":[{"embeddable":true,"href":"https:\/\/www.abf.se\/sodertalje-nykvarn\/wp-json\/wp\/v2\/comments?post=3688"}],"version-history":[{"count":5,"href":"https:\/\/www.abf.se\/sodertalje-nykvarn\/wp-json\/wp\/v2\/pages\/3688\/revisions"}],"predecessor-version":[{"id":3698,"href":"https:\/\/www.abf.se\/sodertalje-nykvarn\/wp-json\/wp\/v2\/pages\/3688\/revisions\/3698"}],"wp:attachment":[{"href":"https:\/\/www.abf.se\/sodertalje-nykvarn\/wp-json\/wp\/v2\/media?parent=3688"}],"curies":[{"name":"wp","href":"https:\/\/api.w.org\/{rel}","templated":true}]}}