{"id":1044,"date":"2024-04-22T16:58:11","date_gmt":"2024-04-22T14:58:11","guid":{"rendered":"https:\/\/www.abf.se\/sodertorn\/?page_id=1044"},"modified":"2025-09-24T12:14:47","modified_gmt":"2025-09-24T10:14:47","slug":"marknadsfor-era-arrangemang-via-abf","status":"publish","type":"page","link":"https:\/\/www.abf.se\/sodertorn\/foreningar-och-grupper\/resurser-foreningar\/marknadsfor-era-arrangemang-via-abf\/","title":{"rendered":"Marknadsf\u00f6r era arrangemang via ABF"},"content":{"rendered":"<div\n    class=\"acf-hero-block container-lg no-padding mb-12 js-geolocation\"\n    data-block=\"hero-block\"\n    data-index=\"0\"\n>\n    <div class=\"h-[548px]  relative rounded-[32px] overflow-hidden flex bg-gray-light\">\n        <div class=\"relative z-10 mt-auto h-auto w-full md:h-full\">\n            <div class=\"flex w-full h-full flex-col flex-wrap justify-end w-full md:w-7\/12 lg:w-1\/2 md:justify-center\">\n                <div class=\"flex flex-col gap-3 md:gap-[18px] md:transparent pt-16 pb-36 md:py-8 px-4 w-full md:max-w-[620px] mx-auto px-8\">\n\n                    <h1 class=\"hero-heading\"><span>Marknadsf\u00f6r era arrangemang via ABF<\/span><\/h1>\n\n                    \n                                    <\/div>\n            <\/div>\n        <\/div>\n\n        \n\n                    <figure class=\"absolute bottom-0  md:w-1\/2 transform right-0 translate-x-10 md:translate-x-32\">\n                <img decoding=\"async\"\n                    alt=\"\"\n                    aria-hidden=\"true\"\n                    class=\"h-auto w-full\"\n                    role=\"presentation\"\n                    src=\"\/assets\/images\/two_circles_bottom.svg\"\n                >\n            <\/figure>\n            <\/div>\n\n    <\/div>\n\n<div\n    class=\"acf-plain-heading-block container my-16\"\n    data-block=\"plain-heading-block\"\n>\n    <div class=\"max-w-[658px] mx-auto\">\n                            <p class=\"mt-8 body-xl text-black\">\n                Ta chansen att n\u00e5 ut till fler med era kommande arrangemang! N\u00e4r ni inom er f\u00f6rening eller grupp planerar ett kulturprogram i samarbete med ABF S\u00f6dert\u00f6rn, har ni m\u00f6jlighet att f\u00e5 hj\u00e4lp att sprida er marknadsf\u00f6ring i v\u00e5ra olika kanaler.\n            <\/p>\n            <\/div>\n<\/div>\n<div\n    class=\"acf-article-text-block article-container my-12\"\n    data-block=\"article-text-block\"\n>\n    <div class=\"wysiwyg\">\n        <h2>N\u00e5 ut till fler via ABF S\u00f6dert\u00f6rns kanaler<\/h2>\n<ul>\n<li>Evenemangskalendern p\u00e5 <a title=\"Kommande evenemang hos ABF\" href=\"https:\/\/www.abf.se\/kurser--evenemang\/\" target=\"_blank\" rel=\"noopener\">www.abf.se<\/a><\/li>\n<li>Olika riktade nyhetsbrev<\/li>\n<li>Inl\u00e4gg i ABF S\u00f6dert\u00f6rns sociala medier<\/li>\n<li>Ni kan \u00e4ven f\u00e5 hj\u00e4lp med att ta fram en affisch, samt att l\u00e4gga upp ett Facebook-evenemang.<\/li>\n<\/ul>\n<h2>S\u00e5 h\u00e4r g\u00e5r det till<\/h2>\n<ol>\n<li><span class=\"TextRun SCXW248236848 BCX0\" lang=\"SV-SE\" data-contrast=\"auto\"><span class=\"TextRun SCXW248236848 BCX0\" lang=\"SV-SE\" data-contrast=\"auto\"><span class=\"TextRun SCXW248236848 BCX0\" lang=\"SV-SE\" data-contrast=\"auto\"><span class=\"NormalTextRun SCXW248236848 BCX0\"><strong>Anm\u00e4l arrangemanget till oss p\u00e5 ABF<\/strong><br \/>\nN\u00e4r ni b\u00f6rjar med planeringen av ert arrangemang, fyll i formul\u00e4ret <a href=\"https:\/\/www.abf.se\/sodertorn\/foreningar-och-grupper\/resurser-for-foreningar-och-grupper\/anmala-kulturprogram\/formular-anmal-ett-nytt-kulturprogram\/\">Anm\u00e4l ett nytt kulturprogram<\/a> och ange d\u00e4r att ni \u00f6nskar hj\u00e4lp av ABF med marknadsf\u00f6ringen.<\/span><\/span><\/span><\/span><\/li>\n<li><span class=\"TextRun SCXW248236848 BCX0\" lang=\"SV-SE\" data-contrast=\"auto\"><span class=\"NormalTextRun SCXW248236848 BCX0\"><strong>Skicka in text- och bildunderlag<\/strong><br \/>\nF\u00f6r att kunna marknadsf\u00f6ra ert arrangemang beh\u00f6ver ni i s\u00e5 god tid som m\u00f6jligt skicka in\u00a0<\/span><\/span><span class=\"TextRun SCXW248236848 BCX0\" lang=\"SV-SE\" data-contrast=\"auto\"><span class=\"NormalTextRun SCXW248236848 BCX0\">text och bild<\/span><\/span><span class=\"TextRun SCXW248236848 BCX0\" lang=\"SV-SE\" data-contrast=\"auto\"><span class=\"NormalTextRun SCXW248236848 BCX0\">\u00a0till oss p\u00e5\u00a0<\/span><\/span><a class=\"Hyperlink SCXW248236848 BCX0\" href=\"mailto:foreningar.sodertorn@abf.se\" target=\"_blank\" rel=\"noreferrer noopener\"><span class=\"TextRun Underlined SCXW248236848 BCX0\" lang=\"SV-SE\" data-contrast=\"none\"><span class=\"NormalTextRun SCXW248236848 BCX0\" data-ccp-charstyle=\"Hyperlink\">foreningar.sodertorn@abf.se<\/span><\/span><\/a><span class=\"TextRun SCXW248236848 BCX0\" lang=\"SV-SE\" data-contrast=\"auto\"><span class=\"NormalTextRun SCXW248236848 BCX0\">, dock\u00a0<\/span><\/span><span class=\"TextRun SCXW248236848 BCX0\" lang=\"SV-SE\" data-contrast=\"auto\"><span class=\"NormalTextRun SCXW248236848 BCX0\">senast 7 dagar f\u00f6re<\/span><\/span><span class=\"TextRun SCXW248236848 BCX0\" lang=\"SV-SE\" data-contrast=\"auto\"><span class=\"NormalTextRun SCXW248236848 BCX0\"> det datum ni planerar p\u00e5b\u00f6rja marknadsf\u00f6ringen av evenemanget.<\/span><\/span><span class=\"TextRun SCXW75109386 BCX0\" lang=\"SV-SE\" data-contrast=\"auto\"><span class=\"NormalTextRun SCXW75109386 BCX0\"><br \/>\n<\/span><\/span><\/li>\n<\/ol>\n<h2>Instruktioner f\u00f6r text och bild<\/h2>\n\n    <\/div>\n<\/div>\n<ul\n    class=\"acf-article-accordion-block accordion-group grid gap-4 my-12 article-container\"\n    data-block=\"article-accordion-block \"\n    data-ui-accordion-group\n>\n\n            <li class=\"accordion\" data-ui-accordion data-ui-accordion-open=\"false\">\n        <h3>\n        <button data-ui-accordion-button class=\"accordion-toggle font-bold\" aria-expanded=\"false\" aria-controls=\"row-text-0\" id=\"text-0\">\n            Text\n            \n            <figure class=\"w-4.5 h-4.5\" aria-hidden=\"true\">\n            <svg width=\"20\" height=\"20\" viewBox=\"0 0 20 20\" fill=\"none\"\nclass=\"SvgIconElement\">\n<path d=\"M15.8333 7.16667L9.99992 13L4.16659 7.16667\" stroke=\"currentColor\"\/>\n<\/svg>\n            <\/figure>\n        <\/button>\n        \n                <\/h3>\n        <div class=\"accordion-content\">\n            <div id=\"row-text-0\" role=\"region\" class=\"accordion-content-wrap\" aria-labelledby=\"text-0\">\n                                            <div class=\"wysiwyg\">\n                    <p>Skriv en kortfattad, informativ och tydlig\u00a0text som beskriver vad arrangemanget handlar om,\u00a0och som\u00a0besvarar fr\u00e5gor som datum, tid och plats.\u00a0Gl\u00f6m inte att ta med\u00a0om det \u00e4r f\u00f6ranm\u00e4lan och\u00a0hur man\u00a0i s\u00e5 fall\u00a0anm\u00e4ler sig och\/eller\u00a0k\u00f6per biljetter.\u00a0<\/p>\n\n                <\/div>\n                                        <\/div>\n        <\/div>\n    <\/li>\n            <li class=\"accordion\" data-ui-accordion data-ui-accordion-open=\"false\">\n        <h3>\n        <button data-ui-accordion-button class=\"accordion-toggle font-bold\" aria-expanded=\"false\" aria-controls=\"row-bild-1\" id=\"bild-1\">\n            Bild\n            \n            <figure class=\"w-4.5 h-4.5\" aria-hidden=\"true\">\n            <svg width=\"20\" height=\"20\" viewBox=\"0 0 20 20\" fill=\"none\"\nclass=\"SvgIconElement\">\n<path d=\"M15.8333 7.16667L9.99992 13L4.16659 7.16667\" stroke=\"currentColor\"\/>\n<\/svg>\n            <\/figure>\n        <\/button>\n        \n                <\/h3>\n        <div class=\"accordion-content\">\n            <div id=\"row-bild-1\" role=\"region\" class=\"accordion-content-wrap\" aria-labelledby=\"bild-1\">\n                                            <div class=\"wysiwyg\">\n                    <p>Bilden b\u00f6r vara liggande, i jpg- eller png-format, och s\u00e5 h\u00f6guppl\u00f6st som m\u00f6jligt (72\u2013300 ppi). T\u00e4nk p\u00e5 att uppge fotografens namn eller anv\u00e4ndarr\u00e4ttigheter f\u00f6r bilden.<\/p>\n\n                <\/div>\n                                        <\/div>\n        <\/div>\n    <\/li>\n    <\/ul>\n<div\n    class=\"acf-article-text-block article-container my-12\"\n    data-block=\"article-text-block\"\n>\n    <div class=\"wysiwyg\">\n        <h2>Egen marknadsf\u00f6ring<\/h2>\n<p>Om ni sk\u00f6ter marknadsf\u00f6ringen sj\u00e4lva, t\u00e4nk p\u00e5 att det m\u00e5ste framg\u00e5 tydligt att ABF S\u00f6dert\u00f6rn \u00e4r samarbetspart och medarrang\u00f6r. V\u00e5r logotyp ska finnas med i inbjudan och\/eller p\u00e5 affischen. N\u00e4mn oss ocks\u00e5 som medarrang\u00f6r i eventuella Facebook-evenemang, liksom i inl\u00e4gg sociala medier.<\/p>\n\n    <\/div>\n<\/div>\n<div\n    class=\"acf-article-cta-link-block article-container my-8\"\n    data-block=\"article-cta-link-block\"\n>\n<div>\n    <a class=\"inline-flex flex-row items-center gap-4 text-link underline text-red-dark\"\n        href=\"https:\/\/www.abf.se\/om-abf\/kontakt\/press\/\"\n                target=\"_blank\"\n            >\n        <span class=\"\">\n        Ladda ner ABFs logotyp\n        <\/span>\n        <figure aria-hidden=\"true\" class=\"rounded-full bg-red-dark w-8 h-8 p-1 text-white\">\n            <svg width=\"20\" height=\"20\" viewBox=\"0 0 20 20\" fill=\"none\" class=\"SvgIconElement\">\n<path d=\"M4.16659 10L15.8333 10\" stroke=\"currentColor\"\/>\n<path d=\"M9.99992 4.1665L15.8333 9.99984L9.99992 15.8332\" stroke=\"currentColor\"\/>\n<\/svg>\n        <\/figure>\n    <\/a>\n<\/div>\n<\/div>\n<div\n    class=\"acf-article-text-block article-container my-12\"\n    data-block=\"article-text-block\"\n>\n    <div class=\"wysiwyg\">\n        <h2>Har du fr\u00e5gor?<\/h2>\n<p>Tveka inte att kontakta oss om du beh\u00f6ver mer information eller har fr\u00e5gor.<\/p>\n\n    <\/div>\n<\/div>\n<ul\n    class=\"acf-article-accordion-block accordion-group grid gap-4 my-12 article-container\"\n    data-block=\"article-accordion-block \"\n    data-ui-accordion-group\n>\n\n            <li class=\"accordion\" data-ui-accordion data-ui-accordion-open=\"false\">\n        <h3>\n        <button data-ui-accordion-button class=\"accordion-toggle font-bold\" aria-expanded=\"false\" aria-controls=\"row-kontakt-0\" id=\"kontakt-0\">\n            Kontakt\n            \n            <figure class=\"w-4.5 h-4.5\" aria-hidden=\"true\">\n            <svg width=\"20\" height=\"20\" viewBox=\"0 0 20 20\" fill=\"none\"\nclass=\"SvgIconElement\">\n<path d=\"M15.8333 7.16667L9.99992 13L4.16659 7.16667\" stroke=\"currentColor\"\/>\n<\/svg>\n            <\/figure>\n        <\/button>\n        \n                <\/h3>\n        <div class=\"accordion-content\">\n            <div id=\"row-kontakt-0\" role=\"region\" class=\"accordion-content-wrap\" aria-labelledby=\"kontakt-0\">\n                                                <div class=\"grid md:grid-cols-3 gap-y-10 mt-10\">\n                        \n                                                        <div class=\"contact flex flex-col gap-3\">\n                                <div class=\"md:max-w-[160px]\">\n                                    \n                                <\/div>\n                                <div class=\"\">\n                                    <h4 class=\"heading-lg\">F\u00f6reningssamarbeten<\/h4>\n                                    <p class=\"body-md\"><\/p>\n                                                                    <\/div>\n                                                                <div class=\"flex gap flex-col label-md gap-1\">\n                                                                        <div class=\"flex gap-3\">\n                                        <svg width=\"20\" height=\"20\" viewBox=\"0 0 20 20\" fill=\"none\" xmlns=\"http:\/\/www.w3.org\/2000\/svg\">\n<path d=\"M16.625 17.5C14.8333 17.5 13.0868 17.1007 11.3854 16.3021C9.68403 15.5035 8.17708 14.4479 6.86458 13.1354C5.55208 11.8229 4.49653 10.316 3.69792 8.61458C2.89931 6.91319 2.5 5.16667 2.5 3.375C2.5 3.125 2.58333 2.91667 2.75 2.75C2.91667 2.58333 3.125 2.5 3.375 2.5H6.75C6.94444 2.5 7.11806 2.5625 7.27083 2.6875C7.42361 2.8125 7.51389 2.97222 7.54167 3.16667L8.08333 6.08333C8.11111 6.27778 8.10764 6.45486 8.07292 6.61458C8.03819 6.77431 7.95833 6.91667 7.83333 7.04167L5.8125 9.08333C6.39583 10.0833 7.12847 11.0208 8.01042 11.8958C8.89236 12.7708 9.86111 13.5278 10.9167 14.1667L12.875 12.2083C13 12.0833 13.1632 11.9896 13.3646 11.9271C13.566 11.8646 13.7639 11.8472 13.9583 11.875L16.8333 12.4583C17.0278 12.5 17.1875 12.5938 17.3125 12.7396C17.4375 12.8854 17.5 13.0556 17.5 13.25V16.625C17.5 16.875 17.4167 17.0833 17.25 17.25C17.0833 17.4167 16.875 17.5 16.625 17.5ZM5.02083 7.5L6.39583 6.125L6.04167 4.16667H4.1875C4.25694 4.73611 4.35417 5.29861 4.47917 5.85417C4.60417 6.40972 4.78472 6.95833 5.02083 7.5ZM15.8333 15.7917V13.9583L13.875 13.5625L12.4792 14.9583C13.0208 15.1944 13.5729 15.3819 14.1354 15.5208C14.6979 15.6597 15.2639 15.75 15.8333 15.7917Z\" fill=\"black\"\/>\n<\/svg>\n                                        <p>\n                                                                                                                               <a href=\"callto:08-556 520 30\">08-556 520 30<\/a>\n                                                                                                                                     <\/p>\n                                    <\/div>\n                                                                                                            <div class=\"flex gap-3\">\n                                        <svg width=\"20\" height=\"20\" viewBox=\"0 0 20 20\" fill=\"none\" xmlns=\"http:\/\/www.w3.org\/2000\/svg\">\n<path d=\"M3.33366 16.6666C2.87533 16.6666 2.48296 16.5035 2.15658 16.1771C1.83019 15.8507 1.66699 15.4583 1.66699 15V4.99998C1.66699 4.54165 1.83019 4.14929 2.15658 3.8229C2.48296 3.49651 2.87533 3.33331 3.33366 3.33331H16.667C17.1253 3.33331 17.5177 3.49651 17.8441 3.8229C18.1705 4.14929 18.3337 4.54165 18.3337 4.99998V15C18.3337 15.4583 18.1705 15.8507 17.8441 16.1771C17.5177 16.5035 17.1253 16.6666 16.667 16.6666H3.33366ZM16.667 6.66665L10.4378 10.5625C10.3684 10.6041 10.2955 10.6354 10.2191 10.6562C10.1427 10.6771 10.0698 10.6875 10.0003 10.6875C9.93088 10.6875 9.85797 10.6771 9.78158 10.6562C9.70519 10.6354 9.63227 10.6041 9.56283 10.5625L3.33366 6.66665V15H16.667V6.66665ZM10.0003 9.16665L16.667 4.99998H3.33366L10.0003 9.16665ZM3.33366 6.87498V5.64581V5.66665V5.65623V6.87498Z\" fill=\"black\"\/>\n<\/svg>\n                                        <p><a href=\"mailto:foreningar.sodertorn@abf.se\">foreningar.sodertorn@abf.se<\/a><\/p>\n                                    <\/div>\n                                                                    <\/div>\n                                                            <\/div>\n                                            <\/div>\n                                        <\/div>\n        <\/div>\n    <\/li>\n    <\/ul>\n","protected":false},"excerpt":{"rendered":"","protected":false},"author":59,"featured_media":0,"parent":226,"menu_order":0,"comment_status":"closed","ping_status":"closed","template":"","meta":{"_acf_changed":false,"footnotes":""},"class_list":["post-1044","page","type-page","status-publish","hentry"],"acf":[],"yoast_head":"<!-- This site is optimized with the Yoast SEO plugin v27.0 - https:\/\/yoast.com\/product\/yoast-seo-wordpress\/ -->\n<title>Marknadsf\u00f6r era arrangemang via ABF - S\u00f6dert\u00f6rn<\/title>\n<meta name=\"robots\" content=\"index, follow, max-snippet:-1, max-image-preview:large, max-video-preview:-1\" \/>\n<link rel=\"canonical\" href=\"https:\/\/www.abf.se\/sodertorn\/foreningar-och-grupper\/resurser-foreningar\/marknadsfor-era-arrangemang-via-abf\/\" \/>\n<meta property=\"og:locale\" content=\"sv_SE\" \/>\n<meta property=\"og:type\" content=\"article\" \/>\n<meta property=\"og:title\" content=\"Marknadsf\u00f6r era arrangemang via ABF - S\u00f6dert\u00f6rn\" \/>\n<meta property=\"og:url\" content=\"https:\/\/www.abf.se\/sodertorn\/foreningar-och-grupper\/resurser-foreningar\/marknadsfor-era-arrangemang-via-abf\/\" \/>\n<meta property=\"og:site_name\" content=\"S\u00f6dert\u00f6rn\" \/>\n<meta property=\"article:modified_time\" content=\"2025-09-24T10:14:47+00:00\" \/>\n<meta property=\"og:image\" content=\"https:\/\/www.abf.se\/wp-content\/uploads\/sites\/49\/2024\/04\/Nyckeln-liggande-scaled.jpg\" \/>\n\t<meta property=\"og:image:width\" content=\"2560\" \/>\n\t<meta property=\"og:image:height\" content=\"1440\" \/>\n\t<meta property=\"og:image:type\" content=\"image\/jpeg\" \/>\n<meta name=\"twitter:card\" content=\"summary_large_image\" \/>\n<script type=\"application\/ld+json\" class=\"yoast-schema-graph\">{\"@context\":\"https:\/\/schema.org\",\"@graph\":[{\"@type\":\"WebPage\",\"@id\":\"https:\/\/www.abf.se\/sodertorn\/foreningar-och-grupper\/resurser-foreningar\/marknadsfor-era-arrangemang-via-abf\/\",\"url\":\"https:\/\/www.abf.se\/sodertorn\/foreningar-och-grupper\/resurser-foreningar\/marknadsfor-era-arrangemang-via-abf\/\",\"name\":\"Marknadsf\u00f6r era arrangemang via ABF - S\u00f6dert\u00f6rn\",\"isPartOf\":{\"@id\":\"https:\/\/www.abf.se\/sodertorn\/#website\"},\"datePublished\":\"2024-04-22T14:58:11+00:00\",\"dateModified\":\"2025-09-24T10:14:47+00:00\",\"breadcrumb\":{\"@id\":\"https:\/\/www.abf.se\/sodertorn\/foreningar-och-grupper\/resurser-foreningar\/marknadsfor-era-arrangemang-via-abf\/#breadcrumb\"},\"inLanguage\":\"sv-SE\",\"potentialAction\":[{\"@type\":\"ReadAction\",\"target\":[\"https:\/\/www.abf.se\/sodertorn\/foreningar-och-grupper\/resurser-foreningar\/marknadsfor-era-arrangemang-via-abf\/\"]}]},{\"@type\":\"BreadcrumbList\",\"@id\":\"https:\/\/www.abf.se\/sodertorn\/foreningar-och-grupper\/resurser-foreningar\/marknadsfor-era-arrangemang-via-abf\/#breadcrumb\",\"itemListElement\":[{\"@type\":\"ListItem\",\"position\":1,\"name\":\"Home\",\"item\":\"https:\/\/www.abf.se\/sodertorn\/\"},{\"@type\":\"ListItem\",\"position\":2,\"name\":\"F\u00f6r f\u00f6reningar och grupper\",\"item\":\"https:\/\/www.abf.se\/sodertorn\/foreningar-och-grupper\/\"},{\"@type\":\"ListItem\",\"position\":3,\"name\":\"Resurser f\u00f6r f\u00f6reningar och grupper\",\"item\":\"https:\/\/www.abf.se\/sodertorn\/foreningar-och-grupper\/resurser-foreningar\/\"},{\"@type\":\"ListItem\",\"position\":4,\"name\":\"Marknadsf\u00f6r era arrangemang via ABF\"}]},{\"@type\":\"WebSite\",\"@id\":\"https:\/\/www.abf.se\/sodertorn\/#website\",\"url\":\"https:\/\/www.abf.se\/sodertorn\/\",\"name\":\"S\u00f6dert\u00f6rn\",\"description\":\"\",\"potentialAction\":[{\"@type\":\"SearchAction\",\"target\":{\"@type\":\"EntryPoint\",\"urlTemplate\":\"https:\/\/www.abf.se\/sodertorn\/?s={search_term_string}\"},\"query-input\":{\"@type\":\"PropertyValueSpecification\",\"valueRequired\":true,\"valueName\":\"search_term_string\"}}],\"inLanguage\":\"sv-SE\"}]}<\/script>\n<!-- \/ Yoast SEO plugin. -->","yoast_head_json":{"title":"Marknadsf\u00f6r era arrangemang via ABF - S\u00f6dert\u00f6rn","robots":{"index":"index","follow":"follow","max-snippet":"max-snippet:-1","max-image-preview":"max-image-preview:large","max-video-preview":"max-video-preview:-1"},"canonical":"https:\/\/www.abf.se\/sodertorn\/foreningar-och-grupper\/resurser-foreningar\/marknadsfor-era-arrangemang-via-abf\/","og_locale":"sv_SE","og_type":"article","og_title":"Marknadsf\u00f6r era arrangemang via ABF - S\u00f6dert\u00f6rn","og_url":"https:\/\/www.abf.se\/sodertorn\/foreningar-och-grupper\/resurser-foreningar\/marknadsfor-era-arrangemang-via-abf\/","og_site_name":"S\u00f6dert\u00f6rn","article_modified_time":"2025-09-24T10:14:47+00:00","og_image":[{"width":2560,"height":1440,"url":"https:\/\/www.abf.se\/wp-content\/uploads\/sites\/49\/2024\/04\/Nyckeln-liggande-scaled.jpg","type":"image\/jpeg"}],"twitter_card":"summary_large_image","schema":{"@context":"https:\/\/schema.org","@graph":[{"@type":"WebPage","@id":"https:\/\/www.abf.se\/sodertorn\/foreningar-och-grupper\/resurser-foreningar\/marknadsfor-era-arrangemang-via-abf\/","url":"https:\/\/www.abf.se\/sodertorn\/foreningar-och-grupper\/resurser-foreningar\/marknadsfor-era-arrangemang-via-abf\/","name":"Marknadsf\u00f6r era arrangemang via ABF - S\u00f6dert\u00f6rn","isPartOf":{"@id":"https:\/\/www.abf.se\/sodertorn\/#website"},"datePublished":"2024-04-22T14:58:11+00:00","dateModified":"2025-09-24T10:14:47+00:00","breadcrumb":{"@id":"https:\/\/www.abf.se\/sodertorn\/foreningar-och-grupper\/resurser-foreningar\/marknadsfor-era-arrangemang-via-abf\/#breadcrumb"},"inLanguage":"sv-SE","potentialAction":[{"@type":"ReadAction","target":["https:\/\/www.abf.se\/sodertorn\/foreningar-och-grupper\/resurser-foreningar\/marknadsfor-era-arrangemang-via-abf\/"]}]},{"@type":"BreadcrumbList","@id":"https:\/\/www.abf.se\/sodertorn\/foreningar-och-grupper\/resurser-foreningar\/marknadsfor-era-arrangemang-via-abf\/#breadcrumb","itemListElement":[{"@type":"ListItem","position":1,"name":"Home","item":"https:\/\/www.abf.se\/sodertorn\/"},{"@type":"ListItem","position":2,"name":"F\u00f6r f\u00f6reningar och grupper","item":"https:\/\/www.abf.se\/sodertorn\/foreningar-och-grupper\/"},{"@type":"ListItem","position":3,"name":"Resurser f\u00f6r f\u00f6reningar och grupper","item":"https:\/\/www.abf.se\/sodertorn\/foreningar-och-grupper\/resurser-foreningar\/"},{"@type":"ListItem","position":4,"name":"Marknadsf\u00f6r era arrangemang via ABF"}]},{"@type":"WebSite","@id":"https:\/\/www.abf.se\/sodertorn\/#website","url":"https:\/\/www.abf.se\/sodertorn\/","name":"S\u00f6dert\u00f6rn","description":"","potentialAction":[{"@type":"SearchAction","target":{"@type":"EntryPoint","urlTemplate":"https:\/\/www.abf.se\/sodertorn\/?s={search_term_string}"},"query-input":{"@type":"PropertyValueSpecification","valueRequired":true,"valueName":"search_term_string"}}],"inLanguage":"sv-SE"}]}},"_links":{"self":[{"href":"https:\/\/www.abf.se\/sodertorn\/wp-json\/wp\/v2\/pages\/1044","targetHints":{"allow":["GET"]}}],"collection":[{"href":"https:\/\/www.abf.se\/sodertorn\/wp-json\/wp\/v2\/pages"}],"about":[{"href":"https:\/\/www.abf.se\/sodertorn\/wp-json\/wp\/v2\/types\/page"}],"author":[{"embeddable":true,"href":"https:\/\/www.abf.se\/sodertorn\/wp-json\/wp\/v2\/users\/59"}],"replies":[{"embeddable":true,"href":"https:\/\/www.abf.se\/sodertorn\/wp-json\/wp\/v2\/comments?post=1044"}],"version-history":[{"count":32,"href":"https:\/\/www.abf.se\/sodertorn\/wp-json\/wp\/v2\/pages\/1044\/revisions"}],"predecessor-version":[{"id":2667,"href":"https:\/\/www.abf.se\/sodertorn\/wp-json\/wp\/v2\/pages\/1044\/revisions\/2667"}],"up":[{"embeddable":true,"href":"https:\/\/www.abf.se\/sodertorn\/wp-json\/wp\/v2\/pages\/226"}],"wp:attachment":[{"href":"https:\/\/www.abf.se\/sodertorn\/wp-json\/wp\/v2\/media?parent=1044"}],"curies":[{"name":"wp","href":"https:\/\/api.w.org\/{rel}","templated":true}]}}