{"id":2145,"date":"2025-01-21T10:50:13","date_gmt":"2025-01-21T09:50:13","guid":{"rendered":"https:\/\/www.abf.se\/sodertorn\/?page_id=2145"},"modified":"2026-01-26T11:20:24","modified_gmt":"2026-01-26T10:20:24","slug":"abf-sodertorns-arsmote","status":"publish","type":"page","link":"https:\/\/www.abf.se\/sodertorn\/foreningar-och-grupper\/abf-sodertorns-arsmote\/","title":{"rendered":"ABF S\u00f6dert\u00f6rns \u00e5rsm\u00f6te 2026"},"content":{"rendered":"<div\n    class=\"acf-hero-block container-lg no-padding mb-12 js-geolocation\"\n    data-block=\"hero-block\"\n    data-index=\"0\"\n>\n    <div class=\"h-[548px]  relative rounded-[32px] overflow-hidden flex bg-gray-light\">\n        <div class=\"relative z-10 mt-auto h-auto w-full md:h-full\">\n            <div class=\"flex w-full h-full flex-col flex-wrap justify-end w-full md:w-7\/12 lg:w-1\/2 md:justify-center\">\n                <div class=\"flex flex-col gap-3 md:gap-[18px] md:transparent pt-16 pb-36 md:py-8 px-4 w-full md:max-w-[620px] mx-auto px-8\">\n\n                    <h1 class=\"hero-heading\"><span>V\u00e4lkommen till ABF S\u00f6dert\u00f6rns \u00e5rsm\u00f6te 2026<\/span><\/h1>\n\n                    \n                                    <\/div>\n            <\/div>\n        <\/div>\n\n        \n\n                    <figure class=\"absolute bottom-0  md:w-1\/2 transform right-0 translate-x-10 md:translate-x-32\">\n                <img decoding=\"async\"\n                    alt=\"\"\n                    aria-hidden=\"true\"\n                    class=\"h-auto w-full\"\n                    role=\"presentation\"\n                    src=\"\/assets\/images\/two_circles_bottom.svg\"\n                >\n            <\/figure>\n            <\/div>\n\n    <\/div>\n\n<div\n    class=\"acf-plain-heading-block container my-16\"\n    data-block=\"plain-heading-block\"\n>\n    <div class=\"max-w-[658px] mx-auto\">\n                            <p class=\"mt-8 body-xl text-black\">\n                Som medlemsorganisation kan ni delta i ABF S\u00f6dert\u00f6rns \u00e5rsm\u00f6te och vara med och p\u00e5verka organisationens riktning och framtid. \u00c5rsm\u00f6tet \u00e4r ocks\u00e5 ett tillf\u00e4lle att kandidera till f\u00f6rtroendeuppdrag. Vi ser fram emot att v\u00e4lkomna er till \u00e5rsm\u00f6tet 2026!<br \/>\r\n\n            <\/p>\n            <\/div>\n<\/div>\n<div\n    class=\"acf-article-text-block article-container my-12\"\n    data-block=\"article-text-block\"\n>\n    <div class=\"wysiwyg\">\n        <h2>Datum och tid<\/h2>\n<p data-start=\"1312\" data-end=\"1360\">\u00c5rsm\u00f6tet h\u00e5lls <strong data-start=\"1327\" data-end=\"1357\">onsdagen den 22 april 2026<\/strong>.<\/p>\n<ul data-start=\"1362\" data-end=\"1414\">\n<li data-start=\"1362\" data-end=\"1382\">\n<p data-start=\"1364\" data-end=\"1382\">Start: kl. 18.30<\/p>\n<\/li>\n<li data-start=\"1383\" data-end=\"1414\">\n<p data-start=\"1385\" data-end=\"1414\">Avprickning: fr\u00e5n kl. 18.00<\/p>\n<\/li>\n<\/ul>\n<h2>Plats och tillg\u00e4nglighet<\/h2>\n<p>ABF S\u00f6dert\u00f6rn, Poseidons torg 4.<\/p>\n<p>Lokalen \u00e4r tillg\u00e4nglighetsanpassad.<\/p>\n<h3 data-start=\"1538\" data-end=\"1553\">Ta dig hit:<\/h3>\n<ul data-start=\"1554\" data-end=\"1712\">\n<li data-start=\"1554\" data-end=\"1587\">\n<p data-start=\"1556\" data-end=\"1587\"><strong data-start=\"1556\" data-end=\"1570\">Pendelt\u00e5g:<\/strong> Handens station<\/p>\n<\/li>\n<li data-start=\"1588\" data-end=\"1639\">\n<p data-start=\"1590\" data-end=\"1639\"><strong data-start=\"1590\" data-end=\"1599\">Buss:<\/strong> Handens station eller Haninge centrum<\/p>\n<\/li>\n<li data-start=\"1640\" data-end=\"1712\">\n<p data-start=\"1642\" data-end=\"1712\"><strong data-start=\"1642\" data-end=\"1650\">Bil:<\/strong> Parkering finns i Haninge centrum (tv\u00e5 timmars fri parkering)<\/p>\n<\/li>\n<\/ul>\n\n    <\/div>\n<\/div>\n<div\n    class=\"acf-article-cta-link-block article-container my-8\"\n    data-block=\"article-cta-link-block\"\n>\n<div>\n    <a class=\"inline-flex flex-row items-center gap-4 text-link underline text-red-dark\"\n        href=\"https:\/\/maps.app.goo.gl\/uVnZGA85pTYDFV5dA\"\n                target=\"_blank\"\n            >\n        <span class=\"\">\n        Karta med v\u00e4gbeskrivning\n        <\/span>\n        <figure aria-hidden=\"true\" class=\"rounded-full bg-red-dark w-8 h-8 p-1 text-white\">\n            <svg width=\"20\" height=\"20\" viewBox=\"0 0 20 20\" fill=\"none\" class=\"SvgIconElement\">\n<path d=\"M4.16659 10L15.8333 10\" stroke=\"currentColor\"\/>\n<path d=\"M9.99992 4.1665L15.8333 9.99984L9.99992 15.8332\" stroke=\"currentColor\"\/>\n<\/svg>\n        <\/figure>\n    <\/a>\n<\/div>\n<\/div>\n<div\n    class=\"acf-article-text-block article-container my-12\"\n    data-block=\"article-text-block\"\n>\n    <div class=\"wysiwyg\">\n        <h2>Anm\u00e4lan av ombud<\/h2>\n<p data-start=\"1770\" data-end=\"1974\">Besluten p\u00e5 \u00e5rsm\u00f6tet fattas av ombud fr\u00e5n ABF S\u00f6dert\u00f6rns medlemsorganisationer. Varje organisation har r\u00e4tt att delta med ett visst antal ombud, baserat p\u00e5 medlemsantalet vid f\u00f6reg\u00e5ende verksamhets\u00e5rs slut.<\/p>\n<p data-start=\"1976\" data-end=\"2087\">Medlemsorganisationer utan individuella medlemmar tr\u00e4ffar s\u00e4rskild \u00f6verenskommelse med ABF S\u00f6dert\u00f6rns styrelse.<\/p>\n<p data-start=\"2089\" data-end=\"2146\">Vid val av ombud ska en j\u00e4mn k\u00f6nsf\u00f6rdelning efterstr\u00e4vas.<\/p>\n<p data-start=\"2148\" data-end=\"2255\">Mer information om ombudsf\u00f6rdelning finns i det brev som skickats till medlemsorganisationens e-postadress.<\/p>\n<h3 data-start=\"2148\" data-end=\"2255\">S\u00e5 anm\u00e4ler ni ombud:<\/h3>\n<ul>\n<li data-start=\"2148\" data-end=\"2255\">Fyll i blanketten \u201dOmbudsanm\u00e4lan\u201d (se nedan) och mejla den till <a href=\"mailto:anmalan.sodertorn@abf.se\">anmalan.sodertorn@abf.se<\/a><\/li>\n<li>Sista anm\u00e4lningsdag \u00e4r <strong>den 1 april 2026<\/strong>.<\/li>\n<\/ul>\n\n    <\/div>\n<\/div>\n<div\n    class=\"acf-article-cta-link-block article-container my-8\"\n    data-block=\"article-cta-link-block\"\n>\n<div>\n    <a class=\"inline-flex flex-row items-center gap-4 text-link underline text-red-dark\"\n        href=\"https:\/\/www.abf.se\/wp-content\/uploads\/sites\/49\/2026\/01\/ABF-Sodertorn-ombudsanmalan-2026.pdf\"\n                target=\"_blank\"\n            >\n        <span class=\"\">\n        ABF S\u00f6dert\u00f6rns \u00e5rsm\u00f6te 2026 \u2013 Ombudsanm\u00e4lan\n        <\/span>\n        <figure aria-hidden=\"true\" class=\"rounded-full bg-red-dark w-8 h-8 p-1 text-white\">\n            <svg width=\"20\" height=\"20\" viewBox=\"0 0 20 20\" fill=\"none\" class=\"SvgIconElement\">\n<path d=\"M4.16659 10L15.8333 10\" stroke=\"currentColor\"\/>\n<path d=\"M9.99992 4.1665L15.8333 9.99984L9.99992 15.8332\" stroke=\"currentColor\"\/>\n<\/svg>\n        <\/figure>\n    <\/a>\n<\/div>\n<\/div>\n<div\n    class=\"acf-article-text-block article-container my-12\"\n    data-block=\"article-text-block\"\n>\n    <div class=\"wysiwyg\">\n        <h2>Motioner och nomineringar \u2013 viktiga datum<\/h2>\n<h3>Motioner<\/h3>\n<ul>\n<li>Motioner ska vara styrelsen tillhanda <strong>senast den 11 mars 2026<\/strong>.<\/li>\n<li>Alla motioner skickas till ordf\u00f6rande G\u00f6ran Svensson p\u00e5 <a href=\"mailto:goran.svensson@abf.se\">goran.svensson@abf.se<\/a>.<\/li>\n<\/ul>\n<h3>Nominera till lediga f\u00f6rtroendeposter<\/h3>\n<ul>\n<li>Nomineringar till lediga f\u00f6rtroendeposter ska vara valberedningen tillhanda senast <strong data-start=\"2798\" data-end=\"2813\">1 mars 2026<\/strong>.<\/li>\n<li>Alla nomineringar skickas till sammankallande i valberedningen, Barbro Nordgren, p\u00e5 <a href=\"mailto:barbro.m.nordgren@outlook.com\">barbro.m.nordgren@outlook.com<\/a>, med kopia till <a href=\"mailto:mia.bergbacken@abf.se\">mia.bergbacken@abf.se<\/a>.<\/li>\n<\/ul>\n<p>Mer information finns i valberedningens brev som skickats till medlemsorganisationens e-postadress.<\/p>\n<h3>Nominera till \u00e5rets kultur\u2013 och folkbildningspriser<\/h3>\n<p>I samband med \u00e5rsm\u00f6tet delar ABF S\u00f6dert\u00f6rn ut tv\u00e5 utm\u00e4rkelser till personer som gjort viktiga insatser f\u00f6r folkbildningen respektive kulturen i Haninge, Tyres\u00f6, Nyn\u00e4shamn, Botkyrka och Salem. Nu har du chansen att nominera n\u00e5gon som du tycker f\u00f6rtj\u00e4nar att uppm\u00e4rksammas!<\/p>\n<ul>\n<li><strong>\u00c5rets Folkbildare<\/strong> \u2013 till en person som inspirerar och engagerar genom l\u00e4rande och bildning.<\/li>\n<li><strong>\u00c5rets Kulturpris<\/strong> \u2013 till en person som berikat det lokala kulturlivet genom konst, musik, litteratur eller andra kulturella initiativ.<\/li>\n<\/ul>\n<p>Nomineringar skickas senast <strong data-start=\"3589\" data-end=\"3605\">11 mars 2026<\/strong> till <a href=\"mailto:anmalan.sodertorn@abf.se\">anmalan.sodertorn@abf.se<\/a>.<\/p>\n<p>Ange:<\/p>\n<ul>\n<li>Namn p\u00e5 den du vill nominera<\/li>\n<li>En kort motivering<\/li>\n<li>Dina kontaktuppgifter<\/li>\n<\/ul>\n<h2>Handlingar och ytterligare information<\/h2>\n<p>Dagordning och handlingar till \u00e5rsm\u00f6tet skickas till medlemsorganisationer och anm\u00e4lda ombud senast <strong data-start=\"3862\" data-end=\"3887\">tv\u00e5 veckor f\u00f6re m\u00f6tet<\/strong>.<\/p>\n<h3>Har du fr\u00e5gor?<\/h3>\n<p>K<span style=\"font-size: 16px\">ontakta oss p\u00e5 <\/span><a style=\"font-size: 16px\" href=\"mailto:anmalan.sodertorn@abf.se\">anmalan.sodertorn@abf.se<\/a><span style=\"font-size: 16px\">\u00a0eller 08-556 520 30.<\/span><\/p>\n<p><strong>Varmt v\u00e4lkommen till ABF S\u00f6dert\u00f6rns \u00e5rsm\u00f6te 2026!<\/strong><\/p>\n\n    <\/div>\n<\/div>\n","protected":false},"excerpt":{"rendered":"","protected":false},"author":59,"featured_media":0,"parent":219,"menu_order":0,"comment_status":"closed","ping_status":"closed","template":"","meta":{"_acf_changed":false,"footnotes":""},"class_list":["post-2145","page","type-page","status-publish","hentry"],"acf":[],"yoast_head":"<!-- This site is optimized with the Yoast SEO plugin v27.0 - https:\/\/yoast.com\/product\/yoast-seo-wordpress\/ -->\n<title>ABF S\u00f6dert\u00f6rns \u00e5rsm\u00f6te 2026 - S\u00f6dert\u00f6rn<\/title>\n<meta name=\"robots\" content=\"index, follow, max-snippet:-1, max-image-preview:large, max-video-preview:-1\" \/>\n<link rel=\"canonical\" href=\"https:\/\/www.abf.se\/sodertorn\/foreningar-och-grupper\/abf-sodertorns-arsmote\/\" \/>\n<meta property=\"og:locale\" content=\"sv_SE\" \/>\n<meta property=\"og:type\" content=\"article\" \/>\n<meta property=\"og:title\" content=\"ABF S\u00f6dert\u00f6rns \u00e5rsm\u00f6te 2026 - S\u00f6dert\u00f6rn\" \/>\n<meta property=\"og:url\" content=\"https:\/\/www.abf.se\/sodertorn\/foreningar-och-grupper\/abf-sodertorns-arsmote\/\" \/>\n<meta property=\"og:site_name\" content=\"S\u00f6dert\u00f6rn\" \/>\n<meta property=\"article:modified_time\" content=\"2026-01-26T10:20:24+00:00\" \/>\n<meta property=\"og:image\" content=\"https:\/\/www.abf.se\/wp-content\/uploads\/sites\/49\/2024\/04\/Nyckeln-liggande-scaled.jpg\" \/>\n\t<meta property=\"og:image:width\" content=\"2560\" \/>\n\t<meta property=\"og:image:height\" content=\"1440\" \/>\n\t<meta property=\"og:image:type\" content=\"image\/jpeg\" \/>\n<meta name=\"twitter:card\" content=\"summary_large_image\" \/>\n<script type=\"application\/ld+json\" class=\"yoast-schema-graph\">{\"@context\":\"https:\/\/schema.org\",\"@graph\":[{\"@type\":\"WebPage\",\"@id\":\"https:\/\/www.abf.se\/sodertorn\/foreningar-och-grupper\/abf-sodertorns-arsmote\/\",\"url\":\"https:\/\/www.abf.se\/sodertorn\/foreningar-och-grupper\/abf-sodertorns-arsmote\/\",\"name\":\"ABF S\u00f6dert\u00f6rns \u00e5rsm\u00f6te 2026 - S\u00f6dert\u00f6rn\",\"isPartOf\":{\"@id\":\"https:\/\/www.abf.se\/sodertorn\/#website\"},\"datePublished\":\"2025-01-21T09:50:13+00:00\",\"dateModified\":\"2026-01-26T10:20:24+00:00\",\"breadcrumb\":{\"@id\":\"https:\/\/www.abf.se\/sodertorn\/foreningar-och-grupper\/abf-sodertorns-arsmote\/#breadcrumb\"},\"inLanguage\":\"sv-SE\",\"potentialAction\":[{\"@type\":\"ReadAction\",\"target\":[\"https:\/\/www.abf.se\/sodertorn\/foreningar-och-grupper\/abf-sodertorns-arsmote\/\"]}]},{\"@type\":\"BreadcrumbList\",\"@id\":\"https:\/\/www.abf.se\/sodertorn\/foreningar-och-grupper\/abf-sodertorns-arsmote\/#breadcrumb\",\"itemListElement\":[{\"@type\":\"ListItem\",\"position\":1,\"name\":\"Home\",\"item\":\"https:\/\/www.abf.se\/sodertorn\/\"},{\"@type\":\"ListItem\",\"position\":2,\"name\":\"F\u00f6r f\u00f6reningar och grupper\",\"item\":\"https:\/\/www.abf.se\/sodertorn\/foreningar-och-grupper\/\"},{\"@type\":\"ListItem\",\"position\":3,\"name\":\"ABF S\u00f6dert\u00f6rns \u00e5rsm\u00f6te 2026\"}]},{\"@type\":\"WebSite\",\"@id\":\"https:\/\/www.abf.se\/sodertorn\/#website\",\"url\":\"https:\/\/www.abf.se\/sodertorn\/\",\"name\":\"S\u00f6dert\u00f6rn\",\"description\":\"\",\"potentialAction\":[{\"@type\":\"SearchAction\",\"target\":{\"@type\":\"EntryPoint\",\"urlTemplate\":\"https:\/\/www.abf.se\/sodertorn\/?s={search_term_string}\"},\"query-input\":{\"@type\":\"PropertyValueSpecification\",\"valueRequired\":true,\"valueName\":\"search_term_string\"}}],\"inLanguage\":\"sv-SE\"}]}<\/script>\n<!-- \/ Yoast SEO plugin. -->","yoast_head_json":{"title":"ABF S\u00f6dert\u00f6rns \u00e5rsm\u00f6te 2026 - S\u00f6dert\u00f6rn","robots":{"index":"index","follow":"follow","max-snippet":"max-snippet:-1","max-image-preview":"max-image-preview:large","max-video-preview":"max-video-preview:-1"},"canonical":"https:\/\/www.abf.se\/sodertorn\/foreningar-och-grupper\/abf-sodertorns-arsmote\/","og_locale":"sv_SE","og_type":"article","og_title":"ABF S\u00f6dert\u00f6rns \u00e5rsm\u00f6te 2026 - S\u00f6dert\u00f6rn","og_url":"https:\/\/www.abf.se\/sodertorn\/foreningar-och-grupper\/abf-sodertorns-arsmote\/","og_site_name":"S\u00f6dert\u00f6rn","article_modified_time":"2026-01-26T10:20:24+00:00","og_image":[{"width":2560,"height":1440,"url":"https:\/\/www.abf.se\/wp-content\/uploads\/sites\/49\/2024\/04\/Nyckeln-liggande-scaled.jpg","type":"image\/jpeg"}],"twitter_card":"summary_large_image","schema":{"@context":"https:\/\/schema.org","@graph":[{"@type":"WebPage","@id":"https:\/\/www.abf.se\/sodertorn\/foreningar-och-grupper\/abf-sodertorns-arsmote\/","url":"https:\/\/www.abf.se\/sodertorn\/foreningar-och-grupper\/abf-sodertorns-arsmote\/","name":"ABF S\u00f6dert\u00f6rns \u00e5rsm\u00f6te 2026 - S\u00f6dert\u00f6rn","isPartOf":{"@id":"https:\/\/www.abf.se\/sodertorn\/#website"},"datePublished":"2025-01-21T09:50:13+00:00","dateModified":"2026-01-26T10:20:24+00:00","breadcrumb":{"@id":"https:\/\/www.abf.se\/sodertorn\/foreningar-och-grupper\/abf-sodertorns-arsmote\/#breadcrumb"},"inLanguage":"sv-SE","potentialAction":[{"@type":"ReadAction","target":["https:\/\/www.abf.se\/sodertorn\/foreningar-och-grupper\/abf-sodertorns-arsmote\/"]}]},{"@type":"BreadcrumbList","@id":"https:\/\/www.abf.se\/sodertorn\/foreningar-och-grupper\/abf-sodertorns-arsmote\/#breadcrumb","itemListElement":[{"@type":"ListItem","position":1,"name":"Home","item":"https:\/\/www.abf.se\/sodertorn\/"},{"@type":"ListItem","position":2,"name":"F\u00f6r f\u00f6reningar och grupper","item":"https:\/\/www.abf.se\/sodertorn\/foreningar-och-grupper\/"},{"@type":"ListItem","position":3,"name":"ABF S\u00f6dert\u00f6rns \u00e5rsm\u00f6te 2026"}]},{"@type":"WebSite","@id":"https:\/\/www.abf.se\/sodertorn\/#website","url":"https:\/\/www.abf.se\/sodertorn\/","name":"S\u00f6dert\u00f6rn","description":"","potentialAction":[{"@type":"SearchAction","target":{"@type":"EntryPoint","urlTemplate":"https:\/\/www.abf.se\/sodertorn\/?s={search_term_string}"},"query-input":{"@type":"PropertyValueSpecification","valueRequired":true,"valueName":"search_term_string"}}],"inLanguage":"sv-SE"}]}},"_links":{"self":[{"href":"https:\/\/www.abf.se\/sodertorn\/wp-json\/wp\/v2\/pages\/2145","targetHints":{"allow":["GET"]}}],"collection":[{"href":"https:\/\/www.abf.se\/sodertorn\/wp-json\/wp\/v2\/pages"}],"about":[{"href":"https:\/\/www.abf.se\/sodertorn\/wp-json\/wp\/v2\/types\/page"}],"author":[{"embeddable":true,"href":"https:\/\/www.abf.se\/sodertorn\/wp-json\/wp\/v2\/users\/59"}],"replies":[{"embeddable":true,"href":"https:\/\/www.abf.se\/sodertorn\/wp-json\/wp\/v2\/comments?post=2145"}],"version-history":[{"count":28,"href":"https:\/\/www.abf.se\/sodertorn\/wp-json\/wp\/v2\/pages\/2145\/revisions"}],"predecessor-version":[{"id":2969,"href":"https:\/\/www.abf.se\/sodertorn\/wp-json\/wp\/v2\/pages\/2145\/revisions\/2969"}],"up":[{"embeddable":true,"href":"https:\/\/www.abf.se\/sodertorn\/wp-json\/wp\/v2\/pages\/219"}],"wp:attachment":[{"href":"https:\/\/www.abf.se\/sodertorn\/wp-json\/wp\/v2\/media?parent=2145"}],"curies":[{"name":"wp","href":"https:\/\/api.w.org\/{rel}","templated":true}]}}