{"id":226,"date":"2024-03-11T14:55:09","date_gmt":"2024-03-11T13:55:09","guid":{"rendered":"https:\/\/www.abf.se\/sodertorn\/?page_id=226"},"modified":"2025-10-01T14:59:24","modified_gmt":"2025-10-01T12:59:24","slug":"resurser-foreningar","status":"publish","type":"page","link":"https:\/\/www.abf.se\/sodertorn\/foreningar-och-grupper\/resurser-foreningar\/","title":{"rendered":"Resurser f\u00f6r f\u00f6reningar och grupper"},"content":{"rendered":"<div\n    class=\"acf-hero-block container-lg no-padding mb-12 js-geolocation\"\n    data-block=\"hero-block\"\n    data-index=\"0\"\n>\n    <div class=\"h-[548px]  relative rounded-[32px] overflow-hidden flex bg-gray-light\">\n        <div class=\"relative z-10 mt-auto h-auto w-full md:h-full\">\n            <div class=\"flex w-full h-full flex-col flex-wrap justify-end w-full md:w-7\/12 lg:w-1\/2 md:justify-center\">\n                <div class=\"flex flex-col gap-3 md:gap-[18px] md:transparent pt-16 pb-36 md:py-8 px-4 w-full md:max-w-[620px] mx-auto px-8\">\n\n                    <h1 class=\"hero-heading\"><span>Resurser och st\u00f6d f\u00f6r f\u00f6reningar och grupper<\/span><\/h1>\n\n                    \n                                    <\/div>\n            <\/div>\n        <\/div>\n\n                    <picture class=\"as-background-image mix-blend-multiply bg-black\/40\"><img decoding=\"async\" src=\"https:\/\/www.abf.se\/sodertorn\/resized\/?url=https%3A%2F%2Fwww.abf.se%2Fwp-content%2Fuploads%2F2024%2F04%2FData-IT-Mobil-05.jpg&#038;fit=crop&#038;w=1440&#038;s=8530e56a15e321b2adad5291572e7e5b\" srcset=\"https:\/\/www.abf.se\/sodertorn\/resized\/?url=https%3A%2F%2Fwww.abf.se%2Fwp-content%2Fuploads%2F2024%2F04%2FData-IT-Mobil-05.jpg&#038;fit=crop&#038;w=375&#038;h=540&#038;s=ee4c8e8482a5954beeb3a3c157e7069e 375w, https:\/\/www.abf.se\/sodertorn\/resized\/?url=https%3A%2F%2Fwww.abf.se%2Fwp-content%2Fuploads%2F2024%2F04%2FData-IT-Mobil-05.jpg&#038;fit=crop&#038;w=447&#038;h=540&#038;s=32bf36ba1206993aeb60062ca2169a30 447w, https:\/\/www.abf.se\/sodertorn\/resized\/?url=https%3A%2F%2Fwww.abf.se%2Fwp-content%2Fuploads%2F2024%2F04%2FData-IT-Mobil-05.jpg&#038;fit=crop&#038;w=519&#038;h=540&#038;s=9aec795d387bc758ef9bfd2c7b822966 519w, https:\/\/www.abf.se\/sodertorn\/resized\/?url=https%3A%2F%2Fwww.abf.se%2Fwp-content%2Fuploads%2F2024%2F04%2FData-IT-Mobil-05.jpg&#038;fit=crop&#038;w=591&#038;h=540&#038;s=ade40ce466529fac21479ed72cad2365 591w, https:\/\/www.abf.se\/sodertorn\/resized\/?url=https%3A%2F%2Fwww.abf.se%2Fwp-content%2Fuploads%2F2024%2F04%2FData-IT-Mobil-05.jpg&#038;fit=crop&#038;w=663&#038;h=540&#038;s=8eaf67165c2545b8009d9525fa45590a 663w, https:\/\/www.abf.se\/sodertorn\/resized\/?url=https%3A%2F%2Fwww.abf.se%2Fwp-content%2Fuploads%2F2024%2F04%2FData-IT-Mobil-05.jpg&#038;fit=crop&#038;w=750&#038;h=540&#038;s=a8157b2393c92a528a520734c4e767e3 750w, https:\/\/www.abf.se\/sodertorn\/resized\/?url=https%3A%2F%2Fwww.abf.se%2Fwp-content%2Fuploads%2F2024%2F04%2FData-IT-Mobil-05.jpg&#038;fit=crop&#038;w=894&#038;h=540&#038;s=bbffec76a930afbc6a76d7e436c16ee8 894w, https:\/\/www.abf.se\/sodertorn\/resized\/?url=https%3A%2F%2Fwww.abf.se%2Fwp-content%2Fuploads%2F2024%2F04%2FData-IT-Mobil-05.jpg&#038;fit=crop&#038;w=1038&#038;h=540&#038;s=6278ef77fcc17526cf8956b900afc344 1038w, https:\/\/www.abf.se\/sodertorn\/resized\/?url=https%3A%2F%2Fwww.abf.se%2Fwp-content%2Fuploads%2F2024%2F04%2FData-IT-Mobil-05.jpg&#038;fit=crop&#038;w=1182&#038;h=540&#038;s=0f7dcd625a2a0faf2c1e3917c6bd72ed 1182w, https:\/\/www.abf.se\/sodertorn\/resized\/?url=https%3A%2F%2Fwww.abf.se%2Fwp-content%2Fuploads%2F2024%2F04%2FData-IT-Mobil-05.jpg&#038;fit=crop&#038;w=1326&#038;h=540&#038;s=1be679f7682c772557f932c026e33f45 1326w, https:\/\/www.abf.se\/sodertorn\/resized\/?url=https%3A%2F%2Fwww.abf.se%2Fwp-content%2Fuploads%2F2024%2F04%2FData-IT-Mobil-05.jpg&#038;fit=crop&#038;w=1440&#038;h=540&#038;s=b3d2c054091a7dbb7c89115078c1b94c 1440w\" alt=\"\" height=\"540\" width=\"1440\" sizes=\"(max-width: 1440px) calc(100vw - 32px), 1440px\" loading=\"eager\" fetchpriority=\"high\" aria-hidden=\"true\" role=\"presentation\" \/><\/picture>\n        \n\n            <\/div>\n\n    <\/div>\n\n<div\n    class=\"acf-plain-heading-block container my-16\"\n    data-block=\"plain-heading-block\"\n>\n    <div class=\"max-w-[658px] mx-auto\">\n                            <p class=\"mt-8 body-xl text-black\">\n                H\u00e4r har vi samlat resurser och st\u00f6d till f\u00f6reningar och grupper, s\u00e5som formul\u00e4r att anm\u00e4la nya arrangemang, guider, blanketter och checklistor f\u00f6r er folkbildningsverksamhet i samarbete med oss. Klicka dig vidare via l\u00e4nkarna f\u00f6r mer information.\n            <\/p>\n            <\/div>\n<\/div>\n<div\n    class=\"acf-article-cta-link-block article-container my-8\"\n    data-block=\"article-cta-link-block\"\n>\n<div>\n    <a class=\"inline-flex flex-row items-center gap-4 text-link underline text-red-dark\"\n        href=\"https:\/\/www.abf.se\/sodertorn\/foreningar-och-grupper\/resurser-for-foreningar-och-grupper\/anmal-studiecirkel\/\"\n            >\n        <span class=\"\">\n        Anm\u00e4l en studiecirkel eller kurs\n        <\/span>\n        <figure aria-hidden=\"true\" class=\"rounded-full bg-red-dark w-8 h-8 p-1 text-white\">\n            <svg width=\"20\" height=\"20\" viewBox=\"0 0 20 20\" fill=\"none\" class=\"SvgIconElement\">\n<path d=\"M4.16659 10L15.8333 10\" stroke=\"currentColor\"\/>\n<path d=\"M9.99992 4.1665L15.8333 9.99984L9.99992 15.8332\" stroke=\"currentColor\"\/>\n<\/svg>\n        <\/figure>\n    <\/a>\n<\/div>\n<\/div>\n<div\n    class=\"acf-article-cta-link-block article-container my-8\"\n    data-block=\"article-cta-link-block\"\n>\n<div>\n    <a class=\"inline-flex flex-row items-center gap-4 text-link underline text-red-dark\"\n        href=\"https:\/\/www.abf.se\/sodertorn\/anmala-kulturprogram\/\"\n            >\n        <span class=\"\">\n        Anm\u00e4la kulturprogram\n        <\/span>\n        <figure aria-hidden=\"true\" class=\"rounded-full bg-red-dark w-8 h-8 p-1 text-white\">\n            <svg width=\"20\" height=\"20\" viewBox=\"0 0 20 20\" fill=\"none\" class=\"SvgIconElement\">\n<path d=\"M4.16659 10L15.8333 10\" stroke=\"currentColor\"\/>\n<path d=\"M9.99992 4.1665L15.8333 9.99984L9.99992 15.8332\" stroke=\"currentColor\"\/>\n<\/svg>\n        <\/figure>\n    <\/a>\n<\/div>\n<\/div>\n<div\n    class=\"acf-article-cta-link-block article-container my-8\"\n    data-block=\"article-cta-link-block\"\n>\n<div>\n    <a class=\"inline-flex flex-row items-center gap-4 text-link underline text-red-dark\"\n        href=\"https:\/\/www.abf.se\/sodertorn\/blanketter-och-guider\/\"\n            >\n        <span class=\"\">\n        Blanketter, manualer och riktlinjer\n        <\/span>\n        <figure aria-hidden=\"true\" class=\"rounded-full bg-red-dark w-8 h-8 p-1 text-white\">\n            <svg width=\"20\" height=\"20\" viewBox=\"0 0 20 20\" fill=\"none\" class=\"SvgIconElement\">\n<path d=\"M4.16659 10L15.8333 10\" stroke=\"currentColor\"\/>\n<path d=\"M9.99992 4.1665L15.8333 9.99984L9.99992 15.8332\" stroke=\"currentColor\"\/>\n<\/svg>\n        <\/figure>\n    <\/a>\n<\/div>\n<\/div>\n<div\n    class=\"acf-article-cta-link-block article-container my-8\"\n    data-block=\"article-cta-link-block\"\n>\n<div>\n    <a class=\"inline-flex flex-row items-center gap-4 text-link underline text-red-dark\"\n        href=\"https:\/\/www.abf.se\/sodertorn\/boka-vara-lokaler\/\"\n            >\n        <span class=\"\">\n        Boka v\u00e5ra lokaler\n        <\/span>\n        <figure aria-hidden=\"true\" class=\"rounded-full bg-red-dark w-8 h-8 p-1 text-white\">\n            <svg width=\"20\" height=\"20\" viewBox=\"0 0 20 20\" fill=\"none\" class=\"SvgIconElement\">\n<path d=\"M4.16659 10L15.8333 10\" stroke=\"currentColor\"\/>\n<path d=\"M9.99992 4.1665L15.8333 9.99984L9.99992 15.8332\" stroke=\"currentColor\"\/>\n<\/svg>\n        <\/figure>\n    <\/a>\n<\/div>\n<\/div>\n<div\n    class=\"acf-article-cta-link-block article-container my-8\"\n    data-block=\"article-cta-link-block\"\n>\n<div>\n    <a class=\"inline-flex flex-row items-center gap-4 text-link underline text-red-dark\"\n        href=\"https:\/\/www.abf.se\/om-abf\/kontakt\/press\/\"\n                target=\"_blank\"\n            >\n        <span class=\"\">\n        Ladda ner ABFs logotyp\n        <\/span>\n        <figure aria-hidden=\"true\" class=\"rounded-full bg-red-dark w-8 h-8 p-1 text-white\">\n            <svg width=\"20\" height=\"20\" viewBox=\"0 0 20 20\" fill=\"none\" class=\"SvgIconElement\">\n<path d=\"M4.16659 10L15.8333 10\" stroke=\"currentColor\"\/>\n<path d=\"M9.99992 4.1665L15.8333 9.99984L9.99992 15.8332\" stroke=\"currentColor\"\/>\n<\/svg>\n        <\/figure>\n    <\/a>\n<\/div>\n<\/div>\n<div\n    class=\"acf-article-cta-link-block article-container my-8\"\n    data-block=\"article-cta-link-block\"\n>\n<div>\n    <a class=\"inline-flex flex-row items-center gap-4 text-link underline text-red-dark\"\n        href=\"https:\/\/www.abf.se\/sodertorn\/marknadsfor-era-arrangemang-via-abf\/\"\n            >\n        <span class=\"\">\n        Marknadsf\u00f6r era arrangemang via ABF\n        <\/span>\n        <figure aria-hidden=\"true\" class=\"rounded-full bg-red-dark w-8 h-8 p-1 text-white\">\n            <svg width=\"20\" height=\"20\" viewBox=\"0 0 20 20\" fill=\"none\" class=\"SvgIconElement\">\n<path d=\"M4.16659 10L15.8333 10\" stroke=\"currentColor\"\/>\n<path d=\"M9.99992 4.1665L15.8333 9.99984L9.99992 15.8332\" stroke=\"currentColor\"\/>\n<\/svg>\n        <\/figure>\n    <\/a>\n<\/div>\n<\/div>\n","protected":false},"excerpt":{"rendered":"","protected":false},"author":59,"featured_media":0,"parent":219,"menu_order":0,"comment_status":"closed","ping_status":"closed","template":"","meta":{"_acf_changed":false,"footnotes":""},"class_list":["post-226","page","type-page","status-publish","hentry"],"acf":[],"yoast_head":"<!-- This site is optimized with the Yoast SEO plugin v27.0 - https:\/\/yoast.com\/product\/yoast-seo-wordpress\/ -->\n<title>Resurser f\u00f6r f\u00f6reningar och grupper - S\u00f6dert\u00f6rn<\/title>\n<meta name=\"robots\" content=\"index, follow, max-snippet:-1, max-image-preview:large, max-video-preview:-1\" \/>\n<link rel=\"canonical\" href=\"https:\/\/www.abf.se\/sodertorn\/foreningar-och-grupper\/resurser-foreningar\/\" \/>\n<meta property=\"og:locale\" content=\"sv_SE\" \/>\n<meta property=\"og:type\" content=\"article\" \/>\n<meta property=\"og:title\" content=\"Resurser f\u00f6r f\u00f6reningar och grupper - S\u00f6dert\u00f6rn\" \/>\n<meta property=\"og:url\" content=\"https:\/\/www.abf.se\/sodertorn\/foreningar-och-grupper\/resurser-foreningar\/\" \/>\n<meta property=\"og:site_name\" content=\"S\u00f6dert\u00f6rn\" \/>\n<meta property=\"article:modified_time\" content=\"2025-10-01T12:59:24+00:00\" \/>\n<meta property=\"og:image\" content=\"https:\/\/www.abf.se\/wp-content\/uploads\/sites\/49\/2024\/04\/Nyckeln-liggande-scaled.jpg\" \/>\n\t<meta property=\"og:image:width\" content=\"2560\" \/>\n\t<meta property=\"og:image:height\" content=\"1440\" \/>\n\t<meta property=\"og:image:type\" content=\"image\/jpeg\" \/>\n<meta name=\"twitter:card\" content=\"summary_large_image\" \/>\n<script type=\"application\/ld+json\" class=\"yoast-schema-graph\">{\"@context\":\"https:\/\/schema.org\",\"@graph\":[{\"@type\":\"WebPage\",\"@id\":\"https:\/\/www.abf.se\/sodertorn\/foreningar-och-grupper\/resurser-foreningar\/\",\"url\":\"https:\/\/www.abf.se\/sodertorn\/foreningar-och-grupper\/resurser-foreningar\/\",\"name\":\"Resurser f\u00f6r f\u00f6reningar och grupper - S\u00f6dert\u00f6rn\",\"isPartOf\":{\"@id\":\"https:\/\/www.abf.se\/sodertorn\/#website\"},\"datePublished\":\"2024-03-11T13:55:09+00:00\",\"dateModified\":\"2025-10-01T12:59:24+00:00\",\"breadcrumb\":{\"@id\":\"https:\/\/www.abf.se\/sodertorn\/foreningar-och-grupper\/resurser-foreningar\/#breadcrumb\"},\"inLanguage\":\"sv-SE\",\"potentialAction\":[{\"@type\":\"ReadAction\",\"target\":[\"https:\/\/www.abf.se\/sodertorn\/foreningar-och-grupper\/resurser-foreningar\/\"]}]},{\"@type\":\"BreadcrumbList\",\"@id\":\"https:\/\/www.abf.se\/sodertorn\/foreningar-och-grupper\/resurser-foreningar\/#breadcrumb\",\"itemListElement\":[{\"@type\":\"ListItem\",\"position\":1,\"name\":\"Home\",\"item\":\"https:\/\/www.abf.se\/sodertorn\/\"},{\"@type\":\"ListItem\",\"position\":2,\"name\":\"F\u00f6r f\u00f6reningar och grupper\",\"item\":\"https:\/\/www.abf.se\/sodertorn\/foreningar-och-grupper\/\"},{\"@type\":\"ListItem\",\"position\":3,\"name\":\"Resurser f\u00f6r f\u00f6reningar och grupper\"}]},{\"@type\":\"WebSite\",\"@id\":\"https:\/\/www.abf.se\/sodertorn\/#website\",\"url\":\"https:\/\/www.abf.se\/sodertorn\/\",\"name\":\"S\u00f6dert\u00f6rn\",\"description\":\"\",\"potentialAction\":[{\"@type\":\"SearchAction\",\"target\":{\"@type\":\"EntryPoint\",\"urlTemplate\":\"https:\/\/www.abf.se\/sodertorn\/?s={search_term_string}\"},\"query-input\":{\"@type\":\"PropertyValueSpecification\",\"valueRequired\":true,\"valueName\":\"search_term_string\"}}],\"inLanguage\":\"sv-SE\"}]}<\/script>\n<!-- \/ Yoast SEO plugin. -->","yoast_head_json":{"title":"Resurser f\u00f6r f\u00f6reningar och grupper - S\u00f6dert\u00f6rn","robots":{"index":"index","follow":"follow","max-snippet":"max-snippet:-1","max-image-preview":"max-image-preview:large","max-video-preview":"max-video-preview:-1"},"canonical":"https:\/\/www.abf.se\/sodertorn\/foreningar-och-grupper\/resurser-foreningar\/","og_locale":"sv_SE","og_type":"article","og_title":"Resurser f\u00f6r f\u00f6reningar och grupper - S\u00f6dert\u00f6rn","og_url":"https:\/\/www.abf.se\/sodertorn\/foreningar-och-grupper\/resurser-foreningar\/","og_site_name":"S\u00f6dert\u00f6rn","article_modified_time":"2025-10-01T12:59:24+00:00","og_image":[{"width":2560,"height":1440,"url":"https:\/\/www.abf.se\/wp-content\/uploads\/sites\/49\/2024\/04\/Nyckeln-liggande-scaled.jpg","type":"image\/jpeg"}],"twitter_card":"summary_large_image","schema":{"@context":"https:\/\/schema.org","@graph":[{"@type":"WebPage","@id":"https:\/\/www.abf.se\/sodertorn\/foreningar-och-grupper\/resurser-foreningar\/","url":"https:\/\/www.abf.se\/sodertorn\/foreningar-och-grupper\/resurser-foreningar\/","name":"Resurser f\u00f6r f\u00f6reningar och grupper - S\u00f6dert\u00f6rn","isPartOf":{"@id":"https:\/\/www.abf.se\/sodertorn\/#website"},"datePublished":"2024-03-11T13:55:09+00:00","dateModified":"2025-10-01T12:59:24+00:00","breadcrumb":{"@id":"https:\/\/www.abf.se\/sodertorn\/foreningar-och-grupper\/resurser-foreningar\/#breadcrumb"},"inLanguage":"sv-SE","potentialAction":[{"@type":"ReadAction","target":["https:\/\/www.abf.se\/sodertorn\/foreningar-och-grupper\/resurser-foreningar\/"]}]},{"@type":"BreadcrumbList","@id":"https:\/\/www.abf.se\/sodertorn\/foreningar-och-grupper\/resurser-foreningar\/#breadcrumb","itemListElement":[{"@type":"ListItem","position":1,"name":"Home","item":"https:\/\/www.abf.se\/sodertorn\/"},{"@type":"ListItem","position":2,"name":"F\u00f6r f\u00f6reningar och grupper","item":"https:\/\/www.abf.se\/sodertorn\/foreningar-och-grupper\/"},{"@type":"ListItem","position":3,"name":"Resurser f\u00f6r f\u00f6reningar och grupper"}]},{"@type":"WebSite","@id":"https:\/\/www.abf.se\/sodertorn\/#website","url":"https:\/\/www.abf.se\/sodertorn\/","name":"S\u00f6dert\u00f6rn","description":"","potentialAction":[{"@type":"SearchAction","target":{"@type":"EntryPoint","urlTemplate":"https:\/\/www.abf.se\/sodertorn\/?s={search_term_string}"},"query-input":{"@type":"PropertyValueSpecification","valueRequired":true,"valueName":"search_term_string"}}],"inLanguage":"sv-SE"}]}},"_links":{"self":[{"href":"https:\/\/www.abf.se\/sodertorn\/wp-json\/wp\/v2\/pages\/226","targetHints":{"allow":["GET"]}}],"collection":[{"href":"https:\/\/www.abf.se\/sodertorn\/wp-json\/wp\/v2\/pages"}],"about":[{"href":"https:\/\/www.abf.se\/sodertorn\/wp-json\/wp\/v2\/types\/page"}],"author":[{"embeddable":true,"href":"https:\/\/www.abf.se\/sodertorn\/wp-json\/wp\/v2\/users\/59"}],"replies":[{"embeddable":true,"href":"https:\/\/www.abf.se\/sodertorn\/wp-json\/wp\/v2\/comments?post=226"}],"version-history":[{"count":63,"href":"https:\/\/www.abf.se\/sodertorn\/wp-json\/wp\/v2\/pages\/226\/revisions"}],"predecessor-version":[{"id":2660,"href":"https:\/\/www.abf.se\/sodertorn\/wp-json\/wp\/v2\/pages\/226\/revisions\/2660"}],"up":[{"embeddable":true,"href":"https:\/\/www.abf.se\/sodertorn\/wp-json\/wp\/v2\/pages\/219"}],"wp:attachment":[{"href":"https:\/\/www.abf.se\/sodertorn\/wp-json\/wp\/v2\/media?parent=226"}],"curies":[{"name":"wp","href":"https:\/\/api.w.org\/{rel}","templated":true}]}}