{"id":256,"date":"2024-03-11T15:12:57","date_gmt":"2024-03-11T14:12:57","guid":{"rendered":"https:\/\/www.abf.se\/sodertorn\/?page_id=256"},"modified":"2026-02-06T10:56:19","modified_gmt":"2026-02-06T09:56:19","slug":"samarbete-med-abf-sodertorn","status":"publish","type":"page","link":"https:\/\/www.abf.se\/sodertorn\/foreningar-och-grupper\/samarbete-med-abf-sodertorn\/","title":{"rendered":"Samarbeta med ABF S\u00f6dert\u00f6rn"},"content":{"rendered":"<div\n    class=\"acf-hero-block container-lg no-padding mb-12 js-geolocation\"\n    data-block=\"hero-block\"\n    data-index=\"0\"\n>\n    <div class=\"h-[548px]  relative rounded-[32px] overflow-hidden flex bg-gray-light\">\n        <div class=\"relative z-10 mt-auto h-auto w-full md:h-full\">\n            <div class=\"flex w-full h-full flex-col flex-wrap justify-end w-full md:w-7\/12 lg:w-1\/2 md:justify-center\">\n                <div class=\"flex flex-col gap-3 md:gap-[18px] md:transparent pt-16 pb-36 md:py-8 px-4 w-full md:max-w-[620px] mx-auto px-8\">\n\n                    <h1 class=\"hero-heading\"><span>Samarbeta med ABF S\u00f6dert\u00f6rn<\/span><\/h1>\n\n                    \n                                    <\/div>\n            <\/div>\n        <\/div>\n\n                    <picture class=\"as-background-image mix-blend-multiply bg-black\/40\"><img decoding=\"async\" src=\"https:\/\/www.abf.se\/sodertorn\/resized\/?url=https%3A%2F%2Fwww.abf.se%2Fwp-content%2Fuploads%2Fsites%2F49%2F2024%2F03%2Fgemnskap_foto-freepik-scaled.jpg&#038;fit=crop&#038;w=1440&#038;s=316758e83dfc5e8c2f17d9ecce7f59a7\" srcset=\"https:\/\/www.abf.se\/sodertorn\/resized\/?url=https%3A%2F%2Fwww.abf.se%2Fwp-content%2Fuploads%2Fsites%2F49%2F2024%2F03%2Fgemnskap_foto-freepik-scaled.jpg&#038;fit=crop&#038;w=375&#038;h=540&#038;s=ee237846d1dcd4cb78d0e7793e36e457 375w, https:\/\/www.abf.se\/sodertorn\/resized\/?url=https%3A%2F%2Fwww.abf.se%2Fwp-content%2Fuploads%2Fsites%2F49%2F2024%2F03%2Fgemnskap_foto-freepik-scaled.jpg&#038;fit=crop&#038;w=447&#038;h=540&#038;s=5f4aeee2efbe3204dbb858144015a9fa 447w, https:\/\/www.abf.se\/sodertorn\/resized\/?url=https%3A%2F%2Fwww.abf.se%2Fwp-content%2Fuploads%2Fsites%2F49%2F2024%2F03%2Fgemnskap_foto-freepik-scaled.jpg&#038;fit=crop&#038;w=519&#038;h=540&#038;s=e8907dd0b2c7798403348282bc47da25 519w, https:\/\/www.abf.se\/sodertorn\/resized\/?url=https%3A%2F%2Fwww.abf.se%2Fwp-content%2Fuploads%2Fsites%2F49%2F2024%2F03%2Fgemnskap_foto-freepik-scaled.jpg&#038;fit=crop&#038;w=591&#038;h=540&#038;s=1ba966d356ff1ce1186c972ea8130515 591w, https:\/\/www.abf.se\/sodertorn\/resized\/?url=https%3A%2F%2Fwww.abf.se%2Fwp-content%2Fuploads%2Fsites%2F49%2F2024%2F03%2Fgemnskap_foto-freepik-scaled.jpg&#038;fit=crop&#038;w=663&#038;h=540&#038;s=5bb1480acf04b8140f03a7c1030c8836 663w, https:\/\/www.abf.se\/sodertorn\/resized\/?url=https%3A%2F%2Fwww.abf.se%2Fwp-content%2Fuploads%2Fsites%2F49%2F2024%2F03%2Fgemnskap_foto-freepik-scaled.jpg&#038;fit=crop&#038;w=750&#038;h=540&#038;s=87521538eb6ed34c9735f8c6128598dd 750w, https:\/\/www.abf.se\/sodertorn\/resized\/?url=https%3A%2F%2Fwww.abf.se%2Fwp-content%2Fuploads%2Fsites%2F49%2F2024%2F03%2Fgemnskap_foto-freepik-scaled.jpg&#038;fit=crop&#038;w=894&#038;h=540&#038;s=358fe36a5e5f733d714f3797a46e168b 894w, https:\/\/www.abf.se\/sodertorn\/resized\/?url=https%3A%2F%2Fwww.abf.se%2Fwp-content%2Fuploads%2Fsites%2F49%2F2024%2F03%2Fgemnskap_foto-freepik-scaled.jpg&#038;fit=crop&#038;w=1038&#038;h=540&#038;s=757bb1515f9ff002f457888ffd2b0a25 1038w, https:\/\/www.abf.se\/sodertorn\/resized\/?url=https%3A%2F%2Fwww.abf.se%2Fwp-content%2Fuploads%2Fsites%2F49%2F2024%2F03%2Fgemnskap_foto-freepik-scaled.jpg&#038;fit=crop&#038;w=1182&#038;h=540&#038;s=0d35a95fc7d04b653d6d0d72673fb86e 1182w, https:\/\/www.abf.se\/sodertorn\/resized\/?url=https%3A%2F%2Fwww.abf.se%2Fwp-content%2Fuploads%2Fsites%2F49%2F2024%2F03%2Fgemnskap_foto-freepik-scaled.jpg&#038;fit=crop&#038;w=1326&#038;h=540&#038;s=98daf01998efa411d9c6c122117bae1a 1326w, https:\/\/www.abf.se\/sodertorn\/resized\/?url=https%3A%2F%2Fwww.abf.se%2Fwp-content%2Fuploads%2Fsites%2F49%2F2024%2F03%2Fgemnskap_foto-freepik-scaled.jpg&#038;fit=crop&#038;w=1440&#038;h=540&#038;s=763ca58a4b3a7e0f089868ae5da95608 1440w\" alt=\"\" height=\"540\" width=\"1440\" sizes=\"(max-width: 1440px) calc(100vw - 32px), 1440px\" loading=\"eager\" fetchpriority=\"high\" aria-hidden=\"true\" role=\"presentation\" \/><\/picture>\n        \n\n                    <figure class=\"absolute bottom-0  md:w-1\/2 transform right-0 translate-x-10 md:translate-x-32\">\n                <img decoding=\"async\"\n                    alt=\"\"\n                    aria-hidden=\"true\"\n                    class=\"h-auto w-full\"\n                    role=\"presentation\"\n                    src=\"\/assets\/images\/two_circles_bottom.svg\"\n                >\n            <\/figure>\n            <\/div>\n\n    <\/div>\n\n<div\n    class=\"acf-plain-heading-block container my-16\"\n    data-block=\"plain-heading-block\"\n>\n    <div class=\"max-w-[658px] mx-auto\">\n                            <p class=\"mt-8 body-xl text-black\">\n                F\u00f6reningar som delar ABFs v\u00e4rderingar kan bli medlemmar eller teckna samarbetsavtal med oss och f\u00e5 tillg\u00e5ng till st\u00f6d och samarbetsm\u00f6jligheter kring studiecirklar, kurser och kulturarrangemang. H\u00e4r kan du l\u00e4sa mer om alternativen och hur det g\u00e5r till att starta upp ett samarbete med oss.\n            <\/p>\n            <\/div>\n<\/div>\n<div\n    class=\"acf-plain-heading-block container my-16\"\n    data-block=\"plain-heading-block\"\n>\n    <div class=\"max-w-[658px] mx-auto\">\n                <h1 class=\"hero-heading\"><span>Bli medlemsorganisation<\/span><\/h1>\n                    <\/div>\n<\/div>\n<div\n    class=\"acf-article-text-block article-container my-12\"\n    data-block=\"article-text-block\"\n>\n    <div class=\"wysiwyg\">\n        <p>Som <strong>medlemsorganisation<\/strong> har er f\u00f6rening m\u00f6jlighet till formellt inflytande \u00f6ver ABFs verksamhet. Era f\u00f6retr\u00e4dare kan bli nominerade till ABF S\u00f6dert\u00f6rns styrelse och kan ocks\u00e5 nominera ombud till v\u00e5rt \u00e5rsm\u00f6te och halv\u00e5rsm\u00f6te. Medlemsavgiften \u00e4r f\u00f6r n\u00e4rvarande 100 kr per \u00e5r.<\/p>\n<h3>Det h\u00e4r f\u00e5r ni som medlemsorganisation hos ABF S\u00f6dert\u00f6rn:<\/h3>\n<ul>\n<li>M\u00f6jlighet att p\u00e5verka ABF S\u00f6dert\u00f6rn via motioner och deltagande p\u00e5 \u00e5rsm\u00f6tet<\/li>\n<li>Tillg\u00e5ng till ett brett n\u00e4tverk och kontakt med andra medlemsorganisationer<\/li>\n<li>F\u00f6reningens f\u00f6retr\u00e4dare kan bli nominerade till ABF S\u00f6dert\u00f6rns styrelse och f\u00f6rtroendeuppdrag<\/li>\n<li>Tillg\u00e5ng till studiematerial och st\u00f6d kring folkbildningens pedagogik och metoder<\/li>\n<li>Cirkelledarutbildningar, funktions- och styrelseutbildningar<\/li>\n<li>F\u00f6rdjupningsutbildningar f\u00f6r cirkelledare och f\u00f6reningar, till exempel inom kommunikation<\/li>\n<li>Och mycket mer!<\/li>\n<\/ul>\n\n    <\/div>\n<\/div>\n<div\n    class=\"acf-article-cta-link-block article-container my-8\"\n    data-block=\"article-cta-link-block\"\n>\n<div>\n    <a class=\"inline-flex flex-row items-center gap-4 text-link underline text-red-dark\"\n        href=\"https:\/\/forms.office.com\/pages\/responsepage.aspx?id=wFwFk5ly40uJZxzPObTyd5gUM138yLRGv4eVj5-voJBUNzBCUFdFUUpZVU9WQjY3ODFDN0RCWU9EVy4u\"\n                target=\"_blank\"\n            >\n        <span class=\"\">\n        Ans\u00f6k om medlemskap h\u00e4r\n        <\/span>\n        <figure aria-hidden=\"true\" class=\"rounded-full bg-red-dark w-8 h-8 p-1 text-white\">\n            <svg width=\"20\" height=\"20\" viewBox=\"0 0 20 20\" fill=\"none\" class=\"SvgIconElement\">\n<path d=\"M4.16659 10L15.8333 10\" stroke=\"currentColor\"\/>\n<path d=\"M9.99992 4.1665L15.8333 9.99984L9.99992 15.8332\" stroke=\"currentColor\"\/>\n<\/svg>\n        <\/figure>\n    <\/a>\n<\/div>\n<\/div>\n<div\n    class=\"acf-article-text-block article-container my-12\"\n    data-block=\"article-text-block\"\n>\n    <div class=\"wysiwyg\">\n        <p>Notera att f\u00f6r att kunna handl\u00e4gga er ans\u00f6kan kommer ni att beh\u00f6va skicka in f\u00f6ljande handlingar till oss:<\/p>\n<ul>\n<li>Registreringsbevis fr\u00e5n Skatteverket<\/li>\n<li>Stadgar<\/li>\n<li>\u00c5rsm\u00f6tesprotokoll<\/li>\n<li>Konstituerande m\u00f6tesprotokoll<\/li>\n<li>Verksamhetsplan och verksamhetsber\u00e4ttelse<\/li>\n<li>Medlemsantal<\/li>\n<\/ul>\n\n    <\/div>\n<\/div>\n<div\n    class=\"acf-plain-heading-block container my-16\"\n    data-block=\"plain-heading-block\"\n>\n    <div class=\"max-w-[658px] mx-auto\">\n                <h1 class=\"hero-heading\"><span>Samarbetsavtal<\/span><\/h1>\n                    <\/div>\n<\/div>\n<div\n    class=\"acf-article-text-block article-container my-12\"\n    data-block=\"article-text-block\"\n>\n    <div class=\"wysiwyg\">\n        <p>Ett alternativ till medlemskap \u00e4r att teckna ett s\u00e5 kallat\u00a0<strong>samarbetsavtal<\/strong>. D\u00e5 f\u00e5r f\u00f6reningen hj\u00e4lp och st\u00f6d av ABF S\u00f6dert\u00f6rn med studie- och kulturverksamhet, men har d\u00e4remot inget formellt inflytande i v\u00e5ra beslutande f\u00f6rsamlingar.<\/p>\n<p>F\u00f6reningar med samarbetsavtal \u00e4r v\u00e4lkomna att ans\u00f6ka om medlemskap.<\/p>\n<h3>Teckna samarbetsavtal<\/h3>\n<p>F\u00f6r att teckna ett samarbetsavtal, kontakta oss med en intresseanm\u00e4lan via <a href=\"mailto:foreningar.sodertorn@abf.se\">foreningar.sodertorn@abf.se<\/a> eller 08-556 520 30 s\u00e5 \u00e5terkommer vi med mer information.<\/p>\n\n    <\/div>\n<\/div>\n<div\n    class=\"acf-quick-link-block bg-red py-12 md:py-20\"\n    data-block=\"quick-link-block\"\n>\n    <div class=\"container\">\n        \n        <div\n            class=\"px-5 content:px-0 grid grid-cols-1 gap-8 lg:grid-cols-3\">\n            \n            <article\nclass=\"round-corners-sm p-6 relative group grid grid-rows-[subgrid] row-[span_3] gap-4 bg-white text-red\"\n>\n            <h3\n        class=\"heading-sm group-hover:underline text-red\">\n            <a href=\"https:\/\/www.abf.se\/wp-content\/uploads\/sites\/49\/2024\/07\/oversikt_medlemskap_samarbetsavtal-2024.pdf\" class=\"expanded-hit-area\" target=\"_blank\">\n                Medlemskap eller samarbetsavtal?\n            <\/a>\n        <\/h3>\n                <p class=\"body-md text-gray-text\">\n            En \u00f6versikt \u00f6ver skillnaden mellan de tv\u00e5 avtalsformerna f\u00f6r samarbete med ABF S\u00f6dert\u00f6rn.\n        <\/p>\n        <figure\n    class=\"w-[38px] h-[38px] rounded-full p-2 group-hover:scale-110 transition-transform duration-300 self-end pointer-events-none bg-red text-white\">\n        <svg width=\"20\" height=\"20\" viewBox=\"0 0 20 20\" fill=\"none\" class=\"SvgIconElement\">\n<path d=\"M4.16659 10L15.8333 10\" stroke=\"currentColor\"\/>\n<path d=\"M9.99992 4.1665L15.8333 9.99984L9.99992 15.8332\" stroke=\"currentColor\"\/>\n<\/svg>\n    <\/figure>\n<\/article>            \n            <article\nclass=\"round-corners-sm p-6 relative group grid grid-rows-[subgrid] row-[span_3] gap-4 bg-white text-red\"\n>\n            <h3\n        class=\"heading-sm group-hover:underline text-red\">\n            <a href=\"https:\/\/www.abf.se\/sodertorn\/foreningar-och-grupper\/samarbete-med-abf-sodertorn\/medlems-och-samarbetsorganisationer\/\" class=\"expanded-hit-area\" target=\"\">\n                Medlems- och samarbetsorganisationer hos ABF S\u00f6dert\u00f6rn\n            <\/a>\n        <\/h3>\n                <p class=\"body-md text-gray-text\">\n            F\u00f6ljande organisationer \u00e4r lokala medlemmar i ABF S\u00f6dert\u00f6rn och samarbetar med oss kring sin studie- och kulturverksamhet.\n        <\/p>\n        <figure\n    class=\"w-[38px] h-[38px] rounded-full p-2 group-hover:scale-110 transition-transform duration-300 self-end pointer-events-none bg-red text-white\">\n        <svg width=\"20\" height=\"20\" viewBox=\"0 0 20 20\" fill=\"none\" class=\"SvgIconElement\">\n<path d=\"M4.16659 10L15.8333 10\" stroke=\"currentColor\"\/>\n<path d=\"M9.99992 4.1665L15.8333 9.99984L9.99992 15.8332\" stroke=\"currentColor\"\/>\n<\/svg>\n    <\/figure>\n<\/article>            \n            <article\nclass=\"round-corners-sm p-6 relative group grid grid-rows-[subgrid] row-[span_3] gap-4 bg-white text-red\"\n>\n            <h3\n        class=\"heading-sm group-hover:underline text-red\">\n            <a href=\"https:\/\/www.abf.se\/sodertorn\/foreningar-och-grupper\/\" class=\"expanded-hit-area\" target=\"\">\n                Sidor f\u00f6r f\u00f6reningar och grupper\n            <\/a>\n        <\/h3>\n                <p class=\"body-md text-gray-text\">\n            Samlad information och resurser f\u00f6r f\u00f6reningar och grupper som samarbetar med ABF S\u00f6dert\u00f6rn. H\u00e4r finns \u00e4ven utbildningar f\u00f6r cirkelledare och f\u00f6reningsaktiva.\n        <\/p>\n        <figure\n    class=\"w-[38px] h-[38px] rounded-full p-2 group-hover:scale-110 transition-transform duration-300 self-end pointer-events-none bg-red text-white\">\n        <svg width=\"20\" height=\"20\" viewBox=\"0 0 20 20\" fill=\"none\" class=\"SvgIconElement\">\n<path d=\"M4.16659 10L15.8333 10\" stroke=\"currentColor\"\/>\n<path d=\"M9.99992 4.1665L15.8333 9.99984L9.99992 15.8332\" stroke=\"currentColor\"\/>\n<\/svg>\n    <\/figure>\n<\/article>                    <\/div>\n    <\/div>\n<\/div>\n","protected":false},"excerpt":{"rendered":"","protected":false},"author":59,"featured_media":0,"parent":219,"menu_order":0,"comment_status":"closed","ping_status":"closed","template":"","meta":{"_acf_changed":false,"footnotes":""},"class_list":["post-256","page","type-page","status-publish","hentry"],"acf":[],"yoast_head":"<!-- This site is optimized with the Yoast SEO plugin v27.0 - https:\/\/yoast.com\/product\/yoast-seo-wordpress\/ -->\n<title>Samarbeta med ABF S\u00f6dert\u00f6rn - S\u00f6dert\u00f6rn<\/title>\n<meta name=\"robots\" content=\"index, follow, max-snippet:-1, max-image-preview:large, max-video-preview:-1\" \/>\n<link rel=\"canonical\" href=\"https:\/\/www.abf.se\/sodertorn\/foreningar-och-grupper\/samarbete-med-abf-sodertorn\/\" \/>\n<meta property=\"og:locale\" content=\"sv_SE\" \/>\n<meta property=\"og:type\" content=\"article\" \/>\n<meta property=\"og:title\" content=\"Samarbeta med ABF S\u00f6dert\u00f6rn - S\u00f6dert\u00f6rn\" \/>\n<meta property=\"og:url\" content=\"https:\/\/www.abf.se\/sodertorn\/foreningar-och-grupper\/samarbete-med-abf-sodertorn\/\" \/>\n<meta property=\"og:site_name\" content=\"S\u00f6dert\u00f6rn\" \/>\n<meta property=\"article:modified_time\" content=\"2026-02-06T09:56:19+00:00\" \/>\n<meta property=\"og:image\" content=\"https:\/\/www.abf.se\/wp-content\/uploads\/sites\/49\/2024\/04\/Nyckeln-liggande-scaled.jpg\" \/>\n\t<meta property=\"og:image:width\" content=\"2560\" \/>\n\t<meta property=\"og:image:height\" content=\"1440\" \/>\n\t<meta property=\"og:image:type\" content=\"image\/jpeg\" \/>\n<meta name=\"twitter:card\" content=\"summary_large_image\" \/>\n<script type=\"application\/ld+json\" class=\"yoast-schema-graph\">{\"@context\":\"https:\/\/schema.org\",\"@graph\":[{\"@type\":\"WebPage\",\"@id\":\"https:\/\/www.abf.se\/sodertorn\/foreningar-och-grupper\/samarbete-med-abf-sodertorn\/\",\"url\":\"https:\/\/www.abf.se\/sodertorn\/foreningar-och-grupper\/samarbete-med-abf-sodertorn\/\",\"name\":\"Samarbeta med ABF S\u00f6dert\u00f6rn - S\u00f6dert\u00f6rn\",\"isPartOf\":{\"@id\":\"https:\/\/www.abf.se\/sodertorn\/#website\"},\"datePublished\":\"2024-03-11T14:12:57+00:00\",\"dateModified\":\"2026-02-06T09:56:19+00:00\",\"breadcrumb\":{\"@id\":\"https:\/\/www.abf.se\/sodertorn\/foreningar-och-grupper\/samarbete-med-abf-sodertorn\/#breadcrumb\"},\"inLanguage\":\"sv-SE\",\"potentialAction\":[{\"@type\":\"ReadAction\",\"target\":[\"https:\/\/www.abf.se\/sodertorn\/foreningar-och-grupper\/samarbete-med-abf-sodertorn\/\"]}]},{\"@type\":\"BreadcrumbList\",\"@id\":\"https:\/\/www.abf.se\/sodertorn\/foreningar-och-grupper\/samarbete-med-abf-sodertorn\/#breadcrumb\",\"itemListElement\":[{\"@type\":\"ListItem\",\"position\":1,\"name\":\"Home\",\"item\":\"https:\/\/www.abf.se\/sodertorn\/\"},{\"@type\":\"ListItem\",\"position\":2,\"name\":\"F\u00f6r f\u00f6reningar och grupper\",\"item\":\"https:\/\/www.abf.se\/sodertorn\/foreningar-och-grupper\/\"},{\"@type\":\"ListItem\",\"position\":3,\"name\":\"Samarbeta med ABF S\u00f6dert\u00f6rn\"}]},{\"@type\":\"WebSite\",\"@id\":\"https:\/\/www.abf.se\/sodertorn\/#website\",\"url\":\"https:\/\/www.abf.se\/sodertorn\/\",\"name\":\"S\u00f6dert\u00f6rn\",\"description\":\"\",\"potentialAction\":[{\"@type\":\"SearchAction\",\"target\":{\"@type\":\"EntryPoint\",\"urlTemplate\":\"https:\/\/www.abf.se\/sodertorn\/?s={search_term_string}\"},\"query-input\":{\"@type\":\"PropertyValueSpecification\",\"valueRequired\":true,\"valueName\":\"search_term_string\"}}],\"inLanguage\":\"sv-SE\"}]}<\/script>\n<!-- \/ Yoast SEO plugin. -->","yoast_head_json":{"title":"Samarbeta med ABF S\u00f6dert\u00f6rn - S\u00f6dert\u00f6rn","robots":{"index":"index","follow":"follow","max-snippet":"max-snippet:-1","max-image-preview":"max-image-preview:large","max-video-preview":"max-video-preview:-1"},"canonical":"https:\/\/www.abf.se\/sodertorn\/foreningar-och-grupper\/samarbete-med-abf-sodertorn\/","og_locale":"sv_SE","og_type":"article","og_title":"Samarbeta med ABF S\u00f6dert\u00f6rn - S\u00f6dert\u00f6rn","og_url":"https:\/\/www.abf.se\/sodertorn\/foreningar-och-grupper\/samarbete-med-abf-sodertorn\/","og_site_name":"S\u00f6dert\u00f6rn","article_modified_time":"2026-02-06T09:56:19+00:00","og_image":[{"width":2560,"height":1440,"url":"https:\/\/www.abf.se\/wp-content\/uploads\/sites\/49\/2024\/04\/Nyckeln-liggande-scaled.jpg","type":"image\/jpeg"}],"twitter_card":"summary_large_image","schema":{"@context":"https:\/\/schema.org","@graph":[{"@type":"WebPage","@id":"https:\/\/www.abf.se\/sodertorn\/foreningar-och-grupper\/samarbete-med-abf-sodertorn\/","url":"https:\/\/www.abf.se\/sodertorn\/foreningar-och-grupper\/samarbete-med-abf-sodertorn\/","name":"Samarbeta med ABF S\u00f6dert\u00f6rn - S\u00f6dert\u00f6rn","isPartOf":{"@id":"https:\/\/www.abf.se\/sodertorn\/#website"},"datePublished":"2024-03-11T14:12:57+00:00","dateModified":"2026-02-06T09:56:19+00:00","breadcrumb":{"@id":"https:\/\/www.abf.se\/sodertorn\/foreningar-och-grupper\/samarbete-med-abf-sodertorn\/#breadcrumb"},"inLanguage":"sv-SE","potentialAction":[{"@type":"ReadAction","target":["https:\/\/www.abf.se\/sodertorn\/foreningar-och-grupper\/samarbete-med-abf-sodertorn\/"]}]},{"@type":"BreadcrumbList","@id":"https:\/\/www.abf.se\/sodertorn\/foreningar-och-grupper\/samarbete-med-abf-sodertorn\/#breadcrumb","itemListElement":[{"@type":"ListItem","position":1,"name":"Home","item":"https:\/\/www.abf.se\/sodertorn\/"},{"@type":"ListItem","position":2,"name":"F\u00f6r f\u00f6reningar och grupper","item":"https:\/\/www.abf.se\/sodertorn\/foreningar-och-grupper\/"},{"@type":"ListItem","position":3,"name":"Samarbeta med ABF S\u00f6dert\u00f6rn"}]},{"@type":"WebSite","@id":"https:\/\/www.abf.se\/sodertorn\/#website","url":"https:\/\/www.abf.se\/sodertorn\/","name":"S\u00f6dert\u00f6rn","description":"","potentialAction":[{"@type":"SearchAction","target":{"@type":"EntryPoint","urlTemplate":"https:\/\/www.abf.se\/sodertorn\/?s={search_term_string}"},"query-input":{"@type":"PropertyValueSpecification","valueRequired":true,"valueName":"search_term_string"}}],"inLanguage":"sv-SE"}]}},"_links":{"self":[{"href":"https:\/\/www.abf.se\/sodertorn\/wp-json\/wp\/v2\/pages\/256","targetHints":{"allow":["GET"]}}],"collection":[{"href":"https:\/\/www.abf.se\/sodertorn\/wp-json\/wp\/v2\/pages"}],"about":[{"href":"https:\/\/www.abf.se\/sodertorn\/wp-json\/wp\/v2\/types\/page"}],"author":[{"embeddable":true,"href":"https:\/\/www.abf.se\/sodertorn\/wp-json\/wp\/v2\/users\/59"}],"replies":[{"embeddable":true,"href":"https:\/\/www.abf.se\/sodertorn\/wp-json\/wp\/v2\/comments?post=256"}],"version-history":[{"count":45,"href":"https:\/\/www.abf.se\/sodertorn\/wp-json\/wp\/v2\/pages\/256\/revisions"}],"predecessor-version":[{"id":3015,"href":"https:\/\/www.abf.se\/sodertorn\/wp-json\/wp\/v2\/pages\/256\/revisions\/3015"}],"up":[{"embeddable":true,"href":"https:\/\/www.abf.se\/sodertorn\/wp-json\/wp\/v2\/pages\/219"}],"wp:attachment":[{"href":"https:\/\/www.abf.se\/sodertorn\/wp-json\/wp\/v2\/media?parent=256"}],"curies":[{"name":"wp","href":"https:\/\/api.w.org\/{rel}","templated":true}]}}