{"id":2890,"date":"2026-01-13T17:52:35","date_gmt":"2026-01-13T16:52:35","guid":{"rendered":"https:\/\/www.abf.se\/sodertorn\/?page_id=2890"},"modified":"2026-01-21T17:13:52","modified_gmt":"2026-01-21T16:13:52","slug":"styrelserapport","status":"publish","type":"page","link":"https:\/\/www.abf.se\/sodertorn\/styrelserapport\/","title":{"rendered":"Styrelserapport"},"content":{"rendered":"<div\n    class=\"acf-hero-block container-lg no-padding mb-12 js-geolocation\"\n    data-block=\"hero-block\"\n    data-index=\"0\"\n>\n    <div class=\"h-[548px]  relative rounded-[32px] overflow-hidden flex bg-gray-light\">\n        <div class=\"relative z-10 mt-auto h-auto w-full md:h-full\">\n            <div class=\"flex w-full h-full flex-col flex-wrap justify-end w-full md:w-7\/12 lg:w-1\/2 md:justify-center\">\n                <div class=\"flex flex-col gap-3 md:gap-[18px] md:transparent pt-16 pb-36 md:py-8 px-4 w-full md:max-w-[620px] mx-auto px-8\">\n\n                    <h1 class=\"hero-heading\"><span>Styrelserapport 2026<\/span><\/h1>\n\n                                            <p class=\"mt-4 max-w-[48ch] text-red\">\n                            H\u00e4r uppdaterar v\u00e5ra medlems- och samarbetsorganisationer sina styrelseuppgifter f\u00f6r 2026. Uppgifterna anv\u00e4nds f\u00f6r att vi p\u00e5 ABF S\u00f6dert\u00f6rn ska kunna n\u00e5 r\u00e4tt personer och ge er r\u00e4tt st\u00f6d i v\u00e5rt samarbete.\n                        <\/p>\n                    \n                                    <\/div>\n            <\/div>\n        <\/div>\n\n        \n\n                    <figure class=\"absolute bottom-0  md:w-1\/2 transform right-0 translate-x-10 md:translate-x-32\">\n                <img decoding=\"async\"\n                    alt=\"\"\n                    aria-hidden=\"true\"\n                    class=\"h-auto w-full\"\n                    role=\"presentation\"\n                    src=\"\/assets\/images\/two_circles_bottom.svg\"\n                >\n            <\/figure>\n            <\/div>\n\n    <\/div>\n\n<div\n    class=\"acf-article-facts-block article-container  my-8 \"\n    data-block=\"article-facts-block\"\n>\n<div class=\"bg-teal-light border border-teal p-8 rounded-corners-sm\">\n<header>\n        <h2 class=\"heading-md text-teal-dark mb-3\">\n            \n        <\/h2>\n    <\/header>\n    <div class=\"wysiwyg\">\n        <p data-start=\"1689\" data-end=\"1819\">Formul\u00e4ret best\u00e5r av sex avsnitt. Du b\u00f6rjar med att fylla i uppgifter om organisationen. D\u00e4refter ber vi om kontaktuppgifter till:<\/p>\n<ul data-start=\"1822\" data-end=\"1984\">\n<li data-start=\"1822\" data-end=\"1836\">\n<p data-start=\"1824\" data-end=\"1836\">ordf\u00f6rande<\/p>\n<\/li>\n<li data-start=\"1839\" data-end=\"1849\">\n<p data-start=\"1841\" data-end=\"1849\">kass\u00f6r<\/p>\n<\/li>\n<li data-start=\"1852\" data-end=\"1867\">\n<p data-start=\"1854\" data-end=\"1867\">sekreterare<\/p>\n<\/li>\n<li data-start=\"1870\" data-end=\"1892\">\n<p data-start=\"1872\" data-end=\"1892\">ABFs kontaktperson<\/p>\n<\/li>\n<li data-start=\"1895\" data-end=\"1952\">\n<p data-start=\"1897\" data-end=\"1952\">eventuell hemsides- och\/eller marknadsf\u00f6ringsansvarig<\/p>\n<\/li>\n<li data-start=\"1955\" data-end=\"1984\">\n<p data-start=\"1957\" data-end=\"1984\">eventuell studieorganisat\u00f6r<\/p>\n<\/li>\n<\/ul>\n\n    <\/div>\n<\/div>\n\n<\/div>\n<div\n    class=\"acf-article-cta-link-block article-container my-8\"\n    data-block=\"article-cta-link-block\"\n>\n<div>\n    <a class=\"inline-flex flex-row items-center gap-4 text-link underline text-red-dark\"\n        href=\"https:\/\/forms.microsoft.com\/pages\/responsepage.aspx?id=wFwFk5ly40uJZxzPObTydxux7CFez4RMqVkvHuCayBhUMzhRM0E5TE1MSEQxWkhUS1lUNzhNUFMzWS4u&amp;route=shorturl\"\n                target=\"_blank\"\n            >\n        <span class=\"\">\n        Till formul\u00e4ret \u2013 Styrelserapport till ABF S\u00f6dert\u00f6rn\n        <\/span>\n        <figure aria-hidden=\"true\" class=\"rounded-full bg-red-dark w-8 h-8 p-1 text-white\">\n            <svg width=\"20\" height=\"20\" viewBox=\"0 0 20 20\" fill=\"none\" class=\"SvgIconElement\">\n<path d=\"M4.16659 10L15.8333 10\" stroke=\"currentColor\"\/>\n<path d=\"M9.99992 4.1665L15.8333 9.99984L9.99992 15.8332\" stroke=\"currentColor\"\/>\n<\/svg>\n        <\/figure>\n    <\/a>\n<\/div>\n<\/div>\n<div\n    class=\"acf-article-text-block article-container my-12\"\n    data-block=\"article-text-block\"\n>\n    <div class=\"wysiwyg\">\n        <h2>Har du fr\u00e5gor?<\/h2>\n<p>H\u00f6r av dig till <a href=\"mailto:foreningar.sodertorn@abf.se\">foreningar.sodertorn@abf.se<\/a>.<\/p>\n\n    <\/div>\n<\/div>\n","protected":false},"excerpt":{"rendered":"","protected":false},"author":59,"featured_media":0,"parent":0,"menu_order":0,"comment_status":"closed","ping_status":"closed","template":"","meta":{"_acf_changed":false,"footnotes":""},"class_list":["post-2890","page","type-page","status-publish","hentry"],"acf":[],"yoast_head":"<!-- This site is optimized with the Yoast SEO plugin v27.0 - https:\/\/yoast.com\/product\/yoast-seo-wordpress\/ -->\n<title>Styrelserapport - S\u00f6dert\u00f6rn<\/title>\n<meta name=\"robots\" content=\"index, follow, max-snippet:-1, max-image-preview:large, max-video-preview:-1\" \/>\n<link rel=\"canonical\" href=\"https:\/\/www.abf.se\/sodertorn\/styrelserapport\/\" \/>\n<meta property=\"og:locale\" content=\"sv_SE\" \/>\n<meta property=\"og:type\" content=\"article\" \/>\n<meta property=\"og:title\" content=\"Styrelserapport - S\u00f6dert\u00f6rn\" \/>\n<meta property=\"og:url\" content=\"https:\/\/www.abf.se\/sodertorn\/styrelserapport\/\" \/>\n<meta property=\"og:site_name\" content=\"S\u00f6dert\u00f6rn\" \/>\n<meta property=\"article:modified_time\" content=\"2026-01-21T16:13:52+00:00\" \/>\n<meta property=\"og:image\" content=\"https:\/\/www.abf.se\/wp-content\/uploads\/sites\/49\/2024\/04\/Nyckeln-liggande-scaled.jpg\" \/>\n\t<meta property=\"og:image:width\" content=\"2560\" \/>\n\t<meta property=\"og:image:height\" content=\"1440\" \/>\n\t<meta property=\"og:image:type\" content=\"image\/jpeg\" \/>\n<meta name=\"twitter:card\" content=\"summary_large_image\" \/>\n<script type=\"application\/ld+json\" class=\"yoast-schema-graph\">{\"@context\":\"https:\/\/schema.org\",\"@graph\":[{\"@type\":\"WebPage\",\"@id\":\"https:\/\/www.abf.se\/sodertorn\/styrelserapport\/\",\"url\":\"https:\/\/www.abf.se\/sodertorn\/styrelserapport\/\",\"name\":\"Styrelserapport - S\u00f6dert\u00f6rn\",\"isPartOf\":{\"@id\":\"https:\/\/www.abf.se\/sodertorn\/#website\"},\"datePublished\":\"2026-01-13T16:52:35+00:00\",\"dateModified\":\"2026-01-21T16:13:52+00:00\",\"breadcrumb\":{\"@id\":\"https:\/\/www.abf.se\/sodertorn\/styrelserapport\/#breadcrumb\"},\"inLanguage\":\"sv-SE\",\"potentialAction\":[{\"@type\":\"ReadAction\",\"target\":[\"https:\/\/www.abf.se\/sodertorn\/styrelserapport\/\"]}]},{\"@type\":\"BreadcrumbList\",\"@id\":\"https:\/\/www.abf.se\/sodertorn\/styrelserapport\/#breadcrumb\",\"itemListElement\":[{\"@type\":\"ListItem\",\"position\":1,\"name\":\"Home\",\"item\":\"https:\/\/www.abf.se\/sodertorn\/\"},{\"@type\":\"ListItem\",\"position\":2,\"name\":\"Styrelserapport\"}]},{\"@type\":\"WebSite\",\"@id\":\"https:\/\/www.abf.se\/sodertorn\/#website\",\"url\":\"https:\/\/www.abf.se\/sodertorn\/\",\"name\":\"S\u00f6dert\u00f6rn\",\"description\":\"\",\"potentialAction\":[{\"@type\":\"SearchAction\",\"target\":{\"@type\":\"EntryPoint\",\"urlTemplate\":\"https:\/\/www.abf.se\/sodertorn\/?s={search_term_string}\"},\"query-input\":{\"@type\":\"PropertyValueSpecification\",\"valueRequired\":true,\"valueName\":\"search_term_string\"}}],\"inLanguage\":\"sv-SE\"}]}<\/script>\n<!-- \/ Yoast SEO plugin. -->","yoast_head_json":{"title":"Styrelserapport - S\u00f6dert\u00f6rn","robots":{"index":"index","follow":"follow","max-snippet":"max-snippet:-1","max-image-preview":"max-image-preview:large","max-video-preview":"max-video-preview:-1"},"canonical":"https:\/\/www.abf.se\/sodertorn\/styrelserapport\/","og_locale":"sv_SE","og_type":"article","og_title":"Styrelserapport - S\u00f6dert\u00f6rn","og_url":"https:\/\/www.abf.se\/sodertorn\/styrelserapport\/","og_site_name":"S\u00f6dert\u00f6rn","article_modified_time":"2026-01-21T16:13:52+00:00","og_image":[{"width":2560,"height":1440,"url":"https:\/\/www.abf.se\/wp-content\/uploads\/sites\/49\/2024\/04\/Nyckeln-liggande-scaled.jpg","type":"image\/jpeg"}],"twitter_card":"summary_large_image","schema":{"@context":"https:\/\/schema.org","@graph":[{"@type":"WebPage","@id":"https:\/\/www.abf.se\/sodertorn\/styrelserapport\/","url":"https:\/\/www.abf.se\/sodertorn\/styrelserapport\/","name":"Styrelserapport - S\u00f6dert\u00f6rn","isPartOf":{"@id":"https:\/\/www.abf.se\/sodertorn\/#website"},"datePublished":"2026-01-13T16:52:35+00:00","dateModified":"2026-01-21T16:13:52+00:00","breadcrumb":{"@id":"https:\/\/www.abf.se\/sodertorn\/styrelserapport\/#breadcrumb"},"inLanguage":"sv-SE","potentialAction":[{"@type":"ReadAction","target":["https:\/\/www.abf.se\/sodertorn\/styrelserapport\/"]}]},{"@type":"BreadcrumbList","@id":"https:\/\/www.abf.se\/sodertorn\/styrelserapport\/#breadcrumb","itemListElement":[{"@type":"ListItem","position":1,"name":"Home","item":"https:\/\/www.abf.se\/sodertorn\/"},{"@type":"ListItem","position":2,"name":"Styrelserapport"}]},{"@type":"WebSite","@id":"https:\/\/www.abf.se\/sodertorn\/#website","url":"https:\/\/www.abf.se\/sodertorn\/","name":"S\u00f6dert\u00f6rn","description":"","potentialAction":[{"@type":"SearchAction","target":{"@type":"EntryPoint","urlTemplate":"https:\/\/www.abf.se\/sodertorn\/?s={search_term_string}"},"query-input":{"@type":"PropertyValueSpecification","valueRequired":true,"valueName":"search_term_string"}}],"inLanguage":"sv-SE"}]}},"_links":{"self":[{"href":"https:\/\/www.abf.se\/sodertorn\/wp-json\/wp\/v2\/pages\/2890","targetHints":{"allow":["GET"]}}],"collection":[{"href":"https:\/\/www.abf.se\/sodertorn\/wp-json\/wp\/v2\/pages"}],"about":[{"href":"https:\/\/www.abf.se\/sodertorn\/wp-json\/wp\/v2\/types\/page"}],"author":[{"embeddable":true,"href":"https:\/\/www.abf.se\/sodertorn\/wp-json\/wp\/v2\/users\/59"}],"replies":[{"embeddable":true,"href":"https:\/\/www.abf.se\/sodertorn\/wp-json\/wp\/v2\/comments?post=2890"}],"version-history":[{"count":15,"href":"https:\/\/www.abf.se\/sodertorn\/wp-json\/wp\/v2\/pages\/2890\/revisions"}],"predecessor-version":[{"id":2936,"href":"https:\/\/www.abf.se\/sodertorn\/wp-json\/wp\/v2\/pages\/2890\/revisions\/2936"}],"wp:attachment":[{"href":"https:\/\/www.abf.se\/sodertorn\/wp-json\/wp\/v2\/media?parent=2890"}],"curies":[{"name":"wp","href":"https:\/\/api.w.org\/{rel}","templated":true}]}}