{"id":396,"date":"2024-04-04T16:18:32","date_gmt":"2024-04-04T14:18:32","guid":{"rendered":"https:\/\/www.abf.se\/sodertorn\/?page_id=396"},"modified":"2025-10-14T10:12:17","modified_gmt":"2025-10-14T08:12:17","slug":"for-cirkelledare","status":"publish","type":"page","link":"https:\/\/www.abf.se\/sodertorn\/for-cirkelledare\/","title":{"rendered":"F\u00f6r cirkelledare"},"content":{"rendered":"<div\n    class=\"acf-hero-block container-lg no-padding mb-12 js-geolocation\"\n    data-block=\"hero-block\"\n    data-index=\"0\"\n>\n    <div class=\"h-[548px]  relative rounded-[32px] overflow-hidden flex bg-gray-light\">\n        <div class=\"relative z-10 mt-auto h-auto w-full md:h-full\">\n            <div class=\"flex w-full h-full flex-col flex-wrap justify-end w-full md:w-7\/12 lg:w-1\/2 md:justify-center\">\n                <div class=\"flex flex-col gap-3 md:gap-[18px] md:transparent pt-16 pb-36 md:py-8 px-4 w-full md:max-w-[620px] mx-auto px-8\">\n\n                    <h1 class=\"hero-heading\"><span>F\u00f6r cirkelledare<\/span><\/h1>\n\n                    \n                                    <\/div>\n            <\/div>\n        <\/div>\n\n                    <picture class=\"as-background-image mix-blend-multiply bg-black\/40\"><img decoding=\"async\" src=\"https:\/\/www.abf.se\/sodertorn\/resized\/?url=https%3A%2F%2Fwww.abf.se%2Fwp-content%2Fuploads%2F2023%2F11%2Fcare-for-u-2_foto-istock_IMGP.jpg&#038;fit=crop&#038;w=1440&#038;s=cf8b1238689feeb81061ba34ddfae111\" srcset=\"https:\/\/www.abf.se\/sodertorn\/resized\/?url=https%3A%2F%2Fwww.abf.se%2Fwp-content%2Fuploads%2F2023%2F11%2Fcare-for-u-2_foto-istock_IMGP.jpg&#038;fit=crop&#038;w=375&#038;h=540&#038;s=5466f9cb5f77b303e130177b1b2deef0 375w, https:\/\/www.abf.se\/sodertorn\/resized\/?url=https%3A%2F%2Fwww.abf.se%2Fwp-content%2Fuploads%2F2023%2F11%2Fcare-for-u-2_foto-istock_IMGP.jpg&#038;fit=crop&#038;w=447&#038;h=540&#038;s=99661b6ff22ac871a9729ec60b76c5d1 447w, https:\/\/www.abf.se\/sodertorn\/resized\/?url=https%3A%2F%2Fwww.abf.se%2Fwp-content%2Fuploads%2F2023%2F11%2Fcare-for-u-2_foto-istock_IMGP.jpg&#038;fit=crop&#038;w=519&#038;h=540&#038;s=63512d64138bb90ac4ba51bedde1c384 519w, https:\/\/www.abf.se\/sodertorn\/resized\/?url=https%3A%2F%2Fwww.abf.se%2Fwp-content%2Fuploads%2F2023%2F11%2Fcare-for-u-2_foto-istock_IMGP.jpg&#038;fit=crop&#038;w=591&#038;h=540&#038;s=9f47c4f5ff63a3f9c06ac2c171bd4dff 591w, https:\/\/www.abf.se\/sodertorn\/resized\/?url=https%3A%2F%2Fwww.abf.se%2Fwp-content%2Fuploads%2F2023%2F11%2Fcare-for-u-2_foto-istock_IMGP.jpg&#038;fit=crop&#038;w=663&#038;h=540&#038;s=3b2d1f8f4cd35fd2ea3c651d4748c2f5 663w, https:\/\/www.abf.se\/sodertorn\/resized\/?url=https%3A%2F%2Fwww.abf.se%2Fwp-content%2Fuploads%2F2023%2F11%2Fcare-for-u-2_foto-istock_IMGP.jpg&#038;fit=crop&#038;w=750&#038;h=540&#038;s=c7870209726a7817c2974aa3309801a2 750w, https:\/\/www.abf.se\/sodertorn\/resized\/?url=https%3A%2F%2Fwww.abf.se%2Fwp-content%2Fuploads%2F2023%2F11%2Fcare-for-u-2_foto-istock_IMGP.jpg&#038;fit=crop&#038;w=894&#038;h=540&#038;s=3a2650032bc23977f65550da127424fe 894w, https:\/\/www.abf.se\/sodertorn\/resized\/?url=https%3A%2F%2Fwww.abf.se%2Fwp-content%2Fuploads%2F2023%2F11%2Fcare-for-u-2_foto-istock_IMGP.jpg&#038;fit=crop&#038;w=1038&#038;h=540&#038;s=ce9ee93c717d8f3da1192d4c88dac392 1038w, https:\/\/www.abf.se\/sodertorn\/resized\/?url=https%3A%2F%2Fwww.abf.se%2Fwp-content%2Fuploads%2F2023%2F11%2Fcare-for-u-2_foto-istock_IMGP.jpg&#038;fit=crop&#038;w=1182&#038;h=540&#038;s=c96d52dfc48b8af9ea4d3cda4fac04fd 1182w, https:\/\/www.abf.se\/sodertorn\/resized\/?url=https%3A%2F%2Fwww.abf.se%2Fwp-content%2Fuploads%2F2023%2F11%2Fcare-for-u-2_foto-istock_IMGP.jpg&#038;fit=crop&#038;w=1326&#038;h=540&#038;s=1a20a3455c70455e94da69c3fa4d4b54 1326w, https:\/\/www.abf.se\/sodertorn\/resized\/?url=https%3A%2F%2Fwww.abf.se%2Fwp-content%2Fuploads%2F2023%2F11%2Fcare-for-u-2_foto-istock_IMGP.jpg&#038;fit=crop&#038;w=1440&#038;h=540&#038;s=43404830cf0ea2f1f4ad052260555ca0 1440w\" alt=\"\" height=\"540\" width=\"1440\" sizes=\"(max-width: 1440px) calc(100vw - 32px), 1440px\" loading=\"eager\" fetchpriority=\"high\" aria-hidden=\"true\" role=\"presentation\" \/><\/picture>\n        \n\n            <\/div>\n\n    <\/div>\n\n<div\n    class=\"acf-plain-heading-block container my-16\"\n    data-block=\"plain-heading-block\"\n>\n    <div class=\"max-w-[658px] mx-auto\">\n                            <p class=\"mt-8 body-xl text-black\">\n                P\u00e5 dessa sidor har vi samlat information f\u00f6r dig som \u00e4r cirkelledare inom ABF S\u00f6dert\u00f6rns studieprogram och hos v\u00e5ra anslutna f\u00f6reningar och grupper. H\u00e4r hittar du allt fr\u00e5n pedagogiska tips och verktyg, information om utbildningar, samt blanketter och guider f\u00f6r rapporteringen av din studiecirkel.\n            <\/p>\n            <\/div>\n<\/div>\n<div\n    class=\"acf-quick-link-block bg-red py-12 md:py-20\"\n    data-block=\"quick-link-block\"\n>\n    <div class=\"container\">\n                    <h2 class=\"heading-lg mb-7 text-center text-white\">\n                Sidor f\u00f6r cirkelledare inom ABF S\u00f6dert\u00f6rn\n            <\/h2>\n        \n        <div\n            class=\"px-5 content:px-0 grid grid-cols-1 gap-8 md:grid-cols-2 lg:grid-cols-4\">\n            \n            <article\nclass=\"round-corners-sm p-6 relative group grid grid-rows-[subgrid] row-[span_3] gap-4 bg-white text-red\"\n>\n            <h3\n        class=\"heading-sm group-hover:underline text-red\">\n            <a href=\"https:\/\/www.abf.se\/sodertorn\/resurser-for-cirkelledare\/\" class=\"expanded-hit-area\" target=\"\">\n                Resurser och st\u00f6d f\u00f6r cirkelledare\n            <\/a>\n        <\/h3>\n                <p class=\"body-md text-gray-text\">\n            H\u00e4r har vi samlat resurser och st\u00f6d till dig som \u00e4r cirkelledare, s\u00e5som pedagogiska verktyg, underlag och checklistor f\u00f6r din studiecirkel eller kurs i samarbete med ABF S\u00f6dert\u00f6rn.\n        <\/p>\n        <figure\n    class=\"w-[38px] h-[38px] rounded-full p-2 group-hover:scale-110 transition-transform duration-300 self-end pointer-events-none bg-red text-white\">\n        <svg width=\"20\" height=\"20\" viewBox=\"0 0 20 20\" fill=\"none\" class=\"SvgIconElement\">\n<path d=\"M4.16659 10L15.8333 10\" stroke=\"currentColor\"\/>\n<path d=\"M9.99992 4.1665L15.8333 9.99984L9.99992 15.8332\" stroke=\"currentColor\"\/>\n<\/svg>\n    <\/figure>\n<\/article>            \n            <article\nclass=\"round-corners-sm p-6 relative group grid grid-rows-[subgrid] row-[span_3] gap-4 bg-white text-red\"\n>\n            <h3\n        class=\"heading-sm group-hover:underline text-red\">\n            <a href=\"https:\/\/www.abf.se\/sodertorn\/utbildningar-for-ledare-och-foreningar\/\" class=\"expanded-hit-area\" target=\"\">\n                Utbildningar f\u00f6r cirkelledare och f\u00f6reningar\n            <\/a>\n        <\/h3>\n                <p class=\"body-md text-gray-text\">\n            ABF S\u00f6dert\u00f6rn erbjuder kompetensutveckling inom ledarskap, cirkelpedagogik och f\u00f6reningsarbete. Dessa utbildningar riktar sig till dig som \u00e4r eller vill bli cirkelledare eller \u00e4r aktiv inom en f\u00f6rening. H\u00e4r kan du l\u00e4sa mer om utbildningarna och anm\u00e4la dig till kommande kurstillf\u00e4llen.\n        <\/p>\n        <figure\n    class=\"w-[38px] h-[38px] rounded-full p-2 group-hover:scale-110 transition-transform duration-300 self-end pointer-events-none bg-red text-white\">\n        <svg width=\"20\" height=\"20\" viewBox=\"0 0 20 20\" fill=\"none\" class=\"SvgIconElement\">\n<path d=\"M4.16659 10L15.8333 10\" stroke=\"currentColor\"\/>\n<path d=\"M9.99992 4.1665L15.8333 9.99984L9.99992 15.8332\" stroke=\"currentColor\"\/>\n<\/svg>\n    <\/figure>\n<\/article>            \n            <article\nclass=\"round-corners-sm p-6 relative group grid grid-rows-[subgrid] row-[span_3] gap-4 bg-white text-red\"\n>\n            <h3\n        class=\"heading-sm group-hover:underline text-red\">\n            <a href=\"https:\/\/www.abf.se\/sodertorn\/for-cirkelledare\/starta-studiecirkel\/\" class=\"expanded-hit-area\" target=\"\">\n                Starta studiecirkel\n            <\/a>\n        <\/h3>\n                <p class=\"body-md text-gray-text\">\n            Som cirkelledare \u00e4r du en viktig kugge i det st\u00e4ndigt p\u00e5g\u00e5ende folkbildningsarbetet hos ABF. H\u00e4r kan du l\u00e4sa mer om v\u00e5r introduktion till nya ledare. V\u00e4lkommen till ABF!\n        <\/p>\n        <figure\n    class=\"w-[38px] h-[38px] rounded-full p-2 group-hover:scale-110 transition-transform duration-300 self-end pointer-events-none bg-red text-white\">\n        <svg width=\"20\" height=\"20\" viewBox=\"0 0 20 20\" fill=\"none\" class=\"SvgIconElement\">\n<path d=\"M4.16659 10L15.8333 10\" stroke=\"currentColor\"\/>\n<path d=\"M9.99992 4.1665L15.8333 9.99984L9.99992 15.8332\" stroke=\"currentColor\"\/>\n<\/svg>\n    <\/figure>\n<\/article>            \n            <article\nclass=\"round-corners-sm p-6 relative group grid grid-rows-[subgrid] row-[span_3] gap-4 bg-white text-red\"\n>\n            <h3\n        class=\"heading-sm group-hover:underline text-red\">\n            <a href=\"https:\/\/www.abf.se\/sodertorn\/for-cirkelledare\/bli-cirkelledare-inom-abf-sodertorns-studieprogram\/\" class=\"expanded-hit-area\" target=\"\">\n                Bli cirkelledare inom kursprogrammet f\u00f6r allm\u00e4nheten\n            <\/a>\n        <\/h3>\n                <p class=\"body-md text-gray-text\">\n            Vi \u00e4r st\u00e4ndigt intresserade av att utveckla och bredda v\u00e5rt utbud av studiecirklar och kurser i v\u00e5ra fem kommuner \u2013 Haninge, Tyres\u00f6, Nyn\u00e4shamn, Botkyrka och Salem.  H\u00e4r hittar du information om vad uppdraget inneb\u00e4r, vilka \u00e4mnen vi just nu s\u00f6ker ledare till, samt formul\u00e4r f\u00f6r att skicka in en intresseanm\u00e4lan.\n        <\/p>\n        <figure\n    class=\"w-[38px] h-[38px] rounded-full p-2 group-hover:scale-110 transition-transform duration-300 self-end pointer-events-none bg-red text-white\">\n        <svg width=\"20\" height=\"20\" viewBox=\"0 0 20 20\" fill=\"none\" class=\"SvgIconElement\">\n<path d=\"M4.16659 10L15.8333 10\" stroke=\"currentColor\"\/>\n<path d=\"M9.99992 4.1665L15.8333 9.99984L9.99992 15.8332\" stroke=\"currentColor\"\/>\n<\/svg>\n    <\/figure>\n<\/article>                    <\/div>\n    <\/div>\n<\/div>\n<div\n    class=\"acf-article-text-block article-container my-12\"\n    data-block=\"article-text-block\"\n>\n    <div class=\"wysiwyg\">\n        <h2>Har du fr\u00e5gor?<\/h2>\n<p>Tveka inte att kontakta oss om du beh\u00f6ver mer information eller har fr\u00e5gor.<\/p>\n\n    <\/div>\n<\/div>\n<ul\n    class=\"acf-article-accordion-block accordion-group grid gap-4 my-12 article-container\"\n    data-block=\"article-accordion-block \"\n    data-ui-accordion-group\n>\n\n            <li class=\"accordion\" data-ui-accordion data-ui-accordion-open=\"false\">\n        <h3>\n        <button data-ui-accordion-button class=\"accordion-toggle font-bold\" aria-expanded=\"false\" aria-controls=\"row-kontakt-0\" id=\"kontakt-0\">\n            Kontakt\n            \n            <figure class=\"w-4.5 h-4.5\" aria-hidden=\"true\">\n            <svg width=\"20\" height=\"20\" viewBox=\"0 0 20 20\" fill=\"none\"\nclass=\"SvgIconElement\">\n<path d=\"M15.8333 7.16667L9.99992 13L4.16659 7.16667\" stroke=\"currentColor\"\/>\n<\/svg>\n            <\/figure>\n        <\/button>\n        \n                <\/h3>\n        <div class=\"accordion-content\">\n            <div id=\"row-kontakt-0\" role=\"region\" class=\"accordion-content-wrap\" aria-labelledby=\"kontakt-0\">\n                                                <div class=\"grid md:grid-cols-3 gap-y-10 mt-10\">\n                        \n                                                        <div class=\"contact flex flex-col gap-3\">\n                                <div class=\"md:max-w-[160px]\">\n                                    \n                                <\/div>\n                                <div class=\"\">\n                                    <h4 class=\"heading-lg\">ABF S\u00f6dert\u00f6rn<\/h4>\n                                    <p class=\"body-md\"><\/p>\n                                                                    <\/div>\n                                                                <div class=\"flex gap flex-col label-md gap-1\">\n                                                                        <div class=\"flex gap-3\">\n                                        <svg width=\"20\" height=\"20\" viewBox=\"0 0 20 20\" fill=\"none\" xmlns=\"http:\/\/www.w3.org\/2000\/svg\">\n<path d=\"M16.625 17.5C14.8333 17.5 13.0868 17.1007 11.3854 16.3021C9.68403 15.5035 8.17708 14.4479 6.86458 13.1354C5.55208 11.8229 4.49653 10.316 3.69792 8.61458C2.89931 6.91319 2.5 5.16667 2.5 3.375C2.5 3.125 2.58333 2.91667 2.75 2.75C2.91667 2.58333 3.125 2.5 3.375 2.5H6.75C6.94444 2.5 7.11806 2.5625 7.27083 2.6875C7.42361 2.8125 7.51389 2.97222 7.54167 3.16667L8.08333 6.08333C8.11111 6.27778 8.10764 6.45486 8.07292 6.61458C8.03819 6.77431 7.95833 6.91667 7.83333 7.04167L5.8125 9.08333C6.39583 10.0833 7.12847 11.0208 8.01042 11.8958C8.89236 12.7708 9.86111 13.5278 10.9167 14.1667L12.875 12.2083C13 12.0833 13.1632 11.9896 13.3646 11.9271C13.566 11.8646 13.7639 11.8472 13.9583 11.875L16.8333 12.4583C17.0278 12.5 17.1875 12.5938 17.3125 12.7396C17.4375 12.8854 17.5 13.0556 17.5 13.25V16.625C17.5 16.875 17.4167 17.0833 17.25 17.25C17.0833 17.4167 16.875 17.5 16.625 17.5ZM5.02083 7.5L6.39583 6.125L6.04167 4.16667H4.1875C4.25694 4.73611 4.35417 5.29861 4.47917 5.85417C4.60417 6.40972 4.78472 6.95833 5.02083 7.5ZM15.8333 15.7917V13.9583L13.875 13.5625L12.4792 14.9583C13.0208 15.1944 13.5729 15.3819 14.1354 15.5208C14.6979 15.6597 15.2639 15.75 15.8333 15.7917Z\" fill=\"black\"\/>\n<\/svg>\n                                        <p>\n                                                                                                                               <a href=\"callto:08-556 520 30\">08-556 520 30<\/a>\n                                                                                                                                     <\/p>\n                                    <\/div>\n                                                                                                            <div class=\"flex gap-3\">\n                                        <svg width=\"20\" height=\"20\" viewBox=\"0 0 20 20\" fill=\"none\" xmlns=\"http:\/\/www.w3.org\/2000\/svg\">\n<path d=\"M3.33366 16.6666C2.87533 16.6666 2.48296 16.5035 2.15658 16.1771C1.83019 15.8507 1.66699 15.4583 1.66699 15V4.99998C1.66699 4.54165 1.83019 4.14929 2.15658 3.8229C2.48296 3.49651 2.87533 3.33331 3.33366 3.33331H16.667C17.1253 3.33331 17.5177 3.49651 17.8441 3.8229C18.1705 4.14929 18.3337 4.54165 18.3337 4.99998V15C18.3337 15.4583 18.1705 15.8507 17.8441 16.1771C17.5177 16.5035 17.1253 16.6666 16.667 16.6666H3.33366ZM16.667 6.66665L10.4378 10.5625C10.3684 10.6041 10.2955 10.6354 10.2191 10.6562C10.1427 10.6771 10.0698 10.6875 10.0003 10.6875C9.93088 10.6875 9.85797 10.6771 9.78158 10.6562C9.70519 10.6354 9.63227 10.6041 9.56283 10.5625L3.33366 6.66665V15H16.667V6.66665ZM10.0003 9.16665L16.667 4.99998H3.33366L10.0003 9.16665ZM3.33366 6.87498V5.64581V5.66665V5.65623V6.87498Z\" fill=\"black\"\/>\n<\/svg>\n                                        <p><a href=\"mailto:info.sodertorn@abf.se\">info.sodertorn@abf.se<\/a><\/p>\n                                    <\/div>\n                                                                    <\/div>\n                                                            <\/div>\n                                            <\/div>\n                                        <\/div>\n        <\/div>\n    <\/li>\n    <\/ul>\n","protected":false},"excerpt":{"rendered":"","protected":false},"author":59,"featured_media":0,"parent":0,"menu_order":0,"comment_status":"closed","ping_status":"closed","template":"","meta":{"_acf_changed":false,"footnotes":""},"class_list":["post-396","page","type-page","status-publish","hentry"],"acf":[],"yoast_head":"<!-- This site is optimized with the Yoast SEO plugin v27.0 - https:\/\/yoast.com\/product\/yoast-seo-wordpress\/ -->\n<title>F\u00f6r cirkelledare - S\u00f6dert\u00f6rn<\/title>\n<meta name=\"robots\" content=\"index, follow, max-snippet:-1, max-image-preview:large, max-video-preview:-1\" \/>\n<link rel=\"canonical\" href=\"https:\/\/www.abf.se\/sodertorn\/for-cirkelledare\/\" \/>\n<meta property=\"og:locale\" content=\"sv_SE\" \/>\n<meta property=\"og:type\" content=\"article\" \/>\n<meta property=\"og:title\" content=\"F\u00f6r cirkelledare - S\u00f6dert\u00f6rn\" \/>\n<meta property=\"og:url\" content=\"https:\/\/www.abf.se\/sodertorn\/for-cirkelledare\/\" \/>\n<meta property=\"og:site_name\" content=\"S\u00f6dert\u00f6rn\" \/>\n<meta property=\"article:modified_time\" content=\"2025-10-14T08:12:17+00:00\" \/>\n<meta property=\"og:image\" content=\"https:\/\/www.abf.se\/wp-content\/uploads\/sites\/49\/2024\/04\/Nyckeln-liggande-scaled.jpg\" \/>\n\t<meta property=\"og:image:width\" content=\"2560\" \/>\n\t<meta property=\"og:image:height\" content=\"1440\" \/>\n\t<meta property=\"og:image:type\" content=\"image\/jpeg\" \/>\n<meta name=\"twitter:card\" content=\"summary_large_image\" \/>\n<script type=\"application\/ld+json\" class=\"yoast-schema-graph\">{\"@context\":\"https:\/\/schema.org\",\"@graph\":[{\"@type\":\"WebPage\",\"@id\":\"https:\/\/www.abf.se\/sodertorn\/for-cirkelledare\/\",\"url\":\"https:\/\/www.abf.se\/sodertorn\/for-cirkelledare\/\",\"name\":\"F\u00f6r cirkelledare - S\u00f6dert\u00f6rn\",\"isPartOf\":{\"@id\":\"https:\/\/www.abf.se\/sodertorn\/#website\"},\"datePublished\":\"2024-04-04T14:18:32+00:00\",\"dateModified\":\"2025-10-14T08:12:17+00:00\",\"breadcrumb\":{\"@id\":\"https:\/\/www.abf.se\/sodertorn\/for-cirkelledare\/#breadcrumb\"},\"inLanguage\":\"sv-SE\",\"potentialAction\":[{\"@type\":\"ReadAction\",\"target\":[\"https:\/\/www.abf.se\/sodertorn\/for-cirkelledare\/\"]}]},{\"@type\":\"BreadcrumbList\",\"@id\":\"https:\/\/www.abf.se\/sodertorn\/for-cirkelledare\/#breadcrumb\",\"itemListElement\":[{\"@type\":\"ListItem\",\"position\":1,\"name\":\"Home\",\"item\":\"https:\/\/www.abf.se\/sodertorn\/\"},{\"@type\":\"ListItem\",\"position\":2,\"name\":\"F\u00f6r cirkelledare\"}]},{\"@type\":\"WebSite\",\"@id\":\"https:\/\/www.abf.se\/sodertorn\/#website\",\"url\":\"https:\/\/www.abf.se\/sodertorn\/\",\"name\":\"S\u00f6dert\u00f6rn\",\"description\":\"\",\"potentialAction\":[{\"@type\":\"SearchAction\",\"target\":{\"@type\":\"EntryPoint\",\"urlTemplate\":\"https:\/\/www.abf.se\/sodertorn\/?s={search_term_string}\"},\"query-input\":{\"@type\":\"PropertyValueSpecification\",\"valueRequired\":true,\"valueName\":\"search_term_string\"}}],\"inLanguage\":\"sv-SE\"}]}<\/script>\n<!-- \/ Yoast SEO plugin. -->","yoast_head_json":{"title":"F\u00f6r cirkelledare - S\u00f6dert\u00f6rn","robots":{"index":"index","follow":"follow","max-snippet":"max-snippet:-1","max-image-preview":"max-image-preview:large","max-video-preview":"max-video-preview:-1"},"canonical":"https:\/\/www.abf.se\/sodertorn\/for-cirkelledare\/","og_locale":"sv_SE","og_type":"article","og_title":"F\u00f6r cirkelledare - S\u00f6dert\u00f6rn","og_url":"https:\/\/www.abf.se\/sodertorn\/for-cirkelledare\/","og_site_name":"S\u00f6dert\u00f6rn","article_modified_time":"2025-10-14T08:12:17+00:00","og_image":[{"width":2560,"height":1440,"url":"https:\/\/www.abf.se\/wp-content\/uploads\/sites\/49\/2024\/04\/Nyckeln-liggande-scaled.jpg","type":"image\/jpeg"}],"twitter_card":"summary_large_image","schema":{"@context":"https:\/\/schema.org","@graph":[{"@type":"WebPage","@id":"https:\/\/www.abf.se\/sodertorn\/for-cirkelledare\/","url":"https:\/\/www.abf.se\/sodertorn\/for-cirkelledare\/","name":"F\u00f6r cirkelledare - S\u00f6dert\u00f6rn","isPartOf":{"@id":"https:\/\/www.abf.se\/sodertorn\/#website"},"datePublished":"2024-04-04T14:18:32+00:00","dateModified":"2025-10-14T08:12:17+00:00","breadcrumb":{"@id":"https:\/\/www.abf.se\/sodertorn\/for-cirkelledare\/#breadcrumb"},"inLanguage":"sv-SE","potentialAction":[{"@type":"ReadAction","target":["https:\/\/www.abf.se\/sodertorn\/for-cirkelledare\/"]}]},{"@type":"BreadcrumbList","@id":"https:\/\/www.abf.se\/sodertorn\/for-cirkelledare\/#breadcrumb","itemListElement":[{"@type":"ListItem","position":1,"name":"Home","item":"https:\/\/www.abf.se\/sodertorn\/"},{"@type":"ListItem","position":2,"name":"F\u00f6r cirkelledare"}]},{"@type":"WebSite","@id":"https:\/\/www.abf.se\/sodertorn\/#website","url":"https:\/\/www.abf.se\/sodertorn\/","name":"S\u00f6dert\u00f6rn","description":"","potentialAction":[{"@type":"SearchAction","target":{"@type":"EntryPoint","urlTemplate":"https:\/\/www.abf.se\/sodertorn\/?s={search_term_string}"},"query-input":{"@type":"PropertyValueSpecification","valueRequired":true,"valueName":"search_term_string"}}],"inLanguage":"sv-SE"}]}},"_links":{"self":[{"href":"https:\/\/www.abf.se\/sodertorn\/wp-json\/wp\/v2\/pages\/396","targetHints":{"allow":["GET"]}}],"collection":[{"href":"https:\/\/www.abf.se\/sodertorn\/wp-json\/wp\/v2\/pages"}],"about":[{"href":"https:\/\/www.abf.se\/sodertorn\/wp-json\/wp\/v2\/types\/page"}],"author":[{"embeddable":true,"href":"https:\/\/www.abf.se\/sodertorn\/wp-json\/wp\/v2\/users\/59"}],"replies":[{"embeddable":true,"href":"https:\/\/www.abf.se\/sodertorn\/wp-json\/wp\/v2\/comments?post=396"}],"version-history":[{"count":27,"href":"https:\/\/www.abf.se\/sodertorn\/wp-json\/wp\/v2\/pages\/396\/revisions"}],"predecessor-version":[{"id":2707,"href":"https:\/\/www.abf.se\/sodertorn\/wp-json\/wp\/v2\/pages\/396\/revisions\/2707"}],"wp:attachment":[{"href":"https:\/\/www.abf.se\/sodertorn\/wp-json\/wp\/v2\/media?parent=396"}],"curies":[{"name":"wp","href":"https:\/\/api.w.org\/{rel}","templated":true}]}}