{"id":857,"date":"2024-04-15T17:11:36","date_gmt":"2024-04-15T15:11:36","guid":{"rendered":"https:\/\/www.abf.se\/sodertorn\/?page_id=857"},"modified":"2024-04-25T17:19:40","modified_gmt":"2024-04-25T15:19:40","slug":"rapportera-narvaro","status":"publish","type":"page","link":"https:\/\/www.abf.se\/sodertorn\/for-cirkelledare\/resurser-for-cirkelledare\/rapportera-narvaro\/","title":{"rendered":"Rapportera n\u00e4rvaro"},"content":{"rendered":"<div\n    class=\"acf-article-text-block article-container my-12\"\n    data-block=\"article-text-block\"\n>\n    <div class=\"wysiwyg\">\n        \n    <\/div>\n<\/div>\n<div class=\"container-lg mb-6\">\n    <div class=\"md:pl-6 flex flex-row gap-1 items-center mt-6 body-m flex-wrap gap-y-2\">\n<span class=\"flex flex-row gap items-center gap-x-1\">\n         <a class=\"label-sm md:label-md text-red-dark font-[350] underline\" href=\"https:\/\/www.abf.se\/sodertorn\/\"\n        >\n        Hem\n    <\/a>\n\n<\/span>\n<span class=\"flex flex-row gap items-center gap-x-1\">\n         <svg width=\"14\" height=\"15\" viewBox=\"0 0 14 15\" fill=\"none\" xmlns=\"http:\/\/www.w3.org\/2000\/svg\">\n<g id=\"fi:arrow-up\">\n<path id=\"Vector\" d=\"M5.01823 3.41669L9.10156 7.50002L5.01823 11.5834\" stroke=\"#909090\"\/>\n<\/g>\n<\/svg>\n\n        <a class=\"label-sm md:label-md text-red-dark font-[350] underline\" href=\"https:\/\/www.abf.se\/sodertorn\/for-cirkelledare\/\"\n        >\n        F\u00f6r cirkelledare\n    <\/a>\n\n<\/span>\n<span class=\"flex flex-row gap items-center gap-x-1\">\n         <svg width=\"14\" height=\"15\" viewBox=\"0 0 14 15\" fill=\"none\" xmlns=\"http:\/\/www.w3.org\/2000\/svg\">\n<g id=\"fi:arrow-up\">\n<path id=\"Vector\" d=\"M5.01823 3.41669L9.10156 7.50002L5.01823 11.5834\" stroke=\"#909090\"\/>\n<\/g>\n<\/svg>\n\n        <a class=\"label-sm md:label-md text-red-dark font-[350] underline\" href=\"https:\/\/www.abf.se\/sodertorn\/for-cirkelledare\/resurser-for-cirkelledare\/\"\n        >\n        Resurser f\u00f6r cirkelledare\n    <\/a>\n\n<\/span>\n<span class=\"flex flex-row gap items-center gap-x-1\">\n         <svg width=\"14\" height=\"15\" viewBox=\"0 0 14 15\" fill=\"none\" xmlns=\"http:\/\/www.w3.org\/2000\/svg\">\n<g id=\"fi:arrow-up\">\n<path id=\"Vector\" d=\"M5.01823 3.41669L9.10156 7.50002L5.01823 11.5834\" stroke=\"#909090\"\/>\n<\/g>\n<\/svg>\n\n        <a class=\"label-sm md:label-md text-red-dark font-[350] font-medium\" href=\"\"\n         aria-current=\"page\" >\n        Rapportera n\u00e4rvaro\n    <\/a>\n\n<\/span>\n<\/div><\/div>\n<div\n    class=\"acf-plain-heading-block container my-16\"\n    data-block=\"plain-heading-block\"\n>\n    <div class=\"max-w-[658px] mx-auto\">\n                <h1 class=\"hero-heading\"><span>Rapportera n\u00e4rvaro<\/span><\/h1>\n                            <p class=\"mt-8 body-xl text-black\">\n                Det \u00e4r viktigt att du rapporterar! N\u00e4r du leder en studiecirkel eller en kurs hos ABF ska du rapportera n\u00e4rvaro f\u00f6r dig och dina cirkeldeltagare.\n            <\/p>\n            <\/div>\n<\/div>\n\n\n<div\n    class=\"acf-article-cta-link-block article-container my-8\"\n    data-block=\"article-cta-link-block\"\n>\n<div>\n    <a class=\"inline-flex flex-row items-center gap-4 text-link underline text-red-dark\"\n        href=\"https:\/\/arretjanst.abf.se\/\"\n                target=\"_blank\"\n            >\n        <span class=\"\">\n        Rapportera h\u00e4r!\n        <\/span>\n        <figure aria-hidden=\"true\" class=\"rounded-full bg-red-dark w-8 h-8 p-1 text-white\">\n            <svg width=\"20\" height=\"20\" viewBox=\"0 0 20 20\" fill=\"none\" class=\"SvgIconElement\">\n<path d=\"M4.16659 10L15.8333 10\" stroke=\"currentColor\"\/>\n<path d=\"M9.99992 4.1665L15.8333 9.99984L9.99992 15.8332\" stroke=\"currentColor\"\/>\n<\/svg>\n        <\/figure>\n    <\/a>\n<\/div>\n<\/div>\n\n\n<div\n    class=\"acf-article-cta-link-block article-container my-8\"\n    data-block=\"article-cta-link-block\"\n>\n<div>\n    <a class=\"inline-flex flex-row items-center gap-4 text-link underline text-red-dark\"\n        href=\"https:\/\/www.abf.se\/wp-content\/uploads\/2024\/03\/abfs-e-tjanst-kort-lathund.pdf\"\n                target=\"_blank\"\n            >\n        <span class=\"\">\n        Manual f\u00f6r rapportering (PDF)\n        <\/span>\n        <figure aria-hidden=\"true\" class=\"rounded-full bg-red-dark w-8 h-8 p-1 text-white\">\n            <svg width=\"20\" height=\"20\" viewBox=\"0 0 20 20\" fill=\"none\" class=\"SvgIconElement\">\n<path d=\"M4.16659 10L15.8333 10\" stroke=\"currentColor\"\/>\n<path d=\"M9.99992 4.1665L15.8333 9.99984L9.99992 15.8332\" stroke=\"currentColor\"\/>\n<\/svg>\n        <\/figure>\n    <\/a>\n<\/div>\n<\/div>\n\n\n<div\n    class=\"acf-article-text-block article-container my-12\"\n    data-block=\"article-text-block\"\n>\n    <div class=\"wysiwyg\">\n        <p><iframe loading=\"lazy\" title=\"Jacke Sj\u00f6din anv\u00e4nder e tjansten\" width=\"500\" height=\"281\" src=\"https:\/\/www.youtube.com\/embed\/S0aUnSA3k50?feature=oembed\" frameborder=\"0\" allow=\"accelerometer; autoplay; clipboard-write; encrypted-media; gyroscope; picture-in-picture; web-share\" referrerpolicy=\"strict-origin-when-cross-origin\" allowfullscreen><\/iframe><\/p>\n\n    <\/div>\n<\/div>\n\n\n<div\n    class=\"acf-article-text-block article-container my-12\"\n    data-block=\"article-text-block\"\n>\n    <div class=\"wysiwyg\">\n        <h2>Rapportera n\u00e4rvaro till ABF<\/h2>\n<p>Du f\u00e5r en <a href=\"https:\/\/arretjanst.abf.se\/\" target=\"_blank\" rel=\"noopener\">digital n\u00e4rvarolista<\/a>, s\u00e5 kallad e-lista av ABF. Du har den enkelt med dig i din mobiltelefon, dator eller surfplatta.<\/p>\n<h3>S\u00e5 h\u00e4r g\u00f6r du:<\/h3>\n<ul>\n<li>Du g\u00e5r in p\u00e5 din <a href=\"https:\/\/arretjanst.abf.se\/\" target=\"_blank\" rel=\"noopener\">digitala n\u00e4rvarolista<\/a>.<\/li>\n<li>P\u00e5 den digitala n\u00e4rvarolistan markerar du deltagarnas n\u00e4rvaro efter varje tr\u00e4ff. Efter avslutad cirkel ska listan signeras.<\/li>\n<li>F\u00f6rsta g\u00e5ngen du \u00f6ppnar ett arrangemang f\u00e5r du upp ett f\u00f6nster med villkor som ska godk\u00e4nnas.<\/li>\n<li>F\u00e5r du l\u00f6n fr\u00e5n ABF f\u00f6r att du leder cirkeln f\u00e5r du ocks\u00e5 upp dina anst\u00e4llningsvillkor<\/li>\n<li>Om du beh\u00f6ver en <a href=\"https:\/\/www.abf.se\/wp-content\/uploads\/2024\/03\/abfs-e-tjanst-kort-lathund.pdf\" target=\"_blank\" rel=\"noopener\">manual finns den tillg\u00e4nglig h\u00e4r!<\/a> (PDF)<\/li>\n<\/ul>\n\n    <\/div>\n<\/div>\n","protected":false},"excerpt":{"rendered":"","protected":false},"author":59,"featured_media":0,"parent":684,"menu_order":0,"comment_status":"closed","ping_status":"closed","template":"","meta":{"_acf_changed":false,"footnotes":""},"class_list":["post-857","page","type-page","status-publish","hentry"],"acf":[],"yoast_head":"<!-- This site is optimized with the Yoast SEO plugin v27.0 - https:\/\/yoast.com\/product\/yoast-seo-wordpress\/ -->\n<title>Rapportera n\u00e4rvaro - S\u00f6dert\u00f6rn<\/title>\n<meta name=\"robots\" content=\"index, follow, max-snippet:-1, max-image-preview:large, max-video-preview:-1\" \/>\n<link rel=\"canonical\" href=\"https:\/\/www.abf.se\/sodertorn\/for-cirkelledare\/resurser-for-cirkelledare\/rapportera-narvaro\/\" \/>\n<meta property=\"og:locale\" content=\"sv_SE\" \/>\n<meta property=\"og:type\" content=\"article\" \/>\n<meta property=\"og:title\" content=\"Rapportera n\u00e4rvaro - S\u00f6dert\u00f6rn\" \/>\n<meta property=\"og:url\" content=\"https:\/\/www.abf.se\/sodertorn\/for-cirkelledare\/resurser-for-cirkelledare\/rapportera-narvaro\/\" \/>\n<meta property=\"og:site_name\" content=\"S\u00f6dert\u00f6rn\" \/>\n<meta property=\"article:modified_time\" content=\"2024-04-25T15:19:40+00:00\" \/>\n<meta property=\"og:image\" content=\"https:\/\/www.abf.se\/wp-content\/uploads\/sites\/49\/2024\/04\/Nyckeln-liggande-scaled.jpg\" \/>\n\t<meta property=\"og:image:width\" content=\"2560\" \/>\n\t<meta property=\"og:image:height\" content=\"1440\" \/>\n\t<meta property=\"og:image:type\" content=\"image\/jpeg\" \/>\n<meta name=\"twitter:card\" content=\"summary_large_image\" \/>\n<script type=\"application\/ld+json\" class=\"yoast-schema-graph\">{\"@context\":\"https:\/\/schema.org\",\"@graph\":[{\"@type\":\"WebPage\",\"@id\":\"https:\/\/www.abf.se\/sodertorn\/for-cirkelledare\/resurser-for-cirkelledare\/rapportera-narvaro\/\",\"url\":\"https:\/\/www.abf.se\/sodertorn\/for-cirkelledare\/resurser-for-cirkelledare\/rapportera-narvaro\/\",\"name\":\"Rapportera n\u00e4rvaro - S\u00f6dert\u00f6rn\",\"isPartOf\":{\"@id\":\"https:\/\/www.abf.se\/sodertorn\/#website\"},\"datePublished\":\"2024-04-15T15:11:36+00:00\",\"dateModified\":\"2024-04-25T15:19:40+00:00\",\"breadcrumb\":{\"@id\":\"https:\/\/www.abf.se\/sodertorn\/for-cirkelledare\/resurser-for-cirkelledare\/rapportera-narvaro\/#breadcrumb\"},\"inLanguage\":\"sv-SE\",\"potentialAction\":[{\"@type\":\"ReadAction\",\"target\":[\"https:\/\/www.abf.se\/sodertorn\/for-cirkelledare\/resurser-for-cirkelledare\/rapportera-narvaro\/\"]}]},{\"@type\":\"BreadcrumbList\",\"@id\":\"https:\/\/www.abf.se\/sodertorn\/for-cirkelledare\/resurser-for-cirkelledare\/rapportera-narvaro\/#breadcrumb\",\"itemListElement\":[{\"@type\":\"ListItem\",\"position\":1,\"name\":\"Home\",\"item\":\"https:\/\/www.abf.se\/sodertorn\/\"},{\"@type\":\"ListItem\",\"position\":2,\"name\":\"F\u00f6r cirkelledare\",\"item\":\"https:\/\/www.abf.se\/sodertorn\/for-cirkelledare\/\"},{\"@type\":\"ListItem\",\"position\":3,\"name\":\"Resurser f\u00f6r cirkelledare\",\"item\":\"https:\/\/www.abf.se\/sodertorn\/for-cirkelledare\/resurser-for-cirkelledare\/\"},{\"@type\":\"ListItem\",\"position\":4,\"name\":\"Rapportera n\u00e4rvaro\"}]},{\"@type\":\"WebSite\",\"@id\":\"https:\/\/www.abf.se\/sodertorn\/#website\",\"url\":\"https:\/\/www.abf.se\/sodertorn\/\",\"name\":\"S\u00f6dert\u00f6rn\",\"description\":\"\",\"potentialAction\":[{\"@type\":\"SearchAction\",\"target\":{\"@type\":\"EntryPoint\",\"urlTemplate\":\"https:\/\/www.abf.se\/sodertorn\/?s={search_term_string}\"},\"query-input\":{\"@type\":\"PropertyValueSpecification\",\"valueRequired\":true,\"valueName\":\"search_term_string\"}}],\"inLanguage\":\"sv-SE\"}]}<\/script>\n<!-- \/ Yoast SEO plugin. -->","yoast_head_json":{"title":"Rapportera n\u00e4rvaro - S\u00f6dert\u00f6rn","robots":{"index":"index","follow":"follow","max-snippet":"max-snippet:-1","max-image-preview":"max-image-preview:large","max-video-preview":"max-video-preview:-1"},"canonical":"https:\/\/www.abf.se\/sodertorn\/for-cirkelledare\/resurser-for-cirkelledare\/rapportera-narvaro\/","og_locale":"sv_SE","og_type":"article","og_title":"Rapportera n\u00e4rvaro - S\u00f6dert\u00f6rn","og_url":"https:\/\/www.abf.se\/sodertorn\/for-cirkelledare\/resurser-for-cirkelledare\/rapportera-narvaro\/","og_site_name":"S\u00f6dert\u00f6rn","article_modified_time":"2024-04-25T15:19:40+00:00","og_image":[{"width":2560,"height":1440,"url":"https:\/\/www.abf.se\/wp-content\/uploads\/sites\/49\/2024\/04\/Nyckeln-liggande-scaled.jpg","type":"image\/jpeg"}],"twitter_card":"summary_large_image","schema":{"@context":"https:\/\/schema.org","@graph":[{"@type":"WebPage","@id":"https:\/\/www.abf.se\/sodertorn\/for-cirkelledare\/resurser-for-cirkelledare\/rapportera-narvaro\/","url":"https:\/\/www.abf.se\/sodertorn\/for-cirkelledare\/resurser-for-cirkelledare\/rapportera-narvaro\/","name":"Rapportera n\u00e4rvaro - S\u00f6dert\u00f6rn","isPartOf":{"@id":"https:\/\/www.abf.se\/sodertorn\/#website"},"datePublished":"2024-04-15T15:11:36+00:00","dateModified":"2024-04-25T15:19:40+00:00","breadcrumb":{"@id":"https:\/\/www.abf.se\/sodertorn\/for-cirkelledare\/resurser-for-cirkelledare\/rapportera-narvaro\/#breadcrumb"},"inLanguage":"sv-SE","potentialAction":[{"@type":"ReadAction","target":["https:\/\/www.abf.se\/sodertorn\/for-cirkelledare\/resurser-for-cirkelledare\/rapportera-narvaro\/"]}]},{"@type":"BreadcrumbList","@id":"https:\/\/www.abf.se\/sodertorn\/for-cirkelledare\/resurser-for-cirkelledare\/rapportera-narvaro\/#breadcrumb","itemListElement":[{"@type":"ListItem","position":1,"name":"Home","item":"https:\/\/www.abf.se\/sodertorn\/"},{"@type":"ListItem","position":2,"name":"F\u00f6r cirkelledare","item":"https:\/\/www.abf.se\/sodertorn\/for-cirkelledare\/"},{"@type":"ListItem","position":3,"name":"Resurser f\u00f6r cirkelledare","item":"https:\/\/www.abf.se\/sodertorn\/for-cirkelledare\/resurser-for-cirkelledare\/"},{"@type":"ListItem","position":4,"name":"Rapportera n\u00e4rvaro"}]},{"@type":"WebSite","@id":"https:\/\/www.abf.se\/sodertorn\/#website","url":"https:\/\/www.abf.se\/sodertorn\/","name":"S\u00f6dert\u00f6rn","description":"","potentialAction":[{"@type":"SearchAction","target":{"@type":"EntryPoint","urlTemplate":"https:\/\/www.abf.se\/sodertorn\/?s={search_term_string}"},"query-input":{"@type":"PropertyValueSpecification","valueRequired":true,"valueName":"search_term_string"}}],"inLanguage":"sv-SE"}]}},"_links":{"self":[{"href":"https:\/\/www.abf.se\/sodertorn\/wp-json\/wp\/v2\/pages\/857","targetHints":{"allow":["GET"]}}],"collection":[{"href":"https:\/\/www.abf.se\/sodertorn\/wp-json\/wp\/v2\/pages"}],"about":[{"href":"https:\/\/www.abf.se\/sodertorn\/wp-json\/wp\/v2\/types\/page"}],"author":[{"embeddable":true,"href":"https:\/\/www.abf.se\/sodertorn\/wp-json\/wp\/v2\/users\/59"}],"replies":[{"embeddable":true,"href":"https:\/\/www.abf.se\/sodertorn\/wp-json\/wp\/v2\/comments?post=857"}],"version-history":[{"count":3,"href":"https:\/\/www.abf.se\/sodertorn\/wp-json\/wp\/v2\/pages\/857\/revisions"}],"predecessor-version":[{"id":1314,"href":"https:\/\/www.abf.se\/sodertorn\/wp-json\/wp\/v2\/pages\/857\/revisions\/1314"}],"up":[{"embeddable":true,"href":"https:\/\/www.abf.se\/sodertorn\/wp-json\/wp\/v2\/pages\/684"}],"wp:attachment":[{"href":"https:\/\/www.abf.se\/sodertorn\/wp-json\/wp\/v2\/media?parent=857"}],"curies":[{"name":"wp","href":"https:\/\/api.w.org\/{rel}","templated":true}]}}