{"id":992,"date":"2024-04-22T16:00:02","date_gmt":"2024-04-22T14:00:02","guid":{"rendered":"https:\/\/www.abf.se\/sodertorn\/?page_id=992"},"modified":"2025-05-07T10:37:14","modified_gmt":"2025-05-07T08:37:14","slug":"anmala-kulturprogram","status":"publish","type":"page","link":"https:\/\/www.abf.se\/sodertorn\/foreningar-och-grupper\/resurser-foreningar\/anmala-kulturprogram\/","title":{"rendered":"Anm\u00e4la kulturprogram"},"content":{"rendered":"<div\n    class=\"acf-hero-block container-lg no-padding mb-12 js-geolocation\"\n    data-block=\"hero-block\"\n    data-index=\"0\"\n>\n    <div class=\"h-[548px]  relative rounded-[32px] overflow-hidden flex bg-gray-light\">\n        <div class=\"relative z-10 mt-auto h-auto w-full md:h-full\">\n            <div class=\"flex w-full h-full flex-col flex-wrap justify-end w-full md:w-7\/12 lg:w-1\/2 md:justify-center\">\n                <div class=\"flex flex-col gap-3 md:gap-[18px] md:transparent pt-16 pb-36 md:py-8 px-4 w-full md:max-w-[620px] mx-auto px-8\">\n\n                    <h1 class=\"hero-heading\"><span>Anm\u00e4la kulturprogram<\/span><\/h1>\n\n                    \n                                    <\/div>\n            <\/div>\n        <\/div>\n\n        \n\n                    <figure class=\"absolute bottom-0  md:w-1\/2 transform right-0 translate-x-10 md:translate-x-32\">\n                <img decoding=\"async\"\n                    alt=\"\"\n                    aria-hidden=\"true\"\n                    class=\"h-auto w-full\"\n                    role=\"presentation\"\n                    src=\"\/assets\/images\/two_circles_bottom.svg\"\n                >\n            <\/figure>\n            <\/div>\n\n    <\/div>\n\n<div\n    class=\"acf-plain-heading-block container my-16\"\n    data-block=\"plain-heading-block\"\n>\n    <div class=\"max-w-[658px] mx-auto\">\n                            <p class=\"mt-8 body-xl text-black\">\n                Har ni planerat ett kulturprogram tillsammans med oss p\u00e5 ABF S\u00f6dert\u00f6rn? Kom ih\u00e5g att skicka in underlaget med uppgifter i s\u00e5 god tid som m\u00f6jligt f\u00f6re det datum som arrangemanget \u00e4r t\u00e4nkt att \u00e4ga rum.\n            <\/p>\n            <\/div>\n<\/div>\n<div\n    class=\"acf-article-text-block article-container my-12\"\n    data-block=\"article-text-block\"\n>\n    <div class=\"wysiwyg\">\n        <h2>Vad \u00e4r ett kulturprogram?<\/h2>\n<p>Kulturprogram \u00e4r arrangemang som genomf\u00f6rs framf\u00f6r publik. Det kan vara f\u00f6rel\u00e4sningar, teaterf\u00f6rest\u00e4llningar, konserter, debatter och seminarier, dansf\u00f6rest\u00e4llningar, filmvisningar eller utst\u00e4llningar.<\/p>\n<p>Kulturprogram ska vara \u00f6ppna f\u00f6r allm\u00e4nheten och annonseras i f\u00f6rv\u00e4g.\u00a0ABFs roll som samarrang\u00f6r ska tydligt framg\u00e5 s\u00e5v\u00e4l i inbjudan som i sj\u00e4lva genomf\u00f6randet av programmet.<\/p>\n<h2>Det h\u00e4r kan ABF S\u00f6dert\u00f6rn hj\u00e4lpa till med<\/h2>\n<p>H\u00e4r \u00e4r exempel p\u00e5 s\u00e5dant som ABF S\u00f6dert\u00f6rn kan hj\u00e4lpa till med. Kontakta oss f\u00f6r mer information.<\/p>\n<ul>\n<li>Marknadsf\u00f6ringsst\u00f6d \u2013 l\u00e4s mer:\u00a0<a href=\"https:\/\/www.abf.se\/sodertorn\/foreningar-och-grupper\/resurser-for-foreningar-och-grupper\/marknadsfor-era-arrangemang-via-abf\/\">Marknadsf\u00f6r era arrangemang via ABF<\/a><\/li>\n<li>Lokaler och utrustning<\/li>\n<li>Kontakter och n\u00e4tverk<\/li>\n<li>F\u00f6rs\u00e4kring<\/li>\n<li>Arrang\u00f6rskap<\/li>\n<\/ul>\n<h2>Anm\u00e4l ett nytt kulturprogram \u2013 g\u00f6r s\u00e5 h\u00e4r!<\/h2>\n<p>N\u00e4r ni b\u00f6rjar planera f\u00f6r ett kulturprogram, h\u00f6r av er till oss p\u00e5 ABF S\u00f6dert\u00f6rn. Fyll i formul\u00e4ret via l\u00e4nken nedan och beskriv uppl\u00e4gget s\u00e5 kontaktar vi er inom kort. Observera att det inte \u00e4r m\u00f6jligt att anm\u00e4la arrangemang i efterhand.<\/p>\n\n    <\/div>\n<\/div>\n<div\n    class=\"acf-article-cta-link-block article-container my-8\"\n    data-block=\"article-cta-link-block\"\n>\n<div>\n    <a class=\"inline-flex flex-row items-center gap-4 text-link underline text-red-dark\"\n        href=\"https:\/\/www.abf.se\/sodertorn\/formular-anmal-ett-nytt-kulturprogram\/\"\n            >\n        <span class=\"\">\n        Formul\u00e4r: Anm\u00e4l ett nytt kulturprogram\n        <\/span>\n        <figure aria-hidden=\"true\" class=\"rounded-full bg-red-dark w-8 h-8 p-1 text-white\">\n            <svg width=\"20\" height=\"20\" viewBox=\"0 0 20 20\" fill=\"none\" class=\"SvgIconElement\">\n<path d=\"M4.16659 10L15.8333 10\" stroke=\"currentColor\"\/>\n<path d=\"M9.99992 4.1665L15.8333 9.99984L9.99992 15.8332\" stroke=\"currentColor\"\/>\n<\/svg>\n        <\/figure>\n    <\/a>\n<\/div>\n<\/div>\n","protected":false},"excerpt":{"rendered":"","protected":false},"author":59,"featured_media":0,"parent":226,"menu_order":0,"comment_status":"closed","ping_status":"closed","template":"","meta":{"_acf_changed":false,"footnotes":""},"class_list":["post-992","page","type-page","status-publish","hentry"],"acf":[],"yoast_head":"<!-- This site is optimized with the Yoast SEO plugin v27.0 - https:\/\/yoast.com\/product\/yoast-seo-wordpress\/ -->\n<title>Anm\u00e4la kulturprogram - S\u00f6dert\u00f6rn<\/title>\n<meta name=\"robots\" content=\"index, follow, max-snippet:-1, max-image-preview:large, max-video-preview:-1\" \/>\n<link rel=\"canonical\" href=\"https:\/\/www.abf.se\/sodertorn\/foreningar-och-grupper\/resurser-foreningar\/anmala-kulturprogram\/\" \/>\n<meta property=\"og:locale\" content=\"sv_SE\" \/>\n<meta property=\"og:type\" content=\"article\" \/>\n<meta property=\"og:title\" content=\"Anm\u00e4la kulturprogram - S\u00f6dert\u00f6rn\" \/>\n<meta property=\"og:url\" content=\"https:\/\/www.abf.se\/sodertorn\/foreningar-och-grupper\/resurser-foreningar\/anmala-kulturprogram\/\" \/>\n<meta property=\"og:site_name\" content=\"S\u00f6dert\u00f6rn\" \/>\n<meta property=\"article:modified_time\" content=\"2025-05-07T08:37:14+00:00\" \/>\n<meta property=\"og:image\" content=\"https:\/\/www.abf.se\/wp-content\/uploads\/sites\/49\/2024\/04\/Nyckeln-liggande-scaled.jpg\" \/>\n\t<meta property=\"og:image:width\" content=\"2560\" \/>\n\t<meta property=\"og:image:height\" content=\"1440\" \/>\n\t<meta property=\"og:image:type\" content=\"image\/jpeg\" \/>\n<meta name=\"twitter:card\" content=\"summary_large_image\" \/>\n<script type=\"application\/ld+json\" class=\"yoast-schema-graph\">{\"@context\":\"https:\/\/schema.org\",\"@graph\":[{\"@type\":\"WebPage\",\"@id\":\"https:\/\/www.abf.se\/sodertorn\/foreningar-och-grupper\/resurser-foreningar\/anmala-kulturprogram\/\",\"url\":\"https:\/\/www.abf.se\/sodertorn\/foreningar-och-grupper\/resurser-foreningar\/anmala-kulturprogram\/\",\"name\":\"Anm\u00e4la kulturprogram - S\u00f6dert\u00f6rn\",\"isPartOf\":{\"@id\":\"https:\/\/www.abf.se\/sodertorn\/#website\"},\"datePublished\":\"2024-04-22T14:00:02+00:00\",\"dateModified\":\"2025-05-07T08:37:14+00:00\",\"breadcrumb\":{\"@id\":\"https:\/\/www.abf.se\/sodertorn\/foreningar-och-grupper\/resurser-foreningar\/anmala-kulturprogram\/#breadcrumb\"},\"inLanguage\":\"sv-SE\",\"potentialAction\":[{\"@type\":\"ReadAction\",\"target\":[\"https:\/\/www.abf.se\/sodertorn\/foreningar-och-grupper\/resurser-foreningar\/anmala-kulturprogram\/\"]}]},{\"@type\":\"BreadcrumbList\",\"@id\":\"https:\/\/www.abf.se\/sodertorn\/foreningar-och-grupper\/resurser-foreningar\/anmala-kulturprogram\/#breadcrumb\",\"itemListElement\":[{\"@type\":\"ListItem\",\"position\":1,\"name\":\"Home\",\"item\":\"https:\/\/www.abf.se\/sodertorn\/\"},{\"@type\":\"ListItem\",\"position\":2,\"name\":\"F\u00f6r f\u00f6reningar och grupper\",\"item\":\"https:\/\/www.abf.se\/sodertorn\/foreningar-och-grupper\/\"},{\"@type\":\"ListItem\",\"position\":3,\"name\":\"Resurser f\u00f6r f\u00f6reningar och grupper\",\"item\":\"https:\/\/www.abf.se\/sodertorn\/foreningar-och-grupper\/resurser-foreningar\/\"},{\"@type\":\"ListItem\",\"position\":4,\"name\":\"Anm\u00e4la kulturprogram\"}]},{\"@type\":\"WebSite\",\"@id\":\"https:\/\/www.abf.se\/sodertorn\/#website\",\"url\":\"https:\/\/www.abf.se\/sodertorn\/\",\"name\":\"S\u00f6dert\u00f6rn\",\"description\":\"\",\"potentialAction\":[{\"@type\":\"SearchAction\",\"target\":{\"@type\":\"EntryPoint\",\"urlTemplate\":\"https:\/\/www.abf.se\/sodertorn\/?s={search_term_string}\"},\"query-input\":{\"@type\":\"PropertyValueSpecification\",\"valueRequired\":true,\"valueName\":\"search_term_string\"}}],\"inLanguage\":\"sv-SE\"}]}<\/script>\n<!-- \/ Yoast SEO plugin. -->","yoast_head_json":{"title":"Anm\u00e4la kulturprogram - S\u00f6dert\u00f6rn","robots":{"index":"index","follow":"follow","max-snippet":"max-snippet:-1","max-image-preview":"max-image-preview:large","max-video-preview":"max-video-preview:-1"},"canonical":"https:\/\/www.abf.se\/sodertorn\/foreningar-och-grupper\/resurser-foreningar\/anmala-kulturprogram\/","og_locale":"sv_SE","og_type":"article","og_title":"Anm\u00e4la kulturprogram - S\u00f6dert\u00f6rn","og_url":"https:\/\/www.abf.se\/sodertorn\/foreningar-och-grupper\/resurser-foreningar\/anmala-kulturprogram\/","og_site_name":"S\u00f6dert\u00f6rn","article_modified_time":"2025-05-07T08:37:14+00:00","og_image":[{"width":2560,"height":1440,"url":"https:\/\/www.abf.se\/wp-content\/uploads\/sites\/49\/2024\/04\/Nyckeln-liggande-scaled.jpg","type":"image\/jpeg"}],"twitter_card":"summary_large_image","schema":{"@context":"https:\/\/schema.org","@graph":[{"@type":"WebPage","@id":"https:\/\/www.abf.se\/sodertorn\/foreningar-och-grupper\/resurser-foreningar\/anmala-kulturprogram\/","url":"https:\/\/www.abf.se\/sodertorn\/foreningar-och-grupper\/resurser-foreningar\/anmala-kulturprogram\/","name":"Anm\u00e4la kulturprogram - S\u00f6dert\u00f6rn","isPartOf":{"@id":"https:\/\/www.abf.se\/sodertorn\/#website"},"datePublished":"2024-04-22T14:00:02+00:00","dateModified":"2025-05-07T08:37:14+00:00","breadcrumb":{"@id":"https:\/\/www.abf.se\/sodertorn\/foreningar-och-grupper\/resurser-foreningar\/anmala-kulturprogram\/#breadcrumb"},"inLanguage":"sv-SE","potentialAction":[{"@type":"ReadAction","target":["https:\/\/www.abf.se\/sodertorn\/foreningar-och-grupper\/resurser-foreningar\/anmala-kulturprogram\/"]}]},{"@type":"BreadcrumbList","@id":"https:\/\/www.abf.se\/sodertorn\/foreningar-och-grupper\/resurser-foreningar\/anmala-kulturprogram\/#breadcrumb","itemListElement":[{"@type":"ListItem","position":1,"name":"Home","item":"https:\/\/www.abf.se\/sodertorn\/"},{"@type":"ListItem","position":2,"name":"F\u00f6r f\u00f6reningar och grupper","item":"https:\/\/www.abf.se\/sodertorn\/foreningar-och-grupper\/"},{"@type":"ListItem","position":3,"name":"Resurser f\u00f6r f\u00f6reningar och grupper","item":"https:\/\/www.abf.se\/sodertorn\/foreningar-och-grupper\/resurser-foreningar\/"},{"@type":"ListItem","position":4,"name":"Anm\u00e4la kulturprogram"}]},{"@type":"WebSite","@id":"https:\/\/www.abf.se\/sodertorn\/#website","url":"https:\/\/www.abf.se\/sodertorn\/","name":"S\u00f6dert\u00f6rn","description":"","potentialAction":[{"@type":"SearchAction","target":{"@type":"EntryPoint","urlTemplate":"https:\/\/www.abf.se\/sodertorn\/?s={search_term_string}"},"query-input":{"@type":"PropertyValueSpecification","valueRequired":true,"valueName":"search_term_string"}}],"inLanguage":"sv-SE"}]}},"_links":{"self":[{"href":"https:\/\/www.abf.se\/sodertorn\/wp-json\/wp\/v2\/pages\/992","targetHints":{"allow":["GET"]}}],"collection":[{"href":"https:\/\/www.abf.se\/sodertorn\/wp-json\/wp\/v2\/pages"}],"about":[{"href":"https:\/\/www.abf.se\/sodertorn\/wp-json\/wp\/v2\/types\/page"}],"author":[{"embeddable":true,"href":"https:\/\/www.abf.se\/sodertorn\/wp-json\/wp\/v2\/users\/59"}],"replies":[{"embeddable":true,"href":"https:\/\/www.abf.se\/sodertorn\/wp-json\/wp\/v2\/comments?post=992"}],"version-history":[{"count":14,"href":"https:\/\/www.abf.se\/sodertorn\/wp-json\/wp\/v2\/pages\/992\/revisions"}],"predecessor-version":[{"id":2408,"href":"https:\/\/www.abf.se\/sodertorn\/wp-json\/wp\/v2\/pages\/992\/revisions\/2408"}],"up":[{"embeddable":true,"href":"https:\/\/www.abf.se\/sodertorn\/wp-json\/wp\/v2\/pages\/226"}],"wp:attachment":[{"href":"https:\/\/www.abf.se\/sodertorn\/wp-json\/wp\/v2\/media?parent=992"}],"curies":[{"name":"wp","href":"https:\/\/api.w.org\/{rel}","templated":true}]}}