{"id":116,"date":"2024-04-15T14:55:44","date_gmt":"2024-04-15T12:55:44","guid":{"rendered":"https:\/\/www.abf.se\/sodra-smaland\/?page_id=116"},"modified":"2025-12-01T03:06:48","modified_gmt":"2025-12-01T02:06:48","slug":"projekt","status":"publish","type":"page","link":"https:\/\/www.abf.se\/sodra-smaland-kalmar\/projekt\/","title":{"rendered":"ABF S\u00f6dra Sm\u00e5land-Kalmars Projekt"},"content":{"rendered":"<div\n    class=\"acf-plain-heading-block container my-16\"\n    data-block=\"plain-heading-block\"\n>\n    <div class=\"max-w-[658px] mx-auto\">\n                <h1 class=\"hero-heading\"><span>ABF S\u00f6dra Sm\u00e5land-Kalmars Projekt<\/span><\/h1>\n                            <p class=\"mt-8 body-xl text-black\">\n                ABF S\u00f6dra Sm\u00e5land-Kalmar bedriver just nu tv\u00e5 olika projekt i samarbete med Allm\u00e4nna Arvsfonden d\u00e4r projekttiden \u00e4r tre \u00e5r. B\u00e5da projekten handlar om att f\u00e5nga upp och hj\u00e4lpa individer i samh\u00e4llet som av n\u00e5gon orsak \u00e4r i behov av st\u00f6d. Det kan vara allt fr\u00e5n att skapa m\u00f6ten mellan m\u00e4nniskor till samtalsst\u00f6d f\u00f6r n\u00e5gon med psykisk oh\u00e4lsa. \n            <\/p>\n            <\/div>\n<\/div>\n<div\n    class=\"acf-text-image-block container my-12 md:my-15\"\n    data-block=\"text-image-block\"\n>\n    <div\n    class=\"flex flex-col items-center md:flex-row gap-8 md:gap-0 justify-between\">\n                        <div class=\"w-full md:w-1\/2 md:order-2\">\n            <picture><img decoding=\"async\" src=\"https:\/\/www.abf.se\/sodra-smaland-kalmar\/resized\/?url=https%3A%2F%2Fwww.abf.se%2Fwp-content%2Fuploads%2Fsites%2F50%2F2024%2F04%2FBrobyggarna.png&#038;fit=crop&#038;w=578&#038;s=72432ccee67fbd1b660402d6119277b2\" srcset=\"https:\/\/www.abf.se\/sodra-smaland-kalmar\/resized\/?url=https%3A%2F%2Fwww.abf.se%2Fwp-content%2Fuploads%2Fsites%2F50%2F2024%2F04%2FBrobyggarna.png&#038;fit=crop&#038;w=144&#038;h=126&#038;s=0ef663b380384b020d12e0e812b96dfc 144w, https:\/\/www.abf.se\/sodra-smaland-kalmar\/resized\/?url=https%3A%2F%2Fwww.abf.se%2Fwp-content%2Fuploads%2Fsites%2F50%2F2024%2F04%2FBrobyggarna.png&#038;fit=crop&#038;w=240&#038;h=211&#038;s=b9e143fd208442d2cac4416a7c3a4102 240w, https:\/\/www.abf.se\/sodra-smaland-kalmar\/resized\/?url=https%3A%2F%2Fwww.abf.se%2Fwp-content%2Fuploads%2Fsites%2F50%2F2024%2F04%2FBrobyggarna.png&#038;fit=crop&#038;w=288&#038;h=253&#038;s=ee9f98d657b928abd0307cb41025147c 288w, https:\/\/www.abf.se\/sodra-smaland-kalmar\/resized\/?url=https%3A%2F%2Fwww.abf.se%2Fwp-content%2Fuploads%2Fsites%2F50%2F2024%2F04%2FBrobyggarna.png&#038;fit=crop&#038;w=336&#038;h=295&#038;s=cad3811e4083b334c1ba02dd14a0d86d 336w, https:\/\/www.abf.se\/sodra-smaland-kalmar\/resized\/?url=https%3A%2F%2Fwww.abf.se%2Fwp-content%2Fuploads%2Fsites%2F50%2F2024%2F04%2FBrobyggarna.png&#038;fit=crop&#038;w=432&#038;h=380&#038;s=5f3bdd3defa7c39b2c4abaa0f2a273b8 432w, https:\/\/www.abf.se\/sodra-smaland-kalmar\/resized\/?url=https%3A%2F%2Fwww.abf.se%2Fwp-content%2Fuploads%2Fsites%2F50%2F2024%2F04%2FBrobyggarna.png&#038;fit=crop&#038;w=480&#038;h=422&#038;s=55888857534ad7e31c235298ed1b4856 480w, https:\/\/www.abf.se\/sodra-smaland-kalmar\/resized\/?url=https%3A%2F%2Fwww.abf.se%2Fwp-content%2Fuploads%2Fsites%2F50%2F2024%2F04%2FBrobyggarna.png&#038;fit=crop&#038;w=528&#038;h=464&#038;s=3fc1f6b79ce5bcea163a2bd12b56cf7f 528w, https:\/\/www.abf.se\/sodra-smaland-kalmar\/resized\/?url=https%3A%2F%2Fwww.abf.se%2Fwp-content%2Fuploads%2Fsites%2F50%2F2024%2F04%2FBrobyggarna.png&#038;fit=crop&#038;w=578&#038;h=509&#038;s=a31c8c0c8c8b4550140523e81132a5bc 578w, https:\/\/www.abf.se\/sodra-smaland-kalmar\/resized\/?url=https%3A%2F%2Fwww.abf.se%2Fwp-content%2Fuploads%2Fsites%2F50%2F2024%2F04%2FBrobyggarna.png&#038;fit=crop&#038;w=672&#038;h=591&#038;s=feeff0bd498de358782d526befc98fd0 672w, https:\/\/www.abf.se\/sodra-smaland-kalmar\/resized\/?url=https%3A%2F%2Fwww.abf.se%2Fwp-content%2Fuploads%2Fsites%2F50%2F2024%2F04%2FBrobyggarna.png&#038;fit=crop&#038;w=864&#038;h=760&#038;s=12ddcccc24c8ffa35e589ed66ab90542 864w, https:\/\/www.abf.se\/sodra-smaland-kalmar\/resized\/?url=https%3A%2F%2Fwww.abf.se%2Fwp-content%2Fuploads%2Fsites%2F50%2F2024%2F04%2FBrobyggarna.png&#038;fit=crop&#038;w=1056&#038;h=929&#038;s=95b2c98db060be4cf2c2ad4b38b72b7b 1056w\" alt=\"\" height=\"509\" width=\"578\" sizes=\"auto, (max-width: 768px) 100vw,\n                (max-width: 1280px) 50vw, 578px\" loading=\"lazy\" fetchpriority=\"low\" \/><\/picture>\n\n        <\/div>\n        \n        <div class=\"w-full md:w-1\/2 md:order-1\">\n        <div class=\"mx-auto md:max-w-[368px]\">\n            <h2 class=\"heading-lg\">Brobyggarna<\/h2>\n            <div class=\"mb-6 mt-4 wysiwyg\">\n                <p>Projektet syftar till att synligg\u00f6ra och \u00f6verbrygga strukturer i samh\u00e4llet som inte gynnar personer med psykisk oh\u00e4lsa.<\/p>\n<p>Projektet fokuserar p\u00e5 att anpassa insatser efter individens vardag genom behovsbaserade metoder. Deltagarna involveras aktivt i sin \u00e5terh\u00e4mtningsprocess och blir f\u00f6rebilder i att minska isolering och stigma genom att dela sina erfarenheter med andra i studiecirklar och f\u00f6rel\u00e4sningsserier. M\u00e5lgruppen \u00e4r personer \u00f6ver 26 \u00e5r som upplever psykisk oh\u00e4lsa i kombination med neuropsykiatriska funktionsneds\u00e4ttningar (NPF). \u00c4ven personer inom HBTQI+ samt personer som lever med v\u00e5ld i n\u00e4ra relation.<\/p>\n<p>Ett viktigt m\u00e5l \u00e4r att skapa trygga relationer och utveckla st\u00f6djande strukturer f\u00f6r och med m\u00e5lgruppen. M\u00e5ls\u00e4ttningen \u00e4r dessutom att ge deltagarna m\u00f6jlighet att delta i olika p\u00e5verkansforum f\u00f6r att g\u00f6ra deras erfarenheter h\u00f6rda och fr\u00e4mja strukturella f\u00f6r\u00e4ndringar som fungerar.<\/p>\n<p>F\u00f6r mer information, kontakta projektledare Lena Klarefelt, 072-201 09 16<\/p>\n<p>Verksamhetsledare Kim Georgsson Heinwall, 073-022 18 86<\/p>\n\n            <\/div>\n                    <\/div>\n        <\/div>\n    <\/div>\n<\/div><div\n    class=\"acf-text-image-block container my-12 md:my-15\"\n    data-block=\"text-image-block\"\n>\n    <div\n    class=\"flex flex-col items-center md:flex-row gap-8 md:gap-0 justify-between\">\n                        <div class=\"w-full md:w-1\/2 md:order-2\">\n            <picture><img decoding=\"async\" src=\"https:\/\/www.abf.se\/sodra-smaland-kalmar\/resized\/?url=https%3A%2F%2Fwww.abf.se%2Fwp-content%2Fuploads%2Fsites%2F50%2F2024%2F04%2FKaffe__Va_nner.version21.png&#038;fit=crop&#038;w=578&#038;s=7a75b9c6ed4405f2aac923f4f2bb9281\" srcset=\"https:\/\/www.abf.se\/sodra-smaland-kalmar\/resized\/?url=https%3A%2F%2Fwww.abf.se%2Fwp-content%2Fuploads%2Fsites%2F50%2F2024%2F04%2FKaffe__Va_nner.version21.png&#038;fit=crop&#038;w=144&#038;h=126&#038;s=c43ab8eda310eec73f3bbd669e29a7fb 144w, https:\/\/www.abf.se\/sodra-smaland-kalmar\/resized\/?url=https%3A%2F%2Fwww.abf.se%2Fwp-content%2Fuploads%2Fsites%2F50%2F2024%2F04%2FKaffe__Va_nner.version21.png&#038;fit=crop&#038;w=240&#038;h=211&#038;s=7cec01284af15bcb49f27aa04e1cc606 240w, https:\/\/www.abf.se\/sodra-smaland-kalmar\/resized\/?url=https%3A%2F%2Fwww.abf.se%2Fwp-content%2Fuploads%2Fsites%2F50%2F2024%2F04%2FKaffe__Va_nner.version21.png&#038;fit=crop&#038;w=288&#038;h=253&#038;s=c99b3c77e73a0db4eb7ce5ecf97344ce 288w, https:\/\/www.abf.se\/sodra-smaland-kalmar\/resized\/?url=https%3A%2F%2Fwww.abf.se%2Fwp-content%2Fuploads%2Fsites%2F50%2F2024%2F04%2FKaffe__Va_nner.version21.png&#038;fit=crop&#038;w=336&#038;h=295&#038;s=c7d1f4018835bb21b5b7a194b5b74002 336w, https:\/\/www.abf.se\/sodra-smaland-kalmar\/resized\/?url=https%3A%2F%2Fwww.abf.se%2Fwp-content%2Fuploads%2Fsites%2F50%2F2024%2F04%2FKaffe__Va_nner.version21.png&#038;fit=crop&#038;w=432&#038;h=380&#038;s=0f4e94ca827ce01e861eac5564a40b0c 432w, https:\/\/www.abf.se\/sodra-smaland-kalmar\/resized\/?url=https%3A%2F%2Fwww.abf.se%2Fwp-content%2Fuploads%2Fsites%2F50%2F2024%2F04%2FKaffe__Va_nner.version21.png&#038;fit=crop&#038;w=480&#038;h=422&#038;s=ea21dbc89a64279625c6ee24c248f89d 480w, https:\/\/www.abf.se\/sodra-smaland-kalmar\/resized\/?url=https%3A%2F%2Fwww.abf.se%2Fwp-content%2Fuploads%2Fsites%2F50%2F2024%2F04%2FKaffe__Va_nner.version21.png&#038;fit=crop&#038;w=528&#038;h=464&#038;s=02af6384552799c3e11c71c47e0a262d 528w, https:\/\/www.abf.se\/sodra-smaland-kalmar\/resized\/?url=https%3A%2F%2Fwww.abf.se%2Fwp-content%2Fuploads%2Fsites%2F50%2F2024%2F04%2FKaffe__Va_nner.version21.png&#038;fit=crop&#038;w=578&#038;h=509&#038;s=f164783ea27f8a2f292e00d23f4423e5 578w, https:\/\/www.abf.se\/sodra-smaland-kalmar\/resized\/?url=https%3A%2F%2Fwww.abf.se%2Fwp-content%2Fuploads%2Fsites%2F50%2F2024%2F04%2FKaffe__Va_nner.version21.png&#038;fit=crop&#038;w=672&#038;h=591&#038;s=ce123dfb32678a1ce85daf684c3779d2 672w, https:\/\/www.abf.se\/sodra-smaland-kalmar\/resized\/?url=https%3A%2F%2Fwww.abf.se%2Fwp-content%2Fuploads%2Fsites%2F50%2F2024%2F04%2FKaffe__Va_nner.version21.png&#038;fit=crop&#038;w=864&#038;h=760&#038;s=3d727578a365223043c6040040515828 864w, https:\/\/www.abf.se\/sodra-smaland-kalmar\/resized\/?url=https%3A%2F%2Fwww.abf.se%2Fwp-content%2Fuploads%2Fsites%2F50%2F2024%2F04%2FKaffe__Va_nner.version21.png&#038;fit=crop&#038;w=1056&#038;h=929&#038;s=cccdde50717307c325676ccc1a52b1bc 1056w\" alt=\"\" height=\"509\" width=\"578\" sizes=\"auto, (max-width: 768px) 100vw,\n                (max-width: 1280px) 50vw, 578px\" loading=\"lazy\" fetchpriority=\"low\" \/><\/picture>\n\n        <\/div>\n        \n        <div class=\"w-full md:w-1\/2 md:order-1\">\n        <div class=\"mx-auto md:max-w-[368px]\">\n            <h2 class=\"heading-lg\">Kaffe och V\u00e4nner<\/h2>\n            <div class=\"mb-6 mt-4 wysiwyg\">\n                <p>Projektet ska utveckla en samverkansmodell med upps\u00f6kande verksamhet och en m\u00f6tesplats i Alvesta f\u00f6r \u00e4ldre fr\u00e5n 65 \u00e5r i syfte att motverka ofrivillig ensamhet.<\/p>\n<p>Den framtagna modellen ska beskriva hur man kan mobilisera och aktivera m\u00e5lgruppen f\u00f6r att gemensamt skapa meningsfulla aktiviteter och m\u00f6ten. Efter projekttiden ska verksamheten drivas vidare av ABF och projektets samarbetspartner.<\/p>\n<p>F\u00f6r mer information, kontakta projektledare Karin Ohlsson, 072-503 57 52<\/p>\n<p>Verksamhetsledare Sandra Nilson, 072-147 46 56<\/p>\n\n            <\/div>\n                    <\/div>\n        <\/div>\n    <\/div>\n<\/div><div\n    class=\"acf-article-image-block mb-12 article-container-lg\"\n    data-block=\"article-image-block\"\n>\n<div class=\"\">\n\n        <figure>\n        \n            <picture class=\"round-corners-lg w-full\"><img decoding=\"async\" src=\"https:\/\/www.abf.se\/sodra-smaland-kalmar\/resized\/?url=https%3A%2F%2Fwww.abf.se%2Fwp-content%2Fuploads%2Fsites%2F50%2F2024%2F04%2FArvsfonden_farg_-fyrkantig.png&#038;fit=contain&#038;w=788&#038;s=1533d4365066b4a770845ca463b3d6e0\" srcset=\"https:\/\/www.abf.se\/sodra-smaland-kalmar\/resized\/?url=https%3A%2F%2Fwww.abf.se%2Fwp-content%2Fuploads%2Fsites%2F50%2F2024%2F04%2FArvsfonden_farg_-fyrkantig.png&#038;fit=contain&#038;w=375&#038;h=374&#038;s=54ec21fd21de69be13ade18439bd768c 375w, https:\/\/www.abf.se\/sodra-smaland-kalmar\/resized\/?url=https%3A%2F%2Fwww.abf.se%2Fwp-content%2Fuploads%2Fsites%2F50%2F2024%2F04%2FArvsfonden_farg_-fyrkantig.png&#038;fit=contain&#038;w=447&#038;h=446&#038;s=f419a79ddf524f1c8f1889e1f60cc7d0 447w, https:\/\/www.abf.se\/sodra-smaland-kalmar\/resized\/?url=https%3A%2F%2Fwww.abf.se%2Fwp-content%2Fuploads%2Fsites%2F50%2F2024%2F04%2FArvsfonden_farg_-fyrkantig.png&#038;fit=contain&#038;w=519&#038;h=518&#038;s=f56c4eca53261bc764749acf19d3556d 519w, https:\/\/www.abf.se\/sodra-smaland-kalmar\/resized\/?url=https%3A%2F%2Fwww.abf.se%2Fwp-content%2Fuploads%2Fsites%2F50%2F2024%2F04%2FArvsfonden_farg_-fyrkantig.png&#038;fit=contain&#038;w=591&#038;h=590&#038;s=efdb0fdbf67c9d55195c406111a70901 591w, https:\/\/www.abf.se\/sodra-smaland-kalmar\/resized\/?url=https%3A%2F%2Fwww.abf.se%2Fwp-content%2Fuploads%2Fsites%2F50%2F2024%2F04%2FArvsfonden_farg_-fyrkantig.png&#038;fit=contain&#038;w=663&#038;h=662&#038;s=42198dfc38d7b1d6ef02ef3475397fbb 663w, https:\/\/www.abf.se\/sodra-smaland-kalmar\/resized\/?url=https%3A%2F%2Fwww.abf.se%2Fwp-content%2Fuploads%2Fsites%2F50%2F2024%2F04%2FArvsfonden_farg_-fyrkantig.png&#038;fit=contain&#038;w=735&#038;h=734&#038;s=efa01d5c2e06305f70b8152240c40305 735w, https:\/\/www.abf.se\/sodra-smaland-kalmar\/resized\/?url=https%3A%2F%2Fwww.abf.se%2Fwp-content%2Fuploads%2Fsites%2F50%2F2024%2F04%2FArvsfonden_farg_-fyrkantig.png&#038;fit=contain&#038;w=750&#038;h=749&#038;s=323e412fbb8d01ab53c11e5f045e7c95 750w, https:\/\/www.abf.se\/sodra-smaland-kalmar\/resized\/?url=https%3A%2F%2Fwww.abf.se%2Fwp-content%2Fuploads%2Fsites%2F50%2F2024%2F04%2FArvsfonden_farg_-fyrkantig.png&#038;fit=contain&#038;w=788&#038;s=1533d4365066b4a770845ca463b3d6e0 788w, https:\/\/www.abf.se\/sodra-smaland-kalmar\/resized\/?url=https%3A%2F%2Fwww.abf.se%2Fwp-content%2Fuploads%2Fsites%2F50%2F2024%2F04%2FArvsfonden_farg_-fyrkantig.png&#038;fit=contain&#038;w=894&#038;h=892&#038;s=d301093020cc7f4425d60cd0e72f5d80 894w, https:\/\/www.abf.se\/sodra-smaland-kalmar\/resized\/?url=https%3A%2F%2Fwww.abf.se%2Fwp-content%2Fuploads%2Fsites%2F50%2F2024%2F04%2FArvsfonden_farg_-fyrkantig.png&#038;fit=contain&#038;w=1038&#038;h=1036&#038;s=cea3452dfb6a0d89d86649140e38a62e 1038w, https:\/\/www.abf.se\/sodra-smaland-kalmar\/resized\/?url=https%3A%2F%2Fwww.abf.se%2Fwp-content%2Fuploads%2Fsites%2F50%2F2024%2F04%2FArvsfonden_farg_-fyrkantig.png&#038;fit=contain&#038;w=1182&#038;h=1180&#038;s=efaad2c20e4dac6c6bd383e2f937b431 1182w, https:\/\/www.abf.se\/sodra-smaland-kalmar\/resized\/?url=https%3A%2F%2Fwww.abf.se%2Fwp-content%2Fuploads%2Fsites%2F50%2F2024%2F04%2FArvsfonden_farg_-fyrkantig.png&#038;fit=contain&#038;w=1326&#038;h=1324&#038;s=7865bf718f88fbdfc03f4a6246dee60f 1326w, https:\/\/www.abf.se\/sodra-smaland-kalmar\/resized\/?url=https%3A%2F%2Fwww.abf.se%2Fwp-content%2Fuploads%2Fsites%2F50%2F2024%2F04%2FArvsfonden_farg_-fyrkantig.png&#038;fit=contain&#038;w=1470&#038;h=1468&#038;s=afc1c143918fb594f3616fd671dd1ac5 1470w\" alt=\"\" height=\"787\" width=\"788\" sizes=\"auto, (max-width: 768px) calc(100vw - 40px), 788px\" loading=\"lazy\" fetchpriority=\"low\" class=\"round-corners-lg w-full\" \/><\/picture>\n                            <figcaption class=\"my-2 body-md text-gray-text\">\n                    Allm\u00e4nna Arvsfonden\r\n\n                <\/figcaption>\n                        <\/figure>\n        <\/div>\n\n<\/div>\n","protected":false},"excerpt":{"rendered":"","protected":false},"author":53,"featured_media":0,"parent":0,"menu_order":0,"comment_status":"closed","ping_status":"closed","template":"","meta":{"_acf_changed":false,"footnotes":""},"class_list":["post-116","page","type-page","status-publish","hentry"],"acf":[],"yoast_head":"<!-- This site is optimized with the Yoast SEO plugin v27.0 - https:\/\/yoast.com\/product\/yoast-seo-wordpress\/ -->\n<title>ABF S\u00f6dra Sm\u00e5land-Kalmars Projekt - S\u00f6dra Sm\u00e5land Kalmar<\/title>\n<meta name=\"description\" content=\"H\u00e4r presenteras ABF S\u00f6dra Sm\u00e5lands projekt som vi har tillsammans med Allm\u00e4nna arvsfonden. Det \u00e4r tv\u00e5 projekt, Brobyggarna i V\u00e4xj\u00f6 och Tingsryd och Kaffe och V\u00e4nner som bedriv i Alvesta.\" \/>\n<meta name=\"robots\" content=\"index, follow, max-snippet:-1, max-image-preview:large, max-video-preview:-1\" \/>\n<link rel=\"canonical\" href=\"https:\/\/www.abf.se\/sodra-smaland-kalmar\/projekt\/\" \/>\n<meta property=\"og:locale\" content=\"sv_SE\" \/>\n<meta property=\"og:type\" content=\"article\" \/>\n<meta property=\"og:title\" content=\"ABF S\u00f6dra Sm\u00e5land-Kalmars Projekt - S\u00f6dra Sm\u00e5land Kalmar\" \/>\n<meta property=\"og:description\" content=\"H\u00e4r presenteras ABF S\u00f6dra Sm\u00e5lands projekt som vi har tillsammans med Allm\u00e4nna arvsfonden. Det \u00e4r tv\u00e5 projekt, Brobyggarna i V\u00e4xj\u00f6 och Tingsryd och Kaffe och V\u00e4nner som bedriv i Alvesta.\" \/>\n<meta property=\"og:url\" content=\"https:\/\/www.abf.se\/sodra-smaland-kalmar\/projekt\/\" \/>\n<meta property=\"og:site_name\" content=\"S\u00f6dra Sm\u00e5land Kalmar\" \/>\n<meta property=\"article:modified_time\" content=\"2025-12-01T02:06:48+00:00\" \/>\n<meta name=\"twitter:card\" content=\"summary_large_image\" \/>\n<script type=\"application\/ld+json\" class=\"yoast-schema-graph\">{\"@context\":\"https:\/\/schema.org\",\"@graph\":[{\"@type\":\"WebPage\",\"@id\":\"https:\/\/www.abf.se\/sodra-smaland-kalmar\/projekt\/\",\"url\":\"https:\/\/www.abf.se\/sodra-smaland-kalmar\/projekt\/\",\"name\":\"ABF S\u00f6dra Sm\u00e5land-Kalmars Projekt - S\u00f6dra Sm\u00e5land Kalmar\",\"isPartOf\":{\"@id\":\"https:\/\/www.abf.se\/sodra-smaland-kalmar\/#website\"},\"datePublished\":\"2024-04-15T12:55:44+00:00\",\"dateModified\":\"2025-12-01T02:06:48+00:00\",\"description\":\"H\u00e4r presenteras ABF S\u00f6dra Sm\u00e5lands projekt som vi har tillsammans med Allm\u00e4nna arvsfonden. Det \u00e4r tv\u00e5 projekt, Brobyggarna i V\u00e4xj\u00f6 och Tingsryd och Kaffe och V\u00e4nner som bedriv i Alvesta.\",\"breadcrumb\":{\"@id\":\"https:\/\/www.abf.se\/sodra-smaland-kalmar\/projekt\/#breadcrumb\"},\"inLanguage\":\"sv-SE\",\"potentialAction\":[{\"@type\":\"ReadAction\",\"target\":[\"https:\/\/www.abf.se\/sodra-smaland-kalmar\/projekt\/\"]}]},{\"@type\":\"BreadcrumbList\",\"@id\":\"https:\/\/www.abf.se\/sodra-smaland-kalmar\/projekt\/#breadcrumb\",\"itemListElement\":[{\"@type\":\"ListItem\",\"position\":1,\"name\":\"Home\",\"item\":\"https:\/\/www.abf.se\/sodra-smaland-kalmar\/\"},{\"@type\":\"ListItem\",\"position\":2,\"name\":\"ABF S\u00f6dra Sm\u00e5land-Kalmars Projekt\"}]},{\"@type\":\"WebSite\",\"@id\":\"https:\/\/www.abf.se\/sodra-smaland-kalmar\/#website\",\"url\":\"https:\/\/www.abf.se\/sodra-smaland-kalmar\/\",\"name\":\"S\u00f6dra Sm\u00e5land Kalmar\",\"description\":\"\",\"potentialAction\":[{\"@type\":\"SearchAction\",\"target\":{\"@type\":\"EntryPoint\",\"urlTemplate\":\"https:\/\/www.abf.se\/sodra-smaland-kalmar\/?s={search_term_string}\"},\"query-input\":{\"@type\":\"PropertyValueSpecification\",\"valueRequired\":true,\"valueName\":\"search_term_string\"}}],\"inLanguage\":\"sv-SE\"}]}<\/script>\n<!-- \/ Yoast SEO plugin. -->","yoast_head_json":{"title":"ABF S\u00f6dra Sm\u00e5land-Kalmars Projekt - S\u00f6dra Sm\u00e5land Kalmar","description":"H\u00e4r presenteras ABF S\u00f6dra Sm\u00e5lands projekt som vi har tillsammans med Allm\u00e4nna arvsfonden. Det \u00e4r tv\u00e5 projekt, Brobyggarna i V\u00e4xj\u00f6 och Tingsryd och Kaffe och V\u00e4nner som bedriv i Alvesta.","robots":{"index":"index","follow":"follow","max-snippet":"max-snippet:-1","max-image-preview":"max-image-preview:large","max-video-preview":"max-video-preview:-1"},"canonical":"https:\/\/www.abf.se\/sodra-smaland-kalmar\/projekt\/","og_locale":"sv_SE","og_type":"article","og_title":"ABF S\u00f6dra Sm\u00e5land-Kalmars Projekt - S\u00f6dra Sm\u00e5land Kalmar","og_description":"H\u00e4r presenteras ABF S\u00f6dra Sm\u00e5lands projekt som vi har tillsammans med Allm\u00e4nna arvsfonden. Det \u00e4r tv\u00e5 projekt, Brobyggarna i V\u00e4xj\u00f6 och Tingsryd och Kaffe och V\u00e4nner som bedriv i Alvesta.","og_url":"https:\/\/www.abf.se\/sodra-smaland-kalmar\/projekt\/","og_site_name":"S\u00f6dra Sm\u00e5land Kalmar","article_modified_time":"2025-12-01T02:06:48+00:00","twitter_card":"summary_large_image","schema":{"@context":"https:\/\/schema.org","@graph":[{"@type":"WebPage","@id":"https:\/\/www.abf.se\/sodra-smaland-kalmar\/projekt\/","url":"https:\/\/www.abf.se\/sodra-smaland-kalmar\/projekt\/","name":"ABF S\u00f6dra Sm\u00e5land-Kalmars Projekt - S\u00f6dra Sm\u00e5land Kalmar","isPartOf":{"@id":"https:\/\/www.abf.se\/sodra-smaland-kalmar\/#website"},"datePublished":"2024-04-15T12:55:44+00:00","dateModified":"2025-12-01T02:06:48+00:00","description":"H\u00e4r presenteras ABF S\u00f6dra Sm\u00e5lands projekt som vi har tillsammans med Allm\u00e4nna arvsfonden. Det \u00e4r tv\u00e5 projekt, Brobyggarna i V\u00e4xj\u00f6 och Tingsryd och Kaffe och V\u00e4nner som bedriv i Alvesta.","breadcrumb":{"@id":"https:\/\/www.abf.se\/sodra-smaland-kalmar\/projekt\/#breadcrumb"},"inLanguage":"sv-SE","potentialAction":[{"@type":"ReadAction","target":["https:\/\/www.abf.se\/sodra-smaland-kalmar\/projekt\/"]}]},{"@type":"BreadcrumbList","@id":"https:\/\/www.abf.se\/sodra-smaland-kalmar\/projekt\/#breadcrumb","itemListElement":[{"@type":"ListItem","position":1,"name":"Home","item":"https:\/\/www.abf.se\/sodra-smaland-kalmar\/"},{"@type":"ListItem","position":2,"name":"ABF S\u00f6dra Sm\u00e5land-Kalmars Projekt"}]},{"@type":"WebSite","@id":"https:\/\/www.abf.se\/sodra-smaland-kalmar\/#website","url":"https:\/\/www.abf.se\/sodra-smaland-kalmar\/","name":"S\u00f6dra Sm\u00e5land Kalmar","description":"","potentialAction":[{"@type":"SearchAction","target":{"@type":"EntryPoint","urlTemplate":"https:\/\/www.abf.se\/sodra-smaland-kalmar\/?s={search_term_string}"},"query-input":{"@type":"PropertyValueSpecification","valueRequired":true,"valueName":"search_term_string"}}],"inLanguage":"sv-SE"}]}},"_links":{"self":[{"href":"https:\/\/www.abf.se\/sodra-smaland-kalmar\/wp-json\/wp\/v2\/pages\/116","targetHints":{"allow":["GET"]}}],"collection":[{"href":"https:\/\/www.abf.se\/sodra-smaland-kalmar\/wp-json\/wp\/v2\/pages"}],"about":[{"href":"https:\/\/www.abf.se\/sodra-smaland-kalmar\/wp-json\/wp\/v2\/types\/page"}],"author":[{"embeddable":true,"href":"https:\/\/www.abf.se\/sodra-smaland-kalmar\/wp-json\/wp\/v2\/users\/53"}],"replies":[{"embeddable":true,"href":"https:\/\/www.abf.se\/sodra-smaland-kalmar\/wp-json\/wp\/v2\/comments?post=116"}],"version-history":[{"count":8,"href":"https:\/\/www.abf.se\/sodra-smaland-kalmar\/wp-json\/wp\/v2\/pages\/116\/revisions"}],"predecessor-version":[{"id":465,"href":"https:\/\/www.abf.se\/sodra-smaland-kalmar\/wp-json\/wp\/v2\/pages\/116\/revisions\/465"}],"wp:attachment":[{"href":"https:\/\/www.abf.se\/sodra-smaland-kalmar\/wp-json\/wp\/v2\/media?parent=116"}],"curies":[{"name":"wp","href":"https:\/\/api.w.org\/{rel}","templated":true}]}}