{"id":43,"date":"2024-04-02T15:52:30","date_gmt":"2024-04-02T13:52:30","guid":{"rendered":"https:\/\/www.abf.se\/sodra-smaland\/?page_id=43"},"modified":"2025-12-01T03:34:30","modified_gmt":"2025-12-01T02:34:30","slug":"vara-lokaler","status":"publish","type":"page","link":"https:\/\/www.abf.se\/sodra-smaland-kalmar\/kontakt\/vara-lokaler\/","title":{"rendered":"V\u00e5ra lokaler"},"content":{"rendered":"<div\n    class=\"acf-hero-block container-lg no-padding mb-12 js-geolocation\"\n    data-block=\"hero-block\"\n    data-index=\"0\"\n>\n    <div class=\"h-[548px]  relative rounded-[32px] overflow-hidden flex bg-gray-light\">\n        <div class=\"relative z-10 mt-auto h-auto w-full md:h-full\">\n            <div class=\"flex w-full h-full flex-col flex-wrap justify-end w-full md:w-7\/12 lg:w-1\/2 md:justify-center\">\n                <div class=\"flex flex-col gap-3 md:gap-[18px] md:transparent pt-16 pb-36 md:py-8 px-4 w-full md:max-w-[620px] mx-auto px-8\">\n\n                    <h1 class=\"hero-heading hero-heading--red-text\"><span>V\u00e5ra lokaler<\/span><\/h1>\n\n                    \n                                    <\/div>\n            <\/div>\n        <\/div>\n\n                    <picture class=\"as-background-image mix-blend-multiply bg-black\/40\"><img decoding=\"async\" src=\"https:\/\/www.abf.se\/sodra-smaland-kalmar\/resized\/?url=https%3A%2F%2Fwww.abf.se%2Fwp-content%2Fuploads%2F2023%2F11%2FVerksamhet-tillsammans-liggande_IMGP.jpg&#038;fit=crop&#038;w=1440&#038;s=b7b1f12b490e425b64de1d41008127b7\" srcset=\"https:\/\/www.abf.se\/sodra-smaland-kalmar\/resized\/?url=https%3A%2F%2Fwww.abf.se%2Fwp-content%2Fuploads%2F2023%2F11%2FVerksamhet-tillsammans-liggande_IMGP.jpg&#038;fit=crop&#038;w=375&#038;h=540&#038;s=6781986b7da324c4fbfdd65af97a3552 375w, https:\/\/www.abf.se\/sodra-smaland-kalmar\/resized\/?url=https%3A%2F%2Fwww.abf.se%2Fwp-content%2Fuploads%2F2023%2F11%2FVerksamhet-tillsammans-liggande_IMGP.jpg&#038;fit=crop&#038;w=447&#038;h=540&#038;s=b57f7ea638ba5cf984c40aef39c676fd 447w, https:\/\/www.abf.se\/sodra-smaland-kalmar\/resized\/?url=https%3A%2F%2Fwww.abf.se%2Fwp-content%2Fuploads%2F2023%2F11%2FVerksamhet-tillsammans-liggande_IMGP.jpg&#038;fit=crop&#038;w=519&#038;h=540&#038;s=852d1a39ba545420437051acda7a5774 519w, https:\/\/www.abf.se\/sodra-smaland-kalmar\/resized\/?url=https%3A%2F%2Fwww.abf.se%2Fwp-content%2Fuploads%2F2023%2F11%2FVerksamhet-tillsammans-liggande_IMGP.jpg&#038;fit=crop&#038;w=591&#038;h=540&#038;s=7b39ae1f1c5fa825cb264b5f2ef35264 591w, https:\/\/www.abf.se\/sodra-smaland-kalmar\/resized\/?url=https%3A%2F%2Fwww.abf.se%2Fwp-content%2Fuploads%2F2023%2F11%2FVerksamhet-tillsammans-liggande_IMGP.jpg&#038;fit=crop&#038;w=663&#038;h=540&#038;s=9eb4506ecf8d6789e565882688dc61b7 663w, https:\/\/www.abf.se\/sodra-smaland-kalmar\/resized\/?url=https%3A%2F%2Fwww.abf.se%2Fwp-content%2Fuploads%2F2023%2F11%2FVerksamhet-tillsammans-liggande_IMGP.jpg&#038;fit=crop&#038;w=750&#038;h=540&#038;s=0dee52d02ef3986c1bbb50aae1a5d0f3 750w, https:\/\/www.abf.se\/sodra-smaland-kalmar\/resized\/?url=https%3A%2F%2Fwww.abf.se%2Fwp-content%2Fuploads%2F2023%2F11%2FVerksamhet-tillsammans-liggande_IMGP.jpg&#038;fit=crop&#038;w=894&#038;h=540&#038;s=c67938f0fe7baad6ae4a241e8a86c188 894w, https:\/\/www.abf.se\/sodra-smaland-kalmar\/resized\/?url=https%3A%2F%2Fwww.abf.se%2Fwp-content%2Fuploads%2F2023%2F11%2FVerksamhet-tillsammans-liggande_IMGP.jpg&#038;fit=crop&#038;w=1038&#038;h=540&#038;s=95740a27a26d5c16931eb22b6b1367bd 1038w, https:\/\/www.abf.se\/sodra-smaland-kalmar\/resized\/?url=https%3A%2F%2Fwww.abf.se%2Fwp-content%2Fuploads%2F2023%2F11%2FVerksamhet-tillsammans-liggande_IMGP.jpg&#038;fit=crop&#038;w=1182&#038;h=540&#038;s=b7872c3f89c9626b6141d1e5da25c704 1182w, https:\/\/www.abf.se\/sodra-smaland-kalmar\/resized\/?url=https%3A%2F%2Fwww.abf.se%2Fwp-content%2Fuploads%2F2023%2F11%2FVerksamhet-tillsammans-liggande_IMGP.jpg&#038;fit=crop&#038;w=1326&#038;h=540&#038;s=aecf05e31ee191944c78e4decbbaef1d 1326w, https:\/\/www.abf.se\/sodra-smaland-kalmar\/resized\/?url=https%3A%2F%2Fwww.abf.se%2Fwp-content%2Fuploads%2F2023%2F11%2FVerksamhet-tillsammans-liggande_IMGP.jpg&#038;fit=crop&#038;w=1440&#038;h=540&#038;s=762b90c9d5e2acfe7aee083f4f60586c 1440w\" alt=\"\" height=\"540\" width=\"1440\" sizes=\"(max-width: 1440px) calc(100vw - 32px), 1440px\" loading=\"eager\" fetchpriority=\"high\" aria-hidden=\"true\" role=\"presentation\" \/><\/picture>\n        \n\n            <\/div>\n\n    <\/div>\n\n<div\n    class=\"acf-text-image-block container my-12 md:my-15\"\n    data-block=\"text-image-block\"\n>\n    <div\n    class=\"flex flex-col items-center md:flex-row gap-8 md:gap-0 justify-between\">\n                        <div class=\"w-full md:w-1\/2 md:order-2\">\n            <picture><img decoding=\"async\" src=\"https:\/\/www.abf.se\/sodra-smaland-kalmar\/resized\/?url=https%3A%2F%2Fwww.abf.se%2Fwp-content%2Fuploads%2Fsites%2F50%2F2024%2F04%2FHjortvagen-2.jpg&#038;fit=crop&#038;w=578&#038;s=9f5107eb927f007097285a6c3c197ccf\" srcset=\"https:\/\/www.abf.se\/sodra-smaland-kalmar\/resized\/?url=https%3A%2F%2Fwww.abf.se%2Fwp-content%2Fuploads%2Fsites%2F50%2F2024%2F04%2FHjortvagen-2.jpg&#038;fit=crop&#038;w=144&#038;h=126&#038;s=5387e7296cd8f5642f5ae01ce6177fd4 144w, https:\/\/www.abf.se\/sodra-smaland-kalmar\/resized\/?url=https%3A%2F%2Fwww.abf.se%2Fwp-content%2Fuploads%2Fsites%2F50%2F2024%2F04%2FHjortvagen-2.jpg&#038;fit=crop&#038;w=240&#038;h=211&#038;s=a63719491e82bbc6b220410b1a0630e3 240w, https:\/\/www.abf.se\/sodra-smaland-kalmar\/resized\/?url=https%3A%2F%2Fwww.abf.se%2Fwp-content%2Fuploads%2Fsites%2F50%2F2024%2F04%2FHjortvagen-2.jpg&#038;fit=crop&#038;w=288&#038;h=253&#038;s=99166174443a0144c36acb77210c8a9e 288w, https:\/\/www.abf.se\/sodra-smaland-kalmar\/resized\/?url=https%3A%2F%2Fwww.abf.se%2Fwp-content%2Fuploads%2Fsites%2F50%2F2024%2F04%2FHjortvagen-2.jpg&#038;fit=crop&#038;w=336&#038;h=295&#038;s=bf890a9b93e41d7a253effb9ebc3fdd7 336w, https:\/\/www.abf.se\/sodra-smaland-kalmar\/resized\/?url=https%3A%2F%2Fwww.abf.se%2Fwp-content%2Fuploads%2Fsites%2F50%2F2024%2F04%2FHjortvagen-2.jpg&#038;fit=crop&#038;w=432&#038;h=380&#038;s=b3fe821670d49eecd0e0e5f91a29cacc 432w, https:\/\/www.abf.se\/sodra-smaland-kalmar\/resized\/?url=https%3A%2F%2Fwww.abf.se%2Fwp-content%2Fuploads%2Fsites%2F50%2F2024%2F04%2FHjortvagen-2.jpg&#038;fit=crop&#038;w=480&#038;h=422&#038;s=7a3e148f6e6a9759ef0756077372b86d 480w, https:\/\/www.abf.se\/sodra-smaland-kalmar\/resized\/?url=https%3A%2F%2Fwww.abf.se%2Fwp-content%2Fuploads%2Fsites%2F50%2F2024%2F04%2FHjortvagen-2.jpg&#038;fit=crop&#038;w=528&#038;h=464&#038;s=47c9162a87d4e11d57c480b36c6850e9 528w, https:\/\/www.abf.se\/sodra-smaland-kalmar\/resized\/?url=https%3A%2F%2Fwww.abf.se%2Fwp-content%2Fuploads%2Fsites%2F50%2F2024%2F04%2FHjortvagen-2.jpg&#038;fit=crop&#038;w=578&#038;h=509&#038;s=84cd2f4dbdee952e529bed56f60d3a42 578w, https:\/\/www.abf.se\/sodra-smaland-kalmar\/resized\/?url=https%3A%2F%2Fwww.abf.se%2Fwp-content%2Fuploads%2Fsites%2F50%2F2024%2F04%2FHjortvagen-2.jpg&#038;fit=crop&#038;w=672&#038;h=591&#038;s=2fccb92a3babdebb00cef5466bf1fb08 672w, https:\/\/www.abf.se\/sodra-smaland-kalmar\/resized\/?url=https%3A%2F%2Fwww.abf.se%2Fwp-content%2Fuploads%2Fsites%2F50%2F2024%2F04%2FHjortvagen-2.jpg&#038;fit=crop&#038;w=864&#038;h=760&#038;s=c357ae710ea0091433bd5ade057720f2 864w, https:\/\/www.abf.se\/sodra-smaland-kalmar\/resized\/?url=https%3A%2F%2Fwww.abf.se%2Fwp-content%2Fuploads%2Fsites%2F50%2F2024%2F04%2FHjortvagen-2.jpg&#038;fit=crop&#038;w=1056&#038;h=929&#038;s=ece4cc61832e2bb7a3cca8d3b3b0d2e1 1056w\" alt=\"\" height=\"509\" width=\"578\" sizes=\"auto, (max-width: 768px) 100vw,\n                (max-width: 1280px) 50vw, 578px\" loading=\"lazy\" fetchpriority=\"low\" \/><\/picture>\n\n        <\/div>\n        \n        <div class=\"w-full md:w-1\/2 md:order-1\">\n        <div class=\"mx-auto md:max-w-[368px]\">\n            <h2 class=\"heading-lg\">ABF S\u00f6dra Sm\u00e5land, kontoret<\/h2>\n            <div class=\"mb-6 mt-4 wysiwyg\">\n                <p>ABF S\u00f6dra Sm\u00e5land<br \/>\nHjortv\u00e4gen 6, V\u00e4xj\u00f6<br \/>\nV\u00e5ra kontorslokaler f\u00f6r anst\u00e4llda<br \/>\n\u00d6ppettider f\u00f6r bes\u00f6k:<br \/>\nM\u00e5ndag-torsdag 8:30-11:30<br \/>\n\u00d6vriga tider vid bokning<\/p>\n\n            <\/div>\n                                            <a href='https:\/\/www.google.se\/maps\/place\/Hjortv%C3%A4gen+6,+352+45+V%C3%A4xj%C3%B6\/@56.9073151,14.8172951,17z\/data=!3m1!4b1!4m6!3m5!1s0x4657237bafc844f3:0x70d903a31b9e733a!8m2!3d56.9073151!4d14.81987!16s%2Fg%2F11cnddh4qz?entry=ttu' class=\"default-button\" target=\"_blank\">Karta<\/a>\n                    <\/div>\n        <\/div>\n    <\/div>\n<\/div><div\n    class=\"acf-text-image-block container my-12 md:my-15\"\n    data-block=\"text-image-block\"\n>\n    <div\n    class=\"flex flex-col items-center md:flex-row gap-8 md:gap-0 justify-center\">\n        \n        <div class=\"w-full md:w-1\/2 md:order-1\">\n        <div class=\"mx-auto md:max-w-[368px]\">\n            <h2 class=\"heading-lg\">ABF-huset, V\u00e4xj\u00f6<\/h2>\n            <div class=\"mb-6 mt-4 wysiwyg\">\n                <p>ABF-huset<br \/>\nArabygatan 80, V\u00e4xj\u00f6<br \/>\nAktivitetshus med replokaler f\u00f6r musikband och studielokaler samt lokaler f\u00f6r dans.<br \/>\nStudielokaler f\u00f6r upp till 30 personer.<br \/>\nParkeringsplatser i anslutning, f\u00e5tal p\u00e5 framsidan och ett flertal p\u00e5 baksidan<br \/>\nHiss<\/p>\n\n            <\/div>\n                                            <a href='https:\/\/www.google.se\/maps\/place\/Arabygatan+80,+352+46+V%C3%A4xj%C3%B6\/@56.8913849,14.7801743,17z\/data=!3m1!4b1!4m6!3m5!1s0x465724706c2230c7:0x3c680bec83fe753a!8m2!3d56.8913849!4d14.7827492!16s%2Fg%2F11cs8wmftb?entry=ttu' class=\"default-button\" target=\"_blank\">Karta<\/a>\n                    <\/div>\n        <\/div>\n    <\/div>\n<\/div><div\n    class=\"acf-text-image-block container my-12 md:my-15\"\n    data-block=\"text-image-block\"\n>\n    <div\n    class=\"flex flex-col items-center md:flex-row gap-8 md:gap-0 justify-center\">\n        \n        <div class=\"w-full md:w-1\/2 md:order-1\">\n        <div class=\"mx-auto md:max-w-[368px]\">\n            <h2 class=\"heading-lg\">ABF, Alvesta Folkets Hus<\/h2>\n            <div class=\"mb-6 mt-4 wysiwyg\">\n                <p>ABF i Alvesta Folkets hus, 3 v\u00e5n<br \/>\nAllbogatan 15, Alvesta<br \/>\nStudielokaler f\u00f6r upp till 50 personer<br \/>\nParkering intill Folkets hus.<br \/>\nHiss<\/p>\n\n            <\/div>\n                                            <a href='https:\/\/www.google.se\/maps\/place\/Alvesta+Folkets+Hus\/@56.901312,14.5507708,17z\/data=!3m1!4b1!4m6!3m5!1s0x46572ec73d152369:0xb03a9e998e7668a6!8m2!3d56.901312!4d14.5533457!16s%2Fg%2F11b8tx0xb5?entry=ttu' class=\"default-button\" target=\"_blank\">Karta<\/a>\n                    <\/div>\n        <\/div>\n    <\/div>\n<\/div><div\n    class=\"acf-text-image-block container my-12 md:my-15\"\n    data-block=\"text-image-block\"\n>\n    <div\n    class=\"flex flex-col items-center md:flex-row gap-8 md:gap-0 justify-center\">\n        \n        <div class=\"w-full md:w-1\/2 md:order-1\">\n        <div class=\"mx-auto md:max-w-[368px]\">\n            <h2 class=\"heading-lg\">ABF, \u00c5seda Folkets Hus<\/h2>\n            <div class=\"mb-6 mt-4 wysiwyg\">\n                <p>ABF i \u00c5seda Folkets Hus<br \/>\nOlofsgatan 17, \u00c5seda<br \/>\nStudielokal f\u00f6r 15 personer<br \/>\nParkering i n\u00e4romr\u00e5det<br \/>\nHiss<\/p>\n\n            <\/div>\n                                            <a href='https:\/\/www.google.se\/maps\/@57.1711149,15.3427296,17z?entry=ttu' class=\"default-button\" target=\"_blank\">Karta<\/a>\n                    <\/div>\n        <\/div>\n    <\/div>\n<\/div><div\n    class=\"acf-text-image-block container my-12 md:my-15\"\n    data-block=\"text-image-block\"\n>\n    <div\n    class=\"flex flex-col items-center md:flex-row gap-8 md:gap-0 justify-center\">\n        \n        <div class=\"w-full md:w-1\/2 md:order-1\">\n        <div class=\"mx-auto md:max-w-[368px]\">\n            <h2 class=\"heading-lg\">ABF Kalmar<\/h2>\n            <div class=\"mb-6 mt-4 wysiwyg\">\n                \n            <\/div>\n                    <\/div>\n        <\/div>\n    <\/div>\n<\/div><div\n    class=\"acf-text-image-block container my-12 md:my-15\"\n    data-block=\"text-image-block\"\n>\n    <div\n    class=\"flex flex-col items-center md:flex-row gap-8 md:gap-0 justify-center\">\n        \n        <div class=\"w-full md:w-1\/2 md:order-1\">\n        <div class=\"mx-auto md:max-w-[368px]\">\n            <h2 class=\"heading-lg\">ABF Oskarshamn<\/h2>\n            <div class=\"mb-6 mt-4 wysiwyg\">\n                \n            <\/div>\n                    <\/div>\n        <\/div>\n    <\/div>\n<\/div><div\n    class=\"acf-text-image-block container my-12 md:my-15\"\n    data-block=\"text-image-block\"\n>\n    <div\n    class=\"flex flex-col items-center md:flex-row gap-8 md:gap-0 justify-center\">\n        \n        <div class=\"w-full md:w-1\/2 md:order-1\">\n        <div class=\"mx-auto md:max-w-[368px]\">\n            <h2 class=\"heading-lg\">ABF V\u00e4stervik<\/h2>\n            <div class=\"mb-6 mt-4 wysiwyg\">\n                \n            <\/div>\n                    <\/div>\n        <\/div>\n    <\/div>\n<\/div><div\n    class=\"acf-text-image-block container my-12 md:my-15\"\n    data-block=\"text-image-block\"\n>\n    <div\n    class=\"flex flex-col items-center md:flex-row gap-8 md:gap-0 justify-center\">\n        \n        <div class=\"w-full md:w-1\/2 md:order-1\">\n        <div class=\"mx-auto md:max-w-[368px]\">\n            <h2 class=\"heading-lg\">ABF Nybro<\/h2>\n            <div class=\"mb-6 mt-4 wysiwyg\">\n                \n            <\/div>\n                    <\/div>\n        <\/div>\n    <\/div>\n<\/div><div\n    class=\"acf-text-image-block container my-12 md:my-15\"\n    data-block=\"text-image-block\"\n>\n    <div\n    class=\"flex flex-col items-center md:flex-row gap-8 md:gap-0 justify-center\">\n        \n        <div class=\"w-full md:w-1\/2 md:order-1\">\n        <div class=\"mx-auto md:max-w-[368px]\">\n            <h2 class=\"heading-lg\">ABF Oskarshamn<\/h2>\n            <div class=\"mb-6 mt-4 wysiwyg\">\n                \n            <\/div>\n                    <\/div>\n        <\/div>\n    <\/div>\n<\/div>","protected":false},"excerpt":{"rendered":"","protected":false},"author":53,"featured_media":0,"parent":7,"menu_order":0,"comment_status":"closed","ping_status":"closed","template":"","meta":{"_acf_changed":false,"footnotes":""},"class_list":["post-43","page","type-page","status-publish","hentry"],"acf":[],"yoast_head":"<!-- This site is optimized with the Yoast SEO plugin v27.0 - https:\/\/yoast.com\/product\/yoast-seo-wordpress\/ -->\n<title>V\u00e5ra lokaler - S\u00f6dra Sm\u00e5land Kalmar<\/title>\n<meta name=\"description\" content=\"Vi presenterar lokalerna som ABF S\u00f6dra Sm\u00e5land har verksamhet i. Vi finns i V\u00e4xj\u00f6, Alvesta och Uppvidinge kommuner.\" \/>\n<meta name=\"robots\" content=\"index, follow, max-snippet:-1, max-image-preview:large, max-video-preview:-1\" \/>\n<link rel=\"canonical\" href=\"https:\/\/www.abf.se\/sodra-smaland-kalmar\/kontakt\/vara-lokaler\/\" \/>\n<meta property=\"og:locale\" content=\"sv_SE\" \/>\n<meta property=\"og:type\" content=\"article\" \/>\n<meta property=\"og:title\" content=\"V\u00e5ra lokaler - S\u00f6dra Sm\u00e5land Kalmar\" \/>\n<meta property=\"og:description\" content=\"Vi presenterar lokalerna som ABF S\u00f6dra Sm\u00e5land har verksamhet i. Vi finns i V\u00e4xj\u00f6, Alvesta och Uppvidinge kommuner.\" \/>\n<meta property=\"og:url\" content=\"https:\/\/www.abf.se\/sodra-smaland-kalmar\/kontakt\/vara-lokaler\/\" \/>\n<meta property=\"og:site_name\" content=\"S\u00f6dra Sm\u00e5land Kalmar\" \/>\n<meta property=\"article:modified_time\" content=\"2025-12-01T02:34:30+00:00\" \/>\n<meta name=\"twitter:card\" content=\"summary_large_image\" \/>\n<script type=\"application\/ld+json\" class=\"yoast-schema-graph\">{\"@context\":\"https:\/\/schema.org\",\"@graph\":[{\"@type\":\"WebPage\",\"@id\":\"https:\/\/www.abf.se\/sodra-smaland-kalmar\/kontakt\/vara-lokaler\/\",\"url\":\"https:\/\/www.abf.se\/sodra-smaland-kalmar\/kontakt\/vara-lokaler\/\",\"name\":\"V\u00e5ra lokaler - S\u00f6dra Sm\u00e5land Kalmar\",\"isPartOf\":{\"@id\":\"https:\/\/www.abf.se\/sodra-smaland-kalmar\/#website\"},\"datePublished\":\"2024-04-02T13:52:30+00:00\",\"dateModified\":\"2025-12-01T02:34:30+00:00\",\"description\":\"Vi presenterar lokalerna som ABF S\u00f6dra Sm\u00e5land har verksamhet i. Vi finns i V\u00e4xj\u00f6, Alvesta och Uppvidinge kommuner.\",\"breadcrumb\":{\"@id\":\"https:\/\/www.abf.se\/sodra-smaland-kalmar\/kontakt\/vara-lokaler\/#breadcrumb\"},\"inLanguage\":\"sv-SE\",\"potentialAction\":[{\"@type\":\"ReadAction\",\"target\":[\"https:\/\/www.abf.se\/sodra-smaland-kalmar\/kontakt\/vara-lokaler\/\"]}]},{\"@type\":\"BreadcrumbList\",\"@id\":\"https:\/\/www.abf.se\/sodra-smaland-kalmar\/kontakt\/vara-lokaler\/#breadcrumb\",\"itemListElement\":[{\"@type\":\"ListItem\",\"position\":1,\"name\":\"Home\",\"item\":\"https:\/\/www.abf.se\/sodra-smaland-kalmar\/\"},{\"@type\":\"ListItem\",\"position\":2,\"name\":\"Kontakt\",\"item\":\"https:\/\/www.abf.se\/sodra-smaland-kalmar\/kontakt\/\"},{\"@type\":\"ListItem\",\"position\":3,\"name\":\"V\u00e5ra lokaler\"}]},{\"@type\":\"WebSite\",\"@id\":\"https:\/\/www.abf.se\/sodra-smaland-kalmar\/#website\",\"url\":\"https:\/\/www.abf.se\/sodra-smaland-kalmar\/\",\"name\":\"S\u00f6dra Sm\u00e5land Kalmar\",\"description\":\"\",\"potentialAction\":[{\"@type\":\"SearchAction\",\"target\":{\"@type\":\"EntryPoint\",\"urlTemplate\":\"https:\/\/www.abf.se\/sodra-smaland-kalmar\/?s={search_term_string}\"},\"query-input\":{\"@type\":\"PropertyValueSpecification\",\"valueRequired\":true,\"valueName\":\"search_term_string\"}}],\"inLanguage\":\"sv-SE\"}]}<\/script>\n<!-- \/ Yoast SEO plugin. -->","yoast_head_json":{"title":"V\u00e5ra lokaler - S\u00f6dra Sm\u00e5land Kalmar","description":"Vi presenterar lokalerna som ABF S\u00f6dra Sm\u00e5land har verksamhet i. Vi finns i V\u00e4xj\u00f6, Alvesta och Uppvidinge kommuner.","robots":{"index":"index","follow":"follow","max-snippet":"max-snippet:-1","max-image-preview":"max-image-preview:large","max-video-preview":"max-video-preview:-1"},"canonical":"https:\/\/www.abf.se\/sodra-smaland-kalmar\/kontakt\/vara-lokaler\/","og_locale":"sv_SE","og_type":"article","og_title":"V\u00e5ra lokaler - S\u00f6dra Sm\u00e5land Kalmar","og_description":"Vi presenterar lokalerna som ABF S\u00f6dra Sm\u00e5land har verksamhet i. Vi finns i V\u00e4xj\u00f6, Alvesta och Uppvidinge kommuner.","og_url":"https:\/\/www.abf.se\/sodra-smaland-kalmar\/kontakt\/vara-lokaler\/","og_site_name":"S\u00f6dra Sm\u00e5land Kalmar","article_modified_time":"2025-12-01T02:34:30+00:00","twitter_card":"summary_large_image","schema":{"@context":"https:\/\/schema.org","@graph":[{"@type":"WebPage","@id":"https:\/\/www.abf.se\/sodra-smaland-kalmar\/kontakt\/vara-lokaler\/","url":"https:\/\/www.abf.se\/sodra-smaland-kalmar\/kontakt\/vara-lokaler\/","name":"V\u00e5ra lokaler - S\u00f6dra Sm\u00e5land Kalmar","isPartOf":{"@id":"https:\/\/www.abf.se\/sodra-smaland-kalmar\/#website"},"datePublished":"2024-04-02T13:52:30+00:00","dateModified":"2025-12-01T02:34:30+00:00","description":"Vi presenterar lokalerna som ABF S\u00f6dra Sm\u00e5land har verksamhet i. Vi finns i V\u00e4xj\u00f6, Alvesta och Uppvidinge kommuner.","breadcrumb":{"@id":"https:\/\/www.abf.se\/sodra-smaland-kalmar\/kontakt\/vara-lokaler\/#breadcrumb"},"inLanguage":"sv-SE","potentialAction":[{"@type":"ReadAction","target":["https:\/\/www.abf.se\/sodra-smaland-kalmar\/kontakt\/vara-lokaler\/"]}]},{"@type":"BreadcrumbList","@id":"https:\/\/www.abf.se\/sodra-smaland-kalmar\/kontakt\/vara-lokaler\/#breadcrumb","itemListElement":[{"@type":"ListItem","position":1,"name":"Home","item":"https:\/\/www.abf.se\/sodra-smaland-kalmar\/"},{"@type":"ListItem","position":2,"name":"Kontakt","item":"https:\/\/www.abf.se\/sodra-smaland-kalmar\/kontakt\/"},{"@type":"ListItem","position":3,"name":"V\u00e5ra lokaler"}]},{"@type":"WebSite","@id":"https:\/\/www.abf.se\/sodra-smaland-kalmar\/#website","url":"https:\/\/www.abf.se\/sodra-smaland-kalmar\/","name":"S\u00f6dra Sm\u00e5land Kalmar","description":"","potentialAction":[{"@type":"SearchAction","target":{"@type":"EntryPoint","urlTemplate":"https:\/\/www.abf.se\/sodra-smaland-kalmar\/?s={search_term_string}"},"query-input":{"@type":"PropertyValueSpecification","valueRequired":true,"valueName":"search_term_string"}}],"inLanguage":"sv-SE"}]}},"_links":{"self":[{"href":"https:\/\/www.abf.se\/sodra-smaland-kalmar\/wp-json\/wp\/v2\/pages\/43","targetHints":{"allow":["GET"]}}],"collection":[{"href":"https:\/\/www.abf.se\/sodra-smaland-kalmar\/wp-json\/wp\/v2\/pages"}],"about":[{"href":"https:\/\/www.abf.se\/sodra-smaland-kalmar\/wp-json\/wp\/v2\/types\/page"}],"author":[{"embeddable":true,"href":"https:\/\/www.abf.se\/sodra-smaland-kalmar\/wp-json\/wp\/v2\/users\/53"}],"replies":[{"embeddable":true,"href":"https:\/\/www.abf.se\/sodra-smaland-kalmar\/wp-json\/wp\/v2\/comments?post=43"}],"version-history":[{"count":12,"href":"https:\/\/www.abf.se\/sodra-smaland-kalmar\/wp-json\/wp\/v2\/pages\/43\/revisions"}],"predecessor-version":[{"id":479,"href":"https:\/\/www.abf.se\/sodra-smaland-kalmar\/wp-json\/wp\/v2\/pages\/43\/revisions\/479"}],"up":[{"embeddable":true,"href":"https:\/\/www.abf.se\/sodra-smaland-kalmar\/wp-json\/wp\/v2\/pages\/7"}],"wp:attachment":[{"href":"https:\/\/www.abf.se\/sodra-smaland-kalmar\/wp-json\/wp\/v2\/media?parent=43"}],"curies":[{"name":"wp","href":"https:\/\/api.w.org\/{rel}","templated":true}]}}