{"id":6,"date":"2024-04-16T15:52:30","date_gmt":"2024-04-16T13:52:30","guid":{"rendered":"https:\/\/www.abf.se\/sodra-smaland\/?page_id=6"},"modified":"2024-04-18T11:30:10","modified_gmt":"2024-04-18T09:30:10","slug":"villkor-for-anmalan-cirklar-kurs-och-arrangemang","status":"publish","type":"page","link":"https:\/\/www.abf.se\/sodra-smaland-kalmar\/villkor-for-anmalan-cirklar-kurs-och-arrangemang\/","title":{"rendered":"Villkor f\u00f6r anm\u00e4lan cirklar, kurs och arrangemang"},"content":{"rendered":"<div\n    class=\"acf-plain-heading-block container my-16\"\n    data-block=\"plain-heading-block\"\n>\n    <div class=\"max-w-[658px] mx-auto\">\n                <h1 class=\"hero-heading\"><span>Bra att veta inf\u00f6r din anm\u00e4lan<\/span><\/h1>\n                            <p class=\"mt-8 body-xl text-black\">\n                Det \u00e4r viktigt att du k\u00e4nner till villkoren n\u00e4r du ska delta i en verksamhet hos oss. L\u00e4s igenom detta s\u00e5 lovar vi att du kommer f\u00e5 koll p\u00e5 allt eller det mesta.\n            <\/p>\n            <\/div>\n<\/div>\n<div\n    class=\"acf-article-text-block article-container my-12\"\n    data-block=\"article-text-block\"\n>\n    <div class=\"wysiwyg\">\n        <h3>Anm\u00e4lan<\/h3>\n<p>Anm\u00e4l dig via v\u00e5r hemsida, per telefon, via mejl eller genom ett personligt bes\u00f6k. Anm\u00e4lan \u00e4r bindande.<\/p>\n\n    <\/div>\n<\/div>\n<div\n    class=\"acf-article-text-block article-container my-12\"\n    data-block=\"article-text-block\"\n>\n    <div class=\"wysiwyg\">\n        <h3>Avbokning<\/h3>\n<p>Du har r\u00e4tt att avboka din plats p\u00e5 en studiecirkel fem dagar f\u00f6re cirkelstart. Vid senare \u00e5terbud tar vi ut en en administrationsavgift p\u00e5 200 kronor. Har cirkeln startat \u00e4r du skyldig att betala hela deltagaravgiften.<\/p>\n<p>&nbsp;<\/p>\n\n    <\/div>\n<\/div>\n<div\n    class=\"acf-article-text-block article-container my-12\"\n    data-block=\"article-text-block\"\n>\n    <div class=\"wysiwyg\">\n        <h3>Varf\u00f6r personnummer?<\/h3>\n<p>Studief\u00f6rbunden beh\u00f6ver personuppgifter fr\u00e5n ledare och deltagare, f\u00f6r att f\u00e5 statliga medel att genomf\u00f6ra folkbildande aktiviteter. Genom att registrera dig hj\u00e4lper du ABF att forts\u00e4tta utvecklas som studief\u00f6rbund och erbjuda folkbildande verksamhet. Personnumret \u00e4r avkodat n\u00e4r studief\u00f6rbunden rapporterar sin verksamhet vidare, och kopplas ej till dig som person.<\/p>\n<p>N\u00e4rvarolistan \u00e4r grunden f\u00f6r offentliga bidrag till studief\u00f6rbunden. Det \u00e4r d\u00e4rf\u00f6r studief\u00f6rbunden beh\u00f6ver deltagarnas personnummer och underskrift av ledaren.<\/p>\n\n    <\/div>\n<\/div>\n<div\n    class=\"acf-article-text-block article-container my-12\"\n    data-block=\"article-text-block\"\n>\n    <div class=\"wysiwyg\">\n        <h3>Faktura och kallelse<\/h3>\n<p>Inf\u00f6r cirkelstarten kommer en kallelse med faktura till dig. Det skickas i f\u00f6rsta hand till den mejl du angett i anm\u00e4lan.\u00a0 Vill du hellre ha en pappersfaktura, kontakta oss s\u00e5 ordnar vi det.<\/p>\n\n    <\/div>\n<\/div>\n<div\n    class=\"acf-article-text-block article-container my-12\"\n    data-block=\"article-text-block\"\n>\n    <div class=\"wysiwyg\">\n        <h3>Tillg\u00e4nglighet<\/h3>\n<p>Om du har s\u00e4rskilda behov h\u00f6r av dig till oss s\u00e5 vi kan l\u00f6sa det p\u00e5 b\u00e4sta s\u00e4tt.<\/p>\n<h3>Studiematerial<\/h3>\n<p>Om studiematerial ing\u00e5r eller inte i avgiften st\u00e5r vid respektive arrangemang.<\/p>\n<h3>Olycksfallsf\u00f6rs\u00e4kring<\/h3>\n<p>Som deltagare \u00e4r du f\u00f6rs\u00e4krad till och fr\u00e5n samt under p\u00e5g\u00e5ende studiecirkel.<\/p>\n<h3>Studietid<\/h3>\n<p>Timmar som anges i programmet \u00e4r studietimmar. En studietimme = 45 minuter.<\/p>\n\n    <\/div>\n<\/div>\n","protected":false},"excerpt":{"rendered":"","protected":false},"author":4,"featured_media":0,"parent":0,"menu_order":0,"comment_status":"closed","ping_status":"closed","template":"","meta":{"_acf_changed":false,"footnotes":""},"class_list":["post-6","page","type-page","status-publish","hentry"],"acf":[],"yoast_head":"<!-- This site is optimized with the Yoast SEO plugin v27.0 - https:\/\/yoast.com\/product\/yoast-seo-wordpress\/ -->\n<title>Villkor f\u00f6r anm\u00e4lan cirklar, kurs och arrangemang - S\u00f6dra Sm\u00e5land Kalmar<\/title>\n<meta name=\"robots\" content=\"index, follow, max-snippet:-1, max-image-preview:large, max-video-preview:-1\" \/>\n<link rel=\"canonical\" href=\"https:\/\/www.abf.se\/sodra-smaland-kalmar\/villkor-for-anmalan-cirklar-kurs-och-arrangemang\/\" \/>\n<meta property=\"og:locale\" content=\"sv_SE\" \/>\n<meta property=\"og:type\" content=\"article\" \/>\n<meta property=\"og:title\" content=\"Villkor f\u00f6r anm\u00e4lan cirklar, kurs och arrangemang - S\u00f6dra Sm\u00e5land Kalmar\" \/>\n<meta property=\"og:url\" content=\"https:\/\/www.abf.se\/sodra-smaland-kalmar\/villkor-for-anmalan-cirklar-kurs-och-arrangemang\/\" \/>\n<meta property=\"og:site_name\" content=\"S\u00f6dra Sm\u00e5land Kalmar\" \/>\n<meta property=\"article:modified_time\" content=\"2024-04-18T09:30:10+00:00\" \/>\n<meta name=\"twitter:card\" content=\"summary_large_image\" \/>\n<script type=\"application\/ld+json\" class=\"yoast-schema-graph\">{\"@context\":\"https:\/\/schema.org\",\"@graph\":[{\"@type\":\"WebPage\",\"@id\":\"https:\/\/www.abf.se\/sodra-smaland-kalmar\/villkor-for-anmalan-cirklar-kurs-och-arrangemang\/\",\"url\":\"https:\/\/www.abf.se\/sodra-smaland-kalmar\/villkor-for-anmalan-cirklar-kurs-och-arrangemang\/\",\"name\":\"Villkor f\u00f6r anm\u00e4lan cirklar, kurs och arrangemang - S\u00f6dra Sm\u00e5land Kalmar\",\"isPartOf\":{\"@id\":\"https:\/\/www.abf.se\/sodra-smaland-kalmar\/#website\"},\"datePublished\":\"2024-04-16T13:52:30+00:00\",\"dateModified\":\"2024-04-18T09:30:10+00:00\",\"breadcrumb\":{\"@id\":\"https:\/\/www.abf.se\/sodra-smaland-kalmar\/villkor-for-anmalan-cirklar-kurs-och-arrangemang\/#breadcrumb\"},\"inLanguage\":\"sv-SE\",\"potentialAction\":[{\"@type\":\"ReadAction\",\"target\":[\"https:\/\/www.abf.se\/sodra-smaland-kalmar\/villkor-for-anmalan-cirklar-kurs-och-arrangemang\/\"]}]},{\"@type\":\"BreadcrumbList\",\"@id\":\"https:\/\/www.abf.se\/sodra-smaland-kalmar\/villkor-for-anmalan-cirklar-kurs-och-arrangemang\/#breadcrumb\",\"itemListElement\":[{\"@type\":\"ListItem\",\"position\":1,\"name\":\"Home\",\"item\":\"https:\/\/www.abf.se\/sodra-smaland-kalmar\/\"},{\"@type\":\"ListItem\",\"position\":2,\"name\":\"Villkor f\u00f6r anm\u00e4lan cirklar, kurs och arrangemang\"}]},{\"@type\":\"WebSite\",\"@id\":\"https:\/\/www.abf.se\/sodra-smaland-kalmar\/#website\",\"url\":\"https:\/\/www.abf.se\/sodra-smaland-kalmar\/\",\"name\":\"S\u00f6dra Sm\u00e5land Kalmar\",\"description\":\"\",\"potentialAction\":[{\"@type\":\"SearchAction\",\"target\":{\"@type\":\"EntryPoint\",\"urlTemplate\":\"https:\/\/www.abf.se\/sodra-smaland-kalmar\/?s={search_term_string}\"},\"query-input\":{\"@type\":\"PropertyValueSpecification\",\"valueRequired\":true,\"valueName\":\"search_term_string\"}}],\"inLanguage\":\"sv-SE\"}]}<\/script>\n<!-- \/ Yoast SEO plugin. -->","yoast_head_json":{"title":"Villkor f\u00f6r anm\u00e4lan cirklar, kurs och arrangemang - S\u00f6dra Sm\u00e5land Kalmar","robots":{"index":"index","follow":"follow","max-snippet":"max-snippet:-1","max-image-preview":"max-image-preview:large","max-video-preview":"max-video-preview:-1"},"canonical":"https:\/\/www.abf.se\/sodra-smaland-kalmar\/villkor-for-anmalan-cirklar-kurs-och-arrangemang\/","og_locale":"sv_SE","og_type":"article","og_title":"Villkor f\u00f6r anm\u00e4lan cirklar, kurs och arrangemang - S\u00f6dra Sm\u00e5land Kalmar","og_url":"https:\/\/www.abf.se\/sodra-smaland-kalmar\/villkor-for-anmalan-cirklar-kurs-och-arrangemang\/","og_site_name":"S\u00f6dra Sm\u00e5land Kalmar","article_modified_time":"2024-04-18T09:30:10+00:00","twitter_card":"summary_large_image","schema":{"@context":"https:\/\/schema.org","@graph":[{"@type":"WebPage","@id":"https:\/\/www.abf.se\/sodra-smaland-kalmar\/villkor-for-anmalan-cirklar-kurs-och-arrangemang\/","url":"https:\/\/www.abf.se\/sodra-smaland-kalmar\/villkor-for-anmalan-cirklar-kurs-och-arrangemang\/","name":"Villkor f\u00f6r anm\u00e4lan cirklar, kurs och arrangemang - S\u00f6dra Sm\u00e5land Kalmar","isPartOf":{"@id":"https:\/\/www.abf.se\/sodra-smaland-kalmar\/#website"},"datePublished":"2024-04-16T13:52:30+00:00","dateModified":"2024-04-18T09:30:10+00:00","breadcrumb":{"@id":"https:\/\/www.abf.se\/sodra-smaland-kalmar\/villkor-for-anmalan-cirklar-kurs-och-arrangemang\/#breadcrumb"},"inLanguage":"sv-SE","potentialAction":[{"@type":"ReadAction","target":["https:\/\/www.abf.se\/sodra-smaland-kalmar\/villkor-for-anmalan-cirklar-kurs-och-arrangemang\/"]}]},{"@type":"BreadcrumbList","@id":"https:\/\/www.abf.se\/sodra-smaland-kalmar\/villkor-for-anmalan-cirklar-kurs-och-arrangemang\/#breadcrumb","itemListElement":[{"@type":"ListItem","position":1,"name":"Home","item":"https:\/\/www.abf.se\/sodra-smaland-kalmar\/"},{"@type":"ListItem","position":2,"name":"Villkor f\u00f6r anm\u00e4lan cirklar, kurs och arrangemang"}]},{"@type":"WebSite","@id":"https:\/\/www.abf.se\/sodra-smaland-kalmar\/#website","url":"https:\/\/www.abf.se\/sodra-smaland-kalmar\/","name":"S\u00f6dra Sm\u00e5land Kalmar","description":"","potentialAction":[{"@type":"SearchAction","target":{"@type":"EntryPoint","urlTemplate":"https:\/\/www.abf.se\/sodra-smaland-kalmar\/?s={search_term_string}"},"query-input":{"@type":"PropertyValueSpecification","valueRequired":true,"valueName":"search_term_string"}}],"inLanguage":"sv-SE"}]}},"_links":{"self":[{"href":"https:\/\/www.abf.se\/sodra-smaland-kalmar\/wp-json\/wp\/v2\/pages\/6","targetHints":{"allow":["GET"]}}],"collection":[{"href":"https:\/\/www.abf.se\/sodra-smaland-kalmar\/wp-json\/wp\/v2\/pages"}],"about":[{"href":"https:\/\/www.abf.se\/sodra-smaland-kalmar\/wp-json\/wp\/v2\/types\/page"}],"author":[{"embeddable":true,"href":"https:\/\/www.abf.se\/sodra-smaland-kalmar\/wp-json\/wp\/v2\/users\/4"}],"replies":[{"embeddable":true,"href":"https:\/\/www.abf.se\/sodra-smaland-kalmar\/wp-json\/wp\/v2\/comments?post=6"}],"version-history":[{"count":7,"href":"https:\/\/www.abf.se\/sodra-smaland-kalmar\/wp-json\/wp\/v2\/pages\/6\/revisions"}],"predecessor-version":[{"id":192,"href":"https:\/\/www.abf.se\/sodra-smaland-kalmar\/wp-json\/wp\/v2\/pages\/6\/revisions\/192"}],"wp:attachment":[{"href":"https:\/\/www.abf.se\/sodra-smaland-kalmar\/wp-json\/wp\/v2\/media?parent=6"}],"curies":[{"name":"wp","href":"https:\/\/api.w.org\/{rel}","templated":true}]}}