{"id":34,"date":"2024-03-20T12:55:42","date_gmt":"2024-03-20T11:55:42","guid":{"rendered":"https:\/\/www.abf.se\/sormland\/?page_id=34"},"modified":"2025-02-26T10:57:30","modified_gmt":"2025-02-26T09:57:30","slug":"abf-nykoping","status":"publish","type":"page","link":"https:\/\/www.abf.se\/sormland\/kontakt\/abf-nykoping\/","title":{"rendered":"ABF Nyk\u00f6ping"},"content":{"rendered":"<div\n    class=\"acf-hero-block container-lg no-padding mb-12 js-geolocation\"\n    data-block=\"hero-block\"\n    data-index=\"0\"\n>\n    <div class=\"h-[548px]  relative rounded-[32px] overflow-hidden flex bg-gray-light\">\n        <div class=\"relative z-10 mt-auto h-auto w-full md:h-full\">\n            <div class=\"flex w-full h-full flex-col flex-wrap justify-end w-full md:w-7\/12 lg:w-1\/2 md:justify-center\">\n                <div class=\"flex flex-col gap-3 md:gap-[18px] md:transparent pt-16 pb-36 md:py-8 px-4 w-full md:max-w-[620px] mx-auto px-8\">\n\n                    <h1 class=\"hero-heading hero-heading--red-text\"><span>V\u00e4lkommen till <br \/>\r\nABF i Nyk\u00f6ping<\/span><\/h1>\n\n                    \n                                    <\/div>\n            <\/div>\n        <\/div>\n\n                    <picture class=\"as-background-image mix-blend-multiply bg-black\/40\"><img decoding=\"async\" src=\"https:\/\/www.abf.se\/sormland\/resized\/?url=https%3A%2F%2Fwww.abf.se%2Fwp-content%2Fuploads%2F2023%2F11%2FFrom-fly-2-finance-liggande_IMGP.jpg&#038;fit=crop&#038;w=1440&#038;s=8e7cd14a66765d0287e562185d0894d9\" srcset=\"https:\/\/www.abf.se\/sormland\/resized\/?url=https%3A%2F%2Fwww.abf.se%2Fwp-content%2Fuploads%2F2023%2F11%2FFrom-fly-2-finance-liggande_IMGP.jpg&#038;fit=crop&#038;w=375&#038;h=540&#038;s=21f2a03c907cfbf938275e6cf4b488d8 375w, https:\/\/www.abf.se\/sormland\/resized\/?url=https%3A%2F%2Fwww.abf.se%2Fwp-content%2Fuploads%2F2023%2F11%2FFrom-fly-2-finance-liggande_IMGP.jpg&#038;fit=crop&#038;w=447&#038;h=540&#038;s=05102680d59f111f46113feeb6e0757b 447w, https:\/\/www.abf.se\/sormland\/resized\/?url=https%3A%2F%2Fwww.abf.se%2Fwp-content%2Fuploads%2F2023%2F11%2FFrom-fly-2-finance-liggande_IMGP.jpg&#038;fit=crop&#038;w=519&#038;h=540&#038;s=c9607ae1cf36edc03795d3ce895836f2 519w, https:\/\/www.abf.se\/sormland\/resized\/?url=https%3A%2F%2Fwww.abf.se%2Fwp-content%2Fuploads%2F2023%2F11%2FFrom-fly-2-finance-liggande_IMGP.jpg&#038;fit=crop&#038;w=591&#038;h=540&#038;s=7abb6d1143d6f06b81058099ae9a55b5 591w, https:\/\/www.abf.se\/sormland\/resized\/?url=https%3A%2F%2Fwww.abf.se%2Fwp-content%2Fuploads%2F2023%2F11%2FFrom-fly-2-finance-liggande_IMGP.jpg&#038;fit=crop&#038;w=663&#038;h=540&#038;s=1ca3bc395c4a6167dd84072e4d333aee 663w, https:\/\/www.abf.se\/sormland\/resized\/?url=https%3A%2F%2Fwww.abf.se%2Fwp-content%2Fuploads%2F2023%2F11%2FFrom-fly-2-finance-liggande_IMGP.jpg&#038;fit=crop&#038;w=750&#038;h=540&#038;s=9824682eea32e37954177fda007d36bb 750w, https:\/\/www.abf.se\/sormland\/resized\/?url=https%3A%2F%2Fwww.abf.se%2Fwp-content%2Fuploads%2F2023%2F11%2FFrom-fly-2-finance-liggande_IMGP.jpg&#038;fit=crop&#038;w=894&#038;h=540&#038;s=89dc7d78f3be0f67c0b8fc7de54e49e4 894w, https:\/\/www.abf.se\/sormland\/resized\/?url=https%3A%2F%2Fwww.abf.se%2Fwp-content%2Fuploads%2F2023%2F11%2FFrom-fly-2-finance-liggande_IMGP.jpg&#038;fit=crop&#038;w=1038&#038;h=540&#038;s=7d77558fef95543b49acf38e30510c05 1038w, https:\/\/www.abf.se\/sormland\/resized\/?url=https%3A%2F%2Fwww.abf.se%2Fwp-content%2Fuploads%2F2023%2F11%2FFrom-fly-2-finance-liggande_IMGP.jpg&#038;fit=crop&#038;w=1182&#038;h=540&#038;s=b5f73944b8d2ce3dc77238a4b92e3761 1182w, https:\/\/www.abf.se\/sormland\/resized\/?url=https%3A%2F%2Fwww.abf.se%2Fwp-content%2Fuploads%2F2023%2F11%2FFrom-fly-2-finance-liggande_IMGP.jpg&#038;fit=crop&#038;w=1326&#038;h=540&#038;s=aa3d534009f71563552ed272e0b35bb4 1326w, https:\/\/www.abf.se\/sormland\/resized\/?url=https%3A%2F%2Fwww.abf.se%2Fwp-content%2Fuploads%2F2023%2F11%2FFrom-fly-2-finance-liggande_IMGP.jpg&#038;fit=crop&#038;w=1440&#038;h=540&#038;s=b4b85dd1fef7da7a79cb877248046df7 1440w\" alt=\"\" height=\"540\" width=\"1440\" sizes=\"(max-width: 1440px) calc(100vw - 32px), 1440px\" loading=\"eager\" fetchpriority=\"high\" aria-hidden=\"true\" role=\"presentation\" \/><\/picture>\n        \n\n            <\/div>\n\n    <\/div>\n\n<div\n    class=\"acf-text-image-block container my-12 md:my-15\"\n    data-block=\"text-image-block\"\n>\n    <div\n    class=\"flex flex-col items-center md:flex-row gap-8 md:gap-0 justify-between\">\n                        <div class=\"w-full md:w-1\/2 md:order-2\">\n            <picture><img decoding=\"async\" src=\"https:\/\/www.abf.se\/sormland\/resized\/?url=https%3A%2F%2Fwww.abf.se%2Fwp-content%2Fuploads%2Fsites%2F52%2F2024%2F05%2Fentre-abf-nyk.png&#038;fit=crop&#038;w=578&#038;s=53daca5d7678bb6dca1d2ca878aa1431\" srcset=\"https:\/\/www.abf.se\/sormland\/resized\/?url=https%3A%2F%2Fwww.abf.se%2Fwp-content%2Fuploads%2Fsites%2F52%2F2024%2F05%2Fentre-abf-nyk.png&#038;fit=crop&#038;w=144&#038;h=126&#038;s=49564ae8758fd8645065db372059fcf1 144w, https:\/\/www.abf.se\/sormland\/resized\/?url=https%3A%2F%2Fwww.abf.se%2Fwp-content%2Fuploads%2Fsites%2F52%2F2024%2F05%2Fentre-abf-nyk.png&#038;fit=crop&#038;w=240&#038;h=211&#038;s=e5e86b4f6b0d7d20b8b4081adaaa28ed 240w, https:\/\/www.abf.se\/sormland\/resized\/?url=https%3A%2F%2Fwww.abf.se%2Fwp-content%2Fuploads%2Fsites%2F52%2F2024%2F05%2Fentre-abf-nyk.png&#038;fit=crop&#038;w=288&#038;h=253&#038;s=980799b89411274d7d7bfcf0828a0cd9 288w, https:\/\/www.abf.se\/sormland\/resized\/?url=https%3A%2F%2Fwww.abf.se%2Fwp-content%2Fuploads%2Fsites%2F52%2F2024%2F05%2Fentre-abf-nyk.png&#038;fit=crop&#038;w=336&#038;h=295&#038;s=e1b59e65f9739f783af2976b8ade0910 336w, https:\/\/www.abf.se\/sormland\/resized\/?url=https%3A%2F%2Fwww.abf.se%2Fwp-content%2Fuploads%2Fsites%2F52%2F2024%2F05%2Fentre-abf-nyk.png&#038;fit=crop&#038;w=432&#038;h=380&#038;s=7aafe885c29e72b7bd314129c1491c5a 432w, https:\/\/www.abf.se\/sormland\/resized\/?url=https%3A%2F%2Fwww.abf.se%2Fwp-content%2Fuploads%2Fsites%2F52%2F2024%2F05%2Fentre-abf-nyk.png&#038;fit=crop&#038;w=480&#038;h=422&#038;s=8e1c2f20b7321f252e1af5b1e2104e71 480w, https:\/\/www.abf.se\/sormland\/resized\/?url=https%3A%2F%2Fwww.abf.se%2Fwp-content%2Fuploads%2Fsites%2F52%2F2024%2F05%2Fentre-abf-nyk.png&#038;fit=crop&#038;w=528&#038;h=464&#038;s=5a3cf406f5b34205444d60d5a4922032 528w, https:\/\/www.abf.se\/sormland\/resized\/?url=https%3A%2F%2Fwww.abf.se%2Fwp-content%2Fuploads%2Fsites%2F52%2F2024%2F05%2Fentre-abf-nyk.png&#038;fit=crop&#038;w=578&#038;h=509&#038;s=3195099acb4bd0f829fe1bbe98605fb5 578w, https:\/\/www.abf.se\/sormland\/resized\/?url=https%3A%2F%2Fwww.abf.se%2Fwp-content%2Fuploads%2Fsites%2F52%2F2024%2F05%2Fentre-abf-nyk.png&#038;fit=crop&#038;w=672&#038;h=591&#038;s=0c241143494b058ef1a53ce55100e1a0 672w, https:\/\/www.abf.se\/sormland\/resized\/?url=https%3A%2F%2Fwww.abf.se%2Fwp-content%2Fuploads%2Fsites%2F52%2F2024%2F05%2Fentre-abf-nyk.png&#038;fit=crop&#038;w=864&#038;h=760&#038;s=8f641fa29195624492ee48d6b31e1863 864w, https:\/\/www.abf.se\/sormland\/resized\/?url=https%3A%2F%2Fwww.abf.se%2Fwp-content%2Fuploads%2Fsites%2F52%2F2024%2F05%2Fentre-abf-nyk.png&#038;fit=crop&#038;w=1056&#038;h=929&#038;s=a36ca6d7c7f1b88411f7de94d4edf2f7 1056w\" alt=\"\" height=\"509\" width=\"578\" sizes=\"auto, (max-width: 768px) 100vw,\n                (max-width: 1280px) 50vw, 578px\" loading=\"lazy\" fetchpriority=\"low\" \/><\/picture>\n\n        <\/div>\n        \n        <div class=\"w-full md:w-1\/2 md:order-1\">\n        <div class=\"mx-auto md:max-w-[368px]\">\n            <h2 class=\"heading-lg\">Nyk\u00f6pings kommun, Gnesta kommun, Trosa kommun, Oxel\u00f6sunds kommun<\/h2>\n            <div class=\"mb-6 mt-4 wysiwyg\">\n                <p><strong>Bes\u00f6ksadress:<\/strong><br \/>\n\u00d6stra Kvarngatan 8<br \/>\n611 34 Nyk\u00f6ping<\/p>\n<p><strong>Telefon:<\/strong><br \/>\n0155-29 29 83<\/p>\n<p><strong>E-post:<\/strong><br \/>\n<a href=\"mailto:info.sormland@abf.se\">info.sormland@abf.se<\/a><\/p>\n<p>\u00d6ppettider:<br \/>\nF\u00f6r att tr\u00e4ffa en verksamhetsutvecklare m\u00e5ste du boka ett m\u00f6te. Telefonnummer och mejladresser finner du nedan.<\/p>\n<p>V\u00e4lkomna!<\/p>\n\n            <\/div>\n                                            <a href='https:\/\/www.google.se\/maps\/place\/ABF+S%C3%B6rmland\/@58.7538028,17.0142338,17z\/data=!3m1!4b1!4m6!3m5!1s0x465f2d70926e6055:0x225a80caf5fcfab8!8m2!3d58.7538028!4d17.0168087!16s%2Fg%2F1hc3n597z?entry=ttu' class=\"default-button\" target=\"_blank\">H\u00e4r finns vi!<\/a>\n                    <\/div>\n        <\/div>\n    <\/div>\n<\/div><div\n    class=\"acf-article-facts-block article-container  my-8 \"\n    data-block=\"article-facts-block\"\n>\n<div class=\"bg-teal-light border border-teal p-8 rounded-corners-sm\">\n<header>\n        <h2 class=\"heading-md text-teal-dark mb-3\">\n            \u00d6ppettider:\n        <\/h2>\n    <\/header>\n    <div class=\"wysiwyg\">\n        <p>Kontakta oss om du vill boka ett m\u00f6te.<\/p>\n<p>V\u00e4lkommen!<\/p>\n\n    <\/div>\n<\/div>\n\n<\/div>\n<ul\n    class=\"acf-article-accordion-block accordion-group grid gap-4 my-12 article-container\"\n    data-block=\"article-accordion-block \"\n    data-ui-accordion-group\n>\n\n            <li class=\"accordion\" data-ui-accordion data-ui-accordion-open=\"false\">\n        <h3>\n        <button data-ui-accordion-button class=\"accordion-toggle font-bold\" aria-expanded=\"false\" aria-controls=\"row-verksamhetsutvecklare-0\" id=\"verksamhetsutvecklare-0\">\n            Verksamhetsutvecklare\n            \n            <figure class=\"w-4.5 h-4.5\" aria-hidden=\"true\">\n            <svg width=\"20\" height=\"20\" viewBox=\"0 0 20 20\" fill=\"none\"\nclass=\"SvgIconElement\">\n<path d=\"M15.8333 7.16667L9.99992 13L4.16659 7.16667\" stroke=\"currentColor\"\/>\n<\/svg>\n            <\/figure>\n        <\/button>\n        \n                <\/h3>\n        <div class=\"accordion-content\">\n            <div id=\"row-verksamhetsutvecklare-0\" role=\"region\" class=\"accordion-content-wrap\" aria-labelledby=\"verksamhetsutvecklare-0\">\n                                                <div class=\"grid md:grid-cols-3 gap-y-10 mt-10\">\n                        \n                                                        <div class=\"contact flex flex-col gap-3\">\n                                <div class=\"md:max-w-[160px]\">\n                                    \n                                <\/div>\n                                <div class=\"\">\n                                    <h4 class=\"heading-lg\">Kenneth Hagberg<\/h4>\n                                    <p class=\"body-md\">Versamhetsutveckare<\/p>\n                                                                    <\/div>\n                                                                <div class=\"flex gap flex-col label-md gap-1\">\n                                                                        <div class=\"flex gap-3\">\n                                        <svg width=\"20\" height=\"20\" viewBox=\"0 0 20 20\" fill=\"none\" xmlns=\"http:\/\/www.w3.org\/2000\/svg\">\n<path d=\"M16.625 17.5C14.8333 17.5 13.0868 17.1007 11.3854 16.3021C9.68403 15.5035 8.17708 14.4479 6.86458 13.1354C5.55208 11.8229 4.49653 10.316 3.69792 8.61458C2.89931 6.91319 2.5 5.16667 2.5 3.375C2.5 3.125 2.58333 2.91667 2.75 2.75C2.91667 2.58333 3.125 2.5 3.375 2.5H6.75C6.94444 2.5 7.11806 2.5625 7.27083 2.6875C7.42361 2.8125 7.51389 2.97222 7.54167 3.16667L8.08333 6.08333C8.11111 6.27778 8.10764 6.45486 8.07292 6.61458C8.03819 6.77431 7.95833 6.91667 7.83333 7.04167L5.8125 9.08333C6.39583 10.0833 7.12847 11.0208 8.01042 11.8958C8.89236 12.7708 9.86111 13.5278 10.9167 14.1667L12.875 12.2083C13 12.0833 13.1632 11.9896 13.3646 11.9271C13.566 11.8646 13.7639 11.8472 13.9583 11.875L16.8333 12.4583C17.0278 12.5 17.1875 12.5938 17.3125 12.7396C17.4375 12.8854 17.5 13.0556 17.5 13.25V16.625C17.5 16.875 17.4167 17.0833 17.25 17.25C17.0833 17.4167 16.875 17.5 16.625 17.5ZM5.02083 7.5L6.39583 6.125L6.04167 4.16667H4.1875C4.25694 4.73611 4.35417 5.29861 4.47917 5.85417C4.60417 6.40972 4.78472 6.95833 5.02083 7.5ZM15.8333 15.7917V13.9583L13.875 13.5625L12.4792 14.9583C13.0208 15.1944 13.5729 15.3819 14.1354 15.5208C14.6979 15.6597 15.2639 15.75 15.8333 15.7917Z\" fill=\"black\"\/>\n<\/svg>\n                                        <p>\n                                                                                                                               <a href=\"callto:0155-15 09 38\">0155-15 09 38<\/a>\n                                                                                                                                     <\/p>\n                                    <\/div>\n                                                                                                            <div class=\"flex gap-3\">\n                                        <svg width=\"20\" height=\"20\" viewBox=\"0 0 20 20\" fill=\"none\" xmlns=\"http:\/\/www.w3.org\/2000\/svg\">\n<path d=\"M3.33366 16.6666C2.87533 16.6666 2.48296 16.5035 2.15658 16.1771C1.83019 15.8507 1.66699 15.4583 1.66699 15V4.99998C1.66699 4.54165 1.83019 4.14929 2.15658 3.8229C2.48296 3.49651 2.87533 3.33331 3.33366 3.33331H16.667C17.1253 3.33331 17.5177 3.49651 17.8441 3.8229C18.1705 4.14929 18.3337 4.54165 18.3337 4.99998V15C18.3337 15.4583 18.1705 15.8507 17.8441 16.1771C17.5177 16.5035 17.1253 16.6666 16.667 16.6666H3.33366ZM16.667 6.66665L10.4378 10.5625C10.3684 10.6041 10.2955 10.6354 10.2191 10.6562C10.1427 10.6771 10.0698 10.6875 10.0003 10.6875C9.93088 10.6875 9.85797 10.6771 9.78158 10.6562C9.70519 10.6354 9.63227 10.6041 9.56283 10.5625L3.33366 6.66665V15H16.667V6.66665ZM10.0003 9.16665L16.667 4.99998H3.33366L10.0003 9.16665ZM3.33366 6.87498V5.64581V5.66665V5.65623V6.87498Z\" fill=\"black\"\/>\n<\/svg>\n                                        <p><a href=\"mailto:kenneth.hagberg@abf.se\">kenneth.hagberg@abf.se<\/a><\/p>\n                                    <\/div>\n                                                                    <\/div>\n                                                            <\/div>\n                                            <\/div>\n                                        <\/div>\n        <\/div>\n    <\/li>\n            <li class=\"accordion\" data-ui-accordion data-ui-accordion-open=\"false\">\n        <h3>\n        <button data-ui-accordion-button class=\"accordion-toggle font-bold\" aria-expanded=\"false\" aria-controls=\"row-versamhetsutvecklare\/projektansvarigtamam-1\" id=\"versamhetsutvecklare\/projektansvarigtamam-1\">\n            Versamhetsutvecklare\/Projektansvarig Tamam\n            \n            <figure class=\"w-4.5 h-4.5\" aria-hidden=\"true\">\n            <svg width=\"20\" height=\"20\" viewBox=\"0 0 20 20\" fill=\"none\"\nclass=\"SvgIconElement\">\n<path d=\"M15.8333 7.16667L9.99992 13L4.16659 7.16667\" stroke=\"currentColor\"\/>\n<\/svg>\n            <\/figure>\n        <\/button>\n        \n                <\/h3>\n        <div class=\"accordion-content\">\n            <div id=\"row-versamhetsutvecklare\/projektansvarigtamam-1\" role=\"region\" class=\"accordion-content-wrap\" aria-labelledby=\"versamhetsutvecklare\/projektansvarigtamam-1\">\n                                                <div class=\"grid md:grid-cols-3 gap-y-10 mt-10\">\n                        \n                                                        <div class=\"contact flex flex-col gap-3\">\n                                <div class=\"md:max-w-[160px]\">\n                                    \n                                <\/div>\n                                <div class=\"\">\n                                    <h4 class=\"heading-lg\">Niclas Ericson<\/h4>\n                                    <p class=\"body-md\">Versamhetsutvecklare\/projektansvarig Tamam<\/p>\n                                                                    <\/div>\n                                                                <div class=\"flex gap flex-col label-md gap-1\">\n                                                                        <div class=\"flex gap-3\">\n                                        <svg width=\"20\" height=\"20\" viewBox=\"0 0 20 20\" fill=\"none\" xmlns=\"http:\/\/www.w3.org\/2000\/svg\">\n<path d=\"M16.625 17.5C14.8333 17.5 13.0868 17.1007 11.3854 16.3021C9.68403 15.5035 8.17708 14.4479 6.86458 13.1354C5.55208 11.8229 4.49653 10.316 3.69792 8.61458C2.89931 6.91319 2.5 5.16667 2.5 3.375C2.5 3.125 2.58333 2.91667 2.75 2.75C2.91667 2.58333 3.125 2.5 3.375 2.5H6.75C6.94444 2.5 7.11806 2.5625 7.27083 2.6875C7.42361 2.8125 7.51389 2.97222 7.54167 3.16667L8.08333 6.08333C8.11111 6.27778 8.10764 6.45486 8.07292 6.61458C8.03819 6.77431 7.95833 6.91667 7.83333 7.04167L5.8125 9.08333C6.39583 10.0833 7.12847 11.0208 8.01042 11.8958C8.89236 12.7708 9.86111 13.5278 10.9167 14.1667L12.875 12.2083C13 12.0833 13.1632 11.9896 13.3646 11.9271C13.566 11.8646 13.7639 11.8472 13.9583 11.875L16.8333 12.4583C17.0278 12.5 17.1875 12.5938 17.3125 12.7396C17.4375 12.8854 17.5 13.0556 17.5 13.25V16.625C17.5 16.875 17.4167 17.0833 17.25 17.25C17.0833 17.4167 16.875 17.5 16.625 17.5ZM5.02083 7.5L6.39583 6.125L6.04167 4.16667H4.1875C4.25694 4.73611 4.35417 5.29861 4.47917 5.85417C4.60417 6.40972 4.78472 6.95833 5.02083 7.5ZM15.8333 15.7917V13.9583L13.875 13.5625L12.4792 14.9583C13.0208 15.1944 13.5729 15.3819 14.1354 15.5208C14.6979 15.6597 15.2639 15.75 15.8333 15.7917Z\" fill=\"black\"\/>\n<\/svg>\n                                        <p>\n                                                                                                                               <a href=\"callto:0155-29 29 83\">0155-29 29 83<\/a>\n                                                                                                                                     <\/p>\n                                    <\/div>\n                                                                                                            <div class=\"flex gap-3\">\n                                        <svg width=\"20\" height=\"20\" viewBox=\"0 0 20 20\" fill=\"none\" xmlns=\"http:\/\/www.w3.org\/2000\/svg\">\n<path d=\"M3.33366 16.6666C2.87533 16.6666 2.48296 16.5035 2.15658 16.1771C1.83019 15.8507 1.66699 15.4583 1.66699 15V4.99998C1.66699 4.54165 1.83019 4.14929 2.15658 3.8229C2.48296 3.49651 2.87533 3.33331 3.33366 3.33331H16.667C17.1253 3.33331 17.5177 3.49651 17.8441 3.8229C18.1705 4.14929 18.3337 4.54165 18.3337 4.99998V15C18.3337 15.4583 18.1705 15.8507 17.8441 16.1771C17.5177 16.5035 17.1253 16.6666 16.667 16.6666H3.33366ZM16.667 6.66665L10.4378 10.5625C10.3684 10.6041 10.2955 10.6354 10.2191 10.6562C10.1427 10.6771 10.0698 10.6875 10.0003 10.6875C9.93088 10.6875 9.85797 10.6771 9.78158 10.6562C9.70519 10.6354 9.63227 10.6041 9.56283 10.5625L3.33366 6.66665V15H16.667V6.66665ZM10.0003 9.16665L16.667 4.99998H3.33366L10.0003 9.16665ZM3.33366 6.87498V5.64581V5.66665V5.65623V6.87498Z\" fill=\"black\"\/>\n<\/svg>\n                                        <p><a href=\"mailto:niclas.ericson@abf.se\">niclas.ericson@abf.se<\/a><\/p>\n                                    <\/div>\n                                                                    <\/div>\n                                                            <\/div>\n                                            <\/div>\n                                        <\/div>\n        <\/div>\n    <\/li>\n    <\/ul>\n","protected":false},"excerpt":{"rendered":"","protected":false},"author":112,"featured_media":0,"parent":7,"menu_order":0,"comment_status":"closed","ping_status":"closed","template":"","meta":{"_acf_changed":false,"footnotes":""},"class_list":["post-34","page","type-page","status-publish","hentry"],"acf":[],"yoast_head":"<!-- This site is optimized with the Yoast SEO plugin v27.0 - https:\/\/yoast.com\/product\/yoast-seo-wordpress\/ -->\n<title>ABF Nyk\u00f6ping - S\u00f6rmland<\/title>\n<meta name=\"robots\" content=\"index, follow, max-snippet:-1, max-image-preview:large, max-video-preview:-1\" \/>\n<link rel=\"canonical\" href=\"https:\/\/www.abf.se\/sormland\/kontakt\/abf-nykoping\/\" \/>\n<meta property=\"og:locale\" content=\"sv_SE\" \/>\n<meta property=\"og:type\" content=\"article\" \/>\n<meta property=\"og:title\" content=\"ABF Nyk\u00f6ping - S\u00f6rmland\" \/>\n<meta property=\"og:url\" content=\"https:\/\/www.abf.se\/sormland\/kontakt\/abf-nykoping\/\" \/>\n<meta property=\"og:site_name\" content=\"S\u00f6rmland\" \/>\n<meta property=\"article:modified_time\" content=\"2025-02-26T09:57:30+00:00\" \/>\n<meta property=\"og:image\" content=\"https:\/\/www.abf.se\/wp-content\/uploads\/sites\/52\/2024\/04\/Nyckeln-liggande-scaled.jpg\" \/>\n\t<meta property=\"og:image:width\" content=\"2560\" \/>\n\t<meta property=\"og:image:height\" content=\"1440\" \/>\n\t<meta property=\"og:image:type\" content=\"image\/jpeg\" \/>\n<meta name=\"twitter:card\" content=\"summary_large_image\" \/>\n<script type=\"application\/ld+json\" class=\"yoast-schema-graph\">{\"@context\":\"https:\/\/schema.org\",\"@graph\":[{\"@type\":\"WebPage\",\"@id\":\"https:\/\/www.abf.se\/sormland\/kontakt\/abf-nykoping\/\",\"url\":\"https:\/\/www.abf.se\/sormland\/kontakt\/abf-nykoping\/\",\"name\":\"ABF Nyk\u00f6ping - S\u00f6rmland\",\"isPartOf\":{\"@id\":\"https:\/\/www.abf.se\/sormland\/#website\"},\"datePublished\":\"2024-03-20T11:55:42+00:00\",\"dateModified\":\"2025-02-26T09:57:30+00:00\",\"breadcrumb\":{\"@id\":\"https:\/\/www.abf.se\/sormland\/kontakt\/abf-nykoping\/#breadcrumb\"},\"inLanguage\":\"sv-SE\",\"potentialAction\":[{\"@type\":\"ReadAction\",\"target\":[\"https:\/\/www.abf.se\/sormland\/kontakt\/abf-nykoping\/\"]}]},{\"@type\":\"BreadcrumbList\",\"@id\":\"https:\/\/www.abf.se\/sormland\/kontakt\/abf-nykoping\/#breadcrumb\",\"itemListElement\":[{\"@type\":\"ListItem\",\"position\":1,\"name\":\"Home\",\"item\":\"https:\/\/www.abf.se\/sormland\/\"},{\"@type\":\"ListItem\",\"position\":2,\"name\":\"Kontakt\",\"item\":\"https:\/\/www.abf.se\/sormland\/kontakt\/\"},{\"@type\":\"ListItem\",\"position\":3,\"name\":\"ABF Nyk\u00f6ping\"}]},{\"@type\":\"WebSite\",\"@id\":\"https:\/\/www.abf.se\/sormland\/#website\",\"url\":\"https:\/\/www.abf.se\/sormland\/\",\"name\":\"S\u00f6rmland\",\"description\":\"\",\"potentialAction\":[{\"@type\":\"SearchAction\",\"target\":{\"@type\":\"EntryPoint\",\"urlTemplate\":\"https:\/\/www.abf.se\/sormland\/?s={search_term_string}\"},\"query-input\":{\"@type\":\"PropertyValueSpecification\",\"valueRequired\":true,\"valueName\":\"search_term_string\"}}],\"inLanguage\":\"sv-SE\"}]}<\/script>\n<!-- \/ Yoast SEO plugin. -->","yoast_head_json":{"title":"ABF Nyk\u00f6ping - S\u00f6rmland","robots":{"index":"index","follow":"follow","max-snippet":"max-snippet:-1","max-image-preview":"max-image-preview:large","max-video-preview":"max-video-preview:-1"},"canonical":"https:\/\/www.abf.se\/sormland\/kontakt\/abf-nykoping\/","og_locale":"sv_SE","og_type":"article","og_title":"ABF Nyk\u00f6ping - S\u00f6rmland","og_url":"https:\/\/www.abf.se\/sormland\/kontakt\/abf-nykoping\/","og_site_name":"S\u00f6rmland","article_modified_time":"2025-02-26T09:57:30+00:00","og_image":[{"width":2560,"height":1440,"url":"https:\/\/www.abf.se\/wp-content\/uploads\/sites\/52\/2024\/04\/Nyckeln-liggande-scaled.jpg","type":"image\/jpeg"}],"twitter_card":"summary_large_image","schema":{"@context":"https:\/\/schema.org","@graph":[{"@type":"WebPage","@id":"https:\/\/www.abf.se\/sormland\/kontakt\/abf-nykoping\/","url":"https:\/\/www.abf.se\/sormland\/kontakt\/abf-nykoping\/","name":"ABF Nyk\u00f6ping - S\u00f6rmland","isPartOf":{"@id":"https:\/\/www.abf.se\/sormland\/#website"},"datePublished":"2024-03-20T11:55:42+00:00","dateModified":"2025-02-26T09:57:30+00:00","breadcrumb":{"@id":"https:\/\/www.abf.se\/sormland\/kontakt\/abf-nykoping\/#breadcrumb"},"inLanguage":"sv-SE","potentialAction":[{"@type":"ReadAction","target":["https:\/\/www.abf.se\/sormland\/kontakt\/abf-nykoping\/"]}]},{"@type":"BreadcrumbList","@id":"https:\/\/www.abf.se\/sormland\/kontakt\/abf-nykoping\/#breadcrumb","itemListElement":[{"@type":"ListItem","position":1,"name":"Home","item":"https:\/\/www.abf.se\/sormland\/"},{"@type":"ListItem","position":2,"name":"Kontakt","item":"https:\/\/www.abf.se\/sormland\/kontakt\/"},{"@type":"ListItem","position":3,"name":"ABF Nyk\u00f6ping"}]},{"@type":"WebSite","@id":"https:\/\/www.abf.se\/sormland\/#website","url":"https:\/\/www.abf.se\/sormland\/","name":"S\u00f6rmland","description":"","potentialAction":[{"@type":"SearchAction","target":{"@type":"EntryPoint","urlTemplate":"https:\/\/www.abf.se\/sormland\/?s={search_term_string}"},"query-input":{"@type":"PropertyValueSpecification","valueRequired":true,"valueName":"search_term_string"}}],"inLanguage":"sv-SE"}]}},"_links":{"self":[{"href":"https:\/\/www.abf.se\/sormland\/wp-json\/wp\/v2\/pages\/34","targetHints":{"allow":["GET"]}}],"collection":[{"href":"https:\/\/www.abf.se\/sormland\/wp-json\/wp\/v2\/pages"}],"about":[{"href":"https:\/\/www.abf.se\/sormland\/wp-json\/wp\/v2\/types\/page"}],"author":[{"embeddable":true,"href":"https:\/\/www.abf.se\/sormland\/wp-json\/wp\/v2\/users\/112"}],"replies":[{"embeddable":true,"href":"https:\/\/www.abf.se\/sormland\/wp-json\/wp\/v2\/comments?post=34"}],"version-history":[{"count":12,"href":"https:\/\/www.abf.se\/sormland\/wp-json\/wp\/v2\/pages\/34\/revisions"}],"predecessor-version":[{"id":833,"href":"https:\/\/www.abf.se\/sormland\/wp-json\/wp\/v2\/pages\/34\/revisions\/833"}],"up":[{"embeddable":true,"href":"https:\/\/www.abf.se\/sormland\/wp-json\/wp\/v2\/pages\/7"}],"wp:attachment":[{"href":"https:\/\/www.abf.se\/sormland\/wp-json\/wp\/v2\/media?parent=34"}],"curies":[{"name":"wp","href":"https:\/\/api.w.org\/{rel}","templated":true}]}}