{"id":36,"date":"2024-03-20T12:55:35","date_gmt":"2024-03-20T11:55:35","guid":{"rendered":"https:\/\/www.abf.se\/sormland\/?page_id=36"},"modified":"2025-02-26T10:49:13","modified_gmt":"2025-02-26T09:49:13","slug":"abf-katrineholm","status":"publish","type":"page","link":"https:\/\/www.abf.se\/sormland\/kontakt\/abf-katrineholm\/","title":{"rendered":"ABF Katrineholm\/Ving\u00e5ker"},"content":{"rendered":"<div\n    class=\"acf-hero-block container-lg no-padding mb-12 js-geolocation\"\n    data-block=\"hero-block\"\n    data-index=\"0\"\n>\n    <div class=\"h-[548px]  relative rounded-[32px] overflow-hidden flex bg-gray-light\">\n        <div class=\"relative z-10 mt-auto h-auto w-full md:h-full\">\n            <div class=\"flex w-full h-full flex-col flex-wrap justify-end w-full md:w-7\/12 lg:w-1\/2 md:justify-center\">\n                <div class=\"flex flex-col gap-3 md:gap-[18px] md:transparent pt-16 pb-36 md:py-8 px-4 w-full md:max-w-[620px] mx-auto px-8\">\n\n                    <h1 class=\"hero-heading hero-heading--red-text\"><span>V\u00e4lkommen till ABF i<br \/>\r\nKatrineholm\/Ving\u00e5ker<\/span><\/h1>\n\n                    \n                                    <\/div>\n            <\/div>\n        <\/div>\n\n                    <picture class=\"as-background-image mix-blend-multiply bg-black\/40\"><img decoding=\"async\" src=\"https:\/\/www.abf.se\/sormland\/resized\/?url=https%3A%2F%2Fwww.abf.se%2Fwp-content%2Fuploads%2F2023%2F11%2FKreativitet-liggande_IMGP.jpg&#038;fit=crop&#038;w=1440&#038;s=8305f3a8f83aae27d765e51fd1213eef\" srcset=\"https:\/\/www.abf.se\/sormland\/resized\/?url=https%3A%2F%2Fwww.abf.se%2Fwp-content%2Fuploads%2F2023%2F11%2FKreativitet-liggande_IMGP.jpg&#038;fit=crop&#038;w=375&#038;h=540&#038;s=bc1501d0d85851e7fcba9334ca3d5f2d 375w, https:\/\/www.abf.se\/sormland\/resized\/?url=https%3A%2F%2Fwww.abf.se%2Fwp-content%2Fuploads%2F2023%2F11%2FKreativitet-liggande_IMGP.jpg&#038;fit=crop&#038;w=447&#038;h=540&#038;s=06433099a5d74dcdb37dec30a7061d81 447w, https:\/\/www.abf.se\/sormland\/resized\/?url=https%3A%2F%2Fwww.abf.se%2Fwp-content%2Fuploads%2F2023%2F11%2FKreativitet-liggande_IMGP.jpg&#038;fit=crop&#038;w=519&#038;h=540&#038;s=e26ec6568431106617ec42f51972498e 519w, https:\/\/www.abf.se\/sormland\/resized\/?url=https%3A%2F%2Fwww.abf.se%2Fwp-content%2Fuploads%2F2023%2F11%2FKreativitet-liggande_IMGP.jpg&#038;fit=crop&#038;w=591&#038;h=540&#038;s=67905d8e6887da85e9ecc38a39ad0cc5 591w, https:\/\/www.abf.se\/sormland\/resized\/?url=https%3A%2F%2Fwww.abf.se%2Fwp-content%2Fuploads%2F2023%2F11%2FKreativitet-liggande_IMGP.jpg&#038;fit=crop&#038;w=663&#038;h=540&#038;s=ccf4a6e8c27a1cb0d7667fe132d2d886 663w, https:\/\/www.abf.se\/sormland\/resized\/?url=https%3A%2F%2Fwww.abf.se%2Fwp-content%2Fuploads%2F2023%2F11%2FKreativitet-liggande_IMGP.jpg&#038;fit=crop&#038;w=750&#038;h=540&#038;s=d44428e9eaccea48c7d0a07b8fc04bda 750w, https:\/\/www.abf.se\/sormland\/resized\/?url=https%3A%2F%2Fwww.abf.se%2Fwp-content%2Fuploads%2F2023%2F11%2FKreativitet-liggande_IMGP.jpg&#038;fit=crop&#038;w=894&#038;h=540&#038;s=8f55165d7b671e1113a748678855bd46 894w, https:\/\/www.abf.se\/sormland\/resized\/?url=https%3A%2F%2Fwww.abf.se%2Fwp-content%2Fuploads%2F2023%2F11%2FKreativitet-liggande_IMGP.jpg&#038;fit=crop&#038;w=1038&#038;h=540&#038;s=224bf539788db9cb6fd277eaf6925046 1038w, https:\/\/www.abf.se\/sormland\/resized\/?url=https%3A%2F%2Fwww.abf.se%2Fwp-content%2Fuploads%2F2023%2F11%2FKreativitet-liggande_IMGP.jpg&#038;fit=crop&#038;w=1182&#038;h=540&#038;s=575555a97d5b455a9721a1eac8019c39 1182w, https:\/\/www.abf.se\/sormland\/resized\/?url=https%3A%2F%2Fwww.abf.se%2Fwp-content%2Fuploads%2F2023%2F11%2FKreativitet-liggande_IMGP.jpg&#038;fit=crop&#038;w=1326&#038;h=540&#038;s=c49185cc4b36c97832832e3c08f7a165 1326w, https:\/\/www.abf.se\/sormland\/resized\/?url=https%3A%2F%2Fwww.abf.se%2Fwp-content%2Fuploads%2F2023%2F11%2FKreativitet-liggande_IMGP.jpg&#038;fit=crop&#038;w=1440&#038;h=540&#038;s=f4c0d4a6d6790019a60b4d0dda0dea6f 1440w\" alt=\"\" height=\"540\" width=\"1440\" sizes=\"(max-width: 1440px) calc(100vw - 32px), 1440px\" loading=\"eager\" fetchpriority=\"high\" aria-hidden=\"true\" role=\"presentation\" \/><\/picture>\n        \n\n            <\/div>\n\n    <\/div>\n\n<div\n    class=\"acf-text-image-block container my-12 md:my-15\"\n    data-block=\"text-image-block\"\n>\n    <div\n    class=\"flex flex-col items-center md:flex-row gap-8 md:gap-0 justify-between\">\n                        <div class=\"w-full md:w-1\/2 md:order-2\">\n            <picture><img decoding=\"async\" src=\"https:\/\/www.abf.se\/sormland\/resized\/?url=https%3A%2F%2Fwww.abf.se%2Fwp-content%2Fuploads%2Fsites%2F52%2F2025%2F01%2Fkatrineholm_entre-scaled.jpg&#038;fit=crop&#038;w=578&#038;s=391104fe88119dc6fca34514586b2412\" srcset=\"https:\/\/www.abf.se\/sormland\/resized\/?url=https%3A%2F%2Fwww.abf.se%2Fwp-content%2Fuploads%2Fsites%2F52%2F2025%2F01%2Fkatrineholm_entre-scaled.jpg&#038;fit=crop&#038;w=144&#038;h=126&#038;s=449792020bf78ca28e933f12e1364be1 144w, https:\/\/www.abf.se\/sormland\/resized\/?url=https%3A%2F%2Fwww.abf.se%2Fwp-content%2Fuploads%2Fsites%2F52%2F2025%2F01%2Fkatrineholm_entre-scaled.jpg&#038;fit=crop&#038;w=240&#038;h=211&#038;s=d75c49d19910c54dcbab434e2778fa75 240w, https:\/\/www.abf.se\/sormland\/resized\/?url=https%3A%2F%2Fwww.abf.se%2Fwp-content%2Fuploads%2Fsites%2F52%2F2025%2F01%2Fkatrineholm_entre-scaled.jpg&#038;fit=crop&#038;w=288&#038;h=253&#038;s=a77a458a9ee9cfdecb2ef131598415d3 288w, https:\/\/www.abf.se\/sormland\/resized\/?url=https%3A%2F%2Fwww.abf.se%2Fwp-content%2Fuploads%2Fsites%2F52%2F2025%2F01%2Fkatrineholm_entre-scaled.jpg&#038;fit=crop&#038;w=336&#038;h=295&#038;s=1a9c50ffafd39a1e42835bd6e76a8f51 336w, https:\/\/www.abf.se\/sormland\/resized\/?url=https%3A%2F%2Fwww.abf.se%2Fwp-content%2Fuploads%2Fsites%2F52%2F2025%2F01%2Fkatrineholm_entre-scaled.jpg&#038;fit=crop&#038;w=432&#038;h=380&#038;s=356aaf5cd0c22bfb5deda22207445dc8 432w, https:\/\/www.abf.se\/sormland\/resized\/?url=https%3A%2F%2Fwww.abf.se%2Fwp-content%2Fuploads%2Fsites%2F52%2F2025%2F01%2Fkatrineholm_entre-scaled.jpg&#038;fit=crop&#038;w=480&#038;h=422&#038;s=dda0015d809284aaf70d13380c401f7f 480w, https:\/\/www.abf.se\/sormland\/resized\/?url=https%3A%2F%2Fwww.abf.se%2Fwp-content%2Fuploads%2Fsites%2F52%2F2025%2F01%2Fkatrineholm_entre-scaled.jpg&#038;fit=crop&#038;w=528&#038;h=464&#038;s=8e2a8de9f0513b7733ad87a2a77aefff 528w, https:\/\/www.abf.se\/sormland\/resized\/?url=https%3A%2F%2Fwww.abf.se%2Fwp-content%2Fuploads%2Fsites%2F52%2F2025%2F01%2Fkatrineholm_entre-scaled.jpg&#038;fit=crop&#038;w=578&#038;h=509&#038;s=bf4fc456ce21e8eca8e3d214edec3b15 578w, https:\/\/www.abf.se\/sormland\/resized\/?url=https%3A%2F%2Fwww.abf.se%2Fwp-content%2Fuploads%2Fsites%2F52%2F2025%2F01%2Fkatrineholm_entre-scaled.jpg&#038;fit=crop&#038;w=672&#038;h=591&#038;s=728d5006f85a940d19eca42c20b4b21d 672w, https:\/\/www.abf.se\/sormland\/resized\/?url=https%3A%2F%2Fwww.abf.se%2Fwp-content%2Fuploads%2Fsites%2F52%2F2025%2F01%2Fkatrineholm_entre-scaled.jpg&#038;fit=crop&#038;w=864&#038;h=760&#038;s=308dd4efc1f01fa029292a43289cd786 864w, https:\/\/www.abf.se\/sormland\/resized\/?url=https%3A%2F%2Fwww.abf.se%2Fwp-content%2Fuploads%2Fsites%2F52%2F2025%2F01%2Fkatrineholm_entre-scaled.jpg&#038;fit=crop&#038;w=1056&#038;h=929&#038;s=9be647dcc716c9cc825189540cfa4f66 1056w\" alt=\"\" height=\"509\" width=\"578\" sizes=\"auto, (max-width: 768px) 100vw,\n                (max-width: 1280px) 50vw, 578px\" loading=\"lazy\" fetchpriority=\"low\" \/><\/picture>\n\n        <\/div>\n        \n        <div class=\"w-full md:w-1\/2 md:order-1\">\n        <div class=\"mx-auto md:max-w-[368px]\">\n            <h2 class=\"heading-lg\">Katrineholms kommun, Ving\u00e5kers kommun<\/h2>\n            <div class=\"mb-6 mt-4 wysiwyg\">\n                <p><strong>Bes\u00f6ksadress<\/strong>:<br \/>\nVidev\u00e4gen 9<br \/>\n641 49 Katrineholm<\/p>\n<p><strong>Telefon:<\/strong><br \/>\n0150-511 16 \/ 076-645 06 20<\/p>\n<p><strong>E-post:<\/strong><br \/>\n<a href=\"mailto:info.sormland@abf.se\">info.sormland@abf.se<\/a><\/p>\n<p>\u00d6ppettider:<br \/>\nF\u00f6r att tr\u00e4ffa en verksamhetsutvecklare m\u00e5ste du boka ett m\u00f6te. Telefonnummer och mejladresser finner du nedan.<\/p>\n<p>V\u00e4lkomna!<\/p>\n\n            <\/div>\n                                            <a href='https:\/\/www.google.se\/maps\/place\/ABF+Katrineholm\/@59.000473,16.2275886,17z\/data=!3m1!4b1!4m14!1m7!3m6!1s0x465eb78cf77f5b03:0x16cb7309186f4c23!2sABF+S%C3%B6rmland!8m2!3d59.0024654!4d16.2082337!16s%2Fg%2F1hc841h56!3m5!1s0x465eb7f0bf27b351:0x2f80ac6121a7ab76!8m2!3d59.000473!4d16.2301635!16s%2Fg%2F11c7dtbv8s?entry=ttu&amp;amp;g_ep=EgoyMDI1MDIwMy4wIKXMDSoASAFQAw%3D%3D' class=\"default-button\" target=\"_blank\">H\u00e4r finns vi i Katrineholm!<\/a>\n                    <\/div>\n        <\/div>\n    <\/div>\n<\/div><div\n    class=\"acf-article-facts-block article-container  my-8 \"\n    data-block=\"article-facts-block\"\n>\n<div class=\"bg-teal-light border border-teal p-8 rounded-corners-sm\">\n<header>\n        <h2 class=\"heading-md text-teal-dark mb-3\">\n            \u00d6ppettider:\n        <\/h2>\n    <\/header>\n    <div class=\"wysiwyg\">\n        <p>Kontakta oss om du vill boka tid f\u00f6r ett m\u00f6te.<\/p>\n<p>V\u00e4lkommen!<\/p>\n\n    <\/div>\n<\/div>\n\n<\/div>\n<ul\n    class=\"acf-article-accordion-block accordion-group grid gap-4 my-12 article-container--wide\"\n    data-block=\"article-accordion-block \"\n    data-ui-accordion-group\n>\n\n            <li class=\"accordion\" data-ui-accordion data-ui-accordion-open=\"false\">\n        <h3>\n        <button data-ui-accordion-button class=\"accordion-toggle font-bold\" aria-expanded=\"false\" aria-controls=\"row-verksamhetsutvecklare-0\" id=\"verksamhetsutvecklare-0\">\n            Verksamhetsutvecklare\n            \n            <figure class=\"w-4.5 h-4.5\" aria-hidden=\"true\">\n            <svg width=\"20\" height=\"20\" viewBox=\"0 0 20 20\" fill=\"none\"\nclass=\"SvgIconElement\">\n<path d=\"M15.8333 7.16667L9.99992 13L4.16659 7.16667\" stroke=\"currentColor\"\/>\n<\/svg>\n            <\/figure>\n        <\/button>\n        \n                <\/h3>\n        <div class=\"accordion-content\">\n            <div id=\"row-verksamhetsutvecklare-0\" role=\"region\" class=\"accordion-content-wrap\" aria-labelledby=\"verksamhetsutvecklare-0\">\n                                                <div class=\"grid md:grid-cols-3 gap-y-10 mt-10\">\n                        \n                                                        <div class=\"contact flex flex-col gap-3\">\n                                <div class=\"md:max-w-[160px]\">\n                                    \n                                <\/div>\n                                <div class=\"\">\n                                    <h4 class=\"heading-lg\">Anna \u00c5teg<\/h4>\n                                    <p class=\"body-md\">Verksamhetsutvecklare<\/p>\n                                                                    <\/div>\n                                                                <div class=\"flex gap flex-col label-md gap-1\">\n                                                                        <div class=\"flex gap-3\">\n                                        <svg width=\"20\" height=\"20\" viewBox=\"0 0 20 20\" fill=\"none\" xmlns=\"http:\/\/www.w3.org\/2000\/svg\">\n<path d=\"M16.625 17.5C14.8333 17.5 13.0868 17.1007 11.3854 16.3021C9.68403 15.5035 8.17708 14.4479 6.86458 13.1354C5.55208 11.8229 4.49653 10.316 3.69792 8.61458C2.89931 6.91319 2.5 5.16667 2.5 3.375C2.5 3.125 2.58333 2.91667 2.75 2.75C2.91667 2.58333 3.125 2.5 3.375 2.5H6.75C6.94444 2.5 7.11806 2.5625 7.27083 2.6875C7.42361 2.8125 7.51389 2.97222 7.54167 3.16667L8.08333 6.08333C8.11111 6.27778 8.10764 6.45486 8.07292 6.61458C8.03819 6.77431 7.95833 6.91667 7.83333 7.04167L5.8125 9.08333C6.39583 10.0833 7.12847 11.0208 8.01042 11.8958C8.89236 12.7708 9.86111 13.5278 10.9167 14.1667L12.875 12.2083C13 12.0833 13.1632 11.9896 13.3646 11.9271C13.566 11.8646 13.7639 11.8472 13.9583 11.875L16.8333 12.4583C17.0278 12.5 17.1875 12.5938 17.3125 12.7396C17.4375 12.8854 17.5 13.0556 17.5 13.25V16.625C17.5 16.875 17.4167 17.0833 17.25 17.25C17.0833 17.4167 16.875 17.5 16.625 17.5ZM5.02083 7.5L6.39583 6.125L6.04167 4.16667H4.1875C4.25694 4.73611 4.35417 5.29861 4.47917 5.85417C4.60417 6.40972 4.78472 6.95833 5.02083 7.5ZM15.8333 15.7917V13.9583L13.875 13.5625L12.4792 14.9583C13.0208 15.1944 13.5729 15.3819 14.1354 15.5208C14.6979 15.6597 15.2639 15.75 15.8333 15.7917Z\" fill=\"black\"\/>\n<\/svg>\n                                        <p>\n                                                                                                                               <a href=\"callto:0150-511 16\">0150-511 16<\/a>\n                                                                                                                                     <\/p>\n                                    <\/div>\n                                                                                                            <div class=\"flex gap-3\">\n                                        <svg width=\"20\" height=\"20\" viewBox=\"0 0 20 20\" fill=\"none\" xmlns=\"http:\/\/www.w3.org\/2000\/svg\">\n<path d=\"M3.33366 16.6666C2.87533 16.6666 2.48296 16.5035 2.15658 16.1771C1.83019 15.8507 1.66699 15.4583 1.66699 15V4.99998C1.66699 4.54165 1.83019 4.14929 2.15658 3.8229C2.48296 3.49651 2.87533 3.33331 3.33366 3.33331H16.667C17.1253 3.33331 17.5177 3.49651 17.8441 3.8229C18.1705 4.14929 18.3337 4.54165 18.3337 4.99998V15C18.3337 15.4583 18.1705 15.8507 17.8441 16.1771C17.5177 16.5035 17.1253 16.6666 16.667 16.6666H3.33366ZM16.667 6.66665L10.4378 10.5625C10.3684 10.6041 10.2955 10.6354 10.2191 10.6562C10.1427 10.6771 10.0698 10.6875 10.0003 10.6875C9.93088 10.6875 9.85797 10.6771 9.78158 10.6562C9.70519 10.6354 9.63227 10.6041 9.56283 10.5625L3.33366 6.66665V15H16.667V6.66665ZM10.0003 9.16665L16.667 4.99998H3.33366L10.0003 9.16665ZM3.33366 6.87498V5.64581V5.66665V5.65623V6.87498Z\" fill=\"black\"\/>\n<\/svg>\n                                        <p><a href=\"mailto:anna.ateg@abf.se\">anna.ateg@abf.se<\/a><\/p>\n                                    <\/div>\n                                                                    <\/div>\n                                                            <\/div>\n                        \n                                                        <div class=\"contact flex flex-col gap-3\">\n                                <div class=\"md:max-w-[160px]\">\n                                    \n                                <\/div>\n                                <div class=\"\">\n                                    <h4 class=\"heading-lg\">Marie-Louise Karlsson<\/h4>\n                                    <p class=\"body-md\">Verksamhetsutvecklare<\/p>\n                                                                    <\/div>\n                                                                <div class=\"flex gap flex-col label-md gap-1\">\n                                                                        <div class=\"flex gap-3\">\n                                        <svg width=\"20\" height=\"20\" viewBox=\"0 0 20 20\" fill=\"none\" xmlns=\"http:\/\/www.w3.org\/2000\/svg\">\n<path d=\"M16.625 17.5C14.8333 17.5 13.0868 17.1007 11.3854 16.3021C9.68403 15.5035 8.17708 14.4479 6.86458 13.1354C5.55208 11.8229 4.49653 10.316 3.69792 8.61458C2.89931 6.91319 2.5 5.16667 2.5 3.375C2.5 3.125 2.58333 2.91667 2.75 2.75C2.91667 2.58333 3.125 2.5 3.375 2.5H6.75C6.94444 2.5 7.11806 2.5625 7.27083 2.6875C7.42361 2.8125 7.51389 2.97222 7.54167 3.16667L8.08333 6.08333C8.11111 6.27778 8.10764 6.45486 8.07292 6.61458C8.03819 6.77431 7.95833 6.91667 7.83333 7.04167L5.8125 9.08333C6.39583 10.0833 7.12847 11.0208 8.01042 11.8958C8.89236 12.7708 9.86111 13.5278 10.9167 14.1667L12.875 12.2083C13 12.0833 13.1632 11.9896 13.3646 11.9271C13.566 11.8646 13.7639 11.8472 13.9583 11.875L16.8333 12.4583C17.0278 12.5 17.1875 12.5938 17.3125 12.7396C17.4375 12.8854 17.5 13.0556 17.5 13.25V16.625C17.5 16.875 17.4167 17.0833 17.25 17.25C17.0833 17.4167 16.875 17.5 16.625 17.5ZM5.02083 7.5L6.39583 6.125L6.04167 4.16667H4.1875C4.25694 4.73611 4.35417 5.29861 4.47917 5.85417C4.60417 6.40972 4.78472 6.95833 5.02083 7.5ZM15.8333 15.7917V13.9583L13.875 13.5625L12.4792 14.9583C13.0208 15.1944 13.5729 15.3819 14.1354 15.5208C14.6979 15.6597 15.2639 15.75 15.8333 15.7917Z\" fill=\"black\"\/>\n<\/svg>\n                                        <p>\n                                                                                                                               <a href=\"callto:0150-511 20\">0150-511 20<\/a>\n                                                                                                                                     <\/p>\n                                    <\/div>\n                                                                                                            <div class=\"flex gap-3\">\n                                        <svg width=\"20\" height=\"20\" viewBox=\"0 0 20 20\" fill=\"none\" xmlns=\"http:\/\/www.w3.org\/2000\/svg\">\n<path d=\"M3.33366 16.6666C2.87533 16.6666 2.48296 16.5035 2.15658 16.1771C1.83019 15.8507 1.66699 15.4583 1.66699 15V4.99998C1.66699 4.54165 1.83019 4.14929 2.15658 3.8229C2.48296 3.49651 2.87533 3.33331 3.33366 3.33331H16.667C17.1253 3.33331 17.5177 3.49651 17.8441 3.8229C18.1705 4.14929 18.3337 4.54165 18.3337 4.99998V15C18.3337 15.4583 18.1705 15.8507 17.8441 16.1771C17.5177 16.5035 17.1253 16.6666 16.667 16.6666H3.33366ZM16.667 6.66665L10.4378 10.5625C10.3684 10.6041 10.2955 10.6354 10.2191 10.6562C10.1427 10.6771 10.0698 10.6875 10.0003 10.6875C9.93088 10.6875 9.85797 10.6771 9.78158 10.6562C9.70519 10.6354 9.63227 10.6041 9.56283 10.5625L3.33366 6.66665V15H16.667V6.66665ZM10.0003 9.16665L16.667 4.99998H3.33366L10.0003 9.16665ZM3.33366 6.87498V5.64581V5.66665V5.65623V6.87498Z\" fill=\"black\"\/>\n<\/svg>\n                                        <p><a href=\"mailto:marie-louise.karlsson@abf.se\">marie-louise.karlsson@abf.se<\/a><\/p>\n                                    <\/div>\n                                                                    <\/div>\n                                                            <\/div>\n                                            <\/div>\n                                        <\/div>\n        <\/div>\n    <\/li>\n    <\/ul>\n","protected":false},"excerpt":{"rendered":"","protected":false},"author":112,"featured_media":0,"parent":7,"menu_order":0,"comment_status":"closed","ping_status":"closed","template":"","meta":{"_acf_changed":false,"footnotes":""},"class_list":["post-36","page","type-page","status-publish","hentry"],"acf":[],"yoast_head":"<!-- This site is optimized with the Yoast SEO plugin v27.0 - https:\/\/yoast.com\/product\/yoast-seo-wordpress\/ -->\n<title>ABF Katrineholm\/Ving\u00e5ker - S\u00f6rmland<\/title>\n<meta name=\"robots\" content=\"index, follow, max-snippet:-1, max-image-preview:large, max-video-preview:-1\" \/>\n<link rel=\"canonical\" href=\"https:\/\/www.abf.se\/sormland\/kontakt\/abf-katrineholm\/\" \/>\n<meta property=\"og:locale\" content=\"sv_SE\" \/>\n<meta property=\"og:type\" content=\"article\" \/>\n<meta property=\"og:title\" content=\"ABF Katrineholm\/Ving\u00e5ker - S\u00f6rmland\" \/>\n<meta property=\"og:url\" content=\"https:\/\/www.abf.se\/sormland\/kontakt\/abf-katrineholm\/\" \/>\n<meta property=\"og:site_name\" content=\"S\u00f6rmland\" \/>\n<meta property=\"article:modified_time\" content=\"2025-02-26T09:49:13+00:00\" \/>\n<meta property=\"og:image\" content=\"https:\/\/www.abf.se\/wp-content\/uploads\/sites\/52\/2024\/04\/Nyckeln-liggande-scaled.jpg\" \/>\n\t<meta property=\"og:image:width\" content=\"2560\" \/>\n\t<meta property=\"og:image:height\" content=\"1440\" \/>\n\t<meta property=\"og:image:type\" content=\"image\/jpeg\" \/>\n<meta name=\"twitter:card\" content=\"summary_large_image\" \/>\n<script type=\"application\/ld+json\" class=\"yoast-schema-graph\">{\"@context\":\"https:\/\/schema.org\",\"@graph\":[{\"@type\":\"WebPage\",\"@id\":\"https:\/\/www.abf.se\/sormland\/kontakt\/abf-katrineholm\/\",\"url\":\"https:\/\/www.abf.se\/sormland\/kontakt\/abf-katrineholm\/\",\"name\":\"ABF Katrineholm\/Ving\u00e5ker - S\u00f6rmland\",\"isPartOf\":{\"@id\":\"https:\/\/www.abf.se\/sormland\/#website\"},\"datePublished\":\"2024-03-20T11:55:35+00:00\",\"dateModified\":\"2025-02-26T09:49:13+00:00\",\"breadcrumb\":{\"@id\":\"https:\/\/www.abf.se\/sormland\/kontakt\/abf-katrineholm\/#breadcrumb\"},\"inLanguage\":\"sv-SE\",\"potentialAction\":[{\"@type\":\"ReadAction\",\"target\":[\"https:\/\/www.abf.se\/sormland\/kontakt\/abf-katrineholm\/\"]}]},{\"@type\":\"BreadcrumbList\",\"@id\":\"https:\/\/www.abf.se\/sormland\/kontakt\/abf-katrineholm\/#breadcrumb\",\"itemListElement\":[{\"@type\":\"ListItem\",\"position\":1,\"name\":\"Home\",\"item\":\"https:\/\/www.abf.se\/sormland\/\"},{\"@type\":\"ListItem\",\"position\":2,\"name\":\"Kontakt\",\"item\":\"https:\/\/www.abf.se\/sormland\/kontakt\/\"},{\"@type\":\"ListItem\",\"position\":3,\"name\":\"ABF Katrineholm\/Ving\u00e5ker\"}]},{\"@type\":\"WebSite\",\"@id\":\"https:\/\/www.abf.se\/sormland\/#website\",\"url\":\"https:\/\/www.abf.se\/sormland\/\",\"name\":\"S\u00f6rmland\",\"description\":\"\",\"potentialAction\":[{\"@type\":\"SearchAction\",\"target\":{\"@type\":\"EntryPoint\",\"urlTemplate\":\"https:\/\/www.abf.se\/sormland\/?s={search_term_string}\"},\"query-input\":{\"@type\":\"PropertyValueSpecification\",\"valueRequired\":true,\"valueName\":\"search_term_string\"}}],\"inLanguage\":\"sv-SE\"}]}<\/script>\n<!-- \/ Yoast SEO plugin. -->","yoast_head_json":{"title":"ABF Katrineholm\/Ving\u00e5ker - S\u00f6rmland","robots":{"index":"index","follow":"follow","max-snippet":"max-snippet:-1","max-image-preview":"max-image-preview:large","max-video-preview":"max-video-preview:-1"},"canonical":"https:\/\/www.abf.se\/sormland\/kontakt\/abf-katrineholm\/","og_locale":"sv_SE","og_type":"article","og_title":"ABF Katrineholm\/Ving\u00e5ker - S\u00f6rmland","og_url":"https:\/\/www.abf.se\/sormland\/kontakt\/abf-katrineholm\/","og_site_name":"S\u00f6rmland","article_modified_time":"2025-02-26T09:49:13+00:00","og_image":[{"width":2560,"height":1440,"url":"https:\/\/www.abf.se\/wp-content\/uploads\/sites\/52\/2024\/04\/Nyckeln-liggande-scaled.jpg","type":"image\/jpeg"}],"twitter_card":"summary_large_image","schema":{"@context":"https:\/\/schema.org","@graph":[{"@type":"WebPage","@id":"https:\/\/www.abf.se\/sormland\/kontakt\/abf-katrineholm\/","url":"https:\/\/www.abf.se\/sormland\/kontakt\/abf-katrineholm\/","name":"ABF Katrineholm\/Ving\u00e5ker - S\u00f6rmland","isPartOf":{"@id":"https:\/\/www.abf.se\/sormland\/#website"},"datePublished":"2024-03-20T11:55:35+00:00","dateModified":"2025-02-26T09:49:13+00:00","breadcrumb":{"@id":"https:\/\/www.abf.se\/sormland\/kontakt\/abf-katrineholm\/#breadcrumb"},"inLanguage":"sv-SE","potentialAction":[{"@type":"ReadAction","target":["https:\/\/www.abf.se\/sormland\/kontakt\/abf-katrineholm\/"]}]},{"@type":"BreadcrumbList","@id":"https:\/\/www.abf.se\/sormland\/kontakt\/abf-katrineholm\/#breadcrumb","itemListElement":[{"@type":"ListItem","position":1,"name":"Home","item":"https:\/\/www.abf.se\/sormland\/"},{"@type":"ListItem","position":2,"name":"Kontakt","item":"https:\/\/www.abf.se\/sormland\/kontakt\/"},{"@type":"ListItem","position":3,"name":"ABF Katrineholm\/Ving\u00e5ker"}]},{"@type":"WebSite","@id":"https:\/\/www.abf.se\/sormland\/#website","url":"https:\/\/www.abf.se\/sormland\/","name":"S\u00f6rmland","description":"","potentialAction":[{"@type":"SearchAction","target":{"@type":"EntryPoint","urlTemplate":"https:\/\/www.abf.se\/sormland\/?s={search_term_string}"},"query-input":{"@type":"PropertyValueSpecification","valueRequired":true,"valueName":"search_term_string"}}],"inLanguage":"sv-SE"}]}},"_links":{"self":[{"href":"https:\/\/www.abf.se\/sormland\/wp-json\/wp\/v2\/pages\/36","targetHints":{"allow":["GET"]}}],"collection":[{"href":"https:\/\/www.abf.se\/sormland\/wp-json\/wp\/v2\/pages"}],"about":[{"href":"https:\/\/www.abf.se\/sormland\/wp-json\/wp\/v2\/types\/page"}],"author":[{"embeddable":true,"href":"https:\/\/www.abf.se\/sormland\/wp-json\/wp\/v2\/users\/112"}],"replies":[{"embeddable":true,"href":"https:\/\/www.abf.se\/sormland\/wp-json\/wp\/v2\/comments?post=36"}],"version-history":[{"count":16,"href":"https:\/\/www.abf.se\/sormland\/wp-json\/wp\/v2\/pages\/36\/revisions"}],"predecessor-version":[{"id":832,"href":"https:\/\/www.abf.se\/sormland\/wp-json\/wp\/v2\/pages\/36\/revisions\/832"}],"up":[{"embeddable":true,"href":"https:\/\/www.abf.se\/sormland\/wp-json\/wp\/v2\/pages\/7"}],"wp:attachment":[{"href":"https:\/\/www.abf.se\/sormland\/wp-json\/wp\/v2\/media?parent=36"}],"curies":[{"name":"wp","href":"https:\/\/api.w.org\/{rel}","templated":true}]}}