{"id":214,"date":"2024-05-03T13:57:28","date_gmt":"2024-05-03T11:57:28","guid":{"rendered":"https:\/\/www.abf.se\/umearegionen\/?page_id=214"},"modified":"2024-05-03T13:57:28","modified_gmt":"2024-05-03T11:57:28","slug":"samarbeta-med-oss","status":"publish","type":"page","link":"https:\/\/www.abf.se\/umearegionen\/samarbeta-med-oss\/","title":{"rendered":"Samarbeta med oss"},"content":{"rendered":"<div\n    class=\"acf-plain-heading-block container my-16\"\n    data-block=\"plain-heading-block\"\n>\n    <div class=\"max-w-[658px] mx-auto\">\n                <h1 class=\"hero-heading\"><span>Samarbeta med oss<\/span><\/h1>\n                            <p class=\"mt-8 body-xl text-black\">\n                Tillsammans med ABF Ume\u00e5regionen kan din f\u00f6rening eller grupp samlas och utveckla sina gemensamma intressen genom studiecirklar, kulturarrangemang eller annan folkbildning. Som den ledande organisationen i l\u00e4net f\u00f6r bildning och kultur kan vi hj\u00e4lpa er att l\u00e4ra, m\u00f6tas och skapa \u2013 tillsammans!\n            <\/p>\n            <\/div>\n<\/div>\n<div\n    class=\"acf-article-text-block article-container my-12\"\n    data-block=\"article-text-block\"\n>\n    <div class=\"wysiwyg\">\n        <h2>F\u00f6reningar och grupper<\/h2>\n<p>N\u00e4r er f\u00f6rening eller grupp samverkar med ABF Ume\u00e5regionen har ni tillg\u00e5ng till flertalet f\u00f6rm\u00e5ner:<\/p>\n<ul>\n<li>En verksamhetsutvecklare med spetskompetens inom ert omr\u00e5de, som kan hj\u00e4lpa er att f\u00f6rverkliga planer och dr\u00f6mmar genom pedagogiskt st\u00f6d och praktisk hj\u00e4lp<\/li>\n<li>Subventionerad hyra av f\u00f6rel\u00e4sningssalar och studierum<\/li>\n<li>St\u00f6d till cirkelledare och\/eller \u00f6vriga i f\u00f6reningen<\/li>\n<li>Professionell och effektivt kommunikation och marknadsf\u00f6ring i etablerade kanaler och medier<\/li>\n<li>Kompetensutveckling f\u00f6r cirkelledare<\/li>\n<li>Kompetensutveckling f\u00f6r olika f\u00f6rtroendevalda funktioner<\/li>\n<li>Kompetensutveckling och st\u00f6d i det egna f\u00f6reningsarbetet: organisation, kommunikation och administration<\/li>\n<li>Samarrangemang och st\u00f6rre konferenser med ABF Ume\u00e5regionen<\/li>\n<li>Kontakt eller samverkan med andra f\u00f6reningar eller f\u00f6rel\u00e4sare som f\u00f6rmedlas via ABF Ume\u00e5regionens kontaktpersoner<\/li>\n<\/ul>\n\n    <\/div>\n<\/div>\n","protected":false},"excerpt":{"rendered":"","protected":false},"author":25,"featured_media":0,"parent":0,"menu_order":0,"comment_status":"closed","ping_status":"closed","template":"","meta":{"_acf_changed":false,"footnotes":""},"class_list":["post-214","page","type-page","status-publish","hentry"],"acf":[],"yoast_head":"<!-- This site is optimized with the Yoast SEO plugin v27.0 - https:\/\/yoast.com\/product\/yoast-seo-wordpress\/ -->\n<title>Samarbeta med oss - Ume\u00e5regionen<\/title>\n<meta name=\"robots\" content=\"index, follow, max-snippet:-1, max-image-preview:large, max-video-preview:-1\" \/>\n<link rel=\"canonical\" href=\"https:\/\/www.abf.se\/umearegionen\/samarbeta-med-oss\/\" \/>\n<meta property=\"og:locale\" content=\"sv_SE\" \/>\n<meta property=\"og:type\" content=\"article\" \/>\n<meta property=\"og:title\" content=\"Samarbeta med oss - Ume\u00e5regionen\" \/>\n<meta property=\"og:url\" content=\"https:\/\/www.abf.se\/umearegionen\/samarbeta-med-oss\/\" \/>\n<meta property=\"og:site_name\" content=\"Ume\u00e5regionen\" \/>\n<meta property=\"og:image\" content=\"https:\/\/www.abf.se\/wp-content\/uploads\/sites\/53\/2024\/04\/Nyckeln-liggande-scaled.jpg\" \/>\n\t<meta property=\"og:image:width\" content=\"2560\" \/>\n\t<meta property=\"og:image:height\" content=\"1440\" \/>\n\t<meta property=\"og:image:type\" content=\"image\/jpeg\" \/>\n<meta name=\"twitter:card\" content=\"summary_large_image\" \/>\n<script type=\"application\/ld+json\" class=\"yoast-schema-graph\">{\"@context\":\"https:\/\/schema.org\",\"@graph\":[{\"@type\":\"WebPage\",\"@id\":\"https:\/\/www.abf.se\/umearegionen\/samarbeta-med-oss\/\",\"url\":\"https:\/\/www.abf.se\/umearegionen\/samarbeta-med-oss\/\",\"name\":\"Samarbeta med oss - Ume\u00e5regionen\",\"isPartOf\":{\"@id\":\"https:\/\/www.abf.se\/umearegionen\/#website\"},\"datePublished\":\"2024-05-03T11:57:28+00:00\",\"breadcrumb\":{\"@id\":\"https:\/\/www.abf.se\/umearegionen\/samarbeta-med-oss\/#breadcrumb\"},\"inLanguage\":\"sv-SE\",\"potentialAction\":[{\"@type\":\"ReadAction\",\"target\":[\"https:\/\/www.abf.se\/umearegionen\/samarbeta-med-oss\/\"]}]},{\"@type\":\"BreadcrumbList\",\"@id\":\"https:\/\/www.abf.se\/umearegionen\/samarbeta-med-oss\/#breadcrumb\",\"itemListElement\":[{\"@type\":\"ListItem\",\"position\":1,\"name\":\"Home\",\"item\":\"https:\/\/www.abf.se\/umearegionen\/\"},{\"@type\":\"ListItem\",\"position\":2,\"name\":\"Samarbeta med oss\"}]},{\"@type\":\"WebSite\",\"@id\":\"https:\/\/www.abf.se\/umearegionen\/#website\",\"url\":\"https:\/\/www.abf.se\/umearegionen\/\",\"name\":\"Ume\u00e5regionen\",\"description\":\"\",\"potentialAction\":[{\"@type\":\"SearchAction\",\"target\":{\"@type\":\"EntryPoint\",\"urlTemplate\":\"https:\/\/www.abf.se\/umearegionen\/?s={search_term_string}\"},\"query-input\":{\"@type\":\"PropertyValueSpecification\",\"valueRequired\":true,\"valueName\":\"search_term_string\"}}],\"inLanguage\":\"sv-SE\"}]}<\/script>\n<!-- \/ Yoast SEO plugin. -->","yoast_head_json":{"title":"Samarbeta med oss - Ume\u00e5regionen","robots":{"index":"index","follow":"follow","max-snippet":"max-snippet:-1","max-image-preview":"max-image-preview:large","max-video-preview":"max-video-preview:-1"},"canonical":"https:\/\/www.abf.se\/umearegionen\/samarbeta-med-oss\/","og_locale":"sv_SE","og_type":"article","og_title":"Samarbeta med oss - Ume\u00e5regionen","og_url":"https:\/\/www.abf.se\/umearegionen\/samarbeta-med-oss\/","og_site_name":"Ume\u00e5regionen","og_image":[{"width":2560,"height":1440,"url":"https:\/\/www.abf.se\/wp-content\/uploads\/sites\/53\/2024\/04\/Nyckeln-liggande-scaled.jpg","type":"image\/jpeg"}],"twitter_card":"summary_large_image","schema":{"@context":"https:\/\/schema.org","@graph":[{"@type":"WebPage","@id":"https:\/\/www.abf.se\/umearegionen\/samarbeta-med-oss\/","url":"https:\/\/www.abf.se\/umearegionen\/samarbeta-med-oss\/","name":"Samarbeta med oss - Ume\u00e5regionen","isPartOf":{"@id":"https:\/\/www.abf.se\/umearegionen\/#website"},"datePublished":"2024-05-03T11:57:28+00:00","breadcrumb":{"@id":"https:\/\/www.abf.se\/umearegionen\/samarbeta-med-oss\/#breadcrumb"},"inLanguage":"sv-SE","potentialAction":[{"@type":"ReadAction","target":["https:\/\/www.abf.se\/umearegionen\/samarbeta-med-oss\/"]}]},{"@type":"BreadcrumbList","@id":"https:\/\/www.abf.se\/umearegionen\/samarbeta-med-oss\/#breadcrumb","itemListElement":[{"@type":"ListItem","position":1,"name":"Home","item":"https:\/\/www.abf.se\/umearegionen\/"},{"@type":"ListItem","position":2,"name":"Samarbeta med oss"}]},{"@type":"WebSite","@id":"https:\/\/www.abf.se\/umearegionen\/#website","url":"https:\/\/www.abf.se\/umearegionen\/","name":"Ume\u00e5regionen","description":"","potentialAction":[{"@type":"SearchAction","target":{"@type":"EntryPoint","urlTemplate":"https:\/\/www.abf.se\/umearegionen\/?s={search_term_string}"},"query-input":{"@type":"PropertyValueSpecification","valueRequired":true,"valueName":"search_term_string"}}],"inLanguage":"sv-SE"}]}},"_links":{"self":[{"href":"https:\/\/www.abf.se\/umearegionen\/wp-json\/wp\/v2\/pages\/214","targetHints":{"allow":["GET"]}}],"collection":[{"href":"https:\/\/www.abf.se\/umearegionen\/wp-json\/wp\/v2\/pages"}],"about":[{"href":"https:\/\/www.abf.se\/umearegionen\/wp-json\/wp\/v2\/types\/page"}],"author":[{"embeddable":true,"href":"https:\/\/www.abf.se\/umearegionen\/wp-json\/wp\/v2\/users\/25"}],"replies":[{"embeddable":true,"href":"https:\/\/www.abf.se\/umearegionen\/wp-json\/wp\/v2\/comments?post=214"}],"version-history":[{"count":1,"href":"https:\/\/www.abf.se\/umearegionen\/wp-json\/wp\/v2\/pages\/214\/revisions"}],"predecessor-version":[{"id":215,"href":"https:\/\/www.abf.se\/umearegionen\/wp-json\/wp\/v2\/pages\/214\/revisions\/215"}],"wp:attachment":[{"href":"https:\/\/www.abf.se\/umearegionen\/wp-json\/wp\/v2\/media?parent=214"}],"curies":[{"name":"wp","href":"https:\/\/api.w.org\/{rel}","templated":true}]}}