{"id":230,"date":"2024-05-03T14:24:54","date_gmt":"2024-05-03T12:24:54","guid":{"rendered":"https:\/\/www.abf.se\/umearegionen\/?page_id=230"},"modified":"2026-03-02T14:32:00","modified_gmt":"2026-03-02T13:32:00","slug":"cirkelledare-hos-abf-umearegionen","status":"publish","type":"page","link":"https:\/\/www.abf.se\/umearegionen\/cirkelledare-hos-abf-umearegionen\/","title":{"rendered":"Cirkelledare hos ABF Ume\u00e5regionen"},"content":{"rendered":"<div\n    class=\"acf-hero-block container-lg no-padding mb-12 js-geolocation\"\n    data-block=\"hero-block\"\n    data-index=\"0\"\n>\n    <div class=\"h-[548px]  relative rounded-[32px] overflow-hidden flex bg-gray-light\">\n        <div class=\"relative z-10 mt-auto h-auto w-full md:h-full\">\n            <div class=\"flex w-full h-full flex-col flex-wrap justify-end w-full md:w-7\/12 lg:w-1\/2 md:justify-center\">\n                <div class=\"flex flex-col gap-3 md:gap-[18px] md:transparent pt-16 pb-36 md:py-8 px-4 w-full md:max-w-[620px] mx-auto px-8\">\n\n                    <h1 class=\"hero-heading\"><span>Cirkelledare hos ABF Ume\u00e5regionen<\/span><\/h1>\n\n                    \n                                    <\/div>\n            <\/div>\n        <\/div>\n\n                    <picture class=\"as-background-image mix-blend-multiply bg-black\/40\"><img decoding=\"async\" src=\"https:\/\/www.abf.se\/umearegionen\/resized\/?url=https%3A%2F%2Fwww.abf.se%2Fwp-content%2Fuploads%2F2023%2F11%2FKreativitet-liggande_IMGP.jpg&#038;fit=crop&#038;w=1440&#038;s=8305f3a8f83aae27d765e51fd1213eef\" srcset=\"https:\/\/www.abf.se\/umearegionen\/resized\/?url=https%3A%2F%2Fwww.abf.se%2Fwp-content%2Fuploads%2F2023%2F11%2FKreativitet-liggande_IMGP.jpg&#038;fit=crop&#038;w=375&#038;h=540&#038;s=bc1501d0d85851e7fcba9334ca3d5f2d 375w, https:\/\/www.abf.se\/umearegionen\/resized\/?url=https%3A%2F%2Fwww.abf.se%2Fwp-content%2Fuploads%2F2023%2F11%2FKreativitet-liggande_IMGP.jpg&#038;fit=crop&#038;w=447&#038;h=540&#038;s=06433099a5d74dcdb37dec30a7061d81 447w, https:\/\/www.abf.se\/umearegionen\/resized\/?url=https%3A%2F%2Fwww.abf.se%2Fwp-content%2Fuploads%2F2023%2F11%2FKreativitet-liggande_IMGP.jpg&#038;fit=crop&#038;w=519&#038;h=540&#038;s=e26ec6568431106617ec42f51972498e 519w, https:\/\/www.abf.se\/umearegionen\/resized\/?url=https%3A%2F%2Fwww.abf.se%2Fwp-content%2Fuploads%2F2023%2F11%2FKreativitet-liggande_IMGP.jpg&#038;fit=crop&#038;w=591&#038;h=540&#038;s=67905d8e6887da85e9ecc38a39ad0cc5 591w, https:\/\/www.abf.se\/umearegionen\/resized\/?url=https%3A%2F%2Fwww.abf.se%2Fwp-content%2Fuploads%2F2023%2F11%2FKreativitet-liggande_IMGP.jpg&#038;fit=crop&#038;w=663&#038;h=540&#038;s=ccf4a6e8c27a1cb0d7667fe132d2d886 663w, https:\/\/www.abf.se\/umearegionen\/resized\/?url=https%3A%2F%2Fwww.abf.se%2Fwp-content%2Fuploads%2F2023%2F11%2FKreativitet-liggande_IMGP.jpg&#038;fit=crop&#038;w=750&#038;h=540&#038;s=d44428e9eaccea48c7d0a07b8fc04bda 750w, https:\/\/www.abf.se\/umearegionen\/resized\/?url=https%3A%2F%2Fwww.abf.se%2Fwp-content%2Fuploads%2F2023%2F11%2FKreativitet-liggande_IMGP.jpg&#038;fit=crop&#038;w=894&#038;h=540&#038;s=8f55165d7b671e1113a748678855bd46 894w, https:\/\/www.abf.se\/umearegionen\/resized\/?url=https%3A%2F%2Fwww.abf.se%2Fwp-content%2Fuploads%2F2023%2F11%2FKreativitet-liggande_IMGP.jpg&#038;fit=crop&#038;w=1038&#038;h=540&#038;s=224bf539788db9cb6fd277eaf6925046 1038w, https:\/\/www.abf.se\/umearegionen\/resized\/?url=https%3A%2F%2Fwww.abf.se%2Fwp-content%2Fuploads%2F2023%2F11%2FKreativitet-liggande_IMGP.jpg&#038;fit=crop&#038;w=1182&#038;h=540&#038;s=575555a97d5b455a9721a1eac8019c39 1182w, https:\/\/www.abf.se\/umearegionen\/resized\/?url=https%3A%2F%2Fwww.abf.se%2Fwp-content%2Fuploads%2F2023%2F11%2FKreativitet-liggande_IMGP.jpg&#038;fit=crop&#038;w=1326&#038;h=540&#038;s=c49185cc4b36c97832832e3c08f7a165 1326w, https:\/\/www.abf.se\/umearegionen\/resized\/?url=https%3A%2F%2Fwww.abf.se%2Fwp-content%2Fuploads%2F2023%2F11%2FKreativitet-liggande_IMGP.jpg&#038;fit=crop&#038;w=1440&#038;h=540&#038;s=f4c0d4a6d6790019a60b4d0dda0dea6f 1440w\" alt=\"\" height=\"540\" width=\"1440\" sizes=\"(max-width: 1440px) calc(100vw - 32px), 1440px\" loading=\"eager\" fetchpriority=\"high\" aria-hidden=\"true\" role=\"presentation\" \/><\/picture>\n        \n\n            <\/div>\n\n    <\/div>\n\n<div\n    class=\"acf-article-text-block article-container my-12\"\n    data-block=\"article-text-block\"\n>\n    <div class=\"wysiwyg\">\n        <h2>Vill du vara med och g\u00f6ra skillnad?<\/h2>\n<h3>ABF\u2764\ufe0fCirkelledare<\/h3>\n<p>Du som cirkelledare \u00e4r v\u00e5rt viktigaste verktyg f\u00f6r folkbildningen. Utan v\u00e5ra engagerade cirkelledare skulle en stor del av v\u00e5r verksamhet riskera att f\u00f6rsvinna. Som cirkelledare har du en nyckelroll i v\u00e5r str\u00e4van att utveckla folkbildningen. Som cirkelledare \u00e4r du pedagog, inspirat\u00f6r och en sammanh\u00e5llande kraft i studiecirkeln.<\/p>\n<p>V\u00e5ra cirkelledare har en stor bredd i kompetens, erfarenhet och engagemang. De leder verksamhet av flera olika slag, allt fr\u00e5n k\u00f6rer, dansgrupper och spr\u00e5k till hantverk, hemberedskap och fackliga utbildningar. Allt inom ramen f\u00f6r studiecirkelns pedagogik.<\/p>\n<p>Som cirkelledare kan du ta del av flertalet olika f\u00f6rm\u00e5ner, som exempelvis:<\/p>\n<ul>\n<li>Cirkelledarutbildning<\/li>\n<li>Pedagogiskt st\u00f6d, inspiration och<\/li>\n<li>Tillg\u00e5ng till olika typer av lokaler runtom i l\u00e4net<\/li>\n<li>Chansen att tj\u00e4na pengar p\u00e5 ditt specialintresse<\/li>\n<li>M\u00f6jlighet att f\u00e5 v\u00e4nner f\u00f6r livet<\/li>\n<\/ul>\n<p>Att vara cirkelledare hos ABF \u00e4r inte bara en m\u00f6jlighet att dela med dig av din kunskap och passion \u2013 det \u00e4r ocks\u00e5 en fantastisk chans att skapa meningsfulla m\u00f6ten och bidra till samh\u00e4llets utveckling p\u00e5 lokal niv\u00e5.<\/p>\n\n    <\/div>\n<\/div>\n<div\n    class=\"acf-article-cta-link-block article-container my-8\"\n    data-block=\"article-cta-link-block\"\n>\n<div>\n    <a class=\"inline-flex flex-row items-center gap-4 text-link underline text-red-dark\"\n        href=\"https:\/\/www.abf.se\/umearegionen\/bli-cirkelledare\/\"\n            >\n        <span class=\"\">\n        Jag vill bli cirkelledare!\n        <\/span>\n        <figure aria-hidden=\"true\" class=\"rounded-full bg-red-dark w-8 h-8 p-1 text-white\">\n            <svg width=\"20\" height=\"20\" viewBox=\"0 0 20 20\" fill=\"none\" class=\"SvgIconElement\">\n<path d=\"M4.16659 10L15.8333 10\" stroke=\"currentColor\"\/>\n<path d=\"M9.99992 4.1665L15.8333 9.99984L9.99992 15.8332\" stroke=\"currentColor\"\/>\n<\/svg>\n        <\/figure>\n    <\/a>\n<\/div>\n<\/div>\n<div\n    class=\"acf-text-image-block container my-12 md:my-15\"\n    data-block=\"text-image-block\"\n>\n    <div\n    class=\"flex flex-col items-center md:flex-row gap-8 md:gap-0 justify-center\">\n        \n        <div class=\"w-full md:w-1\/2 md:order-2\">\n        <div class=\"mx-auto md:max-w-[368px]\">\n            <h2 class=\"heading-lg\">Vad g\u00f6r en cirkelledare?<\/h2>\n            <div class=\"mb-6 mt-4 wysiwyg\">\n                <p><strong>Som cirkelledare \u00e4r du pedagog, inspirat\u00f6r och sammanh\u00e5llande kraft i studiecirkeln. ABF utbildar dig i ledarskap, kommunikation och pedagogik.<\/strong><\/p>\n<div class=\"mb-6 mt-4 wysiwyg\">\n<ul>\n<li>Som cirkelledare beh\u00f6ver du inte ha mer kunskap om \u00e4mnet, utan din roll \u00e4r att h\u00e5lla ihop studiecirkeln.<\/li>\n<li>Ni l\u00e4r er tillsammans av varandras erfarenheter och kunskaper, samt av det studiematerial ni anv\u00e4nder.<\/li>\n<li>De flesta cirkelledare \u00e4r ideellt engagerade.<\/li>\n<li>Du som cirkelledare har kontakt med ABF och rapporterar era aktiviteter till oss.<\/li>\n<\/ul>\n<\/div>\n\n            <\/div>\n                    <\/div>\n        <\/div>\n    <\/div>\n<\/div><div\n    class=\"acf-article-text-block article-container my-12\"\n    data-block=\"article-text-block\"\n>\n    <div class=\"wysiwyg\">\n        <h3>Regler f\u00f6r cirkelledare<\/h3>\n<p>ABF rapporterar varje \u00e5r tusentals studiecirklar, kulturprogram och kurser. Dessa finansieras av statsbidrag. Det \u00e4r ABF som har ansvaret f\u00f6r att dessa rapporteras enligt regelverket men du som cirkelledare har en viktig roll i v\u00e5rt kvalitetsarbete.<\/p>\n<p>Det \u00e4r viktigt att all verksamhet som rapporteras som underlag f\u00f6r statsbidrag sker s\u00e5 som den rapporteras. Det betyder att det \u00e4r viktigt att du meddelar ABF om ni g\u00f6r n\u00e5gra f\u00f6r\u00e4ndringar i er studiecirkel. Det kan exempelvis handla om en deltagare som slutar eller tillkommer, ni kanske best\u00e4mmer er f\u00f6r att byta dag, tid eller lokal. Oavsett vilket m\u00e5ste ABF informeras om alla \u00e4ndringar.<\/p>\n<p>N\u00e4r du leder en studiecirkel eller en kurs hos ABF ska du rapportera n\u00e4rvaro f\u00f6r dig och dina cirkeldeltagare. Det g\u00f6rs via\u00a0<a href=\"https:\/\/arretjanst.abf.se\/\" target=\"_blank\" rel=\"noopener\">ABFs e-tj\u00e4nst.<\/a><\/p>\n\n    <\/div>\n<\/div>\n","protected":false},"excerpt":{"rendered":"","protected":false},"author":25,"featured_media":0,"parent":0,"menu_order":0,"comment_status":"closed","ping_status":"closed","template":"","meta":{"_acf_changed":false,"footnotes":""},"class_list":["post-230","page","type-page","status-publish","hentry"],"acf":[],"yoast_head":"<!-- This site is optimized with the Yoast SEO plugin v27.0 - https:\/\/yoast.com\/product\/yoast-seo-wordpress\/ -->\n<title>Cirkelledare hos ABF Ume\u00e5regionen - Ume\u00e5regionen<\/title>\n<meta name=\"robots\" content=\"index, follow, max-snippet:-1, max-image-preview:large, max-video-preview:-1\" \/>\n<link rel=\"canonical\" href=\"https:\/\/www.abf.se\/umearegionen\/cirkelledare-hos-abf-umearegionen\/\" \/>\n<meta property=\"og:locale\" content=\"sv_SE\" \/>\n<meta property=\"og:type\" content=\"article\" \/>\n<meta property=\"og:title\" content=\"Cirkelledare hos ABF Ume\u00e5regionen - Ume\u00e5regionen\" \/>\n<meta property=\"og:url\" content=\"https:\/\/www.abf.se\/umearegionen\/cirkelledare-hos-abf-umearegionen\/\" \/>\n<meta property=\"og:site_name\" content=\"Ume\u00e5regionen\" \/>\n<meta property=\"article:modified_time\" content=\"2026-03-02T13:32:00+00:00\" \/>\n<meta property=\"og:image\" content=\"https:\/\/www.abf.se\/wp-content\/uploads\/sites\/53\/2024\/04\/Nyckeln-liggande-scaled.jpg\" \/>\n\t<meta property=\"og:image:width\" content=\"2560\" \/>\n\t<meta property=\"og:image:height\" content=\"1440\" \/>\n\t<meta property=\"og:image:type\" content=\"image\/jpeg\" \/>\n<meta name=\"twitter:card\" content=\"summary_large_image\" \/>\n<script type=\"application\/ld+json\" class=\"yoast-schema-graph\">{\"@context\":\"https:\/\/schema.org\",\"@graph\":[{\"@type\":\"WebPage\",\"@id\":\"https:\/\/www.abf.se\/umearegionen\/cirkelledare-hos-abf-umearegionen\/\",\"url\":\"https:\/\/www.abf.se\/umearegionen\/cirkelledare-hos-abf-umearegionen\/\",\"name\":\"Cirkelledare hos ABF Ume\u00e5regionen - Ume\u00e5regionen\",\"isPartOf\":{\"@id\":\"https:\/\/www.abf.se\/umearegionen\/#website\"},\"datePublished\":\"2024-05-03T12:24:54+00:00\",\"dateModified\":\"2026-03-02T13:32:00+00:00\",\"breadcrumb\":{\"@id\":\"https:\/\/www.abf.se\/umearegionen\/cirkelledare-hos-abf-umearegionen\/#breadcrumb\"},\"inLanguage\":\"sv-SE\",\"potentialAction\":[{\"@type\":\"ReadAction\",\"target\":[\"https:\/\/www.abf.se\/umearegionen\/cirkelledare-hos-abf-umearegionen\/\"]}]},{\"@type\":\"BreadcrumbList\",\"@id\":\"https:\/\/www.abf.se\/umearegionen\/cirkelledare-hos-abf-umearegionen\/#breadcrumb\",\"itemListElement\":[{\"@type\":\"ListItem\",\"position\":1,\"name\":\"Home\",\"item\":\"https:\/\/www.abf.se\/umearegionen\/\"},{\"@type\":\"ListItem\",\"position\":2,\"name\":\"Cirkelledare hos ABF Ume\u00e5regionen\"}]},{\"@type\":\"WebSite\",\"@id\":\"https:\/\/www.abf.se\/umearegionen\/#website\",\"url\":\"https:\/\/www.abf.se\/umearegionen\/\",\"name\":\"Ume\u00e5regionen\",\"description\":\"\",\"potentialAction\":[{\"@type\":\"SearchAction\",\"target\":{\"@type\":\"EntryPoint\",\"urlTemplate\":\"https:\/\/www.abf.se\/umearegionen\/?s={search_term_string}\"},\"query-input\":{\"@type\":\"PropertyValueSpecification\",\"valueRequired\":true,\"valueName\":\"search_term_string\"}}],\"inLanguage\":\"sv-SE\"}]}<\/script>\n<!-- \/ Yoast SEO plugin. -->","yoast_head_json":{"title":"Cirkelledare hos ABF Ume\u00e5regionen - Ume\u00e5regionen","robots":{"index":"index","follow":"follow","max-snippet":"max-snippet:-1","max-image-preview":"max-image-preview:large","max-video-preview":"max-video-preview:-1"},"canonical":"https:\/\/www.abf.se\/umearegionen\/cirkelledare-hos-abf-umearegionen\/","og_locale":"sv_SE","og_type":"article","og_title":"Cirkelledare hos ABF Ume\u00e5regionen - Ume\u00e5regionen","og_url":"https:\/\/www.abf.se\/umearegionen\/cirkelledare-hos-abf-umearegionen\/","og_site_name":"Ume\u00e5regionen","article_modified_time":"2026-03-02T13:32:00+00:00","og_image":[{"width":2560,"height":1440,"url":"https:\/\/www.abf.se\/wp-content\/uploads\/sites\/53\/2024\/04\/Nyckeln-liggande-scaled.jpg","type":"image\/jpeg"}],"twitter_card":"summary_large_image","schema":{"@context":"https:\/\/schema.org","@graph":[{"@type":"WebPage","@id":"https:\/\/www.abf.se\/umearegionen\/cirkelledare-hos-abf-umearegionen\/","url":"https:\/\/www.abf.se\/umearegionen\/cirkelledare-hos-abf-umearegionen\/","name":"Cirkelledare hos ABF Ume\u00e5regionen - Ume\u00e5regionen","isPartOf":{"@id":"https:\/\/www.abf.se\/umearegionen\/#website"},"datePublished":"2024-05-03T12:24:54+00:00","dateModified":"2026-03-02T13:32:00+00:00","breadcrumb":{"@id":"https:\/\/www.abf.se\/umearegionen\/cirkelledare-hos-abf-umearegionen\/#breadcrumb"},"inLanguage":"sv-SE","potentialAction":[{"@type":"ReadAction","target":["https:\/\/www.abf.se\/umearegionen\/cirkelledare-hos-abf-umearegionen\/"]}]},{"@type":"BreadcrumbList","@id":"https:\/\/www.abf.se\/umearegionen\/cirkelledare-hos-abf-umearegionen\/#breadcrumb","itemListElement":[{"@type":"ListItem","position":1,"name":"Home","item":"https:\/\/www.abf.se\/umearegionen\/"},{"@type":"ListItem","position":2,"name":"Cirkelledare hos ABF Ume\u00e5regionen"}]},{"@type":"WebSite","@id":"https:\/\/www.abf.se\/umearegionen\/#website","url":"https:\/\/www.abf.se\/umearegionen\/","name":"Ume\u00e5regionen","description":"","potentialAction":[{"@type":"SearchAction","target":{"@type":"EntryPoint","urlTemplate":"https:\/\/www.abf.se\/umearegionen\/?s={search_term_string}"},"query-input":{"@type":"PropertyValueSpecification","valueRequired":true,"valueName":"search_term_string"}}],"inLanguage":"sv-SE"}]}},"_links":{"self":[{"href":"https:\/\/www.abf.se\/umearegionen\/wp-json\/wp\/v2\/pages\/230","targetHints":{"allow":["GET"]}}],"collection":[{"href":"https:\/\/www.abf.se\/umearegionen\/wp-json\/wp\/v2\/pages"}],"about":[{"href":"https:\/\/www.abf.se\/umearegionen\/wp-json\/wp\/v2\/types\/page"}],"author":[{"embeddable":true,"href":"https:\/\/www.abf.se\/umearegionen\/wp-json\/wp\/v2\/users\/25"}],"replies":[{"embeddable":true,"href":"https:\/\/www.abf.se\/umearegionen\/wp-json\/wp\/v2\/comments?post=230"}],"version-history":[{"count":4,"href":"https:\/\/www.abf.se\/umearegionen\/wp-json\/wp\/v2\/pages\/230\/revisions"}],"predecessor-version":[{"id":244,"href":"https:\/\/www.abf.se\/umearegionen\/wp-json\/wp\/v2\/pages\/230\/revisions\/244"}],"wp:attachment":[{"href":"https:\/\/www.abf.se\/umearegionen\/wp-json\/wp\/v2\/media?parent=230"}],"curies":[{"name":"wp","href":"https:\/\/api.w.org\/{rel}","templated":true}]}}