{"id":234,"date":"2024-05-03T14:29:55","date_gmt":"2024-05-03T12:29:55","guid":{"rendered":"https:\/\/www.abf.se\/umearegionen\/?page_id=234"},"modified":"2024-05-03T14:42:25","modified_gmt":"2024-05-03T12:42:25","slug":"var-verksamhet","status":"publish","type":"page","link":"https:\/\/www.abf.se\/umearegionen\/var-verksamhet\/","title":{"rendered":"V\u00e5r verksamhet"},"content":{"rendered":"<div\n    class=\"acf-hero-block container-lg no-padding mb-12 js-geolocation\"\n    data-block=\"hero-block\"\n    data-index=\"0\"\n>\n    <div class=\"h-[548px]  relative rounded-[32px] overflow-hidden flex bg-gray-light\">\n        <div class=\"relative z-10 mt-auto h-auto w-full md:h-full\">\n            <div class=\"flex w-full h-full flex-col flex-wrap justify-end w-full md:w-7\/12 lg:w-1\/2 md:justify-center\">\n                <div class=\"flex flex-col gap-3 md:gap-[18px] md:transparent pt-16 pb-36 md:py-8 px-4 w-full md:max-w-[620px] mx-auto px-8\">\n\n                    <h1 class=\"hero-heading hero-heading--red-text\"><span>V\u00e5r verksamhet<\/span><\/h1>\n\n                                            <p class=\"mt-4 max-w-[48ch] text-white\">\n                            ABF Ume\u00e5regionen arrangerar folkbildande verksamhet i Ume\u00e5, V\u00e4nn\u00e4s, Vindeln, Robertsfors, Nordmaling och Bjurholm. \n                        <\/p>\n                    \n                                    <\/div>\n            <\/div>\n        <\/div>\n\n                    <picture class=\"as-background-image mix-blend-multiply bg-black\/40\"><img decoding=\"async\" src=\"https:\/\/www.abf.se\/umearegionen\/resized\/?url=https%3A%2F%2Fwww.abf.se%2Fwp-content%2Fuploads%2F2024%2F04%2Fdesign-inredning-tradgard-1.jpg&#038;fit=crop&#038;w=1440&#038;s=53b37f149c6d3abe4eca0b8e3aa9444b\" srcset=\"https:\/\/www.abf.se\/umearegionen\/resized\/?url=https%3A%2F%2Fwww.abf.se%2Fwp-content%2Fuploads%2F2024%2F04%2Fdesign-inredning-tradgard-1.jpg&#038;fit=crop&#038;w=375&#038;h=540&#038;s=7b65a13a34f642a4ecf7ab5d2256dc64 375w, https:\/\/www.abf.se\/umearegionen\/resized\/?url=https%3A%2F%2Fwww.abf.se%2Fwp-content%2Fuploads%2F2024%2F04%2Fdesign-inredning-tradgard-1.jpg&#038;fit=crop&#038;w=447&#038;h=540&#038;s=06cb13ad931ff3fb6e3e0fbfc92532e8 447w, https:\/\/www.abf.se\/umearegionen\/resized\/?url=https%3A%2F%2Fwww.abf.se%2Fwp-content%2Fuploads%2F2024%2F04%2Fdesign-inredning-tradgard-1.jpg&#038;fit=crop&#038;w=519&#038;h=540&#038;s=1228c36681c5a0817fafa4e35d7881db 519w, https:\/\/www.abf.se\/umearegionen\/resized\/?url=https%3A%2F%2Fwww.abf.se%2Fwp-content%2Fuploads%2F2024%2F04%2Fdesign-inredning-tradgard-1.jpg&#038;fit=crop&#038;w=591&#038;h=540&#038;s=3ebd37b89c8f901ef7b9b1ff7d3dc40b 591w, https:\/\/www.abf.se\/umearegionen\/resized\/?url=https%3A%2F%2Fwww.abf.se%2Fwp-content%2Fuploads%2F2024%2F04%2Fdesign-inredning-tradgard-1.jpg&#038;fit=crop&#038;w=663&#038;h=540&#038;s=5867aaed144d983bf36c0ac9f8e5478e 663w, https:\/\/www.abf.se\/umearegionen\/resized\/?url=https%3A%2F%2Fwww.abf.se%2Fwp-content%2Fuploads%2F2024%2F04%2Fdesign-inredning-tradgard-1.jpg&#038;fit=crop&#038;w=750&#038;h=540&#038;s=3392c8fe4c3020f9e8ef2e31ed0644da 750w, https:\/\/www.abf.se\/umearegionen\/resized\/?url=https%3A%2F%2Fwww.abf.se%2Fwp-content%2Fuploads%2F2024%2F04%2Fdesign-inredning-tradgard-1.jpg&#038;fit=crop&#038;w=894&#038;h=540&#038;s=c15987ebb129080a66b13899adf0e381 894w, https:\/\/www.abf.se\/umearegionen\/resized\/?url=https%3A%2F%2Fwww.abf.se%2Fwp-content%2Fuploads%2F2024%2F04%2Fdesign-inredning-tradgard-1.jpg&#038;fit=crop&#038;w=1038&#038;h=540&#038;s=f90ec8116897784c121ed32bde125d98 1038w, https:\/\/www.abf.se\/umearegionen\/resized\/?url=https%3A%2F%2Fwww.abf.se%2Fwp-content%2Fuploads%2F2024%2F04%2Fdesign-inredning-tradgard-1.jpg&#038;fit=crop&#038;w=1182&#038;h=540&#038;s=2f4c83531692c72cd7e83771cbb22aa1 1182w, https:\/\/www.abf.se\/umearegionen\/resized\/?url=https%3A%2F%2Fwww.abf.se%2Fwp-content%2Fuploads%2F2024%2F04%2Fdesign-inredning-tradgard-1.jpg&#038;fit=crop&#038;w=1326&#038;h=540&#038;s=535f4914704704cd0ba72343b60fafff 1326w, https:\/\/www.abf.se\/umearegionen\/resized\/?url=https%3A%2F%2Fwww.abf.se%2Fwp-content%2Fuploads%2F2024%2F04%2Fdesign-inredning-tradgard-1.jpg&#038;fit=crop&#038;w=1440&#038;h=540&#038;s=cac6c0b7ae9df1661dc346ff2fd6c0cf 1440w\" alt=\"\" height=\"540\" width=\"1440\" sizes=\"(max-width: 1440px) calc(100vw - 32px), 1440px\" loading=\"eager\" fetchpriority=\"high\" aria-hidden=\"true\" role=\"presentation\" \/><\/picture>\n        \n\n                    <figure class=\"absolute bottom-0  md:w-1\/2 transform right-0 translate-x-10 md:translate-x-32\">\n                <img decoding=\"async\"\n                    alt=\"\"\n                    aria-hidden=\"true\"\n                    class=\"h-auto w-full\"\n                    role=\"presentation\"\n                    src=\"\/assets\/images\/two_circles_bottom.svg\"\n                >\n            <\/figure>\n            <\/div>\n\n    <\/div>\n\n<div\n    class=\"acf-plain-heading-block container my-16\"\n    data-block=\"plain-heading-block\"\n>\n    <div class=\"max-w-[658px] mx-auto\">\n                <h1 class=\"hero-heading\"><span>Tillsammans g\u00f6r vi skillnad!<\/span><\/h1>\n                            <p class=\"mt-8 body-xl text-black\">\n                ABF Ume\u00e5regionen \u00e4r en m\u00f6tesplats f\u00f6r demokrati, en levande folkr\u00f6relse och ett samh\u00e4lle d\u00e4r m\u00e4nniskor ges m\u00f6jlighet att m\u00f6tas, inspireras och utvecklas. Vi erbjuder m\u00f6tesplatser, studiecirklar och kulturarrangemang som \u00e4r \u00f6ppna f\u00f6r alla.\n            <\/p>\n            <\/div>\n<\/div>\n<div\n    class=\"acf-article-text-block article-container my-12\"\n    data-block=\"article-text-block\"\n>\n    <div class=\"wysiwyg\">\n        <h2>Folkbildning med ABF Ume\u00e5regionen<\/h2>\n<p><strong>Folkbildning som metod \u00e4r indelad i:<\/strong><\/p>\n<ul>\n<li>Studiecirkel<\/li>\n<li>Studiecirkel kort kurs<\/li>\n<li>Annan folkbildningsverksamhet<\/li>\n<li>Kulturprogram<\/li>\n<\/ul>\n<p>Studie- och kulturverksamhet kan se ut p\u00e5 olika s\u00e4tt och i dialog med oss ser vi vilken verksamhetsform som \u00e4r aktuell f\u00f6r just er id\u00e9 och verksamhet.<\/p>\n<p>Det kan till exempel vara en f\u00f6rel\u00e4sning (kulturprogram) som f\u00f6ljs av en prova-p\u00e5-kurs eller workshop (annan folkbildningsverksamhet), vilken sedan forts\u00e4tter med studiecirkel f\u00f6r de som vill f\u00f6rdjupa sig ytterligare.<\/p>\n<p>L\u00e4s mer om verksamhetsformerna nedan:<\/p>\n\n    <\/div>\n<\/div>\n<ul\n    class=\"acf-article-accordion-block accordion-group grid gap-4 my-12 article-container\"\n    data-block=\"article-accordion-block \"\n    data-ui-accordion-group\n>\n\n            <li class=\"accordion\" data-ui-accordion data-ui-accordion-open=\"false\">\n        <h3>\n        <button data-ui-accordion-button class=\"accordion-toggle font-bold\" aria-expanded=\"false\" aria-controls=\"row-studiecirkel-0\" id=\"studiecirkel-0\">\n            Studiecirkel\n            \n            <figure class=\"w-4.5 h-4.5\" aria-hidden=\"true\">\n            <svg width=\"20\" height=\"20\" viewBox=\"0 0 20 20\" fill=\"none\"\nclass=\"SvgIconElement\">\n<path d=\"M15.8333 7.16667L9.99992 13L4.16659 7.16667\" stroke=\"currentColor\"\/>\n<\/svg>\n            <\/figure>\n        <\/button>\n        \n                <\/h3>\n        <div class=\"accordion-content\">\n            <div id=\"row-studiecirkel-0\" role=\"region\" class=\"accordion-content-wrap\" aria-labelledby=\"studiecirkel-0\">\n                                            <div class=\"wysiwyg\">\n                    <p>Studiecirkeln \u00e4r en liten grupp m\u00e4nniskor som bedriver studier och s\u00f6ker kunskap utifr\u00e5n sina behov och intressen. Den \u00e4r \u00f6ppen f\u00f6r alla utan krav p\u00e5 formella f\u00f6rkunskaper. Deltagarna har inflytande \u00f6ver inneh\u00e5ll och uppl\u00e4gg och kunskap s\u00f6ks gemensamt d\u00e4r samtal och diskussion \u00e4r en viktig del.<\/p>\n<p>Studiecirkeln ska best\u00e5 av minst 3 personer som tr\u00e4ffas minst tre g\u00e5nger \u00e0 45 minuter. Deltagarna i studiecirkeln ska vara minst 13 \u00e5r.<\/p>\n\n                <\/div>\n                                        <\/div>\n        <\/div>\n    <\/li>\n    <\/ul>\n<ul\n    class=\"acf-article-accordion-block accordion-group grid gap-4 my-12 article-container\"\n    data-block=\"article-accordion-block \"\n    data-ui-accordion-group\n>\n\n            <li class=\"accordion\" data-ui-accordion data-ui-accordion-open=\"false\">\n        <h3>\n        <button data-ui-accordion-button class=\"accordion-toggle font-bold\" aria-expanded=\"false\" aria-controls=\"row-studiecirkelkortkurs-0\" id=\"studiecirkelkortkurs-0\">\n            Studiecirkel kortkurs\n            \n            <figure class=\"w-4.5 h-4.5\" aria-hidden=\"true\">\n            <svg width=\"20\" height=\"20\" viewBox=\"0 0 20 20\" fill=\"none\"\nclass=\"SvgIconElement\">\n<path d=\"M15.8333 7.16667L9.99992 13L4.16659 7.16667\" stroke=\"currentColor\"\/>\n<\/svg>\n            <\/figure>\n        <\/button>\n        \n                <\/h3>\n        <div class=\"accordion-content\">\n            <div id=\"row-studiecirkelkortkurs-0\" role=\"region\" class=\"accordion-content-wrap\" aria-labelledby=\"studiecirkelkortkurs-0\">\n                                            <div class=\"wysiwyg\">\n                    <p>Studiecirkel kortkurs riktar sig till deltagare som \u00e4r kortutbildade eller st\u00e5r l\u00e5ngt fr\u00e5n arbetsmarknaden. Syftar till att st\u00e4rka deltagarnas st\u00e4llning p\u00e5 arbetsmarknaden genom utbildning eller validering. Det f\u00e5r inte finnas deltagaravgift annat \u00e4n f\u00f6r studiematerial.<\/p>\n\n                <\/div>\n                                        <\/div>\n        <\/div>\n    <\/li>\n    <\/ul>\n<ul\n    class=\"acf-article-accordion-block accordion-group grid gap-4 my-12 article-container\"\n    data-block=\"article-accordion-block \"\n    data-ui-accordion-group\n>\n\n            <li class=\"accordion\" data-ui-accordion data-ui-accordion-open=\"false\">\n        <h3>\n        <button data-ui-accordion-button class=\"accordion-toggle font-bold\" aria-expanded=\"false\" aria-controls=\"row-kulturprogram-0\" id=\"kulturprogram-0\">\n            Kulturprogram\n            \n            <figure class=\"w-4.5 h-4.5\" aria-hidden=\"true\">\n            <svg width=\"20\" height=\"20\" viewBox=\"0 0 20 20\" fill=\"none\"\nclass=\"SvgIconElement\">\n<path d=\"M15.8333 7.16667L9.99992 13L4.16659 7.16667\" stroke=\"currentColor\"\/>\n<\/svg>\n            <\/figure>\n        <\/button>\n        \n                <\/h3>\n        <div class=\"accordion-content\">\n            <div id=\"row-kulturprogram-0\" role=\"region\" class=\"accordion-content-wrap\" aria-labelledby=\"kulturprogram-0\">\n                                            <div class=\"wysiwyg\">\n                    <p>Ett kulturprogram \u00e4r en \u00f6ppen eller intern verksamhet i form av f\u00f6rel\u00e4sning, teater, s\u00e5ng, musik, dans, dramatisk framst\u00e4llning, filmvisning, tv\u00e4rkulturell verksamhet eller utst\u00e4llning som framf\u00f6rs eller visas inf\u00f6r publik.<\/p>\n<p>Kulturprogrammet ska p\u00e5g\u00e5 i minst 30 minuter. Inneh\u00e5llet i kulturprogrammet ska rikta sig till personer \u00f6ver 13 \u00e5r.<\/p>\n\n                <\/div>\n                                        <\/div>\n        <\/div>\n    <\/li>\n    <\/ul>\n<ul\n    class=\"acf-article-accordion-block accordion-group grid gap-4 my-12 article-container\"\n    data-block=\"article-accordion-block \"\n    data-ui-accordion-group\n>\n\n            <li class=\"accordion\" data-ui-accordion data-ui-accordion-open=\"false\">\n        <h3>\n        <button data-ui-accordion-button class=\"accordion-toggle font-bold\" aria-expanded=\"false\" aria-controls=\"row-annanfolkbildningsverksamhet-0\" id=\"annanfolkbildningsverksamhet-0\">\n            Annan folkbildningsverksamhet\n            \n            <figure class=\"w-4.5 h-4.5\" aria-hidden=\"true\">\n            <svg width=\"20\" height=\"20\" viewBox=\"0 0 20 20\" fill=\"none\"\nclass=\"SvgIconElement\">\n<path d=\"M15.8333 7.16667L9.99992 13L4.16659 7.16667\" stroke=\"currentColor\"\/>\n<\/svg>\n            <\/figure>\n        <\/button>\n        \n                <\/h3>\n        <div class=\"accordion-content\">\n            <div id=\"row-annanfolkbildningsverksamhet-0\" role=\"region\" class=\"accordion-content-wrap\" aria-labelledby=\"annanfolkbildningsverksamhet-0\">\n                                            <div class=\"wysiwyg\">\n                    <p>Annan folkbildning \u00e4r folkbildande verksamhet i friare och flexiblare former vilket ger ABF m\u00f6jlighet att prova nya former och utveckla nyskapande folkbildningsverksamhet. Viktigt \u00e4r dock att verksamheten uppfyller samma kvalitetskrav som studiecirkel- och kulturverksamheten.<\/p>\n<p>I annan folkbildningsverksamhet ska uppl\u00e4gget best\u00e5 av minst 3 personer som tr\u00e4ffas minst 1 g\u00e5ng \u00e0 45 minuter. Deltagarna i annan folkbildningsverksamhet ska vara minst 6 \u00e5r.<\/p>\n\n                <\/div>\n                                        <\/div>\n        <\/div>\n    <\/li>\n    <\/ul>\n<div\n    class=\"acf-article-text-block article-container my-12\"\n    data-block=\"article-text-block\"\n>\n    <div class=\"wysiwyg\">\n        <h2>Kvalitet<\/h2>\n<p>ABF Ume\u00e5regionen jobbar systematiskt och l\u00f6pande med att s\u00e4kerst\u00e4lla att v\u00e5r verksamhet uppfyller g\u00e4llande krav p\u00e5 kvalitet. Kvalitetsarbetet kan innefatta bl.a. granskningar och efterkontroller men ocks\u00e5 rutinbeskrivningar och utbildning f\u00f6r personal, f\u00f6rtroendevalda och cirkelledare.<\/p>\n<p><a href=\"https:\/\/www.abf.se\/umearegionen\/kontaktuppgifter\/\">Kontakta oss<\/a>\u00a0om du vill veta mer om hur vi arbetar med kvalitet.<\/p>\n\n    <\/div>\n<\/div>\n","protected":false},"excerpt":{"rendered":"","protected":false},"author":25,"featured_media":0,"parent":0,"menu_order":0,"comment_status":"closed","ping_status":"closed","template":"","meta":{"_acf_changed":false,"footnotes":""},"class_list":["post-234","page","type-page","status-publish","hentry"],"acf":[],"yoast_head":"<!-- This site is optimized with the Yoast SEO plugin v27.0 - https:\/\/yoast.com\/product\/yoast-seo-wordpress\/ -->\n<title>V\u00e5r verksamhet - Ume\u00e5regionen<\/title>\n<meta name=\"robots\" content=\"index, follow, max-snippet:-1, max-image-preview:large, max-video-preview:-1\" \/>\n<link rel=\"canonical\" href=\"https:\/\/www.abf.se\/umearegionen\/var-verksamhet\/\" \/>\n<meta property=\"og:locale\" content=\"sv_SE\" \/>\n<meta property=\"og:type\" content=\"article\" \/>\n<meta property=\"og:title\" content=\"V\u00e5r verksamhet - Ume\u00e5regionen\" \/>\n<meta property=\"og:url\" content=\"https:\/\/www.abf.se\/umearegionen\/var-verksamhet\/\" \/>\n<meta property=\"og:site_name\" content=\"Ume\u00e5regionen\" \/>\n<meta property=\"article:modified_time\" content=\"2024-05-03T12:42:25+00:00\" \/>\n<meta property=\"og:image\" content=\"https:\/\/www.abf.se\/wp-content\/uploads\/sites\/53\/2024\/04\/Nyckeln-liggande-scaled.jpg\" \/>\n\t<meta property=\"og:image:width\" content=\"2560\" \/>\n\t<meta property=\"og:image:height\" content=\"1440\" \/>\n\t<meta property=\"og:image:type\" content=\"image\/jpeg\" \/>\n<meta name=\"twitter:card\" content=\"summary_large_image\" \/>\n<script type=\"application\/ld+json\" class=\"yoast-schema-graph\">{\"@context\":\"https:\/\/schema.org\",\"@graph\":[{\"@type\":\"WebPage\",\"@id\":\"https:\/\/www.abf.se\/umearegionen\/var-verksamhet\/\",\"url\":\"https:\/\/www.abf.se\/umearegionen\/var-verksamhet\/\",\"name\":\"V\u00e5r verksamhet - Ume\u00e5regionen\",\"isPartOf\":{\"@id\":\"https:\/\/www.abf.se\/umearegionen\/#website\"},\"datePublished\":\"2024-05-03T12:29:55+00:00\",\"dateModified\":\"2024-05-03T12:42:25+00:00\",\"breadcrumb\":{\"@id\":\"https:\/\/www.abf.se\/umearegionen\/var-verksamhet\/#breadcrumb\"},\"inLanguage\":\"sv-SE\",\"potentialAction\":[{\"@type\":\"ReadAction\",\"target\":[\"https:\/\/www.abf.se\/umearegionen\/var-verksamhet\/\"]}]},{\"@type\":\"BreadcrumbList\",\"@id\":\"https:\/\/www.abf.se\/umearegionen\/var-verksamhet\/#breadcrumb\",\"itemListElement\":[{\"@type\":\"ListItem\",\"position\":1,\"name\":\"Home\",\"item\":\"https:\/\/www.abf.se\/umearegionen\/\"},{\"@type\":\"ListItem\",\"position\":2,\"name\":\"V\u00e5r verksamhet\"}]},{\"@type\":\"WebSite\",\"@id\":\"https:\/\/www.abf.se\/umearegionen\/#website\",\"url\":\"https:\/\/www.abf.se\/umearegionen\/\",\"name\":\"Ume\u00e5regionen\",\"description\":\"\",\"potentialAction\":[{\"@type\":\"SearchAction\",\"target\":{\"@type\":\"EntryPoint\",\"urlTemplate\":\"https:\/\/www.abf.se\/umearegionen\/?s={search_term_string}\"},\"query-input\":{\"@type\":\"PropertyValueSpecification\",\"valueRequired\":true,\"valueName\":\"search_term_string\"}}],\"inLanguage\":\"sv-SE\"}]}<\/script>\n<!-- \/ Yoast SEO plugin. -->","yoast_head_json":{"title":"V\u00e5r verksamhet - Ume\u00e5regionen","robots":{"index":"index","follow":"follow","max-snippet":"max-snippet:-1","max-image-preview":"max-image-preview:large","max-video-preview":"max-video-preview:-1"},"canonical":"https:\/\/www.abf.se\/umearegionen\/var-verksamhet\/","og_locale":"sv_SE","og_type":"article","og_title":"V\u00e5r verksamhet - Ume\u00e5regionen","og_url":"https:\/\/www.abf.se\/umearegionen\/var-verksamhet\/","og_site_name":"Ume\u00e5regionen","article_modified_time":"2024-05-03T12:42:25+00:00","og_image":[{"width":2560,"height":1440,"url":"https:\/\/www.abf.se\/wp-content\/uploads\/sites\/53\/2024\/04\/Nyckeln-liggande-scaled.jpg","type":"image\/jpeg"}],"twitter_card":"summary_large_image","schema":{"@context":"https:\/\/schema.org","@graph":[{"@type":"WebPage","@id":"https:\/\/www.abf.se\/umearegionen\/var-verksamhet\/","url":"https:\/\/www.abf.se\/umearegionen\/var-verksamhet\/","name":"V\u00e5r verksamhet - Ume\u00e5regionen","isPartOf":{"@id":"https:\/\/www.abf.se\/umearegionen\/#website"},"datePublished":"2024-05-03T12:29:55+00:00","dateModified":"2024-05-03T12:42:25+00:00","breadcrumb":{"@id":"https:\/\/www.abf.se\/umearegionen\/var-verksamhet\/#breadcrumb"},"inLanguage":"sv-SE","potentialAction":[{"@type":"ReadAction","target":["https:\/\/www.abf.se\/umearegionen\/var-verksamhet\/"]}]},{"@type":"BreadcrumbList","@id":"https:\/\/www.abf.se\/umearegionen\/var-verksamhet\/#breadcrumb","itemListElement":[{"@type":"ListItem","position":1,"name":"Home","item":"https:\/\/www.abf.se\/umearegionen\/"},{"@type":"ListItem","position":2,"name":"V\u00e5r verksamhet"}]},{"@type":"WebSite","@id":"https:\/\/www.abf.se\/umearegionen\/#website","url":"https:\/\/www.abf.se\/umearegionen\/","name":"Ume\u00e5regionen","description":"","potentialAction":[{"@type":"SearchAction","target":{"@type":"EntryPoint","urlTemplate":"https:\/\/www.abf.se\/umearegionen\/?s={search_term_string}"},"query-input":{"@type":"PropertyValueSpecification","valueRequired":true,"valueName":"search_term_string"}}],"inLanguage":"sv-SE"}]}},"_links":{"self":[{"href":"https:\/\/www.abf.se\/umearegionen\/wp-json\/wp\/v2\/pages\/234","targetHints":{"allow":["GET"]}}],"collection":[{"href":"https:\/\/www.abf.se\/umearegionen\/wp-json\/wp\/v2\/pages"}],"about":[{"href":"https:\/\/www.abf.se\/umearegionen\/wp-json\/wp\/v2\/types\/page"}],"author":[{"embeddable":true,"href":"https:\/\/www.abf.se\/umearegionen\/wp-json\/wp\/v2\/users\/25"}],"replies":[{"embeddable":true,"href":"https:\/\/www.abf.se\/umearegionen\/wp-json\/wp\/v2\/comments?post=234"}],"version-history":[{"count":6,"href":"https:\/\/www.abf.se\/umearegionen\/wp-json\/wp\/v2\/pages\/234\/revisions"}],"predecessor-version":[{"id":489,"href":"https:\/\/www.abf.se\/umearegionen\/wp-json\/wp\/v2\/pages\/234\/revisions\/489"}],"wp:attachment":[{"href":"https:\/\/www.abf.se\/umearegionen\/wp-json\/wp\/v2\/media?parent=234"}],"curies":[{"name":"wp","href":"https:\/\/api.w.org\/{rel}","templated":true}]}}