{"id":37,"date":"2024-02-21T10:20:57","date_gmt":"2024-02-21T10:20:57","guid":{"rendered":"https:\/\/www.abf.se\/umearegionen\/?page_id=37"},"modified":"2024-04-23T10:24:34","modified_gmt":"2024-04-23T08:24:34","slug":"folkbildningens-mal-och-syfte","status":"publish","type":"page","link":"https:\/\/www.abf.se\/umearegionen\/om-abf\/folkbildningens-mal-och-syfte\/","title":{"rendered":"Folkbildning syfte och m\u00e5l"},"content":{"rendered":"<div\n    class=\"acf-plain-heading-block container my-16\"\n    data-block=\"plain-heading-block\"\n>\n    <div class=\"max-w-[658px] mx-auto\">\n                <h1 class=\"hero-heading\"><span>Folkbildningens syfte och m\u00e5l<\/span><\/h1>\n                            <p class=\"mt-8 body-xl text-black\">\n                &#8211; St\u00f6dja verksamhet som bidrar till att st\u00e4rka och utveckla demokratin.<br \/>\r\n<br \/>\r\n&#8211; Bidra till att g\u00f6ra det m\u00f6jligt f\u00f6r en \u00f6kad m\u00e5ngfald m\u00e4nniskor att p\u00e5verka sin livssituation och skapa engagemang att delta i samh\u00e4llsutvecklingen.<br \/>\r\n<br \/>\r\n&#8211; Bidra till att utj\u00e4mna utbildningsklyftor och h\u00f6ja bildnings- och utbildningsniv\u00e5n i samh\u00e4llet.<br \/>\r\n<br \/>\r\n&#8211; Bidra till att bredda intresset f\u00f6r och \u00f6ka delaktigheten i kulturlivet.<br \/>\r\n\n            <\/p>\n            <\/div>\n<\/div>\n<div\n    class=\"acf-quick-link-block bg-red py-12 md:py-20\"\n    data-block=\"quick-link-block\"\n>\n    <div class=\"container\">\n                    <h2 class=\"heading-lg mb-7 text-center text-white\">\n                Folkbildningsr\u00e5det och dess statsbidrag\n            <\/h2>\n        \n        <div\n            class=\"px-5 content:px-0 grid grid-cols-1 gap-8\">\n            \n            <article\nclass=\"round-corners-sm p-6 relative group grid grid-rows-[subgrid] row-[span_3] gap-4 bg-white text-red\"\n>\n            <h3\n        class=\"heading-sm group-hover:underline text-red\">\n            <a href=\"https:\/\/www.folkbildningsradet.se\/om-folkbildningsradet\/statsbidrag-till-folkbildningen\/statens-syften-med-att-stodja-folkbildningen\/\" class=\"expanded-hit-area\" target=\"\">\n                Syfte med Statsbidraget \u00e4r att:\n            <\/a>\n        <\/h3>\n                <p class=\"body-md text-gray-text\">\n            1. st\u00f6dja verksamhet som bidrar till att st\u00e4rka och utveckla demokratin,\r\n\r\n2. bidra till att g\u00f6ra det m\u00f6jligt f\u00f6r en \u00f6kad m\u00e5ngfald m\u00e4nniskor att p\u00e5verka sin livssituation och skapa engagemang att delta i samh\u00e4llsutvecklingen,\r\n\r\n3. bidra till att utj\u00e4mna utbildningsklyftor och h\u00f6ja bildnings- och utbildningsniv\u00e5n i samh\u00e4llet.\r\n\r\n4. bidra till att bredda intresset f\u00f6r och \u00f6ka delaktigheten i kulturlivet.\r\n\r\nStatsbidrag l\u00e4mnas i den m\u00e5n det finns tillg\u00e5ng p\u00e5 medel.\n        <\/p>\n        <figure\n    class=\"w-[38px] h-[38px] rounded-full p-2 group-hover:scale-110 transition-transform duration-300 self-end pointer-events-none bg-red text-white\">\n        <svg width=\"20\" height=\"20\" viewBox=\"0 0 20 20\" fill=\"none\" class=\"SvgIconElement\">\n<path d=\"M4.16659 10L15.8333 10\" stroke=\"currentColor\"\/>\n<path d=\"M9.99992 4.1665L15.8333 9.99984L9.99992 15.8332\" stroke=\"currentColor\"\/>\n<\/svg>\n    <\/figure>\n<\/article>                    <\/div>\n    <\/div>\n<\/div>\n<div\n    class=\"acf-article-text-block article-container my-12\"\n    data-block=\"article-text-block\"\n>\n    <div class=\"wysiwyg\">\n        <h2><strong>Olika studief\u00f6rbund och ABF<\/strong><\/h2>\n<p>Allt studief\u00f6rbund erbjuder olika kompetens, profil och id\u00e9m\u00e4ssig s\u00e4rart samt pedagogik och l\u00e4rresurser.<\/p>\n<p><strong>ABF s grundsyn<\/strong> \u00e4r alla m\u00e4nniskors lika och unika v\u00e4rde. ABF vill verka f\u00f6r ett samh\u00e4lle och en v\u00e4rld d\u00e4r m\u00e4nniskov\u00e4rdet g\u00e5r f\u00f6re marknadsv\u00e4rdet.<br \/>\nFolkbildning \u00e4r f\u00f6r oss en id\u00e9 om ett fritt kunskapss\u00f6kande som kan ge m\u00e4nniskor mod och kunskap f\u00f6r att f\u00e5 makt och ansvar s\u00e5v\u00e4l i den egna vardagen som i samh\u00e4llet som helhet. Vi \u00e4r \u00f6vertygade om att framtiden \u00e4r p\u00e5verkbar och att <strong>Varje m\u00e4nniska<\/strong> \u00e4r lika mycket v\u00e4rd oavsett social tillh\u00f6righet, sexuell l\u00e4ggning, funktionsneds\u00e4ttning, etniskt ursprung, hudf\u00e4rg, k\u00f6n eller \u00e5lder.<\/p>\n<p>Varje m\u00e4nniska \u00e4r en tillg\u00e5ng som har f\u00f6rm\u00e5ga och vilja att utvecklas, p\u00e5verka och ta ansvar. V\u00e5r folkbildningsstr\u00e4van handlar om alla m\u00e4nniskors frihet och j\u00e4mlikhet, utveckling och ansvar.<\/p>\n<p>&nbsp;<\/p>\n\n    <\/div>\n<\/div>\n<div\n    class=\"acf-quick-link-block bg-red py-12 md:py-20\"\n    data-block=\"quick-link-block\"\n>\n    <div class=\"container\">\n                    <h2 class=\"heading-lg mb-7 text-center text-white\">\n                Folkr\u00f6relse och folkbildning\n            <\/h2>\n        \n        <div\n            class=\"px-5 content:px-0 grid grid-cols-1 gap-8\">\n            \n            <article\nclass=\"round-corners-sm p-6 relative group grid grid-rows-[subgrid] row-[span_3] gap-4 bg-white text-red\"\n>\n            <h3\n        class=\"heading-sm group-hover:underline text-red\">\n            <a href=\"https:\/\/www.folkbildningsradet.se\/om-folkbildningsradet\/statsbidrag-till-folkbildningen\/statens-syften-med-att-stodja-folkbildningen\/\" class=\"expanded-hit-area\" target=\"\">\n                Varf\u00f6r st\u00f6dja Folkbildningen?\n            <\/a>\n        <\/h3>\n                <p class=\"body-md text-gray-text\">\n            Folkbildningen \u00e4r en bred folklig r\u00f6relse som studief\u00f6rbunden bidrar till att skapa f\u00f6ruts\u00e4ttningarna f\u00f6r. \r\nVerksamheten \u00e4r deltagarstyrd. \r\n\r\nStudiecirklar och kulturaktiviteter m\u00f6ter m\u00e4nniskors behov av l\u00e4rande, kultur, gemenskap och personlig utveckling vid olika tillf\u00e4llen i livet och ger kunskaper och f\u00e4rdigheter. \r\n\r\nStudief\u00f6rbunden arbetar aktivt f\u00f6r att n\u00e5 en m\u00e5ngfald av m\u00e4nniskor och ge m\u00f6jligheter till bildningsresor.\r\nFolkbildningen i studief\u00f6rbunden \u00e4r fri och frivillig. \r\nDet betyder att deltagarnas bildningsprocesser styrs av deras egna intressen och ambitioner och att studief\u00f6rbunden \u00e4r sj\u00e4lvst\u00e4ndiga akt\u00f6rer i samh\u00e4llet. Cirkelledare och andra pedagogiska ledare \u00e4r avg\u00f6rande f\u00f6r kvaliteten i verksamheten.\r\n\r\nStudief\u00f6rbundens folkbildningsverksamhet st\u00e4rker m\u00e4nniskor och st\u00e4rker p\u00e5 det viset samh\u00e4llet. Studiecirklarna \u00e4r det viktigaste redskapet. Studiecirkeln \u00e4r en flexibel form som bygger p\u00e5 m\u00f6te, samarbete, samtal, skapande och reflektion med olika betoning p\u00e5 dessa delar. Studiecirkeln \u00e4r anpassad till deltagares skiftande behov, till samh\u00e4llsbehov, utbildningsbehov och till olika sammanhang i lokalsamh\u00e4llet, civilsamh\u00e4llet och i kulturlivet.\n        <\/p>\n        <figure\n    class=\"w-[38px] h-[38px] rounded-full p-2 group-hover:scale-110 transition-transform duration-300 self-end pointer-events-none bg-red text-white\">\n        <svg width=\"20\" height=\"20\" viewBox=\"0 0 20 20\" fill=\"none\" class=\"SvgIconElement\">\n<path d=\"M4.16659 10L15.8333 10\" stroke=\"currentColor\"\/>\n<path d=\"M9.99992 4.1665L15.8333 9.99984L9.99992 15.8332\" stroke=\"currentColor\"\/>\n<\/svg>\n    <\/figure>\n<\/article>                    <\/div>\n    <\/div>\n<\/div>\n","protected":false},"excerpt":{"rendered":"","protected":false},"author":11,"featured_media":0,"parent":166,"menu_order":0,"comment_status":"closed","ping_status":"closed","template":"","meta":{"_acf_changed":false,"footnotes":""},"class_list":["post-37","page","type-page","status-publish","hentry"],"acf":[],"yoast_head":"<!-- This site is optimized with the Yoast SEO plugin v27.0 - https:\/\/yoast.com\/product\/yoast-seo-wordpress\/ -->\n<title>Folkbildning syfte och m\u00e5l - Ume\u00e5regionen<\/title>\n<meta name=\"robots\" content=\"index, follow, max-snippet:-1, max-image-preview:large, max-video-preview:-1\" \/>\n<link rel=\"canonical\" href=\"https:\/\/www.abf.se\/umearegionen\/om-abf\/folkbildningens-mal-och-syfte\/\" \/>\n<meta property=\"og:locale\" content=\"sv_SE\" \/>\n<meta property=\"og:type\" content=\"article\" \/>\n<meta property=\"og:title\" content=\"Folkbildning syfte och m\u00e5l - Ume\u00e5regionen\" \/>\n<meta property=\"og:url\" content=\"https:\/\/www.abf.se\/umearegionen\/om-abf\/folkbildningens-mal-och-syfte\/\" \/>\n<meta property=\"og:site_name\" content=\"Ume\u00e5regionen\" \/>\n<meta property=\"article:modified_time\" content=\"2024-04-23T08:24:34+00:00\" \/>\n<meta property=\"og:image\" content=\"https:\/\/www.abf.se\/wp-content\/uploads\/sites\/53\/2024\/04\/Nyckeln-liggande-scaled.jpg\" \/>\n\t<meta property=\"og:image:width\" content=\"2560\" \/>\n\t<meta property=\"og:image:height\" content=\"1440\" \/>\n\t<meta property=\"og:image:type\" content=\"image\/jpeg\" \/>\n<meta name=\"twitter:card\" content=\"summary_large_image\" \/>\n<script type=\"application\/ld+json\" class=\"yoast-schema-graph\">{\"@context\":\"https:\/\/schema.org\",\"@graph\":[{\"@type\":\"WebPage\",\"@id\":\"https:\/\/www.abf.se\/umearegionen\/om-abf\/folkbildningens-mal-och-syfte\/\",\"url\":\"https:\/\/www.abf.se\/umearegionen\/om-abf\/folkbildningens-mal-och-syfte\/\",\"name\":\"Folkbildning syfte och m\u00e5l - Ume\u00e5regionen\",\"isPartOf\":{\"@id\":\"https:\/\/www.abf.se\/umearegionen\/#website\"},\"datePublished\":\"2024-02-21T10:20:57+00:00\",\"dateModified\":\"2024-04-23T08:24:34+00:00\",\"breadcrumb\":{\"@id\":\"https:\/\/www.abf.se\/umearegionen\/om-abf\/folkbildningens-mal-och-syfte\/#breadcrumb\"},\"inLanguage\":\"sv-SE\",\"potentialAction\":[{\"@type\":\"ReadAction\",\"target\":[\"https:\/\/www.abf.se\/umearegionen\/om-abf\/folkbildningens-mal-och-syfte\/\"]}]},{\"@type\":\"BreadcrumbList\",\"@id\":\"https:\/\/www.abf.se\/umearegionen\/om-abf\/folkbildningens-mal-och-syfte\/#breadcrumb\",\"itemListElement\":[{\"@type\":\"ListItem\",\"position\":1,\"name\":\"Home\",\"item\":\"https:\/\/www.abf.se\/umearegionen\/\"},{\"@type\":\"ListItem\",\"position\":2,\"name\":\"Om ABF\",\"item\":\"https:\/\/www.abf.se\/umearegionen\/om-abf\/\"},{\"@type\":\"ListItem\",\"position\":3,\"name\":\"Folkbildning syfte och m\u00e5l\"}]},{\"@type\":\"WebSite\",\"@id\":\"https:\/\/www.abf.se\/umearegionen\/#website\",\"url\":\"https:\/\/www.abf.se\/umearegionen\/\",\"name\":\"Ume\u00e5regionen\",\"description\":\"\",\"potentialAction\":[{\"@type\":\"SearchAction\",\"target\":{\"@type\":\"EntryPoint\",\"urlTemplate\":\"https:\/\/www.abf.se\/umearegionen\/?s={search_term_string}\"},\"query-input\":{\"@type\":\"PropertyValueSpecification\",\"valueRequired\":true,\"valueName\":\"search_term_string\"}}],\"inLanguage\":\"sv-SE\"}]}<\/script>\n<!-- \/ Yoast SEO plugin. -->","yoast_head_json":{"title":"Folkbildning syfte och m\u00e5l - Ume\u00e5regionen","robots":{"index":"index","follow":"follow","max-snippet":"max-snippet:-1","max-image-preview":"max-image-preview:large","max-video-preview":"max-video-preview:-1"},"canonical":"https:\/\/www.abf.se\/umearegionen\/om-abf\/folkbildningens-mal-och-syfte\/","og_locale":"sv_SE","og_type":"article","og_title":"Folkbildning syfte och m\u00e5l - Ume\u00e5regionen","og_url":"https:\/\/www.abf.se\/umearegionen\/om-abf\/folkbildningens-mal-och-syfte\/","og_site_name":"Ume\u00e5regionen","article_modified_time":"2024-04-23T08:24:34+00:00","og_image":[{"width":2560,"height":1440,"url":"https:\/\/www.abf.se\/wp-content\/uploads\/sites\/53\/2024\/04\/Nyckeln-liggande-scaled.jpg","type":"image\/jpeg"}],"twitter_card":"summary_large_image","schema":{"@context":"https:\/\/schema.org","@graph":[{"@type":"WebPage","@id":"https:\/\/www.abf.se\/umearegionen\/om-abf\/folkbildningens-mal-och-syfte\/","url":"https:\/\/www.abf.se\/umearegionen\/om-abf\/folkbildningens-mal-och-syfte\/","name":"Folkbildning syfte och m\u00e5l - Ume\u00e5regionen","isPartOf":{"@id":"https:\/\/www.abf.se\/umearegionen\/#website"},"datePublished":"2024-02-21T10:20:57+00:00","dateModified":"2024-04-23T08:24:34+00:00","breadcrumb":{"@id":"https:\/\/www.abf.se\/umearegionen\/om-abf\/folkbildningens-mal-och-syfte\/#breadcrumb"},"inLanguage":"sv-SE","potentialAction":[{"@type":"ReadAction","target":["https:\/\/www.abf.se\/umearegionen\/om-abf\/folkbildningens-mal-och-syfte\/"]}]},{"@type":"BreadcrumbList","@id":"https:\/\/www.abf.se\/umearegionen\/om-abf\/folkbildningens-mal-och-syfte\/#breadcrumb","itemListElement":[{"@type":"ListItem","position":1,"name":"Home","item":"https:\/\/www.abf.se\/umearegionen\/"},{"@type":"ListItem","position":2,"name":"Om ABF","item":"https:\/\/www.abf.se\/umearegionen\/om-abf\/"},{"@type":"ListItem","position":3,"name":"Folkbildning syfte och m\u00e5l"}]},{"@type":"WebSite","@id":"https:\/\/www.abf.se\/umearegionen\/#website","url":"https:\/\/www.abf.se\/umearegionen\/","name":"Ume\u00e5regionen","description":"","potentialAction":[{"@type":"SearchAction","target":{"@type":"EntryPoint","urlTemplate":"https:\/\/www.abf.se\/umearegionen\/?s={search_term_string}"},"query-input":{"@type":"PropertyValueSpecification","valueRequired":true,"valueName":"search_term_string"}}],"inLanguage":"sv-SE"}]}},"_links":{"self":[{"href":"https:\/\/www.abf.se\/umearegionen\/wp-json\/wp\/v2\/pages\/37","targetHints":{"allow":["GET"]}}],"collection":[{"href":"https:\/\/www.abf.se\/umearegionen\/wp-json\/wp\/v2\/pages"}],"about":[{"href":"https:\/\/www.abf.se\/umearegionen\/wp-json\/wp\/v2\/types\/page"}],"author":[{"embeddable":true,"href":"https:\/\/www.abf.se\/umearegionen\/wp-json\/wp\/v2\/users\/11"}],"replies":[{"embeddable":true,"href":"https:\/\/www.abf.se\/umearegionen\/wp-json\/wp\/v2\/comments?post=37"}],"version-history":[{"count":19,"href":"https:\/\/www.abf.se\/umearegionen\/wp-json\/wp\/v2\/pages\/37\/revisions"}],"predecessor-version":[{"id":151,"href":"https:\/\/www.abf.se\/umearegionen\/wp-json\/wp\/v2\/pages\/37\/revisions\/151"}],"up":[{"embeddable":true,"href":"https:\/\/www.abf.se\/umearegionen\/wp-json\/wp\/v2\/pages\/166"}],"wp:attachment":[{"href":"https:\/\/www.abf.se\/umearegionen\/wp-json\/wp\/v2\/media?parent=37"}],"curies":[{"name":"wp","href":"https:\/\/api.w.org\/{rel}","templated":true}]}}