{"id":642,"date":"2026-03-03T17:12:59","date_gmt":"2026-03-03T16:12:59","guid":{"rendered":"https:\/\/www.abf.se\/umearegionen\/?page_id=642"},"modified":"2026-03-03T17:12:59","modified_gmt":"2026-03-03T16:12:59","slug":"vara-besokstider","status":"publish","type":"page","link":"https:\/\/www.abf.se\/umearegionen\/kontakt\/vara-besokstider\/","title":{"rendered":"V\u00e5ra bes\u00f6kstider"},"content":{"rendered":"<div\n    class=\"acf-hero-block container-lg no-padding mb-12 js-geolocation\"\n    data-block=\"hero-block\"\n    data-index=\"0\"\n>\n    <div class=\"h-[548px]  relative rounded-[32px] overflow-hidden flex bg-gray-light\">\n        <div class=\"relative z-10 mt-auto h-auto w-full md:h-full\">\n            <div class=\"flex w-full h-full flex-col flex-wrap justify-end w-full md:w-7\/12 lg:w-1\/2 md:justify-center\">\n                <div class=\"flex flex-col gap-3 md:gap-[18px] md:transparent pt-16 pb-36 md:py-8 px-4 w-full md:max-w-[620px] mx-auto px-8\">\n\n                    <h1 class=\"hero-heading hero-heading--red-text\"><span>ABF Ume\u00e5regionens bes\u00f6kstider<\/span><\/h1>\n\n                    \n                                    <\/div>\n            <\/div>\n        <\/div>\n\n                    <picture class=\"as-background-image mix-blend-multiply bg-black\/40\"><img decoding=\"async\" src=\"https:\/\/www.abf.se\/umearegionen\/resized\/?url=https%3A%2F%2Fwww.abf.se%2Fwp-content%2Fuploads%2F2023%2F11%2FNa-fram-liggande_IMGP.jpg&#038;fit=crop&#038;w=1440&#038;s=8bd4a1ff382ace7d471f8443607787bf\" srcset=\"https:\/\/www.abf.se\/umearegionen\/resized\/?url=https%3A%2F%2Fwww.abf.se%2Fwp-content%2Fuploads%2F2023%2F11%2FNa-fram-liggande_IMGP.jpg&#038;fit=crop&#038;w=375&#038;h=540&#038;s=2c5b529ce41ff374c08160130d12ec1f 375w, https:\/\/www.abf.se\/umearegionen\/resized\/?url=https%3A%2F%2Fwww.abf.se%2Fwp-content%2Fuploads%2F2023%2F11%2FNa-fram-liggande_IMGP.jpg&#038;fit=crop&#038;w=447&#038;h=540&#038;s=8bb0e9477032c7a55bb9664c8d173e35 447w, https:\/\/www.abf.se\/umearegionen\/resized\/?url=https%3A%2F%2Fwww.abf.se%2Fwp-content%2Fuploads%2F2023%2F11%2FNa-fram-liggande_IMGP.jpg&#038;fit=crop&#038;w=519&#038;h=540&#038;s=383a017348d31a74e4b45996cea2b02f 519w, https:\/\/www.abf.se\/umearegionen\/resized\/?url=https%3A%2F%2Fwww.abf.se%2Fwp-content%2Fuploads%2F2023%2F11%2FNa-fram-liggande_IMGP.jpg&#038;fit=crop&#038;w=591&#038;h=540&#038;s=45c7a77424874989961944635f947d50 591w, https:\/\/www.abf.se\/umearegionen\/resized\/?url=https%3A%2F%2Fwww.abf.se%2Fwp-content%2Fuploads%2F2023%2F11%2FNa-fram-liggande_IMGP.jpg&#038;fit=crop&#038;w=663&#038;h=540&#038;s=48234262d28bebab3a753875710877a1 663w, https:\/\/www.abf.se\/umearegionen\/resized\/?url=https%3A%2F%2Fwww.abf.se%2Fwp-content%2Fuploads%2F2023%2F11%2FNa-fram-liggande_IMGP.jpg&#038;fit=crop&#038;w=750&#038;h=540&#038;s=1cc6035802b36a4647c6671739dc559d 750w, https:\/\/www.abf.se\/umearegionen\/resized\/?url=https%3A%2F%2Fwww.abf.se%2Fwp-content%2Fuploads%2F2023%2F11%2FNa-fram-liggande_IMGP.jpg&#038;fit=crop&#038;w=894&#038;h=540&#038;s=b9f33c3efbb29e8790544b684c6aa0d0 894w, https:\/\/www.abf.se\/umearegionen\/resized\/?url=https%3A%2F%2Fwww.abf.se%2Fwp-content%2Fuploads%2F2023%2F11%2FNa-fram-liggande_IMGP.jpg&#038;fit=crop&#038;w=1038&#038;h=540&#038;s=21f001385e6ca219404293b8135c71dc 1038w, https:\/\/www.abf.se\/umearegionen\/resized\/?url=https%3A%2F%2Fwww.abf.se%2Fwp-content%2Fuploads%2F2023%2F11%2FNa-fram-liggande_IMGP.jpg&#038;fit=crop&#038;w=1182&#038;h=540&#038;s=1e33e9d90aa4fa7fc552c95b87ace4e0 1182w, https:\/\/www.abf.se\/umearegionen\/resized\/?url=https%3A%2F%2Fwww.abf.se%2Fwp-content%2Fuploads%2F2023%2F11%2FNa-fram-liggande_IMGP.jpg&#038;fit=crop&#038;w=1326&#038;h=540&#038;s=e68673ce931b5a498698c48aba79f953 1326w, https:\/\/www.abf.se\/umearegionen\/resized\/?url=https%3A%2F%2Fwww.abf.se%2Fwp-content%2Fuploads%2F2023%2F11%2FNa-fram-liggande_IMGP.jpg&#038;fit=crop&#038;w=1440&#038;h=540&#038;s=5cbaace2e5d4ed1f95c785f3bf737355 1440w\" alt=\"\" height=\"540\" width=\"1440\" sizes=\"(max-width: 1440px) calc(100vw - 32px), 1440px\" loading=\"eager\" fetchpriority=\"high\" aria-hidden=\"true\" role=\"presentation\" \/><\/picture>\n        \n\n            <\/div>\n\n    <\/div>\n\n<div\n    class=\"acf-article-facts-block article-container  my-8 \"\n    data-block=\"article-facts-block\"\n>\n<div class=\"bg-teal-light border border-teal p-8 rounded-corners-sm\">\n<header>\n        <h2 class=\"heading-md text-teal-dark mb-3\">\n            ABF:S NYA BES\u00d6KSTIDER FROM 1 MARS 2026\n        <\/h2>\n    <\/header>\n    <div class=\"wysiwyg\">\n        <p><strong>R\u00e5dhusesplanaden<\/strong>: M\u00e5ndagar, onsdagar, torsdagar\u00a0 \u00a0 \u00a0 \u00a0 \u00a0 \u00a0 \u00a0 \u00a0 \u00a0 \u00a0 \u00a0 \u00a0 \u00a0 \u00a010.00-15.00<\/p>\n<p><strong>Ersboda<\/strong>: M\u00e5ndagar, onsdagar\u00a0 \u00a0 \u00a0 \u00a0 \u00a0 \u00a0 \u00a0 \u00a0 \u00a0 \u00a0 \u00a0 \u00a0 \u00a0 \u00a0 \u00a0 \u00a0 \u00a0 \u00a0 \u00a0 \u00a0 \u00a0 \u00a0 \u00a0 \u00a0 \u00a0 \u00a0 \u00a0 \u00a0 \u00a0 \u00a0 \u00a0 \u00a0 \u00a0 \u00a0 \u00a0 \u00a013.00-15.00<\/p>\n<p><strong>Vindeln<\/strong>: M\u00e5ndagar, onsdagar\u00a0 \u00a0 \u00a0 \u00a0 \u00a0 \u00a0 \u00a0 \u00a0 \u00a0 \u00a0 \u00a0 \u00a0 \u00a0 \u00a0 \u00a0 \u00a0 \u00a0 \u00a0 \u00a0 \u00a0 \u00a0 \u00a0 \u00a0 \u00a0 \u00a0 \u00a0 \u00a0 \u00a0 \u00a0 \u00a0 \u00a0 \u00a0 \u00a0 \u00a0 \u00a0 \u00a0 10.00-15.00<\/p>\n<p><strong>Bjurholm<\/strong>: 1:a onsdagen i m\u00e5naden\u00a0 \u00a0 \u00a0 \u00a0 \u00a0 \u00a0 \u00a0 \u00a0 \u00a0 \u00a0 \u00a0 \u00a0 \u00a0 \u00a0 \u00a0 \u00a0 \u00a0 \u00a0 \u00a0 \u00a0 \u00a0 \u00a0 \u00a0 \u00a0 \u00a0 \u00a0 \u00a0 \u00a0 \u00a0 \u00a0 \u00a0 09.00-12.00<\/p>\n<p><strong>V\u00e4nn\u00e4s<\/strong>: 2:a och, 4:e onsdagen i m\u00e5naden\u00a0 \u00a0 \u00a0 \u00a0 \u00a0 \u00a0 \u00a0 \u00a0 \u00a0 \u00a0 \u00a0 \u00a0 \u00a0 \u00a0 \u00a0 \u00a0 \u00a0 \u00a0 \u00a0 \u00a0 \u00a0 \u00a0 \u00a0 \u00a0 \u00a010.00-15.00<\/p>\n<p><strong>Nordmaling<\/strong>:\u00a0 3:e onsdagen i m\u00e5naden\u00a0 \u00a0 \u00a0 \u00a0 \u00a0 \u00a0 \u00a0 \u00a0 \u00a0 \u00a0 \u00a0 \u00a0 \u00a0 \u00a0 \u00a0 \u00a0 \u00a0 \u00a0 \u00a0 \u00a0 \u00a0 \u00a0 \u00a0 \u00a0 \u00a0 \u00a0 \u00a0 \u00a010.00-15.00<\/p>\n<p><strong>Robertsfors<\/strong>: Varannan fredag, oj\u00e4mna veckor\u00a0 \u00a0 \u00a0 \u00a0 \u00a0 \u00a0 \u00a0 \u00a0 \u00a0 \u00a0 \u00a0 \u00a0 \u00a0 \u00a0 \u00a0 \u00a0 \u00a0 \u00a0 \u00a0 \u00a0 \u00a0 10.00-15.00<\/p>\n<p>&nbsp;<\/p>\n<p style=\"text-align: center\"><strong>Lunchst\u00e4ngt 12.00-13.00<\/strong><\/p>\n<p>&nbsp;<\/p>\n<p>Observera att tiderna kan f\u00f6r\u00e4ndras med kort varsel, vid sjukdom etc.<\/p>\n<p>F\u00f6r att boka m\u00f6ten eller \u00e4r nyfiken p\u00e5 ett samarbete g\u00e5r det \u00e4ven bra att maila oss p\u00e5 <a href=\"mailto:info.umearegionen@abf.se\">info.umearegionen@abf.se<\/a><\/p>\n\n    <\/div>\n<\/div>\n\n<\/div>\n<div\n    class=\"acf-article-cta-link-block article-container my-8\"\n    data-block=\"article-cta-link-block\"\n>\n<div>\n    <a class=\"inline-flex flex-row items-center gap-4 text-link underline text-red-dark\"\n        href=\"https:\/\/www.abf.se\/wp-content\/uploads\/sites\/53\/2026\/03\/Besokstider-Umearegionen.pdf\"\n                target=\"_blank\"\n            >\n        <span class=\"\">\n        \u00d6ppna de nya bes\u00f6kstiderna i en ny flik\n        <\/span>\n        <figure aria-hidden=\"true\" class=\"rounded-full bg-red-dark w-8 h-8 p-1 text-white\">\n            <svg width=\"20\" height=\"20\" viewBox=\"0 0 20 20\" fill=\"none\" class=\"SvgIconElement\">\n<path d=\"M4.16659 10L15.8333 10\" stroke=\"currentColor\"\/>\n<path d=\"M9.99992 4.1665L15.8333 9.99984L9.99992 15.8332\" stroke=\"currentColor\"\/>\n<\/svg>\n        <\/figure>\n    <\/a>\n<\/div>\n<\/div>\n","protected":false},"excerpt":{"rendered":"","protected":false},"author":140,"featured_media":0,"parent":7,"menu_order":0,"comment_status":"closed","ping_status":"closed","template":"","meta":{"_acf_changed":false,"footnotes":""},"class_list":["post-642","page","type-page","status-publish","hentry"],"acf":[],"yoast_head":"<!-- This site is optimized with the Yoast SEO plugin v27.0 - https:\/\/yoast.com\/product\/yoast-seo-wordpress\/ -->\n<title>V\u00e5ra bes\u00f6kstider - Ume\u00e5regionen<\/title>\n<meta name=\"robots\" content=\"index, follow, max-snippet:-1, max-image-preview:large, max-video-preview:-1\" \/>\n<link rel=\"canonical\" href=\"https:\/\/www.abf.se\/umearegionen\/kontakt\/vara-besokstider\/\" \/>\n<meta property=\"og:locale\" content=\"sv_SE\" \/>\n<meta property=\"og:type\" content=\"article\" \/>\n<meta property=\"og:title\" content=\"V\u00e5ra bes\u00f6kstider - Ume\u00e5regionen\" \/>\n<meta property=\"og:url\" content=\"https:\/\/www.abf.se\/umearegionen\/kontakt\/vara-besokstider\/\" \/>\n<meta property=\"og:site_name\" content=\"Ume\u00e5regionen\" \/>\n<meta property=\"og:image\" content=\"https:\/\/www.abf.se\/wp-content\/uploads\/sites\/53\/2024\/04\/Nyckeln-liggande-scaled.jpg\" \/>\n\t<meta property=\"og:image:width\" content=\"2560\" \/>\n\t<meta property=\"og:image:height\" content=\"1440\" \/>\n\t<meta property=\"og:image:type\" content=\"image\/jpeg\" \/>\n<meta name=\"twitter:card\" content=\"summary_large_image\" \/>\n<script type=\"application\/ld+json\" class=\"yoast-schema-graph\">{\"@context\":\"https:\/\/schema.org\",\"@graph\":[{\"@type\":\"WebPage\",\"@id\":\"https:\/\/www.abf.se\/umearegionen\/kontakt\/vara-besokstider\/\",\"url\":\"https:\/\/www.abf.se\/umearegionen\/kontakt\/vara-besokstider\/\",\"name\":\"V\u00e5ra bes\u00f6kstider - Ume\u00e5regionen\",\"isPartOf\":{\"@id\":\"https:\/\/www.abf.se\/umearegionen\/#website\"},\"datePublished\":\"2026-03-03T16:12:59+00:00\",\"breadcrumb\":{\"@id\":\"https:\/\/www.abf.se\/umearegionen\/kontakt\/vara-besokstider\/#breadcrumb\"},\"inLanguage\":\"sv-SE\",\"potentialAction\":[{\"@type\":\"ReadAction\",\"target\":[\"https:\/\/www.abf.se\/umearegionen\/kontakt\/vara-besokstider\/\"]}]},{\"@type\":\"BreadcrumbList\",\"@id\":\"https:\/\/www.abf.se\/umearegionen\/kontakt\/vara-besokstider\/#breadcrumb\",\"itemListElement\":[{\"@type\":\"ListItem\",\"position\":1,\"name\":\"Home\",\"item\":\"https:\/\/www.abf.se\/umearegionen\/\"},{\"@type\":\"ListItem\",\"position\":2,\"name\":\"Kontakt\",\"item\":\"https:\/\/www.abf.se\/umearegionen\/kontakt\/\"},{\"@type\":\"ListItem\",\"position\":3,\"name\":\"V\u00e5ra bes\u00f6kstider\"}]},{\"@type\":\"WebSite\",\"@id\":\"https:\/\/www.abf.se\/umearegionen\/#website\",\"url\":\"https:\/\/www.abf.se\/umearegionen\/\",\"name\":\"Ume\u00e5regionen\",\"description\":\"\",\"potentialAction\":[{\"@type\":\"SearchAction\",\"target\":{\"@type\":\"EntryPoint\",\"urlTemplate\":\"https:\/\/www.abf.se\/umearegionen\/?s={search_term_string}\"},\"query-input\":{\"@type\":\"PropertyValueSpecification\",\"valueRequired\":true,\"valueName\":\"search_term_string\"}}],\"inLanguage\":\"sv-SE\"}]}<\/script>\n<!-- \/ Yoast SEO plugin. -->","yoast_head_json":{"title":"V\u00e5ra bes\u00f6kstider - Ume\u00e5regionen","robots":{"index":"index","follow":"follow","max-snippet":"max-snippet:-1","max-image-preview":"max-image-preview:large","max-video-preview":"max-video-preview:-1"},"canonical":"https:\/\/www.abf.se\/umearegionen\/kontakt\/vara-besokstider\/","og_locale":"sv_SE","og_type":"article","og_title":"V\u00e5ra bes\u00f6kstider - Ume\u00e5regionen","og_url":"https:\/\/www.abf.se\/umearegionen\/kontakt\/vara-besokstider\/","og_site_name":"Ume\u00e5regionen","og_image":[{"width":2560,"height":1440,"url":"https:\/\/www.abf.se\/wp-content\/uploads\/sites\/53\/2024\/04\/Nyckeln-liggande-scaled.jpg","type":"image\/jpeg"}],"twitter_card":"summary_large_image","schema":{"@context":"https:\/\/schema.org","@graph":[{"@type":"WebPage","@id":"https:\/\/www.abf.se\/umearegionen\/kontakt\/vara-besokstider\/","url":"https:\/\/www.abf.se\/umearegionen\/kontakt\/vara-besokstider\/","name":"V\u00e5ra bes\u00f6kstider - Ume\u00e5regionen","isPartOf":{"@id":"https:\/\/www.abf.se\/umearegionen\/#website"},"datePublished":"2026-03-03T16:12:59+00:00","breadcrumb":{"@id":"https:\/\/www.abf.se\/umearegionen\/kontakt\/vara-besokstider\/#breadcrumb"},"inLanguage":"sv-SE","potentialAction":[{"@type":"ReadAction","target":["https:\/\/www.abf.se\/umearegionen\/kontakt\/vara-besokstider\/"]}]},{"@type":"BreadcrumbList","@id":"https:\/\/www.abf.se\/umearegionen\/kontakt\/vara-besokstider\/#breadcrumb","itemListElement":[{"@type":"ListItem","position":1,"name":"Home","item":"https:\/\/www.abf.se\/umearegionen\/"},{"@type":"ListItem","position":2,"name":"Kontakt","item":"https:\/\/www.abf.se\/umearegionen\/kontakt\/"},{"@type":"ListItem","position":3,"name":"V\u00e5ra bes\u00f6kstider"}]},{"@type":"WebSite","@id":"https:\/\/www.abf.se\/umearegionen\/#website","url":"https:\/\/www.abf.se\/umearegionen\/","name":"Ume\u00e5regionen","description":"","potentialAction":[{"@type":"SearchAction","target":{"@type":"EntryPoint","urlTemplate":"https:\/\/www.abf.se\/umearegionen\/?s={search_term_string}"},"query-input":{"@type":"PropertyValueSpecification","valueRequired":true,"valueName":"search_term_string"}}],"inLanguage":"sv-SE"}]}},"_links":{"self":[{"href":"https:\/\/www.abf.se\/umearegionen\/wp-json\/wp\/v2\/pages\/642","targetHints":{"allow":["GET"]}}],"collection":[{"href":"https:\/\/www.abf.se\/umearegionen\/wp-json\/wp\/v2\/pages"}],"about":[{"href":"https:\/\/www.abf.se\/umearegionen\/wp-json\/wp\/v2\/types\/page"}],"author":[{"embeddable":true,"href":"https:\/\/www.abf.se\/umearegionen\/wp-json\/wp\/v2\/users\/140"}],"replies":[{"embeddable":true,"href":"https:\/\/www.abf.se\/umearegionen\/wp-json\/wp\/v2\/comments?post=642"}],"version-history":[{"count":20,"href":"https:\/\/www.abf.se\/umearegionen\/wp-json\/wp\/v2\/pages\/642\/revisions"}],"predecessor-version":[{"id":689,"href":"https:\/\/www.abf.se\/umearegionen\/wp-json\/wp\/v2\/pages\/642\/revisions\/689"}],"up":[{"embeddable":true,"href":"https:\/\/www.abf.se\/umearegionen\/wp-json\/wp\/v2\/pages\/7"}],"wp:attachment":[{"href":"https:\/\/www.abf.se\/umearegionen\/wp-json\/wp\/v2\/media?parent=642"}],"curies":[{"name":"wp","href":"https:\/\/api.w.org\/{rel}","templated":true}]}}