{"id":8,"date":"2024-02-21T10:12:58","date_gmt":"2024-02-21T09:12:58","guid":{"rendered":"https:\/\/www.abf.se\/umearegionen\/?page_id=8"},"modified":"2026-03-04T17:06:11","modified_gmt":"2026-03-04T16:06:11","slug":"lediga-tjanster","status":"publish","type":"page","link":"https:\/\/www.abf.se\/umearegionen\/lediga-tjanster\/","title":{"rendered":"Lediga tj\u00e4nster"},"content":{"rendered":"<div\n    class=\"acf-plain-heading-block container my-16\"\n    data-block=\"plain-heading-block\"\n>\n    <div class=\"max-w-[658px] mx-auto\">\n                <h1 class=\"hero-heading\"><span>Lediga jobb ABF Ume\u00e5regionen<\/span><\/h1>\n                            <p class=\"mt-8 body-xl text-black\">\n                <br \/>\r\n\n            <\/p>\n            <\/div>\n<\/div>\n<div\n    class=\"acf-section-breaker-text my-8 container-lg\"\n    data-block=\"section-breaker-text\"\n>\n    <div class=\"round-corners-lg overflow-hidden pt-36 pb-8 px-5 md:p-16 relative grid grid-cols-1 md:grid-cols-2 lg:grid-cols-5 grid-flow-col-dense\">\n\n            <picture class=\"as-background-image\"><img decoding=\"async\" src=\"https:\/\/www.abf.se\/umearegionen\/resized\/?url=https%3A%2F%2Fwww.abf.se%2Fwp-content%2Fuploads%2F2023%2F11%2FNa-fram-liggande_IMGP.jpg&#038;fit=crop&#038;w=1440&#038;s=8bd4a1ff382ace7d471f8443607787bf\" srcset=\"https:\/\/www.abf.se\/umearegionen\/resized\/?url=https%3A%2F%2Fwww.abf.se%2Fwp-content%2Fuploads%2F2023%2F11%2FNa-fram-liggande_IMGP.jpg&#038;fit=crop&#038;w=375&#038;h=540&#038;s=2c5b529ce41ff374c08160130d12ec1f 375w, https:\/\/www.abf.se\/umearegionen\/resized\/?url=https%3A%2F%2Fwww.abf.se%2Fwp-content%2Fuploads%2F2023%2F11%2FNa-fram-liggande_IMGP.jpg&#038;fit=crop&#038;w=499&#038;h=540&#038;s=83aa0ed9a8d24089caf76f5c3664970c 499w, https:\/\/www.abf.se\/umearegionen\/resized\/?url=https%3A%2F%2Fwww.abf.se%2Fwp-content%2Fuploads%2F2023%2F11%2FNa-fram-liggande_IMGP.jpg&#038;fit=crop&#038;w=623&#038;h=540&#038;s=64e57e087821bd5623852ff844f61fba 623w, https:\/\/www.abf.se\/umearegionen\/resized\/?url=https%3A%2F%2Fwww.abf.se%2Fwp-content%2Fuploads%2F2023%2F11%2FNa-fram-liggande_IMGP.jpg&#038;fit=crop&#038;w=747&#038;h=540&#038;s=5369970b951f1441fb47809f8ea17681 747w, https:\/\/www.abf.se\/umearegionen\/resized\/?url=https%3A%2F%2Fwww.abf.se%2Fwp-content%2Fuploads%2F2023%2F11%2FNa-fram-liggande_IMGP.jpg&#038;fit=crop&#038;w=750&#038;h=540&#038;s=1cc6035802b36a4647c6671739dc559d 750w, https:\/\/www.abf.se\/umearegionen\/resized\/?url=https%3A%2F%2Fwww.abf.se%2Fwp-content%2Fuploads%2F2023%2F11%2FNa-fram-liggande_IMGP.jpg&#038;fit=crop&#038;w=871&#038;h=540&#038;s=78587a6f8d865c122702d9e65d2bf07c 871w, https:\/\/www.abf.se\/umearegionen\/resized\/?url=https%3A%2F%2Fwww.abf.se%2Fwp-content%2Fuploads%2F2023%2F11%2FNa-fram-liggande_IMGP.jpg&#038;fit=crop&#038;w=995&#038;h=540&#038;s=8b132c9f2288d276f1387616fc6e5fb4 995w, https:\/\/www.abf.se\/umearegionen\/resized\/?url=https%3A%2F%2Fwww.abf.se%2Fwp-content%2Fuploads%2F2023%2F11%2FNa-fram-liggande_IMGP.jpg&#038;fit=crop&#038;w=998&#038;h=540&#038;s=ec8c2cc4602cdfea196aef26bc69c354 998w, https:\/\/www.abf.se\/umearegionen\/resized\/?url=https%3A%2F%2Fwww.abf.se%2Fwp-content%2Fuploads%2F2023%2F11%2FNa-fram-liggande_IMGP.jpg&#038;fit=crop&#038;w=1119&#038;h=540&#038;s=ef0c2ae85b0f51d03560d3b6d90efe62 1119w, https:\/\/www.abf.se\/umearegionen\/resized\/?url=https%3A%2F%2Fwww.abf.se%2Fwp-content%2Fuploads%2F2023%2F11%2FNa-fram-liggande_IMGP.jpg&#038;fit=crop&#038;w=1243&#038;h=540&#038;s=a89e55cbeef51f16f01a53334a1e67e2 1243w, https:\/\/www.abf.se\/umearegionen\/resized\/?url=https%3A%2F%2Fwww.abf.se%2Fwp-content%2Fuploads%2F2023%2F11%2FNa-fram-liggande_IMGP.jpg&#038;fit=crop&#038;w=1246&#038;h=540&#038;s=9c3933fbd37c9ed0701dbb75c97760e9 1246w, https:\/\/www.abf.se\/umearegionen\/resized\/?url=https%3A%2F%2Fwww.abf.se%2Fwp-content%2Fuploads%2F2023%2F11%2FNa-fram-liggande_IMGP.jpg&#038;fit=crop&#038;w=1367&#038;h=540&#038;s=d666de0fcef9da03792aeec115bff6f5 1367w, https:\/\/www.abf.se\/umearegionen\/resized\/?url=https%3A%2F%2Fwww.abf.se%2Fwp-content%2Fuploads%2F2023%2F11%2FNa-fram-liggande_IMGP.jpg&#038;fit=crop&#038;w=1440&#038;h=540&#038;s=5cbaace2e5d4ed1f95c785f3bf737355 1440w, https:\/\/www.abf.se\/umearegionen\/resized\/?url=https%3A%2F%2Fwww.abf.se%2Fwp-content%2Fuploads%2F2023%2F11%2FNa-fram-liggande_IMGP.jpg&#038;fit=crop&#038;w=1494&#038;h=540&#038;s=7c52c0c3e661ca2afc6db3112b814d00 1494w, https:\/\/www.abf.se\/umearegionen\/resized\/?url=https%3A%2F%2Fwww.abf.se%2Fwp-content%2Fuploads%2F2023%2F11%2FNa-fram-liggande_IMGP.jpg&#038;fit=crop&#038;w=1742&#038;h=540&#038;s=c50b0e4c3708213a434d1f1da4559323 1742w, https:\/\/www.abf.se\/umearegionen\/resized\/?url=https%3A%2F%2Fwww.abf.se%2Fwp-content%2Fuploads%2F2023%2F11%2FNa-fram-liggande_IMGP.jpg&#038;fit=crop&#038;w=1990&#038;h=540&#038;s=4cdb0045b5dabfd42d1e26fd5ddc8d63 1990w, https:\/\/www.abf.se\/umearegionen\/resized\/?url=https%3A%2F%2Fwww.abf.se%2Fwp-content%2Fuploads%2F2023%2F11%2FNa-fram-liggande_IMGP.jpg&#038;fit=crop&#038;w=2238&#038;h=540&#038;s=208947ca0c76ba98a02102ba7a97cfeb 2238w, https:\/\/www.abf.se\/umearegionen\/resized\/?url=https%3A%2F%2Fwww.abf.se%2Fwp-content%2Fuploads%2F2023%2F11%2FNa-fram-liggande_IMGP.jpg&#038;fit=crop&#038;w=2486&#038;h=540&#038;s=80149e6dc9ee698d3d2d04568a06dd47 2486w, https:\/\/www.abf.se\/umearegionen\/resized\/?url=https%3A%2F%2Fwww.abf.se%2Fwp-content%2Fuploads%2F2023%2F11%2FNa-fram-liggande_IMGP.jpg&#038;fit=crop&#038;w=2734&#038;h=540&#038;s=12dc5846f63f0629c7c953b8df9c8aba 2734w\" alt=\"\" height=\"540\" width=\"1440\" sizes=\"auto, \n            (max-width: 1440px) calc(100vw - 32px), 1440px\" loading=\"lazy\" fetchpriority=\"low\" aria-hidden=\"true\" role=\"presentation\" \/><\/picture>\n                <div class=\"bg-white round-corners-sm px-10 py-11 col-span-1  relative z-10 col-start-4 col-end-[-1]\">\n            <h2 class=\"heading-lg mb-4\">Ans\u00f6kningstiden avslutad<\/h2>\n            <div style=\"font-size: 1.25rem; color: black;\" class=\"body-xl wysiwyg\"><p><span data-teams=\"true\">Ans\u00f6kningstiden f\u00f6r tj\u00e4nsterna som <strong>verksamhetsutvecklare<\/strong>, <strong>administrat\u00f6r<\/strong> och <strong>projektledare<\/strong> gick ut 2025-10-31. <\/span><\/p>\n<p><span data-teams=\"true\">Rekryteringsprocessen p\u00e5g\u00e5r fortfarande och vi anst\u00e4ller l\u00f6pande under v\u00e5ren 2026.<\/span><\/p>\n<\/div>\n                    \n        <\/div>\n    <\/div>\n<\/div>\n","protected":false},"excerpt":{"rendered":"","protected":false},"author":4,"featured_media":0,"parent":0,"menu_order":0,"comment_status":"closed","ping_status":"closed","template":"","meta":{"_acf_changed":false,"footnotes":""},"class_list":["post-8","page","type-page","status-publish","hentry"],"acf":[],"yoast_head":"<!-- This site is optimized with the Yoast SEO plugin v27.0 - https:\/\/yoast.com\/product\/yoast-seo-wordpress\/ -->\n<title>Lediga tj\u00e4nster - Ume\u00e5regionen<\/title>\n<meta name=\"robots\" content=\"index, follow, max-snippet:-1, max-image-preview:large, max-video-preview:-1\" \/>\n<link rel=\"canonical\" href=\"https:\/\/www.abf.se\/umearegionen\/lediga-tjanster\/\" \/>\n<meta property=\"og:locale\" content=\"sv_SE\" \/>\n<meta property=\"og:type\" content=\"article\" \/>\n<meta property=\"og:title\" content=\"Lediga tj\u00e4nster - Ume\u00e5regionen\" \/>\n<meta property=\"og:url\" content=\"https:\/\/www.abf.se\/umearegionen\/lediga-tjanster\/\" \/>\n<meta property=\"og:site_name\" content=\"Ume\u00e5regionen\" \/>\n<meta property=\"article:modified_time\" content=\"2026-03-04T16:06:11+00:00\" \/>\n<meta property=\"og:image\" content=\"https:\/\/www.abf.se\/wp-content\/uploads\/sites\/53\/2024\/04\/Nyckeln-liggande-scaled.jpg\" \/>\n\t<meta property=\"og:image:width\" content=\"2560\" \/>\n\t<meta property=\"og:image:height\" content=\"1440\" \/>\n\t<meta property=\"og:image:type\" content=\"image\/jpeg\" \/>\n<meta name=\"twitter:card\" content=\"summary_large_image\" \/>\n<script type=\"application\/ld+json\" class=\"yoast-schema-graph\">{\"@context\":\"https:\/\/schema.org\",\"@graph\":[{\"@type\":\"WebPage\",\"@id\":\"https:\/\/www.abf.se\/umearegionen\/lediga-tjanster\/\",\"url\":\"https:\/\/www.abf.se\/umearegionen\/lediga-tjanster\/\",\"name\":\"Lediga tj\u00e4nster - Ume\u00e5regionen\",\"isPartOf\":{\"@id\":\"https:\/\/www.abf.se\/umearegionen\/#website\"},\"datePublished\":\"2024-02-21T09:12:58+00:00\",\"dateModified\":\"2026-03-04T16:06:11+00:00\",\"breadcrumb\":{\"@id\":\"https:\/\/www.abf.se\/umearegionen\/lediga-tjanster\/#breadcrumb\"},\"inLanguage\":\"sv-SE\",\"potentialAction\":[{\"@type\":\"ReadAction\",\"target\":[\"https:\/\/www.abf.se\/umearegionen\/lediga-tjanster\/\"]}]},{\"@type\":\"BreadcrumbList\",\"@id\":\"https:\/\/www.abf.se\/umearegionen\/lediga-tjanster\/#breadcrumb\",\"itemListElement\":[{\"@type\":\"ListItem\",\"position\":1,\"name\":\"Home\",\"item\":\"https:\/\/www.abf.se\/umearegionen\/\"},{\"@type\":\"ListItem\",\"position\":2,\"name\":\"Lediga tj\u00e4nster\"}]},{\"@type\":\"WebSite\",\"@id\":\"https:\/\/www.abf.se\/umearegionen\/#website\",\"url\":\"https:\/\/www.abf.se\/umearegionen\/\",\"name\":\"Ume\u00e5regionen\",\"description\":\"\",\"potentialAction\":[{\"@type\":\"SearchAction\",\"target\":{\"@type\":\"EntryPoint\",\"urlTemplate\":\"https:\/\/www.abf.se\/umearegionen\/?s={search_term_string}\"},\"query-input\":{\"@type\":\"PropertyValueSpecification\",\"valueRequired\":true,\"valueName\":\"search_term_string\"}}],\"inLanguage\":\"sv-SE\"}]}<\/script>\n<!-- \/ Yoast SEO plugin. -->","yoast_head_json":{"title":"Lediga tj\u00e4nster - Ume\u00e5regionen","robots":{"index":"index","follow":"follow","max-snippet":"max-snippet:-1","max-image-preview":"max-image-preview:large","max-video-preview":"max-video-preview:-1"},"canonical":"https:\/\/www.abf.se\/umearegionen\/lediga-tjanster\/","og_locale":"sv_SE","og_type":"article","og_title":"Lediga tj\u00e4nster - Ume\u00e5regionen","og_url":"https:\/\/www.abf.se\/umearegionen\/lediga-tjanster\/","og_site_name":"Ume\u00e5regionen","article_modified_time":"2026-03-04T16:06:11+00:00","og_image":[{"width":2560,"height":1440,"url":"https:\/\/www.abf.se\/wp-content\/uploads\/sites\/53\/2024\/04\/Nyckeln-liggande-scaled.jpg","type":"image\/jpeg"}],"twitter_card":"summary_large_image","schema":{"@context":"https:\/\/schema.org","@graph":[{"@type":"WebPage","@id":"https:\/\/www.abf.se\/umearegionen\/lediga-tjanster\/","url":"https:\/\/www.abf.se\/umearegionen\/lediga-tjanster\/","name":"Lediga tj\u00e4nster - Ume\u00e5regionen","isPartOf":{"@id":"https:\/\/www.abf.se\/umearegionen\/#website"},"datePublished":"2024-02-21T09:12:58+00:00","dateModified":"2026-03-04T16:06:11+00:00","breadcrumb":{"@id":"https:\/\/www.abf.se\/umearegionen\/lediga-tjanster\/#breadcrumb"},"inLanguage":"sv-SE","potentialAction":[{"@type":"ReadAction","target":["https:\/\/www.abf.se\/umearegionen\/lediga-tjanster\/"]}]},{"@type":"BreadcrumbList","@id":"https:\/\/www.abf.se\/umearegionen\/lediga-tjanster\/#breadcrumb","itemListElement":[{"@type":"ListItem","position":1,"name":"Home","item":"https:\/\/www.abf.se\/umearegionen\/"},{"@type":"ListItem","position":2,"name":"Lediga tj\u00e4nster"}]},{"@type":"WebSite","@id":"https:\/\/www.abf.se\/umearegionen\/#website","url":"https:\/\/www.abf.se\/umearegionen\/","name":"Ume\u00e5regionen","description":"","potentialAction":[{"@type":"SearchAction","target":{"@type":"EntryPoint","urlTemplate":"https:\/\/www.abf.se\/umearegionen\/?s={search_term_string}"},"query-input":{"@type":"PropertyValueSpecification","valueRequired":true,"valueName":"search_term_string"}}],"inLanguage":"sv-SE"}]}},"_links":{"self":[{"href":"https:\/\/www.abf.se\/umearegionen\/wp-json\/wp\/v2\/pages\/8","targetHints":{"allow":["GET"]}}],"collection":[{"href":"https:\/\/www.abf.se\/umearegionen\/wp-json\/wp\/v2\/pages"}],"about":[{"href":"https:\/\/www.abf.se\/umearegionen\/wp-json\/wp\/v2\/types\/page"}],"author":[{"embeddable":true,"href":"https:\/\/www.abf.se\/umearegionen\/wp-json\/wp\/v2\/users\/4"}],"replies":[{"embeddable":true,"href":"https:\/\/www.abf.se\/umearegionen\/wp-json\/wp\/v2\/comments?post=8"}],"version-history":[{"count":19,"href":"https:\/\/www.abf.se\/umearegionen\/wp-json\/wp\/v2\/pages\/8\/revisions"}],"predecessor-version":[{"id":707,"href":"https:\/\/www.abf.se\/umearegionen\/wp-json\/wp\/v2\/pages\/8\/revisions\/707"}],"wp:attachment":[{"href":"https:\/\/www.abf.se\/umearegionen\/wp-json\/wp\/v2\/media?parent=8"}],"curies":[{"name":"wp","href":"https:\/\/api.w.org\/{rel}","templated":true}]}}