{"id":183,"date":"2024-03-19T10:04:24","date_gmt":"2024-03-19T09:04:24","guid":{"rendered":"https:\/\/www.abf.se\/goteborg\/?page_id=183"},"modified":"2025-01-10T11:18:32","modified_gmt":"2025-01-10T10:18:32","slug":"loud-grrrl","status":"publish","type":"page","link":"https:\/\/www.abf.se\/vast\/vara-verksamheter\/loud-grrrl\/","title":{"rendered":"Loud Grrrl"},"content":{"rendered":"<div\n    class=\"acf-hero-block container-lg no-padding mb-12 js-geolocation\"\n    data-block=\"hero-block\"\n    data-index=\"0\"\n>\n    <div class=\"h-[548px]  relative rounded-[32px] overflow-hidden flex bg-gray-light\">\n        <div class=\"relative z-10 mt-auto h-auto w-full md:h-full\">\n            <div class=\"flex w-full h-full flex-col flex-wrap justify-end w-full md:w-7\/12 lg:w-1\/2 md:justify-center\">\n                <div class=\"flex flex-col gap-3 md:gap-[18px] md:transparent pt-16 pb-36 md:py-8 px-4 w-full md:max-w-[620px] mx-auto px-8\">\n\n                    <h1 class=\"hero-heading hero-heading--red-text\"><span>Loud Grrrl<\/span><\/h1>\n\n                    \n                                    <\/div>\n            <\/div>\n        <\/div>\n\n                    <picture class=\"as-background-image mix-blend-multiply bg-black\/40\"><img decoding=\"async\" src=\"https:\/\/www.abf.se\/vast\/resized\/?url=https%3A%2F%2Fwww.abf.se%2Fwp-content%2Fuploads%2Fsites%2F22%2F2024%2F03%2FLG-studio.png&#038;fit=crop&#038;w=1440&#038;s=a696436f41787d9251be586e67fcef57\" srcset=\"https:\/\/www.abf.se\/vast\/resized\/?url=https%3A%2F%2Fwww.abf.se%2Fwp-content%2Fuploads%2Fsites%2F22%2F2024%2F03%2FLG-studio.png&#038;fit=crop&#038;w=375&#038;h=540&#038;s=6def052b57381da1939942dea550621b 375w, https:\/\/www.abf.se\/vast\/resized\/?url=https%3A%2F%2Fwww.abf.se%2Fwp-content%2Fuploads%2Fsites%2F22%2F2024%2F03%2FLG-studio.png&#038;fit=crop&#038;w=447&#038;h=540&#038;s=70e16fa45b1d4b65dc7e95c4da96337a 447w, https:\/\/www.abf.se\/vast\/resized\/?url=https%3A%2F%2Fwww.abf.se%2Fwp-content%2Fuploads%2Fsites%2F22%2F2024%2F03%2FLG-studio.png&#038;fit=crop&#038;w=519&#038;h=540&#038;s=5ac4281948475af17e5afa934772c12f 519w, https:\/\/www.abf.se\/vast\/resized\/?url=https%3A%2F%2Fwww.abf.se%2Fwp-content%2Fuploads%2Fsites%2F22%2F2024%2F03%2FLG-studio.png&#038;fit=crop&#038;w=591&#038;h=540&#038;s=7adf940e6d65ec39a343a38a627f4900 591w, https:\/\/www.abf.se\/vast\/resized\/?url=https%3A%2F%2Fwww.abf.se%2Fwp-content%2Fuploads%2Fsites%2F22%2F2024%2F03%2FLG-studio.png&#038;fit=crop&#038;w=663&#038;h=540&#038;s=d0e81363f5881e4af64d365957309ee6 663w, https:\/\/www.abf.se\/vast\/resized\/?url=https%3A%2F%2Fwww.abf.se%2Fwp-content%2Fuploads%2Fsites%2F22%2F2024%2F03%2FLG-studio.png&#038;fit=crop&#038;w=750&#038;h=540&#038;s=fe2159286f9532eeda5f8b0e61c7ca11 750w, https:\/\/www.abf.se\/vast\/resized\/?url=https%3A%2F%2Fwww.abf.se%2Fwp-content%2Fuploads%2Fsites%2F22%2F2024%2F03%2FLG-studio.png&#038;fit=crop&#038;w=894&#038;h=540&#038;s=e777997363d7b1a2ff429ee93fce97f7 894w, https:\/\/www.abf.se\/vast\/resized\/?url=https%3A%2F%2Fwww.abf.se%2Fwp-content%2Fuploads%2Fsites%2F22%2F2024%2F03%2FLG-studio.png&#038;fit=crop&#038;w=1038&#038;h=540&#038;s=a34fca337a4fc0f6d69fe145c04716ca 1038w, https:\/\/www.abf.se\/vast\/resized\/?url=https%3A%2F%2Fwww.abf.se%2Fwp-content%2Fuploads%2Fsites%2F22%2F2024%2F03%2FLG-studio.png&#038;fit=crop&#038;w=1182&#038;h=540&#038;s=4308286241d6c70a72458da523628e5f 1182w, https:\/\/www.abf.se\/vast\/resized\/?url=https%3A%2F%2Fwww.abf.se%2Fwp-content%2Fuploads%2Fsites%2F22%2F2024%2F03%2FLG-studio.png&#038;fit=crop&#038;w=1326&#038;h=540&#038;s=7a45387d4093727808c0d44982b3cba0 1326w, https:\/\/www.abf.se\/vast\/resized\/?url=https%3A%2F%2Fwww.abf.se%2Fwp-content%2Fuploads%2Fsites%2F22%2F2024%2F03%2FLG-studio.png&#038;fit=crop&#038;w=1440&#038;h=540&#038;s=07494fb0d8f4fbe7eaf576b697a680e0 1440w\" alt=\"\" height=\"540\" width=\"1440\" sizes=\"(max-width: 1440px) calc(100vw - 32px), 1440px\" loading=\"eager\" fetchpriority=\"high\" aria-hidden=\"true\" role=\"presentation\" \/><\/picture>\n        \n\n                    <figure class=\"absolute bottom-0  md:w-1\/2 transform right-0 translate-x-10 md:translate-x-32\">\n                <img decoding=\"async\"\n                    alt=\"\"\n                    aria-hidden=\"true\"\n                    class=\"h-auto w-full\"\n                    role=\"presentation\"\n                    src=\"\/assets\/images\/two_circles_bottom.svg\"\n                >\n            <\/figure>\n            <\/div>\n\n    <\/div>\n\n<div\n    class=\"acf-article-text-block article-container my-12\"\n    data-block=\"article-text-block\"\n>\n    <div class=\"wysiwyg\">\n        <h3><strong>Loud Grrrl<\/strong> \u00e4r en plattform och ett n\u00e4tverk under ABF som st\u00f6ttar l\u00e4randet av musik i grupp f\u00f6r fr\u00e4mst kvinnor, ickebin\u00e4ra och transpersoner.<\/h3>\n<p>Vi erbjuder replokals- och studioverksamhet i G\u00f6teborg, utbildning, kontaktn\u00e4t och spelningar. I dagsl\u00e4get har vi utrustade replokaler i Musikens Hus (Majorna), Musikfabriken (Hisingen) och en studio i Viktoriahuset (Haga).<\/p>\n<p>Det vanligaste s\u00e4ttet att ing\u00e5 i Loud Grrrl \u00e4r genom en studiecirkel som du kan <a href=\"https:\/\/www.abf.se\/goteborg\/vara-verksamheter\/egna-grupper\/\">l\u00e4sa mer om h\u00e4r<\/a>.<\/p>\n<p>Loud Grrrl syftar till att \u00f6ka j\u00e4mst\u00e4lld- och j\u00e4mlikheten i kulturlivet. F\u00f6r att arbeta mot en j\u00e4mst\u00e4lld och mer representativ musikscen har vi som standardkrav att v\u00e5ra grupper har majoritet kvinnliga\/ickebin\u00e4ra deltagare.<\/p>\n<p>Har du ingen grupp eller vill du samarbeta med Loud Grrrl p\u00e5 annat s\u00e4tt g\u00e5r det sj\u00e4lvklart fortfarande bra att kontakta oss med dina id\u00e9er eller behov.<\/p>\n<p>F\u00f6lj oss p\u00e5 v\u00e5ra sociala medier:<\/p>\n<p><a href=\"https:\/\/www.instagram.com\/loudgrrrlgbg\/\" target=\"_blank\" rel=\"noopener\">Instagram<\/a><\/p>\n<p><a href=\"https:\/\/www.facebook.com\/loudgrrrlgbg\/\" target=\"_blank\" rel=\"noopener\">Facebook<\/a><\/p>\n<p><a href=\"https:\/\/soundcloud.com\/loud-grrrl-gbg\" target=\"_blank\" rel=\"noopener\">Soundcloud<\/a><\/p>\n<p>Kontakta oss p\u00e5 mail: <a href=\"mailto:loudgrrrl.095@abf.se\"><strong>loudgrrrl.095@abf.se<\/strong><\/a><\/p>\n\n    <\/div>\n<\/div>\n<div\n    class=\"acf-article-image-block mb-12 article-container-lg\"\n    data-block=\"article-image-block\"\n>\n<div class=\"\">\n\n        <figure>\n        \n            <picture class=\"round-corners-lg w-full\"><img decoding=\"async\" src=\"https:\/\/www.abf.se\/vast\/resized\/?url=https%3A%2F%2Fwww.abf.se%2Fwp-content%2Fuploads%2Fsites%2F22%2F2024%2F03%2FLoud-Grrrl-003-e1713961975352.png&#038;fit=contain&#038;w=788&#038;s=9538b207674eec526678d16c094e191f\" srcset=\"https:\/\/www.abf.se\/vast\/resized\/?url=https%3A%2F%2Fwww.abf.se%2Fwp-content%2Fuploads%2Fsites%2F22%2F2024%2F03%2FLoud-Grrrl-003-e1713961975352.png&#038;fit=contain&#038;w=375&#038;h=94&#038;s=50a0a88f9310e287bb47e507544d8305 375w, https:\/\/www.abf.se\/vast\/resized\/?url=https%3A%2F%2Fwww.abf.se%2Fwp-content%2Fuploads%2Fsites%2F22%2F2024%2F03%2FLoud-Grrrl-003-e1713961975352.png&#038;fit=contain&#038;w=447&#038;h=112&#038;s=734a4ee9873fafc9b87faee6693af082 447w, https:\/\/www.abf.se\/vast\/resized\/?url=https%3A%2F%2Fwww.abf.se%2Fwp-content%2Fuploads%2Fsites%2F22%2F2024%2F03%2FLoud-Grrrl-003-e1713961975352.png&#038;fit=contain&#038;w=519&#038;h=130&#038;s=fc44dc00b3b5694dab8e3ad371469247 519w, https:\/\/www.abf.se\/vast\/resized\/?url=https%3A%2F%2Fwww.abf.se%2Fwp-content%2Fuploads%2Fsites%2F22%2F2024%2F03%2FLoud-Grrrl-003-e1713961975352.png&#038;fit=contain&#038;w=591&#038;h=148&#038;s=45098a73216b9e3eeece1e41caaef824 591w, https:\/\/www.abf.se\/vast\/resized\/?url=https%3A%2F%2Fwww.abf.se%2Fwp-content%2Fuploads%2Fsites%2F22%2F2024%2F03%2FLoud-Grrrl-003-e1713961975352.png&#038;fit=contain&#038;w=663&#038;h=166&#038;s=b7719526ce489a2126a88f6f55093732 663w, https:\/\/www.abf.se\/vast\/resized\/?url=https%3A%2F%2Fwww.abf.se%2Fwp-content%2Fuploads%2Fsites%2F22%2F2024%2F03%2FLoud-Grrrl-003-e1713961975352.png&#038;fit=contain&#038;w=735&#038;h=184&#038;s=9be80e3f0cd43c2d3866bec59d73b517 735w, https:\/\/www.abf.se\/vast\/resized\/?url=https%3A%2F%2Fwww.abf.se%2Fwp-content%2Fuploads%2Fsites%2F22%2F2024%2F03%2FLoud-Grrrl-003-e1713961975352.png&#038;fit=contain&#038;w=750&#038;h=188&#038;s=27a9e99bca1812d914834c26f1a5acab 750w, https:\/\/www.abf.se\/vast\/resized\/?url=https%3A%2F%2Fwww.abf.se%2Fwp-content%2Fuploads%2Fsites%2F22%2F2024%2F03%2FLoud-Grrrl-003-e1713961975352.png&#038;fit=contain&#038;w=788&#038;s=9538b207674eec526678d16c094e191f 788w, https:\/\/www.abf.se\/vast\/resized\/?url=https%3A%2F%2Fwww.abf.se%2Fwp-content%2Fuploads%2Fsites%2F22%2F2024%2F03%2FLoud-Grrrl-003-e1713961975352.png&#038;fit=contain&#038;w=894&#038;h=224&#038;s=8a5990af3fbd68c6f008c7b27b9faa6f 894w, https:\/\/www.abf.se\/vast\/resized\/?url=https%3A%2F%2Fwww.abf.se%2Fwp-content%2Fuploads%2Fsites%2F22%2F2024%2F03%2FLoud-Grrrl-003-e1713961975352.png&#038;fit=contain&#038;w=1038&#038;h=260&#038;s=92c5a780ed377cf18c5906ce3418504b 1038w, https:\/\/www.abf.se\/vast\/resized\/?url=https%3A%2F%2Fwww.abf.se%2Fwp-content%2Fuploads%2Fsites%2F22%2F2024%2F03%2FLoud-Grrrl-003-e1713961975352.png&#038;fit=contain&#038;w=1182&#038;h=297&#038;s=6edc0846a51367839a82d53dcf0debd4 1182w, https:\/\/www.abf.se\/vast\/resized\/?url=https%3A%2F%2Fwww.abf.se%2Fwp-content%2Fuploads%2Fsites%2F22%2F2024%2F03%2FLoud-Grrrl-003-e1713961975352.png&#038;fit=contain&#038;w=1326&#038;h=333&#038;s=89a233b79c6ae06545c1c037f1cc5fef 1326w, https:\/\/www.abf.se\/vast\/resized\/?url=https%3A%2F%2Fwww.abf.se%2Fwp-content%2Fuploads%2Fsites%2F22%2F2024%2F03%2FLoud-Grrrl-003-e1713961975352.png&#038;fit=contain&#038;w=1470&#038;h=369&#038;s=eb27c7c268a096a08d9ee20e9383df57 1470w\" alt=\"\" height=\"198\" width=\"788\" sizes=\"auto, (max-width: 768px) calc(100vw - 40px), 788px\" loading=\"lazy\" fetchpriority=\"low\" class=\"round-corners-lg w-full\" \/><\/picture>\n                        <\/figure>\n        <\/div>\n\n<\/div>\n<ul\n    class=\"acf-article-accordion-block accordion-group grid gap-4 my-12 article-container\"\n    data-block=\"article-accordion-block \"\n    data-ui-accordion-group\n>\n\n            <li class=\"accordion\" data-ui-accordion data-ui-accordion-open=\"false\">\n        <h3>\n        <button data-ui-accordion-button class=\"accordion-toggle font-bold\" aria-expanded=\"false\" aria-controls=\"row-visomjobbarmedloudgrrrligoteborg-0\" id=\"visomjobbarmedloudgrrrligoteborg-0\">\n            Vi som jobbar med Loud Grrrl i G\u00f6teborg\n            \n            <figure class=\"w-4.5 h-4.5\" aria-hidden=\"true\">\n            <svg width=\"20\" height=\"20\" viewBox=\"0 0 20 20\" fill=\"none\"\nclass=\"SvgIconElement\">\n<path d=\"M15.8333 7.16667L9.99992 13L4.16659 7.16667\" stroke=\"currentColor\"\/>\n<\/svg>\n            <\/figure>\n        <\/button>\n        \n                <\/h3>\n        <div class=\"accordion-content\">\n            <div id=\"row-visomjobbarmedloudgrrrligoteborg-0\" role=\"region\" class=\"accordion-content-wrap\" aria-labelledby=\"visomjobbarmedloudgrrrligoteborg-0\">\n                                                <div class=\"grid md:grid-cols-3 gap-y-10 mt-10\">\n                        \n                                                        <div class=\"contact flex flex-col gap-3\">\n                                <div class=\"md:max-w-[160px]\">\n                                    \n                                <\/div>\n                                <div class=\"\">\n                                    <h4 class=\"heading-lg\">Elin Piel<\/h4>\n                                    <p class=\"body-md\">Verksamhetsutvecklare Loud Grrrl<\/p>\n                                                                    <\/div>\n                                                                <div class=\"flex gap flex-col label-md gap-1\">\n                                                                        <div class=\"flex gap-3\">\n                                        <svg width=\"20\" height=\"20\" viewBox=\"0 0 20 20\" fill=\"none\" xmlns=\"http:\/\/www.w3.org\/2000\/svg\">\n<path d=\"M16.625 17.5C14.8333 17.5 13.0868 17.1007 11.3854 16.3021C9.68403 15.5035 8.17708 14.4479 6.86458 13.1354C5.55208 11.8229 4.49653 10.316 3.69792 8.61458C2.89931 6.91319 2.5 5.16667 2.5 3.375C2.5 3.125 2.58333 2.91667 2.75 2.75C2.91667 2.58333 3.125 2.5 3.375 2.5H6.75C6.94444 2.5 7.11806 2.5625 7.27083 2.6875C7.42361 2.8125 7.51389 2.97222 7.54167 3.16667L8.08333 6.08333C8.11111 6.27778 8.10764 6.45486 8.07292 6.61458C8.03819 6.77431 7.95833 6.91667 7.83333 7.04167L5.8125 9.08333C6.39583 10.0833 7.12847 11.0208 8.01042 11.8958C8.89236 12.7708 9.86111 13.5278 10.9167 14.1667L12.875 12.2083C13 12.0833 13.1632 11.9896 13.3646 11.9271C13.566 11.8646 13.7639 11.8472 13.9583 11.875L16.8333 12.4583C17.0278 12.5 17.1875 12.5938 17.3125 12.7396C17.4375 12.8854 17.5 13.0556 17.5 13.25V16.625C17.5 16.875 17.4167 17.0833 17.25 17.25C17.0833 17.4167 16.875 17.5 16.625 17.5ZM5.02083 7.5L6.39583 6.125L6.04167 4.16667H4.1875C4.25694 4.73611 4.35417 5.29861 4.47917 5.85417C4.60417 6.40972 4.78472 6.95833 5.02083 7.5ZM15.8333 15.7917V13.9583L13.875 13.5625L12.4792 14.9583C13.0208 15.1944 13.5729 15.3819 14.1354 15.5208C14.6979 15.6597 15.2639 15.75 15.8333 15.7917Z\" fill=\"black\"\/>\n<\/svg>\n                                        <p>\n                                                                                                                               <a href=\"callto:031-774 31 69\">031-774 31 69<\/a>\n                                                                                                                                     <\/p>\n                                    <\/div>\n                                                                                                            <div class=\"flex gap-3\">\n                                        <svg width=\"20\" height=\"20\" viewBox=\"0 0 20 20\" fill=\"none\" xmlns=\"http:\/\/www.w3.org\/2000\/svg\">\n<path d=\"M3.33366 16.6666C2.87533 16.6666 2.48296 16.5035 2.15658 16.1771C1.83019 15.8507 1.66699 15.4583 1.66699 15V4.99998C1.66699 4.54165 1.83019 4.14929 2.15658 3.8229C2.48296 3.49651 2.87533 3.33331 3.33366 3.33331H16.667C17.1253 3.33331 17.5177 3.49651 17.8441 3.8229C18.1705 4.14929 18.3337 4.54165 18.3337 4.99998V15C18.3337 15.4583 18.1705 15.8507 17.8441 16.1771C17.5177 16.5035 17.1253 16.6666 16.667 16.6666H3.33366ZM16.667 6.66665L10.4378 10.5625C10.3684 10.6041 10.2955 10.6354 10.2191 10.6562C10.1427 10.6771 10.0698 10.6875 10.0003 10.6875C9.93088 10.6875 9.85797 10.6771 9.78158 10.6562C9.70519 10.6354 9.63227 10.6041 9.56283 10.5625L3.33366 6.66665V15H16.667V6.66665ZM10.0003 9.16665L16.667 4.99998H3.33366L10.0003 9.16665ZM3.33366 6.87498V5.64581V5.66665V5.65623V6.87498Z\" fill=\"black\"\/>\n<\/svg>\n                                        <p><a href=\"mailto:elin.piel@abf.se\">elin.piel@abf.se<\/a><\/p>\n                                    <\/div>\n                                                                    <\/div>\n                                                            <\/div>\n                                            <\/div>\n                                        <\/div>\n        <\/div>\n    <\/li>\n    <\/ul>\n","protected":false},"excerpt":{"rendered":"","protected":false},"author":23,"featured_media":0,"parent":37,"menu_order":0,"comment_status":"closed","ping_status":"closed","template":"","meta":{"_acf_changed":false,"footnotes":""},"class_list":["post-183","page","type-page","status-publish","hentry"],"acf":[],"yoast_head":"<!-- This site is optimized with the Yoast SEO plugin v27.0 - https:\/\/yoast.com\/product\/yoast-seo-wordpress\/ -->\n<title>Loud Grrrl - V\u00e4st<\/title>\n<meta name=\"robots\" content=\"index, follow, max-snippet:-1, max-image-preview:large, max-video-preview:-1\" \/>\n<link rel=\"canonical\" href=\"https:\/\/www.abf.se\/vast\/vara-verksamheter\/loud-grrrl\/\" \/>\n<meta property=\"og:locale\" content=\"sv_SE\" \/>\n<meta property=\"og:type\" content=\"article\" \/>\n<meta property=\"og:title\" content=\"Loud Grrrl - V\u00e4st\" \/>\n<meta property=\"og:url\" content=\"https:\/\/www.abf.se\/vast\/vara-verksamheter\/loud-grrrl\/\" \/>\n<meta property=\"og:site_name\" content=\"V\u00e4st\" \/>\n<meta property=\"article:modified_time\" content=\"2025-01-10T10:18:32+00:00\" \/>\n<meta property=\"og:image\" content=\"https:\/\/www.abf.se\/wp-content\/uploads\/sites\/22\/2024\/04\/Nyckeln-liggande-scaled.jpg\" \/>\n\t<meta property=\"og:image:width\" content=\"2560\" \/>\n\t<meta property=\"og:image:height\" content=\"1440\" \/>\n\t<meta property=\"og:image:type\" content=\"image\/jpeg\" \/>\n<meta name=\"twitter:card\" content=\"summary_large_image\" \/>\n<script type=\"application\/ld+json\" class=\"yoast-schema-graph\">{\"@context\":\"https:\/\/schema.org\",\"@graph\":[{\"@type\":\"WebPage\",\"@id\":\"https:\/\/www.abf.se\/vast\/vara-verksamheter\/loud-grrrl\/\",\"url\":\"https:\/\/www.abf.se\/vast\/vara-verksamheter\/loud-grrrl\/\",\"name\":\"Loud Grrrl - V\u00e4st\",\"isPartOf\":{\"@id\":\"https:\/\/www.abf.se\/vast\/#website\"},\"datePublished\":\"2024-03-19T09:04:24+00:00\",\"dateModified\":\"2025-01-10T10:18:32+00:00\",\"breadcrumb\":{\"@id\":\"https:\/\/www.abf.se\/vast\/vara-verksamheter\/loud-grrrl\/#breadcrumb\"},\"inLanguage\":\"sv-SE\",\"potentialAction\":[{\"@type\":\"ReadAction\",\"target\":[\"https:\/\/www.abf.se\/vast\/vara-verksamheter\/loud-grrrl\/\"]}]},{\"@type\":\"BreadcrumbList\",\"@id\":\"https:\/\/www.abf.se\/vast\/vara-verksamheter\/loud-grrrl\/#breadcrumb\",\"itemListElement\":[{\"@type\":\"ListItem\",\"position\":1,\"name\":\"Home\",\"item\":\"https:\/\/www.abf.se\/vast\/\"},{\"@type\":\"ListItem\",\"position\":2,\"name\":\"V\u00e5ra verksamheter\",\"item\":\"https:\/\/www.abf.se\/vast\/vara-verksamheter\/\"},{\"@type\":\"ListItem\",\"position\":3,\"name\":\"Loud Grrrl\"}]},{\"@type\":\"WebSite\",\"@id\":\"https:\/\/www.abf.se\/vast\/#website\",\"url\":\"https:\/\/www.abf.se\/vast\/\",\"name\":\"V\u00e4st\",\"description\":\"\",\"potentialAction\":[{\"@type\":\"SearchAction\",\"target\":{\"@type\":\"EntryPoint\",\"urlTemplate\":\"https:\/\/www.abf.se\/vast\/?s={search_term_string}\"},\"query-input\":{\"@type\":\"PropertyValueSpecification\",\"valueRequired\":true,\"valueName\":\"search_term_string\"}}],\"inLanguage\":\"sv-SE\"}]}<\/script>\n<!-- \/ Yoast SEO plugin. -->","yoast_head_json":{"title":"Loud Grrrl - V\u00e4st","robots":{"index":"index","follow":"follow","max-snippet":"max-snippet:-1","max-image-preview":"max-image-preview:large","max-video-preview":"max-video-preview:-1"},"canonical":"https:\/\/www.abf.se\/vast\/vara-verksamheter\/loud-grrrl\/","og_locale":"sv_SE","og_type":"article","og_title":"Loud Grrrl - V\u00e4st","og_url":"https:\/\/www.abf.se\/vast\/vara-verksamheter\/loud-grrrl\/","og_site_name":"V\u00e4st","article_modified_time":"2025-01-10T10:18:32+00:00","og_image":[{"width":2560,"height":1440,"url":"https:\/\/www.abf.se\/wp-content\/uploads\/sites\/22\/2024\/04\/Nyckeln-liggande-scaled.jpg","type":"image\/jpeg"}],"twitter_card":"summary_large_image","schema":{"@context":"https:\/\/schema.org","@graph":[{"@type":"WebPage","@id":"https:\/\/www.abf.se\/vast\/vara-verksamheter\/loud-grrrl\/","url":"https:\/\/www.abf.se\/vast\/vara-verksamheter\/loud-grrrl\/","name":"Loud Grrrl - V\u00e4st","isPartOf":{"@id":"https:\/\/www.abf.se\/vast\/#website"},"datePublished":"2024-03-19T09:04:24+00:00","dateModified":"2025-01-10T10:18:32+00:00","breadcrumb":{"@id":"https:\/\/www.abf.se\/vast\/vara-verksamheter\/loud-grrrl\/#breadcrumb"},"inLanguage":"sv-SE","potentialAction":[{"@type":"ReadAction","target":["https:\/\/www.abf.se\/vast\/vara-verksamheter\/loud-grrrl\/"]}]},{"@type":"BreadcrumbList","@id":"https:\/\/www.abf.se\/vast\/vara-verksamheter\/loud-grrrl\/#breadcrumb","itemListElement":[{"@type":"ListItem","position":1,"name":"Home","item":"https:\/\/www.abf.se\/vast\/"},{"@type":"ListItem","position":2,"name":"V\u00e5ra verksamheter","item":"https:\/\/www.abf.se\/vast\/vara-verksamheter\/"},{"@type":"ListItem","position":3,"name":"Loud Grrrl"}]},{"@type":"WebSite","@id":"https:\/\/www.abf.se\/vast\/#website","url":"https:\/\/www.abf.se\/vast\/","name":"V\u00e4st","description":"","potentialAction":[{"@type":"SearchAction","target":{"@type":"EntryPoint","urlTemplate":"https:\/\/www.abf.se\/vast\/?s={search_term_string}"},"query-input":{"@type":"PropertyValueSpecification","valueRequired":true,"valueName":"search_term_string"}}],"inLanguage":"sv-SE"}]}},"_links":{"self":[{"href":"https:\/\/www.abf.se\/vast\/wp-json\/wp\/v2\/pages\/183","targetHints":{"allow":["GET"]}}],"collection":[{"href":"https:\/\/www.abf.se\/vast\/wp-json\/wp\/v2\/pages"}],"about":[{"href":"https:\/\/www.abf.se\/vast\/wp-json\/wp\/v2\/types\/page"}],"author":[{"embeddable":true,"href":"https:\/\/www.abf.se\/vast\/wp-json\/wp\/v2\/users\/23"}],"replies":[{"embeddable":true,"href":"https:\/\/www.abf.se\/vast\/wp-json\/wp\/v2\/comments?post=183"}],"version-history":[{"count":17,"href":"https:\/\/www.abf.se\/vast\/wp-json\/wp\/v2\/pages\/183\/revisions"}],"predecessor-version":[{"id":1776,"href":"https:\/\/www.abf.se\/vast\/wp-json\/wp\/v2\/pages\/183\/revisions\/1776"}],"up":[{"embeddable":true,"href":"https:\/\/www.abf.se\/vast\/wp-json\/wp\/v2\/pages\/37"}],"wp:attachment":[{"href":"https:\/\/www.abf.se\/vast\/wp-json\/wp\/v2\/media?parent=183"}],"curies":[{"name":"wp","href":"https:\/\/api.w.org\/{rel}","templated":true}]}}