{"id":1852,"date":"2025-02-06T13:44:45","date_gmt":"2025-02-06T12:44:45","guid":{"rendered":"https:\/\/www.abf.se\/goteborg\/?page_id=1852"},"modified":"2025-05-09T14:41:07","modified_gmt":"2025-05-09T12:41:07","slug":"abf-goteborgs-mal","status":"publish","type":"page","link":"https:\/\/www.abf.se\/vast\/abf-goteborgs-mal\/","title":{"rendered":"ABF G\u00f6teborgs m\u00e5l"},"content":{"rendered":"<div\n    class=\"acf-hero-block container-lg no-padding mb-12 js-geolocation\"\n    data-block=\"hero-block\"\n    data-index=\"0\"\n>\n    <div class=\"h-[548px]  relative rounded-[32px] overflow-hidden flex bg-gray-light\">\n        <div class=\"relative z-10 mt-auto h-auto w-full md:h-full\">\n            <div class=\"flex w-full h-full flex-col flex-wrap justify-end w-full md:w-7\/12 lg:w-1\/2 md:justify-center\">\n                <div class=\"flex flex-col gap-3 md:gap-[18px] md:transparent pt-16 pb-36 md:py-8 px-4 w-full md:max-w-[620px] mx-auto px-8\">\n\n                    <h1 class=\"hero-heading hero-heading--red-text\"><span>ABFs m\u00e5l<br \/>\r\ni G\u00f6teborg<\/span><\/h1>\n\n                    \n                                    <\/div>\n            <\/div>\n        <\/div>\n\n        \n\n                    <figure class=\"absolute bottom-0  md:w-1\/2 transform right-0 translate-x-10 md:translate-x-32\">\n                <img decoding=\"async\"\n                    alt=\"\"\n                    aria-hidden=\"true\"\n                    class=\"h-auto w-full\"\n                    role=\"presentation\"\n                    src=\"\/assets\/images\/two_circles_bottom.svg\"\n                >\n            <\/figure>\n            <\/div>\n\n    <\/div>\n\n<div\n    class=\"acf-article-text-block article-container my-12\"\n    data-block=\"article-text-block\"\n>\n    <div class=\"wysiwyg\">\n        <p><span class=\"TextRun SCXW230862581 BCX8\" lang=\"SV-SE\" xml:lang=\"SV-SE\" data-contrast=\"auto\"><span class=\"NormalTextRun SCXW230862581 BCX8\">Tagna av ABF G\u00f6teborgs styrelse <\/span><span class=\"NormalTextRun SCXW230862581 BCX8\">18 <\/span><span class=\"NormalTextRun SCXW230862581 BCX8\">november 2024.<\/span><\/span><\/p>\n<p>Klicka p\u00e5 respektive m\u00e5l f\u00f6r mer information.<\/p>\n\n    <\/div>\n<\/div>\n<ul\n    class=\"acf-article-accordion-block accordion-group grid gap-4 my-12 article-container\"\n    data-block=\"article-accordion-block \"\n    data-ui-accordion-group\n>\n\n            <li class=\"accordion\" data-ui-accordion data-ui-accordion-open=\"false\">\n        <h3>\n        <button data-ui-accordion-button class=\"accordion-toggle font-bold\" aria-expanded=\"false\" aria-controls=\"row-1.viskaverkaforenmindresegregeradstad-0\" id=\"1.viskaverkaforenmindresegregeradstad-0\">\n            1. Vi ska verka f\u00f6r en mindre segregerad stad\n            \n            <figure class=\"w-4.5 h-4.5\" aria-hidden=\"true\">\n            <svg width=\"20\" height=\"20\" viewBox=\"0 0 20 20\" fill=\"none\"\nclass=\"SvgIconElement\">\n<path d=\"M15.8333 7.16667L9.99992 13L4.16659 7.16667\" stroke=\"currentColor\"\/>\n<\/svg>\n            <\/figure>\n        <\/button>\n        \n                <\/h3>\n        <div class=\"accordion-content\">\n            <div id=\"row-1.viskaverkaforenmindresegregeradstad-0\" role=\"region\" class=\"accordion-content-wrap\" aria-labelledby=\"1.viskaverkaforenmindresegregeradstad-0\">\n                                            <div class=\"wysiwyg\">\n                    <p>\u00bb Vi ska k\u00e4nna v\u00e5r stad och dess omr\u00e5den, s\u00e5 att vi kan finnas d\u00e4r vi beh\u00f6vs som mest. <\/p>\n<p>\u00bb Vi ska vara en akt\u00f6r f\u00f6r samh\u00e4llsbygge i utsatta stadsdelar. <\/p>\n<p>\u00bb Vi ska vara en akt\u00f6r f\u00f6r m\u00f6ten mellan m\u00e4nniskor fr\u00e5n olika stadsdelar. <\/p>\n\n                <\/div>\n                                        <\/div>\n        <\/div>\n    <\/li>\n            <li class=\"accordion\" data-ui-accordion data-ui-accordion-open=\"false\">\n        <h3>\n        <button data-ui-accordion-button class=\"accordion-toggle font-bold\" aria-expanded=\"false\" aria-controls=\"row-2.viskasetillattmanniskorochverksamhetermots-1\" id=\"2.viskasetillattmanniskorochverksamhetermots-1\">\n            2. Vi ska se till att m\u00e4nniskor och verksamheter m\u00f6ts \n            \n            <figure class=\"w-4.5 h-4.5\" aria-hidden=\"true\">\n            <svg width=\"20\" height=\"20\" viewBox=\"0 0 20 20\" fill=\"none\"\nclass=\"SvgIconElement\">\n<path d=\"M15.8333 7.16667L9.99992 13L4.16659 7.16667\" stroke=\"currentColor\"\/>\n<\/svg>\n            <\/figure>\n        <\/button>\n        \n                <\/h3>\n        <div class=\"accordion-content\">\n            <div id=\"row-2.viskasetillattmanniskorochverksamhetermots-1\" role=\"region\" class=\"accordion-content-wrap\" aria-labelledby=\"2.viskasetillattmanniskorochverksamhetermots-1\">\n                                            <div class=\"wysiwyg\">\n                    <p>\u00bb Vi ska aktivt arbeta f\u00f6r att m\u00e4nniskor med olika bakgrund och olika verksamheter f\u00e5r m\u00f6tas, f\u00f6r att bygga f\u00f6rst\u00e5else och tolerans. <\/p>\n<p>\u00bb Vi ska str\u00e4va efter att l\u00e5ta m\u00f6tena ge m\u00f6jlighet till reflektion och samtal, s\u00e5 att de inte bara inneb\u00e4r att m\u00e4nniskor och verksamheter finns i samma lokal eller p\u00e5 samma plats. <\/p>\n\n                <\/div>\n                                        <\/div>\n        <\/div>\n    <\/li>\n            <li class=\"accordion\" data-ui-accordion data-ui-accordion-open=\"false\">\n        <h3>\n        <button data-ui-accordion-button class=\"accordion-toggle font-bold\" aria-expanded=\"false\" aria-controls=\"row-3.varframstamalgrupparmanniskorlangtfranmaktochinflytande-2\" id=\"3.varframstamalgrupparmanniskorlangtfranmaktochinflytande-2\">\n            3. V\u00e5r fr\u00e4msta m\u00e5lgrupp \u00e4r m\u00e4nniskor l\u00e5ngt fr\u00e5n makt och inflytande \n            \n            <figure class=\"w-4.5 h-4.5\" aria-hidden=\"true\">\n            <svg width=\"20\" height=\"20\" viewBox=\"0 0 20 20\" fill=\"none\"\nclass=\"SvgIconElement\">\n<path d=\"M15.8333 7.16667L9.99992 13L4.16659 7.16667\" stroke=\"currentColor\"\/>\n<\/svg>\n            <\/figure>\n        <\/button>\n        \n                <\/h3>\n        <div class=\"accordion-content\">\n            <div id=\"row-3.varframstamalgrupparmanniskorlangtfranmaktochinflytande-2\" role=\"region\" class=\"accordion-content-wrap\" aria-labelledby=\"3.varframstamalgrupparmanniskorlangtfranmaktochinflytande-2\">\n                                            <div class=\"wysiwyg\">\n                    <p>\u00bb Vi ska vara en resurs f\u00f6r de som st\u00e5r l\u00e5ngt fr\u00e5n makt och inflytande. <\/p>\n<p>\u00bb Vi ska vara lokalt f\u00f6rankrade d\u00e4r de som st\u00e5r l\u00e5ngt fr\u00e5n makt och inflytande bor och verkar. <\/p>\n<p>\u00bb Vi ska aktivt arbeta f\u00f6r att n\u00e5 de som har minst tillg\u00e5ng p\u00e5 bildning och kultur. <\/p>\n<p>\u00bb Vi ska jobba upps\u00f6kande, och under 2025-2027 ska vi fr\u00e4mst n\u00e5 fler korttidsutbildade, utrikesf\u00f6dda \u00e4ldre, yngre och deltagare med funktionsneds\u00e4ttning. <\/p>\n\n                <\/div>\n                                        <\/div>\n        <\/div>\n    <\/li>\n            <li class=\"accordion\" data-ui-accordion data-ui-accordion-open=\"false\">\n        <h3>\n        <button data-ui-accordion-button class=\"accordion-toggle font-bold\" aria-expanded=\"false\" aria-controls=\"row-4.varverksamhetskavarainkluderandeochtillganglig-3\" id=\"4.varverksamhetskavarainkluderandeochtillganglig-3\">\n            4. V\u00e5r verksamhet ska vara inkluderande och tillg\u00e4nglig \n            \n            <figure class=\"w-4.5 h-4.5\" aria-hidden=\"true\">\n            <svg width=\"20\" height=\"20\" viewBox=\"0 0 20 20\" fill=\"none\"\nclass=\"SvgIconElement\">\n<path d=\"M15.8333 7.16667L9.99992 13L4.16659 7.16667\" stroke=\"currentColor\"\/>\n<\/svg>\n            <\/figure>\n        <\/button>\n        \n                <\/h3>\n        <div class=\"accordion-content\">\n            <div id=\"row-4.varverksamhetskavarainkluderandeochtillganglig-3\" role=\"region\" class=\"accordion-content-wrap\" aria-labelledby=\"4.varverksamhetskavarainkluderandeochtillganglig-3\">\n                                            <div class=\"wysiwyg\">\n                    <p>\u00bb Vi ska aktivt jobba f\u00f6r att fler ska k\u00e4nna sig v\u00e4lkomna i v\u00e5r verksamhet <\/p>\n<p>\u00bb Vi ska g\u00f6ra v\u00e5r verksamhet tillg\u00e4nglig f\u00f6r fler genom att undanr\u00f6ja hinder f\u00f6r m\u00e4nniskor att delta <\/p>\n<p>\u00bb Vi ska motverka den digitala klyftan genom att ge fler m\u00f6jlighet att b\u00e5de anv\u00e4nda digitala verktyg och kritiskt granska information\u202f <\/p>\n\n                <\/div>\n                                        <\/div>\n        <\/div>\n    <\/li>\n            <li class=\"accordion\" data-ui-accordion data-ui-accordion-open=\"false\">\n        <h3>\n        <button data-ui-accordion-button class=\"accordion-toggle font-bold\" aria-expanded=\"false\" aria-controls=\"row-5.viskaframjaettaktivtforeningsliv-4\" id=\"5.viskaframjaettaktivtforeningsliv-4\">\n            5. Vi ska fr\u00e4mja ett aktivt f\u00f6reningsliv \n            \n            <figure class=\"w-4.5 h-4.5\" aria-hidden=\"true\">\n            <svg width=\"20\" height=\"20\" viewBox=\"0 0 20 20\" fill=\"none\"\nclass=\"SvgIconElement\">\n<path d=\"M15.8333 7.16667L9.99992 13L4.16659 7.16667\" stroke=\"currentColor\"\/>\n<\/svg>\n            <\/figure>\n        <\/button>\n        \n                <\/h3>\n        <div class=\"accordion-content\">\n            <div id=\"row-5.viskaframjaettaktivtforeningsliv-4\" role=\"region\" class=\"accordion-content-wrap\" aria-labelledby=\"5.viskaframjaettaktivtforeningsliv-4\">\n                                            <div class=\"wysiwyg\">\n                    <p>\u00bb Vi ska hj\u00e4lpa f\u00f6reningar att bli stabila, demokratiska f\u00f6reningar <\/p>\n<p>\u00bb Vi ska vara ett st\u00f6d f\u00f6r l\u00e4randet inom f\u00f6reningen <\/p>\n<p>\u00bb Vi g\u00f6r det genom utbildningar, st\u00f6d och kunnig v\u00e4gledning <\/p>\n\n                <\/div>\n                                        <\/div>\n        <\/div>\n    <\/li>\n            <li class=\"accordion\" data-ui-accordion data-ui-accordion-open=\"false\">\n        <h3>\n        <button data-ui-accordion-button class=\"accordion-toggle font-bold\" aria-expanded=\"false\" aria-controls=\"row-6.viskatillgangliggorakulturenforfler-5\" id=\"6.viskatillgangliggorakulturenforfler-5\">\n            6. Vi ska tillg\u00e4ngligg\u00f6ra kulturen f\u00f6r fler \n            \n            <figure class=\"w-4.5 h-4.5\" aria-hidden=\"true\">\n            <svg width=\"20\" height=\"20\" viewBox=\"0 0 20 20\" fill=\"none\"\nclass=\"SvgIconElement\">\n<path d=\"M15.8333 7.16667L9.99992 13L4.16659 7.16667\" stroke=\"currentColor\"\/>\n<\/svg>\n            <\/figure>\n        <\/button>\n        \n                <\/h3>\n        <div class=\"accordion-content\">\n            <div id=\"row-6.viskatillgangliggorakulturenforfler-5\" role=\"region\" class=\"accordion-content-wrap\" aria-labelledby=\"6.viskatillgangliggorakulturenforfler-5\">\n                                            <div class=\"wysiwyg\">\n                    <p>\u00bb Vi ska tillg\u00e4ngligg\u00f6ra och bredda kulturutbudet f\u00f6r de som har minst tillg\u00e5ng till kultur <\/p>\n<p>\u00bb Vi ska m\u00f6jligg\u00f6ra m\u00f6ten mellan kulturuttryck fr\u00e5n olika delar av v\u00e4rlden eller fr\u00e5n olika delar av kulturlivet <\/p>\n\n                <\/div>\n                                        <\/div>\n        <\/div>\n    <\/li>\n            <li class=\"accordion\" data-ui-accordion data-ui-accordion-open=\"false\">\n        <h3>\n        <button data-ui-accordion-button class=\"accordion-toggle font-bold\" aria-expanded=\"false\" aria-controls=\"row-7.detskavaratydligtvilkaviarochvadvistarfor-6\" id=\"7.detskavaratydligtvilkaviarochvadvistarfor-6\">\n            7. Det ska vara tydligt vilka vi \u00e4r och vad vi st\u00e5r f\u00f6r \n            \n            <figure class=\"w-4.5 h-4.5\" aria-hidden=\"true\">\n            <svg width=\"20\" height=\"20\" viewBox=\"0 0 20 20\" fill=\"none\"\nclass=\"SvgIconElement\">\n<path d=\"M15.8333 7.16667L9.99992 13L4.16659 7.16667\" stroke=\"currentColor\"\/>\n<\/svg>\n            <\/figure>\n        <\/button>\n        \n                <\/h3>\n        <div class=\"accordion-content\">\n            <div id=\"row-7.detskavaratydligtvilkaviarochvadvistarfor-6\" role=\"region\" class=\"accordion-content-wrap\" aria-labelledby=\"7.detskavaratydligtvilkaviarochvadvistarfor-6\">\n                                            <div class=\"wysiwyg\">\n                    <p>\u00bb Vi ska kommunicera v\u00e5r s\u00e4rart\/profil <\/p>\n<p>\u00bb Det ska vara tydligt i vilket studief\u00f6rbund man som f\u00f6rening\/samverkanspart befinner sig <\/p>\n<p>\u00bb Vi ska vara k\u00e4nda bland viktiga akt\u00f6rer i v\u00e5ra prioriterade omr\u00e5den och i staden \u2013 inte bara v\u00e5r logga, utan vad vi g\u00f6r och vad vi st\u00e5r f\u00f6r. <\/p>\n<p>\u00bb Vi ska besvara fr\u00e5gan \u201dVarf\u00f6r ABF?\u201d <\/p>\n\n                <\/div>\n                                        <\/div>\n        <\/div>\n    <\/li>\n    <\/ul>\n","protected":false},"excerpt":{"rendered":"","protected":false},"author":23,"featured_media":0,"parent":0,"menu_order":0,"comment_status":"closed","ping_status":"closed","template":"","meta":{"_acf_changed":false,"footnotes":""},"class_list":["post-1852","page","type-page","status-publish","hentry"],"acf":[],"yoast_head":"<!-- This site is optimized with the Yoast SEO plugin v27.0 - https:\/\/yoast.com\/product\/yoast-seo-wordpress\/ -->\n<title>ABF G\u00f6teborgs m\u00e5l - V\u00e4st<\/title>\n<meta name=\"robots\" content=\"index, follow, max-snippet:-1, max-image-preview:large, max-video-preview:-1\" \/>\n<link rel=\"canonical\" href=\"https:\/\/www.abf.se\/vast\/abf-goteborgs-mal\/\" \/>\n<meta property=\"og:locale\" content=\"sv_SE\" \/>\n<meta property=\"og:type\" content=\"article\" \/>\n<meta property=\"og:title\" content=\"ABF G\u00f6teborgs m\u00e5l - V\u00e4st\" \/>\n<meta property=\"og:url\" content=\"https:\/\/www.abf.se\/vast\/abf-goteborgs-mal\/\" \/>\n<meta property=\"og:site_name\" content=\"V\u00e4st\" \/>\n<meta property=\"article:modified_time\" content=\"2025-05-09T12:41:07+00:00\" \/>\n<meta property=\"og:image\" content=\"https:\/\/www.abf.se\/wp-content\/uploads\/sites\/22\/2024\/04\/Nyckeln-liggande-scaled.jpg\" \/>\n\t<meta property=\"og:image:width\" content=\"2560\" \/>\n\t<meta property=\"og:image:height\" content=\"1440\" \/>\n\t<meta property=\"og:image:type\" content=\"image\/jpeg\" \/>\n<meta name=\"twitter:card\" content=\"summary_large_image\" \/>\n<script type=\"application\/ld+json\" class=\"yoast-schema-graph\">{\"@context\":\"https:\/\/schema.org\",\"@graph\":[{\"@type\":\"WebPage\",\"@id\":\"https:\/\/www.abf.se\/vast\/abf-goteborgs-mal\/\",\"url\":\"https:\/\/www.abf.se\/vast\/abf-goteborgs-mal\/\",\"name\":\"ABF G\u00f6teborgs m\u00e5l - V\u00e4st\",\"isPartOf\":{\"@id\":\"https:\/\/www.abf.se\/vast\/#website\"},\"datePublished\":\"2025-02-06T12:44:45+00:00\",\"dateModified\":\"2025-05-09T12:41:07+00:00\",\"breadcrumb\":{\"@id\":\"https:\/\/www.abf.se\/vast\/abf-goteborgs-mal\/#breadcrumb\"},\"inLanguage\":\"sv-SE\",\"potentialAction\":[{\"@type\":\"ReadAction\",\"target\":[\"https:\/\/www.abf.se\/vast\/abf-goteborgs-mal\/\"]}]},{\"@type\":\"BreadcrumbList\",\"@id\":\"https:\/\/www.abf.se\/vast\/abf-goteborgs-mal\/#breadcrumb\",\"itemListElement\":[{\"@type\":\"ListItem\",\"position\":1,\"name\":\"Home\",\"item\":\"https:\/\/www.abf.se\/vast\/\"},{\"@type\":\"ListItem\",\"position\":2,\"name\":\"ABF G\u00f6teborgs m\u00e5l\"}]},{\"@type\":\"WebSite\",\"@id\":\"https:\/\/www.abf.se\/vast\/#website\",\"url\":\"https:\/\/www.abf.se\/vast\/\",\"name\":\"V\u00e4st\",\"description\":\"\",\"potentialAction\":[{\"@type\":\"SearchAction\",\"target\":{\"@type\":\"EntryPoint\",\"urlTemplate\":\"https:\/\/www.abf.se\/vast\/?s={search_term_string}\"},\"query-input\":{\"@type\":\"PropertyValueSpecification\",\"valueRequired\":true,\"valueName\":\"search_term_string\"}}],\"inLanguage\":\"sv-SE\"}]}<\/script>\n<!-- \/ Yoast SEO plugin. -->","yoast_head_json":{"title":"ABF G\u00f6teborgs m\u00e5l - V\u00e4st","robots":{"index":"index","follow":"follow","max-snippet":"max-snippet:-1","max-image-preview":"max-image-preview:large","max-video-preview":"max-video-preview:-1"},"canonical":"https:\/\/www.abf.se\/vast\/abf-goteborgs-mal\/","og_locale":"sv_SE","og_type":"article","og_title":"ABF G\u00f6teborgs m\u00e5l - V\u00e4st","og_url":"https:\/\/www.abf.se\/vast\/abf-goteborgs-mal\/","og_site_name":"V\u00e4st","article_modified_time":"2025-05-09T12:41:07+00:00","og_image":[{"width":2560,"height":1440,"url":"https:\/\/www.abf.se\/wp-content\/uploads\/sites\/22\/2024\/04\/Nyckeln-liggande-scaled.jpg","type":"image\/jpeg"}],"twitter_card":"summary_large_image","schema":{"@context":"https:\/\/schema.org","@graph":[{"@type":"WebPage","@id":"https:\/\/www.abf.se\/vast\/abf-goteborgs-mal\/","url":"https:\/\/www.abf.se\/vast\/abf-goteborgs-mal\/","name":"ABF G\u00f6teborgs m\u00e5l - V\u00e4st","isPartOf":{"@id":"https:\/\/www.abf.se\/vast\/#website"},"datePublished":"2025-02-06T12:44:45+00:00","dateModified":"2025-05-09T12:41:07+00:00","breadcrumb":{"@id":"https:\/\/www.abf.se\/vast\/abf-goteborgs-mal\/#breadcrumb"},"inLanguage":"sv-SE","potentialAction":[{"@type":"ReadAction","target":["https:\/\/www.abf.se\/vast\/abf-goteborgs-mal\/"]}]},{"@type":"BreadcrumbList","@id":"https:\/\/www.abf.se\/vast\/abf-goteborgs-mal\/#breadcrumb","itemListElement":[{"@type":"ListItem","position":1,"name":"Home","item":"https:\/\/www.abf.se\/vast\/"},{"@type":"ListItem","position":2,"name":"ABF G\u00f6teborgs m\u00e5l"}]},{"@type":"WebSite","@id":"https:\/\/www.abf.se\/vast\/#website","url":"https:\/\/www.abf.se\/vast\/","name":"V\u00e4st","description":"","potentialAction":[{"@type":"SearchAction","target":{"@type":"EntryPoint","urlTemplate":"https:\/\/www.abf.se\/vast\/?s={search_term_string}"},"query-input":{"@type":"PropertyValueSpecification","valueRequired":true,"valueName":"search_term_string"}}],"inLanguage":"sv-SE"}]}},"_links":{"self":[{"href":"https:\/\/www.abf.se\/vast\/wp-json\/wp\/v2\/pages\/1852","targetHints":{"allow":["GET"]}}],"collection":[{"href":"https:\/\/www.abf.se\/vast\/wp-json\/wp\/v2\/pages"}],"about":[{"href":"https:\/\/www.abf.se\/vast\/wp-json\/wp\/v2\/types\/page"}],"author":[{"embeddable":true,"href":"https:\/\/www.abf.se\/vast\/wp-json\/wp\/v2\/users\/23"}],"replies":[{"embeddable":true,"href":"https:\/\/www.abf.se\/vast\/wp-json\/wp\/v2\/comments?post=1852"}],"version-history":[{"count":15,"href":"https:\/\/www.abf.se\/vast\/wp-json\/wp\/v2\/pages\/1852\/revisions"}],"predecessor-version":[{"id":2044,"href":"https:\/\/www.abf.se\/vast\/wp-json\/wp\/v2\/pages\/1852\/revisions\/2044"}],"wp:attachment":[{"href":"https:\/\/www.abf.se\/vast\/wp-json\/wp\/v2\/media?parent=1852"}],"curies":[{"name":"wp","href":"https:\/\/api.w.org\/{rel}","templated":true}]}}