{"id":200,"date":"2024-03-19T10:18:08","date_gmt":"2024-03-19T09:18:08","guid":{"rendered":"https:\/\/www.abf.se\/goteborg\/?page_id=200"},"modified":"2026-01-14T11:44:11","modified_gmt":"2026-01-14T10:44:11","slug":"replokaler","status":"publish","type":"page","link":"https:\/\/www.abf.se\/vast\/vara-verksamheter\/replokaler\/","title":{"rendered":"Replokaler"},"content":{"rendered":"<div\n    class=\"acf-hero-block container-lg no-padding mb-12 js-geolocation\"\n    data-block=\"hero-block\"\n    data-index=\"0\"\n>\n    <div class=\"h-[548px]  relative rounded-[32px] overflow-hidden flex bg-gray-light\">\n        <div class=\"relative z-10 mt-auto h-auto w-full md:h-full\">\n            <div class=\"flex w-full h-full flex-col flex-wrap justify-end w-full md:w-7\/12 lg:w-1\/2 md:justify-center\">\n                <div class=\"flex flex-col gap-3 md:gap-[18px] md:transparent pt-16 pb-36 md:py-8 px-4 w-full md:max-w-[620px] mx-auto px-8\">\n\n                    <h1 class=\"hero-heading hero-heading--red-text\"><span>Replokaler<\/span><\/h1>\n\n                    \n                                    <\/div>\n            <\/div>\n        <\/div>\n\n                    <picture class=\"as-background-image mix-blend-multiply bg-black\/40\"><img decoding=\"async\" src=\"https:\/\/www.abf.se\/vast\/resized\/?url=https%3A%2F%2Fwww.abf.se%2Fwp-content%2Fuploads%2F2024%2F04%2Fmusik-sang-kor.jpg&#038;fit=crop&#038;w=1440&#038;s=5cc4269c058134e5e8573d27a9c6671e\" srcset=\"https:\/\/www.abf.se\/vast\/resized\/?url=https%3A%2F%2Fwww.abf.se%2Fwp-content%2Fuploads%2F2024%2F04%2Fmusik-sang-kor.jpg&#038;fit=crop&#038;w=375&#038;h=540&#038;s=370fac7af8a74588d4545f3246e3b1b3 375w, https:\/\/www.abf.se\/vast\/resized\/?url=https%3A%2F%2Fwww.abf.se%2Fwp-content%2Fuploads%2F2024%2F04%2Fmusik-sang-kor.jpg&#038;fit=crop&#038;w=447&#038;h=540&#038;s=c8de7a104b6934c3778a6814467438c0 447w, https:\/\/www.abf.se\/vast\/resized\/?url=https%3A%2F%2Fwww.abf.se%2Fwp-content%2Fuploads%2F2024%2F04%2Fmusik-sang-kor.jpg&#038;fit=crop&#038;w=519&#038;h=540&#038;s=7ead6dda44be288f78ff45e46fb72824 519w, https:\/\/www.abf.se\/vast\/resized\/?url=https%3A%2F%2Fwww.abf.se%2Fwp-content%2Fuploads%2F2024%2F04%2Fmusik-sang-kor.jpg&#038;fit=crop&#038;w=591&#038;h=540&#038;s=2c6ecf49a145e43cce48fcb7ffc56f86 591w, https:\/\/www.abf.se\/vast\/resized\/?url=https%3A%2F%2Fwww.abf.se%2Fwp-content%2Fuploads%2F2024%2F04%2Fmusik-sang-kor.jpg&#038;fit=crop&#038;w=663&#038;h=540&#038;s=44f299c76cc3a7ab2521bc3e2cc9182e 663w, https:\/\/www.abf.se\/vast\/resized\/?url=https%3A%2F%2Fwww.abf.se%2Fwp-content%2Fuploads%2F2024%2F04%2Fmusik-sang-kor.jpg&#038;fit=crop&#038;w=750&#038;h=540&#038;s=68e377cf405ab0b39cf60039b7754962 750w, https:\/\/www.abf.se\/vast\/resized\/?url=https%3A%2F%2Fwww.abf.se%2Fwp-content%2Fuploads%2F2024%2F04%2Fmusik-sang-kor.jpg&#038;fit=crop&#038;w=894&#038;h=540&#038;s=ae5f5330ce97edb8659c1c711d1608cb 894w, https:\/\/www.abf.se\/vast\/resized\/?url=https%3A%2F%2Fwww.abf.se%2Fwp-content%2Fuploads%2F2024%2F04%2Fmusik-sang-kor.jpg&#038;fit=crop&#038;w=1038&#038;h=540&#038;s=41833b1b77175431cd2d2170e1922518 1038w, https:\/\/www.abf.se\/vast\/resized\/?url=https%3A%2F%2Fwww.abf.se%2Fwp-content%2Fuploads%2F2024%2F04%2Fmusik-sang-kor.jpg&#038;fit=crop&#038;w=1182&#038;h=540&#038;s=110a2eca4f1dc00c86f43cadc87ae8e8 1182w, https:\/\/www.abf.se\/vast\/resized\/?url=https%3A%2F%2Fwww.abf.se%2Fwp-content%2Fuploads%2F2024%2F04%2Fmusik-sang-kor.jpg&#038;fit=crop&#038;w=1326&#038;h=540&#038;s=c96e88fd4d58e1d25021d329f5a86947 1326w, https:\/\/www.abf.se\/vast\/resized\/?url=https%3A%2F%2Fwww.abf.se%2Fwp-content%2Fuploads%2F2024%2F04%2Fmusik-sang-kor.jpg&#038;fit=crop&#038;w=1440&#038;h=540&#038;s=491f6dcd71a58422a015f29e2f0b229d 1440w\" alt=\"\" height=\"540\" width=\"1440\" sizes=\"(max-width: 1440px) calc(100vw - 32px), 1440px\" loading=\"eager\" fetchpriority=\"high\" aria-hidden=\"true\" role=\"presentation\" \/><\/picture>\n        \n\n            <\/div>\n\n    <\/div>\n\n<div\n    class=\"acf-article-text-block article-container my-12\"\n    data-block=\"article-text-block\"\n>\n    <div class=\"wysiwyg\">\n        <h3>ABFs stora replokalskomplex Rockverkstan och Rockverket ligger p\u00e5 Lindholmen och har 52 replokaler.<\/h3>\n<p>H\u00e4r repar ca 130 band varje vecka \u00e5ret runt. Fem av lokalerna \u00e4r grundutrustade och h\u00e4r kan man som band hyra en eller tv\u00e5 tider i veckan. Tv\u00e5 lokaler \u00e4r endast f\u00f6r undervisning och i de resterande 45 repar band med sin egen utrustning.<\/p>\n<p>F\u00f6r att f\u00e5 repa p\u00e5 Rockverkstan beh\u00f6ver du och bandet vara minst tre personer och, f\u00f6rst\u00e5s, ha eller skapa en studiecirkel hos ABF G\u00f6teborg. F\u00f6r att f\u00e5 reda p\u00e5 vilka lokaler, tider och dagar som finns lediga, skicka ett mejl till <a href=\"mailto:replokal.095@abf.se\">replokal.095@abf.se<\/a><\/p>\n<p><strong>S\u00f6k tid i utrustad lokal<br \/>\n<\/strong><\/p>\n<ul>\n<li>En tid i veckan i dessa lokaler (15-20 kvm) kostar 3 570 kr per band f\u00f6r ett halv\u00e5r. Tv\u00e5 tider i veckan kostar 5 340 kr. Tre tider 6 640 kr.<\/li>\n<li>Alla andra instrument och kablar f\u00e5r man ta med sig sj\u00e4lv. Man kan tyv\u00e4rr inte f\u00f6rvara n\u00e5gra instrument i lokalen eller n\u00e5gon annanstans p\u00e5 Rockverkstan under veckan mellan repen.<\/li>\n<li>Avgiften betalas i f\u00f6rskott och man f\u00e5r inga pengar tillbaka om man inte forts\u00e4tter hela halv\u00e5ret ut.<\/li>\n<li>Kraven f\u00f6r att f\u00e5 repa \u00e4r att man startar (eller redan har) en studiecirkel hos ABF och \u00e4r minst tre medlemmar i bandet. Detta g\u00f6r man i samband med att man tecknar sig f\u00f6r en tid.<\/li>\n<\/ul>\n<p>Mer info och lediga tider f\u00e5r du n\u00e4r du mailar till: <a href=\"mailto:replokal.095@abf.se\">replokal.095@abf.se<\/a><\/p>\n\n    <\/div>\n<\/div>\n<ul\n    class=\"acf-article-accordion-block accordion-group grid gap-4 my-12 article-container\"\n    data-block=\"article-accordion-block \"\n    data-ui-accordion-group\n>\n\n            <li class=\"accordion\" data-ui-accordion data-ui-accordion-open=\"false\">\n        <h3>\n        <button data-ui-accordion-button class=\"accordion-toggle font-bold\" aria-expanded=\"false\" aria-controls=\"row-visomjobbarhar-0\" id=\"visomjobbarhar-0\">\n            Vi som jobbar h\u00e4r\n            \n            <figure class=\"w-4.5 h-4.5\" aria-hidden=\"true\">\n            <svg width=\"20\" height=\"20\" viewBox=\"0 0 20 20\" fill=\"none\"\nclass=\"SvgIconElement\">\n<path d=\"M15.8333 7.16667L9.99992 13L4.16659 7.16667\" stroke=\"currentColor\"\/>\n<\/svg>\n            <\/figure>\n        <\/button>\n        \n                <\/h3>\n        <div class=\"accordion-content\">\n            <div id=\"row-visomjobbarhar-0\" role=\"region\" class=\"accordion-content-wrap\" aria-labelledby=\"visomjobbarhar-0\">\n                                                <div class=\"grid md:grid-cols-3 gap-y-10 mt-10\">\n                        \n                                                        <div class=\"contact flex flex-col gap-3\">\n                                <div class=\"md:max-w-[160px]\">\n                                    <picture><source media=\"(max-width:767px)\" srcset=\"https:\/\/www.abf.se\/vast\/resized\/?url=https%3A%2F%2Fwww.abf.se%2Fwp-content%2Fuploads%2Fsites%2F22%2F2025%2F01%2FMarkus-Tagaris-pfp.jpg&#038;fit=crop&#038;w=800&#038;h=800&#038;s=5d4506afdc5dc8ac3ddd2e636b16066d 1x, https:\/\/www.abf.se\/vast\/resized\/?url=https%3A%2F%2Fwww.abf.se%2Fwp-content%2Fuploads%2Fsites%2F22%2F2025%2F01%2FMarkus-Tagaris-pfp.jpg&#038;fit=crop&#038;w=1600&#038;h=1600&#038;s=ba5c238cd0cd59dd25387da693e83d6c 2x\"><img decoding=\"async\" src=\"https:\/\/www.abf.se\/vast\/resized\/?url=https%3A%2F%2Fwww.abf.se%2Fwp-content%2Fuploads%2Fsites%2F22%2F2025%2F01%2FMarkus-Tagaris-pfp.jpg&#038;fit=crop&#038;w=160&#038;s=74c31a4ca8a7beb8a89a7e1eb0e60424\" srcset=\"https:\/\/www.abf.se\/vast\/resized\/?url=https%3A%2F%2Fwww.abf.se%2Fwp-content%2Fuploads%2Fsites%2F22%2F2025%2F01%2FMarkus-Tagaris-pfp.jpg&#038;fit=crop&#038;w=320&#038;h=440&#038;s=ba5d44124521eb77035089c270f45354 1x, https:\/\/www.abf.se\/vast\/resized\/?url=https%3A%2F%2Fwww.abf.se%2Fwp-content%2Fuploads%2Fsites%2F22%2F2025%2F01%2FMarkus-Tagaris-pfp.jpg&#038;fit=crop&#038;w=320&#038;h=440&#038;s=ba5d44124521eb77035089c270f45354 2x\" alt=\"\" \/><\/picture>\n                                <\/div>\n                                <div class=\"\">\n                                    <h4 class=\"heading-lg\">Markus Tagaris<\/h4>\n                                    <p class=\"body-md\">Ansvarig Rockverkstan<\/p>\n                                                                    <\/div>\n                                                                <div class=\"flex gap flex-col label-md gap-1\">\n                                                                                                            <div class=\"flex gap-3\">\n                                        <svg width=\"20\" height=\"20\" viewBox=\"0 0 20 20\" fill=\"none\" xmlns=\"http:\/\/www.w3.org\/2000\/svg\">\n<path d=\"M3.33366 16.6666C2.87533 16.6666 2.48296 16.5035 2.15658 16.1771C1.83019 15.8507 1.66699 15.4583 1.66699 15V4.99998C1.66699 4.54165 1.83019 4.14929 2.15658 3.8229C2.48296 3.49651 2.87533 3.33331 3.33366 3.33331H16.667C17.1253 3.33331 17.5177 3.49651 17.8441 3.8229C18.1705 4.14929 18.3337 4.54165 18.3337 4.99998V15C18.3337 15.4583 18.1705 15.8507 17.8441 16.1771C17.5177 16.5035 17.1253 16.6666 16.667 16.6666H3.33366ZM16.667 6.66665L10.4378 10.5625C10.3684 10.6041 10.2955 10.6354 10.2191 10.6562C10.1427 10.6771 10.0698 10.6875 10.0003 10.6875C9.93088 10.6875 9.85797 10.6771 9.78158 10.6562C9.70519 10.6354 9.63227 10.6041 9.56283 10.5625L3.33366 6.66665V15H16.667V6.66665ZM10.0003 9.16665L16.667 4.99998H3.33366L10.0003 9.16665ZM3.33366 6.87498V5.64581V5.66665V5.65623V6.87498Z\" fill=\"black\"\/>\n<\/svg>\n                                        <p><a href=\"mailto:replokal.095@abf.se\">replokal.095@abf.se<\/a><\/p>\n                                    <\/div>\n                                                                    <\/div>\n                                                            <\/div>\n                                            <\/div>\n                                        <\/div>\n        <\/div>\n    <\/li>\n    <\/ul>\n<div\n    class=\"acf-article-image-block mb-12 container\"\n    data-block=\"article-image-block\"\n>\n<div class=\"grid md:grid-cols-2 gap-4\">\n\n        <figure>\n        \n            <picture class=\"round-corners-lg w-full\"><img decoding=\"async\" src=\"https:\/\/www.abf.se\/vast\/resized\/?url=https%3A%2F%2Fwww.abf.se%2Fwp-content%2Fuploads%2Fsites%2F22%2F2025%2F01%2FRockverkstan-01.jpg&#038;fit=contain&#038;w=578&#038;s=9e3a9b7e2c67f5f1f3fa08625b9b9a36\" srcset=\"https:\/\/www.abf.se\/vast\/resized\/?url=https%3A%2F%2Fwww.abf.se%2Fwp-content%2Fuploads%2Fsites%2F22%2F2025%2F01%2FRockverkstan-01.jpg&#038;fit=contain&#038;w=375&#038;h=280&#038;s=d417565f7b03810e8e10ceb8bba431db 375w, https:\/\/www.abf.se\/vast\/resized\/?url=https%3A%2F%2Fwww.abf.se%2Fwp-content%2Fuploads%2Fsites%2F22%2F2025%2F01%2FRockverkstan-01.jpg&#038;fit=contain&#038;w=423&#038;h=316&#038;s=d26fea5283ab10a122b20b180cb66772 423w, https:\/\/www.abf.se\/vast\/resized\/?url=https%3A%2F%2Fwww.abf.se%2Fwp-content%2Fuploads%2Fsites%2F22%2F2025%2F01%2FRockverkstan-01.jpg&#038;fit=contain&#038;w=471&#038;h=352&#038;s=cc9417b7836940ab295a62c3e8e8def5 471w, https:\/\/www.abf.se\/vast\/resized\/?url=https%3A%2F%2Fwww.abf.se%2Fwp-content%2Fuploads%2Fsites%2F22%2F2025%2F01%2FRockverkstan-01.jpg&#038;fit=contain&#038;w=519&#038;h=388&#038;s=132a0f7d2596a7a731334a8a307e4ebc 519w, https:\/\/www.abf.se\/vast\/resized\/?url=https%3A%2F%2Fwww.abf.se%2Fwp-content%2Fuploads%2Fsites%2F22%2F2025%2F01%2FRockverkstan-01.jpg&#038;fit=contain&#038;w=567&#038;h=424&#038;s=eec98d71b9a57ac11e61e682d047da1b 567w, https:\/\/www.abf.se\/vast\/resized\/?url=https%3A%2F%2Fwww.abf.se%2Fwp-content%2Fuploads%2Fsites%2F22%2F2025%2F01%2FRockverkstan-01.jpg&#038;fit=contain&#038;w=578&#038;s=9e3a9b7e2c67f5f1f3fa08625b9b9a36 578w, https:\/\/www.abf.se\/vast\/resized\/?url=https%3A%2F%2Fwww.abf.se%2Fwp-content%2Fuploads%2Fsites%2F22%2F2025%2F01%2FRockverkstan-01.jpg&#038;fit=contain&#038;w=750&#038;h=561&#038;s=18cb9f094e1f5d6ee039ecf65c05515e 750w, https:\/\/www.abf.se\/vast\/resized\/?url=https%3A%2F%2Fwww.abf.se%2Fwp-content%2Fuploads%2Fsites%2F22%2F2025%2F01%2FRockverkstan-01.jpg&#038;fit=contain&#038;w=846&#038;h=633&#038;s=3d04af13f686264de95e27b3d7d4b286 846w, https:\/\/www.abf.se\/vast\/resized\/?url=https%3A%2F%2Fwww.abf.se%2Fwp-content%2Fuploads%2Fsites%2F22%2F2025%2F01%2FRockverkstan-01.jpg&#038;fit=contain&#038;w=942&#038;h=705&#038;s=91e70fb2ebc91910ca9c5d08dc6f4316 942w, https:\/\/www.abf.se\/vast\/resized\/?url=https%3A%2F%2Fwww.abf.se%2Fwp-content%2Fuploads%2Fsites%2F22%2F2025%2F01%2FRockverkstan-01.jpg&#038;fit=contain&#038;w=1038&#038;h=777&#038;s=c5e401078fc7ca1bb3c166de42ae4fe3 1038w, https:\/\/www.abf.se\/vast\/resized\/?url=https%3A%2F%2Fwww.abf.se%2Fwp-content%2Fuploads%2Fsites%2F22%2F2025%2F01%2FRockverkstan-01.jpg&#038;fit=contain&#038;w=1134&#038;h=849&#038;s=06ede9b132b31493d0d11af57e7170c3 1134w\" alt=\"\" height=\"433\" width=\"578\" sizes=\"auto, (max-width: 768px) calc(100vw - 40px), (min-width: 768px) and (max-width: 1156px) calc(50vw - 56px), calc((1156px \/ 2) - 16px)\" loading=\"lazy\" fetchpriority=\"low\" class=\"round-corners-lg w-full\" \/><\/picture>\n                        <\/figure>\n        <figure>\n        \n            <picture class=\"round-corners-lg w-full\"><img decoding=\"async\" src=\"https:\/\/www.abf.se\/vast\/resized\/?url=https%3A%2F%2Fwww.abf.se%2Fwp-content%2Fuploads%2Fsites%2F22%2F2025%2F01%2FRockverkstan-02.jpg&#038;fit=contain&#038;w=578&#038;s=3b0e48f4e7f2102e1eee04b5f5c99b20\" srcset=\"https:\/\/www.abf.se\/vast\/resized\/?url=https%3A%2F%2Fwww.abf.se%2Fwp-content%2Fuploads%2Fsites%2F22%2F2025%2F01%2FRockverkstan-02.jpg&#038;fit=contain&#038;w=375&#038;h=280&#038;s=6ca98e298b7d141486d5d8dccb9a27ed 375w, https:\/\/www.abf.se\/vast\/resized\/?url=https%3A%2F%2Fwww.abf.se%2Fwp-content%2Fuploads%2Fsites%2F22%2F2025%2F01%2FRockverkstan-02.jpg&#038;fit=contain&#038;w=423&#038;h=316&#038;s=9b6cbb2181096c0eed57bf6ce2561a60 423w, https:\/\/www.abf.se\/vast\/resized\/?url=https%3A%2F%2Fwww.abf.se%2Fwp-content%2Fuploads%2Fsites%2F22%2F2025%2F01%2FRockverkstan-02.jpg&#038;fit=contain&#038;w=471&#038;h=352&#038;s=179568fb650c4a945db7d545553e2350 471w, https:\/\/www.abf.se\/vast\/resized\/?url=https%3A%2F%2Fwww.abf.se%2Fwp-content%2Fuploads%2Fsites%2F22%2F2025%2F01%2FRockverkstan-02.jpg&#038;fit=contain&#038;w=519&#038;h=388&#038;s=017f934e8a3f5716de4aaefefa784c71 519w, https:\/\/www.abf.se\/vast\/resized\/?url=https%3A%2F%2Fwww.abf.se%2Fwp-content%2Fuploads%2Fsites%2F22%2F2025%2F01%2FRockverkstan-02.jpg&#038;fit=contain&#038;w=567&#038;h=424&#038;s=aff24db2cc7e3b5b8866ff7d83c9d436 567w, https:\/\/www.abf.se\/vast\/resized\/?url=https%3A%2F%2Fwww.abf.se%2Fwp-content%2Fuploads%2Fsites%2F22%2F2025%2F01%2FRockverkstan-02.jpg&#038;fit=contain&#038;w=578&#038;s=3b0e48f4e7f2102e1eee04b5f5c99b20 578w, https:\/\/www.abf.se\/vast\/resized\/?url=https%3A%2F%2Fwww.abf.se%2Fwp-content%2Fuploads%2Fsites%2F22%2F2025%2F01%2FRockverkstan-02.jpg&#038;fit=contain&#038;w=750&#038;h=561&#038;s=bf2680245285ee9c0dca41ae09812687 750w, https:\/\/www.abf.se\/vast\/resized\/?url=https%3A%2F%2Fwww.abf.se%2Fwp-content%2Fuploads%2Fsites%2F22%2F2025%2F01%2FRockverkstan-02.jpg&#038;fit=contain&#038;w=846&#038;h=633&#038;s=008c4563556da7af94b640af7cb979a9 846w, https:\/\/www.abf.se\/vast\/resized\/?url=https%3A%2F%2Fwww.abf.se%2Fwp-content%2Fuploads%2Fsites%2F22%2F2025%2F01%2FRockverkstan-02.jpg&#038;fit=contain&#038;w=942&#038;h=705&#038;s=dadf6829d7cec3cb6d7dbb6ba3e5c4ba 942w, https:\/\/www.abf.se\/vast\/resized\/?url=https%3A%2F%2Fwww.abf.se%2Fwp-content%2Fuploads%2Fsites%2F22%2F2025%2F01%2FRockverkstan-02.jpg&#038;fit=contain&#038;w=1038&#038;h=777&#038;s=f1fa4385da83d7a63c38de436e011cc4 1038w, https:\/\/www.abf.se\/vast\/resized\/?url=https%3A%2F%2Fwww.abf.se%2Fwp-content%2Fuploads%2Fsites%2F22%2F2025%2F01%2FRockverkstan-02.jpg&#038;fit=contain&#038;w=1134&#038;h=849&#038;s=d55b343cc4270be58e1df615103257e0 1134w\" alt=\"\" height=\"433\" width=\"578\" sizes=\"auto, (max-width: 768px) calc(100vw - 40px), (min-width: 768px) and (max-width: 1156px) calc(50vw - 56px), calc((1156px \/ 2) - 16px)\" loading=\"lazy\" fetchpriority=\"low\" class=\"round-corners-lg w-full\" \/><\/picture>\n                        <\/figure>\n        <\/div>\n\n<\/div>\n","protected":false},"excerpt":{"rendered":"","protected":false},"author":23,"featured_media":0,"parent":37,"menu_order":0,"comment_status":"closed","ping_status":"closed","template":"","meta":{"_acf_changed":false,"footnotes":""},"class_list":["post-200","page","type-page","status-publish","hentry"],"acf":[],"yoast_head":"<!-- This site is optimized with the Yoast SEO plugin v27.0 - https:\/\/yoast.com\/product\/yoast-seo-wordpress\/ -->\n<title>Replokaler - V\u00e4st<\/title>\n<meta name=\"robots\" content=\"index, follow, max-snippet:-1, max-image-preview:large, max-video-preview:-1\" \/>\n<link rel=\"canonical\" href=\"https:\/\/www.abf.se\/vast\/vara-verksamheter\/replokaler\/\" \/>\n<meta property=\"og:locale\" content=\"sv_SE\" \/>\n<meta property=\"og:type\" content=\"article\" \/>\n<meta property=\"og:title\" content=\"Replokaler - V\u00e4st\" \/>\n<meta property=\"og:url\" content=\"https:\/\/www.abf.se\/vast\/vara-verksamheter\/replokaler\/\" \/>\n<meta property=\"og:site_name\" content=\"V\u00e4st\" \/>\n<meta property=\"article:modified_time\" content=\"2026-01-14T10:44:11+00:00\" \/>\n<meta property=\"og:image\" content=\"https:\/\/www.abf.se\/wp-content\/uploads\/sites\/22\/2024\/04\/Nyckeln-liggande-scaled.jpg\" \/>\n\t<meta property=\"og:image:width\" content=\"2560\" \/>\n\t<meta property=\"og:image:height\" content=\"1440\" \/>\n\t<meta property=\"og:image:type\" content=\"image\/jpeg\" \/>\n<meta name=\"twitter:card\" content=\"summary_large_image\" \/>\n<script type=\"application\/ld+json\" class=\"yoast-schema-graph\">{\"@context\":\"https:\/\/schema.org\",\"@graph\":[{\"@type\":\"WebPage\",\"@id\":\"https:\/\/www.abf.se\/vast\/vara-verksamheter\/replokaler\/\",\"url\":\"https:\/\/www.abf.se\/vast\/vara-verksamheter\/replokaler\/\",\"name\":\"Replokaler - V\u00e4st\",\"isPartOf\":{\"@id\":\"https:\/\/www.abf.se\/vast\/#website\"},\"datePublished\":\"2024-03-19T09:18:08+00:00\",\"dateModified\":\"2026-01-14T10:44:11+00:00\",\"breadcrumb\":{\"@id\":\"https:\/\/www.abf.se\/vast\/vara-verksamheter\/replokaler\/#breadcrumb\"},\"inLanguage\":\"sv-SE\",\"potentialAction\":[{\"@type\":\"ReadAction\",\"target\":[\"https:\/\/www.abf.se\/vast\/vara-verksamheter\/replokaler\/\"]}]},{\"@type\":\"BreadcrumbList\",\"@id\":\"https:\/\/www.abf.se\/vast\/vara-verksamheter\/replokaler\/#breadcrumb\",\"itemListElement\":[{\"@type\":\"ListItem\",\"position\":1,\"name\":\"Home\",\"item\":\"https:\/\/www.abf.se\/vast\/\"},{\"@type\":\"ListItem\",\"position\":2,\"name\":\"V\u00e5ra verksamheter\",\"item\":\"https:\/\/www.abf.se\/vast\/vara-verksamheter\/\"},{\"@type\":\"ListItem\",\"position\":3,\"name\":\"Replokaler\"}]},{\"@type\":\"WebSite\",\"@id\":\"https:\/\/www.abf.se\/vast\/#website\",\"url\":\"https:\/\/www.abf.se\/vast\/\",\"name\":\"V\u00e4st\",\"description\":\"\",\"potentialAction\":[{\"@type\":\"SearchAction\",\"target\":{\"@type\":\"EntryPoint\",\"urlTemplate\":\"https:\/\/www.abf.se\/vast\/?s={search_term_string}\"},\"query-input\":{\"@type\":\"PropertyValueSpecification\",\"valueRequired\":true,\"valueName\":\"search_term_string\"}}],\"inLanguage\":\"sv-SE\"}]}<\/script>\n<!-- \/ Yoast SEO plugin. -->","yoast_head_json":{"title":"Replokaler - V\u00e4st","robots":{"index":"index","follow":"follow","max-snippet":"max-snippet:-1","max-image-preview":"max-image-preview:large","max-video-preview":"max-video-preview:-1"},"canonical":"https:\/\/www.abf.se\/vast\/vara-verksamheter\/replokaler\/","og_locale":"sv_SE","og_type":"article","og_title":"Replokaler - V\u00e4st","og_url":"https:\/\/www.abf.se\/vast\/vara-verksamheter\/replokaler\/","og_site_name":"V\u00e4st","article_modified_time":"2026-01-14T10:44:11+00:00","og_image":[{"width":2560,"height":1440,"url":"https:\/\/www.abf.se\/wp-content\/uploads\/sites\/22\/2024\/04\/Nyckeln-liggande-scaled.jpg","type":"image\/jpeg"}],"twitter_card":"summary_large_image","schema":{"@context":"https:\/\/schema.org","@graph":[{"@type":"WebPage","@id":"https:\/\/www.abf.se\/vast\/vara-verksamheter\/replokaler\/","url":"https:\/\/www.abf.se\/vast\/vara-verksamheter\/replokaler\/","name":"Replokaler - V\u00e4st","isPartOf":{"@id":"https:\/\/www.abf.se\/vast\/#website"},"datePublished":"2024-03-19T09:18:08+00:00","dateModified":"2026-01-14T10:44:11+00:00","breadcrumb":{"@id":"https:\/\/www.abf.se\/vast\/vara-verksamheter\/replokaler\/#breadcrumb"},"inLanguage":"sv-SE","potentialAction":[{"@type":"ReadAction","target":["https:\/\/www.abf.se\/vast\/vara-verksamheter\/replokaler\/"]}]},{"@type":"BreadcrumbList","@id":"https:\/\/www.abf.se\/vast\/vara-verksamheter\/replokaler\/#breadcrumb","itemListElement":[{"@type":"ListItem","position":1,"name":"Home","item":"https:\/\/www.abf.se\/vast\/"},{"@type":"ListItem","position":2,"name":"V\u00e5ra verksamheter","item":"https:\/\/www.abf.se\/vast\/vara-verksamheter\/"},{"@type":"ListItem","position":3,"name":"Replokaler"}]},{"@type":"WebSite","@id":"https:\/\/www.abf.se\/vast\/#website","url":"https:\/\/www.abf.se\/vast\/","name":"V\u00e4st","description":"","potentialAction":[{"@type":"SearchAction","target":{"@type":"EntryPoint","urlTemplate":"https:\/\/www.abf.se\/vast\/?s={search_term_string}"},"query-input":{"@type":"PropertyValueSpecification","valueRequired":true,"valueName":"search_term_string"}}],"inLanguage":"sv-SE"}]}},"_links":{"self":[{"href":"https:\/\/www.abf.se\/vast\/wp-json\/wp\/v2\/pages\/200","targetHints":{"allow":["GET"]}}],"collection":[{"href":"https:\/\/www.abf.se\/vast\/wp-json\/wp\/v2\/pages"}],"about":[{"href":"https:\/\/www.abf.se\/vast\/wp-json\/wp\/v2\/types\/page"}],"author":[{"embeddable":true,"href":"https:\/\/www.abf.se\/vast\/wp-json\/wp\/v2\/users\/23"}],"replies":[{"embeddable":true,"href":"https:\/\/www.abf.se\/vast\/wp-json\/wp\/v2\/comments?post=200"}],"version-history":[{"count":16,"href":"https:\/\/www.abf.se\/vast\/wp-json\/wp\/v2\/pages\/200\/revisions"}],"predecessor-version":[{"id":2832,"href":"https:\/\/www.abf.se\/vast\/wp-json\/wp\/v2\/pages\/200\/revisions\/2832"}],"up":[{"embeddable":true,"href":"https:\/\/www.abf.se\/vast\/wp-json\/wp\/v2\/pages\/37"}],"wp:attachment":[{"href":"https:\/\/www.abf.se\/vast\/wp-json\/wp\/v2\/media?parent=200"}],"curies":[{"name":"wp","href":"https:\/\/api.w.org\/{rel}","templated":true}]}}