{"id":2046,"date":"2025-05-13T10:30:06","date_gmt":"2025-05-13T08:30:06","guid":{"rendered":"https:\/\/www.abf.se\/vast\/?page_id=2046"},"modified":"2025-05-13T10:30:22","modified_gmt":"2025-05-13T08:30:22","slug":"vanliga-fragor-och-svar-om-e-tjansten","status":"publish","type":"page","link":"https:\/\/www.abf.se\/vast\/narvarorapportering\/vanliga-fragor-och-svar-om-e-tjansten\/","title":{"rendered":"Vanliga fr\u00e5gor och svar om E-tj\u00e4nsten"},"content":{"rendered":"<div\n    class=\"acf-plain-heading-block container my-16\"\n    data-block=\"plain-heading-block\"\n>\n    <div class=\"max-w-[658px] mx-auto\">\n                <h1 class=\"hero-heading\"><span>Vanliga fr\u00e5gor och svar om E-tj\u00e4nsten<\/span><\/h1>\n                    <\/div>\n<\/div>\n<div\n    class=\"acf-article-text-block article-container my-12\"\n    data-block=\"article-text-block\"\n>\n    <div class=\"wysiwyg\">\n        <p><strong>Jag har gl\u00f6mt mitt l\u00f6senord, hur f\u00e5r jag ett nytt?<\/strong><br \/>\nTryck p\u00e5 &#8221;Gl\u00f6mt l\u00f6senord&#8221; p\u00e5 inloggningssidan till E-tj\u00e4nsten och v\u00e4lj om du vill ha det p\u00e5 sms eller e-post. Kolla i skr\u00e4pposten om du inte ser det i din e-posts inkorg.<\/p>\n<p><strong>Hur byter jag l\u00f6senord?<\/strong><br \/>\nLogga in och g\u00e5 till &#8221;Anv\u00e4ndare&#8221; och redigera dina kontouppgifter<br \/>\n<strong><br \/>\nVarf\u00f6r kan jag inte l\u00e4gga till n\u00e4rvaro p\u00e5 min lista?<\/strong><br \/>\nDu kan inte n\u00e4rvarorapportera p\u00e5 ett arrangemang som ej \u00e4gt rum \u00e4n. Du kan ej heller n\u00e4rvarorapportera om en vikarierande ledare st\u00e5r p\u00e5 sammankomsten.<\/p>\n<p><strong>Varf\u00f6r kan jag inte signera mitt arrangemang?<\/strong><br \/>\nArrangemanget har minst en sammankomst som saknar n\u00e4rvaro eller antal studietimmar.<\/p>\n<p>Endast sammankomster som genomf\u00f6rts kan signeras.<\/p>\n<p>Arbetsplanen \u00e4r ej ifylld.<\/p>\n<p>Vikarierande ledare har ej signerat sina tr\u00e4ffar. Vikarierande ledare m\u00e5ste fylla i f\u00f6rst innan huvudledare kan signera arrangemanget i sin helhet.<br \/>\n<strong><br \/>\nVarf\u00f6r kan jag inte l\u00e4gga till fler deltagare i min e-lista?<\/strong><br \/>\nDet kan bero p\u00e5 att en \u00f6vre gr\u00e4ns \u00e4r satt f\u00f6r antal deltagare. Kontakta ABF s\u00e5 hj\u00e4lper vi till att \u00e4ndra gr\u00e4nsen.<\/p>\n\n    <\/div>\n<\/div>\n","protected":false},"excerpt":{"rendered":"","protected":false},"author":23,"featured_media":0,"parent":707,"menu_order":0,"comment_status":"closed","ping_status":"closed","template":"","meta":{"_acf_changed":false,"footnotes":""},"class_list":["post-2046","page","type-page","status-publish","hentry"],"acf":[],"yoast_head":"<!-- This site is optimized with the Yoast SEO plugin v27.0 - https:\/\/yoast.com\/product\/yoast-seo-wordpress\/ -->\n<title>Vanliga fr\u00e5gor och svar om E-tj\u00e4nsten - V\u00e4st<\/title>\n<meta name=\"robots\" content=\"index, follow, max-snippet:-1, max-image-preview:large, max-video-preview:-1\" \/>\n<link rel=\"canonical\" href=\"https:\/\/www.abf.se\/vast\/narvarorapportering\/vanliga-fragor-och-svar-om-e-tjansten\/\" \/>\n<meta property=\"og:locale\" content=\"sv_SE\" \/>\n<meta property=\"og:type\" content=\"article\" \/>\n<meta property=\"og:title\" content=\"Vanliga fr\u00e5gor och svar om E-tj\u00e4nsten - V\u00e4st\" \/>\n<meta property=\"og:url\" content=\"https:\/\/www.abf.se\/vast\/narvarorapportering\/vanliga-fragor-och-svar-om-e-tjansten\/\" \/>\n<meta property=\"og:site_name\" content=\"V\u00e4st\" \/>\n<meta property=\"article:modified_time\" content=\"2025-05-13T08:30:22+00:00\" \/>\n<meta property=\"og:image\" content=\"https:\/\/www.abf.se\/wp-content\/uploads\/sites\/22\/2024\/04\/Nyckeln-liggande-scaled.jpg\" \/>\n\t<meta property=\"og:image:width\" content=\"2560\" \/>\n\t<meta property=\"og:image:height\" content=\"1440\" \/>\n\t<meta property=\"og:image:type\" content=\"image\/jpeg\" \/>\n<meta name=\"twitter:card\" content=\"summary_large_image\" \/>\n<script type=\"application\/ld+json\" class=\"yoast-schema-graph\">{\"@context\":\"https:\/\/schema.org\",\"@graph\":[{\"@type\":\"WebPage\",\"@id\":\"https:\/\/www.abf.se\/vast\/narvarorapportering\/vanliga-fragor-och-svar-om-e-tjansten\/\",\"url\":\"https:\/\/www.abf.se\/vast\/narvarorapportering\/vanliga-fragor-och-svar-om-e-tjansten\/\",\"name\":\"Vanliga fr\u00e5gor och svar om E-tj\u00e4nsten - V\u00e4st\",\"isPartOf\":{\"@id\":\"https:\/\/www.abf.se\/vast\/#website\"},\"datePublished\":\"2025-05-13T08:30:06+00:00\",\"dateModified\":\"2025-05-13T08:30:22+00:00\",\"breadcrumb\":{\"@id\":\"https:\/\/www.abf.se\/vast\/narvarorapportering\/vanliga-fragor-och-svar-om-e-tjansten\/#breadcrumb\"},\"inLanguage\":\"sv-SE\",\"potentialAction\":[{\"@type\":\"ReadAction\",\"target\":[\"https:\/\/www.abf.se\/vast\/narvarorapportering\/vanliga-fragor-och-svar-om-e-tjansten\/\"]}]},{\"@type\":\"BreadcrumbList\",\"@id\":\"https:\/\/www.abf.se\/vast\/narvarorapportering\/vanliga-fragor-och-svar-om-e-tjansten\/#breadcrumb\",\"itemListElement\":[{\"@type\":\"ListItem\",\"position\":1,\"name\":\"Home\",\"item\":\"https:\/\/www.abf.se\/vast\/\"},{\"@type\":\"ListItem\",\"position\":2,\"name\":\"N\u00e4rvarorapportering f\u00f6r cirkelledare\",\"item\":\"https:\/\/www.abf.se\/vast\/narvarorapportering\/\"},{\"@type\":\"ListItem\",\"position\":3,\"name\":\"Vanliga fr\u00e5gor och svar om E-tj\u00e4nsten\"}]},{\"@type\":\"WebSite\",\"@id\":\"https:\/\/www.abf.se\/vast\/#website\",\"url\":\"https:\/\/www.abf.se\/vast\/\",\"name\":\"V\u00e4st\",\"description\":\"\",\"potentialAction\":[{\"@type\":\"SearchAction\",\"target\":{\"@type\":\"EntryPoint\",\"urlTemplate\":\"https:\/\/www.abf.se\/vast\/?s={search_term_string}\"},\"query-input\":{\"@type\":\"PropertyValueSpecification\",\"valueRequired\":true,\"valueName\":\"search_term_string\"}}],\"inLanguage\":\"sv-SE\"}]}<\/script>\n<!-- \/ Yoast SEO plugin. -->","yoast_head_json":{"title":"Vanliga fr\u00e5gor och svar om E-tj\u00e4nsten - V\u00e4st","robots":{"index":"index","follow":"follow","max-snippet":"max-snippet:-1","max-image-preview":"max-image-preview:large","max-video-preview":"max-video-preview:-1"},"canonical":"https:\/\/www.abf.se\/vast\/narvarorapportering\/vanliga-fragor-och-svar-om-e-tjansten\/","og_locale":"sv_SE","og_type":"article","og_title":"Vanliga fr\u00e5gor och svar om E-tj\u00e4nsten - V\u00e4st","og_url":"https:\/\/www.abf.se\/vast\/narvarorapportering\/vanliga-fragor-och-svar-om-e-tjansten\/","og_site_name":"V\u00e4st","article_modified_time":"2025-05-13T08:30:22+00:00","og_image":[{"width":2560,"height":1440,"url":"https:\/\/www.abf.se\/wp-content\/uploads\/sites\/22\/2024\/04\/Nyckeln-liggande-scaled.jpg","type":"image\/jpeg"}],"twitter_card":"summary_large_image","schema":{"@context":"https:\/\/schema.org","@graph":[{"@type":"WebPage","@id":"https:\/\/www.abf.se\/vast\/narvarorapportering\/vanliga-fragor-och-svar-om-e-tjansten\/","url":"https:\/\/www.abf.se\/vast\/narvarorapportering\/vanliga-fragor-och-svar-om-e-tjansten\/","name":"Vanliga fr\u00e5gor och svar om E-tj\u00e4nsten - V\u00e4st","isPartOf":{"@id":"https:\/\/www.abf.se\/vast\/#website"},"datePublished":"2025-05-13T08:30:06+00:00","dateModified":"2025-05-13T08:30:22+00:00","breadcrumb":{"@id":"https:\/\/www.abf.se\/vast\/narvarorapportering\/vanliga-fragor-och-svar-om-e-tjansten\/#breadcrumb"},"inLanguage":"sv-SE","potentialAction":[{"@type":"ReadAction","target":["https:\/\/www.abf.se\/vast\/narvarorapportering\/vanliga-fragor-och-svar-om-e-tjansten\/"]}]},{"@type":"BreadcrumbList","@id":"https:\/\/www.abf.se\/vast\/narvarorapportering\/vanliga-fragor-och-svar-om-e-tjansten\/#breadcrumb","itemListElement":[{"@type":"ListItem","position":1,"name":"Home","item":"https:\/\/www.abf.se\/vast\/"},{"@type":"ListItem","position":2,"name":"N\u00e4rvarorapportering f\u00f6r cirkelledare","item":"https:\/\/www.abf.se\/vast\/narvarorapportering\/"},{"@type":"ListItem","position":3,"name":"Vanliga fr\u00e5gor och svar om E-tj\u00e4nsten"}]},{"@type":"WebSite","@id":"https:\/\/www.abf.se\/vast\/#website","url":"https:\/\/www.abf.se\/vast\/","name":"V\u00e4st","description":"","potentialAction":[{"@type":"SearchAction","target":{"@type":"EntryPoint","urlTemplate":"https:\/\/www.abf.se\/vast\/?s={search_term_string}"},"query-input":{"@type":"PropertyValueSpecification","valueRequired":true,"valueName":"search_term_string"}}],"inLanguage":"sv-SE"}]}},"_links":{"self":[{"href":"https:\/\/www.abf.se\/vast\/wp-json\/wp\/v2\/pages\/2046","targetHints":{"allow":["GET"]}}],"collection":[{"href":"https:\/\/www.abf.se\/vast\/wp-json\/wp\/v2\/pages"}],"about":[{"href":"https:\/\/www.abf.se\/vast\/wp-json\/wp\/v2\/types\/page"}],"author":[{"embeddable":true,"href":"https:\/\/www.abf.se\/vast\/wp-json\/wp\/v2\/users\/23"}],"replies":[{"embeddable":true,"href":"https:\/\/www.abf.se\/vast\/wp-json\/wp\/v2\/comments?post=2046"}],"version-history":[{"count":1,"href":"https:\/\/www.abf.se\/vast\/wp-json\/wp\/v2\/pages\/2046\/revisions"}],"predecessor-version":[{"id":2047,"href":"https:\/\/www.abf.se\/vast\/wp-json\/wp\/v2\/pages\/2046\/revisions\/2047"}],"up":[{"embeddable":true,"href":"https:\/\/www.abf.se\/vast\/wp-json\/wp\/v2\/pages\/707"}],"wp:attachment":[{"href":"https:\/\/www.abf.se\/vast\/wp-json\/wp\/v2\/media?parent=2046"}],"curies":[{"name":"wp","href":"https:\/\/api.w.org\/{rel}","templated":true}]}}