{"id":2358,"date":"2025-11-22T14:57:12","date_gmt":"2025-11-22T13:57:12","guid":{"rendered":"https:\/\/www.abf.se\/vast\/?page_id=2358"},"modified":"2025-12-09T19:57:29","modified_gmt":"2025-12-09T18:57:29","slug":"kategorier","status":"publish","type":"page","link":"https:\/\/www.abf.se\/vast\/kategorier\/","title":{"rendered":"Kategorier"},"content":{"rendered":"<div\n    class=\"acf-hero-block container-lg no-padding mb-12 js-geolocation\"\n    data-block=\"hero-block\"\n    data-index=\"0\"\n>\n    <div class=\"h-[548px]  relative rounded-[32px] overflow-hidden flex bg-gray-light\">\n        <div class=\"relative z-10 mt-auto h-auto w-full md:h-full\">\n            <div class=\"flex w-full h-full flex-col flex-wrap justify-end w-full md:w-7\/12 lg:w-1\/2 md:justify-center\">\n                <div class=\"flex flex-col gap-3 md:gap-[18px] md:transparent pt-16 pb-36 md:py-8 px-4 w-full md:max-w-[620px] mx-auto px-8\">\n\n                    <h1 class=\"hero-heading hero-heading--red-text\"><span>Hitta bland <br \/>\r\nv\u00e5ra kurser<\/span><\/h1>\n\n                    \n                                    <\/div>\n            <\/div>\n        <\/div>\n\n                    <picture class=\"as-background-image mix-blend-multiply bg-black\/40\"><img decoding=\"async\" src=\"https:\/\/www.abf.se\/vast\/resized\/?url=https%3A%2F%2Fwww.abf.se%2Fwp-content%2Fuploads%2Fsites%2F22%2F2024%2F04%2Fshutterstock_1265544853-scaled.jpg&#038;fit=crop&#038;w=1440&#038;s=0f3ede8db28316bece09ac1475b088dd\" srcset=\"https:\/\/www.abf.se\/vast\/resized\/?url=https%3A%2F%2Fwww.abf.se%2Fwp-content%2Fuploads%2Fsites%2F22%2F2024%2F04%2Fshutterstock_1265544853-scaled.jpg&#038;fit=crop&#038;w=375&#038;h=540&#038;s=067d8dfb3b346cbe2399906a60c0145c 375w, https:\/\/www.abf.se\/vast\/resized\/?url=https%3A%2F%2Fwww.abf.se%2Fwp-content%2Fuploads%2Fsites%2F22%2F2024%2F04%2Fshutterstock_1265544853-scaled.jpg&#038;fit=crop&#038;w=447&#038;h=540&#038;s=9b97307ef149e700a7c02051a9ba0833 447w, https:\/\/www.abf.se\/vast\/resized\/?url=https%3A%2F%2Fwww.abf.se%2Fwp-content%2Fuploads%2Fsites%2F22%2F2024%2F04%2Fshutterstock_1265544853-scaled.jpg&#038;fit=crop&#038;w=519&#038;h=540&#038;s=df4ef3ffe6a5a2e3639da54483bedd31 519w, https:\/\/www.abf.se\/vast\/resized\/?url=https%3A%2F%2Fwww.abf.se%2Fwp-content%2Fuploads%2Fsites%2F22%2F2024%2F04%2Fshutterstock_1265544853-scaled.jpg&#038;fit=crop&#038;w=591&#038;h=540&#038;s=7ce71068768c70a8776bdd9b806d88d1 591w, https:\/\/www.abf.se\/vast\/resized\/?url=https%3A%2F%2Fwww.abf.se%2Fwp-content%2Fuploads%2Fsites%2F22%2F2024%2F04%2Fshutterstock_1265544853-scaled.jpg&#038;fit=crop&#038;w=663&#038;h=540&#038;s=5395603f0ee4060d38af8223f0c4a313 663w, https:\/\/www.abf.se\/vast\/resized\/?url=https%3A%2F%2Fwww.abf.se%2Fwp-content%2Fuploads%2Fsites%2F22%2F2024%2F04%2Fshutterstock_1265544853-scaled.jpg&#038;fit=crop&#038;w=750&#038;h=540&#038;s=b06d70cf7a89580e7b0f4b31bae730f1 750w, https:\/\/www.abf.se\/vast\/resized\/?url=https%3A%2F%2Fwww.abf.se%2Fwp-content%2Fuploads%2Fsites%2F22%2F2024%2F04%2Fshutterstock_1265544853-scaled.jpg&#038;fit=crop&#038;w=894&#038;h=540&#038;s=aa9ff861905fe41cb0378dc083fd9d52 894w, https:\/\/www.abf.se\/vast\/resized\/?url=https%3A%2F%2Fwww.abf.se%2Fwp-content%2Fuploads%2Fsites%2F22%2F2024%2F04%2Fshutterstock_1265544853-scaled.jpg&#038;fit=crop&#038;w=1038&#038;h=540&#038;s=b003aaed8a5cc9e840590f2e1630e864 1038w, https:\/\/www.abf.se\/vast\/resized\/?url=https%3A%2F%2Fwww.abf.se%2Fwp-content%2Fuploads%2Fsites%2F22%2F2024%2F04%2Fshutterstock_1265544853-scaled.jpg&#038;fit=crop&#038;w=1182&#038;h=540&#038;s=1ed7e8dcf5847093a5125bd0b2e9f895 1182w, https:\/\/www.abf.se\/vast\/resized\/?url=https%3A%2F%2Fwww.abf.se%2Fwp-content%2Fuploads%2Fsites%2F22%2F2024%2F04%2Fshutterstock_1265544853-scaled.jpg&#038;fit=crop&#038;w=1326&#038;h=540&#038;s=cb7bd838da6a386491ca35d38aca54ed 1326w, https:\/\/www.abf.se\/vast\/resized\/?url=https%3A%2F%2Fwww.abf.se%2Fwp-content%2Fuploads%2Fsites%2F22%2F2024%2F04%2Fshutterstock_1265544853-scaled.jpg&#038;fit=crop&#038;w=1440&#038;h=540&#038;s=1d36044d5f01eba278969cb4f29b7b2d 1440w\" alt=\"\" height=\"540\" width=\"1440\" sizes=\"(max-width: 1440px) calc(100vw - 32px), 1440px\" loading=\"eager\" fetchpriority=\"high\" aria-hidden=\"true\" role=\"presentation\" \/><\/picture>\n        \n\n            <\/div>\n\n    <\/div>\n\n<div\n    class=\"acf-quick-link-block bg-red py-12 md:py-20\"\n    data-block=\"quick-link-block\"\n>\n    <div class=\"container\">\n        \n        <div\n            class=\"px-5 content:px-0 grid grid-cols-1 gap-8 md:grid-cols-2 lg:grid-cols-4\">\n            \n            <article\nclass=\"round-corners-sm p-6 relative group grid grid-rows-[subgrid] row-[span_3] gap-4 bg-white text-red\"\n>\n            <h3\n        class=\"heading-sm group-hover:underline text-red\">\n            <a href=\"https:\/\/www.abf.se\/vast\/alt-startsida\/kurser-pa-jarntorget\/\" class=\"expanded-hit-area\" target=\"\">\n                Kurser p\u00e5 J\u00e4rntorget\n            <\/a>\n        <\/h3>\n                <p class=\"body-md text-gray-text\">\n            Bland v\u00e5ra kurser i ABF:s fina lokaler p\u00e5 J\u00e4rntorget i G\u00f6teborg hittar du m\u00e5nga sp\u00e4nnande estetiska \u00e4mnen \u2013 och lite till! Ledarna har djupa \u00e4mneskunskaper och \u00e4r goda pedagoger. V\u00e4x som m\u00e4nniska genom att l\u00e4ra i grupp.\n        <\/p>\n        <figure\n    class=\"w-[38px] h-[38px] rounded-full p-2 group-hover:scale-110 transition-transform duration-300 self-end pointer-events-none bg-red text-white\">\n        <svg width=\"20\" height=\"20\" viewBox=\"0 0 20 20\" fill=\"none\" class=\"SvgIconElement\">\n<path d=\"M4.16659 10L15.8333 10\" stroke=\"currentColor\"\/>\n<path d=\"M9.99992 4.1665L15.8333 9.99984L9.99992 15.8332\" stroke=\"currentColor\"\/>\n<\/svg>\n    <\/figure>\n<\/article>            \n            <article\nclass=\"round-corners-sm p-6 relative group grid grid-rows-[subgrid] row-[span_3] gap-4 bg-white text-red\"\n>\n            <h3\n        class=\"heading-sm group-hover:underline text-red\">\n            <a href=\"https:\/\/www.abf.se\/vast\/alt-startsida\/kurser-i-din-kommun\/\" class=\"expanded-hit-area\" target=\"\">\n                Kurser i din kommun\n            <\/a>\n        <\/h3>\n                <p class=\"body-md text-gray-text\">\n            H\u00e4r hittar du kurser i Ale, Kung\u00e4lv, Lerum, M\u00f6lndal, Orust, Partille, Stenungsund, Tj\u00f6rn och \u00d6cker\u00f6. Allt fr\u00e5n estetiska \u00e4mnen till kurser inom f\u00f6reningslivet. L\u00e4r nytt och knyt nya kontakter \u2013 var du \u00e4n befinner dig i livet.\n        <\/p>\n        <figure\n    class=\"w-[38px] h-[38px] rounded-full p-2 group-hover:scale-110 transition-transform duration-300 self-end pointer-events-none bg-red text-white\">\n        <svg width=\"20\" height=\"20\" viewBox=\"0 0 20 20\" fill=\"none\" class=\"SvgIconElement\">\n<path d=\"M4.16659 10L15.8333 10\" stroke=\"currentColor\"\/>\n<path d=\"M9.99992 4.1665L15.8333 9.99984L9.99992 15.8332\" stroke=\"currentColor\"\/>\n<\/svg>\n    <\/figure>\n<\/article>            \n            <article\nclass=\"round-corners-sm p-6 relative group grid grid-rows-[subgrid] row-[span_3] gap-4 bg-white text-red\"\n>\n            <h3\n        class=\"heading-sm group-hover:underline text-red\">\n            <a href=\"https:\/\/www.abf.se\/vast\/alt-startsida\/abf-skolor\/\" class=\"expanded-hit-area\" target=\"\">\n                ABF-skolor\n            <\/a>\n        <\/h3>\n                <p class=\"body-md text-gray-text\">\n            F\u00f6r dig med annat modersm\u00e5l \u2013 och f\u00f6r svensktalande som vill l\u00e4ra k\u00e4nna andra kulturer. I v\u00e5ra tre f\u00f6reningsdrivna skolor i Hj\u00e4llbo, Angered centrum och Br\u00e4cke\/Biskop \u00e4r alla v\u00e4lkomna att l\u00e4ra sig svenska, hantverk och mycket mer, utan kostnad.\n        <\/p>\n        <figure\n    class=\"w-[38px] h-[38px] rounded-full p-2 group-hover:scale-110 transition-transform duration-300 self-end pointer-events-none bg-red text-white\">\n        <svg width=\"20\" height=\"20\" viewBox=\"0 0 20 20\" fill=\"none\" class=\"SvgIconElement\">\n<path d=\"M4.16659 10L15.8333 10\" stroke=\"currentColor\"\/>\n<path d=\"M9.99992 4.1665L15.8333 9.99984L9.99992 15.8332\" stroke=\"currentColor\"\/>\n<\/svg>\n    <\/figure>\n<\/article>            \n            <article\nclass=\"round-corners-sm p-6 relative group grid grid-rows-[subgrid] row-[span_3] gap-4 bg-white text-red\"\n>\n            <h3\n        class=\"heading-sm group-hover:underline text-red\">\n            <a href=\"https:\/\/www.abf.se\/vast\/alt-startsida\/nara-dig-i-goteborg\/\" class=\"expanded-hit-area\" target=\"\">\n                N\u00e4ra dig i G\u00f6teborg\n            <\/a>\n        <\/h3>\n                <p class=\"body-md text-gray-text\">\n            Kurser med l\u00e5g avgift i G\u00f6teborgs olika stadsdelar \u2013 till exempel keramik i Bergsj\u00f6ns kulturhus, s\u00f6mnad p\u00e5 Bl\u00e5 st\u00e4llet eller f\u00f6r\u00e4ldra-barn-kurser i Folkets hus Hammarkullen. \u00c4ven sp\u00e4nnande pop up-kurser i f\u00f6reningslokaler, \u00f6ppna f\u00f6r alla.\n        <\/p>\n        <figure\n    class=\"w-[38px] h-[38px] rounded-full p-2 group-hover:scale-110 transition-transform duration-300 self-end pointer-events-none bg-red text-white\">\n        <svg width=\"20\" height=\"20\" viewBox=\"0 0 20 20\" fill=\"none\" class=\"SvgIconElement\">\n<path d=\"M4.16659 10L15.8333 10\" stroke=\"currentColor\"\/>\n<path d=\"M9.99992 4.1665L15.8333 9.99984L9.99992 15.8332\" stroke=\"currentColor\"\/>\n<\/svg>\n    <\/figure>\n<\/article>                    <\/div>\n    <\/div>\n<\/div>\n<div\n    class=\"acf-article-text-block article-container my-12\"\n    data-block=\"article-text-block\"\n>\n    <div class=\"wysiwyg\">\n        \n    <\/div>\n<\/div>\n","protected":false},"excerpt":{"rendered":"","protected":false},"author":23,"featured_media":0,"parent":0,"menu_order":0,"comment_status":"closed","ping_status":"closed","template":"","meta":{"_acf_changed":false,"footnotes":""},"class_list":["post-2358","page","type-page","status-publish","hentry"],"acf":[],"yoast_head":"<!-- This site is optimized with the Yoast SEO plugin v27.0 - https:\/\/yoast.com\/product\/yoast-seo-wordpress\/ -->\n<title>Kategorier - V\u00e4st<\/title>\n<meta name=\"robots\" content=\"index, follow, max-snippet:-1, max-image-preview:large, max-video-preview:-1\" \/>\n<link rel=\"canonical\" href=\"https:\/\/www.abf.se\/vast\/kategorier\/\" \/>\n<meta property=\"og:locale\" content=\"sv_SE\" \/>\n<meta property=\"og:type\" content=\"article\" \/>\n<meta property=\"og:title\" content=\"Kategorier - V\u00e4st\" \/>\n<meta property=\"og:url\" content=\"https:\/\/www.abf.se\/vast\/kategorier\/\" \/>\n<meta property=\"og:site_name\" content=\"V\u00e4st\" \/>\n<meta property=\"article:modified_time\" content=\"2025-12-09T18:57:29+00:00\" \/>\n<meta property=\"og:image\" content=\"https:\/\/www.abf.se\/wp-content\/uploads\/sites\/22\/2024\/04\/Nyckeln-liggande-scaled.jpg\" \/>\n\t<meta property=\"og:image:width\" content=\"2560\" \/>\n\t<meta property=\"og:image:height\" content=\"1440\" \/>\n\t<meta property=\"og:image:type\" content=\"image\/jpeg\" \/>\n<meta name=\"twitter:card\" content=\"summary_large_image\" \/>\n<script type=\"application\/ld+json\" class=\"yoast-schema-graph\">{\"@context\":\"https:\/\/schema.org\",\"@graph\":[{\"@type\":\"WebPage\",\"@id\":\"https:\/\/www.abf.se\/vast\/kategorier\/\",\"url\":\"https:\/\/www.abf.se\/vast\/kategorier\/\",\"name\":\"Kategorier - V\u00e4st\",\"isPartOf\":{\"@id\":\"https:\/\/www.abf.se\/vast\/#website\"},\"datePublished\":\"2025-11-22T13:57:12+00:00\",\"dateModified\":\"2025-12-09T18:57:29+00:00\",\"breadcrumb\":{\"@id\":\"https:\/\/www.abf.se\/vast\/kategorier\/#breadcrumb\"},\"inLanguage\":\"sv-SE\",\"potentialAction\":[{\"@type\":\"ReadAction\",\"target\":[\"https:\/\/www.abf.se\/vast\/kategorier\/\"]}]},{\"@type\":\"BreadcrumbList\",\"@id\":\"https:\/\/www.abf.se\/vast\/kategorier\/#breadcrumb\",\"itemListElement\":[{\"@type\":\"ListItem\",\"position\":1,\"name\":\"Home\",\"item\":\"https:\/\/www.abf.se\/vast\/\"},{\"@type\":\"ListItem\",\"position\":2,\"name\":\"Kategorier\"}]},{\"@type\":\"WebSite\",\"@id\":\"https:\/\/www.abf.se\/vast\/#website\",\"url\":\"https:\/\/www.abf.se\/vast\/\",\"name\":\"V\u00e4st\",\"description\":\"\",\"potentialAction\":[{\"@type\":\"SearchAction\",\"target\":{\"@type\":\"EntryPoint\",\"urlTemplate\":\"https:\/\/www.abf.se\/vast\/?s={search_term_string}\"},\"query-input\":{\"@type\":\"PropertyValueSpecification\",\"valueRequired\":true,\"valueName\":\"search_term_string\"}}],\"inLanguage\":\"sv-SE\"}]}<\/script>\n<!-- \/ Yoast SEO plugin. -->","yoast_head_json":{"title":"Kategorier - V\u00e4st","robots":{"index":"index","follow":"follow","max-snippet":"max-snippet:-1","max-image-preview":"max-image-preview:large","max-video-preview":"max-video-preview:-1"},"canonical":"https:\/\/www.abf.se\/vast\/kategorier\/","og_locale":"sv_SE","og_type":"article","og_title":"Kategorier - V\u00e4st","og_url":"https:\/\/www.abf.se\/vast\/kategorier\/","og_site_name":"V\u00e4st","article_modified_time":"2025-12-09T18:57:29+00:00","og_image":[{"width":2560,"height":1440,"url":"https:\/\/www.abf.se\/wp-content\/uploads\/sites\/22\/2024\/04\/Nyckeln-liggande-scaled.jpg","type":"image\/jpeg"}],"twitter_card":"summary_large_image","schema":{"@context":"https:\/\/schema.org","@graph":[{"@type":"WebPage","@id":"https:\/\/www.abf.se\/vast\/kategorier\/","url":"https:\/\/www.abf.se\/vast\/kategorier\/","name":"Kategorier - V\u00e4st","isPartOf":{"@id":"https:\/\/www.abf.se\/vast\/#website"},"datePublished":"2025-11-22T13:57:12+00:00","dateModified":"2025-12-09T18:57:29+00:00","breadcrumb":{"@id":"https:\/\/www.abf.se\/vast\/kategorier\/#breadcrumb"},"inLanguage":"sv-SE","potentialAction":[{"@type":"ReadAction","target":["https:\/\/www.abf.se\/vast\/kategorier\/"]}]},{"@type":"BreadcrumbList","@id":"https:\/\/www.abf.se\/vast\/kategorier\/#breadcrumb","itemListElement":[{"@type":"ListItem","position":1,"name":"Home","item":"https:\/\/www.abf.se\/vast\/"},{"@type":"ListItem","position":2,"name":"Kategorier"}]},{"@type":"WebSite","@id":"https:\/\/www.abf.se\/vast\/#website","url":"https:\/\/www.abf.se\/vast\/","name":"V\u00e4st","description":"","potentialAction":[{"@type":"SearchAction","target":{"@type":"EntryPoint","urlTemplate":"https:\/\/www.abf.se\/vast\/?s={search_term_string}"},"query-input":{"@type":"PropertyValueSpecification","valueRequired":true,"valueName":"search_term_string"}}],"inLanguage":"sv-SE"}]}},"_links":{"self":[{"href":"https:\/\/www.abf.se\/vast\/wp-json\/wp\/v2\/pages\/2358","targetHints":{"allow":["GET"]}}],"collection":[{"href":"https:\/\/www.abf.se\/vast\/wp-json\/wp\/v2\/pages"}],"about":[{"href":"https:\/\/www.abf.se\/vast\/wp-json\/wp\/v2\/types\/page"}],"author":[{"embeddable":true,"href":"https:\/\/www.abf.se\/vast\/wp-json\/wp\/v2\/users\/23"}],"replies":[{"embeddable":true,"href":"https:\/\/www.abf.se\/vast\/wp-json\/wp\/v2\/comments?post=2358"}],"version-history":[{"count":17,"href":"https:\/\/www.abf.se\/vast\/wp-json\/wp\/v2\/pages\/2358\/revisions"}],"predecessor-version":[{"id":2757,"href":"https:\/\/www.abf.se\/vast\/wp-json\/wp\/v2\/pages\/2358\/revisions\/2757"}],"wp:attachment":[{"href":"https:\/\/www.abf.se\/vast\/wp-json\/wp\/v2\/media?parent=2358"}],"curies":[{"name":"wp","href":"https:\/\/api.w.org\/{rel}","templated":true}]}}