{"id":2454,"date":"2025-11-29T16:13:11","date_gmt":"2025-11-29T15:13:11","guid":{"rendered":"https:\/\/www.abf.se\/vast\/?page_id=2454"},"modified":"2025-12-11T08:45:54","modified_gmt":"2025-12-11T07:45:54","slug":"abf-skolor","status":"publish","type":"page","link":"https:\/\/www.abf.se\/vast\/kategorier\/abf-skolor\/","title":{"rendered":"ABF-skolor"},"content":{"rendered":"<div\n    class=\"acf-hero-block container-lg no-padding mb-12 js-geolocation\"\n    data-block=\"hero-block\"\n    data-index=\"0\"\n>\n    <div class=\"h-[548px]  relative rounded-[32px] overflow-hidden flex bg-gray-light\">\n        <div class=\"relative z-10 mt-auto h-auto w-full md:h-full\">\n            <div class=\"flex w-full h-full flex-col flex-wrap justify-end w-full md:w-7\/12 lg:w-1\/2 md:justify-center\">\n                <div class=\"flex flex-col gap-3 md:gap-[18px] md:transparent pt-16 pb-36 md:py-8 px-4 w-full md:max-w-[620px] mx-auto px-8\">\n\n                    <h1 class=\"hero-heading hero-heading--red-text\"><span>ABF-skolor<\/span><\/h1>\n\n                    \n                                    <\/div>\n            <\/div>\n        <\/div>\n\n                    <picture class=\"as-background-image mix-blend-multiply bg-black\/40\"><img decoding=\"async\" src=\"https:\/\/www.abf.se\/vast\/resized\/?url=https%3A%2F%2Fwww.abf.se%2Fwp-content%2Fuploads%2Fsites%2F22%2F2025%2F12%2FGlada-seniorer_stor.jpg&#038;fit=crop&#038;w=1440&#038;s=68ec4c527fa01ae5bd2093f7fa3cb56d\" srcset=\"https:\/\/www.abf.se\/vast\/resized\/?url=https%3A%2F%2Fwww.abf.se%2Fwp-content%2Fuploads%2Fsites%2F22%2F2025%2F12%2FGlada-seniorer_stor.jpg&#038;fit=crop&#038;w=375&#038;h=540&#038;s=d221c9e15167e65b2c5aa2be04f812cd 375w, https:\/\/www.abf.se\/vast\/resized\/?url=https%3A%2F%2Fwww.abf.se%2Fwp-content%2Fuploads%2Fsites%2F22%2F2025%2F12%2FGlada-seniorer_stor.jpg&#038;fit=crop&#038;w=447&#038;h=540&#038;s=8e7df9688d74521d58c957765547ce26 447w, https:\/\/www.abf.se\/vast\/resized\/?url=https%3A%2F%2Fwww.abf.se%2Fwp-content%2Fuploads%2Fsites%2F22%2F2025%2F12%2FGlada-seniorer_stor.jpg&#038;fit=crop&#038;w=519&#038;h=540&#038;s=b36a8cc2fc878290e9b64e5645718757 519w, https:\/\/www.abf.se\/vast\/resized\/?url=https%3A%2F%2Fwww.abf.se%2Fwp-content%2Fuploads%2Fsites%2F22%2F2025%2F12%2FGlada-seniorer_stor.jpg&#038;fit=crop&#038;w=591&#038;h=540&#038;s=a82ed86876f965d5036bd3c6a9873df7 591w, https:\/\/www.abf.se\/vast\/resized\/?url=https%3A%2F%2Fwww.abf.se%2Fwp-content%2Fuploads%2Fsites%2F22%2F2025%2F12%2FGlada-seniorer_stor.jpg&#038;fit=crop&#038;w=663&#038;h=540&#038;s=2028ef0f85b9e34afa2853ba8c5ae7b1 663w, https:\/\/www.abf.se\/vast\/resized\/?url=https%3A%2F%2Fwww.abf.se%2Fwp-content%2Fuploads%2Fsites%2F22%2F2025%2F12%2FGlada-seniorer_stor.jpg&#038;fit=crop&#038;w=750&#038;h=540&#038;s=b1f064c66eda3a72a315644ac1720a03 750w, https:\/\/www.abf.se\/vast\/resized\/?url=https%3A%2F%2Fwww.abf.se%2Fwp-content%2Fuploads%2Fsites%2F22%2F2025%2F12%2FGlada-seniorer_stor.jpg&#038;fit=crop&#038;w=894&#038;h=540&#038;s=d84260e5cac79c1ea8de9ff63318688e 894w, https:\/\/www.abf.se\/vast\/resized\/?url=https%3A%2F%2Fwww.abf.se%2Fwp-content%2Fuploads%2Fsites%2F22%2F2025%2F12%2FGlada-seniorer_stor.jpg&#038;fit=crop&#038;w=1038&#038;h=540&#038;s=c7938248aaaae3a56cadf1433af1961e 1038w, https:\/\/www.abf.se\/vast\/resized\/?url=https%3A%2F%2Fwww.abf.se%2Fwp-content%2Fuploads%2Fsites%2F22%2F2025%2F12%2FGlada-seniorer_stor.jpg&#038;fit=crop&#038;w=1182&#038;h=540&#038;s=117517be717c8ef0794ec9b12130bb6c 1182w, https:\/\/www.abf.se\/vast\/resized\/?url=https%3A%2F%2Fwww.abf.se%2Fwp-content%2Fuploads%2Fsites%2F22%2F2025%2F12%2FGlada-seniorer_stor.jpg&#038;fit=crop&#038;w=1326&#038;h=540&#038;s=d588ae3c8513570d5892f3bb54ceaf74 1326w, https:\/\/www.abf.se\/vast\/resized\/?url=https%3A%2F%2Fwww.abf.se%2Fwp-content%2Fuploads%2Fsites%2F22%2F2025%2F12%2FGlada-seniorer_stor.jpg&#038;fit=crop&#038;w=1440&#038;h=540&#038;s=bad4cab4e6faf7c07d91d3a66a28d4b9 1440w\" alt=\"\" height=\"540\" width=\"1440\" sizes=\"(max-width: 1440px) calc(100vw - 32px), 1440px\" loading=\"eager\" fetchpriority=\"high\" aria-hidden=\"true\" role=\"presentation\" \/><\/picture>\n        \n\n            <\/div>\n\n    <\/div>\n\n<div\n    class=\"acf-article-text-block article-container my-12\"\n    data-block=\"article-text-block\"\n>\n    <div class=\"wysiwyg\">\n        <h3><span data-teams=\"true\">F\u00f6r dig med annat modersm\u00e5l \u2013 och f\u00f6r svensktalande som vill l\u00e4ra k\u00e4nna andra kulturer. I v\u00e5ra tre f\u00f6reningsdrivna skolor i Hj\u00e4llbo, Angered centrum och Br\u00e4cke\/Biskop \u00e4r alla v\u00e4lkomna att l\u00e4ra sig svenska, hantverk och mycket mer, utan kostnad.<\/span><\/h3>\n\n    <\/div>\n<\/div>\n<div\n    class=\"acf-article-text-block article-container my-12\"\n    data-block=\"article-text-block\"\n>\n    <div class=\"wysiwyg\">\n        <h3>Arabiska Bokstavscentret<\/h3>\n<p>I f\u00f6reningen ABC i Hj\u00e4llbo erbjuds dagligen kurser som st\u00e4rker spr\u00e5kutveckling, kultur och gemenskap. Du som har ett annat modersm\u00e5l kan ofta f\u00e5 st\u00f6d p\u00e5 ditt spr\u00e5k. Du som har svenska som modersm\u00e5l kan f\u00e5 nyckeln till nya kulturer! L\u00e5g kostnad eller gratis \u2013 alla v\u00e4lkomna.<\/p>\n\n    <\/div>\n<\/div>\n<div\n    class=\"acf-article-cta-link-block article-container my-8\"\n    data-block=\"article-cta-link-block\"\n>\n<div>\n    <a class=\"inline-flex flex-row items-center gap-4 text-link underline text-red-dark\"\n        href=\"https:\/\/www.abf.se\/vast\/alt-startsida\/abf-skolor\/arabiska-bokstavscentret\/\"\n            >\n        <span class=\"\">\n        Kurser hos ABC\n        <\/span>\n        <figure aria-hidden=\"true\" class=\"rounded-full bg-red-dark w-8 h-8 p-1 text-white\">\n            <svg width=\"20\" height=\"20\" viewBox=\"0 0 20 20\" fill=\"none\" class=\"SvgIconElement\">\n<path d=\"M4.16659 10L15.8333 10\" stroke=\"currentColor\"\/>\n<path d=\"M9.99992 4.1665L15.8333 9.99984L9.99992 15.8332\" stroke=\"currentColor\"\/>\n<\/svg>\n        <\/figure>\n    <\/a>\n<\/div>\n<\/div>\n<div\n    class=\"acf-article-text-block article-container my-12\"\n    data-block=\"article-text-block\"\n>\n    <div class=\"wysiwyg\">\n        <h3>Utbildningscentret Iran<\/h3>\n<p>F\u00f6reningen UCI i Angereds centrum \u00e4r en kultur- och bildningsf\u00f6rening som fr\u00e5n b\u00f6rjan hade fokus p\u00e5 iranska barn och ungdomar. Idag deltar personer med olika bakgrund och alla \u00e5ldrar i kurserna. F\u00f6reningen vill motverka segregation, framf\u00f6r allt genom kurser i spr\u00e5k, musik och konst.<\/p>\n\n    <\/div>\n<\/div>\n<div\n    class=\"acf-article-cta-link-block article-container my-8\"\n    data-block=\"article-cta-link-block\"\n>\n<div>\n    <a class=\"inline-flex flex-row items-center gap-4 text-link underline text-red-dark\"\n        href=\"https:\/\/www.abf.se\/vast\/alt-startsida\/abf-skolor\/utbildningscentret-iran\/\"\n            >\n        <span class=\"\">\n        Kurser hos UCI\n        <\/span>\n        <figure aria-hidden=\"true\" class=\"rounded-full bg-red-dark w-8 h-8 p-1 text-white\">\n            <svg width=\"20\" height=\"20\" viewBox=\"0 0 20 20\" fill=\"none\" class=\"SvgIconElement\">\n<path d=\"M4.16659 10L15.8333 10\" stroke=\"currentColor\"\/>\n<path d=\"M9.99992 4.1665L15.8333 9.99984L9.99992 15.8332\" stroke=\"currentColor\"\/>\n<\/svg>\n        <\/figure>\n    <\/a>\n<\/div>\n<\/div>\n<div\n    class=\"acf-article-text-block article-container my-12\"\n    data-block=\"article-text-block\"\n>\n    <div class=\"wysiwyg\">\n        <h3>Integrationsn\u00e4tverk G\u00f6teborg<\/h3>\n<p>I f\u00f6reningen Integrationsn\u00e4tverk i Br\u00e4cke\/Biskopsg\u00e5rden h\u00e5lls gratis lektioner i svenska och hantverk varje dag! M\u00e5let \u00e4r integration och gemenskap. Atmosf\u00e4ren \u00e4r varm och v\u00e4lkomnande. Du som har svenska som modersm\u00e5l \u00e4r ocks\u00e5 varmt v\u00e4lkommen, som deltagare eller volont\u00e4r.<\/p>\n\n    <\/div>\n<\/div>\n<div\n    class=\"acf-article-cta-link-block article-container my-8\"\n    data-block=\"article-cta-link-block\"\n>\n<div>\n    <a class=\"inline-flex flex-row items-center gap-4 text-link underline text-red-dark\"\n        href=\"https:\/\/www.abf.se\/vast\/alt-startsida\/abf-skolor\/integrationsnatverk-goteborg\/\"\n            >\n        <span class=\"\">\n        Kurser hos Integrationsn\u00e4tverk\n        <\/span>\n        <figure aria-hidden=\"true\" class=\"rounded-full bg-red-dark w-8 h-8 p-1 text-white\">\n            <svg width=\"20\" height=\"20\" viewBox=\"0 0 20 20\" fill=\"none\" class=\"SvgIconElement\">\n<path d=\"M4.16659 10L15.8333 10\" stroke=\"currentColor\"\/>\n<path d=\"M9.99992 4.1665L15.8333 9.99984L9.99992 15.8332\" stroke=\"currentColor\"\/>\n<\/svg>\n        <\/figure>\n    <\/a>\n<\/div>\n<\/div>\n","protected":false},"excerpt":{"rendered":"","protected":false},"author":23,"featured_media":0,"parent":2358,"menu_order":0,"comment_status":"closed","ping_status":"closed","template":"","meta":{"_acf_changed":false,"footnotes":""},"class_list":["post-2454","page","type-page","status-publish","hentry"],"acf":[],"yoast_head":"<!-- This site is optimized with the Yoast SEO plugin v27.0 - https:\/\/yoast.com\/product\/yoast-seo-wordpress\/ -->\n<title>ABF-skolor - V\u00e4st<\/title>\n<meta name=\"robots\" content=\"index, follow, max-snippet:-1, max-image-preview:large, max-video-preview:-1\" \/>\n<link rel=\"canonical\" href=\"https:\/\/www.abf.se\/vast\/kategorier\/abf-skolor\/\" \/>\n<meta property=\"og:locale\" content=\"sv_SE\" \/>\n<meta property=\"og:type\" content=\"article\" \/>\n<meta property=\"og:title\" content=\"ABF-skolor - V\u00e4st\" \/>\n<meta property=\"og:url\" content=\"https:\/\/www.abf.se\/vast\/kategorier\/abf-skolor\/\" \/>\n<meta property=\"og:site_name\" content=\"V\u00e4st\" \/>\n<meta property=\"article:modified_time\" content=\"2025-12-11T07:45:54+00:00\" \/>\n<meta property=\"og:image\" content=\"https:\/\/www.abf.se\/wp-content\/uploads\/sites\/22\/2024\/04\/Nyckeln-liggande-scaled.jpg\" \/>\n\t<meta property=\"og:image:width\" content=\"2560\" \/>\n\t<meta property=\"og:image:height\" content=\"1440\" \/>\n\t<meta property=\"og:image:type\" content=\"image\/jpeg\" \/>\n<meta name=\"twitter:card\" content=\"summary_large_image\" \/>\n<script type=\"application\/ld+json\" class=\"yoast-schema-graph\">{\"@context\":\"https:\/\/schema.org\",\"@graph\":[{\"@type\":\"WebPage\",\"@id\":\"https:\/\/www.abf.se\/vast\/kategorier\/abf-skolor\/\",\"url\":\"https:\/\/www.abf.se\/vast\/kategorier\/abf-skolor\/\",\"name\":\"ABF-skolor - V\u00e4st\",\"isPartOf\":{\"@id\":\"https:\/\/www.abf.se\/vast\/#website\"},\"datePublished\":\"2025-11-29T15:13:11+00:00\",\"dateModified\":\"2025-12-11T07:45:54+00:00\",\"breadcrumb\":{\"@id\":\"https:\/\/www.abf.se\/vast\/kategorier\/abf-skolor\/#breadcrumb\"},\"inLanguage\":\"sv-SE\",\"potentialAction\":[{\"@type\":\"ReadAction\",\"target\":[\"https:\/\/www.abf.se\/vast\/kategorier\/abf-skolor\/\"]}]},{\"@type\":\"BreadcrumbList\",\"@id\":\"https:\/\/www.abf.se\/vast\/kategorier\/abf-skolor\/#breadcrumb\",\"itemListElement\":[{\"@type\":\"ListItem\",\"position\":1,\"name\":\"Home\",\"item\":\"https:\/\/www.abf.se\/vast\/\"},{\"@type\":\"ListItem\",\"position\":2,\"name\":\"Kategorier\",\"item\":\"https:\/\/www.abf.se\/vast\/kategorier\/\"},{\"@type\":\"ListItem\",\"position\":3,\"name\":\"ABF-skolor\"}]},{\"@type\":\"WebSite\",\"@id\":\"https:\/\/www.abf.se\/vast\/#website\",\"url\":\"https:\/\/www.abf.se\/vast\/\",\"name\":\"V\u00e4st\",\"description\":\"\",\"potentialAction\":[{\"@type\":\"SearchAction\",\"target\":{\"@type\":\"EntryPoint\",\"urlTemplate\":\"https:\/\/www.abf.se\/vast\/?s={search_term_string}\"},\"query-input\":{\"@type\":\"PropertyValueSpecification\",\"valueRequired\":true,\"valueName\":\"search_term_string\"}}],\"inLanguage\":\"sv-SE\"}]}<\/script>\n<!-- \/ Yoast SEO plugin. -->","yoast_head_json":{"title":"ABF-skolor - V\u00e4st","robots":{"index":"index","follow":"follow","max-snippet":"max-snippet:-1","max-image-preview":"max-image-preview:large","max-video-preview":"max-video-preview:-1"},"canonical":"https:\/\/www.abf.se\/vast\/kategorier\/abf-skolor\/","og_locale":"sv_SE","og_type":"article","og_title":"ABF-skolor - V\u00e4st","og_url":"https:\/\/www.abf.se\/vast\/kategorier\/abf-skolor\/","og_site_name":"V\u00e4st","article_modified_time":"2025-12-11T07:45:54+00:00","og_image":[{"width":2560,"height":1440,"url":"https:\/\/www.abf.se\/wp-content\/uploads\/sites\/22\/2024\/04\/Nyckeln-liggande-scaled.jpg","type":"image\/jpeg"}],"twitter_card":"summary_large_image","schema":{"@context":"https:\/\/schema.org","@graph":[{"@type":"WebPage","@id":"https:\/\/www.abf.se\/vast\/kategorier\/abf-skolor\/","url":"https:\/\/www.abf.se\/vast\/kategorier\/abf-skolor\/","name":"ABF-skolor - V\u00e4st","isPartOf":{"@id":"https:\/\/www.abf.se\/vast\/#website"},"datePublished":"2025-11-29T15:13:11+00:00","dateModified":"2025-12-11T07:45:54+00:00","breadcrumb":{"@id":"https:\/\/www.abf.se\/vast\/kategorier\/abf-skolor\/#breadcrumb"},"inLanguage":"sv-SE","potentialAction":[{"@type":"ReadAction","target":["https:\/\/www.abf.se\/vast\/kategorier\/abf-skolor\/"]}]},{"@type":"BreadcrumbList","@id":"https:\/\/www.abf.se\/vast\/kategorier\/abf-skolor\/#breadcrumb","itemListElement":[{"@type":"ListItem","position":1,"name":"Home","item":"https:\/\/www.abf.se\/vast\/"},{"@type":"ListItem","position":2,"name":"Kategorier","item":"https:\/\/www.abf.se\/vast\/kategorier\/"},{"@type":"ListItem","position":3,"name":"ABF-skolor"}]},{"@type":"WebSite","@id":"https:\/\/www.abf.se\/vast\/#website","url":"https:\/\/www.abf.se\/vast\/","name":"V\u00e4st","description":"","potentialAction":[{"@type":"SearchAction","target":{"@type":"EntryPoint","urlTemplate":"https:\/\/www.abf.se\/vast\/?s={search_term_string}"},"query-input":{"@type":"PropertyValueSpecification","valueRequired":true,"valueName":"search_term_string"}}],"inLanguage":"sv-SE"}]}},"_links":{"self":[{"href":"https:\/\/www.abf.se\/vast\/wp-json\/wp\/v2\/pages\/2454","targetHints":{"allow":["GET"]}}],"collection":[{"href":"https:\/\/www.abf.se\/vast\/wp-json\/wp\/v2\/pages"}],"about":[{"href":"https:\/\/www.abf.se\/vast\/wp-json\/wp\/v2\/types\/page"}],"author":[{"embeddable":true,"href":"https:\/\/www.abf.se\/vast\/wp-json\/wp\/v2\/users\/23"}],"replies":[{"embeddable":true,"href":"https:\/\/www.abf.se\/vast\/wp-json\/wp\/v2\/comments?post=2454"}],"version-history":[{"count":6,"href":"https:\/\/www.abf.se\/vast\/wp-json\/wp\/v2\/pages\/2454\/revisions"}],"predecessor-version":[{"id":2765,"href":"https:\/\/www.abf.se\/vast\/wp-json\/wp\/v2\/pages\/2454\/revisions\/2765"}],"up":[{"embeddable":true,"href":"https:\/\/www.abf.se\/vast\/wp-json\/wp\/v2\/pages\/2358"}],"wp:attachment":[{"href":"https:\/\/www.abf.se\/vast\/wp-json\/wp\/v2\/media?parent=2454"}],"curies":[{"name":"wp","href":"https:\/\/api.w.org\/{rel}","templated":true}]}}