{"id":2477,"date":"2025-12-09T10:31:23","date_gmt":"2025-12-09T09:31:23","guid":{"rendered":"https:\/\/www.abf.se\/vast\/?page_id=2477"},"modified":"2025-12-09T10:31:23","modified_gmt":"2025-12-09T09:31:23","slug":"lerum","status":"publish","type":"page","link":"https:\/\/www.abf.se\/vast\/kategorier\/kurser-i-din-kommun\/lerum\/","title":{"rendered":"Lerum"},"content":{"rendered":"<div\n    class=\"acf-hero-block container-lg no-padding mb-12 js-geolocation\"\n    data-block=\"hero-block\"\n    data-index=\"0\"\n>\n    <div class=\"h-[548px]  relative rounded-[32px] overflow-hidden flex bg-gray-light\">\n        <div class=\"relative z-10 mt-auto h-auto w-full md:h-full\">\n            <div class=\"flex w-full h-full flex-col flex-wrap justify-end w-full md:w-7\/12 lg:w-1\/2 md:justify-center\">\n                <div class=\"flex flex-col gap-3 md:gap-[18px] md:transparent pt-16 pb-36 md:py-8 px-4 w-full md:max-w-[620px] mx-auto px-8\">\n\n                    <h1 class=\"hero-heading hero-heading--red-text\"><span>Kurser i <br \/>\r\nLerums kommun<\/span><\/h1>\n\n                    \n                                    <\/div>\n            <\/div>\n        <\/div>\n\n                    <picture class=\"as-background-image mix-blend-multiply bg-black\/40\"><img decoding=\"async\" src=\"https:\/\/www.abf.se\/vast\/resized\/?url=https%3A%2F%2Fwww.abf.se%2Fwp-content%2Fuploads%2Fsites%2F22%2F2025%2F12%2FGlada-seniorer_stor.jpg&#038;fit=crop&#038;w=1440&#038;s=68ec4c527fa01ae5bd2093f7fa3cb56d\" srcset=\"https:\/\/www.abf.se\/vast\/resized\/?url=https%3A%2F%2Fwww.abf.se%2Fwp-content%2Fuploads%2Fsites%2F22%2F2025%2F12%2FGlada-seniorer_stor.jpg&#038;fit=crop&#038;w=375&#038;h=540&#038;s=d221c9e15167e65b2c5aa2be04f812cd 375w, https:\/\/www.abf.se\/vast\/resized\/?url=https%3A%2F%2Fwww.abf.se%2Fwp-content%2Fuploads%2Fsites%2F22%2F2025%2F12%2FGlada-seniorer_stor.jpg&#038;fit=crop&#038;w=447&#038;h=540&#038;s=8e7df9688d74521d58c957765547ce26 447w, https:\/\/www.abf.se\/vast\/resized\/?url=https%3A%2F%2Fwww.abf.se%2Fwp-content%2Fuploads%2Fsites%2F22%2F2025%2F12%2FGlada-seniorer_stor.jpg&#038;fit=crop&#038;w=519&#038;h=540&#038;s=b36a8cc2fc878290e9b64e5645718757 519w, https:\/\/www.abf.se\/vast\/resized\/?url=https%3A%2F%2Fwww.abf.se%2Fwp-content%2Fuploads%2Fsites%2F22%2F2025%2F12%2FGlada-seniorer_stor.jpg&#038;fit=crop&#038;w=591&#038;h=540&#038;s=a82ed86876f965d5036bd3c6a9873df7 591w, https:\/\/www.abf.se\/vast\/resized\/?url=https%3A%2F%2Fwww.abf.se%2Fwp-content%2Fuploads%2Fsites%2F22%2F2025%2F12%2FGlada-seniorer_stor.jpg&#038;fit=crop&#038;w=663&#038;h=540&#038;s=2028ef0f85b9e34afa2853ba8c5ae7b1 663w, https:\/\/www.abf.se\/vast\/resized\/?url=https%3A%2F%2Fwww.abf.se%2Fwp-content%2Fuploads%2Fsites%2F22%2F2025%2F12%2FGlada-seniorer_stor.jpg&#038;fit=crop&#038;w=750&#038;h=540&#038;s=b1f064c66eda3a72a315644ac1720a03 750w, https:\/\/www.abf.se\/vast\/resized\/?url=https%3A%2F%2Fwww.abf.se%2Fwp-content%2Fuploads%2Fsites%2F22%2F2025%2F12%2FGlada-seniorer_stor.jpg&#038;fit=crop&#038;w=894&#038;h=540&#038;s=d84260e5cac79c1ea8de9ff63318688e 894w, https:\/\/www.abf.se\/vast\/resized\/?url=https%3A%2F%2Fwww.abf.se%2Fwp-content%2Fuploads%2Fsites%2F22%2F2025%2F12%2FGlada-seniorer_stor.jpg&#038;fit=crop&#038;w=1038&#038;h=540&#038;s=c7938248aaaae3a56cadf1433af1961e 1038w, https:\/\/www.abf.se\/vast\/resized\/?url=https%3A%2F%2Fwww.abf.se%2Fwp-content%2Fuploads%2Fsites%2F22%2F2025%2F12%2FGlada-seniorer_stor.jpg&#038;fit=crop&#038;w=1182&#038;h=540&#038;s=117517be717c8ef0794ec9b12130bb6c 1182w, https:\/\/www.abf.se\/vast\/resized\/?url=https%3A%2F%2Fwww.abf.se%2Fwp-content%2Fuploads%2Fsites%2F22%2F2025%2F12%2FGlada-seniorer_stor.jpg&#038;fit=crop&#038;w=1326&#038;h=540&#038;s=d588ae3c8513570d5892f3bb54ceaf74 1326w, https:\/\/www.abf.se\/vast\/resized\/?url=https%3A%2F%2Fwww.abf.se%2Fwp-content%2Fuploads%2Fsites%2F22%2F2025%2F12%2FGlada-seniorer_stor.jpg&#038;fit=crop&#038;w=1440&#038;h=540&#038;s=bad4cab4e6faf7c07d91d3a66a28d4b9 1440w\" alt=\"\" height=\"540\" width=\"1440\" sizes=\"(max-width: 1440px) calc(100vw - 32px), 1440px\" loading=\"eager\" fetchpriority=\"high\" aria-hidden=\"true\" role=\"presentation\" \/><\/picture>\n        \n\n            <\/div>\n\n    <\/div>\n\n<form id=\"CourseSearch\" action=\"https:\/\/www.abf.se\/vast\/kurs-sok\/\" hx-boost=\"true\" hx-target=\"#search-results\" hx-replace-url=\"false\" hx-headers='{\"HX-Action\": \"render_search\"}'>\n    \n            <div class=\"container mb-8\">\n            <div id=\"search-results\">\n                <div class=\"mb-6\">\n    \n    <div class=\"flex flex-col gap-4 md:gap-0 md:flex-row\">\n        <div class=\"inline-flex justify-between md:justify-start items-start gap-2\">\n            <input type=\"hidden\" id=\"type\" name=\"type\" value=\"course\">\n            <a href=\"\/vast\/wp-json\/wp\/v2\/pages\/2477?type=course&#038;partner%5B0%5D=91347&#038;city%5B0%5D=156\" class=\"py-3 px-[26px] rounded-3xl border border-red-dark font-medium text-white bg-red-dark\" href=\"\">Kurser (0)<\/a>\n            <a href=\"\/vast\/wp-json\/wp\/v2\/pages\/2477?type=event&#038;partner%5B0%5D=91347&#038;city%5B0%5D=156\" class=\"py-3 px-[26px] rounded-3xl border border-red-dark font-medium text-red-dark bg-white\" href=\"\">Evenemang (0)<\/a>\n        <\/div>\n        <div class=\"inline-flex items-center align-center justify-end self-center ml-auto gap-7\">\n            <input type=\"hidden\" name=\"lat\" value=\"\" disabled>\n            <input type=\"hidden\" name=\"lon\" value=\"\" disabled>\n            <div>\n                <select name=\"sort\" class=\"InputField-minimal-select\" data-sort-dropdown aria-label=\"V\u00e4lj sortering f\u00f6r resultaten\">\n                    <option value=\"\"  selected  disabled>Sortera efter<\/option>\n                                            <option value=\"date\" >Startdatum<\/option>\n                                            <option value=\"date_desc\" >Senast startdatum<\/option>\n                                            <option value=\"relevance\" >Relevans<\/option>\n                                            <option value=\"name\" >Alfabetisk ordning<\/option>\n                                            <option value=\"price\" >Pris l\u00e5gt &#8211; h\u00f6gt<\/option>\n                                            <option value=\"price_desc\" >Pris h\u00f6gt &#8211; l\u00e5gt<\/option>\n                                            <option value=\"geo\" >N\u00e4ra mig<\/option>\n                                    <\/select>\n            <\/div>\n\n                        <div class=\"hidden md:flex flex-row items-center gap-2\">\n                <a href=\"\/vast\/wp-json\/wp\/v2\/pages\/2477?type=course&amp;partner%5B0%5D=91347&amp;city%5B0%5D=156&amp;display=grid\" class=\"[&#038;_svg]:fill-red-dark\">\n                    <span class=\"sr-only\">\n                        Visa resultaten i ett rutn\u00e4t\n                    <\/span>\n                    <svg width=\"18\" height=\"18\" viewBox=\"0 0 18 18\" fill=\"none\" xmlns=\"http:\/\/www.w3.org\/2000\/svg\">\n<rect x=\"11\" width=\"7\" height=\"7\" rx=\"2\" fill=\"\"\/>\n<rect width=\"7\" height=\"7\" rx=\"2\" fill=\"\"\/>\n<rect x=\"11\" y=\"11\" width=\"7\" height=\"7\" rx=\"2\" fill=\"\"\/>\n<rect y=\"11\" width=\"7\" height=\"7\" rx=\"2\" fill=\"\"\/>\n<\/svg>\n<\/a>\n                <a href=\"\/vast\/wp-json\/wp\/v2\/pages\/2477?type=course&amp;partner%5B0%5D=91347&amp;city%5B0%5D=156&amp;display=list\" class=\"[&#038;_svg]:stroke-gray\">\n                    <span class=\"sr-only\">\n                        Visa resultaten som en lista\n                    <\/span>\n                    <svg width=\"32\" height=\"32\" viewBox=\"0 0 32 32\" fill=\"none\" xmlns=\"http:\/\/www.w3.org\/2000\/svg\">\n<path d=\"M12 8.5H27\" stroke-width=\"3\" stroke-linecap=\"round\" stroke-linejoin=\"round\"\/>\n<path d=\"M12 16H26.9992\" stroke-width=\"3\" stroke-linecap=\"round\" stroke-linejoin=\"round\"\/>\n<path d=\"M12 23.5H26.9992\" stroke-width=\"3\" stroke-linecap=\"round\" stroke-linejoin=\"round\"\/>\n<path d=\"M5 8.5H7\" stroke-width=\"3\" stroke-linecap=\"round\" stroke-linejoin=\"round\"\/>\n<path d=\"M5 16H6.99923\" stroke-width=\"3\" stroke-linecap=\"round\" stroke-linejoin=\"round\"\/>\n<path d=\"M5 23.5H6.99923\" stroke-width=\"3\" stroke-linecap=\"round\" stroke-linejoin=\"round\"\/>\n<\/svg>\n<\/a>\n            <\/div>\n        <\/div>\n    <\/div>\n<\/div>\n<div>\n    <div hx-boost=\"false\">\n        <div class=\"grid grid-cols-1 gap-x-4 gap-y-8 sm:grid-cols-2 md:grid-cols-3 mb-8\">\n    <\/div>\n    <\/div>\n\n    <\/div>\n            <\/div>\n        <\/div>\n    <\/form><div\n    class=\"acf-article-text-block article-container my-12\"\n    data-block=\"article-text-block\"\n>\n    <div class=\"wysiwyg\">\n        <p>Om det inte listas n\u00e5gra kurser ovan beror det p\u00e5 att vi \u00e4nnu ej har publicerat n\u00e5gra kommande kurser. Ring eller mejla oss f\u00f6r att f\u00e5 reda p\u00e5 n\u00e4r n\u00e4sta kurs \u00e4r planerad!<\/p>\n<p>Tel: 0303-161 55<br \/>\nMejl: <a href=\"mailto:info.vast@abf.se\">info.vast@abf.se<\/a><\/p>\n\n    <\/div>\n<\/div>\n<ul\n    class=\"acf-article-accordion-block accordion-group grid gap-4 my-12 article-container\"\n    data-block=\"article-accordion-block \"\n    data-ui-accordion-group\n>\n\n            <li class=\"accordion\" data-ui-accordion data-ui-accordion-open=\"false\">\n        <h3>\n        <button data-ui-accordion-button class=\"accordion-toggle font-bold\" aria-expanded=\"false\" aria-controls=\"row-verksamhetsutvecklarelerum-0\" id=\"verksamhetsutvecklarelerum-0\">\n            Verksamhetsutvecklare Lerum\n            \n            <figure class=\"w-4.5 h-4.5\" aria-hidden=\"true\">\n            <svg width=\"20\" height=\"20\" viewBox=\"0 0 20 20\" fill=\"none\"\nclass=\"SvgIconElement\">\n<path d=\"M15.8333 7.16667L9.99992 13L4.16659 7.16667\" stroke=\"currentColor\"\/>\n<\/svg>\n            <\/figure>\n        <\/button>\n        \n                <\/h3>\n        <div class=\"accordion-content\">\n            <div id=\"row-verksamhetsutvecklarelerum-0\" role=\"region\" class=\"accordion-content-wrap\" aria-labelledby=\"verksamhetsutvecklarelerum-0\">\n                                                <div class=\"grid md:grid-cols-3 gap-y-10 mt-10\">\n                        \n                                                        <div class=\"contact flex flex-col gap-3\">\n                                <div class=\"md:max-w-[160px]\">\n                                    <picture><source media=\"(max-width:767px)\" srcset=\"https:\/\/www.abf.se\/vast\/resized\/?url=https%3A%2F%2Fwww.abf.se%2Fwp-content%2Fuploads%2Fsites%2F22%2F2025%2F06%2F9.jpg&#038;fit=crop&#038;w=800&#038;h=800&#038;s=8787d528e0732b990c80e2809238c801 1x, https:\/\/www.abf.se\/vast\/resized\/?url=https%3A%2F%2Fwww.abf.se%2Fwp-content%2Fuploads%2Fsites%2F22%2F2025%2F06%2F9.jpg&#038;fit=crop&#038;w=1600&#038;h=1600&#038;s=b9feeba16c8191dcfeb973adce48e4e6 2x\"><img decoding=\"async\" src=\"https:\/\/www.abf.se\/vast\/resized\/?url=https%3A%2F%2Fwww.abf.se%2Fwp-content%2Fuploads%2Fsites%2F22%2F2025%2F06%2F9.jpg&#038;fit=crop&#038;w=160&#038;s=97e98510a33e9a37ad227808ed3246f7\" srcset=\"https:\/\/www.abf.se\/vast\/resized\/?url=https%3A%2F%2Fwww.abf.se%2Fwp-content%2Fuploads%2Fsites%2F22%2F2025%2F06%2F9.jpg&#038;fit=crop&#038;w=320&#038;h=440&#038;s=60691248ea4d50d4d21fd61534199ec5 1x, https:\/\/www.abf.se\/vast\/resized\/?url=https%3A%2F%2Fwww.abf.se%2Fwp-content%2Fuploads%2Fsites%2F22%2F2025%2F06%2F9.jpg&#038;fit=crop&#038;w=320&#038;h=440&#038;s=60691248ea4d50d4d21fd61534199ec5 2x\" alt=\"\" \/><\/picture>\n                                <\/div>\n                                <div class=\"\">\n                                    <h4 class=\"heading-lg\">Annika Brekh<\/h4>\n                                    <p class=\"body-md\">Verksamhetsutvecklare<\/p>\n                                                                    <\/div>\n                                                                <div class=\"flex gap flex-col label-md gap-1\">\n                                                                        <div class=\"flex gap-3\">\n                                        <svg width=\"20\" height=\"20\" viewBox=\"0 0 20 20\" fill=\"none\" xmlns=\"http:\/\/www.w3.org\/2000\/svg\">\n<path d=\"M16.625 17.5C14.8333 17.5 13.0868 17.1007 11.3854 16.3021C9.68403 15.5035 8.17708 14.4479 6.86458 13.1354C5.55208 11.8229 4.49653 10.316 3.69792 8.61458C2.89931 6.91319 2.5 5.16667 2.5 3.375C2.5 3.125 2.58333 2.91667 2.75 2.75C2.91667 2.58333 3.125 2.5 3.375 2.5H6.75C6.94444 2.5 7.11806 2.5625 7.27083 2.6875C7.42361 2.8125 7.51389 2.97222 7.54167 3.16667L8.08333 6.08333C8.11111 6.27778 8.10764 6.45486 8.07292 6.61458C8.03819 6.77431 7.95833 6.91667 7.83333 7.04167L5.8125 9.08333C6.39583 10.0833 7.12847 11.0208 8.01042 11.8958C8.89236 12.7708 9.86111 13.5278 10.9167 14.1667L12.875 12.2083C13 12.0833 13.1632 11.9896 13.3646 11.9271C13.566 11.8646 13.7639 11.8472 13.9583 11.875L16.8333 12.4583C17.0278 12.5 17.1875 12.5938 17.3125 12.7396C17.4375 12.8854 17.5 13.0556 17.5 13.25V16.625C17.5 16.875 17.4167 17.0833 17.25 17.25C17.0833 17.4167 16.875 17.5 16.625 17.5ZM5.02083 7.5L6.39583 6.125L6.04167 4.16667H4.1875C4.25694 4.73611 4.35417 5.29861 4.47917 5.85417C4.60417 6.40972 4.78472 6.95833 5.02083 7.5ZM15.8333 15.7917V13.9583L13.875 13.5625L12.4792 14.9583C13.0208 15.1944 13.5729 15.3819 14.1354 15.5208C14.6979 15.6597 15.2639 15.75 15.8333 15.7917Z\" fill=\"black\"\/>\n<\/svg>\n                                        <p>\n                                                                                                                               <a href=\"callto:073-505-74 70\">073-505-74 70<\/a>\n                                                                                                                                     <\/p>\n                                    <\/div>\n                                                                                                            <div class=\"flex gap-3\">\n                                        <svg width=\"20\" height=\"20\" viewBox=\"0 0 20 20\" fill=\"none\" xmlns=\"http:\/\/www.w3.org\/2000\/svg\">\n<path d=\"M3.33366 16.6666C2.87533 16.6666 2.48296 16.5035 2.15658 16.1771C1.83019 15.8507 1.66699 15.4583 1.66699 15V4.99998C1.66699 4.54165 1.83019 4.14929 2.15658 3.8229C2.48296 3.49651 2.87533 3.33331 3.33366 3.33331H16.667C17.1253 3.33331 17.5177 3.49651 17.8441 3.8229C18.1705 4.14929 18.3337 4.54165 18.3337 4.99998V15C18.3337 15.4583 18.1705 15.8507 17.8441 16.1771C17.5177 16.5035 17.1253 16.6666 16.667 16.6666H3.33366ZM16.667 6.66665L10.4378 10.5625C10.3684 10.6041 10.2955 10.6354 10.2191 10.6562C10.1427 10.6771 10.0698 10.6875 10.0003 10.6875C9.93088 10.6875 9.85797 10.6771 9.78158 10.6562C9.70519 10.6354 9.63227 10.6041 9.56283 10.5625L3.33366 6.66665V15H16.667V6.66665ZM10.0003 9.16665L16.667 4.99998H3.33366L10.0003 9.16665ZM3.33366 6.87498V5.64581V5.66665V5.65623V6.87498Z\" fill=\"black\"\/>\n<\/svg>\n                                        <p><a href=\"mailto:annika.brekh@abf.se\">annika.brekh@abf.se<\/a><\/p>\n                                    <\/div>\n                                                                    <\/div>\n                                                            <\/div>\n                                            <\/div>\n                                        <\/div>\n        <\/div>\n    <\/li>\n    <\/ul>\n","protected":false},"excerpt":{"rendered":"","protected":false},"author":23,"featured_media":0,"parent":2444,"menu_order":0,"comment_status":"closed","ping_status":"closed","template":"","meta":{"_acf_changed":false,"footnotes":""},"class_list":["post-2477","page","type-page","status-publish","hentry"],"acf":[],"yoast_head":"<!-- This site is optimized with the Yoast SEO plugin v27.0 - https:\/\/yoast.com\/product\/yoast-seo-wordpress\/ -->\n<title>Lerum - V\u00e4st<\/title>\n<meta name=\"robots\" content=\"index, follow, max-snippet:-1, max-image-preview:large, max-video-preview:-1\" \/>\n<link rel=\"canonical\" href=\"https:\/\/www.abf.se\/vast\/kategorier\/kurser-i-din-kommun\/lerum\/\" \/>\n<meta property=\"og:locale\" content=\"sv_SE\" \/>\n<meta property=\"og:type\" content=\"article\" \/>\n<meta property=\"og:title\" content=\"Lerum - V\u00e4st\" \/>\n<meta property=\"og:url\" content=\"https:\/\/www.abf.se\/vast\/kategorier\/kurser-i-din-kommun\/lerum\/\" \/>\n<meta property=\"og:site_name\" content=\"V\u00e4st\" \/>\n<meta property=\"og:image\" content=\"https:\/\/www.abf.se\/wp-content\/uploads\/sites\/22\/2024\/04\/Nyckeln-liggande-scaled.jpg\" \/>\n\t<meta property=\"og:image:width\" content=\"2560\" \/>\n\t<meta property=\"og:image:height\" content=\"1440\" \/>\n\t<meta property=\"og:image:type\" content=\"image\/jpeg\" \/>\n<meta name=\"twitter:card\" content=\"summary_large_image\" \/>\n<script type=\"application\/ld+json\" class=\"yoast-schema-graph\">{\"@context\":\"https:\/\/schema.org\",\"@graph\":[{\"@type\":\"WebPage\",\"@id\":\"https:\/\/www.abf.se\/vast\/kategorier\/kurser-i-din-kommun\/lerum\/\",\"url\":\"https:\/\/www.abf.se\/vast\/kategorier\/kurser-i-din-kommun\/lerum\/\",\"name\":\"Lerum - V\u00e4st\",\"isPartOf\":{\"@id\":\"https:\/\/www.abf.se\/vast\/#website\"},\"datePublished\":\"2025-12-09T09:31:23+00:00\",\"breadcrumb\":{\"@id\":\"https:\/\/www.abf.se\/vast\/kategorier\/kurser-i-din-kommun\/lerum\/#breadcrumb\"},\"inLanguage\":\"sv-SE\",\"potentialAction\":[{\"@type\":\"ReadAction\",\"target\":[\"https:\/\/www.abf.se\/vast\/kategorier\/kurser-i-din-kommun\/lerum\/\"]}]},{\"@type\":\"BreadcrumbList\",\"@id\":\"https:\/\/www.abf.se\/vast\/kategorier\/kurser-i-din-kommun\/lerum\/#breadcrumb\",\"itemListElement\":[{\"@type\":\"ListItem\",\"position\":1,\"name\":\"Home\",\"item\":\"https:\/\/www.abf.se\/vast\/\"},{\"@type\":\"ListItem\",\"position\":2,\"name\":\"Kategorier\",\"item\":\"https:\/\/www.abf.se\/vast\/kategorier\/\"},{\"@type\":\"ListItem\",\"position\":3,\"name\":\"Kurser i din kommun\",\"item\":\"https:\/\/www.abf.se\/vast\/kategorier\/kurser-i-din-kommun\/\"},{\"@type\":\"ListItem\",\"position\":4,\"name\":\"Lerum\"}]},{\"@type\":\"WebSite\",\"@id\":\"https:\/\/www.abf.se\/vast\/#website\",\"url\":\"https:\/\/www.abf.se\/vast\/\",\"name\":\"V\u00e4st\",\"description\":\"\",\"potentialAction\":[{\"@type\":\"SearchAction\",\"target\":{\"@type\":\"EntryPoint\",\"urlTemplate\":\"https:\/\/www.abf.se\/vast\/?s={search_term_string}\"},\"query-input\":{\"@type\":\"PropertyValueSpecification\",\"valueRequired\":true,\"valueName\":\"search_term_string\"}}],\"inLanguage\":\"sv-SE\"}]}<\/script>\n<!-- \/ Yoast SEO plugin. -->","yoast_head_json":{"title":"Lerum - V\u00e4st","robots":{"index":"index","follow":"follow","max-snippet":"max-snippet:-1","max-image-preview":"max-image-preview:large","max-video-preview":"max-video-preview:-1"},"canonical":"https:\/\/www.abf.se\/vast\/kategorier\/kurser-i-din-kommun\/lerum\/","og_locale":"sv_SE","og_type":"article","og_title":"Lerum - V\u00e4st","og_url":"https:\/\/www.abf.se\/vast\/kategorier\/kurser-i-din-kommun\/lerum\/","og_site_name":"V\u00e4st","og_image":[{"width":2560,"height":1440,"url":"https:\/\/www.abf.se\/wp-content\/uploads\/sites\/22\/2024\/04\/Nyckeln-liggande-scaled.jpg","type":"image\/jpeg"}],"twitter_card":"summary_large_image","schema":{"@context":"https:\/\/schema.org","@graph":[{"@type":"WebPage","@id":"https:\/\/www.abf.se\/vast\/kategorier\/kurser-i-din-kommun\/lerum\/","url":"https:\/\/www.abf.se\/vast\/kategorier\/kurser-i-din-kommun\/lerum\/","name":"Lerum - V\u00e4st","isPartOf":{"@id":"https:\/\/www.abf.se\/vast\/#website"},"datePublished":"2025-12-09T09:31:23+00:00","breadcrumb":{"@id":"https:\/\/www.abf.se\/vast\/kategorier\/kurser-i-din-kommun\/lerum\/#breadcrumb"},"inLanguage":"sv-SE","potentialAction":[{"@type":"ReadAction","target":["https:\/\/www.abf.se\/vast\/kategorier\/kurser-i-din-kommun\/lerum\/"]}]},{"@type":"BreadcrumbList","@id":"https:\/\/www.abf.se\/vast\/kategorier\/kurser-i-din-kommun\/lerum\/#breadcrumb","itemListElement":[{"@type":"ListItem","position":1,"name":"Home","item":"https:\/\/www.abf.se\/vast\/"},{"@type":"ListItem","position":2,"name":"Kategorier","item":"https:\/\/www.abf.se\/vast\/kategorier\/"},{"@type":"ListItem","position":3,"name":"Kurser i din kommun","item":"https:\/\/www.abf.se\/vast\/kategorier\/kurser-i-din-kommun\/"},{"@type":"ListItem","position":4,"name":"Lerum"}]},{"@type":"WebSite","@id":"https:\/\/www.abf.se\/vast\/#website","url":"https:\/\/www.abf.se\/vast\/","name":"V\u00e4st","description":"","potentialAction":[{"@type":"SearchAction","target":{"@type":"EntryPoint","urlTemplate":"https:\/\/www.abf.se\/vast\/?s={search_term_string}"},"query-input":{"@type":"PropertyValueSpecification","valueRequired":true,"valueName":"search_term_string"}}],"inLanguage":"sv-SE"}]}},"_links":{"self":[{"href":"https:\/\/www.abf.se\/vast\/wp-json\/wp\/v2\/pages\/2477","targetHints":{"allow":["GET"]}}],"collection":[{"href":"https:\/\/www.abf.se\/vast\/wp-json\/wp\/v2\/pages"}],"about":[{"href":"https:\/\/www.abf.se\/vast\/wp-json\/wp\/v2\/types\/page"}],"author":[{"embeddable":true,"href":"https:\/\/www.abf.se\/vast\/wp-json\/wp\/v2\/users\/23"}],"replies":[{"embeddable":true,"href":"https:\/\/www.abf.se\/vast\/wp-json\/wp\/v2\/comments?post=2477"}],"version-history":[{"count":6,"href":"https:\/\/www.abf.se\/vast\/wp-json\/wp\/v2\/pages\/2477\/revisions"}],"predecessor-version":[{"id":2639,"href":"https:\/\/www.abf.se\/vast\/wp-json\/wp\/v2\/pages\/2477\/revisions\/2639"}],"up":[{"embeddable":true,"href":"https:\/\/www.abf.se\/vast\/wp-json\/wp\/v2\/pages\/2444"}],"wp:attachment":[{"href":"https:\/\/www.abf.se\/vast\/wp-json\/wp\/v2\/media?parent=2477"}],"curies":[{"name":"wp","href":"https:\/\/api.w.org\/{rel}","templated":true}]}}