{"id":356,"date":"2024-03-19T15:06:16","date_gmt":"2024-03-19T14:06:16","guid":{"rendered":"https:\/\/www.abf.se\/goteborg\/?page_id=356"},"modified":"2024-04-24T15:02:10","modified_gmt":"2024-04-24T13:02:10","slug":"kurslokaler-jarntorget","status":"publish","type":"page","link":"https:\/\/www.abf.se\/vast\/kontakt\/kurslokaler-jarntorget\/","title":{"rendered":"Kurslokaler J\u00e4rntorget"},"content":{"rendered":"<div\n    class=\"acf-hero-block container-lg no-padding mb-12 js-geolocation\"\n    data-block=\"hero-block\"\n    data-index=\"0\"\n>\n    <div class=\"h-[548px]  relative rounded-[32px] overflow-hidden flex bg-gray-light\">\n        <div class=\"relative z-10 mt-auto h-auto w-full md:h-full\">\n            <div class=\"flex w-full h-full flex-col flex-wrap justify-end w-full md:w-7\/12 lg:w-1\/2 md:justify-center\">\n                <div class=\"flex flex-col gap-3 md:gap-[18px] md:transparent pt-16 pb-36 md:py-8 px-4 w-full md:max-w-[620px] mx-auto px-8\">\n\n                    <h1 class=\"hero-heading hero-heading--red-text\"><span>Kurslokaler p\u00e5 J\u00e4rntorget<\/span><\/h1>\n\n                    \n                                    <\/div>\n            <\/div>\n        <\/div>\n\n                    <picture class=\"as-background-image mix-blend-multiply bg-black\/40\"><img decoding=\"async\" src=\"https:\/\/www.abf.se\/vast\/resized\/?url=https%3A%2F%2Fwww.abf.se%2Fwp-content%2Fuploads%2Fsites%2F22%2F2024%2F04%2FIMG_8200-scaled.jpg&#038;fit=crop&#038;w=1440&#038;s=2dcf1a5e14b570bddb79fa3916b1563d\" srcset=\"https:\/\/www.abf.se\/vast\/resized\/?url=https%3A%2F%2Fwww.abf.se%2Fwp-content%2Fuploads%2Fsites%2F22%2F2024%2F04%2FIMG_8200-scaled.jpg&#038;fit=crop&#038;w=375&#038;h=540&#038;s=80927a495d5e4e6da32a47b0fde024f1 375w, https:\/\/www.abf.se\/vast\/resized\/?url=https%3A%2F%2Fwww.abf.se%2Fwp-content%2Fuploads%2Fsites%2F22%2F2024%2F04%2FIMG_8200-scaled.jpg&#038;fit=crop&#038;w=447&#038;h=540&#038;s=123d6c969289fcc674de274d926a7f56 447w, https:\/\/www.abf.se\/vast\/resized\/?url=https%3A%2F%2Fwww.abf.se%2Fwp-content%2Fuploads%2Fsites%2F22%2F2024%2F04%2FIMG_8200-scaled.jpg&#038;fit=crop&#038;w=519&#038;h=540&#038;s=33e7812003edede5e1bd564b96d5409f 519w, https:\/\/www.abf.se\/vast\/resized\/?url=https%3A%2F%2Fwww.abf.se%2Fwp-content%2Fuploads%2Fsites%2F22%2F2024%2F04%2FIMG_8200-scaled.jpg&#038;fit=crop&#038;w=591&#038;h=540&#038;s=0fa5c49b33c90883ce903f66104d7ba4 591w, https:\/\/www.abf.se\/vast\/resized\/?url=https%3A%2F%2Fwww.abf.se%2Fwp-content%2Fuploads%2Fsites%2F22%2F2024%2F04%2FIMG_8200-scaled.jpg&#038;fit=crop&#038;w=663&#038;h=540&#038;s=8d613e85ed64aa30d9071f3680996dbf 663w, https:\/\/www.abf.se\/vast\/resized\/?url=https%3A%2F%2Fwww.abf.se%2Fwp-content%2Fuploads%2Fsites%2F22%2F2024%2F04%2FIMG_8200-scaled.jpg&#038;fit=crop&#038;w=750&#038;h=540&#038;s=dba691031bffbad4b291a9ea4db304e0 750w, https:\/\/www.abf.se\/vast\/resized\/?url=https%3A%2F%2Fwww.abf.se%2Fwp-content%2Fuploads%2Fsites%2F22%2F2024%2F04%2FIMG_8200-scaled.jpg&#038;fit=crop&#038;w=894&#038;h=540&#038;s=51528bfae0033f2129e9389e8e306ba5 894w, https:\/\/www.abf.se\/vast\/resized\/?url=https%3A%2F%2Fwww.abf.se%2Fwp-content%2Fuploads%2Fsites%2F22%2F2024%2F04%2FIMG_8200-scaled.jpg&#038;fit=crop&#038;w=1038&#038;h=540&#038;s=e780093b01f9011ac1269889705d4973 1038w, https:\/\/www.abf.se\/vast\/resized\/?url=https%3A%2F%2Fwww.abf.se%2Fwp-content%2Fuploads%2Fsites%2F22%2F2024%2F04%2FIMG_8200-scaled.jpg&#038;fit=crop&#038;w=1182&#038;h=540&#038;s=d12997feeb1c786b5dd9282f6f9720c5 1182w, https:\/\/www.abf.se\/vast\/resized\/?url=https%3A%2F%2Fwww.abf.se%2Fwp-content%2Fuploads%2Fsites%2F22%2F2024%2F04%2FIMG_8200-scaled.jpg&#038;fit=crop&#038;w=1326&#038;h=540&#038;s=b45ff268c0cb3ad353f428cec62f8bf4 1326w, https:\/\/www.abf.se\/vast\/resized\/?url=https%3A%2F%2Fwww.abf.se%2Fwp-content%2Fuploads%2Fsites%2F22%2F2024%2F04%2FIMG_8200-scaled.jpg&#038;fit=crop&#038;w=1440&#038;h=540&#038;s=3e423edc31373eb0153a26ff8cbf43ac 1440w\" alt=\"\" height=\"540\" width=\"1440\" sizes=\"(max-width: 1440px) calc(100vw - 32px), 1440px\" loading=\"eager\" fetchpriority=\"high\" aria-hidden=\"true\" role=\"presentation\" \/><\/picture>\n        \n\n            <\/div>\n\n    <\/div>\n\n<div\n    class=\"acf-article-text-block article-container my-12\"\n    data-block=\"article-text-block\"\n>\n    <div class=\"wysiwyg\">\n        <p>Bes\u00f6ksadress: J\u00e4rntorget 8, 413 30 G\u00f6teborg. Du kan n\u00e5 oss via v\u00e4xeln p\u00e5 031-774 31 10 eller e-post kursprogram.095@abf.se.<\/p>\n\n    <\/div>\n<\/div>\n","protected":false},"excerpt":{"rendered":"","protected":false},"author":23,"featured_media":0,"parent":7,"menu_order":0,"comment_status":"closed","ping_status":"closed","template":"","meta":{"_acf_changed":false,"footnotes":""},"class_list":["post-356","page","type-page","status-publish","hentry"],"acf":[],"yoast_head":"<!-- This site is optimized with the Yoast SEO plugin v27.0 - https:\/\/yoast.com\/product\/yoast-seo-wordpress\/ -->\n<title>Kurslokaler J\u00e4rntorget - V\u00e4st<\/title>\n<meta name=\"robots\" content=\"index, follow, max-snippet:-1, max-image-preview:large, max-video-preview:-1\" \/>\n<link rel=\"canonical\" href=\"https:\/\/www.abf.se\/vast\/kontakt\/kurslokaler-jarntorget\/\" \/>\n<meta property=\"og:locale\" content=\"sv_SE\" \/>\n<meta property=\"og:type\" content=\"article\" \/>\n<meta property=\"og:title\" content=\"Kurslokaler J\u00e4rntorget - V\u00e4st\" \/>\n<meta property=\"og:url\" content=\"https:\/\/www.abf.se\/vast\/kontakt\/kurslokaler-jarntorget\/\" \/>\n<meta property=\"og:site_name\" content=\"V\u00e4st\" \/>\n<meta property=\"article:modified_time\" content=\"2024-04-24T13:02:10+00:00\" \/>\n<meta property=\"og:image\" content=\"https:\/\/www.abf.se\/wp-content\/uploads\/sites\/22\/2024\/04\/Nyckeln-liggande-scaled.jpg\" \/>\n\t<meta property=\"og:image:width\" content=\"2560\" \/>\n\t<meta property=\"og:image:height\" content=\"1440\" \/>\n\t<meta property=\"og:image:type\" content=\"image\/jpeg\" \/>\n<meta name=\"twitter:card\" content=\"summary_large_image\" \/>\n<script type=\"application\/ld+json\" class=\"yoast-schema-graph\">{\"@context\":\"https:\/\/schema.org\",\"@graph\":[{\"@type\":\"WebPage\",\"@id\":\"https:\/\/www.abf.se\/vast\/kontakt\/kurslokaler-jarntorget\/\",\"url\":\"https:\/\/www.abf.se\/vast\/kontakt\/kurslokaler-jarntorget\/\",\"name\":\"Kurslokaler J\u00e4rntorget - V\u00e4st\",\"isPartOf\":{\"@id\":\"https:\/\/www.abf.se\/vast\/#website\"},\"datePublished\":\"2024-03-19T14:06:16+00:00\",\"dateModified\":\"2024-04-24T13:02:10+00:00\",\"breadcrumb\":{\"@id\":\"https:\/\/www.abf.se\/vast\/kontakt\/kurslokaler-jarntorget\/#breadcrumb\"},\"inLanguage\":\"sv-SE\",\"potentialAction\":[{\"@type\":\"ReadAction\",\"target\":[\"https:\/\/www.abf.se\/vast\/kontakt\/kurslokaler-jarntorget\/\"]}]},{\"@type\":\"BreadcrumbList\",\"@id\":\"https:\/\/www.abf.se\/vast\/kontakt\/kurslokaler-jarntorget\/#breadcrumb\",\"itemListElement\":[{\"@type\":\"ListItem\",\"position\":1,\"name\":\"Home\",\"item\":\"https:\/\/www.abf.se\/vast\/\"},{\"@type\":\"ListItem\",\"position\":2,\"name\":\"Kontakt\",\"item\":\"https:\/\/www.abf.se\/vast\/kontakt\/\"},{\"@type\":\"ListItem\",\"position\":3,\"name\":\"Kurslokaler J\u00e4rntorget\"}]},{\"@type\":\"WebSite\",\"@id\":\"https:\/\/www.abf.se\/vast\/#website\",\"url\":\"https:\/\/www.abf.se\/vast\/\",\"name\":\"V\u00e4st\",\"description\":\"\",\"potentialAction\":[{\"@type\":\"SearchAction\",\"target\":{\"@type\":\"EntryPoint\",\"urlTemplate\":\"https:\/\/www.abf.se\/vast\/?s={search_term_string}\"},\"query-input\":{\"@type\":\"PropertyValueSpecification\",\"valueRequired\":true,\"valueName\":\"search_term_string\"}}],\"inLanguage\":\"sv-SE\"}]}<\/script>\n<!-- \/ Yoast SEO plugin. -->","yoast_head_json":{"title":"Kurslokaler J\u00e4rntorget - V\u00e4st","robots":{"index":"index","follow":"follow","max-snippet":"max-snippet:-1","max-image-preview":"max-image-preview:large","max-video-preview":"max-video-preview:-1"},"canonical":"https:\/\/www.abf.se\/vast\/kontakt\/kurslokaler-jarntorget\/","og_locale":"sv_SE","og_type":"article","og_title":"Kurslokaler J\u00e4rntorget - V\u00e4st","og_url":"https:\/\/www.abf.se\/vast\/kontakt\/kurslokaler-jarntorget\/","og_site_name":"V\u00e4st","article_modified_time":"2024-04-24T13:02:10+00:00","og_image":[{"width":2560,"height":1440,"url":"https:\/\/www.abf.se\/wp-content\/uploads\/sites\/22\/2024\/04\/Nyckeln-liggande-scaled.jpg","type":"image\/jpeg"}],"twitter_card":"summary_large_image","schema":{"@context":"https:\/\/schema.org","@graph":[{"@type":"WebPage","@id":"https:\/\/www.abf.se\/vast\/kontakt\/kurslokaler-jarntorget\/","url":"https:\/\/www.abf.se\/vast\/kontakt\/kurslokaler-jarntorget\/","name":"Kurslokaler J\u00e4rntorget - V\u00e4st","isPartOf":{"@id":"https:\/\/www.abf.se\/vast\/#website"},"datePublished":"2024-03-19T14:06:16+00:00","dateModified":"2024-04-24T13:02:10+00:00","breadcrumb":{"@id":"https:\/\/www.abf.se\/vast\/kontakt\/kurslokaler-jarntorget\/#breadcrumb"},"inLanguage":"sv-SE","potentialAction":[{"@type":"ReadAction","target":["https:\/\/www.abf.se\/vast\/kontakt\/kurslokaler-jarntorget\/"]}]},{"@type":"BreadcrumbList","@id":"https:\/\/www.abf.se\/vast\/kontakt\/kurslokaler-jarntorget\/#breadcrumb","itemListElement":[{"@type":"ListItem","position":1,"name":"Home","item":"https:\/\/www.abf.se\/vast\/"},{"@type":"ListItem","position":2,"name":"Kontakt","item":"https:\/\/www.abf.se\/vast\/kontakt\/"},{"@type":"ListItem","position":3,"name":"Kurslokaler J\u00e4rntorget"}]},{"@type":"WebSite","@id":"https:\/\/www.abf.se\/vast\/#website","url":"https:\/\/www.abf.se\/vast\/","name":"V\u00e4st","description":"","potentialAction":[{"@type":"SearchAction","target":{"@type":"EntryPoint","urlTemplate":"https:\/\/www.abf.se\/vast\/?s={search_term_string}"},"query-input":{"@type":"PropertyValueSpecification","valueRequired":true,"valueName":"search_term_string"}}],"inLanguage":"sv-SE"}]}},"_links":{"self":[{"href":"https:\/\/www.abf.se\/vast\/wp-json\/wp\/v2\/pages\/356","targetHints":{"allow":["GET"]}}],"collection":[{"href":"https:\/\/www.abf.se\/vast\/wp-json\/wp\/v2\/pages"}],"about":[{"href":"https:\/\/www.abf.se\/vast\/wp-json\/wp\/v2\/types\/page"}],"author":[{"embeddable":true,"href":"https:\/\/www.abf.se\/vast\/wp-json\/wp\/v2\/users\/23"}],"replies":[{"embeddable":true,"href":"https:\/\/www.abf.se\/vast\/wp-json\/wp\/v2\/comments?post=356"}],"version-history":[{"count":6,"href":"https:\/\/www.abf.se\/vast\/wp-json\/wp\/v2\/pages\/356\/revisions"}],"predecessor-version":[{"id":1038,"href":"https:\/\/www.abf.se\/vast\/wp-json\/wp\/v2\/pages\/356\/revisions\/1038"}],"up":[{"embeddable":true,"href":"https:\/\/www.abf.se\/vast\/wp-json\/wp\/v2\/pages\/7"}],"wp:attachment":[{"href":"https:\/\/www.abf.se\/vast\/wp-json\/wp\/v2\/media?parent=356"}],"curies":[{"name":"wp","href":"https:\/\/api.w.org\/{rel}","templated":true}]}}