{"id":620,"date":"2024-04-16T13:54:12","date_gmt":"2024-04-16T11:54:12","guid":{"rendered":"https:\/\/www.abf.se\/goteborg\/?page_id=620"},"modified":"2024-04-26T09:30:23","modified_gmt":"2024-04-26T07:30:23","slug":"egna-grupper","status":"publish","type":"page","link":"https:\/\/www.abf.se\/vast\/vara-verksamheter\/egna-grupper\/","title":{"rendered":"Grupper som inte \u00e4r f\u00f6reningar"},"content":{"rendered":"<div\n    class=\"acf-hero-block container-lg no-padding mb-12 js-geolocation\"\n    data-block=\"hero-block\"\n    data-index=\"0\"\n>\n    <div class=\"h-[548px]  relative rounded-[32px] overflow-hidden flex bg-gray-light\">\n        <div class=\"relative z-10 mt-auto h-auto w-full md:h-full\">\n            <div class=\"flex w-full h-full flex-col flex-wrap justify-end w-full md:w-7\/12 lg:w-1\/2 md:justify-center\">\n                <div class=\"flex flex-col gap-3 md:gap-[18px] md:transparent pt-16 pb-36 md:py-8 px-4 w-full md:max-w-[620px] mx-auto px-8\">\n\n                    <h1 class=\"hero-heading hero-heading--red-text\"><span>Grupper som inte \u00e4r f\u00f6reningar<\/span><\/h1>\n\n                    \n                                    <\/div>\n            <\/div>\n        <\/div>\n\n                    <picture class=\"as-background-image mix-blend-multiply bg-black\/40\"><img decoding=\"async\" src=\"https:\/\/www.abf.se\/vast\/resized\/?url=https%3A%2F%2Fwww.abf.se%2Fwp-content%2Fuploads%2F2024%2F04%2FMatlagning-Foto-shutterstock-scaled.jpg&#038;fit=crop&#038;w=1440&#038;s=435d5f64add535d22dd48096f1ab8cd6\" srcset=\"https:\/\/www.abf.se\/vast\/resized\/?url=https%3A%2F%2Fwww.abf.se%2Fwp-content%2Fuploads%2F2024%2F04%2FMatlagning-Foto-shutterstock-scaled.jpg&#038;fit=crop&#038;w=375&#038;h=540&#038;s=7506b88a6c3057fd64f73aea625c34dc 375w, https:\/\/www.abf.se\/vast\/resized\/?url=https%3A%2F%2Fwww.abf.se%2Fwp-content%2Fuploads%2F2024%2F04%2FMatlagning-Foto-shutterstock-scaled.jpg&#038;fit=crop&#038;w=447&#038;h=540&#038;s=101b8c87c53daca20da220dd4769710c 447w, https:\/\/www.abf.se\/vast\/resized\/?url=https%3A%2F%2Fwww.abf.se%2Fwp-content%2Fuploads%2F2024%2F04%2FMatlagning-Foto-shutterstock-scaled.jpg&#038;fit=crop&#038;w=519&#038;h=540&#038;s=cbe51d59d3a00c3d80434ad3f8d1879f 519w, https:\/\/www.abf.se\/vast\/resized\/?url=https%3A%2F%2Fwww.abf.se%2Fwp-content%2Fuploads%2F2024%2F04%2FMatlagning-Foto-shutterstock-scaled.jpg&#038;fit=crop&#038;w=591&#038;h=540&#038;s=050c5269a7f41b228314a083b514a29c 591w, https:\/\/www.abf.se\/vast\/resized\/?url=https%3A%2F%2Fwww.abf.se%2Fwp-content%2Fuploads%2F2024%2F04%2FMatlagning-Foto-shutterstock-scaled.jpg&#038;fit=crop&#038;w=663&#038;h=540&#038;s=3f2e7367269e52eff4c4022985bb99aa 663w, https:\/\/www.abf.se\/vast\/resized\/?url=https%3A%2F%2Fwww.abf.se%2Fwp-content%2Fuploads%2F2024%2F04%2FMatlagning-Foto-shutterstock-scaled.jpg&#038;fit=crop&#038;w=750&#038;h=540&#038;s=87db9d63bea8cec10ea06ae73c2a33f8 750w, https:\/\/www.abf.se\/vast\/resized\/?url=https%3A%2F%2Fwww.abf.se%2Fwp-content%2Fuploads%2F2024%2F04%2FMatlagning-Foto-shutterstock-scaled.jpg&#038;fit=crop&#038;w=894&#038;h=540&#038;s=17e5796c5d6ef3831a943480442a1e94 894w, https:\/\/www.abf.se\/vast\/resized\/?url=https%3A%2F%2Fwww.abf.se%2Fwp-content%2Fuploads%2F2024%2F04%2FMatlagning-Foto-shutterstock-scaled.jpg&#038;fit=crop&#038;w=1038&#038;h=540&#038;s=78f8826ffe5c6fe506aaa29abb238928 1038w, https:\/\/www.abf.se\/vast\/resized\/?url=https%3A%2F%2Fwww.abf.se%2Fwp-content%2Fuploads%2F2024%2F04%2FMatlagning-Foto-shutterstock-scaled.jpg&#038;fit=crop&#038;w=1182&#038;h=540&#038;s=a65e4994c967fb97beb4c29f1aad6104 1182w, https:\/\/www.abf.se\/vast\/resized\/?url=https%3A%2F%2Fwww.abf.se%2Fwp-content%2Fuploads%2F2024%2F04%2FMatlagning-Foto-shutterstock-scaled.jpg&#038;fit=crop&#038;w=1326&#038;h=540&#038;s=c42c717b296323438b216c9b5431ba33 1326w, https:\/\/www.abf.se\/vast\/resized\/?url=https%3A%2F%2Fwww.abf.se%2Fwp-content%2Fuploads%2F2024%2F04%2FMatlagning-Foto-shutterstock-scaled.jpg&#038;fit=crop&#038;w=1440&#038;h=540&#038;s=9f5aa0da2c3727a0b2353120f7a663ad 1440w\" alt=\"\" height=\"540\" width=\"1440\" sizes=\"(max-width: 1440px) calc(100vw - 32px), 1440px\" loading=\"eager\" fetchpriority=\"high\" aria-hidden=\"true\" role=\"presentation\" \/><\/picture>\n        \n\n            <\/div>\n\n    <\/div>\n\n<div\n    class=\"acf-article-text-block article-container my-12\"\n    data-block=\"article-text-block\"\n>\n    <div class=\"wysiwyg\">\n        <h3>Inom ABF G\u00f6teborg \u00e4r alla grupper v\u00e4lkomna, \u00e4ven om de inte har bildat en f\u00f6rening. Det kan handla om bokcirklar, musikband, filmentusiaster eller andra grupper som vill l\u00e4ra sig n\u00e5got tillsammans.<\/h3>\n\n    <\/div>\n<\/div>\n<div\n    class=\"acf-article-text-block article-container my-12\"\n    data-block=\"article-text-block\"\n>\n    <div class=\"wysiwyg\">\n        <p>\u00c4r ni ett g\u00e4ng som vill l\u00e4ra er n\u00e5got tillsammans? Vill ni f\u00e5 struktur och hj\u00e4lp att komma ig\u00e5ng? Starta en studiecirkel!<\/p>\n<p>Ledaren f\u00f6r en studiecirkel beh\u00f6ver inte vara expert. Ist\u00e4llet utg\u00e5r cirkeln fr\u00e5n deltagarnas erfarenheter och \u00f6nskem\u00e5l. Cirkelledaren \u00e4r den som h\u00e5ller ihop diskussionerna, ser till att alla \u00e4r aktiva och\u202fansvarar f\u00f6r praktiska fr\u00e5gor.<\/p>\n<p>I studiecirkeln kan man studera t. ex. politik, spr\u00e5k eller historia, men ocks\u00e5 praktiska \u00e4mnen som konst\/hantverk, musik eller dans. Dock \u00e4r idrott, lek och spel inte godk\u00e4nda \u00e4mnen.<\/p>\n<p>Vi kan hj\u00e4lpa er grupp att komma ig\u00e5ng. Vi har viss tillg\u00e5ng till lokaler, och kan ibland \u00e4ven hj\u00e4lpa till med ink\u00f6p av b\u00f6cker eller annat material. Vi erbjuder \u00e4ven kostnadsfri utbildning f\u00f6r cirkelledare.<\/p>\n<p>Kontakta\u202foss p\u00e5\u202f<a href=\"mailto:cirkel.095@abf.se\">cirkel.095@abf.se<\/a>.<\/p>\n\n    <\/div>\n<\/div>\n<div\n    class=\"acf-article-cta-link-block article-container my-8\"\n    data-block=\"article-cta-link-block\"\n>\n<div>\n    <a class=\"inline-flex flex-row items-center gap-4 text-link underline text-red-dark\"\n        href=\"https:\/\/www.abf.se\/goteborg\/starta-egen-cirkel\/vad-ar-en-studiecirkel\/\"\n            >\n        <span class=\"\">\n        Checklista: Studiecirkel\n        <\/span>\n        <figure aria-hidden=\"true\" class=\"rounded-full bg-red-dark w-8 h-8 p-1 text-white\">\n            <svg width=\"20\" height=\"20\" viewBox=\"0 0 20 20\" fill=\"none\" class=\"SvgIconElement\">\n<path d=\"M4.16659 10L15.8333 10\" stroke=\"currentColor\"\/>\n<path d=\"M9.99992 4.1665L15.8333 9.99984L9.99992 15.8332\" stroke=\"currentColor\"\/>\n<\/svg>\n        <\/figure>\n    <\/a>\n<\/div>\n<\/div>\n<div\n    class=\"acf-article-cta-link-block article-container my-8\"\n    data-block=\"article-cta-link-block\"\n>\n<div>\n    <a class=\"inline-flex flex-row items-center gap-4 text-link underline text-red-dark\"\n        href=\"https:\/\/www.abf.se\/goteborg\/narvarorapportering\/\"\n            >\n        <span class=\"\">\n        N\u00e4rvarorapportering\n        <\/span>\n        <figure aria-hidden=\"true\" class=\"rounded-full bg-red-dark w-8 h-8 p-1 text-white\">\n            <svg width=\"20\" height=\"20\" viewBox=\"0 0 20 20\" fill=\"none\" class=\"SvgIconElement\">\n<path d=\"M4.16659 10L15.8333 10\" stroke=\"currentColor\"\/>\n<path d=\"M9.99992 4.1665L15.8333 9.99984L9.99992 15.8332\" stroke=\"currentColor\"\/>\n<\/svg>\n        <\/figure>\n    <\/a>\n<\/div>\n<\/div>\n","protected":false},"excerpt":{"rendered":"","protected":false},"author":23,"featured_media":0,"parent":37,"menu_order":0,"comment_status":"closed","ping_status":"closed","template":"","meta":{"_acf_changed":false,"footnotes":""},"class_list":["post-620","page","type-page","status-publish","hentry"],"acf":[],"yoast_head":"<!-- This site is optimized with the Yoast SEO plugin v27.0 - https:\/\/yoast.com\/product\/yoast-seo-wordpress\/ -->\n<title>Grupper som inte \u00e4r f\u00f6reningar - V\u00e4st<\/title>\n<meta name=\"robots\" content=\"index, follow, max-snippet:-1, max-image-preview:large, max-video-preview:-1\" \/>\n<link rel=\"canonical\" href=\"https:\/\/www.abf.se\/vast\/vara-verksamheter\/egna-grupper\/\" \/>\n<meta property=\"og:locale\" content=\"sv_SE\" \/>\n<meta property=\"og:type\" content=\"article\" \/>\n<meta property=\"og:title\" content=\"Grupper som inte \u00e4r f\u00f6reningar - V\u00e4st\" \/>\n<meta property=\"og:url\" content=\"https:\/\/www.abf.se\/vast\/vara-verksamheter\/egna-grupper\/\" \/>\n<meta property=\"og:site_name\" content=\"V\u00e4st\" \/>\n<meta property=\"article:modified_time\" content=\"2024-04-26T07:30:23+00:00\" \/>\n<meta property=\"og:image\" content=\"https:\/\/www.abf.se\/wp-content\/uploads\/sites\/22\/2024\/04\/Nyckeln-liggande-scaled.jpg\" \/>\n\t<meta property=\"og:image:width\" content=\"2560\" \/>\n\t<meta property=\"og:image:height\" content=\"1440\" \/>\n\t<meta property=\"og:image:type\" content=\"image\/jpeg\" \/>\n<meta name=\"twitter:card\" content=\"summary_large_image\" \/>\n<script type=\"application\/ld+json\" class=\"yoast-schema-graph\">{\"@context\":\"https:\/\/schema.org\",\"@graph\":[{\"@type\":\"WebPage\",\"@id\":\"https:\/\/www.abf.se\/vast\/vara-verksamheter\/egna-grupper\/\",\"url\":\"https:\/\/www.abf.se\/vast\/vara-verksamheter\/egna-grupper\/\",\"name\":\"Grupper som inte \u00e4r f\u00f6reningar - V\u00e4st\",\"isPartOf\":{\"@id\":\"https:\/\/www.abf.se\/vast\/#website\"},\"datePublished\":\"2024-04-16T11:54:12+00:00\",\"dateModified\":\"2024-04-26T07:30:23+00:00\",\"breadcrumb\":{\"@id\":\"https:\/\/www.abf.se\/vast\/vara-verksamheter\/egna-grupper\/#breadcrumb\"},\"inLanguage\":\"sv-SE\",\"potentialAction\":[{\"@type\":\"ReadAction\",\"target\":[\"https:\/\/www.abf.se\/vast\/vara-verksamheter\/egna-grupper\/\"]}]},{\"@type\":\"BreadcrumbList\",\"@id\":\"https:\/\/www.abf.se\/vast\/vara-verksamheter\/egna-grupper\/#breadcrumb\",\"itemListElement\":[{\"@type\":\"ListItem\",\"position\":1,\"name\":\"Home\",\"item\":\"https:\/\/www.abf.se\/vast\/\"},{\"@type\":\"ListItem\",\"position\":2,\"name\":\"V\u00e5ra verksamheter\",\"item\":\"https:\/\/www.abf.se\/vast\/vara-verksamheter\/\"},{\"@type\":\"ListItem\",\"position\":3,\"name\":\"Grupper som inte \u00e4r f\u00f6reningar\"}]},{\"@type\":\"WebSite\",\"@id\":\"https:\/\/www.abf.se\/vast\/#website\",\"url\":\"https:\/\/www.abf.se\/vast\/\",\"name\":\"V\u00e4st\",\"description\":\"\",\"potentialAction\":[{\"@type\":\"SearchAction\",\"target\":{\"@type\":\"EntryPoint\",\"urlTemplate\":\"https:\/\/www.abf.se\/vast\/?s={search_term_string}\"},\"query-input\":{\"@type\":\"PropertyValueSpecification\",\"valueRequired\":true,\"valueName\":\"search_term_string\"}}],\"inLanguage\":\"sv-SE\"}]}<\/script>\n<!-- \/ Yoast SEO plugin. -->","yoast_head_json":{"title":"Grupper som inte \u00e4r f\u00f6reningar - V\u00e4st","robots":{"index":"index","follow":"follow","max-snippet":"max-snippet:-1","max-image-preview":"max-image-preview:large","max-video-preview":"max-video-preview:-1"},"canonical":"https:\/\/www.abf.se\/vast\/vara-verksamheter\/egna-grupper\/","og_locale":"sv_SE","og_type":"article","og_title":"Grupper som inte \u00e4r f\u00f6reningar - V\u00e4st","og_url":"https:\/\/www.abf.se\/vast\/vara-verksamheter\/egna-grupper\/","og_site_name":"V\u00e4st","article_modified_time":"2024-04-26T07:30:23+00:00","og_image":[{"width":2560,"height":1440,"url":"https:\/\/www.abf.se\/wp-content\/uploads\/sites\/22\/2024\/04\/Nyckeln-liggande-scaled.jpg","type":"image\/jpeg"}],"twitter_card":"summary_large_image","schema":{"@context":"https:\/\/schema.org","@graph":[{"@type":"WebPage","@id":"https:\/\/www.abf.se\/vast\/vara-verksamheter\/egna-grupper\/","url":"https:\/\/www.abf.se\/vast\/vara-verksamheter\/egna-grupper\/","name":"Grupper som inte \u00e4r f\u00f6reningar - V\u00e4st","isPartOf":{"@id":"https:\/\/www.abf.se\/vast\/#website"},"datePublished":"2024-04-16T11:54:12+00:00","dateModified":"2024-04-26T07:30:23+00:00","breadcrumb":{"@id":"https:\/\/www.abf.se\/vast\/vara-verksamheter\/egna-grupper\/#breadcrumb"},"inLanguage":"sv-SE","potentialAction":[{"@type":"ReadAction","target":["https:\/\/www.abf.se\/vast\/vara-verksamheter\/egna-grupper\/"]}]},{"@type":"BreadcrumbList","@id":"https:\/\/www.abf.se\/vast\/vara-verksamheter\/egna-grupper\/#breadcrumb","itemListElement":[{"@type":"ListItem","position":1,"name":"Home","item":"https:\/\/www.abf.se\/vast\/"},{"@type":"ListItem","position":2,"name":"V\u00e5ra verksamheter","item":"https:\/\/www.abf.se\/vast\/vara-verksamheter\/"},{"@type":"ListItem","position":3,"name":"Grupper som inte \u00e4r f\u00f6reningar"}]},{"@type":"WebSite","@id":"https:\/\/www.abf.se\/vast\/#website","url":"https:\/\/www.abf.se\/vast\/","name":"V\u00e4st","description":"","potentialAction":[{"@type":"SearchAction","target":{"@type":"EntryPoint","urlTemplate":"https:\/\/www.abf.se\/vast\/?s={search_term_string}"},"query-input":{"@type":"PropertyValueSpecification","valueRequired":true,"valueName":"search_term_string"}}],"inLanguage":"sv-SE"}]}},"_links":{"self":[{"href":"https:\/\/www.abf.se\/vast\/wp-json\/wp\/v2\/pages\/620","targetHints":{"allow":["GET"]}}],"collection":[{"href":"https:\/\/www.abf.se\/vast\/wp-json\/wp\/v2\/pages"}],"about":[{"href":"https:\/\/www.abf.se\/vast\/wp-json\/wp\/v2\/types\/page"}],"author":[{"embeddable":true,"href":"https:\/\/www.abf.se\/vast\/wp-json\/wp\/v2\/users\/23"}],"replies":[{"embeddable":true,"href":"https:\/\/www.abf.se\/vast\/wp-json\/wp\/v2\/comments?post=620"}],"version-history":[{"count":11,"href":"https:\/\/www.abf.se\/vast\/wp-json\/wp\/v2\/pages\/620\/revisions"}],"predecessor-version":[{"id":1228,"href":"https:\/\/www.abf.se\/vast\/wp-json\/wp\/v2\/pages\/620\/revisions\/1228"}],"up":[{"embeddable":true,"href":"https:\/\/www.abf.se\/vast\/wp-json\/wp\/v2\/pages\/37"}],"wp:attachment":[{"href":"https:\/\/www.abf.se\/vast\/wp-json\/wp\/v2\/media?parent=620"}],"curies":[{"name":"wp","href":"https:\/\/api.w.org\/{rel}","templated":true}]}}