{"id":625,"date":"2024-04-16T14:01:30","date_gmt":"2024-04-16T12:01:30","guid":{"rendered":"https:\/\/www.abf.se\/goteborg\/?page_id=625"},"modified":"2024-04-26T09:43:27","modified_gmt":"2024-04-26T07:43:27","slug":"kostnadsfria-cirklar","status":"publish","type":"page","link":"https:\/\/www.abf.se\/vast\/vara-verksamheter\/kostnadsfria-cirklar\/","title":{"rendered":"Kostnadsfria cirklar"},"content":{"rendered":"<div\n    class=\"acf-hero-block container-lg no-padding mb-12 js-geolocation\"\n    data-block=\"hero-block\"\n    data-index=\"0\"\n>\n    <div class=\"h-[548px]  relative rounded-[32px] overflow-hidden flex bg-gray-light\">\n        <div class=\"relative z-10 mt-auto h-auto w-full md:h-full\">\n            <div class=\"flex w-full h-full flex-col flex-wrap justify-end w-full md:w-7\/12 lg:w-1\/2 md:justify-center\">\n                <div class=\"flex flex-col gap-3 md:gap-[18px] md:transparent pt-16 pb-36 md:py-8 px-4 w-full md:max-w-[620px] mx-auto px-8\">\n\n                    <h1 class=\"hero-heading hero-heading--red-text\"><span>Kostnadsfria cirklar<\/span><\/h1>\n\n                    \n                                    <\/div>\n            <\/div>\n        <\/div>\n\n                    <picture class=\"as-background-image mix-blend-multiply bg-black\/40\"><img decoding=\"async\" src=\"https:\/\/www.abf.se\/vast\/resized\/?url=https%3A%2F%2Fwww.abf.se%2Fwp-content%2Fuploads%2F2023%2F11%2Fglada-kramar-foto-iStock_IMGP-1.jpg&#038;fit=crop&#038;w=1440&#038;s=a3bbae1b35c7580b629b9f448b85ee7a\" srcset=\"https:\/\/www.abf.se\/vast\/resized\/?url=https%3A%2F%2Fwww.abf.se%2Fwp-content%2Fuploads%2F2023%2F11%2Fglada-kramar-foto-iStock_IMGP-1.jpg&#038;fit=crop&#038;w=375&#038;h=540&#038;s=2d02ae5fd2552d96fa9785e5c26363d2 375w, https:\/\/www.abf.se\/vast\/resized\/?url=https%3A%2F%2Fwww.abf.se%2Fwp-content%2Fuploads%2F2023%2F11%2Fglada-kramar-foto-iStock_IMGP-1.jpg&#038;fit=crop&#038;w=447&#038;h=540&#038;s=4c0baa8071bb020ebfe554824d9b2837 447w, https:\/\/www.abf.se\/vast\/resized\/?url=https%3A%2F%2Fwww.abf.se%2Fwp-content%2Fuploads%2F2023%2F11%2Fglada-kramar-foto-iStock_IMGP-1.jpg&#038;fit=crop&#038;w=519&#038;h=540&#038;s=506fee8804ceefa07cd316e528a088ed 519w, https:\/\/www.abf.se\/vast\/resized\/?url=https%3A%2F%2Fwww.abf.se%2Fwp-content%2Fuploads%2F2023%2F11%2Fglada-kramar-foto-iStock_IMGP-1.jpg&#038;fit=crop&#038;w=591&#038;h=540&#038;s=eb4edcd8c1a6b00114a90fd07d198bf5 591w, https:\/\/www.abf.se\/vast\/resized\/?url=https%3A%2F%2Fwww.abf.se%2Fwp-content%2Fuploads%2F2023%2F11%2Fglada-kramar-foto-iStock_IMGP-1.jpg&#038;fit=crop&#038;w=663&#038;h=540&#038;s=7b698dfc2ec3cc1542482bba41644ca1 663w, https:\/\/www.abf.se\/vast\/resized\/?url=https%3A%2F%2Fwww.abf.se%2Fwp-content%2Fuploads%2F2023%2F11%2Fglada-kramar-foto-iStock_IMGP-1.jpg&#038;fit=crop&#038;w=750&#038;h=540&#038;s=61cc8c1e66cda2a340f9455ab2b10890 750w, https:\/\/www.abf.se\/vast\/resized\/?url=https%3A%2F%2Fwww.abf.se%2Fwp-content%2Fuploads%2F2023%2F11%2Fglada-kramar-foto-iStock_IMGP-1.jpg&#038;fit=crop&#038;w=894&#038;h=540&#038;s=8c5852d71415d9149997ee50ef1159c4 894w, https:\/\/www.abf.se\/vast\/resized\/?url=https%3A%2F%2Fwww.abf.se%2Fwp-content%2Fuploads%2F2023%2F11%2Fglada-kramar-foto-iStock_IMGP-1.jpg&#038;fit=crop&#038;w=1038&#038;h=540&#038;s=5d478ce38cc19b1d3cd389ff6afb45ab 1038w, https:\/\/www.abf.se\/vast\/resized\/?url=https%3A%2F%2Fwww.abf.se%2Fwp-content%2Fuploads%2F2023%2F11%2Fglada-kramar-foto-iStock_IMGP-1.jpg&#038;fit=crop&#038;w=1182&#038;h=540&#038;s=c4ca3f77d77cbdb69b531336ac5c5055 1182w, https:\/\/www.abf.se\/vast\/resized\/?url=https%3A%2F%2Fwww.abf.se%2Fwp-content%2Fuploads%2F2023%2F11%2Fglada-kramar-foto-iStock_IMGP-1.jpg&#038;fit=crop&#038;w=1326&#038;h=540&#038;s=688e47ebeeb776cc81b1c0700f7cefea 1326w, https:\/\/www.abf.se\/vast\/resized\/?url=https%3A%2F%2Fwww.abf.se%2Fwp-content%2Fuploads%2F2023%2F11%2Fglada-kramar-foto-iStock_IMGP-1.jpg&#038;fit=crop&#038;w=1440&#038;h=540&#038;s=8ac9c128f080e9b8e47bad7cf5b62505 1440w\" alt=\"\" height=\"540\" width=\"1440\" sizes=\"(max-width: 1440px) calc(100vw - 32px), 1440px\" loading=\"eager\" fetchpriority=\"high\" aria-hidden=\"true\" role=\"presentation\" \/><\/picture>\n        \n\n            <\/div>\n\n    <\/div>\n\n<div\n    class=\"acf-article-text-block article-container my-12\"\n    data-block=\"article-text-block\"\n>\n    <div class=\"wysiwyg\">\n        <h3>ABF vill vara en utj\u00e4mnande kraft, som tillg\u00e4ngligg\u00f6r bildning och kultur f\u00f6r alla g\u00f6teborgare. D\u00e4rf\u00f6r erbjuder ABF G\u00f6teborg kostnadsfria cirklar i flera av v\u00e5ra ytteromr\u00e5den.<\/h3>\n\n    <\/div>\n<\/div>\n<div\n    class=\"acf-article-text-block article-container my-12\"\n    data-block=\"article-text-block\"\n>\n    <div class=\"wysiwyg\">\n        <p>ABF G\u00f6teborg menar att alla ska ha tillg\u00e5ng till b\u00e5de bildning och m\u00f6jlighet att ut\u00f6va kultur. Pl\u00e5nboken ska inte styra! D\u00e4rf\u00f6r samverkar vi med flera akt\u00f6rer f\u00f6r att kunna erbjuda kostnadsfri verksamhet i Bergsj\u00f6n, Angered och p\u00e5 Hisingen.<\/p>\n<h3>Svenska, samh\u00e4llskunskap, textilt hantverk och samtalscirklar:<\/h3>\n<p><strong>Hj\u00e4llbo:<\/strong> I v\u00e5ra lokaler i Hj\u00e4llbo finns f\u00f6reningen <strong>ABC<\/strong> (Arabiska BokstavsCentret). Kontakta dem f\u00f6r att delta i kostnadsfria cirklar. Alla bakgrunder och nationaliteter \u00e4r v\u00e4lkomna.<br \/>\n<a href=\"https:\/\/www.arabiskabc.com\/\" target=\"_blank\" rel=\"noopener\">Till ABC:s hemsida<\/a><\/p>\n<p><strong>Angered Centrum:<\/strong> I v\u00e5ra lokaler i Angered Centrum finns f\u00f6reningen <strong>UCI<\/strong> (Utbildningscentret Iran). Kontakta dem f\u00f6r att delta i kostnadsfria cirklar. Alla bakgrunder och nationaliteter \u00e4r v\u00e4lkomna.<br \/>\n<a href=\"https:\/\/www.uciran.com\/index-sv.html\" target=\"_blank\" rel=\"noopener\">Till UCI:s hemsida<\/a><\/p>\n<p><strong>Hisingen<\/strong>: I v\u00e5ra lokaler i Br\u00e4cke finns f\u00f6reningen Integrationsn\u00e4tverk. Kontakta dem f\u00f6r att delta i kostnadsfria cirklar. Alla bakgrunder och nationaliteter \u00e4r v\u00e4lkomna.<br \/>\n<a href=\"https:\/\/integrationsnatverk-goteborg.se\/\" target=\"_blank\" rel=\"noopener\">Till Integrationsn\u00e4tverk G\u00f6teborgs hemsida<\/a><\/p>\n<h3>Keramik, lera och konsthantverk:<\/h3>\n<p><strong>Angered Centrum<\/strong>: I samverkan med Kulturhuset Bl\u00e5 St\u00e4llet erbjuder ABF G\u00f6teborg kostnadsfria cirklar f\u00f6r boende i Angered. Kontakta Bl\u00e5 St\u00e4llet eller ABF G\u00f6teborg f\u00f6r mer information.<br \/>\n<a href=\"https:\/\/goteborg.se\/wps\/portal\/enhetssida\/kulturhuset-bla-stallet\" target=\"_blank\" rel=\"noopener\">Till Kulturhuset Bl\u00e5 St\u00e4llets hemsida<\/a><br \/>\nKontakta ABF p\u00e5 <a href=\"mailto:kurser.kulturhus.095@abf.se\">kurser.kulturhus.095@abf.se<\/a><\/p>\n<p><strong>Bergsj\u00f6n (Rymdtorget)<\/strong>: I samverkan med Kulturhuset Bergsj\u00f6n erbjuder ABF G\u00f6teborg kostnadsfria cirklar f\u00f6r boende i Bergsj\u00f6n. Kontakta Kulturhuset Bergsj\u00f6n eller ABF G\u00f6teborg f\u00f6r mer information.<br \/>\n<a href=\"https:\/\/goteborg.se\/wps\/portal\/enhetssida\/kulturhuset-bergsjon\" target=\"_blank\" rel=\"noopener\">Till Kulturhuset Bergsj\u00f6ns hemsida<\/a><br \/>\nKontakta ABF p\u00e5 <a href=\"mailto:kurser.kulturhus.095@abf.se\">kurser.kulturhus.095@abf.se<\/a><\/p>\n\n    <\/div>\n<\/div>\n","protected":false},"excerpt":{"rendered":"","protected":false},"author":23,"featured_media":0,"parent":37,"menu_order":0,"comment_status":"closed","ping_status":"closed","template":"","meta":{"_acf_changed":false,"footnotes":""},"class_list":["post-625","page","type-page","status-publish","hentry"],"acf":[],"yoast_head":"<!-- This site is optimized with the Yoast SEO plugin v27.0 - https:\/\/yoast.com\/product\/yoast-seo-wordpress\/ -->\n<title>Kostnadsfria cirklar - V\u00e4st<\/title>\n<meta name=\"robots\" content=\"index, follow, max-snippet:-1, max-image-preview:large, max-video-preview:-1\" \/>\n<link rel=\"canonical\" href=\"https:\/\/www.abf.se\/vast\/vara-verksamheter\/kostnadsfria-cirklar\/\" \/>\n<meta property=\"og:locale\" content=\"sv_SE\" \/>\n<meta property=\"og:type\" content=\"article\" \/>\n<meta property=\"og:title\" content=\"Kostnadsfria cirklar - V\u00e4st\" \/>\n<meta property=\"og:url\" content=\"https:\/\/www.abf.se\/vast\/vara-verksamheter\/kostnadsfria-cirklar\/\" \/>\n<meta property=\"og:site_name\" content=\"V\u00e4st\" \/>\n<meta property=\"article:modified_time\" content=\"2024-04-26T07:43:27+00:00\" \/>\n<meta property=\"og:image\" content=\"https:\/\/www.abf.se\/wp-content\/uploads\/sites\/22\/2024\/04\/Nyckeln-liggande-scaled.jpg\" \/>\n\t<meta property=\"og:image:width\" content=\"2560\" \/>\n\t<meta property=\"og:image:height\" content=\"1440\" \/>\n\t<meta property=\"og:image:type\" content=\"image\/jpeg\" \/>\n<meta name=\"twitter:card\" content=\"summary_large_image\" \/>\n<script type=\"application\/ld+json\" class=\"yoast-schema-graph\">{\"@context\":\"https:\/\/schema.org\",\"@graph\":[{\"@type\":\"WebPage\",\"@id\":\"https:\/\/www.abf.se\/vast\/vara-verksamheter\/kostnadsfria-cirklar\/\",\"url\":\"https:\/\/www.abf.se\/vast\/vara-verksamheter\/kostnadsfria-cirklar\/\",\"name\":\"Kostnadsfria cirklar - V\u00e4st\",\"isPartOf\":{\"@id\":\"https:\/\/www.abf.se\/vast\/#website\"},\"datePublished\":\"2024-04-16T12:01:30+00:00\",\"dateModified\":\"2024-04-26T07:43:27+00:00\",\"breadcrumb\":{\"@id\":\"https:\/\/www.abf.se\/vast\/vara-verksamheter\/kostnadsfria-cirklar\/#breadcrumb\"},\"inLanguage\":\"sv-SE\",\"potentialAction\":[{\"@type\":\"ReadAction\",\"target\":[\"https:\/\/www.abf.se\/vast\/vara-verksamheter\/kostnadsfria-cirklar\/\"]}]},{\"@type\":\"BreadcrumbList\",\"@id\":\"https:\/\/www.abf.se\/vast\/vara-verksamheter\/kostnadsfria-cirklar\/#breadcrumb\",\"itemListElement\":[{\"@type\":\"ListItem\",\"position\":1,\"name\":\"Home\",\"item\":\"https:\/\/www.abf.se\/vast\/\"},{\"@type\":\"ListItem\",\"position\":2,\"name\":\"V\u00e5ra verksamheter\",\"item\":\"https:\/\/www.abf.se\/vast\/vara-verksamheter\/\"},{\"@type\":\"ListItem\",\"position\":3,\"name\":\"Kostnadsfria cirklar\"}]},{\"@type\":\"WebSite\",\"@id\":\"https:\/\/www.abf.se\/vast\/#website\",\"url\":\"https:\/\/www.abf.se\/vast\/\",\"name\":\"V\u00e4st\",\"description\":\"\",\"potentialAction\":[{\"@type\":\"SearchAction\",\"target\":{\"@type\":\"EntryPoint\",\"urlTemplate\":\"https:\/\/www.abf.se\/vast\/?s={search_term_string}\"},\"query-input\":{\"@type\":\"PropertyValueSpecification\",\"valueRequired\":true,\"valueName\":\"search_term_string\"}}],\"inLanguage\":\"sv-SE\"}]}<\/script>\n<!-- \/ Yoast SEO plugin. -->","yoast_head_json":{"title":"Kostnadsfria cirklar - V\u00e4st","robots":{"index":"index","follow":"follow","max-snippet":"max-snippet:-1","max-image-preview":"max-image-preview:large","max-video-preview":"max-video-preview:-1"},"canonical":"https:\/\/www.abf.se\/vast\/vara-verksamheter\/kostnadsfria-cirklar\/","og_locale":"sv_SE","og_type":"article","og_title":"Kostnadsfria cirklar - V\u00e4st","og_url":"https:\/\/www.abf.se\/vast\/vara-verksamheter\/kostnadsfria-cirklar\/","og_site_name":"V\u00e4st","article_modified_time":"2024-04-26T07:43:27+00:00","og_image":[{"width":2560,"height":1440,"url":"https:\/\/www.abf.se\/wp-content\/uploads\/sites\/22\/2024\/04\/Nyckeln-liggande-scaled.jpg","type":"image\/jpeg"}],"twitter_card":"summary_large_image","schema":{"@context":"https:\/\/schema.org","@graph":[{"@type":"WebPage","@id":"https:\/\/www.abf.se\/vast\/vara-verksamheter\/kostnadsfria-cirklar\/","url":"https:\/\/www.abf.se\/vast\/vara-verksamheter\/kostnadsfria-cirklar\/","name":"Kostnadsfria cirklar - V\u00e4st","isPartOf":{"@id":"https:\/\/www.abf.se\/vast\/#website"},"datePublished":"2024-04-16T12:01:30+00:00","dateModified":"2024-04-26T07:43:27+00:00","breadcrumb":{"@id":"https:\/\/www.abf.se\/vast\/vara-verksamheter\/kostnadsfria-cirklar\/#breadcrumb"},"inLanguage":"sv-SE","potentialAction":[{"@type":"ReadAction","target":["https:\/\/www.abf.se\/vast\/vara-verksamheter\/kostnadsfria-cirklar\/"]}]},{"@type":"BreadcrumbList","@id":"https:\/\/www.abf.se\/vast\/vara-verksamheter\/kostnadsfria-cirklar\/#breadcrumb","itemListElement":[{"@type":"ListItem","position":1,"name":"Home","item":"https:\/\/www.abf.se\/vast\/"},{"@type":"ListItem","position":2,"name":"V\u00e5ra verksamheter","item":"https:\/\/www.abf.se\/vast\/vara-verksamheter\/"},{"@type":"ListItem","position":3,"name":"Kostnadsfria cirklar"}]},{"@type":"WebSite","@id":"https:\/\/www.abf.se\/vast\/#website","url":"https:\/\/www.abf.se\/vast\/","name":"V\u00e4st","description":"","potentialAction":[{"@type":"SearchAction","target":{"@type":"EntryPoint","urlTemplate":"https:\/\/www.abf.se\/vast\/?s={search_term_string}"},"query-input":{"@type":"PropertyValueSpecification","valueRequired":true,"valueName":"search_term_string"}}],"inLanguage":"sv-SE"}]}},"_links":{"self":[{"href":"https:\/\/www.abf.se\/vast\/wp-json\/wp\/v2\/pages\/625","targetHints":{"allow":["GET"]}}],"collection":[{"href":"https:\/\/www.abf.se\/vast\/wp-json\/wp\/v2\/pages"}],"about":[{"href":"https:\/\/www.abf.se\/vast\/wp-json\/wp\/v2\/types\/page"}],"author":[{"embeddable":true,"href":"https:\/\/www.abf.se\/vast\/wp-json\/wp\/v2\/users\/23"}],"replies":[{"embeddable":true,"href":"https:\/\/www.abf.se\/vast\/wp-json\/wp\/v2\/comments?post=625"}],"version-history":[{"count":8,"href":"https:\/\/www.abf.se\/vast\/wp-json\/wp\/v2\/pages\/625\/revisions"}],"predecessor-version":[{"id":1238,"href":"https:\/\/www.abf.se\/vast\/wp-json\/wp\/v2\/pages\/625\/revisions\/1238"}],"up":[{"embeddable":true,"href":"https:\/\/www.abf.se\/vast\/wp-json\/wp\/v2\/pages\/37"}],"wp:attachment":[{"href":"https:\/\/www.abf.se\/vast\/wp-json\/wp\/v2\/media?parent=625"}],"curies":[{"name":"wp","href":"https:\/\/api.w.org\/{rel}","templated":true}]}}