{"id":936,"date":"2024-04-24T13:49:55","date_gmt":"2024-04-24T11:49:55","guid":{"rendered":"https:\/\/www.abf.se\/goteborg\/?page_id=936"},"modified":"2024-04-26T09:24:13","modified_gmt":"2024-04-26T07:24:13","slug":"medlemsorganisationer","status":"publish","type":"page","link":"https:\/\/www.abf.se\/vast\/medlemsorganisationer\/","title":{"rendered":"V\u00e5ra medlemsorganisationer"},"content":{"rendered":"<div\n    class=\"acf-hero-block container-lg no-padding mb-12 js-geolocation\"\n    data-block=\"hero-block\"\n    data-index=\"0\"\n>\n    <div class=\"h-[548px]  relative rounded-[32px] overflow-hidden flex bg-gray-light\">\n        <div class=\"relative z-10 mt-auto h-auto w-full md:h-full\">\n            <div class=\"flex w-full h-full flex-col flex-wrap justify-end w-full md:w-7\/12 lg:w-1\/2 md:justify-center\">\n                <div class=\"flex flex-col gap-3 md:gap-[18px] md:transparent pt-16 pb-36 md:py-8 px-4 w-full md:max-w-[620px] mx-auto px-8\">\n\n                    <h1 class=\"hero-heading hero-heading--red-text\"><span>V\u00e5ra medlemsorganisationer<\/span><\/h1>\n\n                    \n                                    <\/div>\n            <\/div>\n        <\/div>\n\n                    <picture class=\"as-background-image mix-blend-multiply bg-black\/40\"><img decoding=\"async\" src=\"https:\/\/www.abf.se\/vast\/resized\/?url=https%3A%2F%2Fwww.abf.se%2Fwp-content%2Fuploads%2F2024%2F04%2FABF_header_1805-5669.jpg&#038;fit=crop&#038;w=1440&#038;s=84199e1abc99a4c418fd66a8c1cc3f8b\" srcset=\"https:\/\/www.abf.se\/vast\/resized\/?url=https%3A%2F%2Fwww.abf.se%2Fwp-content%2Fuploads%2F2024%2F04%2FABF_header_1805-5669.jpg&#038;fit=crop&#038;w=375&#038;h=540&#038;s=224b1d0a09f4afb297355b188cce80e6 375w, https:\/\/www.abf.se\/vast\/resized\/?url=https%3A%2F%2Fwww.abf.se%2Fwp-content%2Fuploads%2F2024%2F04%2FABF_header_1805-5669.jpg&#038;fit=crop&#038;w=447&#038;h=540&#038;s=2b87aec489f5570c39e72a26ed26e9ed 447w, https:\/\/www.abf.se\/vast\/resized\/?url=https%3A%2F%2Fwww.abf.se%2Fwp-content%2Fuploads%2F2024%2F04%2FABF_header_1805-5669.jpg&#038;fit=crop&#038;w=519&#038;h=540&#038;s=ab61141f99b1d1ec4ed6cb3009edc12b 519w, https:\/\/www.abf.se\/vast\/resized\/?url=https%3A%2F%2Fwww.abf.se%2Fwp-content%2Fuploads%2F2024%2F04%2FABF_header_1805-5669.jpg&#038;fit=crop&#038;w=591&#038;h=540&#038;s=4a515a769d5c8353f02d16561f3e16ce 591w, https:\/\/www.abf.se\/vast\/resized\/?url=https%3A%2F%2Fwww.abf.se%2Fwp-content%2Fuploads%2F2024%2F04%2FABF_header_1805-5669.jpg&#038;fit=crop&#038;w=663&#038;h=540&#038;s=b3cb9538f12886a91f685808a175e121 663w, https:\/\/www.abf.se\/vast\/resized\/?url=https%3A%2F%2Fwww.abf.se%2Fwp-content%2Fuploads%2F2024%2F04%2FABF_header_1805-5669.jpg&#038;fit=crop&#038;w=750&#038;h=540&#038;s=1a2cd0cd37c581817a43afc250be0629 750w, https:\/\/www.abf.se\/vast\/resized\/?url=https%3A%2F%2Fwww.abf.se%2Fwp-content%2Fuploads%2F2024%2F04%2FABF_header_1805-5669.jpg&#038;fit=crop&#038;w=894&#038;h=540&#038;s=377d2434d90185a63c0cb2e97a525f9f 894w, https:\/\/www.abf.se\/vast\/resized\/?url=https%3A%2F%2Fwww.abf.se%2Fwp-content%2Fuploads%2F2024%2F04%2FABF_header_1805-5669.jpg&#038;fit=crop&#038;w=1038&#038;h=540&#038;s=a9e5d37caecfd4d7b569d546a2d6d64d 1038w, https:\/\/www.abf.se\/vast\/resized\/?url=https%3A%2F%2Fwww.abf.se%2Fwp-content%2Fuploads%2F2024%2F04%2FABF_header_1805-5669.jpg&#038;fit=crop&#038;w=1182&#038;h=540&#038;s=948c9639898d4d4f03bb08438801675e 1182w, https:\/\/www.abf.se\/vast\/resized\/?url=https%3A%2F%2Fwww.abf.se%2Fwp-content%2Fuploads%2F2024%2F04%2FABF_header_1805-5669.jpg&#038;fit=crop&#038;w=1326&#038;h=540&#038;s=6b54b41274cc71f1e23c475331c0cc8d 1326w, https:\/\/www.abf.se\/vast\/resized\/?url=https%3A%2F%2Fwww.abf.se%2Fwp-content%2Fuploads%2F2024%2F04%2FABF_header_1805-5669.jpg&#038;fit=crop&#038;w=1440&#038;h=540&#038;s=6fccbd55492442572a42cbfe854b5e5e 1440w\" alt=\"\" height=\"540\" width=\"1440\" sizes=\"(max-width: 1440px) calc(100vw - 32px), 1440px\" loading=\"eager\" fetchpriority=\"high\" aria-hidden=\"true\" role=\"presentation\" \/><\/picture>\n        \n\n            <\/div>\n\n    <\/div>\n\n<div\n    class=\"acf-article-text-block article-container my-12\"\n    data-block=\"article-text-block\"\n>\n    <div class=\"wysiwyg\">\n        <h3>Pension\u00e4rsf\u00f6reningar<\/h3>\n<p>PRO Allm\u00e4nna Gruppen \u2013 Metall<br \/>\nPRO Askim<br \/>\nPRO Backa-Brunnsbo<br \/>\nPRO Bergum<br \/>\nPRO Bj\u00f6rkek\u00e4rr<br \/>\nPRO Bl\u00e5 Staden Backadalen<br \/>\nPRO Distriktet<br \/>\nPRO Ekeb\u00e4ck<br \/>\nPRO Enigheten<br \/>\nPRO Eriksbo-Hj\u00e4llbo<br \/>\nPRO G\u00f6teborgs Pension\u00e4rsf\u00f6rening<br \/>\nPRO Hammarkullen<br \/>\nPRO Hisings-K\u00e4rra<br \/>\nPRO HSB Regnb\u00e5gen-Vindrosen<br \/>\nPRO Kultur<br \/>\nPRO K\u00e5lltorp<br \/>\nPRO Lerg\u00f6ken<br \/>\nPRO Lundby-Bjursl\u00e4tt<br \/>\nPRO L\u00f6vg\u00e4rdet<br \/>\nPRO Norum<br \/>\nPRO Smycket<br \/>\nPRO Teleringen-\u00d6stra<br \/>\nPRO Torslanda-Bj\u00f6rlanda<br \/>\nPRO Tuve-S\u00e4ve<br \/>\nPRO Utby<br \/>\nPRO Volvo Pension\u00e4rsf\u00f6rening<br \/>\nAnkkurit<br \/>\nSvenska Kommunalpension\u00e4rernas F\u00f6rbund Distrikt G\u00f6teborg<br \/>\nG\u00f6teborgs Finska Pension\u00e4rsf\u00f6rening<\/p>\n<h3>Etniska f\u00f6reningar<\/h3>\n<p>Bergsj\u00f6ns Finska F\u00f6rening<br \/>\nGambian Association<br \/>\nGrekiska F\u00f6reningen<br \/>\nMakedoniska F\u00f6reningen Goce Delcev<br \/>\nIranska Riksf\u00f6rbundet i Sverige (IRIS) Distrikt G\u00f6teborg<br \/>\nJedinstvo<br \/>\nSerbiska KIF KOZARA<br \/>\nSerbiska F\u00f6reningen Sindjelic<br \/>\nSerbiska Regionala Organisationen i G\u00f6teborg (SRO)<br \/>\nSverigefinska Distriktet<\/p>\n<h3>Fackliga organisationer<\/h3>\n<p>LO-distriktet i V\u00e4stsverige<br \/>\nByggnads V\u00e4st<br \/>\nSvenska Elektrikerf\u00f6rbundet Region V\u00e4st<br \/>\nFastighetsanst\u00e4lldas F\u00f6rbund Region v\u00e4st<br \/>\nHandels Avdelning 24<br \/>\nHotell- och Restaurangfacket Avdelning 01 V\u00e4st<br \/>\nIF Metall G\u00f6teborg<br \/>\nKommunal V\u00e4st<br \/>\nLivsmedelsarbetaref\u00f6rbundet Region V\u00e4st<br \/>\nSvenska M\u00e5laref\u00f6rbundet Avdelning 3 V\u00e4st<br \/>\nSAC \u2013 G\u00f6teborgs LS<br \/>\nSeko V\u00e4st<br \/>\nSvenska Transportarbetaref\u00f6rbundet Avdelning 2<br \/>\nSvenska Transportarbetaref\u00f6rbundet Avdelning 3<\/p>\n<h3>Funktionshinderorganisationer<\/h3>\n<p>Apn\u00e9f\u00f6reningen V\u00e4st<br \/>\nDHR G\u00f6teborgsavdelningen<br \/>\nG\u00f6teborgs Diabetesf\u00f6rening<br \/>\nG\u00f6teborgs D\u00f6vas F\u00f6rening<br \/>\nHj\u00e4rtLung G\u00f6teborg<br \/>\nH\u00f6rselskadades F\u00f6rening i G\u00f6teborg<br \/>\nILCO Region V\u00e4stra G\u00f6taland<br \/>\nG\u00f6teborgs lokalf\u00f6rening<br \/>\nNeurof\u00f6rbundet G\u00f6teborg<br \/>\nPsoriasisf\u00f6rbundet Storg\u00f6teborgs Lokalavdelning<br \/>\nReumatikerdistriktet i G\u00f6teborg<br \/>\nSynskadades Riksf\u00f6rbund G\u00f6teborg<\/p>\n<h3>Politiska organisationer<\/h3>\n<p>Assy Angereds Finska<br \/>\nSocialdemokratiska F\u00f6rening<br \/>\nBacka Socialdemokratiska Kvinnoklubb<br \/>\nCentrum f\u00f6r Marxistiska Samh\u00e4llsstudier (CMS)<br \/>\nG\u00f6teborgs Socialdemokratiska Kvinnodistrikt<br \/>\nG\u00f6teborgs Socialdemokratiska Ungdomsdistrikt<br \/>\nLundby Socialdemokratiska Kvinnoklubb<br \/>\nSocialdemokraterna i G\u00f6teborg<br \/>\nSocialdemokraterna i Lundby<br \/>\nV\u00e4nsterpartiet G\u00f6teborg<\/p>\n<h3>\u00d6vriga organisationer<\/h3>\n<p>Club 2000<br \/>\nGender And Development In Practice (GADIP)<br \/>\nG\u00f6teborgs Arbetars\u00e5ngardistrikt<br \/>\nHSB G\u00f6teborg<br \/>\nHyresg\u00e4stf\u00f6reningen Region V\u00e4stra Sverige<br \/>\nRiksbyggens Intressef\u00f6rening<br \/>\nSvenska Spanienfrivilligas V\u00e4nner<\/p>\n\n    <\/div>\n<\/div>\n","protected":false},"excerpt":{"rendered":"","protected":false},"author":23,"featured_media":0,"parent":0,"menu_order":0,"comment_status":"closed","ping_status":"closed","template":"","meta":{"_acf_changed":false,"footnotes":""},"class_list":["post-936","page","type-page","status-publish","hentry"],"acf":[],"yoast_head":"<!-- This site is optimized with the Yoast SEO plugin v27.0 - https:\/\/yoast.com\/product\/yoast-seo-wordpress\/ -->\n<title>V\u00e5ra medlemsorganisationer - V\u00e4st<\/title>\n<meta name=\"robots\" content=\"index, follow, max-snippet:-1, max-image-preview:large, max-video-preview:-1\" \/>\n<link rel=\"canonical\" href=\"https:\/\/www.abf.se\/vast\/medlemsorganisationer\/\" \/>\n<meta property=\"og:locale\" content=\"sv_SE\" \/>\n<meta property=\"og:type\" content=\"article\" \/>\n<meta property=\"og:title\" content=\"V\u00e5ra medlemsorganisationer - V\u00e4st\" \/>\n<meta property=\"og:url\" content=\"https:\/\/www.abf.se\/vast\/medlemsorganisationer\/\" \/>\n<meta property=\"og:site_name\" content=\"V\u00e4st\" \/>\n<meta property=\"article:modified_time\" content=\"2024-04-26T07:24:13+00:00\" \/>\n<meta property=\"og:image\" content=\"https:\/\/www.abf.se\/wp-content\/uploads\/sites\/22\/2024\/04\/Nyckeln-liggande-scaled.jpg\" \/>\n\t<meta property=\"og:image:width\" content=\"2560\" \/>\n\t<meta property=\"og:image:height\" content=\"1440\" \/>\n\t<meta property=\"og:image:type\" content=\"image\/jpeg\" \/>\n<meta name=\"twitter:card\" content=\"summary_large_image\" \/>\n<script type=\"application\/ld+json\" class=\"yoast-schema-graph\">{\"@context\":\"https:\/\/schema.org\",\"@graph\":[{\"@type\":\"WebPage\",\"@id\":\"https:\/\/www.abf.se\/vast\/medlemsorganisationer\/\",\"url\":\"https:\/\/www.abf.se\/vast\/medlemsorganisationer\/\",\"name\":\"V\u00e5ra medlemsorganisationer - V\u00e4st\",\"isPartOf\":{\"@id\":\"https:\/\/www.abf.se\/vast\/#website\"},\"datePublished\":\"2024-04-24T11:49:55+00:00\",\"dateModified\":\"2024-04-26T07:24:13+00:00\",\"breadcrumb\":{\"@id\":\"https:\/\/www.abf.se\/vast\/medlemsorganisationer\/#breadcrumb\"},\"inLanguage\":\"sv-SE\",\"potentialAction\":[{\"@type\":\"ReadAction\",\"target\":[\"https:\/\/www.abf.se\/vast\/medlemsorganisationer\/\"]}]},{\"@type\":\"BreadcrumbList\",\"@id\":\"https:\/\/www.abf.se\/vast\/medlemsorganisationer\/#breadcrumb\",\"itemListElement\":[{\"@type\":\"ListItem\",\"position\":1,\"name\":\"Home\",\"item\":\"https:\/\/www.abf.se\/vast\/\"},{\"@type\":\"ListItem\",\"position\":2,\"name\":\"V\u00e5ra medlemsorganisationer\"}]},{\"@type\":\"WebSite\",\"@id\":\"https:\/\/www.abf.se\/vast\/#website\",\"url\":\"https:\/\/www.abf.se\/vast\/\",\"name\":\"V\u00e4st\",\"description\":\"\",\"potentialAction\":[{\"@type\":\"SearchAction\",\"target\":{\"@type\":\"EntryPoint\",\"urlTemplate\":\"https:\/\/www.abf.se\/vast\/?s={search_term_string}\"},\"query-input\":{\"@type\":\"PropertyValueSpecification\",\"valueRequired\":true,\"valueName\":\"search_term_string\"}}],\"inLanguage\":\"sv-SE\"}]}<\/script>\n<!-- \/ Yoast SEO plugin. -->","yoast_head_json":{"title":"V\u00e5ra medlemsorganisationer - V\u00e4st","robots":{"index":"index","follow":"follow","max-snippet":"max-snippet:-1","max-image-preview":"max-image-preview:large","max-video-preview":"max-video-preview:-1"},"canonical":"https:\/\/www.abf.se\/vast\/medlemsorganisationer\/","og_locale":"sv_SE","og_type":"article","og_title":"V\u00e5ra medlemsorganisationer - V\u00e4st","og_url":"https:\/\/www.abf.se\/vast\/medlemsorganisationer\/","og_site_name":"V\u00e4st","article_modified_time":"2024-04-26T07:24:13+00:00","og_image":[{"width":2560,"height":1440,"url":"https:\/\/www.abf.se\/wp-content\/uploads\/sites\/22\/2024\/04\/Nyckeln-liggande-scaled.jpg","type":"image\/jpeg"}],"twitter_card":"summary_large_image","schema":{"@context":"https:\/\/schema.org","@graph":[{"@type":"WebPage","@id":"https:\/\/www.abf.se\/vast\/medlemsorganisationer\/","url":"https:\/\/www.abf.se\/vast\/medlemsorganisationer\/","name":"V\u00e5ra medlemsorganisationer - V\u00e4st","isPartOf":{"@id":"https:\/\/www.abf.se\/vast\/#website"},"datePublished":"2024-04-24T11:49:55+00:00","dateModified":"2024-04-26T07:24:13+00:00","breadcrumb":{"@id":"https:\/\/www.abf.se\/vast\/medlemsorganisationer\/#breadcrumb"},"inLanguage":"sv-SE","potentialAction":[{"@type":"ReadAction","target":["https:\/\/www.abf.se\/vast\/medlemsorganisationer\/"]}]},{"@type":"BreadcrumbList","@id":"https:\/\/www.abf.se\/vast\/medlemsorganisationer\/#breadcrumb","itemListElement":[{"@type":"ListItem","position":1,"name":"Home","item":"https:\/\/www.abf.se\/vast\/"},{"@type":"ListItem","position":2,"name":"V\u00e5ra medlemsorganisationer"}]},{"@type":"WebSite","@id":"https:\/\/www.abf.se\/vast\/#website","url":"https:\/\/www.abf.se\/vast\/","name":"V\u00e4st","description":"","potentialAction":[{"@type":"SearchAction","target":{"@type":"EntryPoint","urlTemplate":"https:\/\/www.abf.se\/vast\/?s={search_term_string}"},"query-input":{"@type":"PropertyValueSpecification","valueRequired":true,"valueName":"search_term_string"}}],"inLanguage":"sv-SE"}]}},"_links":{"self":[{"href":"https:\/\/www.abf.se\/vast\/wp-json\/wp\/v2\/pages\/936","targetHints":{"allow":["GET"]}}],"collection":[{"href":"https:\/\/www.abf.se\/vast\/wp-json\/wp\/v2\/pages"}],"about":[{"href":"https:\/\/www.abf.se\/vast\/wp-json\/wp\/v2\/types\/page"}],"author":[{"embeddable":true,"href":"https:\/\/www.abf.se\/vast\/wp-json\/wp\/v2\/users\/23"}],"replies":[{"embeddable":true,"href":"https:\/\/www.abf.se\/vast\/wp-json\/wp\/v2\/comments?post=936"}],"version-history":[{"count":4,"href":"https:\/\/www.abf.se\/vast\/wp-json\/wp\/v2\/pages\/936\/revisions"}],"predecessor-version":[{"id":1226,"href":"https:\/\/www.abf.se\/vast\/wp-json\/wp\/v2\/pages\/936\/revisions\/1226"}],"wp:attachment":[{"href":"https:\/\/www.abf.se\/vast\/wp-json\/wp\/v2\/media?parent=936"}],"curies":[{"name":"wp","href":"https:\/\/api.w.org\/{rel}","templated":true}]}}