{"id":140,"date":"2024-11-14T11:05:26","date_gmt":"2024-11-14T10:05:26","guid":{"rendered":"https:\/\/www.abf.se\/vasterbotten\/?page_id=140"},"modified":"2025-04-28T13:52:55","modified_gmt":"2025-04-28T11:52:55","slug":"projekt","status":"publish","type":"page","link":"https:\/\/www.abf.se\/vasterbotten\/projekt\/","title":{"rendered":"Projekt med ABF"},"content":{"rendered":"<div\n    class=\"acf-hero-block container-lg no-padding mb-12 js-geolocation\"\n    data-block=\"hero-block\"\n    data-index=\"0\"\n>\n    <div class=\"h-[548px]  relative rounded-[32px] overflow-hidden flex bg-gray-light\">\n        <div class=\"relative z-10 mt-auto h-auto w-full md:h-full\">\n            <div class=\"flex w-full h-full flex-col flex-wrap justify-end w-full md:w-7\/12 lg:w-1\/2 md:justify-center\">\n                <div class=\"flex flex-col gap-3 md:gap-[18px] md:transparent pt-16 pb-36 md:py-8 px-4 w-full md:max-w-[620px] mx-auto px-8\">\n\n                    <h1 class=\"hero-heading\"><span>Projekt med ABF<\/span><\/h1>\n\n                    \n                                    <\/div>\n            <\/div>\n        <\/div>\n\n                    <picture class=\"as-background-image mix-blend-multiply bg-black\/40\"><img decoding=\"async\" src=\"https:\/\/www.abf.se\/vasterbotten\/resized\/?url=https%3A%2F%2Fwww.abf.se%2Fwp-content%2Fuploads%2Fsites%2F55%2F2024%2F04%2FMG_4059-scaled.jpg&#038;fit=crop&#038;w=1440&#038;s=c4980b7d31a37170d199a996b60f4a7e\" srcset=\"https:\/\/www.abf.se\/vasterbotten\/resized\/?url=https%3A%2F%2Fwww.abf.se%2Fwp-content%2Fuploads%2Fsites%2F55%2F2024%2F04%2FMG_4059-scaled.jpg&#038;fit=crop&#038;w=375&#038;h=540&#038;s=dc0a99dc6b205aab9a43bfd428a27960 375w, https:\/\/www.abf.se\/vasterbotten\/resized\/?url=https%3A%2F%2Fwww.abf.se%2Fwp-content%2Fuploads%2Fsites%2F55%2F2024%2F04%2FMG_4059-scaled.jpg&#038;fit=crop&#038;w=447&#038;h=540&#038;s=3c4a88b99fc8e73aab2e65ace73d91e6 447w, https:\/\/www.abf.se\/vasterbotten\/resized\/?url=https%3A%2F%2Fwww.abf.se%2Fwp-content%2Fuploads%2Fsites%2F55%2F2024%2F04%2FMG_4059-scaled.jpg&#038;fit=crop&#038;w=519&#038;h=540&#038;s=cf92e36f6762704ebdbdded216dc9aaa 519w, https:\/\/www.abf.se\/vasterbotten\/resized\/?url=https%3A%2F%2Fwww.abf.se%2Fwp-content%2Fuploads%2Fsites%2F55%2F2024%2F04%2FMG_4059-scaled.jpg&#038;fit=crop&#038;w=591&#038;h=540&#038;s=0ff20794740f5db9724d52214545305a 591w, https:\/\/www.abf.se\/vasterbotten\/resized\/?url=https%3A%2F%2Fwww.abf.se%2Fwp-content%2Fuploads%2Fsites%2F55%2F2024%2F04%2FMG_4059-scaled.jpg&#038;fit=crop&#038;w=663&#038;h=540&#038;s=1bb957b3ae7330b3512402ea8d368c64 663w, https:\/\/www.abf.se\/vasterbotten\/resized\/?url=https%3A%2F%2Fwww.abf.se%2Fwp-content%2Fuploads%2Fsites%2F55%2F2024%2F04%2FMG_4059-scaled.jpg&#038;fit=crop&#038;w=750&#038;h=540&#038;s=216c5ca8d03609cc93a5222d557ec874 750w, https:\/\/www.abf.se\/vasterbotten\/resized\/?url=https%3A%2F%2Fwww.abf.se%2Fwp-content%2Fuploads%2Fsites%2F55%2F2024%2F04%2FMG_4059-scaled.jpg&#038;fit=crop&#038;w=894&#038;h=540&#038;s=76f5f30e96d9b8cdb1ba134abb9d1dca 894w, https:\/\/www.abf.se\/vasterbotten\/resized\/?url=https%3A%2F%2Fwww.abf.se%2Fwp-content%2Fuploads%2Fsites%2F55%2F2024%2F04%2FMG_4059-scaled.jpg&#038;fit=crop&#038;w=1038&#038;h=540&#038;s=fb2bc407092f08f8e92adbb28a4e706c 1038w, https:\/\/www.abf.se\/vasterbotten\/resized\/?url=https%3A%2F%2Fwww.abf.se%2Fwp-content%2Fuploads%2Fsites%2F55%2F2024%2F04%2FMG_4059-scaled.jpg&#038;fit=crop&#038;w=1182&#038;h=540&#038;s=24a9d030f8c1a42b6501e18074a7bf0f 1182w, https:\/\/www.abf.se\/vasterbotten\/resized\/?url=https%3A%2F%2Fwww.abf.se%2Fwp-content%2Fuploads%2Fsites%2F55%2F2024%2F04%2FMG_4059-scaled.jpg&#038;fit=crop&#038;w=1326&#038;h=540&#038;s=5d77971ff3b2c51405ffac8acfd5d7fb 1326w, https:\/\/www.abf.se\/vasterbotten\/resized\/?url=https%3A%2F%2Fwww.abf.se%2Fwp-content%2Fuploads%2Fsites%2F55%2F2024%2F04%2FMG_4059-scaled.jpg&#038;fit=crop&#038;w=1440&#038;h=540&#038;s=6db3d4ee25d16f7175b1becbbc560433 1440w\" alt=\"\" height=\"540\" width=\"1440\" sizes=\"(max-width: 1440px) calc(100vw - 32px), 1440px\" loading=\"eager\" fetchpriority=\"high\" aria-hidden=\"true\" role=\"presentation\" \/><\/picture>\n        \n\n                    <figure class=\"absolute bottom-0  md:w-1\/2 transform right-0 translate-x-10 md:translate-x-32\">\n                <img decoding=\"async\"\n                    alt=\"\"\n                    aria-hidden=\"true\"\n                    class=\"h-auto w-full\"\n                    role=\"presentation\"\n                    src=\"\/assets\/images\/two_circles_bottom.svg\"\n                >\n            <\/figure>\n            <\/div>\n\n    <\/div>\n\n<div\n    class=\"acf-text-image-block container my-12 md:my-15\"\n    data-block=\"text-image-block\"\n>\n    <div\n    class=\"flex flex-col items-center md:flex-row gap-8 md:gap-0 justify-between\">\n                        <div class=\"w-full md:w-1\/2 md:order-2\">\n            <picture><img decoding=\"async\" src=\"https:\/\/www.abf.se\/vasterbotten\/resized\/?url=https%3A%2F%2Fwww.abf.se%2Fwp-content%2Fuploads%2Fsites%2F55%2F2025%2F04%2FTagrals.png&#038;fit=crop&#038;w=578&#038;s=cd3884649ab94c0721cfd5a51e47cec9\" srcset=\"https:\/\/www.abf.se\/vasterbotten\/resized\/?url=https%3A%2F%2Fwww.abf.se%2Fwp-content%2Fuploads%2Fsites%2F55%2F2025%2F04%2FTagrals.png&#038;fit=crop&#038;w=144&#038;h=126&#038;s=3e0be2b156bc6fdf68ac266b1d72ad82 144w, https:\/\/www.abf.se\/vasterbotten\/resized\/?url=https%3A%2F%2Fwww.abf.se%2Fwp-content%2Fuploads%2Fsites%2F55%2F2025%2F04%2FTagrals.png&#038;fit=crop&#038;w=240&#038;h=211&#038;s=11594a083afe2ac4a24732bab6404e28 240w, https:\/\/www.abf.se\/vasterbotten\/resized\/?url=https%3A%2F%2Fwww.abf.se%2Fwp-content%2Fuploads%2Fsites%2F55%2F2025%2F04%2FTagrals.png&#038;fit=crop&#038;w=288&#038;h=253&#038;s=392a8e3c02ed3ab08cd337466c0067d8 288w, https:\/\/www.abf.se\/vasterbotten\/resized\/?url=https%3A%2F%2Fwww.abf.se%2Fwp-content%2Fuploads%2Fsites%2F55%2F2025%2F04%2FTagrals.png&#038;fit=crop&#038;w=336&#038;h=295&#038;s=531b931c673be47cba899accd8192b64 336w, https:\/\/www.abf.se\/vasterbotten\/resized\/?url=https%3A%2F%2Fwww.abf.se%2Fwp-content%2Fuploads%2Fsites%2F55%2F2025%2F04%2FTagrals.png&#038;fit=crop&#038;w=432&#038;h=380&#038;s=0aeb16347a0252cf37623be95d25ec9f 432w, https:\/\/www.abf.se\/vasterbotten\/resized\/?url=https%3A%2F%2Fwww.abf.se%2Fwp-content%2Fuploads%2Fsites%2F55%2F2025%2F04%2FTagrals.png&#038;fit=crop&#038;w=480&#038;h=422&#038;s=a964e98fadf6a67acb32b3fede64e21a 480w, https:\/\/www.abf.se\/vasterbotten\/resized\/?url=https%3A%2F%2Fwww.abf.se%2Fwp-content%2Fuploads%2Fsites%2F55%2F2025%2F04%2FTagrals.png&#038;fit=crop&#038;w=528&#038;h=464&#038;s=10c05d39b1f78248015d3bc7f093ab51 528w, https:\/\/www.abf.se\/vasterbotten\/resized\/?url=https%3A%2F%2Fwww.abf.se%2Fwp-content%2Fuploads%2Fsites%2F55%2F2025%2F04%2FTagrals.png&#038;fit=crop&#038;w=578&#038;h=509&#038;s=0d4fb2987303db8b3cef4798c3e2004c 578w, https:\/\/www.abf.se\/vasterbotten\/resized\/?url=https%3A%2F%2Fwww.abf.se%2Fwp-content%2Fuploads%2Fsites%2F55%2F2025%2F04%2FTagrals.png&#038;fit=crop&#038;w=672&#038;h=591&#038;s=9a70992625aafdd7d16dc12836201ea5 672w, https:\/\/www.abf.se\/vasterbotten\/resized\/?url=https%3A%2F%2Fwww.abf.se%2Fwp-content%2Fuploads%2Fsites%2F55%2F2025%2F04%2FTagrals.png&#038;fit=crop&#038;w=864&#038;h=760&#038;s=38e35dce2c51462a0e62f23799a61940 864w, https:\/\/www.abf.se\/vasterbotten\/resized\/?url=https%3A%2F%2Fwww.abf.se%2Fwp-content%2Fuploads%2Fsites%2F55%2F2025%2F04%2FTagrals.png&#038;fit=crop&#038;w=1056&#038;h=929&#038;s=1f1672075b224e15bf8a3c76e955919d 1056w\" alt=\"projekt id&eacute; v&auml;xer fram\" height=\"509\" width=\"578\" sizes=\"auto, (max-width: 768px) 100vw,\n                (max-width: 1280px) 50vw, 578px\" loading=\"lazy\" fetchpriority=\"low\" \/><\/picture>\n\n        <\/div>\n        \n        <div class=\"w-full md:w-1\/2 md:order-1\">\n        <div class=\"mx-auto md:max-w-[368px]\">\n            <h2 class=\"heading-lg\">Har du en id\u00e9 du vill f\u00f6rverkliga?<\/h2>\n            <div class=\"mb-6 mt-4 wysiwyg\">\n                <p> Id\u00e9n \u00e4r oftast svaret p\u00e5 utmaningar eller problem som uppt\u00e4ckts i v\u00e5r omv\u00e4rld och som beh\u00f6ver en l\u00f6sning. Vi kan erbjuda workshops f\u00f6r id\u00e9generering, bollning och st\u00f6ttning f\u00f6r att utveckla projektid\u00e9er. Vi kan dessutom st\u00f6tta med administrativ hj\u00e4lp kopplat till projektans\u00f6kningar, projektgenomf\u00f6rande och \u00e5terrapporteringar.<\/p>\n\n            <\/div>\n                                            <a href='https:\/\/www.abf.se\/wp-content\/uploads\/sites\/55\/2025\/04\/Starta-projekt-med-ABF-Workshoppaket.pdf' class=\"default-button\" target=\"\">Se v\u00e5ra workshop erbjudanden<\/a>\n                    <\/div>\n        <\/div>\n    <\/div>\n<\/div><div\n    class=\"acf-article-text-block article-container my-12\"\n    data-block=\"article-text-block\"\n>\n    <div class=\"wysiwyg\">\n        \n    <\/div>\n<\/div>\n<div\n    class=\"acf-plain-heading-block container my-16\"\n    data-block=\"plain-heading-block\"\n>\n    <div class=\"max-w-[658px] mx-auto\">\n                <h1 class=\"hero-heading\"><span>Vi kan st\u00f6tta er med att<\/span><\/h1>\n                            <p class=\"mt-8 body-xl text-black\">\n                \u2022\tF\u00e5nga och f\u00f6lja upp id\u00e9er<br \/>\r\n\u2022\tUtveckla projekt<br \/>\r\n\u2022\tHitta finansiering<br \/>\r\n\u2022\tAdministration<br \/>\r\n\u2022\tProjektredovisning<br \/>\r\n<br \/>\r\nVi tror p\u00e5 samarbete och samverkan!<br \/>\r\n\u00c4r ni en lokal eller regional organisation som vill samarbeta med ABF och delar v\u00e5ran v\u00e4rdegrund? Omvandla din ide till ett projekt tillsammans med ABF!<br \/>\r\n<br \/>\r\nH\u00f6r av er!\n            <\/p>\n            <\/div>\n<\/div>\n<div\n    class=\"acf-plain-heading-block container my-16\"\n    data-block=\"plain-heading-block\"\n>\n    <div class=\"max-w-[658px] mx-auto\">\n                <h2 class=\"hero-heading\"><span>Kontakta v\u00e5r projektkoordinator<\/span><\/h2>\n                            <p class=\"mt-8 body-xl text-black\">\n                Marta Lund<br \/>\r\nMarta.lund@abf.se<br \/>\r\n076-308 83 75<br \/>\r\n\n            <\/p>\n            <\/div>\n<\/div>\n","protected":false},"excerpt":{"rendered":"","protected":false},"author":25,"featured_media":0,"parent":0,"menu_order":0,"comment_status":"closed","ping_status":"closed","template":"","meta":{"_acf_changed":false,"footnotes":""},"class_list":["post-140","page","type-page","status-publish","hentry"],"acf":[],"yoast_head":"<!-- This site is optimized with the Yoast SEO plugin v27.0 - https:\/\/yoast.com\/product\/yoast-seo-wordpress\/ -->\n<title>Projekt med ABF - Distriktet V\u00e4sterbotten<\/title>\n<meta name=\"robots\" content=\"index, follow, max-snippet:-1, max-image-preview:large, max-video-preview:-1\" \/>\n<link rel=\"canonical\" href=\"https:\/\/www.abf.se\/vasterbotten\/projekt\/\" \/>\n<meta property=\"og:locale\" content=\"sv_SE\" \/>\n<meta property=\"og:type\" content=\"article\" \/>\n<meta property=\"og:title\" content=\"Projekt med ABF - Distriktet V\u00e4sterbotten\" \/>\n<meta property=\"og:url\" content=\"https:\/\/www.abf.se\/vasterbotten\/projekt\/\" \/>\n<meta property=\"og:site_name\" content=\"Distriktet V\u00e4sterbotten\" \/>\n<meta property=\"article:modified_time\" content=\"2025-04-28T11:52:55+00:00\" \/>\n<meta property=\"og:image\" content=\"https:\/\/www.abf.se\/wp-content\/uploads\/sites\/55\/2024\/04\/Nyckeln-liggande-scaled.jpg\" \/>\n\t<meta property=\"og:image:width\" content=\"2560\" \/>\n\t<meta property=\"og:image:height\" content=\"1440\" \/>\n\t<meta property=\"og:image:type\" content=\"image\/jpeg\" \/>\n<meta name=\"twitter:card\" content=\"summary_large_image\" \/>\n<script type=\"application\/ld+json\" class=\"yoast-schema-graph\">{\"@context\":\"https:\/\/schema.org\",\"@graph\":[{\"@type\":\"WebPage\",\"@id\":\"https:\/\/www.abf.se\/vasterbotten\/projekt\/\",\"url\":\"https:\/\/www.abf.se\/vasterbotten\/projekt\/\",\"name\":\"Projekt med ABF - Distriktet V\u00e4sterbotten\",\"isPartOf\":{\"@id\":\"https:\/\/www.abf.se\/vasterbotten\/#website\"},\"datePublished\":\"2024-11-14T10:05:26+00:00\",\"dateModified\":\"2025-04-28T11:52:55+00:00\",\"breadcrumb\":{\"@id\":\"https:\/\/www.abf.se\/vasterbotten\/projekt\/#breadcrumb\"},\"inLanguage\":\"sv-SE\",\"potentialAction\":[{\"@type\":\"ReadAction\",\"target\":[\"https:\/\/www.abf.se\/vasterbotten\/projekt\/\"]}]},{\"@type\":\"BreadcrumbList\",\"@id\":\"https:\/\/www.abf.se\/vasterbotten\/projekt\/#breadcrumb\",\"itemListElement\":[{\"@type\":\"ListItem\",\"position\":1,\"name\":\"Home\",\"item\":\"https:\/\/www.abf.se\/vasterbotten\/\"},{\"@type\":\"ListItem\",\"position\":2,\"name\":\"Projekt med ABF\"}]},{\"@type\":\"WebSite\",\"@id\":\"https:\/\/www.abf.se\/vasterbotten\/#website\",\"url\":\"https:\/\/www.abf.se\/vasterbotten\/\",\"name\":\"Distriktet V\u00e4sterbotten\",\"description\":\"\",\"potentialAction\":[{\"@type\":\"SearchAction\",\"target\":{\"@type\":\"EntryPoint\",\"urlTemplate\":\"https:\/\/www.abf.se\/vasterbotten\/?s={search_term_string}\"},\"query-input\":{\"@type\":\"PropertyValueSpecification\",\"valueRequired\":true,\"valueName\":\"search_term_string\"}}],\"inLanguage\":\"sv-SE\"}]}<\/script>\n<!-- \/ Yoast SEO plugin. -->","yoast_head_json":{"title":"Projekt med ABF - Distriktet V\u00e4sterbotten","robots":{"index":"index","follow":"follow","max-snippet":"max-snippet:-1","max-image-preview":"max-image-preview:large","max-video-preview":"max-video-preview:-1"},"canonical":"https:\/\/www.abf.se\/vasterbotten\/projekt\/","og_locale":"sv_SE","og_type":"article","og_title":"Projekt med ABF - Distriktet V\u00e4sterbotten","og_url":"https:\/\/www.abf.se\/vasterbotten\/projekt\/","og_site_name":"Distriktet V\u00e4sterbotten","article_modified_time":"2025-04-28T11:52:55+00:00","og_image":[{"width":2560,"height":1440,"url":"https:\/\/www.abf.se\/wp-content\/uploads\/sites\/55\/2024\/04\/Nyckeln-liggande-scaled.jpg","type":"image\/jpeg"}],"twitter_card":"summary_large_image","schema":{"@context":"https:\/\/schema.org","@graph":[{"@type":"WebPage","@id":"https:\/\/www.abf.se\/vasterbotten\/projekt\/","url":"https:\/\/www.abf.se\/vasterbotten\/projekt\/","name":"Projekt med ABF - Distriktet V\u00e4sterbotten","isPartOf":{"@id":"https:\/\/www.abf.se\/vasterbotten\/#website"},"datePublished":"2024-11-14T10:05:26+00:00","dateModified":"2025-04-28T11:52:55+00:00","breadcrumb":{"@id":"https:\/\/www.abf.se\/vasterbotten\/projekt\/#breadcrumb"},"inLanguage":"sv-SE","potentialAction":[{"@type":"ReadAction","target":["https:\/\/www.abf.se\/vasterbotten\/projekt\/"]}]},{"@type":"BreadcrumbList","@id":"https:\/\/www.abf.se\/vasterbotten\/projekt\/#breadcrumb","itemListElement":[{"@type":"ListItem","position":1,"name":"Home","item":"https:\/\/www.abf.se\/vasterbotten\/"},{"@type":"ListItem","position":2,"name":"Projekt med ABF"}]},{"@type":"WebSite","@id":"https:\/\/www.abf.se\/vasterbotten\/#website","url":"https:\/\/www.abf.se\/vasterbotten\/","name":"Distriktet V\u00e4sterbotten","description":"","potentialAction":[{"@type":"SearchAction","target":{"@type":"EntryPoint","urlTemplate":"https:\/\/www.abf.se\/vasterbotten\/?s={search_term_string}"},"query-input":{"@type":"PropertyValueSpecification","valueRequired":true,"valueName":"search_term_string"}}],"inLanguage":"sv-SE"}]}},"_links":{"self":[{"href":"https:\/\/www.abf.se\/vasterbotten\/wp-json\/wp\/v2\/pages\/140","targetHints":{"allow":["GET"]}}],"collection":[{"href":"https:\/\/www.abf.se\/vasterbotten\/wp-json\/wp\/v2\/pages"}],"about":[{"href":"https:\/\/www.abf.se\/vasterbotten\/wp-json\/wp\/v2\/types\/page"}],"author":[{"embeddable":true,"href":"https:\/\/www.abf.se\/vasterbotten\/wp-json\/wp\/v2\/users\/25"}],"replies":[{"embeddable":true,"href":"https:\/\/www.abf.se\/vasterbotten\/wp-json\/wp\/v2\/comments?post=140"}],"version-history":[{"count":7,"href":"https:\/\/www.abf.se\/vasterbotten\/wp-json\/wp\/v2\/pages\/140\/revisions"}],"predecessor-version":[{"id":161,"href":"https:\/\/www.abf.se\/vasterbotten\/wp-json\/wp\/v2\/pages\/140\/revisions\/161"}],"wp:attachment":[{"href":"https:\/\/www.abf.se\/vasterbotten\/wp-json\/wp\/v2\/media?parent=140"}],"curies":[{"name":"wp","href":"https:\/\/api.w.org\/{rel}","templated":true}]}}