{"id":174,"date":"2026-02-04T13:40:51","date_gmt":"2026-02-04T12:40:51","guid":{"rendered":"https:\/\/www.abf.se\/vasterbotten\/?page_id=174"},"modified":"2026-02-04T14:11:46","modified_gmt":"2026-02-04T13:11:46","slug":"projekt-gallfeber","status":"publish","type":"page","link":"https:\/\/www.abf.se\/vasterbotten\/projekt-gallfeber\/","title":{"rendered":"Projekt Gallfeber"},"content":{"rendered":"<div\n    class=\"acf-hero-block container-lg no-padding mb-12 js-geolocation\"\n    data-block=\"hero-block\"\n    data-index=\"0\"\n>\n    <div class=\"h-[548px]  relative rounded-[32px] overflow-hidden flex bg-gray-light\">\n        <div class=\"relative z-10 mt-auto h-auto w-full md:h-full\">\n            <div class=\"flex w-full h-full flex-col flex-wrap justify-end w-full md:w-7\/12 lg:w-1\/2 md:justify-center\">\n                <div class=\"flex flex-col gap-3 md:gap-[18px] md:transparent pt-16 pb-36 md:py-8 px-4 w-full md:max-w-[620px] mx-auto px-8\">\n\n                    <h1 class=\"hero-heading\"><span><\/span><\/h1>\n\n                    \n                                    <\/div>\n            <\/div>\n        <\/div>\n\n                    <picture class=\"as-background-image mix-blend-multiply bg-black\/40\"><img decoding=\"async\" src=\"https:\/\/www.abf.se\/vasterbotten\/resized\/?url=https%3A%2F%2Fwww.abf.se%2Fwp-content%2Fuploads%2Fsites%2F55%2F2026%2F02%2FPorjekt-gallfeber-banner-webb.png&#038;fit=crop&#038;w=1440&#038;s=24ea383e2f8ac77eab1cd6bb77504f48\" srcset=\"https:\/\/www.abf.se\/vasterbotten\/resized\/?url=https%3A%2F%2Fwww.abf.se%2Fwp-content%2Fuploads%2Fsites%2F55%2F2026%2F02%2FPorjekt-gallfeber-banner-webb.png&#038;fit=crop&#038;w=375&#038;h=540&#038;s=53e7b053ba7d2931c5e550aad780d41a 375w, https:\/\/www.abf.se\/vasterbotten\/resized\/?url=https%3A%2F%2Fwww.abf.se%2Fwp-content%2Fuploads%2Fsites%2F55%2F2026%2F02%2FPorjekt-gallfeber-banner-webb.png&#038;fit=crop&#038;w=447&#038;h=540&#038;s=451fdb45c243702190843767d7b12b1b 447w, https:\/\/www.abf.se\/vasterbotten\/resized\/?url=https%3A%2F%2Fwww.abf.se%2Fwp-content%2Fuploads%2Fsites%2F55%2F2026%2F02%2FPorjekt-gallfeber-banner-webb.png&#038;fit=crop&#038;w=519&#038;h=540&#038;s=253385e87658c31035f1582729b8c608 519w, https:\/\/www.abf.se\/vasterbotten\/resized\/?url=https%3A%2F%2Fwww.abf.se%2Fwp-content%2Fuploads%2Fsites%2F55%2F2026%2F02%2FPorjekt-gallfeber-banner-webb.png&#038;fit=crop&#038;w=591&#038;h=540&#038;s=5b9cf7e6bc1d5f8f277e1f47eac97521 591w, https:\/\/www.abf.se\/vasterbotten\/resized\/?url=https%3A%2F%2Fwww.abf.se%2Fwp-content%2Fuploads%2Fsites%2F55%2F2026%2F02%2FPorjekt-gallfeber-banner-webb.png&#038;fit=crop&#038;w=663&#038;h=540&#038;s=a93d540ba1415c73d52f8d97f58e1c60 663w, https:\/\/www.abf.se\/vasterbotten\/resized\/?url=https%3A%2F%2Fwww.abf.se%2Fwp-content%2Fuploads%2Fsites%2F55%2F2026%2F02%2FPorjekt-gallfeber-banner-webb.png&#038;fit=crop&#038;w=750&#038;h=540&#038;s=6f4617ab7f85b72e57f62d1c2555683c 750w, https:\/\/www.abf.se\/vasterbotten\/resized\/?url=https%3A%2F%2Fwww.abf.se%2Fwp-content%2Fuploads%2Fsites%2F55%2F2026%2F02%2FPorjekt-gallfeber-banner-webb.png&#038;fit=crop&#038;w=894&#038;h=540&#038;s=e1f5c95b54a45adfec8d20140de6c44b 894w, https:\/\/www.abf.se\/vasterbotten\/resized\/?url=https%3A%2F%2Fwww.abf.se%2Fwp-content%2Fuploads%2Fsites%2F55%2F2026%2F02%2FPorjekt-gallfeber-banner-webb.png&#038;fit=crop&#038;w=1038&#038;h=540&#038;s=7c663624d0401d2bc57c592ffc247577 1038w, https:\/\/www.abf.se\/vasterbotten\/resized\/?url=https%3A%2F%2Fwww.abf.se%2Fwp-content%2Fuploads%2Fsites%2F55%2F2026%2F02%2FPorjekt-gallfeber-banner-webb.png&#038;fit=crop&#038;w=1182&#038;h=540&#038;s=46058738d11258eda35a2c53f8ed2a87 1182w, https:\/\/www.abf.se\/vasterbotten\/resized\/?url=https%3A%2F%2Fwww.abf.se%2Fwp-content%2Fuploads%2Fsites%2F55%2F2026%2F02%2FPorjekt-gallfeber-banner-webb.png&#038;fit=crop&#038;w=1326&#038;h=540&#038;s=bfbb1f76781ab0aff2db3c25daf7ef4b 1326w, https:\/\/www.abf.se\/vasterbotten\/resized\/?url=https%3A%2F%2Fwww.abf.se%2Fwp-content%2Fuploads%2Fsites%2F55%2F2026%2F02%2FPorjekt-gallfeber-banner-webb.png&#038;fit=crop&#038;w=1440&#038;h=540&#038;s=6692b26ecf8110893057d31a71c29f5c 1440w\" alt=\"\" height=\"540\" width=\"1440\" sizes=\"(max-width: 1440px) calc(100vw - 32px), 1440px\" loading=\"eager\" fetchpriority=\"high\" aria-hidden=\"true\" role=\"presentation\" \/><\/picture>\n        \n\n            <\/div>\n\n    <\/div>\n\n<div\n    class=\"acf-text-image-block container my-12 md:my-15\"\n    data-block=\"text-image-block\"\n>\n    <div\n    class=\"flex flex-col items-center md:flex-row gap-8 md:gap-0 justify-between\">\n                        <div class=\"w-full md:w-1\/2 md:order-2\">\n            <picture><img decoding=\"async\" src=\"https:\/\/www.abf.se\/vasterbotten\/resized\/?url=https%3A%2F%2Fwww.abf.se%2Fwp-content%2Fuploads%2Fsites%2F55%2F2026%2F02%2FPorjekt-gallfeber-fyrkant-webb.jpg&#038;fit=crop&#038;w=578&#038;s=3113dbad7194f2cc02a2b0c10b618275\" srcset=\"https:\/\/www.abf.se\/vasterbotten\/resized\/?url=https%3A%2F%2Fwww.abf.se%2Fwp-content%2Fuploads%2Fsites%2F55%2F2026%2F02%2FPorjekt-gallfeber-fyrkant-webb.jpg&#038;fit=crop&#038;w=144&#038;h=126&#038;s=23afefe02bfb6312840c290105ad08a5 144w, https:\/\/www.abf.se\/vasterbotten\/resized\/?url=https%3A%2F%2Fwww.abf.se%2Fwp-content%2Fuploads%2Fsites%2F55%2F2026%2F02%2FPorjekt-gallfeber-fyrkant-webb.jpg&#038;fit=crop&#038;w=240&#038;h=211&#038;s=c580b5c2120b2ef23ad0ad13b15649d7 240w, https:\/\/www.abf.se\/vasterbotten\/resized\/?url=https%3A%2F%2Fwww.abf.se%2Fwp-content%2Fuploads%2Fsites%2F55%2F2026%2F02%2FPorjekt-gallfeber-fyrkant-webb.jpg&#038;fit=crop&#038;w=288&#038;h=253&#038;s=9f303aab722d74d240ebcb8fec28585b 288w, https:\/\/www.abf.se\/vasterbotten\/resized\/?url=https%3A%2F%2Fwww.abf.se%2Fwp-content%2Fuploads%2Fsites%2F55%2F2026%2F02%2FPorjekt-gallfeber-fyrkant-webb.jpg&#038;fit=crop&#038;w=336&#038;h=295&#038;s=7cbd010323c2314d5315a60badc044f0 336w, https:\/\/www.abf.se\/vasterbotten\/resized\/?url=https%3A%2F%2Fwww.abf.se%2Fwp-content%2Fuploads%2Fsites%2F55%2F2026%2F02%2FPorjekt-gallfeber-fyrkant-webb.jpg&#038;fit=crop&#038;w=432&#038;h=380&#038;s=615275fa8c74399b38d344c5b3a34604 432w, https:\/\/www.abf.se\/vasterbotten\/resized\/?url=https%3A%2F%2Fwww.abf.se%2Fwp-content%2Fuploads%2Fsites%2F55%2F2026%2F02%2FPorjekt-gallfeber-fyrkant-webb.jpg&#038;fit=crop&#038;w=480&#038;h=422&#038;s=6995db07f1fb4847c036119ec4b58fcf 480w, https:\/\/www.abf.se\/vasterbotten\/resized\/?url=https%3A%2F%2Fwww.abf.se%2Fwp-content%2Fuploads%2Fsites%2F55%2F2026%2F02%2FPorjekt-gallfeber-fyrkant-webb.jpg&#038;fit=crop&#038;w=528&#038;h=464&#038;s=dafa8d43cdf181ff13c0e4392bb21fe2 528w, https:\/\/www.abf.se\/vasterbotten\/resized\/?url=https%3A%2F%2Fwww.abf.se%2Fwp-content%2Fuploads%2Fsites%2F55%2F2026%2F02%2FPorjekt-gallfeber-fyrkant-webb.jpg&#038;fit=crop&#038;w=578&#038;h=509&#038;s=2584bbcc4a1095f810d7ec2ba1b1b58b 578w, https:\/\/www.abf.se\/vasterbotten\/resized\/?url=https%3A%2F%2Fwww.abf.se%2Fwp-content%2Fuploads%2Fsites%2F55%2F2026%2F02%2FPorjekt-gallfeber-fyrkant-webb.jpg&#038;fit=crop&#038;w=672&#038;h=591&#038;s=f8c221a1f684b5092a2b5fd3db216460 672w, https:\/\/www.abf.se\/vasterbotten\/resized\/?url=https%3A%2F%2Fwww.abf.se%2Fwp-content%2Fuploads%2Fsites%2F55%2F2026%2F02%2FPorjekt-gallfeber-fyrkant-webb.jpg&#038;fit=crop&#038;w=864&#038;h=760&#038;s=7a843d4f1736d7f4a66d301d181f413b 864w, https:\/\/www.abf.se\/vasterbotten\/resized\/?url=https%3A%2F%2Fwww.abf.se%2Fwp-content%2Fuploads%2Fsites%2F55%2F2026%2F02%2FPorjekt-gallfeber-fyrkant-webb.jpg&#038;fit=crop&#038;w=1056&#038;h=929&#038;s=305a8e1ec1ecf21e5c2ea3d228146dbb 1056w\" alt=\"\" height=\"509\" width=\"578\" sizes=\"auto, (max-width: 768px) 100vw,\n                (max-width: 1280px) 50vw, 578px\" loading=\"lazy\" fetchpriority=\"low\" \/><\/picture>\n\n        <\/div>\n        \n        <div class=\"w-full md:w-1\/2 md:order-1\">\n        <div class=\"mx-auto md:max-w-[368px]\">\n            <h2 class=\"heading-lg\">Vill du n\u00e5 ut p\u00e5 sociala medier?<\/h2>\n            <div class=\"mb-6 mt-4 wysiwyg\">\n                <p data-start=\"409\" data-end=\"620\"><strong data-start=\"409\" data-end=\"430\">Projekt Gallfeber<\/strong> \u00e4r en utbildningssatsning f\u00f6r dig som vill ta plats i det offentliga samtalet och samtidigt utveckla konkreta f\u00e4rdigheter inom sociala medier, inneh\u00e5llsskapande och digital kommunikation.<\/p>\n<p data-start=\"622\" data-end=\"761\">Det h\u00e4r \u00e4r inte en vanlig kurs. Det \u00e4r en influencerskola f\u00f6r unga som vill p\u00e5verka, engagera och bygga n\u00e5got st\u00f6rre tillsammans med andra.<\/p>\n<p data-start=\"622\" data-end=\"761\">\n<p data-start=\"3583\" data-end=\"3625\"><strong data-start=\"3583\" data-end=\"3604\">Projekt Gallfeber<\/strong> \u00e4r f\u00f6r dig som vill:<\/p>\n<ul data-start=\"3626\" data-end=\"3788\">\n<li data-start=\"3626\" data-end=\"3658\">\n<p data-start=\"3628\" data-end=\"3658\">Bli b\u00e4ttre p\u00e5 sociala medier<\/p>\n<\/li>\n<li data-start=\"3659\" data-end=\"3694\">\n<p data-start=\"3661\" data-end=\"3694\">Nyansera debatten<\/p>\n<\/li>\n<li data-start=\"3695\" data-end=\"3730\">\n<p data-start=\"3697\" data-end=\"3730\">Utvecklas tillsammans med andra<\/p>\n<\/li>\n<li data-start=\"3731\" data-end=\"3788\">\n<p data-start=\"3733\" data-end=\"3788\">Bidra till att fler unga r\u00f6ster h\u00f6rs inf\u00f6r valet 2026<\/p>\n<\/li>\n<\/ul>\n\n            <\/div>\n                                            <a href='https:\/\/forms.office.com\/e\/riJXkH5rE9' class=\"default-button\" target=\"_blank\">G\u00f6r en intresseanm\u00e4lan<\/a>\n                    <\/div>\n        <\/div>\n    <\/div>\n<\/div><div\n    class=\"acf-article-text-block article-container my-12\"\n    data-block=\"article-text-block\"\n>\n    <div class=\"wysiwyg\">\n        \n    <\/div>\n<\/div>\n<div\n    class=\"acf-plain-heading-block container my-16\"\n    data-block=\"plain-heading-block\"\n>\n    <div class=\"max-w-[658px] mx-auto\">\n                <h1 class=\"hero-heading\"><span>Vem kan s\u00f6ka?<\/span><\/h1>\n                            <p class=\"mt-8 body-xl text-black\">\n                Projektet riktar sig till dig som:<br \/>\r\n<br \/>\r\n1. \u00c4r mellan 18 och 35 \u00e5r<br \/>\r\n<br \/>\r\n2. \u00c4r engagerad eller nyfiken p\u00e5 samh\u00e4llsfr\u00e5gor<br \/>\r\n<br \/>\r\n3. Vill utvecklas inom sociala medier, video eller opinionsbildning<br \/>\r\n<br \/>\r\n4. Delar arbetarr\u00f6relsens grundl\u00e4ggande v\u00e4rderingar<br \/>\r\n<br \/>\r\nIngen tidigare erfarenhet kr\u00e4vs \u2013 bara vilja, nyfikenhet och engagemang.\n            <\/p>\n            <\/div>\n<\/div>\n<div\n    class=\"acf-plain-heading-block container my-16\"\n    data-block=\"plain-heading-block\"\n>\n    <div class=\"max-w-[658px] mx-auto\">\n                <h1 class=\"hero-heading\"><span>Vad f\u00e5r du som deltagare?<\/span><\/h1>\n                            <p class=\"mt-8 body-xl text-black\">\n                Som deltagare f\u00e5r du verktygen att skapa inneh\u00e5ll som n\u00e5r fram \u2013 och ett sammanhang d\u00e4r du inte st\u00e5r ensam.<br \/>\r\n<br \/>\r\nUnder utbildningen f\u00e5r du bland annat:<br \/>\r\n<br \/>\r\n\u2022 L\u00e4ra dig hur du bygger slagkraftiga videor och inl\u00e4gg med hj\u00e4lp av manus, dramaturgi och ber\u00e4ttarteknik<br \/>\r\n<br \/>\r\n\u2022 Tr\u00e4na p\u00e5 att st\u00e5 framf\u00f6r kameran och utveckla ditt eget uttryck<br \/>\r\n<br \/>\r\n\u2022 F\u00f6rst\u00e5 hur algoritmer, r\u00e4ckvidd och communitybyggande fungerar i praktiken<br \/>\r\n<br \/>\r\n\u2022 Grundl\u00e4ggande journalistik: vinklar, trov\u00e4rdighet och ansvar<br \/>\r\n<br \/>\r\n\u2022 F\u00f6rdjupad kunskap i samh\u00e4llsfr\u00e5gor, demokrati, fackliga perspektiv och k\u00e4llkritik<br \/>\r\n<br \/>\r\n\u2022 Personlig coachning av erfarna inneh\u00e5llsproducenter<br \/>\r\n<br \/>\r\n\u2022 Mentorskap av en samh\u00e4llspolitisk mentor som hj\u00e4lper dig att s\u00e4tta inneh\u00e5llet i ett st\u00f6rre sammanhang<br \/>\r\n<br \/>\r\nUtbildningen \u00e4r upplagd s\u00e5 att den g\u00e5r att kombinera med arbete, studier eller annat engagemang.\n            <\/p>\n            <\/div>\n<\/div>\n<div\n    class=\"acf-plain-heading-block container my-16\"\n    data-block=\"plain-heading-block\"\n>\n    <div class=\"max-w-[658px] mx-auto\">\n                <h2 class=\"hero-heading\"><span>\u00c4r detta en trollfabrik?<\/span><\/h2>\n                            <p class=\"mt-8 body-xl text-black\">\n                Projektet syftar till att ge unga verktyg att g\u00f6ra sin r\u00f6st h\u00f6rd och att st\u00e4rka demokratiskt engagemang.<br \/>\r\n<br \/>\r\nInget inneh\u00e5ll styrs eller best\u00e4lls, och ingen partipolitisk propaganda produceras.<br \/>\r\n<br \/>\r\nDeltagarna agerar sj\u00e4lvst\u00e4ndigt och publicerar frivilligt via sina privata konton.<br \/>\r\n<br \/>\r\nDeltagandet \u00e4r ideellt och inneb\u00e4r ingen ekonomisk ers\u00e4ttning.\n            <\/p>\n            <\/div>\n<\/div>\n<div\n    class=\"acf-plain-heading-block container my-16\"\n    data-block=\"plain-heading-block\"\n>\n    <div class=\"max-w-[658px] mx-auto\">\n                <h1 class=\"hero-heading\"><span>Kontakt<\/span><\/h1>\n                            <p class=\"mt-8 body-xl text-black\">\n                Samuel Olsson, ABF V\u00e4sterbotten<br \/>\r\nProjektledare och inneh\u00e5llsproducent<br \/>\r\nsamuel.olsson@abf.se<br \/>\r\n<br \/>\r\nVictoria Dahlberg, LO &amp; Kommunal<br \/>\r\nSamh\u00e4llspolitisk mentor<br \/>\r\nvictoria.dahlberg@kommunal.se<br \/>\r\n<br \/>\r\nMarta Lund, ABF V\u00e4sterbotten<br \/>\r\nProjektkoordinator<br \/>\r\nmarta.lund@abf.se\n            <\/p>\n            <\/div>\n<\/div>\n","protected":false},"excerpt":{"rendered":"","protected":false},"author":25,"featured_media":0,"parent":0,"menu_order":0,"comment_status":"closed","ping_status":"closed","template":"","meta":{"_acf_changed":false,"footnotes":""},"class_list":["post-174","page","type-page","status-publish","hentry"],"acf":[],"yoast_head":"<!-- This site is optimized with the Yoast SEO plugin v27.0 - https:\/\/yoast.com\/product\/yoast-seo-wordpress\/ -->\n<title>Projekt Gallfeber - Distriktet V\u00e4sterbotten<\/title>\n<meta name=\"robots\" content=\"index, follow, max-snippet:-1, max-image-preview:large, max-video-preview:-1\" \/>\n<link rel=\"canonical\" href=\"https:\/\/www.abf.se\/vasterbotten\/projekt-gallfeber\/\" \/>\n<meta property=\"og:locale\" content=\"sv_SE\" \/>\n<meta property=\"og:type\" content=\"article\" \/>\n<meta property=\"og:title\" content=\"Projekt Gallfeber - Distriktet V\u00e4sterbotten\" \/>\n<meta property=\"og:url\" content=\"https:\/\/www.abf.se\/vasterbotten\/projekt-gallfeber\/\" \/>\n<meta property=\"og:site_name\" content=\"Distriktet V\u00e4sterbotten\" \/>\n<meta property=\"article:modified_time\" content=\"2026-02-04T13:11:46+00:00\" \/>\n<meta property=\"og:image\" content=\"https:\/\/www.abf.se\/wp-content\/uploads\/sites\/55\/2024\/04\/Nyckeln-liggande-scaled.jpg\" \/>\n\t<meta property=\"og:image:width\" content=\"2560\" \/>\n\t<meta property=\"og:image:height\" content=\"1440\" \/>\n\t<meta property=\"og:image:type\" content=\"image\/jpeg\" \/>\n<meta name=\"twitter:card\" content=\"summary_large_image\" \/>\n<script type=\"application\/ld+json\" class=\"yoast-schema-graph\">{\"@context\":\"https:\/\/schema.org\",\"@graph\":[{\"@type\":\"WebPage\",\"@id\":\"https:\/\/www.abf.se\/vasterbotten\/projekt-gallfeber\/\",\"url\":\"https:\/\/www.abf.se\/vasterbotten\/projekt-gallfeber\/\",\"name\":\"Projekt Gallfeber - Distriktet V\u00e4sterbotten\",\"isPartOf\":{\"@id\":\"https:\/\/www.abf.se\/vasterbotten\/#website\"},\"datePublished\":\"2026-02-04T12:40:51+00:00\",\"dateModified\":\"2026-02-04T13:11:46+00:00\",\"breadcrumb\":{\"@id\":\"https:\/\/www.abf.se\/vasterbotten\/projekt-gallfeber\/#breadcrumb\"},\"inLanguage\":\"sv-SE\",\"potentialAction\":[{\"@type\":\"ReadAction\",\"target\":[\"https:\/\/www.abf.se\/vasterbotten\/projekt-gallfeber\/\"]}]},{\"@type\":\"BreadcrumbList\",\"@id\":\"https:\/\/www.abf.se\/vasterbotten\/projekt-gallfeber\/#breadcrumb\",\"itemListElement\":[{\"@type\":\"ListItem\",\"position\":1,\"name\":\"Home\",\"item\":\"https:\/\/www.abf.se\/vasterbotten\/\"},{\"@type\":\"ListItem\",\"position\":2,\"name\":\"Projekt Gallfeber\"}]},{\"@type\":\"WebSite\",\"@id\":\"https:\/\/www.abf.se\/vasterbotten\/#website\",\"url\":\"https:\/\/www.abf.se\/vasterbotten\/\",\"name\":\"Distriktet V\u00e4sterbotten\",\"description\":\"\",\"potentialAction\":[{\"@type\":\"SearchAction\",\"target\":{\"@type\":\"EntryPoint\",\"urlTemplate\":\"https:\/\/www.abf.se\/vasterbotten\/?s={search_term_string}\"},\"query-input\":{\"@type\":\"PropertyValueSpecification\",\"valueRequired\":true,\"valueName\":\"search_term_string\"}}],\"inLanguage\":\"sv-SE\"}]}<\/script>\n<!-- \/ Yoast SEO plugin. -->","yoast_head_json":{"title":"Projekt Gallfeber - Distriktet V\u00e4sterbotten","robots":{"index":"index","follow":"follow","max-snippet":"max-snippet:-1","max-image-preview":"max-image-preview:large","max-video-preview":"max-video-preview:-1"},"canonical":"https:\/\/www.abf.se\/vasterbotten\/projekt-gallfeber\/","og_locale":"sv_SE","og_type":"article","og_title":"Projekt Gallfeber - Distriktet V\u00e4sterbotten","og_url":"https:\/\/www.abf.se\/vasterbotten\/projekt-gallfeber\/","og_site_name":"Distriktet V\u00e4sterbotten","article_modified_time":"2026-02-04T13:11:46+00:00","og_image":[{"width":2560,"height":1440,"url":"https:\/\/www.abf.se\/wp-content\/uploads\/sites\/55\/2024\/04\/Nyckeln-liggande-scaled.jpg","type":"image\/jpeg"}],"twitter_card":"summary_large_image","schema":{"@context":"https:\/\/schema.org","@graph":[{"@type":"WebPage","@id":"https:\/\/www.abf.se\/vasterbotten\/projekt-gallfeber\/","url":"https:\/\/www.abf.se\/vasterbotten\/projekt-gallfeber\/","name":"Projekt Gallfeber - Distriktet V\u00e4sterbotten","isPartOf":{"@id":"https:\/\/www.abf.se\/vasterbotten\/#website"},"datePublished":"2026-02-04T12:40:51+00:00","dateModified":"2026-02-04T13:11:46+00:00","breadcrumb":{"@id":"https:\/\/www.abf.se\/vasterbotten\/projekt-gallfeber\/#breadcrumb"},"inLanguage":"sv-SE","potentialAction":[{"@type":"ReadAction","target":["https:\/\/www.abf.se\/vasterbotten\/projekt-gallfeber\/"]}]},{"@type":"BreadcrumbList","@id":"https:\/\/www.abf.se\/vasterbotten\/projekt-gallfeber\/#breadcrumb","itemListElement":[{"@type":"ListItem","position":1,"name":"Home","item":"https:\/\/www.abf.se\/vasterbotten\/"},{"@type":"ListItem","position":2,"name":"Projekt Gallfeber"}]},{"@type":"WebSite","@id":"https:\/\/www.abf.se\/vasterbotten\/#website","url":"https:\/\/www.abf.se\/vasterbotten\/","name":"Distriktet V\u00e4sterbotten","description":"","potentialAction":[{"@type":"SearchAction","target":{"@type":"EntryPoint","urlTemplate":"https:\/\/www.abf.se\/vasterbotten\/?s={search_term_string}"},"query-input":{"@type":"PropertyValueSpecification","valueRequired":true,"valueName":"search_term_string"}}],"inLanguage":"sv-SE"}]}},"_links":{"self":[{"href":"https:\/\/www.abf.se\/vasterbotten\/wp-json\/wp\/v2\/pages\/174","targetHints":{"allow":["GET"]}}],"collection":[{"href":"https:\/\/www.abf.se\/vasterbotten\/wp-json\/wp\/v2\/pages"}],"about":[{"href":"https:\/\/www.abf.se\/vasterbotten\/wp-json\/wp\/v2\/types\/page"}],"author":[{"embeddable":true,"href":"https:\/\/www.abf.se\/vasterbotten\/wp-json\/wp\/v2\/users\/25"}],"replies":[{"embeddable":true,"href":"https:\/\/www.abf.se\/vasterbotten\/wp-json\/wp\/v2\/comments?post=174"}],"version-history":[{"count":2,"href":"https:\/\/www.abf.se\/vasterbotten\/wp-json\/wp\/v2\/pages\/174\/revisions"}],"predecessor-version":[{"id":178,"href":"https:\/\/www.abf.se\/vasterbotten\/wp-json\/wp\/v2\/pages\/174\/revisions\/178"}],"wp:attachment":[{"href":"https:\/\/www.abf.se\/vasterbotten\/wp-json\/wp\/v2\/media?parent=174"}],"curies":[{"name":"wp","href":"https:\/\/api.w.org\/{rel}","templated":true}]}}