{"id":8,"date":"2024-04-26T10:02:07","date_gmt":"2024-04-26T08:02:07","guid":{"rendered":"https:\/\/www.abf.se\/vasterbotten\/?page_id=8"},"modified":"2024-04-26T10:02:07","modified_gmt":"2024-04-26T08:02:07","slug":"lediga-tjanster","status":"publish","type":"page","link":"https:\/\/www.abf.se\/vasterbotten\/lediga-tjanster\/","title":{"rendered":"Lediga tj\u00e4nster"},"content":{"rendered":"<div\n    class=\"acf-hero-block container-lg no-padding mb-12 js-geolocation\"\n    data-block=\"hero-block\"\n    data-index=\"0\"\n>\n    <div class=\"h-[548px]  relative rounded-[32px] overflow-hidden flex bg-gray-light\">\n        <div class=\"relative z-10 mt-auto h-auto w-full md:h-full\">\n            <div class=\"flex w-full h-full flex-col flex-wrap justify-end w-full md:w-7\/12 lg:w-1\/2 md:justify-center\">\n                <div class=\"flex flex-col gap-3 md:gap-[18px] md:transparent pt-16 pb-36 md:py-8 px-4 w-full md:max-w-[620px] mx-auto px-8\">\n\n                    <h1 class=\"hero-heading\"><span>Lediga tj\u00e4nster<\/span><\/h1>\n\n                    \n                                    <\/div>\n            <\/div>\n        <\/div>\n\n                    <picture class=\"as-background-image mix-blend-multiply bg-black\/40\"><img decoding=\"async\" src=\"https:\/\/www.abf.se\/resized\/wp-content\/uploads\/2023\/11\/Na-fram-liggande_IMGP.jpg?fit=crop&#038;w=1440&#038;s=fb1e3e2dc757f45b19171cd089dc502f\" srcset=\"https:\/\/www.abf.se\/resized\/wp-content\/uploads\/2023\/11\/Na-fram-liggande_IMGP.jpg?fit=crop&#038;w=375&#038;h=540&#038;s=a37d5a6141b15090cc17a40b0eef64b7 375w, https:\/\/www.abf.se\/resized\/wp-content\/uploads\/2023\/11\/Na-fram-liggande_IMGP.jpg?fit=crop&#038;w=447&#038;h=540&#038;s=a73edd88823e1de1f16ca344c0df03fc 447w, https:\/\/www.abf.se\/resized\/wp-content\/uploads\/2023\/11\/Na-fram-liggande_IMGP.jpg?fit=crop&#038;w=519&#038;h=540&#038;s=dd503d72daa186e0ffcb41c1c3b98c75 519w, https:\/\/www.abf.se\/resized\/wp-content\/uploads\/2023\/11\/Na-fram-liggande_IMGP.jpg?fit=crop&#038;w=591&#038;h=540&#038;s=669e159c750badba953d31141c70d625 591w, https:\/\/www.abf.se\/resized\/wp-content\/uploads\/2023\/11\/Na-fram-liggande_IMGP.jpg?fit=crop&#038;w=663&#038;h=540&#038;s=ae3ea4e14949b379b09f5b5e7277ef5d 663w, https:\/\/www.abf.se\/resized\/wp-content\/uploads\/2023\/11\/Na-fram-liggande_IMGP.jpg?fit=crop&#038;w=750&#038;h=540&#038;s=50fc7b163dd731e00addacffba2d9697 750w, https:\/\/www.abf.se\/resized\/wp-content\/uploads\/2023\/11\/Na-fram-liggande_IMGP.jpg?fit=crop&#038;w=894&#038;h=540&#038;s=b91c15936adc82cac1808c9271fca11f 894w, https:\/\/www.abf.se\/resized\/wp-content\/uploads\/2023\/11\/Na-fram-liggande_IMGP.jpg?fit=crop&#038;w=1038&#038;h=540&#038;s=b90286ae59d100c99bfc91e8f75d5875 1038w, https:\/\/www.abf.se\/resized\/wp-content\/uploads\/2023\/11\/Na-fram-liggande_IMGP.jpg?fit=crop&#038;w=1182&#038;h=540&#038;s=628855e46e574fc9cc79c26c43bc635d 1182w, https:\/\/www.abf.se\/resized\/wp-content\/uploads\/2023\/11\/Na-fram-liggande_IMGP.jpg?fit=crop&#038;w=1326&#038;h=540&#038;s=5409f88de18d8df572289c870e802f1b 1326w, https:\/\/www.abf.se\/resized\/wp-content\/uploads\/2023\/11\/Na-fram-liggande_IMGP.jpg?fit=crop&#038;w=1440&#038;h=540&#038;s=2e1bad760d030b38daa06f0270ebe9a5 1440w\" alt=\"\" height=\"540\" width=\"1440\" sizes=\"(max-width: 1440px) calc(100vw - 32px), 1440px\" loading=\"eager\" fetchpriority=\"high\" aria-hidden=\"true\" role=\"presentation\" \/><\/picture>\n        \n\n            <\/div>\n\n    <\/div>\n\n\n\n<div\n    class=\"acf-plain-heading-block container my-16\"\n    data-block=\"plain-heading-block\"\n>\n    <div class=\"max-w-[658px] mx-auto\">\n                            <p class=\"mt-8 body-xl text-black\">\n                Att jobba p\u00e5 ABF inneb\u00e4r att du g\u00f6r en annan v\u00e4rld m\u00f6jlig. Vi vill genom j\u00e4mlikhet, solidaritet och demokrati erbjuda en fri och frivillig bildningsverksamhet. \n            <\/p>\n            <\/div>\n<\/div>\n\n\n<div\n    class=\"acf-article-text-block article-container my-12\"\n    data-block=\"article-text-block\"\n>\n    <div class=\"wysiwyg\">\n        <p>Just nu har vi inga lediga tj\u00e4nster p\u00e5 ABFs f\u00f6rbundsexpedition.<\/p>\n\n    <\/div>\n<\/div>\n\n\n<div class=\"acf-office-selector-block grid my-12 article-container\"\ndata-block=\"office-selector-block\">\n        <div class=\"grid gap-[6px]\">\n        <p class=\"label-md mb-2\">Hitta ditt lokala ABF f\u00f6r att se om det finns lediga tj\u00e4nster i din ort.<\/p>\n        <button\n    class=\"RegionSelectTrigger max-w-none\"\n    data-control-for=\"RegionSelectDrawer\"\n    aria-controls=\"RegionSelectDrawer\"\n>\n    <span class=\"RegionSelectTriggerLabel flex flex-row items-center gap-1\">\n                    V\u00e4lj ditt ABF\n            <\/span>\n    <figure class=\"RegionSelectTriggerIcon\" aria-hidden=\"true\">\n        <svg width=\"20\" height=\"20\" viewBox=\"0 0 20 20\" fill=\"none\"\nclass=\"SvgIconElement\">\n<path d=\"M15.8333 7.16667L9.99992 13L4.16659 7.16667\" stroke=\"currentColor\"\/>\n<\/svg>\n    <\/figure>\n<\/button>\n    <\/div>\n<\/div>\n\n<div\n    class=\"acf-text-image-block container my-12 md:my-15\"\n    data-block=\"text-image-block\"\n>\n    <div\n    class=\"flex flex-col items-center md:flex-row gap-8 md:gap-0 justify-between\">\n                        <div class=\"w-full md:w-1\/2 md:order-2\">\n            <picture><img decoding=\"async\" src=\"https:\/\/www.abf.se\/resized\/wp-content\/uploads\/2024\/05\/kvin-megafon.png?fit=crop&#038;w=578&#038;s=3991a645635217731c213907a5114676\" srcset=\"https:\/\/www.abf.se\/resized\/wp-content\/uploads\/2024\/05\/kvin-megafon.png?fit=crop&#038;w=144&#038;h=126&#038;s=e6c2168e08bdb59968848c3729c5d3c1 144w, https:\/\/www.abf.se\/resized\/wp-content\/uploads\/2024\/05\/kvin-megafon.png?fit=crop&#038;w=240&#038;h=211&#038;s=6136b883926c49c36125666d78901f69 240w, https:\/\/www.abf.se\/resized\/wp-content\/uploads\/2024\/05\/kvin-megafon.png?fit=crop&#038;w=288&#038;h=253&#038;s=ccf5cccce85e1f9220c3a3b982e2a863 288w, https:\/\/www.abf.se\/resized\/wp-content\/uploads\/2024\/05\/kvin-megafon.png?fit=crop&#038;w=336&#038;h=295&#038;s=f03764255a3fe90c703ca94c462da070 336w, https:\/\/www.abf.se\/resized\/wp-content\/uploads\/2024\/05\/kvin-megafon.png?fit=crop&#038;w=432&#038;h=380&#038;s=49329a877ce918ec2b2263e2ae08197e 432w, https:\/\/www.abf.se\/resized\/wp-content\/uploads\/2024\/05\/kvin-megafon.png?fit=crop&#038;w=480&#038;h=422&#038;s=9906ac7c7ec7f058fa021426ce9bb712 480w, https:\/\/www.abf.se\/resized\/wp-content\/uploads\/2024\/05\/kvin-megafon.png?fit=crop&#038;w=528&#038;h=464&#038;s=7b5584f781ff3078369e6707164db6a2 528w, https:\/\/www.abf.se\/resized\/wp-content\/uploads\/2024\/05\/kvin-megafon.png?fit=crop&#038;w=578&#038;h=509&#038;s=11c49e05930d48454f67ee3875eaa88d 578w, https:\/\/www.abf.se\/resized\/wp-content\/uploads\/2024\/05\/kvin-megafon.png?fit=crop&#038;w=672&#038;h=591&#038;s=e8aef8dea143d7c19817f8775e4050ee 672w, https:\/\/www.abf.se\/resized\/wp-content\/uploads\/2024\/05\/kvin-megafon.png?fit=crop&#038;w=864&#038;h=760&#038;s=f2b17a7554aa9e6fd72d11dc9f4c80b4 864w, https:\/\/www.abf.se\/resized\/wp-content\/uploads\/2024\/05\/kvin-megafon.png?fit=crop&#038;w=1056&#038;h=929&#038;s=6fac602326f906f44037d3262dcd5f9e 1056w\" alt=\"En kvinna st&aring;r med megafon r&ouml;d och gul bakgrund\" height=\"509\" width=\"578\" sizes=\"auto, (max-width: 768px) 100vw,\n                (max-width: 1280px) 50vw, 578px\" loading=\"lazy\" fetchpriority=\"low\" \/><\/picture>\n\n        <\/div>\n        \n        <div class=\"w-full md:w-1\/2 md:order-1\">\n        <div class=\"mx-auto md:max-w-[368px]\">\n            <h2 class=\"heading-lg\">Vill du vara med och g\u00f6ra skillnad?<\/h2>\n            <div class=\"mb-6 mt-4 wysiwyg\">\n                <p>Bli en del av ABF som cirkelledare och uppt\u00e4ck de otaliga f\u00f6rdelarna med att leda en cirkel! Att vara cirkelledare hos ABF \u00e4r inte bara en m\u00f6jlighet att dela med dig av din kunskap och passion \u2013 det \u00e4r ocks\u00e5 en fantastisk chans att skapa meningsfulla m\u00f6ten och bidra till samh\u00e4llets utveckling p\u00e5 lokal niv\u00e5.<\/p>\n\n            <\/div>\n                                            <a href='https:\/\/www.abf.se\/cirkelledare\/jag-vill-bli-cirkelledare\/' class=\"default-button\" target=\"\">L\u00e4s mer om att vara cirkelledare<\/a>\n                    <\/div>\n        <\/div>\n    <\/div>\n<\/div>\n\n<div\n    class=\"acf-quick-link-block bg-red py-12 md:py-20\"\n    data-block=\"quick-link-block\"\n>\n    <div class=\"container\">\n        \n        <div\n            class=\"px-5 content:px-0 grid grid-cols-1 gap-8 lg:grid-cols-3\">\n            \n            <article\nclass=\"round-corners-sm p-6 relative group grid grid-rows-[subgrid] row-[span_3] gap-4 bg-white text-red\"\n>\n            <h3\n        class=\"heading-sm group-hover:underline text-red\">\n            <a href=\"https:\/\/www.abf.se\/om-abf\/\" class=\"expanded-hit-area\" target=\"\">\n                Om ABF\n            <\/a>\n        <\/h3>\n                <p class=\"body-md text-gray-text\">\n            Arbetarnas Bildningsf\u00f6rbund (ABF) \u00e4r Sveriges st\u00f6rsta studief\u00f6rbund som erbjuder studiecirklar, kurser, f\u00f6rel\u00e4sningar och kulturarrangemang i Sveriges alla kommuner. \n        <\/p>\n        <figure\n    class=\"w-[38px] h-[38px] rounded-full p-2 group-hover:scale-110 transition-transform duration-300 self-end pointer-events-none bg-red text-white\">\n        <svg width=\"20\" height=\"20\" viewBox=\"0 0 20 20\" fill=\"none\" class=\"SvgIconElement\">\n<path d=\"M4.16659 10L15.8333 10\" stroke=\"currentColor\"\/>\n<path d=\"M9.99992 4.1665L15.8333 9.99984L9.99992 15.8332\" stroke=\"currentColor\"\/>\n<\/svg>\n    <\/figure>\n<\/article>            \n            <article\nclass=\"round-corners-sm p-6 relative group grid grid-rows-[subgrid] row-[span_3] gap-4 bg-white text-red\"\n>\n            <h3\n        class=\"heading-sm group-hover:underline text-red\">\n            <a href=\"https:\/\/www.abf.se\/nyheter\/\" class=\"expanded-hit-area\" target=\"\">\n                Nyheter\n            <\/a>\n        <\/h3>\n                <p class=\"body-md text-gray-text\">\n            L\u00e4s om det senaste fr\u00e5n ABF.\n        <\/p>\n        <figure\n    class=\"w-[38px] h-[38px] rounded-full p-2 group-hover:scale-110 transition-transform duration-300 self-end pointer-events-none bg-red text-white\">\n        <svg width=\"20\" height=\"20\" viewBox=\"0 0 20 20\" fill=\"none\" class=\"SvgIconElement\">\n<path d=\"M4.16659 10L15.8333 10\" stroke=\"currentColor\"\/>\n<path d=\"M9.99992 4.1665L15.8333 9.99984L9.99992 15.8332\" stroke=\"currentColor\"\/>\n<\/svg>\n    <\/figure>\n<\/article>            \n            <article\nclass=\"round-corners-sm p-6 relative group grid grid-rows-[subgrid] row-[span_3] gap-4 bg-white text-red\"\n>\n            <h3\n        class=\"heading-sm group-hover:underline text-red\">\n            <a href=\"https:\/\/www.abf.se\/kurs-sok\/\" class=\"expanded-hit-area\" target=\"\">\n                S\u00f6k efter kurs eller evenemang\n            <\/a>\n        <\/h3>\n                <p class=\"body-md text-gray-text\">\n            Ta del av ABFs breda kursutbud.\n        <\/p>\n        <figure\n    class=\"w-[38px] h-[38px] rounded-full p-2 group-hover:scale-110 transition-transform duration-300 self-end pointer-events-none bg-red text-white\">\n        <svg width=\"20\" height=\"20\" viewBox=\"0 0 20 20\" fill=\"none\" class=\"SvgIconElement\">\n<path d=\"M4.16659 10L15.8333 10\" stroke=\"currentColor\"\/>\n<path d=\"M9.99992 4.1665L15.8333 9.99984L9.99992 15.8332\" stroke=\"currentColor\"\/>\n<\/svg>\n    <\/figure>\n<\/article>                    <\/div>\n    <\/div>\n<\/div>\n","protected":false},"excerpt":{"rendered":"","protected":false},"author":4,"featured_media":0,"parent":0,"menu_order":0,"comment_status":"closed","ping_status":"closed","template":"","meta":{"_acf_changed":false,"footnotes":""},"class_list":["post-8","page","type-page","status-publish","hentry"],"acf":[],"yoast_head":"<!-- This site is optimized with the Yoast SEO plugin v27.0 - https:\/\/yoast.com\/product\/yoast-seo-wordpress\/ -->\n<title>Lediga tj\u00e4nster - Distriktet V\u00e4sterbotten<\/title>\n<meta name=\"robots\" content=\"index, follow, max-snippet:-1, max-image-preview:large, max-video-preview:-1\" \/>\n<link rel=\"canonical\" href=\"https:\/\/www.abf.se\/vasterbotten\/lediga-tjanster\/\" \/>\n<meta property=\"og:locale\" content=\"sv_SE\" \/>\n<meta property=\"og:type\" content=\"article\" \/>\n<meta property=\"og:title\" content=\"Lediga tj\u00e4nster - Distriktet V\u00e4sterbotten\" \/>\n<meta property=\"og:url\" content=\"https:\/\/www.abf.se\/vasterbotten\/lediga-tjanster\/\" \/>\n<meta property=\"og:site_name\" content=\"Distriktet V\u00e4sterbotten\" \/>\n<meta property=\"og:image\" content=\"https:\/\/www.abf.se\/wp-content\/uploads\/sites\/55\/2024\/04\/Nyckeln-liggande-scaled.jpg\" \/>\n\t<meta property=\"og:image:width\" content=\"2560\" \/>\n\t<meta property=\"og:image:height\" content=\"1440\" \/>\n\t<meta property=\"og:image:type\" content=\"image\/jpeg\" \/>\n<meta name=\"twitter:card\" content=\"summary_large_image\" \/>\n<script type=\"application\/ld+json\" class=\"yoast-schema-graph\">{\"@context\":\"https:\/\/schema.org\",\"@graph\":[{\"@type\":\"WebPage\",\"@id\":\"https:\/\/www.abf.se\/vasterbotten\/lediga-tjanster\/\",\"url\":\"https:\/\/www.abf.se\/vasterbotten\/lediga-tjanster\/\",\"name\":\"Lediga tj\u00e4nster - Distriktet V\u00e4sterbotten\",\"isPartOf\":{\"@id\":\"https:\/\/www.abf.se\/vasterbotten\/#website\"},\"datePublished\":\"2024-04-26T08:02:07+00:00\",\"breadcrumb\":{\"@id\":\"https:\/\/www.abf.se\/vasterbotten\/lediga-tjanster\/#breadcrumb\"},\"inLanguage\":\"sv-SE\",\"potentialAction\":[{\"@type\":\"ReadAction\",\"target\":[\"https:\/\/www.abf.se\/vasterbotten\/lediga-tjanster\/\"]}]},{\"@type\":\"BreadcrumbList\",\"@id\":\"https:\/\/www.abf.se\/vasterbotten\/lediga-tjanster\/#breadcrumb\",\"itemListElement\":[{\"@type\":\"ListItem\",\"position\":1,\"name\":\"Home\",\"item\":\"https:\/\/www.abf.se\/vasterbotten\/\"},{\"@type\":\"ListItem\",\"position\":2,\"name\":\"Lediga tj\u00e4nster\"}]},{\"@type\":\"WebSite\",\"@id\":\"https:\/\/www.abf.se\/vasterbotten\/#website\",\"url\":\"https:\/\/www.abf.se\/vasterbotten\/\",\"name\":\"Distriktet V\u00e4sterbotten\",\"description\":\"\",\"potentialAction\":[{\"@type\":\"SearchAction\",\"target\":{\"@type\":\"EntryPoint\",\"urlTemplate\":\"https:\/\/www.abf.se\/vasterbotten\/?s={search_term_string}\"},\"query-input\":{\"@type\":\"PropertyValueSpecification\",\"valueRequired\":true,\"valueName\":\"search_term_string\"}}],\"inLanguage\":\"sv-SE\"}]}<\/script>\n<!-- \/ Yoast SEO plugin. -->","yoast_head_json":{"title":"Lediga tj\u00e4nster - Distriktet V\u00e4sterbotten","robots":{"index":"index","follow":"follow","max-snippet":"max-snippet:-1","max-image-preview":"max-image-preview:large","max-video-preview":"max-video-preview:-1"},"canonical":"https:\/\/www.abf.se\/vasterbotten\/lediga-tjanster\/","og_locale":"sv_SE","og_type":"article","og_title":"Lediga tj\u00e4nster - Distriktet V\u00e4sterbotten","og_url":"https:\/\/www.abf.se\/vasterbotten\/lediga-tjanster\/","og_site_name":"Distriktet V\u00e4sterbotten","og_image":[{"width":2560,"height":1440,"url":"https:\/\/www.abf.se\/wp-content\/uploads\/sites\/55\/2024\/04\/Nyckeln-liggande-scaled.jpg","type":"image\/jpeg"}],"twitter_card":"summary_large_image","schema":{"@context":"https:\/\/schema.org","@graph":[{"@type":"WebPage","@id":"https:\/\/www.abf.se\/vasterbotten\/lediga-tjanster\/","url":"https:\/\/www.abf.se\/vasterbotten\/lediga-tjanster\/","name":"Lediga tj\u00e4nster - Distriktet V\u00e4sterbotten","isPartOf":{"@id":"https:\/\/www.abf.se\/vasterbotten\/#website"},"datePublished":"2024-04-26T08:02:07+00:00","breadcrumb":{"@id":"https:\/\/www.abf.se\/vasterbotten\/lediga-tjanster\/#breadcrumb"},"inLanguage":"sv-SE","potentialAction":[{"@type":"ReadAction","target":["https:\/\/www.abf.se\/vasterbotten\/lediga-tjanster\/"]}]},{"@type":"BreadcrumbList","@id":"https:\/\/www.abf.se\/vasterbotten\/lediga-tjanster\/#breadcrumb","itemListElement":[{"@type":"ListItem","position":1,"name":"Home","item":"https:\/\/www.abf.se\/vasterbotten\/"},{"@type":"ListItem","position":2,"name":"Lediga tj\u00e4nster"}]},{"@type":"WebSite","@id":"https:\/\/www.abf.se\/vasterbotten\/#website","url":"https:\/\/www.abf.se\/vasterbotten\/","name":"Distriktet V\u00e4sterbotten","description":"","potentialAction":[{"@type":"SearchAction","target":{"@type":"EntryPoint","urlTemplate":"https:\/\/www.abf.se\/vasterbotten\/?s={search_term_string}"},"query-input":{"@type":"PropertyValueSpecification","valueRequired":true,"valueName":"search_term_string"}}],"inLanguage":"sv-SE"}]}},"_links":{"self":[{"href":"https:\/\/www.abf.se\/vasterbotten\/wp-json\/wp\/v2\/pages\/8","targetHints":{"allow":["GET"]}}],"collection":[{"href":"https:\/\/www.abf.se\/vasterbotten\/wp-json\/wp\/v2\/pages"}],"about":[{"href":"https:\/\/www.abf.se\/vasterbotten\/wp-json\/wp\/v2\/types\/page"}],"author":[{"embeddable":true,"href":"https:\/\/www.abf.se\/vasterbotten\/wp-json\/wp\/v2\/users\/4"}],"replies":[{"embeddable":true,"href":"https:\/\/www.abf.se\/vasterbotten\/wp-json\/wp\/v2\/comments?post=8"}],"version-history":[{"count":1,"href":"https:\/\/www.abf.se\/vasterbotten\/wp-json\/wp\/v2\/pages\/8\/revisions"}],"predecessor-version":[{"id":45,"href":"https:\/\/www.abf.se\/vasterbotten\/wp-json\/wp\/v2\/pages\/8\/revisions\/45"}],"wp:attachment":[{"href":"https:\/\/www.abf.se\/vasterbotten\/wp-json\/wp\/v2\/media?parent=8"}],"curies":[{"name":"wp","href":"https:\/\/api.w.org\/{rel}","templated":true}]}}