{"id":1077,"date":"2025-05-09T11:29:59","date_gmt":"2025-05-09T09:29:59","guid":{"rendered":"https:\/\/www.abf.se\/vasternorrland\/?page_id=1077"},"modified":"2025-05-23T14:46:35","modified_gmt":"2025-05-23T12:46:35","slug":"ange","status":"publish","type":"page","link":"https:\/\/www.abf.se\/vasternorrland\/ange\/","title":{"rendered":"\u00c5nge"},"content":{"rendered":"<div\n    class=\"acf-text-image-block container my-12 md:my-15\"\n    data-block=\"text-image-block\"\n>\n    <div\n    class=\"flex flex-col items-center md:flex-row gap-8 md:gap-0 justify-between\">\n                        <div class=\"w-full md:w-1\/2 md:order-2\">\n            <picture><img decoding=\"async\" src=\"https:\/\/www.abf.se\/vasternorrland\/resized\/?url=https%3A%2F%2Fwww.abf.se%2Fwp-content%2Fuploads%2Fsites%2F56%2F2025%2F05%2FABF-i-Ange-%E2%80%93-Redigerad.jpg&#038;fit=crop&#038;w=578&#038;s=8bfc3895e1eed7f7a603eb981bf462c3\" srcset=\"https:\/\/www.abf.se\/vasternorrland\/resized\/?url=https%3A%2F%2Fwww.abf.se%2Fwp-content%2Fuploads%2Fsites%2F56%2F2025%2F05%2FABF-i-Ange-%E2%80%93-Redigerad.jpg&#038;fit=crop&#038;w=144&#038;h=126&#038;s=57d8209c005a6c8489af4b0dafeb4179 144w, https:\/\/www.abf.se\/vasternorrland\/resized\/?url=https%3A%2F%2Fwww.abf.se%2Fwp-content%2Fuploads%2Fsites%2F56%2F2025%2F05%2FABF-i-Ange-%E2%80%93-Redigerad.jpg&#038;fit=crop&#038;w=240&#038;h=211&#038;s=0a17e48241e2af3e74d87967a7054602 240w, https:\/\/www.abf.se\/vasternorrland\/resized\/?url=https%3A%2F%2Fwww.abf.se%2Fwp-content%2Fuploads%2Fsites%2F56%2F2025%2F05%2FABF-i-Ange-%E2%80%93-Redigerad.jpg&#038;fit=crop&#038;w=288&#038;h=253&#038;s=06c03553937e3f57ac01ade2c3b8035a 288w, https:\/\/www.abf.se\/vasternorrland\/resized\/?url=https%3A%2F%2Fwww.abf.se%2Fwp-content%2Fuploads%2Fsites%2F56%2F2025%2F05%2FABF-i-Ange-%E2%80%93-Redigerad.jpg&#038;fit=crop&#038;w=336&#038;h=295&#038;s=2fa5833ed9a8cb1678363535964aa3e5 336w, https:\/\/www.abf.se\/vasternorrland\/resized\/?url=https%3A%2F%2Fwww.abf.se%2Fwp-content%2Fuploads%2Fsites%2F56%2F2025%2F05%2FABF-i-Ange-%E2%80%93-Redigerad.jpg&#038;fit=crop&#038;w=432&#038;h=380&#038;s=fd88f721a85e1b9938b338f3d7d21d6d 432w, https:\/\/www.abf.se\/vasternorrland\/resized\/?url=https%3A%2F%2Fwww.abf.se%2Fwp-content%2Fuploads%2Fsites%2F56%2F2025%2F05%2FABF-i-Ange-%E2%80%93-Redigerad.jpg&#038;fit=crop&#038;w=480&#038;h=422&#038;s=3305d25f9c7b17929a5a2cb570b27c7c 480w, https:\/\/www.abf.se\/vasternorrland\/resized\/?url=https%3A%2F%2Fwww.abf.se%2Fwp-content%2Fuploads%2Fsites%2F56%2F2025%2F05%2FABF-i-Ange-%E2%80%93-Redigerad.jpg&#038;fit=crop&#038;w=528&#038;h=464&#038;s=d05a9238a95960a712a3368d386e0955 528w, https:\/\/www.abf.se\/vasternorrland\/resized\/?url=https%3A%2F%2Fwww.abf.se%2Fwp-content%2Fuploads%2Fsites%2F56%2F2025%2F05%2FABF-i-Ange-%E2%80%93-Redigerad.jpg&#038;fit=crop&#038;w=578&#038;h=509&#038;s=2c220f0a6006969a4e4efb33c74fc94d 578w, https:\/\/www.abf.se\/vasternorrland\/resized\/?url=https%3A%2F%2Fwww.abf.se%2Fwp-content%2Fuploads%2Fsites%2F56%2F2025%2F05%2FABF-i-Ange-%E2%80%93-Redigerad.jpg&#038;fit=crop&#038;w=672&#038;h=591&#038;s=ab3b59175357dd344c929a06925863ad 672w, https:\/\/www.abf.se\/vasternorrland\/resized\/?url=https%3A%2F%2Fwww.abf.se%2Fwp-content%2Fuploads%2Fsites%2F56%2F2025%2F05%2FABF-i-Ange-%E2%80%93-Redigerad.jpg&#038;fit=crop&#038;w=864&#038;h=760&#038;s=e664f889306b9efd19641f106dad56d7 864w, https:\/\/www.abf.se\/vasternorrland\/resized\/?url=https%3A%2F%2Fwww.abf.se%2Fwp-content%2Fuploads%2Fsites%2F56%2F2025%2F05%2FABF-i-Ange-%E2%80%93-Redigerad.jpg&#038;fit=crop&#038;w=1056&#038;h=929&#038;s=296a3147fd82d0ccce9a670c0d559f01 1056w\" alt=\"R&ouml;d roll up utanf&ouml;r entr&eacute; till ABF &Aring;nge\" height=\"509\" width=\"578\" sizes=\"auto, (max-width: 768px) 100vw,\n                (max-width: 1280px) 50vw, 578px\" loading=\"lazy\" fetchpriority=\"low\" \/><\/picture>\n\n        <\/div>\n        \n        <div class=\"w-full md:w-1\/2 md:order-1\">\n        <div class=\"mx-auto md:max-w-[368px]\">\n            <h2 class=\"heading-lg\">ABF i \u00c5nge<\/h2>\n            <div class=\"mb-6 mt-4 wysiwyg\">\n                <p><strong>Post- och bes\u00f6ksadress:<\/strong><br \/>\nParkgatan 10 A<br \/>\n841 33 \u00c5nge<br \/>\nTel: 0690-614 14<br \/>\ninfo.ange@abf.se<\/p>\n<p>H\u00e4r jobbar Katrin och Johanna<\/p>\n<p><strong>Bes\u00f6k kontor:<\/strong><br \/>\nOm du planerat bes\u00f6ka v\u00e5rt kontor kontakta oss innan f\u00f6r en m\u00f6testid.<\/p>\n\n            <\/div>\n                    <\/div>\n        <\/div>\n    <\/div>\n<\/div><div\n    class=\"acf-article-cta-link-block article-container my-8\"\n    data-block=\"article-cta-link-block\"\n>\n<div>\n    <a class=\"inline-flex flex-row items-center gap-4 text-link underline text-red-dark\"\n        href=\"https:\/\/www.google.com\/maps\/dir\/\/Parkgatan+10+A,+841+33+%C3%85nge\/@62.5254095,15.5790274,12z\/data=!4m8!4m7!1m0!1m5!1m1!1s0x46659a9a94437657:0x232b006a43250ed2!2m2!1d15.6614269!2d62.5254338?entry=ttu&amp;g_ep=EgoyMDI1MDUwNi4wIKXMDSoJLDEwMjExNDUzSAFQAw%3D%3D\"\n                target=\"_blank\"\n            >\n        <span class=\"\">\n        Hitta till oss\n        <\/span>\n        <figure aria-hidden=\"true\" class=\"rounded-full bg-red-dark w-8 h-8 p-1 text-white\">\n            <svg width=\"20\" height=\"20\" viewBox=\"0 0 20 20\" fill=\"none\" class=\"SvgIconElement\">\n<path d=\"M4.16659 10L15.8333 10\" stroke=\"currentColor\"\/>\n<path d=\"M9.99992 4.1665L15.8333 9.99984L9.99992 15.8332\" stroke=\"currentColor\"\/>\n<\/svg>\n        <\/figure>\n    <\/a>\n<\/div>\n<\/div>\n","protected":false},"excerpt":{"rendered":"","protected":false},"author":95,"featured_media":0,"parent":0,"menu_order":0,"comment_status":"closed","ping_status":"closed","template":"","meta":{"_acf_changed":false,"footnotes":""},"class_list":["post-1077","page","type-page","status-publish","hentry"],"acf":[],"yoast_head":"<!-- This site is optimized with the Yoast SEO plugin v27.0 - https:\/\/yoast.com\/product\/yoast-seo-wordpress\/ -->\n<title>\u00c5nge - V\u00e4sternorrland<\/title>\n<meta name=\"robots\" content=\"index, follow, max-snippet:-1, max-image-preview:large, max-video-preview:-1\" \/>\n<link rel=\"canonical\" href=\"https:\/\/www.abf.se\/vasternorrland\/ange\/\" \/>\n<meta property=\"og:locale\" content=\"sv_SE\" \/>\n<meta property=\"og:type\" content=\"article\" \/>\n<meta property=\"og:title\" content=\"\u00c5nge - V\u00e4sternorrland\" \/>\n<meta property=\"og:url\" content=\"https:\/\/www.abf.se\/vasternorrland\/ange\/\" \/>\n<meta property=\"og:site_name\" content=\"V\u00e4sternorrland\" \/>\n<meta property=\"article:modified_time\" content=\"2025-05-23T12:46:35+00:00\" \/>\n<meta property=\"og:image\" content=\"https:\/\/www.abf.se\/wp-content\/uploads\/sites\/56\/2024\/04\/Nyckeln-liggande-scaled.jpg\" \/>\n\t<meta property=\"og:image:width\" content=\"2560\" \/>\n\t<meta property=\"og:image:height\" content=\"1440\" \/>\n\t<meta property=\"og:image:type\" content=\"image\/jpeg\" \/>\n<meta name=\"twitter:card\" content=\"summary_large_image\" \/>\n<script type=\"application\/ld+json\" class=\"yoast-schema-graph\">{\"@context\":\"https:\/\/schema.org\",\"@graph\":[{\"@type\":\"WebPage\",\"@id\":\"https:\/\/www.abf.se\/vasternorrland\/ange\/\",\"url\":\"https:\/\/www.abf.se\/vasternorrland\/ange\/\",\"name\":\"\u00c5nge - V\u00e4sternorrland\",\"isPartOf\":{\"@id\":\"https:\/\/www.abf.se\/vasternorrland\/#website\"},\"datePublished\":\"2025-05-09T09:29:59+00:00\",\"dateModified\":\"2025-05-23T12:46:35+00:00\",\"breadcrumb\":{\"@id\":\"https:\/\/www.abf.se\/vasternorrland\/ange\/#breadcrumb\"},\"inLanguage\":\"sv-SE\",\"potentialAction\":[{\"@type\":\"ReadAction\",\"target\":[\"https:\/\/www.abf.se\/vasternorrland\/ange\/\"]}]},{\"@type\":\"BreadcrumbList\",\"@id\":\"https:\/\/www.abf.se\/vasternorrland\/ange\/#breadcrumb\",\"itemListElement\":[{\"@type\":\"ListItem\",\"position\":1,\"name\":\"Home\",\"item\":\"https:\/\/www.abf.se\/vasternorrland\/\"},{\"@type\":\"ListItem\",\"position\":2,\"name\":\"\u00c5nge\"}]},{\"@type\":\"WebSite\",\"@id\":\"https:\/\/www.abf.se\/vasternorrland\/#website\",\"url\":\"https:\/\/www.abf.se\/vasternorrland\/\",\"name\":\"V\u00e4sternorrland\",\"description\":\"\",\"potentialAction\":[{\"@type\":\"SearchAction\",\"target\":{\"@type\":\"EntryPoint\",\"urlTemplate\":\"https:\/\/www.abf.se\/vasternorrland\/?s={search_term_string}\"},\"query-input\":{\"@type\":\"PropertyValueSpecification\",\"valueRequired\":true,\"valueName\":\"search_term_string\"}}],\"inLanguage\":\"sv-SE\"}]}<\/script>\n<!-- \/ Yoast SEO plugin. -->","yoast_head_json":{"title":"\u00c5nge - V\u00e4sternorrland","robots":{"index":"index","follow":"follow","max-snippet":"max-snippet:-1","max-image-preview":"max-image-preview:large","max-video-preview":"max-video-preview:-1"},"canonical":"https:\/\/www.abf.se\/vasternorrland\/ange\/","og_locale":"sv_SE","og_type":"article","og_title":"\u00c5nge - V\u00e4sternorrland","og_url":"https:\/\/www.abf.se\/vasternorrland\/ange\/","og_site_name":"V\u00e4sternorrland","article_modified_time":"2025-05-23T12:46:35+00:00","og_image":[{"width":2560,"height":1440,"url":"https:\/\/www.abf.se\/wp-content\/uploads\/sites\/56\/2024\/04\/Nyckeln-liggande-scaled.jpg","type":"image\/jpeg"}],"twitter_card":"summary_large_image","schema":{"@context":"https:\/\/schema.org","@graph":[{"@type":"WebPage","@id":"https:\/\/www.abf.se\/vasternorrland\/ange\/","url":"https:\/\/www.abf.se\/vasternorrland\/ange\/","name":"\u00c5nge - V\u00e4sternorrland","isPartOf":{"@id":"https:\/\/www.abf.se\/vasternorrland\/#website"},"datePublished":"2025-05-09T09:29:59+00:00","dateModified":"2025-05-23T12:46:35+00:00","breadcrumb":{"@id":"https:\/\/www.abf.se\/vasternorrland\/ange\/#breadcrumb"},"inLanguage":"sv-SE","potentialAction":[{"@type":"ReadAction","target":["https:\/\/www.abf.se\/vasternorrland\/ange\/"]}]},{"@type":"BreadcrumbList","@id":"https:\/\/www.abf.se\/vasternorrland\/ange\/#breadcrumb","itemListElement":[{"@type":"ListItem","position":1,"name":"Home","item":"https:\/\/www.abf.se\/vasternorrland\/"},{"@type":"ListItem","position":2,"name":"\u00c5nge"}]},{"@type":"WebSite","@id":"https:\/\/www.abf.se\/vasternorrland\/#website","url":"https:\/\/www.abf.se\/vasternorrland\/","name":"V\u00e4sternorrland","description":"","potentialAction":[{"@type":"SearchAction","target":{"@type":"EntryPoint","urlTemplate":"https:\/\/www.abf.se\/vasternorrland\/?s={search_term_string}"},"query-input":{"@type":"PropertyValueSpecification","valueRequired":true,"valueName":"search_term_string"}}],"inLanguage":"sv-SE"}]}},"_links":{"self":[{"href":"https:\/\/www.abf.se\/vasternorrland\/wp-json\/wp\/v2\/pages\/1077","targetHints":{"allow":["GET"]}}],"collection":[{"href":"https:\/\/www.abf.se\/vasternorrland\/wp-json\/wp\/v2\/pages"}],"about":[{"href":"https:\/\/www.abf.se\/vasternorrland\/wp-json\/wp\/v2\/types\/page"}],"author":[{"embeddable":true,"href":"https:\/\/www.abf.se\/vasternorrland\/wp-json\/wp\/v2\/users\/95"}],"replies":[{"embeddable":true,"href":"https:\/\/www.abf.se\/vasternorrland\/wp-json\/wp\/v2\/comments?post=1077"}],"version-history":[{"count":8,"href":"https:\/\/www.abf.se\/vasternorrland\/wp-json\/wp\/v2\/pages\/1077\/revisions"}],"predecessor-version":[{"id":1106,"href":"https:\/\/www.abf.se\/vasternorrland\/wp-json\/wp\/v2\/pages\/1077\/revisions\/1106"}],"wp:attachment":[{"href":"https:\/\/www.abf.se\/vasternorrland\/wp-json\/wp\/v2\/media?parent=1077"}],"curies":[{"name":"wp","href":"https:\/\/api.w.org\/{rel}","templated":true}]}}