{"id":225,"date":"2024-04-08T15:39:16","date_gmt":"2024-04-08T13:39:16","guid":{"rendered":"https:\/\/www.abf.se\/vasternorrland\/?page_id=225"},"modified":"2024-04-26T08:51:47","modified_gmt":"2024-04-26T06:51:47","slug":"sundsvall","status":"publish","type":"page","link":"https:\/\/www.abf.se\/vasternorrland\/kontakt\/sundsvall\/","title":{"rendered":"Sundsvall"},"content":{"rendered":"<div\n    class=\"acf-section-breaker-text my-8 container-lg\"\n    data-block=\"section-breaker-text\"\n>\n    <div class=\"round-corners-lg overflow-hidden pt-36 pb-8 px-5 md:p-16 relative grid grid-cols-1 md:grid-cols-2 lg:grid-cols-5 grid-flow-col-dense\">\n\n            <picture class=\"as-background-image\"><img decoding=\"async\" src=\"https:\/\/www.abf.se\/vasternorrland\/resized\/?url=https%3A%2F%2Fwww.abf.se%2Fwp-content%2Fuploads%2Fsites%2F56%2F2024%2F04%2FABF-Sundsvall-O-Langgatan-17-e1712934405596.jpeg&#038;fit=crop&#038;w=1440&#038;s=b65be96973f431768b1638b6a5730834\" srcset=\"https:\/\/www.abf.se\/vasternorrland\/resized\/?url=https%3A%2F%2Fwww.abf.se%2Fwp-content%2Fuploads%2Fsites%2F56%2F2024%2F04%2FABF-Sundsvall-O-Langgatan-17-e1712934405596.jpeg&#038;fit=crop&#038;w=375&#038;h=540&#038;s=1310d19ac5b4ff77b2719aaa02a8391c 375w, https:\/\/www.abf.se\/vasternorrland\/resized\/?url=https%3A%2F%2Fwww.abf.se%2Fwp-content%2Fuploads%2Fsites%2F56%2F2024%2F04%2FABF-Sundsvall-O-Langgatan-17-e1712934405596.jpeg&#038;fit=crop&#038;w=499&#038;h=540&#038;s=720dab1c367de7e04d05efda5417bbbd 499w, https:\/\/www.abf.se\/vasternorrland\/resized\/?url=https%3A%2F%2Fwww.abf.se%2Fwp-content%2Fuploads%2Fsites%2F56%2F2024%2F04%2FABF-Sundsvall-O-Langgatan-17-e1712934405596.jpeg&#038;fit=crop&#038;w=623&#038;h=540&#038;s=d961cc057906345051291791bf3d76d1 623w, https:\/\/www.abf.se\/vasternorrland\/resized\/?url=https%3A%2F%2Fwww.abf.se%2Fwp-content%2Fuploads%2Fsites%2F56%2F2024%2F04%2FABF-Sundsvall-O-Langgatan-17-e1712934405596.jpeg&#038;fit=crop&#038;w=747&#038;h=540&#038;s=c4804598ebb31a783d4add7cfe7dda2f 747w, https:\/\/www.abf.se\/vasternorrland\/resized\/?url=https%3A%2F%2Fwww.abf.se%2Fwp-content%2Fuploads%2Fsites%2F56%2F2024%2F04%2FABF-Sundsvall-O-Langgatan-17-e1712934405596.jpeg&#038;fit=crop&#038;w=750&#038;h=540&#038;s=926a770f406a73a483823975c3881a3f 750w, https:\/\/www.abf.se\/vasternorrland\/resized\/?url=https%3A%2F%2Fwww.abf.se%2Fwp-content%2Fuploads%2Fsites%2F56%2F2024%2F04%2FABF-Sundsvall-O-Langgatan-17-e1712934405596.jpeg&#038;fit=crop&#038;w=871&#038;h=540&#038;s=32e1433e98a4ef8d018ba411c6441791 871w, https:\/\/www.abf.se\/vasternorrland\/resized\/?url=https%3A%2F%2Fwww.abf.se%2Fwp-content%2Fuploads%2Fsites%2F56%2F2024%2F04%2FABF-Sundsvall-O-Langgatan-17-e1712934405596.jpeg&#038;fit=crop&#038;w=995&#038;h=540&#038;s=b27c1a74f7044251297a28490d6161b7 995w, https:\/\/www.abf.se\/vasternorrland\/resized\/?url=https%3A%2F%2Fwww.abf.se%2Fwp-content%2Fuploads%2Fsites%2F56%2F2024%2F04%2FABF-Sundsvall-O-Langgatan-17-e1712934405596.jpeg&#038;fit=crop&#038;w=998&#038;h=540&#038;s=a3a1bfba29d217367a3c7a0b0fe82769 998w, https:\/\/www.abf.se\/vasternorrland\/resized\/?url=https%3A%2F%2Fwww.abf.se%2Fwp-content%2Fuploads%2Fsites%2F56%2F2024%2F04%2FABF-Sundsvall-O-Langgatan-17-e1712934405596.jpeg&#038;fit=crop&#038;w=1119&#038;h=540&#038;s=15851ddba9378ca0a7a1ba4bde34fee8 1119w, https:\/\/www.abf.se\/vasternorrland\/resized\/?url=https%3A%2F%2Fwww.abf.se%2Fwp-content%2Fuploads%2Fsites%2F56%2F2024%2F04%2FABF-Sundsvall-O-Langgatan-17-e1712934405596.jpeg&#038;fit=crop&#038;w=1243&#038;h=540&#038;s=3f05ad9f7aca975d4043acbe2770a347 1243w, https:\/\/www.abf.se\/vasternorrland\/resized\/?url=https%3A%2F%2Fwww.abf.se%2Fwp-content%2Fuploads%2Fsites%2F56%2F2024%2F04%2FABF-Sundsvall-O-Langgatan-17-e1712934405596.jpeg&#038;fit=crop&#038;w=1246&#038;h=540&#038;s=0d7be5b371c52e598b2922b0599e4b2d 1246w, https:\/\/www.abf.se\/vasternorrland\/resized\/?url=https%3A%2F%2Fwww.abf.se%2Fwp-content%2Fuploads%2Fsites%2F56%2F2024%2F04%2FABF-Sundsvall-O-Langgatan-17-e1712934405596.jpeg&#038;fit=crop&#038;w=1367&#038;h=540&#038;s=cee160934693568da57d523f253308fd 1367w, https:\/\/www.abf.se\/vasternorrland\/resized\/?url=https%3A%2F%2Fwww.abf.se%2Fwp-content%2Fuploads%2Fsites%2F56%2F2024%2F04%2FABF-Sundsvall-O-Langgatan-17-e1712934405596.jpeg&#038;fit=crop&#038;w=1440&#038;h=540&#038;s=0bcc475926a6bfa33f2e6cb7642105fd 1440w, https:\/\/www.abf.se\/vasternorrland\/resized\/?url=https%3A%2F%2Fwww.abf.se%2Fwp-content%2Fuploads%2Fsites%2F56%2F2024%2F04%2FABF-Sundsvall-O-Langgatan-17-e1712934405596.jpeg&#038;fit=crop&#038;w=1494&#038;h=540&#038;s=d9fb8cd4838eb7c7b5678b24cf64716c 1494w, https:\/\/www.abf.se\/vasternorrland\/resized\/?url=https%3A%2F%2Fwww.abf.se%2Fwp-content%2Fuploads%2Fsites%2F56%2F2024%2F04%2FABF-Sundsvall-O-Langgatan-17-e1712934405596.jpeg&#038;fit=crop&#038;w=1742&#038;h=540&#038;s=00390b57f93c87c2a4eb997867a40f7b 1742w, https:\/\/www.abf.se\/vasternorrland\/resized\/?url=https%3A%2F%2Fwww.abf.se%2Fwp-content%2Fuploads%2Fsites%2F56%2F2024%2F04%2FABF-Sundsvall-O-Langgatan-17-e1712934405596.jpeg&#038;fit=crop&#038;w=1990&#038;h=540&#038;s=1aa77c87c6518e58ae8f8da94accc746 1990w, https:\/\/www.abf.se\/vasternorrland\/resized\/?url=https%3A%2F%2Fwww.abf.se%2Fwp-content%2Fuploads%2Fsites%2F56%2F2024%2F04%2FABF-Sundsvall-O-Langgatan-17-e1712934405596.jpeg&#038;fit=crop&#038;w=2238&#038;h=540&#038;s=61f8709448c143477c08dfaf76ada403 2238w, https:\/\/www.abf.se\/vasternorrland\/resized\/?url=https%3A%2F%2Fwww.abf.se%2Fwp-content%2Fuploads%2Fsites%2F56%2F2024%2F04%2FABF-Sundsvall-O-Langgatan-17-e1712934405596.jpeg&#038;fit=crop&#038;w=2486&#038;h=540&#038;s=16e300582806d75a24d838ce58022a33 2486w, https:\/\/www.abf.se\/vasternorrland\/resized\/?url=https%3A%2F%2Fwww.abf.se%2Fwp-content%2Fuploads%2Fsites%2F56%2F2024%2F04%2FABF-Sundsvall-O-Langgatan-17-e1712934405596.jpeg&#038;fit=crop&#038;w=2734&#038;h=540&#038;s=fedf1e8cd05c91ce9c015ff6dc47aaa8 2734w\" alt=\"\" height=\"540\" width=\"1440\" sizes=\"auto, \n            (max-width: 1440px) calc(100vw - 32px), 1440px\" loading=\"lazy\" fetchpriority=\"low\" aria-hidden=\"true\" role=\"presentation\" \/><\/picture>\n                <div class=\"bg-white round-corners-sm px-10 py-11 col-span-1  relative z-10 col-start-4 col-end-[-1]\">\n            <h2 class=\"heading-lg mb-4\">V\u00e4lkommen till v\u00e5ra studielokaler och kontor i Sundsvall<\/h2>\n            <div style=\"font-size: 1.25rem; color: black;\" class=\"body-xl wysiwyg\"><p>Om du planerat bes\u00f6ka v\u00e5rt kontor beh\u00f6ver du kontakta oss innan f\u00f6r en m\u00f6testid.<\/p>\n<\/div>\n                    \n        <\/div>\n    <\/div>\n<\/div>\n<div\n    class=\"acf-text-image-block container my-12 md:my-15\"\n    data-block=\"text-image-block\"\n>\n    <div\n    class=\"flex flex-col items-center md:flex-row gap-8 md:gap-0 justify-between\">\n                        <div class=\"w-full md:w-1\/2 md:order-1\">\n            <picture><img decoding=\"async\" src=\"https:\/\/www.abf.se\/vasternorrland\/resized\/?url=https%3A%2F%2Fwww.abf.se%2Fwp-content%2Fuploads%2Fsites%2F56%2F2024%2F04%2FSelangeran.jpg&#038;fit=crop&#038;w=578&#038;s=d0789ecb457cf1cb8cfd8558161f6dcf\" srcset=\"https:\/\/www.abf.se\/vasternorrland\/resized\/?url=https%3A%2F%2Fwww.abf.se%2Fwp-content%2Fuploads%2Fsites%2F56%2F2024%2F04%2FSelangeran.jpg&#038;fit=crop&#038;w=144&#038;h=126&#038;s=f7e32d6d6a461e271517099acfda7d94 144w, https:\/\/www.abf.se\/vasternorrland\/resized\/?url=https%3A%2F%2Fwww.abf.se%2Fwp-content%2Fuploads%2Fsites%2F56%2F2024%2F04%2FSelangeran.jpg&#038;fit=crop&#038;w=240&#038;h=211&#038;s=738148f8693b4a3b077934ca2ab1240f 240w, https:\/\/www.abf.se\/vasternorrland\/resized\/?url=https%3A%2F%2Fwww.abf.se%2Fwp-content%2Fuploads%2Fsites%2F56%2F2024%2F04%2FSelangeran.jpg&#038;fit=crop&#038;w=288&#038;h=253&#038;s=4e3ecfae592b29a762e5b64cca229cc4 288w, https:\/\/www.abf.se\/vasternorrland\/resized\/?url=https%3A%2F%2Fwww.abf.se%2Fwp-content%2Fuploads%2Fsites%2F56%2F2024%2F04%2FSelangeran.jpg&#038;fit=crop&#038;w=336&#038;h=295&#038;s=773dd97a3d47a0abcd58ea1b3b7a44c2 336w, https:\/\/www.abf.se\/vasternorrland\/resized\/?url=https%3A%2F%2Fwww.abf.se%2Fwp-content%2Fuploads%2Fsites%2F56%2F2024%2F04%2FSelangeran.jpg&#038;fit=crop&#038;w=432&#038;h=380&#038;s=2e764a7ef53874cd29c71ab2b039d897 432w, https:\/\/www.abf.se\/vasternorrland\/resized\/?url=https%3A%2F%2Fwww.abf.se%2Fwp-content%2Fuploads%2Fsites%2F56%2F2024%2F04%2FSelangeran.jpg&#038;fit=crop&#038;w=480&#038;h=422&#038;s=c8be392720da74e5d40ede920a157ca7 480w, https:\/\/www.abf.se\/vasternorrland\/resized\/?url=https%3A%2F%2Fwww.abf.se%2Fwp-content%2Fuploads%2Fsites%2F56%2F2024%2F04%2FSelangeran.jpg&#038;fit=crop&#038;w=528&#038;h=464&#038;s=567923fad072985586e1be03f822efea 528w, https:\/\/www.abf.se\/vasternorrland\/resized\/?url=https%3A%2F%2Fwww.abf.se%2Fwp-content%2Fuploads%2Fsites%2F56%2F2024%2F04%2FSelangeran.jpg&#038;fit=crop&#038;w=578&#038;h=509&#038;s=6f2bff28e473e208a1ce4866e781c07e 578w, https:\/\/www.abf.se\/vasternorrland\/resized\/?url=https%3A%2F%2Fwww.abf.se%2Fwp-content%2Fuploads%2Fsites%2F56%2F2024%2F04%2FSelangeran.jpg&#038;fit=crop&#038;w=672&#038;h=591&#038;s=09c959125415669be1f7d73a7e168500 672w, https:\/\/www.abf.se\/vasternorrland\/resized\/?url=https%3A%2F%2Fwww.abf.se%2Fwp-content%2Fuploads%2Fsites%2F56%2F2024%2F04%2FSelangeran.jpg&#038;fit=crop&#038;w=864&#038;h=760&#038;s=6c7f398870b250285903c88860cc51dd 864w, https:\/\/www.abf.se\/vasternorrland\/resized\/?url=https%3A%2F%2Fwww.abf.se%2Fwp-content%2Fuploads%2Fsites%2F56%2F2024%2F04%2FSelangeran.jpg&#038;fit=crop&#038;w=1056&#038;h=929&#038;s=b2cc5a87515b96cc540d729d926b383b 1056w\" alt=\"&Aring; med tr&auml;d och gr&ouml;nt gr&auml;s\" height=\"509\" width=\"578\" sizes=\"auto, (max-width: 768px) 100vw,\n                (max-width: 1280px) 50vw, 578px\" loading=\"lazy\" fetchpriority=\"low\" \/><\/picture>\n\n        <\/div>\n        \n        <div class=\"w-full md:w-1\/2 md:order-2\">\n        <div class=\"mx-auto md:max-w-[368px]\">\n            <h2 class=\"heading-lg\">ABF i Sundsvall<\/h2>\n            <div class=\"mb-6 mt-4 wysiwyg\">\n                <h3 class=\"p3\">Post- och bes\u00f6ksadress:<\/h3>\n<p class=\"p3\">\u00d6stra L\u00e5nggatan 17<br \/>\n852 36 SUNDSVALL<br \/>\nV\u00e4xel: 010- 280 44 80<br \/>\ninfo.vasternorrland@abf.se<\/p>\n<p><a href=\"https:\/\/www.abf.se\/vasternorrland\/kontakt\/\"><strong>H\u00e4r arbetar Anna, Kenneth, Petra, Tompe och Inger<\/strong><\/a><\/p>\n\n            <\/div>\n                    <\/div>\n        <\/div>\n    <\/div>\n<\/div><div class=\"container-lg mb-6\">\n    <div class=\"md:pl-6 flex flex-row gap-1 items-center mt-6 body-m flex-wrap gap-y-2\">\n<span class=\"flex flex-row gap items-center gap-x-1\">\n         <a class=\"label-sm md:label-md text-red-dark font-[350] underline\" href=\"https:\/\/www.abf.se\/vasternorrland\/\"\n        >\n        Hem\n    <\/a>\n\n<\/span>\n<span class=\"flex flex-row gap items-center gap-x-1\">\n         <svg width=\"14\" height=\"15\" viewBox=\"0 0 14 15\" fill=\"none\" xmlns=\"http:\/\/www.w3.org\/2000\/svg\">\n<g id=\"fi:arrow-up\">\n<path id=\"Vector\" d=\"M5.01823 3.41669L9.10156 7.50002L5.01823 11.5834\" stroke=\"#909090\"\/>\n<\/g>\n<\/svg>\n\n        <a class=\"label-sm md:label-md text-red-dark font-[350] underline\" href=\"https:\/\/www.abf.se\/vasternorrland\/kontakt\/\"\n        >\n        Kontakta oss\n    <\/a>\n\n<\/span>\n<span class=\"flex flex-row gap items-center gap-x-1\">\n         <svg width=\"14\" height=\"15\" viewBox=\"0 0 14 15\" fill=\"none\" xmlns=\"http:\/\/www.w3.org\/2000\/svg\">\n<g id=\"fi:arrow-up\">\n<path id=\"Vector\" d=\"M5.01823 3.41669L9.10156 7.50002L5.01823 11.5834\" stroke=\"#909090\"\/>\n<\/g>\n<\/svg>\n\n        <a class=\"label-sm md:label-md text-red-dark font-[350] font-medium\" href=\"\"\n         aria-current=\"page\" >\n        Sundsvall\n    <\/a>\n\n<\/span>\n<\/div><\/div>\n","protected":false},"excerpt":{"rendered":"","protected":false},"author":95,"featured_media":0,"parent":7,"menu_order":0,"comment_status":"closed","ping_status":"closed","template":"","meta":{"_acf_changed":false,"footnotes":""},"class_list":["post-225","page","type-page","status-publish","hentry"],"acf":[],"yoast_head":"<!-- This site is optimized with the Yoast SEO plugin v27.0 - https:\/\/yoast.com\/product\/yoast-seo-wordpress\/ -->\n<title>Sundsvall - V\u00e4sternorrland<\/title>\n<meta name=\"robots\" content=\"index, follow, max-snippet:-1, max-image-preview:large, max-video-preview:-1\" \/>\n<link rel=\"canonical\" href=\"https:\/\/www.abf.se\/vasternorrland\/kontakt\/sundsvall\/\" \/>\n<meta property=\"og:locale\" content=\"sv_SE\" \/>\n<meta property=\"og:type\" content=\"article\" \/>\n<meta property=\"og:title\" content=\"Sundsvall - V\u00e4sternorrland\" \/>\n<meta property=\"og:url\" content=\"https:\/\/www.abf.se\/vasternorrland\/kontakt\/sundsvall\/\" \/>\n<meta property=\"og:site_name\" content=\"V\u00e4sternorrland\" \/>\n<meta property=\"article:modified_time\" content=\"2024-04-26T06:51:47+00:00\" \/>\n<meta property=\"og:image\" content=\"https:\/\/www.abf.se\/wp-content\/uploads\/sites\/56\/2024\/04\/Nyckeln-liggande-scaled.jpg\" \/>\n\t<meta property=\"og:image:width\" content=\"2560\" \/>\n\t<meta property=\"og:image:height\" content=\"1440\" \/>\n\t<meta property=\"og:image:type\" content=\"image\/jpeg\" \/>\n<meta name=\"twitter:card\" content=\"summary_large_image\" \/>\n<script type=\"application\/ld+json\" class=\"yoast-schema-graph\">{\"@context\":\"https:\/\/schema.org\",\"@graph\":[{\"@type\":\"WebPage\",\"@id\":\"https:\/\/www.abf.se\/vasternorrland\/kontakt\/sundsvall\/\",\"url\":\"https:\/\/www.abf.se\/vasternorrland\/kontakt\/sundsvall\/\",\"name\":\"Sundsvall - V\u00e4sternorrland\",\"isPartOf\":{\"@id\":\"https:\/\/www.abf.se\/vasternorrland\/#website\"},\"datePublished\":\"2024-04-08T13:39:16+00:00\",\"dateModified\":\"2024-04-26T06:51:47+00:00\",\"breadcrumb\":{\"@id\":\"https:\/\/www.abf.se\/vasternorrland\/kontakt\/sundsvall\/#breadcrumb\"},\"inLanguage\":\"sv-SE\",\"potentialAction\":[{\"@type\":\"ReadAction\",\"target\":[\"https:\/\/www.abf.se\/vasternorrland\/kontakt\/sundsvall\/\"]}]},{\"@type\":\"BreadcrumbList\",\"@id\":\"https:\/\/www.abf.se\/vasternorrland\/kontakt\/sundsvall\/#breadcrumb\",\"itemListElement\":[{\"@type\":\"ListItem\",\"position\":1,\"name\":\"Home\",\"item\":\"https:\/\/www.abf.se\/vasternorrland\/\"},{\"@type\":\"ListItem\",\"position\":2,\"name\":\"Kontakta oss\",\"item\":\"https:\/\/www.abf.se\/vasternorrland\/kontakt\/\"},{\"@type\":\"ListItem\",\"position\":3,\"name\":\"Sundsvall\"}]},{\"@type\":\"WebSite\",\"@id\":\"https:\/\/www.abf.se\/vasternorrland\/#website\",\"url\":\"https:\/\/www.abf.se\/vasternorrland\/\",\"name\":\"V\u00e4sternorrland\",\"description\":\"\",\"potentialAction\":[{\"@type\":\"SearchAction\",\"target\":{\"@type\":\"EntryPoint\",\"urlTemplate\":\"https:\/\/www.abf.se\/vasternorrland\/?s={search_term_string}\"},\"query-input\":{\"@type\":\"PropertyValueSpecification\",\"valueRequired\":true,\"valueName\":\"search_term_string\"}}],\"inLanguage\":\"sv-SE\"}]}<\/script>\n<!-- \/ Yoast SEO plugin. -->","yoast_head_json":{"title":"Sundsvall - V\u00e4sternorrland","robots":{"index":"index","follow":"follow","max-snippet":"max-snippet:-1","max-image-preview":"max-image-preview:large","max-video-preview":"max-video-preview:-1"},"canonical":"https:\/\/www.abf.se\/vasternorrland\/kontakt\/sundsvall\/","og_locale":"sv_SE","og_type":"article","og_title":"Sundsvall - V\u00e4sternorrland","og_url":"https:\/\/www.abf.se\/vasternorrland\/kontakt\/sundsvall\/","og_site_name":"V\u00e4sternorrland","article_modified_time":"2024-04-26T06:51:47+00:00","og_image":[{"width":2560,"height":1440,"url":"https:\/\/www.abf.se\/wp-content\/uploads\/sites\/56\/2024\/04\/Nyckeln-liggande-scaled.jpg","type":"image\/jpeg"}],"twitter_card":"summary_large_image","schema":{"@context":"https:\/\/schema.org","@graph":[{"@type":"WebPage","@id":"https:\/\/www.abf.se\/vasternorrland\/kontakt\/sundsvall\/","url":"https:\/\/www.abf.se\/vasternorrland\/kontakt\/sundsvall\/","name":"Sundsvall - V\u00e4sternorrland","isPartOf":{"@id":"https:\/\/www.abf.se\/vasternorrland\/#website"},"datePublished":"2024-04-08T13:39:16+00:00","dateModified":"2024-04-26T06:51:47+00:00","breadcrumb":{"@id":"https:\/\/www.abf.se\/vasternorrland\/kontakt\/sundsvall\/#breadcrumb"},"inLanguage":"sv-SE","potentialAction":[{"@type":"ReadAction","target":["https:\/\/www.abf.se\/vasternorrland\/kontakt\/sundsvall\/"]}]},{"@type":"BreadcrumbList","@id":"https:\/\/www.abf.se\/vasternorrland\/kontakt\/sundsvall\/#breadcrumb","itemListElement":[{"@type":"ListItem","position":1,"name":"Home","item":"https:\/\/www.abf.se\/vasternorrland\/"},{"@type":"ListItem","position":2,"name":"Kontakta oss","item":"https:\/\/www.abf.se\/vasternorrland\/kontakt\/"},{"@type":"ListItem","position":3,"name":"Sundsvall"}]},{"@type":"WebSite","@id":"https:\/\/www.abf.se\/vasternorrland\/#website","url":"https:\/\/www.abf.se\/vasternorrland\/","name":"V\u00e4sternorrland","description":"","potentialAction":[{"@type":"SearchAction","target":{"@type":"EntryPoint","urlTemplate":"https:\/\/www.abf.se\/vasternorrland\/?s={search_term_string}"},"query-input":{"@type":"PropertyValueSpecification","valueRequired":true,"valueName":"search_term_string"}}],"inLanguage":"sv-SE"}]}},"_links":{"self":[{"href":"https:\/\/www.abf.se\/vasternorrland\/wp-json\/wp\/v2\/pages\/225","targetHints":{"allow":["GET"]}}],"collection":[{"href":"https:\/\/www.abf.se\/vasternorrland\/wp-json\/wp\/v2\/pages"}],"about":[{"href":"https:\/\/www.abf.se\/vasternorrland\/wp-json\/wp\/v2\/types\/page"}],"author":[{"embeddable":true,"href":"https:\/\/www.abf.se\/vasternorrland\/wp-json\/wp\/v2\/users\/95"}],"replies":[{"embeddable":true,"href":"https:\/\/www.abf.se\/vasternorrland\/wp-json\/wp\/v2\/comments?post=225"}],"version-history":[{"count":39,"href":"https:\/\/www.abf.se\/vasternorrland\/wp-json\/wp\/v2\/pages\/225\/revisions"}],"predecessor-version":[{"id":693,"href":"https:\/\/www.abf.se\/vasternorrland\/wp-json\/wp\/v2\/pages\/225\/revisions\/693"}],"up":[{"embeddable":true,"href":"https:\/\/www.abf.se\/vasternorrland\/wp-json\/wp\/v2\/pages\/7"}],"wp:attachment":[{"href":"https:\/\/www.abf.se\/vasternorrland\/wp-json\/wp\/v2\/media?parent=225"}],"curies":[{"name":"wp","href":"https:\/\/api.w.org\/{rel}","templated":true}]}}