{"id":234,"date":"2024-04-08T15:47:01","date_gmt":"2024-04-08T13:47:01","guid":{"rendered":"https:\/\/www.abf.se\/vasternorrland\/?page_id=234"},"modified":"2024-10-03T09:38:38","modified_gmt":"2024-10-03T07:38:38","slug":"kramfors","status":"publish","type":"page","link":"https:\/\/www.abf.se\/vasternorrland\/kramfors\/","title":{"rendered":"Kramfors"},"content":{"rendered":"<div\n    class=\"acf-text-image-block container my-12 md:my-15\"\n    data-block=\"text-image-block\"\n>\n    <div\n    class=\"flex flex-col items-center md:flex-row gap-8 md:gap-0 justify-between\">\n                        <div class=\"w-full md:w-1\/2 md:order-2\">\n            <picture><img decoding=\"async\" src=\"https:\/\/www.abf.se\/vasternorrland\/resized\/?url=https%3A%2F%2Fwww.abf.se%2Fwp-content%2Fuploads%2Fsites%2F56%2F2024%2F04%2FKramfors-ABF-1.jpg&#038;fit=crop&#038;w=578&#038;s=588de5b014649c1f9636182bff653a64\" srcset=\"https:\/\/www.abf.se\/vasternorrland\/resized\/?url=https%3A%2F%2Fwww.abf.se%2Fwp-content%2Fuploads%2Fsites%2F56%2F2024%2F04%2FKramfors-ABF-1.jpg&#038;fit=crop&#038;w=144&#038;h=126&#038;s=efea3a11e6bcde6efdc032a48827b730 144w, https:\/\/www.abf.se\/vasternorrland\/resized\/?url=https%3A%2F%2Fwww.abf.se%2Fwp-content%2Fuploads%2Fsites%2F56%2F2024%2F04%2FKramfors-ABF-1.jpg&#038;fit=crop&#038;w=240&#038;h=211&#038;s=6bd75bee81605b11af5145e222104e20 240w, https:\/\/www.abf.se\/vasternorrland\/resized\/?url=https%3A%2F%2Fwww.abf.se%2Fwp-content%2Fuploads%2Fsites%2F56%2F2024%2F04%2FKramfors-ABF-1.jpg&#038;fit=crop&#038;w=288&#038;h=253&#038;s=e4ae1930b203276918c7694a0e3f341a 288w, https:\/\/www.abf.se\/vasternorrland\/resized\/?url=https%3A%2F%2Fwww.abf.se%2Fwp-content%2Fuploads%2Fsites%2F56%2F2024%2F04%2FKramfors-ABF-1.jpg&#038;fit=crop&#038;w=336&#038;h=295&#038;s=316837fbe71448da145a660e65304cee 336w, https:\/\/www.abf.se\/vasternorrland\/resized\/?url=https%3A%2F%2Fwww.abf.se%2Fwp-content%2Fuploads%2Fsites%2F56%2F2024%2F04%2FKramfors-ABF-1.jpg&#038;fit=crop&#038;w=432&#038;h=380&#038;s=b98c5c5a5a98e02b63cd80fc65802db3 432w, https:\/\/www.abf.se\/vasternorrland\/resized\/?url=https%3A%2F%2Fwww.abf.se%2Fwp-content%2Fuploads%2Fsites%2F56%2F2024%2F04%2FKramfors-ABF-1.jpg&#038;fit=crop&#038;w=480&#038;h=422&#038;s=778e58c7032e8585196bfb525f1958b2 480w, https:\/\/www.abf.se\/vasternorrland\/resized\/?url=https%3A%2F%2Fwww.abf.se%2Fwp-content%2Fuploads%2Fsites%2F56%2F2024%2F04%2FKramfors-ABF-1.jpg&#038;fit=crop&#038;w=528&#038;h=464&#038;s=fe48f3c31318f9f66ed02bc011e7632a 528w, https:\/\/www.abf.se\/vasternorrland\/resized\/?url=https%3A%2F%2Fwww.abf.se%2Fwp-content%2Fuploads%2Fsites%2F56%2F2024%2F04%2FKramfors-ABF-1.jpg&#038;fit=crop&#038;w=578&#038;h=509&#038;s=a00743f0b22f3ed61fb73d7aee153773 578w, https:\/\/www.abf.se\/vasternorrland\/resized\/?url=https%3A%2F%2Fwww.abf.se%2Fwp-content%2Fuploads%2Fsites%2F56%2F2024%2F04%2FKramfors-ABF-1.jpg&#038;fit=crop&#038;w=672&#038;h=591&#038;s=a51f9bebd6606526de6ff6569fc1d527 672w, https:\/\/www.abf.se\/vasternorrland\/resized\/?url=https%3A%2F%2Fwww.abf.se%2Fwp-content%2Fuploads%2Fsites%2F56%2F2024%2F04%2FKramfors-ABF-1.jpg&#038;fit=crop&#038;w=864&#038;h=760&#038;s=b8ea7808974fc4d1bd0ead2a104b00d0 864w, https:\/\/www.abf.se\/vasternorrland\/resized\/?url=https%3A%2F%2Fwww.abf.se%2Fwp-content%2Fuploads%2Fsites%2F56%2F2024%2F04%2FKramfors-ABF-1.jpg&#038;fit=crop&#038;w=1056&#038;h=929&#038;s=a6a84ce5b0350dff154230d0b117accc 1056w\" alt=\"Hus med gult tegel med skylt F&ouml;retagens Hus.\" height=\"509\" width=\"578\" sizes=\"auto, (max-width: 768px) 100vw,\n                (max-width: 1280px) 50vw, 578px\" loading=\"lazy\" fetchpriority=\"low\" \/><\/picture>\n\n        <\/div>\n        \n        <div class=\"w-full md:w-1\/2 md:order-1\">\n        <div class=\"mx-auto md:max-w-[368px]\">\n            <h2 class=\"heading-lg\">ABF i Kramfors<\/h2>\n            <div class=\"mb-6 mt-4 wysiwyg\">\n                <p><strong>Post- och bes\u00f6ksadress:<\/strong><br \/>\nRingv\u00e4gen 4 (F\u00f6retagens Hus)<br \/>\n872 30 KRAMFORS<br \/>\nTel: 0612 &#8211; 843 48<br \/>\nV\u00e4xel: 010- 280 44 80<br \/>\ninfo.vasternorrland@abf.se<\/p>\n<p><strong>Bes\u00f6k kontor:<\/strong><br \/>\nOm du planerat bes\u00f6ka v\u00e5rt kontor beh\u00f6ver du kontakta oss innan f\u00f6r en m\u00f6testid.<\/p>\n<p>H\u00e4r jobbar Christer och Anna-Karin<\/p>\n\n            <\/div>\n                                            <a href='https:\/\/www.google.com\/maps\/place\/F%C3%B6retagens+Hus,+Ringv%C3%A4gen+4,+872+30+Kramfors\/@62.9269026,17.7794032,17z\/data=!3m1!4b1!4m6!3m5!1s0x4664bf2e8063463f:0x2950d7938489e66!8m2!3d62.9269026!4d17.7819835!16s%2Fg%2F12vt7zyzh?entry=ttu' class=\"default-button\" target=\"_blank\">Hitta till oss!<\/a>\n                    <\/div>\n        <\/div>\n    <\/div>\n<\/div>","protected":false},"excerpt":{"rendered":"","protected":false},"author":95,"featured_media":0,"parent":0,"menu_order":0,"comment_status":"closed","ping_status":"closed","template":"","meta":{"_acf_changed":false,"footnotes":""},"class_list":["post-234","page","type-page","status-publish","hentry"],"acf":[],"yoast_head":"<!-- This site is optimized with the Yoast SEO plugin v27.0 - https:\/\/yoast.com\/product\/yoast-seo-wordpress\/ -->\n<title>Kramfors - V\u00e4sternorrland<\/title>\n<meta name=\"robots\" content=\"index, follow, max-snippet:-1, max-image-preview:large, max-video-preview:-1\" \/>\n<link rel=\"canonical\" href=\"https:\/\/www.abf.se\/vasternorrland\/kramfors\/\" \/>\n<meta property=\"og:locale\" content=\"sv_SE\" \/>\n<meta property=\"og:type\" content=\"article\" \/>\n<meta property=\"og:title\" content=\"Kramfors - V\u00e4sternorrland\" \/>\n<meta property=\"og:url\" content=\"https:\/\/www.abf.se\/vasternorrland\/kramfors\/\" \/>\n<meta property=\"og:site_name\" content=\"V\u00e4sternorrland\" \/>\n<meta property=\"article:modified_time\" content=\"2024-10-03T07:38:38+00:00\" \/>\n<meta property=\"og:image\" content=\"https:\/\/www.abf.se\/wp-content\/uploads\/sites\/56\/2024\/04\/Nyckeln-liggande-scaled.jpg\" \/>\n\t<meta property=\"og:image:width\" content=\"2560\" \/>\n\t<meta property=\"og:image:height\" content=\"1440\" \/>\n\t<meta property=\"og:image:type\" content=\"image\/jpeg\" \/>\n<meta name=\"twitter:card\" content=\"summary_large_image\" \/>\n<script type=\"application\/ld+json\" class=\"yoast-schema-graph\">{\"@context\":\"https:\/\/schema.org\",\"@graph\":[{\"@type\":\"WebPage\",\"@id\":\"https:\/\/www.abf.se\/vasternorrland\/kramfors\/\",\"url\":\"https:\/\/www.abf.se\/vasternorrland\/kramfors\/\",\"name\":\"Kramfors - V\u00e4sternorrland\",\"isPartOf\":{\"@id\":\"https:\/\/www.abf.se\/vasternorrland\/#website\"},\"datePublished\":\"2024-04-08T13:47:01+00:00\",\"dateModified\":\"2024-10-03T07:38:38+00:00\",\"breadcrumb\":{\"@id\":\"https:\/\/www.abf.se\/vasternorrland\/kramfors\/#breadcrumb\"},\"inLanguage\":\"sv-SE\",\"potentialAction\":[{\"@type\":\"ReadAction\",\"target\":[\"https:\/\/www.abf.se\/vasternorrland\/kramfors\/\"]}]},{\"@type\":\"BreadcrumbList\",\"@id\":\"https:\/\/www.abf.se\/vasternorrland\/kramfors\/#breadcrumb\",\"itemListElement\":[{\"@type\":\"ListItem\",\"position\":1,\"name\":\"Home\",\"item\":\"https:\/\/www.abf.se\/vasternorrland\/\"},{\"@type\":\"ListItem\",\"position\":2,\"name\":\"Kramfors\"}]},{\"@type\":\"WebSite\",\"@id\":\"https:\/\/www.abf.se\/vasternorrland\/#website\",\"url\":\"https:\/\/www.abf.se\/vasternorrland\/\",\"name\":\"V\u00e4sternorrland\",\"description\":\"\",\"potentialAction\":[{\"@type\":\"SearchAction\",\"target\":{\"@type\":\"EntryPoint\",\"urlTemplate\":\"https:\/\/www.abf.se\/vasternorrland\/?s={search_term_string}\"},\"query-input\":{\"@type\":\"PropertyValueSpecification\",\"valueRequired\":true,\"valueName\":\"search_term_string\"}}],\"inLanguage\":\"sv-SE\"}]}<\/script>\n<!-- \/ Yoast SEO plugin. -->","yoast_head_json":{"title":"Kramfors - V\u00e4sternorrland","robots":{"index":"index","follow":"follow","max-snippet":"max-snippet:-1","max-image-preview":"max-image-preview:large","max-video-preview":"max-video-preview:-1"},"canonical":"https:\/\/www.abf.se\/vasternorrland\/kramfors\/","og_locale":"sv_SE","og_type":"article","og_title":"Kramfors - V\u00e4sternorrland","og_url":"https:\/\/www.abf.se\/vasternorrland\/kramfors\/","og_site_name":"V\u00e4sternorrland","article_modified_time":"2024-10-03T07:38:38+00:00","og_image":[{"width":2560,"height":1440,"url":"https:\/\/www.abf.se\/wp-content\/uploads\/sites\/56\/2024\/04\/Nyckeln-liggande-scaled.jpg","type":"image\/jpeg"}],"twitter_card":"summary_large_image","schema":{"@context":"https:\/\/schema.org","@graph":[{"@type":"WebPage","@id":"https:\/\/www.abf.se\/vasternorrland\/kramfors\/","url":"https:\/\/www.abf.se\/vasternorrland\/kramfors\/","name":"Kramfors - V\u00e4sternorrland","isPartOf":{"@id":"https:\/\/www.abf.se\/vasternorrland\/#website"},"datePublished":"2024-04-08T13:47:01+00:00","dateModified":"2024-10-03T07:38:38+00:00","breadcrumb":{"@id":"https:\/\/www.abf.se\/vasternorrland\/kramfors\/#breadcrumb"},"inLanguage":"sv-SE","potentialAction":[{"@type":"ReadAction","target":["https:\/\/www.abf.se\/vasternorrland\/kramfors\/"]}]},{"@type":"BreadcrumbList","@id":"https:\/\/www.abf.se\/vasternorrland\/kramfors\/#breadcrumb","itemListElement":[{"@type":"ListItem","position":1,"name":"Home","item":"https:\/\/www.abf.se\/vasternorrland\/"},{"@type":"ListItem","position":2,"name":"Kramfors"}]},{"@type":"WebSite","@id":"https:\/\/www.abf.se\/vasternorrland\/#website","url":"https:\/\/www.abf.se\/vasternorrland\/","name":"V\u00e4sternorrland","description":"","potentialAction":[{"@type":"SearchAction","target":{"@type":"EntryPoint","urlTemplate":"https:\/\/www.abf.se\/vasternorrland\/?s={search_term_string}"},"query-input":{"@type":"PropertyValueSpecification","valueRequired":true,"valueName":"search_term_string"}}],"inLanguage":"sv-SE"}]}},"_links":{"self":[{"href":"https:\/\/www.abf.se\/vasternorrland\/wp-json\/wp\/v2\/pages\/234","targetHints":{"allow":["GET"]}}],"collection":[{"href":"https:\/\/www.abf.se\/vasternorrland\/wp-json\/wp\/v2\/pages"}],"about":[{"href":"https:\/\/www.abf.se\/vasternorrland\/wp-json\/wp\/v2\/types\/page"}],"author":[{"embeddable":true,"href":"https:\/\/www.abf.se\/vasternorrland\/wp-json\/wp\/v2\/users\/95"}],"replies":[{"embeddable":true,"href":"https:\/\/www.abf.se\/vasternorrland\/wp-json\/wp\/v2\/comments?post=234"}],"version-history":[{"count":8,"href":"https:\/\/www.abf.se\/vasternorrland\/wp-json\/wp\/v2\/pages\/234\/revisions"}],"predecessor-version":[{"id":870,"href":"https:\/\/www.abf.se\/vasternorrland\/wp-json\/wp\/v2\/pages\/234\/revisions\/870"}],"wp:attachment":[{"href":"https:\/\/www.abf.se\/vasternorrland\/wp-json\/wp\/v2\/media?parent=234"}],"curies":[{"name":"wp","href":"https:\/\/api.w.org\/{rel}","templated":true}]}}