{"id":257,"date":"2024-04-12T10:20:30","date_gmt":"2024-04-12T08:20:30","guid":{"rendered":"https:\/\/www.abf.se\/vasternorrland\/?page_id=257"},"modified":"2025-01-15T11:28:59","modified_gmt":"2025-01-15T10:28:59","slug":"solleftea","status":"publish","type":"page","link":"https:\/\/www.abf.se\/vasternorrland\/solleftea\/","title":{"rendered":"Sollefte\u00e5"},"content":{"rendered":"<div\n    class=\"acf-article-text-block article-container my-12\"\n    data-block=\"article-text-block\"\n>\n    <div class=\"wysiwyg\">\n        \n    <\/div>\n<\/div>\n<div\n    class=\"acf-text-image-block container my-12 md:my-15\"\n    data-block=\"text-image-block\"\n>\n    <div\n    class=\"flex flex-col items-center md:flex-row gap-8 md:gap-0 justify-between\">\n                        <div class=\"w-full md:w-1\/2 md:order-2\">\n            <picture><img decoding=\"async\" src=\"https:\/\/www.abf.se\/vasternorrland\/resized\/?url=https%3A%2F%2Fwww.abf.se%2Fwp-content%2Fuploads%2Fsites%2F56%2F2024%2F04%2FSolleftea-ABF.jpg&#038;fit=crop&#038;w=578&#038;s=73645dd364113985a97391528e66326e\" srcset=\"https:\/\/www.abf.se\/vasternorrland\/resized\/?url=https%3A%2F%2Fwww.abf.se%2Fwp-content%2Fuploads%2Fsites%2F56%2F2024%2F04%2FSolleftea-ABF.jpg&#038;fit=crop&#038;w=144&#038;h=126&#038;s=6299414bea415404ed5450a9d6d2ba9a 144w, https:\/\/www.abf.se\/vasternorrland\/resized\/?url=https%3A%2F%2Fwww.abf.se%2Fwp-content%2Fuploads%2Fsites%2F56%2F2024%2F04%2FSolleftea-ABF.jpg&#038;fit=crop&#038;w=240&#038;h=211&#038;s=122818c447bab0eebb7f22cc54b5cac3 240w, https:\/\/www.abf.se\/vasternorrland\/resized\/?url=https%3A%2F%2Fwww.abf.se%2Fwp-content%2Fuploads%2Fsites%2F56%2F2024%2F04%2FSolleftea-ABF.jpg&#038;fit=crop&#038;w=288&#038;h=253&#038;s=5759f60e2afe886bc90a36538537ff63 288w, https:\/\/www.abf.se\/vasternorrland\/resized\/?url=https%3A%2F%2Fwww.abf.se%2Fwp-content%2Fuploads%2Fsites%2F56%2F2024%2F04%2FSolleftea-ABF.jpg&#038;fit=crop&#038;w=336&#038;h=295&#038;s=3d960679ff7fcb1bb3059da9ae27891a 336w, https:\/\/www.abf.se\/vasternorrland\/resized\/?url=https%3A%2F%2Fwww.abf.se%2Fwp-content%2Fuploads%2Fsites%2F56%2F2024%2F04%2FSolleftea-ABF.jpg&#038;fit=crop&#038;w=432&#038;h=380&#038;s=ad2c4b6bb8e1376e7cf9925f00232dfd 432w, https:\/\/www.abf.se\/vasternorrland\/resized\/?url=https%3A%2F%2Fwww.abf.se%2Fwp-content%2Fuploads%2Fsites%2F56%2F2024%2F04%2FSolleftea-ABF.jpg&#038;fit=crop&#038;w=480&#038;h=422&#038;s=a7227c642f9edec3aa04fa3fce4772c5 480w, https:\/\/www.abf.se\/vasternorrland\/resized\/?url=https%3A%2F%2Fwww.abf.se%2Fwp-content%2Fuploads%2Fsites%2F56%2F2024%2F04%2FSolleftea-ABF.jpg&#038;fit=crop&#038;w=528&#038;h=464&#038;s=1bd922ff67701550bfdabf670318d1ac 528w, https:\/\/www.abf.se\/vasternorrland\/resized\/?url=https%3A%2F%2Fwww.abf.se%2Fwp-content%2Fuploads%2Fsites%2F56%2F2024%2F04%2FSolleftea-ABF.jpg&#038;fit=crop&#038;w=578&#038;h=509&#038;s=4fa067790d0082b9c236ebdbf87b30c3 578w, https:\/\/www.abf.se\/vasternorrland\/resized\/?url=https%3A%2F%2Fwww.abf.se%2Fwp-content%2Fuploads%2Fsites%2F56%2F2024%2F04%2FSolleftea-ABF.jpg&#038;fit=crop&#038;w=672&#038;h=591&#038;s=1e9c62b640d2e51371147a3462936fa2 672w, https:\/\/www.abf.se\/vasternorrland\/resized\/?url=https%3A%2F%2Fwww.abf.se%2Fwp-content%2Fuploads%2Fsites%2F56%2F2024%2F04%2FSolleftea-ABF.jpg&#038;fit=crop&#038;w=864&#038;h=760&#038;s=155efb91bd1129733482375dd8dd6751 864w, https:\/\/www.abf.se\/vasternorrland\/resized\/?url=https%3A%2F%2Fwww.abf.se%2Fwp-content%2Fuploads%2Fsites%2F56%2F2024%2F04%2FSolleftea-ABF.jpg&#038;fit=crop&#038;w=1056&#038;h=929&#038;s=e4a8ba0d79f66a3b6001e0a010b2e8bf 1056w\" alt=\"ABFs hus gr&aring;tt med r&ouml;tt tegeltak\" height=\"509\" width=\"578\" sizes=\"auto, (max-width: 768px) 100vw,\n                (max-width: 1280px) 50vw, 578px\" loading=\"lazy\" fetchpriority=\"low\" \/><\/picture>\n\n        <\/div>\n        \n        <div class=\"w-full md:w-1\/2 md:order-1\">\n        <div class=\"mx-auto md:max-w-[368px]\">\n            <h2 class=\"heading-lg\">ABF i Sollefte\u00e5<\/h2>\n            <div class=\"mb-6 mt-4 wysiwyg\">\n                <p><strong>Post- och bes\u00f6ksadress:<\/strong><\/p>\n<p>Djup\u00f6v\u00e4gen 48<br \/>\n881 31 Sollefte\u00e5<br \/>\nTel: 0620-155 93<br \/>\nV\u00e4xel: 010-280 44 80<br \/>\ninfo.vasternorrland@abf.se<\/p>\n<p><strong>Bes\u00f6k kontor:<br \/>\n<\/strong>Om du planerar bes\u00f6ka v\u00e5rt kontor beh\u00f6ver du kontakta oss innan f\u00f6r en m\u00f6testid.<\/p>\n\n            <\/div>\n                    <\/div>\n        <\/div>\n    <\/div>\n<\/div>","protected":false},"excerpt":{"rendered":"","protected":false},"author":95,"featured_media":0,"parent":0,"menu_order":0,"comment_status":"closed","ping_status":"closed","template":"","meta":{"_acf_changed":false,"footnotes":""},"class_list":["post-257","page","type-page","status-publish","hentry"],"acf":[],"yoast_head":"<!-- This site is optimized with the Yoast SEO plugin v27.0 - https:\/\/yoast.com\/product\/yoast-seo-wordpress\/ -->\n<title>Sollefte\u00e5 - V\u00e4sternorrland<\/title>\n<meta name=\"robots\" content=\"index, follow, max-snippet:-1, max-image-preview:large, max-video-preview:-1\" \/>\n<link rel=\"canonical\" href=\"https:\/\/www.abf.se\/vasternorrland\/solleftea\/\" \/>\n<meta property=\"og:locale\" content=\"sv_SE\" \/>\n<meta property=\"og:type\" content=\"article\" \/>\n<meta property=\"og:title\" content=\"Sollefte\u00e5 - V\u00e4sternorrland\" \/>\n<meta property=\"og:url\" content=\"https:\/\/www.abf.se\/vasternorrland\/solleftea\/\" \/>\n<meta property=\"og:site_name\" content=\"V\u00e4sternorrland\" \/>\n<meta property=\"article:modified_time\" content=\"2025-01-15T10:28:59+00:00\" \/>\n<meta property=\"og:image\" content=\"https:\/\/www.abf.se\/wp-content\/uploads\/sites\/56\/2024\/04\/Nyckeln-liggande-scaled.jpg\" \/>\n\t<meta property=\"og:image:width\" content=\"2560\" \/>\n\t<meta property=\"og:image:height\" content=\"1440\" \/>\n\t<meta property=\"og:image:type\" content=\"image\/jpeg\" \/>\n<meta name=\"twitter:card\" content=\"summary_large_image\" \/>\n<script type=\"application\/ld+json\" class=\"yoast-schema-graph\">{\"@context\":\"https:\/\/schema.org\",\"@graph\":[{\"@type\":\"WebPage\",\"@id\":\"https:\/\/www.abf.se\/vasternorrland\/solleftea\/\",\"url\":\"https:\/\/www.abf.se\/vasternorrland\/solleftea\/\",\"name\":\"Sollefte\u00e5 - V\u00e4sternorrland\",\"isPartOf\":{\"@id\":\"https:\/\/www.abf.se\/vasternorrland\/#website\"},\"datePublished\":\"2024-04-12T08:20:30+00:00\",\"dateModified\":\"2025-01-15T10:28:59+00:00\",\"breadcrumb\":{\"@id\":\"https:\/\/www.abf.se\/vasternorrland\/solleftea\/#breadcrumb\"},\"inLanguage\":\"sv-SE\",\"potentialAction\":[{\"@type\":\"ReadAction\",\"target\":[\"https:\/\/www.abf.se\/vasternorrland\/solleftea\/\"]}]},{\"@type\":\"BreadcrumbList\",\"@id\":\"https:\/\/www.abf.se\/vasternorrland\/solleftea\/#breadcrumb\",\"itemListElement\":[{\"@type\":\"ListItem\",\"position\":1,\"name\":\"Home\",\"item\":\"https:\/\/www.abf.se\/vasternorrland\/\"},{\"@type\":\"ListItem\",\"position\":2,\"name\":\"Sollefte\u00e5\"}]},{\"@type\":\"WebSite\",\"@id\":\"https:\/\/www.abf.se\/vasternorrland\/#website\",\"url\":\"https:\/\/www.abf.se\/vasternorrland\/\",\"name\":\"V\u00e4sternorrland\",\"description\":\"\",\"potentialAction\":[{\"@type\":\"SearchAction\",\"target\":{\"@type\":\"EntryPoint\",\"urlTemplate\":\"https:\/\/www.abf.se\/vasternorrland\/?s={search_term_string}\"},\"query-input\":{\"@type\":\"PropertyValueSpecification\",\"valueRequired\":true,\"valueName\":\"search_term_string\"}}],\"inLanguage\":\"sv-SE\"}]}<\/script>\n<!-- \/ Yoast SEO plugin. -->","yoast_head_json":{"title":"Sollefte\u00e5 - V\u00e4sternorrland","robots":{"index":"index","follow":"follow","max-snippet":"max-snippet:-1","max-image-preview":"max-image-preview:large","max-video-preview":"max-video-preview:-1"},"canonical":"https:\/\/www.abf.se\/vasternorrland\/solleftea\/","og_locale":"sv_SE","og_type":"article","og_title":"Sollefte\u00e5 - V\u00e4sternorrland","og_url":"https:\/\/www.abf.se\/vasternorrland\/solleftea\/","og_site_name":"V\u00e4sternorrland","article_modified_time":"2025-01-15T10:28:59+00:00","og_image":[{"width":2560,"height":1440,"url":"https:\/\/www.abf.se\/wp-content\/uploads\/sites\/56\/2024\/04\/Nyckeln-liggande-scaled.jpg","type":"image\/jpeg"}],"twitter_card":"summary_large_image","schema":{"@context":"https:\/\/schema.org","@graph":[{"@type":"WebPage","@id":"https:\/\/www.abf.se\/vasternorrland\/solleftea\/","url":"https:\/\/www.abf.se\/vasternorrland\/solleftea\/","name":"Sollefte\u00e5 - V\u00e4sternorrland","isPartOf":{"@id":"https:\/\/www.abf.se\/vasternorrland\/#website"},"datePublished":"2024-04-12T08:20:30+00:00","dateModified":"2025-01-15T10:28:59+00:00","breadcrumb":{"@id":"https:\/\/www.abf.se\/vasternorrland\/solleftea\/#breadcrumb"},"inLanguage":"sv-SE","potentialAction":[{"@type":"ReadAction","target":["https:\/\/www.abf.se\/vasternorrland\/solleftea\/"]}]},{"@type":"BreadcrumbList","@id":"https:\/\/www.abf.se\/vasternorrland\/solleftea\/#breadcrumb","itemListElement":[{"@type":"ListItem","position":1,"name":"Home","item":"https:\/\/www.abf.se\/vasternorrland\/"},{"@type":"ListItem","position":2,"name":"Sollefte\u00e5"}]},{"@type":"WebSite","@id":"https:\/\/www.abf.se\/vasternorrland\/#website","url":"https:\/\/www.abf.se\/vasternorrland\/","name":"V\u00e4sternorrland","description":"","potentialAction":[{"@type":"SearchAction","target":{"@type":"EntryPoint","urlTemplate":"https:\/\/www.abf.se\/vasternorrland\/?s={search_term_string}"},"query-input":{"@type":"PropertyValueSpecification","valueRequired":true,"valueName":"search_term_string"}}],"inLanguage":"sv-SE"}]}},"_links":{"self":[{"href":"https:\/\/www.abf.se\/vasternorrland\/wp-json\/wp\/v2\/pages\/257","targetHints":{"allow":["GET"]}}],"collection":[{"href":"https:\/\/www.abf.se\/vasternorrland\/wp-json\/wp\/v2\/pages"}],"about":[{"href":"https:\/\/www.abf.se\/vasternorrland\/wp-json\/wp\/v2\/types\/page"}],"author":[{"embeddable":true,"href":"https:\/\/www.abf.se\/vasternorrland\/wp-json\/wp\/v2\/users\/95"}],"replies":[{"embeddable":true,"href":"https:\/\/www.abf.se\/vasternorrland\/wp-json\/wp\/v2\/comments?post=257"}],"version-history":[{"count":4,"href":"https:\/\/www.abf.se\/vasternorrland\/wp-json\/wp\/v2\/pages\/257\/revisions"}],"predecessor-version":[{"id":945,"href":"https:\/\/www.abf.se\/vasternorrland\/wp-json\/wp\/v2\/pages\/257\/revisions\/945"}],"wp:attachment":[{"href":"https:\/\/www.abf.se\/vasternorrland\/wp-json\/wp\/v2\/media?parent=257"}],"curies":[{"name":"wp","href":"https:\/\/api.w.org\/{rel}","templated":true}]}}