{"id":275,"date":"2024-04-12T10:39:29","date_gmt":"2024-04-12T08:39:29","guid":{"rendered":"https:\/\/www.abf.se\/vasternorrland\/?page_id=275"},"modified":"2025-06-30T20:53:00","modified_gmt":"2025-06-30T18:53:00","slug":"ornskoldsvik","status":"publish","type":"page","link":"https:\/\/www.abf.se\/vasternorrland\/ornskoldsvik\/","title":{"rendered":"\u00d6rnsk\u00f6ldsvik"},"content":{"rendered":"<div\n    class=\"acf-text-image-block container my-12 md:my-15\"\n    data-block=\"text-image-block\"\n>\n    <div\n    class=\"flex flex-col items-center md:flex-row gap-8 md:gap-0 justify-between\">\n                        <div class=\"w-full md:w-1\/2 md:order-2\">\n            <picture><img decoding=\"async\" src=\"https:\/\/www.abf.se\/vasternorrland\/resized\/?url=https%3A%2F%2Fwww.abf.se%2Fwp-content%2Fuploads%2Fsites%2F56%2F2024%2F08%2FABF-i-Ovik.jpg&#038;fit=crop&#038;w=578&#038;s=bfe78130d2f07ef4c61692f12d0d14df\" srcset=\"https:\/\/www.abf.se\/vasternorrland\/resized\/?url=https%3A%2F%2Fwww.abf.se%2Fwp-content%2Fuploads%2Fsites%2F56%2F2024%2F08%2FABF-i-Ovik.jpg&#038;fit=crop&#038;w=144&#038;h=126&#038;s=01952c0d341c0ca34c955df661c8cb94 144w, https:\/\/www.abf.se\/vasternorrland\/resized\/?url=https%3A%2F%2Fwww.abf.se%2Fwp-content%2Fuploads%2Fsites%2F56%2F2024%2F08%2FABF-i-Ovik.jpg&#038;fit=crop&#038;w=240&#038;h=211&#038;s=26a11a6dc3e95d4f914174fd2a1936be 240w, https:\/\/www.abf.se\/vasternorrland\/resized\/?url=https%3A%2F%2Fwww.abf.se%2Fwp-content%2Fuploads%2Fsites%2F56%2F2024%2F08%2FABF-i-Ovik.jpg&#038;fit=crop&#038;w=288&#038;h=253&#038;s=29842452f0f5b7d6ec5329aa01a264f8 288w, https:\/\/www.abf.se\/vasternorrland\/resized\/?url=https%3A%2F%2Fwww.abf.se%2Fwp-content%2Fuploads%2Fsites%2F56%2F2024%2F08%2FABF-i-Ovik.jpg&#038;fit=crop&#038;w=336&#038;h=295&#038;s=b69a91294685dee9437d7a038ae3d28a 336w, https:\/\/www.abf.se\/vasternorrland\/resized\/?url=https%3A%2F%2Fwww.abf.se%2Fwp-content%2Fuploads%2Fsites%2F56%2F2024%2F08%2FABF-i-Ovik.jpg&#038;fit=crop&#038;w=432&#038;h=380&#038;s=b18c9f63c22ae53fc78f98c83a6a16cc 432w, https:\/\/www.abf.se\/vasternorrland\/resized\/?url=https%3A%2F%2Fwww.abf.se%2Fwp-content%2Fuploads%2Fsites%2F56%2F2024%2F08%2FABF-i-Ovik.jpg&#038;fit=crop&#038;w=480&#038;h=422&#038;s=8595b2cc7fae70bc93281bedce8494b8 480w, https:\/\/www.abf.se\/vasternorrland\/resized\/?url=https%3A%2F%2Fwww.abf.se%2Fwp-content%2Fuploads%2Fsites%2F56%2F2024%2F08%2FABF-i-Ovik.jpg&#038;fit=crop&#038;w=528&#038;h=464&#038;s=badea7d75f6bc4173c011f3d90804266 528w, https:\/\/www.abf.se\/vasternorrland\/resized\/?url=https%3A%2F%2Fwww.abf.se%2Fwp-content%2Fuploads%2Fsites%2F56%2F2024%2F08%2FABF-i-Ovik.jpg&#038;fit=crop&#038;w=578&#038;h=509&#038;s=9dbc839d9a4904e73f246fd3369b0b3b 578w, https:\/\/www.abf.se\/vasternorrland\/resized\/?url=https%3A%2F%2Fwww.abf.se%2Fwp-content%2Fuploads%2Fsites%2F56%2F2024%2F08%2FABF-i-Ovik.jpg&#038;fit=crop&#038;w=672&#038;h=591&#038;s=2343252d68b5d2f293284f47a4e2bb95 672w, https:\/\/www.abf.se\/vasternorrland\/resized\/?url=https%3A%2F%2Fwww.abf.se%2Fwp-content%2Fuploads%2Fsites%2F56%2F2024%2F08%2FABF-i-Ovik.jpg&#038;fit=crop&#038;w=864&#038;h=760&#038;s=aac658c29df719252c3ad1c408ee1829 864w, https:\/\/www.abf.se\/vasternorrland\/resized\/?url=https%3A%2F%2Fwww.abf.se%2Fwp-content%2Fuploads%2Fsites%2F56%2F2024%2F08%2FABF-i-Ovik.jpg&#038;fit=crop&#038;w=1056&#038;h=929&#038;s=b5d8c37f080b3382a7fd0fcaf449d21d 1056w\" alt=\"Bild p&aring; husv&auml;gg med gult tegel och skyltar p&aring; ABF och Gnistan\" height=\"509\" width=\"578\" sizes=\"auto, (max-width: 768px) 100vw,\n                (max-width: 1280px) 50vw, 578px\" loading=\"lazy\" fetchpriority=\"low\" \/><\/picture>\n\n        <\/div>\n        \n        <div class=\"w-full md:w-1\/2 md:order-1\">\n        <div class=\"mx-auto md:max-w-[368px]\">\n            <h2 class=\"heading-lg\">ABF i \u00d6rnsk\u00f6ldsvik<\/h2>\n            <div class=\"mb-6 mt-4 wysiwyg\">\n                <h3>Post- och bes\u00f6ksadress:<\/h3>\n<p>Bj\u00f6rnav\u00e4gen 68<br \/>\n891 42 \u00d6rnsk\u00f6ldsvik<br \/>\nTel: 0660-194 17 Sara<br \/>\nV\u00e4xel: 010-280 44 80<br \/>\ninfo.vasternorrland@abf.se<\/p>\n<p><strong>Bes\u00f6k kontor:<\/strong><br \/>\nOm du planerar att bes\u00f6ka v\u00e5rt kontor b\u00f6r du kontakta oss innan f\u00f6r att boka en m\u00f6testid.<\/p>\n<p>H\u00e4r jobbar Sara Olofsson<\/p>\n\n            <\/div>\n                    <\/div>\n        <\/div>\n    <\/div>\n<\/div>","protected":false},"excerpt":{"rendered":"","protected":false},"author":95,"featured_media":0,"parent":0,"menu_order":0,"comment_status":"closed","ping_status":"closed","template":"","meta":{"_acf_changed":false,"footnotes":""},"class_list":["post-275","page","type-page","status-publish","hentry"],"acf":[],"yoast_head":"<!-- This site is optimized with the Yoast SEO plugin v27.0 - https:\/\/yoast.com\/product\/yoast-seo-wordpress\/ -->\n<title>\u00d6rnsk\u00f6ldsvik - V\u00e4sternorrland<\/title>\n<meta name=\"robots\" content=\"index, follow, max-snippet:-1, max-image-preview:large, max-video-preview:-1\" \/>\n<link rel=\"canonical\" href=\"https:\/\/www.abf.se\/vasternorrland\/ornskoldsvik\/\" \/>\n<meta property=\"og:locale\" content=\"sv_SE\" \/>\n<meta property=\"og:type\" content=\"article\" \/>\n<meta property=\"og:title\" content=\"\u00d6rnsk\u00f6ldsvik - V\u00e4sternorrland\" \/>\n<meta property=\"og:url\" content=\"https:\/\/www.abf.se\/vasternorrland\/ornskoldsvik\/\" \/>\n<meta property=\"og:site_name\" content=\"V\u00e4sternorrland\" \/>\n<meta property=\"article:modified_time\" content=\"2025-06-30T18:53:00+00:00\" \/>\n<meta property=\"og:image\" content=\"https:\/\/www.abf.se\/wp-content\/uploads\/sites\/56\/2024\/04\/Nyckeln-liggande-scaled.jpg\" \/>\n\t<meta property=\"og:image:width\" content=\"2560\" \/>\n\t<meta property=\"og:image:height\" content=\"1440\" \/>\n\t<meta property=\"og:image:type\" content=\"image\/jpeg\" \/>\n<meta name=\"twitter:card\" content=\"summary_large_image\" \/>\n<script type=\"application\/ld+json\" class=\"yoast-schema-graph\">{\"@context\":\"https:\/\/schema.org\",\"@graph\":[{\"@type\":\"WebPage\",\"@id\":\"https:\/\/www.abf.se\/vasternorrland\/ornskoldsvik\/\",\"url\":\"https:\/\/www.abf.se\/vasternorrland\/ornskoldsvik\/\",\"name\":\"\u00d6rnsk\u00f6ldsvik - V\u00e4sternorrland\",\"isPartOf\":{\"@id\":\"https:\/\/www.abf.se\/vasternorrland\/#website\"},\"datePublished\":\"2024-04-12T08:39:29+00:00\",\"dateModified\":\"2025-06-30T18:53:00+00:00\",\"breadcrumb\":{\"@id\":\"https:\/\/www.abf.se\/vasternorrland\/ornskoldsvik\/#breadcrumb\"},\"inLanguage\":\"sv-SE\",\"potentialAction\":[{\"@type\":\"ReadAction\",\"target\":[\"https:\/\/www.abf.se\/vasternorrland\/ornskoldsvik\/\"]}]},{\"@type\":\"BreadcrumbList\",\"@id\":\"https:\/\/www.abf.se\/vasternorrland\/ornskoldsvik\/#breadcrumb\",\"itemListElement\":[{\"@type\":\"ListItem\",\"position\":1,\"name\":\"Home\",\"item\":\"https:\/\/www.abf.se\/vasternorrland\/\"},{\"@type\":\"ListItem\",\"position\":2,\"name\":\"\u00d6rnsk\u00f6ldsvik\"}]},{\"@type\":\"WebSite\",\"@id\":\"https:\/\/www.abf.se\/vasternorrland\/#website\",\"url\":\"https:\/\/www.abf.se\/vasternorrland\/\",\"name\":\"V\u00e4sternorrland\",\"description\":\"\",\"potentialAction\":[{\"@type\":\"SearchAction\",\"target\":{\"@type\":\"EntryPoint\",\"urlTemplate\":\"https:\/\/www.abf.se\/vasternorrland\/?s={search_term_string}\"},\"query-input\":{\"@type\":\"PropertyValueSpecification\",\"valueRequired\":true,\"valueName\":\"search_term_string\"}}],\"inLanguage\":\"sv-SE\"}]}<\/script>\n<!-- \/ Yoast SEO plugin. -->","yoast_head_json":{"title":"\u00d6rnsk\u00f6ldsvik - V\u00e4sternorrland","robots":{"index":"index","follow":"follow","max-snippet":"max-snippet:-1","max-image-preview":"max-image-preview:large","max-video-preview":"max-video-preview:-1"},"canonical":"https:\/\/www.abf.se\/vasternorrland\/ornskoldsvik\/","og_locale":"sv_SE","og_type":"article","og_title":"\u00d6rnsk\u00f6ldsvik - V\u00e4sternorrland","og_url":"https:\/\/www.abf.se\/vasternorrland\/ornskoldsvik\/","og_site_name":"V\u00e4sternorrland","article_modified_time":"2025-06-30T18:53:00+00:00","og_image":[{"width":2560,"height":1440,"url":"https:\/\/www.abf.se\/wp-content\/uploads\/sites\/56\/2024\/04\/Nyckeln-liggande-scaled.jpg","type":"image\/jpeg"}],"twitter_card":"summary_large_image","schema":{"@context":"https:\/\/schema.org","@graph":[{"@type":"WebPage","@id":"https:\/\/www.abf.se\/vasternorrland\/ornskoldsvik\/","url":"https:\/\/www.abf.se\/vasternorrland\/ornskoldsvik\/","name":"\u00d6rnsk\u00f6ldsvik - V\u00e4sternorrland","isPartOf":{"@id":"https:\/\/www.abf.se\/vasternorrland\/#website"},"datePublished":"2024-04-12T08:39:29+00:00","dateModified":"2025-06-30T18:53:00+00:00","breadcrumb":{"@id":"https:\/\/www.abf.se\/vasternorrland\/ornskoldsvik\/#breadcrumb"},"inLanguage":"sv-SE","potentialAction":[{"@type":"ReadAction","target":["https:\/\/www.abf.se\/vasternorrland\/ornskoldsvik\/"]}]},{"@type":"BreadcrumbList","@id":"https:\/\/www.abf.se\/vasternorrland\/ornskoldsvik\/#breadcrumb","itemListElement":[{"@type":"ListItem","position":1,"name":"Home","item":"https:\/\/www.abf.se\/vasternorrland\/"},{"@type":"ListItem","position":2,"name":"\u00d6rnsk\u00f6ldsvik"}]},{"@type":"WebSite","@id":"https:\/\/www.abf.se\/vasternorrland\/#website","url":"https:\/\/www.abf.se\/vasternorrland\/","name":"V\u00e4sternorrland","description":"","potentialAction":[{"@type":"SearchAction","target":{"@type":"EntryPoint","urlTemplate":"https:\/\/www.abf.se\/vasternorrland\/?s={search_term_string}"},"query-input":{"@type":"PropertyValueSpecification","valueRequired":true,"valueName":"search_term_string"}}],"inLanguage":"sv-SE"}]}},"_links":{"self":[{"href":"https:\/\/www.abf.se\/vasternorrland\/wp-json\/wp\/v2\/pages\/275","targetHints":{"allow":["GET"]}}],"collection":[{"href":"https:\/\/www.abf.se\/vasternorrland\/wp-json\/wp\/v2\/pages"}],"about":[{"href":"https:\/\/www.abf.se\/vasternorrland\/wp-json\/wp\/v2\/types\/page"}],"author":[{"embeddable":true,"href":"https:\/\/www.abf.se\/vasternorrland\/wp-json\/wp\/v2\/users\/95"}],"replies":[{"embeddable":true,"href":"https:\/\/www.abf.se\/vasternorrland\/wp-json\/wp\/v2\/comments?post=275"}],"version-history":[{"count":12,"href":"https:\/\/www.abf.se\/vasternorrland\/wp-json\/wp\/v2\/pages\/275\/revisions"}],"predecessor-version":[{"id":1140,"href":"https:\/\/www.abf.se\/vasternorrland\/wp-json\/wp\/v2\/pages\/275\/revisions\/1140"}],"wp:attachment":[{"href":"https:\/\/www.abf.se\/vasternorrland\/wp-json\/wp\/v2\/media?parent=275"}],"curies":[{"name":"wp","href":"https:\/\/api.w.org\/{rel}","templated":true}]}}