{"id":307,"date":"2024-04-12T16:37:54","date_gmt":"2024-04-12T14:37:54","guid":{"rendered":"https:\/\/www.abf.se\/vasternorrland\/?page_id=307"},"modified":"2025-06-23T13:56:57","modified_gmt":"2025-06-23T11:56:57","slug":"harnosand","status":"publish","type":"page","link":"https:\/\/www.abf.se\/vasternorrland\/kontakt\/harnosand\/","title":{"rendered":"H\u00e4rn\u00f6sand"},"content":{"rendered":"<div\n    class=\"acf-text-image-block container my-12 md:my-15\"\n    data-block=\"text-image-block\"\n>\n    <div\n    class=\"flex flex-col items-center md:flex-row gap-8 md:gap-0 justify-between\">\n                        <div class=\"w-full md:w-1\/2 md:order-2\">\n            <picture><img decoding=\"async\" src=\"https:\/\/www.abf.se\/vasternorrland\/resized\/?url=https%3A%2F%2Fwww.abf.se%2Fwp-content%2Fuploads%2Fsites%2F56%2F2025%2F06%2FJarven-ABF-Harnosand.png&#038;fit=crop&#038;w=578&#038;s=7134e6342e468dd36c8d84c87c4680f4\" srcset=\"https:\/\/www.abf.se\/vasternorrland\/resized\/?url=https%3A%2F%2Fwww.abf.se%2Fwp-content%2Fuploads%2Fsites%2F56%2F2025%2F06%2FJarven-ABF-Harnosand.png&#038;fit=crop&#038;w=144&#038;h=126&#038;s=07a6cabe134c494fd4543bb36dc7ee28 144w, https:\/\/www.abf.se\/vasternorrland\/resized\/?url=https%3A%2F%2Fwww.abf.se%2Fwp-content%2Fuploads%2Fsites%2F56%2F2025%2F06%2FJarven-ABF-Harnosand.png&#038;fit=crop&#038;w=240&#038;h=211&#038;s=428b556e954005adae1a1f1b4456e0b6 240w, https:\/\/www.abf.se\/vasternorrland\/resized\/?url=https%3A%2F%2Fwww.abf.se%2Fwp-content%2Fuploads%2Fsites%2F56%2F2025%2F06%2FJarven-ABF-Harnosand.png&#038;fit=crop&#038;w=288&#038;h=253&#038;s=5bae48248ebab5eb5e2a6a2506c7028f 288w, https:\/\/www.abf.se\/vasternorrland\/resized\/?url=https%3A%2F%2Fwww.abf.se%2Fwp-content%2Fuploads%2Fsites%2F56%2F2025%2F06%2FJarven-ABF-Harnosand.png&#038;fit=crop&#038;w=336&#038;h=295&#038;s=1be8ca2e513390eee96b073b4fd3e8ba 336w, https:\/\/www.abf.se\/vasternorrland\/resized\/?url=https%3A%2F%2Fwww.abf.se%2Fwp-content%2Fuploads%2Fsites%2F56%2F2025%2F06%2FJarven-ABF-Harnosand.png&#038;fit=crop&#038;w=432&#038;h=380&#038;s=ad85c24dafc6fc0c61fbbdf707f1ede0 432w, https:\/\/www.abf.se\/vasternorrland\/resized\/?url=https%3A%2F%2Fwww.abf.se%2Fwp-content%2Fuploads%2Fsites%2F56%2F2025%2F06%2FJarven-ABF-Harnosand.png&#038;fit=crop&#038;w=480&#038;h=422&#038;s=f18e69a480c5d2dfa85102e4b4a7dc7a 480w, https:\/\/www.abf.se\/vasternorrland\/resized\/?url=https%3A%2F%2Fwww.abf.se%2Fwp-content%2Fuploads%2Fsites%2F56%2F2025%2F06%2FJarven-ABF-Harnosand.png&#038;fit=crop&#038;w=528&#038;h=464&#038;s=65fba8b2133084b7671e04f18ceb9640 528w, https:\/\/www.abf.se\/vasternorrland\/resized\/?url=https%3A%2F%2Fwww.abf.se%2Fwp-content%2Fuploads%2Fsites%2F56%2F2025%2F06%2FJarven-ABF-Harnosand.png&#038;fit=crop&#038;w=578&#038;h=509&#038;s=66f5659098f9d80c6a88f84635c59563 578w, https:\/\/www.abf.se\/vasternorrland\/resized\/?url=https%3A%2F%2Fwww.abf.se%2Fwp-content%2Fuploads%2Fsites%2F56%2F2025%2F06%2FJarven-ABF-Harnosand.png&#038;fit=crop&#038;w=672&#038;h=591&#038;s=5b290017cd42806ac2fb0bc9b542db89 672w, https:\/\/www.abf.se\/vasternorrland\/resized\/?url=https%3A%2F%2Fwww.abf.se%2Fwp-content%2Fuploads%2Fsites%2F56%2F2025%2F06%2FJarven-ABF-Harnosand.png&#038;fit=crop&#038;w=864&#038;h=760&#038;s=74350ca72131a3406d6585f4a399341c 864w, https:\/\/www.abf.se\/vasternorrland\/resized\/?url=https%3A%2F%2Fwww.abf.se%2Fwp-content%2Fuploads%2Fsites%2F56%2F2025%2F06%2FJarven-ABF-Harnosand.png&#038;fit=crop&#038;w=1056&#038;h=929&#038;s=343b30d591c52cc105f65bceb63f7c05 1056w\" alt=\"Bild p&aring; huset ABF har verksamheteslokaler i.\" height=\"509\" width=\"578\" sizes=\"auto, (max-width: 768px) 100vw,\n                (max-width: 1280px) 50vw, 578px\" loading=\"lazy\" fetchpriority=\"low\" \/><\/picture>\n\n        <\/div>\n        \n        <div class=\"w-full md:w-1\/2 md:order-1\">\n        <div class=\"mx-auto md:max-w-[368px]\">\n            <h2 class=\"heading-lg\">ABF i H\u00e4rn\u00f6sand<\/h2>\n            <div class=\"mb-6 mt-4 wysiwyg\">\n                <p><strong>Post- och bes\u00f6ksadress:<\/strong><br \/>\nMurbergsv\u00e4gen 32<br \/>\n871 52 H\u00e4rn\u00f6sand<br \/>\nTel: 0611 &#8211; 204 67<br \/>\nV\u00e4xel: 010- 280 44 80<br \/>\ninfo.vasternorrland@abf.se<\/p>\n<p>H\u00e4r jobbar Ulrike Schwinn<\/p>\n<p><strong>Bes\u00f6k kontor:<\/strong><br \/>\nOm du planerat bes\u00f6ka v\u00e5rt kontor beh\u00f6ver du kontakta oss innan f\u00f6r en m\u00f6testid.<\/p>\n\n            <\/div>\n                                            <a href='https:\/\/maps.app.goo.gl\/Y3e5TydPmn5uon8K6' class=\"default-button\" target=\"_blank\">ABF i H\u00e4rn\u00f6sand &#8211; studierum i J\u00e4rven<\/a>\n                    <\/div>\n        <\/div>\n    <\/div>\n<\/div><div class=\"container-lg mb-6\">\n    <div class=\"md:pl-6 flex flex-row gap-1 items-center mt-6 body-m flex-wrap gap-y-2\">\n<span class=\"flex flex-row gap items-center gap-x-1\">\n         <a class=\"label-sm md:label-md text-red-dark font-[350] underline\" href=\"https:\/\/www.abf.se\/vasternorrland\/\"\n        >\n        Hem\n    <\/a>\n\n<\/span>\n<span class=\"flex flex-row gap items-center gap-x-1\">\n         <svg width=\"14\" height=\"15\" viewBox=\"0 0 14 15\" fill=\"none\" xmlns=\"http:\/\/www.w3.org\/2000\/svg\">\n<g id=\"fi:arrow-up\">\n<path id=\"Vector\" d=\"M5.01823 3.41669L9.10156 7.50002L5.01823 11.5834\" stroke=\"#909090\"\/>\n<\/g>\n<\/svg>\n\n        <a class=\"label-sm md:label-md text-red-dark font-[350] underline\" href=\"https:\/\/www.abf.se\/vasternorrland\/kontakt\/\"\n        >\n        Kontakta oss\n    <\/a>\n\n<\/span>\n<span class=\"flex flex-row gap items-center gap-x-1\">\n         <svg width=\"14\" height=\"15\" viewBox=\"0 0 14 15\" fill=\"none\" xmlns=\"http:\/\/www.w3.org\/2000\/svg\">\n<g id=\"fi:arrow-up\">\n<path id=\"Vector\" d=\"M5.01823 3.41669L9.10156 7.50002L5.01823 11.5834\" stroke=\"#909090\"\/>\n<\/g>\n<\/svg>\n\n        <a class=\"label-sm md:label-md text-red-dark font-[350] font-medium\" href=\"\"\n         aria-current=\"page\" >\n        H\u00e4rn\u00f6sand\n    <\/a>\n\n<\/span>\n<\/div><\/div>\n","protected":false},"excerpt":{"rendered":"","protected":false},"author":95,"featured_media":0,"parent":7,"menu_order":0,"comment_status":"closed","ping_status":"closed","template":"","meta":{"_acf_changed":false,"footnotes":""},"class_list":["post-307","page","type-page","status-publish","hentry"],"acf":[],"yoast_head":"<!-- This site is optimized with the Yoast SEO plugin v27.0 - https:\/\/yoast.com\/product\/yoast-seo-wordpress\/ -->\n<title>H\u00e4rn\u00f6sand - V\u00e4sternorrland<\/title>\n<meta name=\"robots\" content=\"index, follow, max-snippet:-1, max-image-preview:large, max-video-preview:-1\" \/>\n<link rel=\"canonical\" href=\"https:\/\/www.abf.se\/vasternorrland\/kontakt\/harnosand\/\" \/>\n<meta property=\"og:locale\" content=\"sv_SE\" \/>\n<meta property=\"og:type\" content=\"article\" \/>\n<meta property=\"og:title\" content=\"H\u00e4rn\u00f6sand - V\u00e4sternorrland\" \/>\n<meta property=\"og:url\" content=\"https:\/\/www.abf.se\/vasternorrland\/kontakt\/harnosand\/\" \/>\n<meta property=\"og:site_name\" content=\"V\u00e4sternorrland\" \/>\n<meta property=\"article:modified_time\" content=\"2025-06-23T11:56:57+00:00\" \/>\n<meta property=\"og:image\" content=\"https:\/\/www.abf.se\/wp-content\/uploads\/sites\/56\/2024\/04\/Nyckeln-liggande-scaled.jpg\" \/>\n\t<meta property=\"og:image:width\" content=\"2560\" \/>\n\t<meta property=\"og:image:height\" content=\"1440\" \/>\n\t<meta property=\"og:image:type\" content=\"image\/jpeg\" \/>\n<meta name=\"twitter:card\" content=\"summary_large_image\" \/>\n<script type=\"application\/ld+json\" class=\"yoast-schema-graph\">{\"@context\":\"https:\/\/schema.org\",\"@graph\":[{\"@type\":\"WebPage\",\"@id\":\"https:\/\/www.abf.se\/vasternorrland\/kontakt\/harnosand\/\",\"url\":\"https:\/\/www.abf.se\/vasternorrland\/kontakt\/harnosand\/\",\"name\":\"H\u00e4rn\u00f6sand - V\u00e4sternorrland\",\"isPartOf\":{\"@id\":\"https:\/\/www.abf.se\/vasternorrland\/#website\"},\"datePublished\":\"2024-04-12T14:37:54+00:00\",\"dateModified\":\"2025-06-23T11:56:57+00:00\",\"breadcrumb\":{\"@id\":\"https:\/\/www.abf.se\/vasternorrland\/kontakt\/harnosand\/#breadcrumb\"},\"inLanguage\":\"sv-SE\",\"potentialAction\":[{\"@type\":\"ReadAction\",\"target\":[\"https:\/\/www.abf.se\/vasternorrland\/kontakt\/harnosand\/\"]}]},{\"@type\":\"BreadcrumbList\",\"@id\":\"https:\/\/www.abf.se\/vasternorrland\/kontakt\/harnosand\/#breadcrumb\",\"itemListElement\":[{\"@type\":\"ListItem\",\"position\":1,\"name\":\"Home\",\"item\":\"https:\/\/www.abf.se\/vasternorrland\/\"},{\"@type\":\"ListItem\",\"position\":2,\"name\":\"Kontakta oss\",\"item\":\"https:\/\/www.abf.se\/vasternorrland\/kontakt\/\"},{\"@type\":\"ListItem\",\"position\":3,\"name\":\"H\u00e4rn\u00f6sand\"}]},{\"@type\":\"WebSite\",\"@id\":\"https:\/\/www.abf.se\/vasternorrland\/#website\",\"url\":\"https:\/\/www.abf.se\/vasternorrland\/\",\"name\":\"V\u00e4sternorrland\",\"description\":\"\",\"potentialAction\":[{\"@type\":\"SearchAction\",\"target\":{\"@type\":\"EntryPoint\",\"urlTemplate\":\"https:\/\/www.abf.se\/vasternorrland\/?s={search_term_string}\"},\"query-input\":{\"@type\":\"PropertyValueSpecification\",\"valueRequired\":true,\"valueName\":\"search_term_string\"}}],\"inLanguage\":\"sv-SE\"}]}<\/script>\n<!-- \/ Yoast SEO plugin. -->","yoast_head_json":{"title":"H\u00e4rn\u00f6sand - V\u00e4sternorrland","robots":{"index":"index","follow":"follow","max-snippet":"max-snippet:-1","max-image-preview":"max-image-preview:large","max-video-preview":"max-video-preview:-1"},"canonical":"https:\/\/www.abf.se\/vasternorrland\/kontakt\/harnosand\/","og_locale":"sv_SE","og_type":"article","og_title":"H\u00e4rn\u00f6sand - V\u00e4sternorrland","og_url":"https:\/\/www.abf.se\/vasternorrland\/kontakt\/harnosand\/","og_site_name":"V\u00e4sternorrland","article_modified_time":"2025-06-23T11:56:57+00:00","og_image":[{"width":2560,"height":1440,"url":"https:\/\/www.abf.se\/wp-content\/uploads\/sites\/56\/2024\/04\/Nyckeln-liggande-scaled.jpg","type":"image\/jpeg"}],"twitter_card":"summary_large_image","schema":{"@context":"https:\/\/schema.org","@graph":[{"@type":"WebPage","@id":"https:\/\/www.abf.se\/vasternorrland\/kontakt\/harnosand\/","url":"https:\/\/www.abf.se\/vasternorrland\/kontakt\/harnosand\/","name":"H\u00e4rn\u00f6sand - V\u00e4sternorrland","isPartOf":{"@id":"https:\/\/www.abf.se\/vasternorrland\/#website"},"datePublished":"2024-04-12T14:37:54+00:00","dateModified":"2025-06-23T11:56:57+00:00","breadcrumb":{"@id":"https:\/\/www.abf.se\/vasternorrland\/kontakt\/harnosand\/#breadcrumb"},"inLanguage":"sv-SE","potentialAction":[{"@type":"ReadAction","target":["https:\/\/www.abf.se\/vasternorrland\/kontakt\/harnosand\/"]}]},{"@type":"BreadcrumbList","@id":"https:\/\/www.abf.se\/vasternorrland\/kontakt\/harnosand\/#breadcrumb","itemListElement":[{"@type":"ListItem","position":1,"name":"Home","item":"https:\/\/www.abf.se\/vasternorrland\/"},{"@type":"ListItem","position":2,"name":"Kontakta oss","item":"https:\/\/www.abf.se\/vasternorrland\/kontakt\/"},{"@type":"ListItem","position":3,"name":"H\u00e4rn\u00f6sand"}]},{"@type":"WebSite","@id":"https:\/\/www.abf.se\/vasternorrland\/#website","url":"https:\/\/www.abf.se\/vasternorrland\/","name":"V\u00e4sternorrland","description":"","potentialAction":[{"@type":"SearchAction","target":{"@type":"EntryPoint","urlTemplate":"https:\/\/www.abf.se\/vasternorrland\/?s={search_term_string}"},"query-input":{"@type":"PropertyValueSpecification","valueRequired":true,"valueName":"search_term_string"}}],"inLanguage":"sv-SE"}]}},"_links":{"self":[{"href":"https:\/\/www.abf.se\/vasternorrland\/wp-json\/wp\/v2\/pages\/307","targetHints":{"allow":["GET"]}}],"collection":[{"href":"https:\/\/www.abf.se\/vasternorrland\/wp-json\/wp\/v2\/pages"}],"about":[{"href":"https:\/\/www.abf.se\/vasternorrland\/wp-json\/wp\/v2\/types\/page"}],"author":[{"embeddable":true,"href":"https:\/\/www.abf.se\/vasternorrland\/wp-json\/wp\/v2\/users\/95"}],"replies":[{"embeddable":true,"href":"https:\/\/www.abf.se\/vasternorrland\/wp-json\/wp\/v2\/comments?post=307"}],"version-history":[{"count":17,"href":"https:\/\/www.abf.se\/vasternorrland\/wp-json\/wp\/v2\/pages\/307\/revisions"}],"predecessor-version":[{"id":1129,"href":"https:\/\/www.abf.se\/vasternorrland\/wp-json\/wp\/v2\/pages\/307\/revisions\/1129"}],"up":[{"embeddable":true,"href":"https:\/\/www.abf.se\/vasternorrland\/wp-json\/wp\/v2\/pages\/7"}],"wp:attachment":[{"href":"https:\/\/www.abf.se\/vasternorrland\/wp-json\/wp\/v2\/media?parent=307"}],"curies":[{"name":"wp","href":"https:\/\/api.w.org\/{rel}","templated":true}]}}