{"id":508,"date":"2024-04-15T13:45:05","date_gmt":"2024-04-15T11:45:05","guid":{"rendered":"https:\/\/www.abf.se\/vasternorrland\/?page_id=508"},"modified":"2024-09-11T12:10:26","modified_gmt":"2024-09-11T10:10:26","slug":"fackliga-kurser","status":"publish","type":"page","link":"https:\/\/www.abf.se\/vasternorrland\/fackliga-kurser\/","title":{"rendered":"Fackliga kurser"},"content":{"rendered":"<div\n    class=\"acf-plain-heading-block container my-16\"\n    data-block=\"plain-heading-block\"\n>\n    <div class=\"max-w-[658px] mx-auto\">\n                <h1 class=\"hero-heading\"><span>Fackliga utbildningar<\/span><\/h1>\n                    <\/div>\n<\/div>\n<div class=\"container-lg mb-6\">\n    <div class=\"md:pl-6 flex flex-row gap-1 items-center mt-6 body-m flex-wrap gap-y-2\">\n<span class=\"flex flex-row gap items-center gap-x-1\">\n         <a class=\"label-sm md:label-md text-red-dark font-[350] underline\" href=\"https:\/\/www.abf.se\/vasternorrland\/\"\n        >\n        Hem\n    <\/a>\n\n<\/span>\n<span class=\"flex flex-row gap items-center gap-x-1\">\n         <svg width=\"14\" height=\"15\" viewBox=\"0 0 14 15\" fill=\"none\" xmlns=\"http:\/\/www.w3.org\/2000\/svg\">\n<g id=\"fi:arrow-up\">\n<path id=\"Vector\" d=\"M5.01823 3.41669L9.10156 7.50002L5.01823 11.5834\" stroke=\"#909090\"\/>\n<\/g>\n<\/svg>\n\n        <a class=\"label-sm md:label-md text-red-dark font-[350] font-medium\" href=\"\"\n         aria-current=\"page\" >\n        Fackliga kurser\n    <\/a>\n\n<\/span>\n<\/div><\/div>\n<div\n    class=\"acf-text-image-block container my-12 md:my-15\"\n    data-block=\"text-image-block\"\n>\n    <div\n    class=\"flex flex-col items-center md:flex-row gap-8 md:gap-0 justify-between\">\n                        <div class=\"w-full md:w-1\/2 md:order-2\">\n            <picture><img decoding=\"async\" src=\"https:\/\/www.abf.se\/vasternorrland\/resized\/?url=https%3A%2F%2Fwww.abf.se%2Fwp-content%2Fuploads%2Fsites%2F56%2F2024%2F05%2Ffackligt-mote.jpeg&#038;fit=crop&#038;w=578&#038;s=8de0518559ac55916999c00f19ade219\" srcset=\"https:\/\/www.abf.se\/vasternorrland\/resized\/?url=https%3A%2F%2Fwww.abf.se%2Fwp-content%2Fuploads%2Fsites%2F56%2F2024%2F05%2Ffackligt-mote.jpeg&#038;fit=crop&#038;w=144&#038;h=126&#038;s=80f27f6c4ba1957680b619da2a3c71f5 144w, https:\/\/www.abf.se\/vasternorrland\/resized\/?url=https%3A%2F%2Fwww.abf.se%2Fwp-content%2Fuploads%2Fsites%2F56%2F2024%2F05%2Ffackligt-mote.jpeg&#038;fit=crop&#038;w=240&#038;h=211&#038;s=abfc4d1fc5b442114616a54f44ed8162 240w, https:\/\/www.abf.se\/vasternorrland\/resized\/?url=https%3A%2F%2Fwww.abf.se%2Fwp-content%2Fuploads%2Fsites%2F56%2F2024%2F05%2Ffackligt-mote.jpeg&#038;fit=crop&#038;w=288&#038;h=253&#038;s=fb26726d0f3fb5bf93882284e162cf7a 288w, https:\/\/www.abf.se\/vasternorrland\/resized\/?url=https%3A%2F%2Fwww.abf.se%2Fwp-content%2Fuploads%2Fsites%2F56%2F2024%2F05%2Ffackligt-mote.jpeg&#038;fit=crop&#038;w=336&#038;h=295&#038;s=c1442d1a1316827afe10b403679ec908 336w, https:\/\/www.abf.se\/vasternorrland\/resized\/?url=https%3A%2F%2Fwww.abf.se%2Fwp-content%2Fuploads%2Fsites%2F56%2F2024%2F05%2Ffackligt-mote.jpeg&#038;fit=crop&#038;w=432&#038;h=380&#038;s=0df48cb80682c6a37e59626c4e263dc2 432w, https:\/\/www.abf.se\/vasternorrland\/resized\/?url=https%3A%2F%2Fwww.abf.se%2Fwp-content%2Fuploads%2Fsites%2F56%2F2024%2F05%2Ffackligt-mote.jpeg&#038;fit=crop&#038;w=480&#038;h=422&#038;s=a75638f9b1ec19ebb8cd756ed5050319 480w, https:\/\/www.abf.se\/vasternorrland\/resized\/?url=https%3A%2F%2Fwww.abf.se%2Fwp-content%2Fuploads%2Fsites%2F56%2F2024%2F05%2Ffackligt-mote.jpeg&#038;fit=crop&#038;w=528&#038;h=464&#038;s=2a6bfc43607b2cb5197c7d4b0737facd 528w, https:\/\/www.abf.se\/vasternorrland\/resized\/?url=https%3A%2F%2Fwww.abf.se%2Fwp-content%2Fuploads%2Fsites%2F56%2F2024%2F05%2Ffackligt-mote.jpeg&#038;fit=crop&#038;w=578&#038;h=509&#038;s=633196689032d4e3ae5459f8071cda37 578w, https:\/\/www.abf.se\/vasternorrland\/resized\/?url=https%3A%2F%2Fwww.abf.se%2Fwp-content%2Fuploads%2Fsites%2F56%2F2024%2F05%2Ffackligt-mote.jpeg&#038;fit=crop&#038;w=672&#038;h=591&#038;s=4b4299504bcafb7b87525cb826080bc5 672w, https:\/\/www.abf.se\/vasternorrland\/resized\/?url=https%3A%2F%2Fwww.abf.se%2Fwp-content%2Fuploads%2Fsites%2F56%2F2024%2F05%2Ffackligt-mote.jpeg&#038;fit=crop&#038;w=864&#038;h=760&#038;s=4319193133a7fc8b30af237289824134 864w, https:\/\/www.abf.se\/vasternorrland\/resized\/?url=https%3A%2F%2Fwww.abf.se%2Fwp-content%2Fuploads%2Fsites%2F56%2F2024%2F05%2Ffackligt-mote.jpeg&#038;fit=crop&#038;w=1056&#038;h=929&#038;s=8092fc1ef6a20a8ec4060b1e0ffc50a8 1056w\" alt=\"c\" height=\"509\" width=\"578\" sizes=\"auto, (max-width: 768px) 100vw,\n                (max-width: 1280px) 50vw, 578px\" loading=\"lazy\" fetchpriority=\"low\" \/><\/picture>\n\n        <\/div>\n        \n        <div class=\"w-full md:w-1\/2 md:order-1\">\n        <div class=\"mx-auto md:max-w-[368px]\">\n            <h2 class=\"heading-lg\"><\/h2>\n            <div class=\"mb-6 mt-4 wysiwyg\">\n                <p class=\"p2\">ABF V\u00e4sternorrland erbjuder i samarbete med LO olika former av fackliga kurser. V\u00e5ra kurser kan ske b\u00e5de fysiskt eller digitalt. P\u00e5 LO,s webbsida hittar du <a href=\"https:\/\/www.lo.se\/start\/verksamhet\/facklig_utbildning\/fackliga_utbildningar_for_dig\" target=\"_blank\" rel=\"noopener\">fackliga utbildningar som v\u00e4nder sig till dig utifr\u00e5n din fackliga tillh\u00f6righe<\/a>t, var du bor i landet, samt om du har fackligt uppdrag eller inte. Din studieorganisat\u00f6r kan ge dig mer information om de fackliga utbildningarna.<\/p>\n<p>Genom fackliga kurser ges arbetstagare m\u00f6jlighet att utveckla sig sj\u00e4lva b\u00e5de professionellt och personligt. Kurserna kan omfatta allt fr\u00e5n arbetsr\u00e4tt och f\u00f6rhandlingsteknik till arbetsmilj\u00f6 och ledarskap. De \u00e4r utformade f\u00f6r att vara relevanta f\u00f6r arbetstagarnas behov och f\u00f6r att hj\u00e4lpa dem att hantera de utmaningar de m\u00f6ter i sina arbetsliv.<\/p>\n<p>Har du fr\u00e5gor kontakta oss!<\/p>\n<p><a href=\"https:\/\/fakta.lo.se\/hitta-ditt-fackforbund\/\" target=\"_blank\" rel=\"noopener\">Hitta ditt fackf\u00f6rbund h\u00e4r!<\/a><\/p>\n\n            <\/div>\n                    <\/div>\n        <\/div>\n    <\/div>\n<\/div>","protected":false},"excerpt":{"rendered":"","protected":false},"author":95,"featured_media":0,"parent":0,"menu_order":0,"comment_status":"closed","ping_status":"closed","template":"","meta":{"_acf_changed":false,"footnotes":""},"class_list":["post-508","page","type-page","status-publish","hentry"],"acf":[],"yoast_head":"<!-- This site is optimized with the Yoast SEO plugin v27.0 - https:\/\/yoast.com\/product\/yoast-seo-wordpress\/ -->\n<title>Fackliga kurser - V\u00e4sternorrland<\/title>\n<meta name=\"robots\" content=\"index, follow, max-snippet:-1, max-image-preview:large, max-video-preview:-1\" \/>\n<link rel=\"canonical\" href=\"https:\/\/www.abf.se\/vasternorrland\/fackliga-kurser\/\" \/>\n<meta property=\"og:locale\" content=\"sv_SE\" \/>\n<meta property=\"og:type\" content=\"article\" \/>\n<meta property=\"og:title\" content=\"Fackliga kurser - V\u00e4sternorrland\" \/>\n<meta property=\"og:url\" content=\"https:\/\/www.abf.se\/vasternorrland\/fackliga-kurser\/\" \/>\n<meta property=\"og:site_name\" content=\"V\u00e4sternorrland\" \/>\n<meta property=\"article:modified_time\" content=\"2024-09-11T10:10:26+00:00\" \/>\n<meta property=\"og:image\" content=\"https:\/\/www.abf.se\/wp-content\/uploads\/sites\/56\/2024\/04\/Nyckeln-liggande-scaled.jpg\" \/>\n\t<meta property=\"og:image:width\" content=\"2560\" \/>\n\t<meta property=\"og:image:height\" content=\"1440\" \/>\n\t<meta property=\"og:image:type\" content=\"image\/jpeg\" \/>\n<meta name=\"twitter:card\" content=\"summary_large_image\" \/>\n<script type=\"application\/ld+json\" class=\"yoast-schema-graph\">{\"@context\":\"https:\/\/schema.org\",\"@graph\":[{\"@type\":\"WebPage\",\"@id\":\"https:\/\/www.abf.se\/vasternorrland\/fackliga-kurser\/\",\"url\":\"https:\/\/www.abf.se\/vasternorrland\/fackliga-kurser\/\",\"name\":\"Fackliga kurser - V\u00e4sternorrland\",\"isPartOf\":{\"@id\":\"https:\/\/www.abf.se\/vasternorrland\/#website\"},\"datePublished\":\"2024-04-15T11:45:05+00:00\",\"dateModified\":\"2024-09-11T10:10:26+00:00\",\"breadcrumb\":{\"@id\":\"https:\/\/www.abf.se\/vasternorrland\/fackliga-kurser\/#breadcrumb\"},\"inLanguage\":\"sv-SE\",\"potentialAction\":[{\"@type\":\"ReadAction\",\"target\":[\"https:\/\/www.abf.se\/vasternorrland\/fackliga-kurser\/\"]}]},{\"@type\":\"BreadcrumbList\",\"@id\":\"https:\/\/www.abf.se\/vasternorrland\/fackliga-kurser\/#breadcrumb\",\"itemListElement\":[{\"@type\":\"ListItem\",\"position\":1,\"name\":\"Home\",\"item\":\"https:\/\/www.abf.se\/vasternorrland\/\"},{\"@type\":\"ListItem\",\"position\":2,\"name\":\"Fackliga kurser\"}]},{\"@type\":\"WebSite\",\"@id\":\"https:\/\/www.abf.se\/vasternorrland\/#website\",\"url\":\"https:\/\/www.abf.se\/vasternorrland\/\",\"name\":\"V\u00e4sternorrland\",\"description\":\"\",\"potentialAction\":[{\"@type\":\"SearchAction\",\"target\":{\"@type\":\"EntryPoint\",\"urlTemplate\":\"https:\/\/www.abf.se\/vasternorrland\/?s={search_term_string}\"},\"query-input\":{\"@type\":\"PropertyValueSpecification\",\"valueRequired\":true,\"valueName\":\"search_term_string\"}}],\"inLanguage\":\"sv-SE\"}]}<\/script>\n<!-- \/ Yoast SEO plugin. -->","yoast_head_json":{"title":"Fackliga kurser - V\u00e4sternorrland","robots":{"index":"index","follow":"follow","max-snippet":"max-snippet:-1","max-image-preview":"max-image-preview:large","max-video-preview":"max-video-preview:-1"},"canonical":"https:\/\/www.abf.se\/vasternorrland\/fackliga-kurser\/","og_locale":"sv_SE","og_type":"article","og_title":"Fackliga kurser - V\u00e4sternorrland","og_url":"https:\/\/www.abf.se\/vasternorrland\/fackliga-kurser\/","og_site_name":"V\u00e4sternorrland","article_modified_time":"2024-09-11T10:10:26+00:00","og_image":[{"width":2560,"height":1440,"url":"https:\/\/www.abf.se\/wp-content\/uploads\/sites\/56\/2024\/04\/Nyckeln-liggande-scaled.jpg","type":"image\/jpeg"}],"twitter_card":"summary_large_image","schema":{"@context":"https:\/\/schema.org","@graph":[{"@type":"WebPage","@id":"https:\/\/www.abf.se\/vasternorrland\/fackliga-kurser\/","url":"https:\/\/www.abf.se\/vasternorrland\/fackliga-kurser\/","name":"Fackliga kurser - V\u00e4sternorrland","isPartOf":{"@id":"https:\/\/www.abf.se\/vasternorrland\/#website"},"datePublished":"2024-04-15T11:45:05+00:00","dateModified":"2024-09-11T10:10:26+00:00","breadcrumb":{"@id":"https:\/\/www.abf.se\/vasternorrland\/fackliga-kurser\/#breadcrumb"},"inLanguage":"sv-SE","potentialAction":[{"@type":"ReadAction","target":["https:\/\/www.abf.se\/vasternorrland\/fackliga-kurser\/"]}]},{"@type":"BreadcrumbList","@id":"https:\/\/www.abf.se\/vasternorrland\/fackliga-kurser\/#breadcrumb","itemListElement":[{"@type":"ListItem","position":1,"name":"Home","item":"https:\/\/www.abf.se\/vasternorrland\/"},{"@type":"ListItem","position":2,"name":"Fackliga kurser"}]},{"@type":"WebSite","@id":"https:\/\/www.abf.se\/vasternorrland\/#website","url":"https:\/\/www.abf.se\/vasternorrland\/","name":"V\u00e4sternorrland","description":"","potentialAction":[{"@type":"SearchAction","target":{"@type":"EntryPoint","urlTemplate":"https:\/\/www.abf.se\/vasternorrland\/?s={search_term_string}"},"query-input":{"@type":"PropertyValueSpecification","valueRequired":true,"valueName":"search_term_string"}}],"inLanguage":"sv-SE"}]}},"_links":{"self":[{"href":"https:\/\/www.abf.se\/vasternorrland\/wp-json\/wp\/v2\/pages\/508","targetHints":{"allow":["GET"]}}],"collection":[{"href":"https:\/\/www.abf.se\/vasternorrland\/wp-json\/wp\/v2\/pages"}],"about":[{"href":"https:\/\/www.abf.se\/vasternorrland\/wp-json\/wp\/v2\/types\/page"}],"author":[{"embeddable":true,"href":"https:\/\/www.abf.se\/vasternorrland\/wp-json\/wp\/v2\/users\/95"}],"replies":[{"embeddable":true,"href":"https:\/\/www.abf.se\/vasternorrland\/wp-json\/wp\/v2\/comments?post=508"}],"version-history":[{"count":19,"href":"https:\/\/www.abf.se\/vasternorrland\/wp-json\/wp\/v2\/pages\/508\/revisions"}],"predecessor-version":[{"id":834,"href":"https:\/\/www.abf.se\/vasternorrland\/wp-json\/wp\/v2\/pages\/508\/revisions\/834"}],"wp:attachment":[{"href":"https:\/\/www.abf.se\/vasternorrland\/wp-json\/wp\/v2\/media?parent=508"}],"curies":[{"name":"wp","href":"https:\/\/api.w.org\/{rel}","templated":true}]}}